{"id":26508,"date":"2018-04-29T09:05:15","date_gmt":"2018-04-29T09:05:15","guid":{"rendered":"https:\/\/www.sisinternational.com\/?page_id=26508"},"modified":"2025-09-13T23:46:22","modified_gmt":"2025-09-14T03:46:22","slug":"etude-de-marche-sur-lindustrie-du-covoiturage","status":"publish","type":"page","link":"https:\/\/www.sisinternational.com\/fr\/competence\/etude-de-marche-sur-lindustrie-du-covoiturage\/","title":{"rendered":"\u00c9tude de march\u00e9 sur le covoiturage"},"content":{"rendered":"<h1 class=\"wp-block-heading p1\"><span class=\"s1\">\u00c9tude de march\u00e9 sur le covoiturage<\/span><\/h1>\n\n\n\n<figure class=\"gb-block-image gb-block-image-7bd8e25b\"><img loading=\"lazy\" decoding=\"async\" width=\"1456\" height=\"816\" class=\"gb-image gb-image-7bd8e25b\" src=\"https:\/\/www.sisinternational.com\/wp-content\/uploads\/2025\/08\/Luxury-car-6.jpg\" alt=\"\u00c9tudes de march\u00e9 et strat\u00e9gie internationales SIS\" title=\"Luxury car (6)\" srcset=\"https:\/\/www.sisinternational.com\/wp-content\/uploads\/2025\/08\/Luxury-car-6.jpg 1456w, https:\/\/www.sisinternational.com\/wp-content\/uploads\/2025\/08\/Luxury-car-6-300x168.jpg 300w, https:\/\/www.sisinternational.com\/wp-content\/uploads\/2025\/08\/Luxury-car-6-1024x574.jpg 1024w, https:\/\/www.sisinternational.com\/wp-content\/uploads\/2025\/08\/Luxury-car-6-768x430.jpg 768w, https:\/\/www.sisinternational.com\/wp-content\/uploads\/2025\/08\/Luxury-car-6-18x10.jpg 18w\" sizes=\"auto, (max-width: 1456px) 100vw, 1456px\"><\/figure>\n\n\n\n<p class=\"p2\"><span class=\"s1\">Ride Sharing is a transportation model that has become popular in major cities worldwide. Passengers download an app to their smartphone.&nbsp; The passenger then requests a ride, and a nearby driver will accept the request.&nbsp; The transaction is done through an app that manages the fare, payment and tip.&nbsp; Passengers can leave reviews.&nbsp; Ride Sharing apps have gained widespread popularity and have the <a href=\"https:\/\/www.sisinternational.com\/fr\/venezuela-oil-mining-industry-potential-strategic-forecast-2026-2036\/\" title=\"Venezuela Oil &amp; Mining Industry Potential: Strategic Forecast 2026-2036\"  data-wpil-monitor-id=\"9647\">potential to disrupt the transport industry<\/a> and consumer daily habits.<\/span><\/p>\n\n\n\n<h2 class=\"wp-block-heading p3\"><span class=\"s1\">Le covoiturage est en plein essor<\/span><\/h2>\n\n\n\n<p class=\"p5\"><span class=\"s1\">Le covoiturage a pris d\u2019assaut le monde. Le concept remonte aux ann\u00e9es 1940, \u00e9poque \u00e0 laquelle il y avait une p\u00e9nurie de gaz. Elle a refait surface dans les ann\u00e9es 1970, lors des crises \u00e9nerg\u00e9tique et p\u00e9troli\u00e8re. Le 21<\/span><span class=\"s2\"><sup>St<\/sup><\/span><span class=\"s1\"> si\u00e8cle a donn\u00e9 naissance \u00e0 une technologie haut de gamme. Ces innovations ont transform\u00e9 notre vision du covoiturage. Aujourd&#039;hui, faire un trajet est devenu plus facile gr\u00e2ce aux applications pour smartphone. Le covoiturage exploite \u00e9galement les m\u00e9dias sociaux, les services en ligne et les outils de navigation GPS.&nbsp;<\/span><\/p>\n\n\n\n<p>The business model innovations that Ridesharing companies developed were a realtime marketplace of riders and drivers that match supply and demand, and an innovative mobile payment system.&nbsp; Companiesmatch supply and demand in real-time, using GPS, mobile apps, payments technologies and passenger reviews.<\/p>\n\n\n\n<p class=\"p5\"><span class=\"s1\">The Ridesharing industry is booming worldwide.&nbsp; The evidence is the explosive growth of rideshare companies over the past few years.&nbsp; The industry has hundreds of thousands of drivers. It also has millions of users and billions in venture capital funding. In big <a href=\"https:\/\/www.sisinternational.com\/fr\/solutions\/groupes-de-discussion\/installations-de-groupe-de-discussion-a-new-york\/\" title=\"Installations des groupes de discussion de la ville de New York\"  data-wpil-monitor-id=\"9644\">cities like New York<\/a> and Boston, ridesharing use is causing taxi medallions to drop in price.<\/span><\/p>\n\n\n\n<p class=\"p2\"><span class=\"s1\">De nombreuses personnes consid\u00e8rent Lyft, Uber et d\u2019autres services de covoiturage comme des alternatives aux taxis. C&#039;est quelque chose d&#039;enti\u00e8rement nouveau qui transforme la vie et la culture. Dans certaines villes, il \u00e9tait quasiment impossible d\u2019appeler un taxi dans la rue. La possibilit\u00e9 de demander un service de voiture et de le rendre disponible en quelques minutes change la vie.<\/span><\/p>\n\n\n\n<h2 class=\"wp-block-heading p6\"><span class=\"s1\">Transformer les services de taxi et de transport traditionnels<\/span><\/h2>\n\n\n\n<p class=\"p2\"><span class=\"s1\">Un groupe plus large de personnes adopte d\u00e9sormais le covoiturage. Les grandes villes souffrent de niveaux sans pr\u00e9c\u00e9dent de pollution atmosph\u00e9rique et d\u2019autres types de pollution. Beaucoup sont \u00e9galement confront\u00e9s \u00e0 la d\u00e9sint\u00e9gration de la structure routi\u00e8re et moins de personnes utilisent les syst\u00e8mes de transport en commun. Ces probl\u00e8mes poussent les gouvernements \u00e0 faire plus que s\u2019occuper des conducteurs solitaires. L\u2019industrie du covoiturage affecte les \u00e9conomies et la culture du monde entier.<\/span><\/p>\n\n\n\n<p class=\"p2\"><span class=\"s1\">Vehicle ownership may decline in the coming years. Ridesharing will take up a more significant share in the transportation pie.&nbsp; In the US, people may postpone buying a car because they have access to the Uber and Lyft services.&nbsp; As the ridesharing industry grows, spinoffs are likely. Examples include courier <a href=\"https:\/\/www.sisinternational.com\/fr\/industrie-de-la-restauration\/\" title=\"Pleins feux sur l&#039;industrie de la restauration 2011\"  data-wpil-monitor-id=\"9645\">services and food<\/a> delivery. Ridesharing also provides a solution to people who would not have been able to afford to own a car. It&#8217;s also a boon to those who cannot afford to use a taxi <a href=\"https:\/\/www.sisinternational.com\/fr\/solutions\/recherche-de-conseil-en-strategie-fintech\/conseil-en-approvisionnement-en-services-financiers-2\/\" title=\"Conseil en approvisionnement en services financiers\"  data-wpil-monitor-id=\"9646\">service as their primary source<\/a> of transport. <\/span><\/p>\n\n\n\n<p class=\"p2\"><span class=\"s1\">Le covoiturage devient un compl\u00e9ment populaire au covoiturage. L&#039;autopartage est destin\u00e9 aux cas o\u00f9 les gens ont besoin d&#039;une voiture \u00e0 court terme. Ce mod\u00e8le est logique pour les citadins, qui ont tendance \u00e0 utiliser leur v\u00e9hicule seulement environ quatre pour cent du temps. La plan\u00e8te en profite \u00e9galement car de nombreuses flottes d\u2019autopartage incluent des voitures \u00e9lectriques. Ces flottes sont \u00e9galement mieux entretenues et plus r\u00e9centes que le v\u00e9hicule priv\u00e9 moyen. Ces facteurs r\u00e9duisent encore davantage l\u2019impact environnemental de l\u2019\u00e9conomie du partage.<\/span><\/p>\n\n\n\n<h2 class=\"wp-block-heading p3\"><span class=\"s1\">Exp\u00e9rience client de covoiturage<\/span><\/h2>\n\n\n\n<p class=\"p5\"><span class=\"s1\">Ridesharing <a href=\"https:\/\/www.sisinternational.com\/fr\/recherche-qualitative-pour-ameliorer-lexperience-client\/\" title=\"Recherche qualitative pour am\u00e9liorer l&#039;exp\u00e9rience client\"  data-wpil-monitor-id=\"9642\">enhances the customer experience<\/a> uniquely. After the ride, the customer rates the driver from 1 to 5 stars. The rating then goes on the driver\u2019s record and will show up the next time he or she offers to pick someone up. Lyft drivers with a score of 4.8 or lower are at risk of redundancy. For Uber, this number is 4.6.<\/span><\/p>\n\n\n\n<p class=\"p5\"><span class=\"s1\">Customer experience in ridesharing is relevant. Marketers can apply the lessons learned to other sharing <a href=\"https:\/\/www.sisinternational.com\/fr\/creation-dorgue-par-imprimantes-3d\/\" title=\"\u00c9tude de march\u00e9 sur la cr\u00e9ation d\u2019organes et les imprimantes 3D\"  data-wpil-monitor-id=\"9641\">markets such as healthcare<\/a>. Sharing platforms can also show how people buy and sell goods. Apart from customer experience, ridesharing has tremendous social benefits. This platform enhances mobility in cities everywhere.<\/span><\/p>\n\n\n\n<h2 class=\"wp-block-heading\">Notre travail<\/h2>\n\n\n\n<p>SIS has conducted many <a href=\"https:\/\/www.sisinternational.com\/fr\/etudes-de-cas\/\" title=\"\u00c9tudes de cas\"  data-wpil-monitor-id=\"9640\">market research studies<\/a>, interviews and Focus Groups with drivers and passengers.&nbsp; We have also conducted numerous market assessments, strategy research and <a href=\"https:\/\/www.sisinternational.com\/fr\/solutions\/etude-de-marche-internationale-sur-la-croissance-des-entreprises\/\" title=\"\u00c9tude de march\u00e9 internationale sur la croissance des entreprises\"  data-wpil-monitor-id=\"9643\">growth<\/a> research studies.<\/p>\n\n\n\n<h2 class=\"wp-block-heading\"><a href=\"https:\/\/www.sisinternational.com\/fr\/about-sis\/contact-sis-international-market-research\/\">Contactez-nous pour votre prochain projet d\u2019\u00e9tude de march\u00e9 sur le covoiturage.<\/a><\/h2>","protected":false},"excerpt":{"rendered":"<p>Le covoiturage est un mod\u00e8le de transport devenu populaire dans les grandes villes du monde. <\/p>","protected":false},"author":1,"featured_media":65031,"parent":14514,"menu_order":27,"comment_status":"closed","ping_status":"closed","template":"","meta":{"footnotes":""},"class_list":["post-26508","page","type-page","status-publish","has-post-thumbnail"],"_links":{"self":[{"href":"https:\/\/www.sisinternational.com\/fr\/wp-json\/wp\/v2\/pages\/26508","targetHints":{"allow":["GET"]}}],"collection":[{"href":"https:\/\/www.sisinternational.com\/fr\/wp-json\/wp\/v2\/pages"}],"about":[{"href":"https:\/\/www.sisinternational.com\/fr\/wp-json\/wp\/v2\/types\/page"}],"author":[{"embeddable":true,"href":"https:\/\/www.sisinternational.com\/fr\/wp-json\/wp\/v2\/users\/1"}],"replies":[{"embeddable":true,"href":"https:\/\/www.sisinternational.com\/fr\/wp-json\/wp\/v2\/comments?post=26508"}],"version-history":[{"count":5,"href":"https:\/\/www.sisinternational.com\/fr\/wp-json\/wp\/v2\/pages\/26508\/revisions"}],"predecessor-version":[{"id":81607,"href":"https:\/\/www.sisinternational.com\/fr\/wp-json\/wp\/v2\/pages\/26508\/revisions\/81607"}],"up":[{"embeddable":true,"href":"https:\/\/www.sisinternational.com\/fr\/wp-json\/wp\/v2\/pages\/14514"}],"wp:featuredmedia":[{"embeddable":true,"href":"https:\/\/www.sisinternational.com\/fr\/wp-json\/wp\/v2\/media\/65031"}],"wp:attachment":[{"href":"https:\/\/www.sisinternational.com\/fr\/wp-json\/wp\/v2\/media?parent=26508"}],"curies":[{"name":"wp","href":"https:\/\/api.w.org\/{rel}","templated":true}]}}