{"id":24285,"date":"2018-02-20T16:50:41","date_gmt":"2018-02-20T16:50:41","guid":{"rendered":"https:\/\/www.sisinternational.com\/?page_id=24285"},"modified":"2025-09-11T00:49:25","modified_gmt":"2025-09-11T04:49:25","slug":"recherche-dagencement-de-magasin","status":"publish","type":"page","link":"https:\/\/www.sisinternational.com\/fr\/solutions\/solutions-de-branding-et-de-recherche-client\/recherche-dagencement-de-magasin\/","title":{"rendered":"Recherche d&#039;am\u00e9nagement de magasin"},"content":{"rendered":"<h1 class=\"wp-block-heading\">\u00c9tude de march\u00e9 sur l\u2019am\u00e9nagement des magasins<\/h1>\n\n\n\n<figure class=\"gb-block-image gb-block-image-d7b58587\"><img loading=\"lazy\" decoding=\"async\" width=\"1456\" height=\"816\" class=\"gb-image gb-image-d7b58587\" src=\"https:\/\/www.sisinternational.com\/wp-content\/uploads\/2025\/08\/Retail-26.jpg\" alt=\"\u00c9tudes de march\u00e9 et strat\u00e9gie internationales SIS\" title=\"Retail (26)\" srcset=\"https:\/\/www.sisinternational.com\/wp-content\/uploads\/2025\/08\/Retail-26.jpg 1456w, https:\/\/www.sisinternational.com\/wp-content\/uploads\/2025\/08\/Retail-26-300x168.jpg 300w, https:\/\/www.sisinternational.com\/wp-content\/uploads\/2025\/08\/Retail-26-1024x574.jpg 1024w, https:\/\/www.sisinternational.com\/wp-content\/uploads\/2025\/08\/Retail-26-768x430.jpg 768w, https:\/\/www.sisinternational.com\/wp-content\/uploads\/2025\/08\/Retail-26-18x10.jpg 18w\" sizes=\"auto, (max-width: 1456px) 100vw, 1456px\"><\/figure>\n\n\n\n<p><\/p>\n\n\n\n<h2 class=\"wp-block-heading\">Les \u00e9tudes de march\u00e9 en magasin fournissent des informations approfondies sur la fa\u00e7on dont les magasins efficaces sont construits.<\/h2>\n\n\n\n<h3 class=\"wp-block-heading\">To develop more effective stores in the age of rising e-Commerce competition, it is important to understand the Store Layout, Product Placement, and In-Store Displays.<\/h3>\n\n\n\n<p>We provide in-store Consumer Intercepts, Ethnography, in-store interviews and Shop Alongs.&nbsp; We also test store concepts, displays and signage stimuli.&nbsp; This research can provide detailed insights to better understand the interactions of customers in retail environments. This can help to support in boosting sales, willingness to pay and boosting key performance metrics.<\/p>\n\n\n\n<h3 class=\"wp-block-heading\">Store Mapping are the actual design and &#8220;maps&#8221; of stores.\u00a0 We leverage software and technology to give retailers insight to what successful stores are doing to maximize sales and satisfaction.<\/h3>\n\n\n\n<p><a href=\"https:\/\/www.sisinternational.com\/fr\/contacter-sis-etude-de-marche-internationale\/\" title=\"Contactez-nous\"  data-wpil-monitor-id=\"8888\">Recherche internationale SIS<\/a> provides Store Mappings, which include:<\/p>\n\n\n\n<ul class=\"wp-block-list\">\n<li>Disposition du magasin<\/li>\n\n\n\n<li>Rayonnage<\/li>\n\n\n\n<li>Vari\u00e9t\u00e9 de produits<\/li>\n\n\n\n<li>Marques<\/li>\n\n\n\n<li>\u00c9tiquetage<\/li>\n\n\n\n<li>Comparaisons de prix<\/li>\n\n\n\n<li>Conception<\/li>\n\n\n\n<li>Couler<\/li>\n\n\n\n<li>Affichages<\/li>\n<\/ul>\n\n\n\n<p>We developed the method of <a href=\"https:\/\/www.sisinternational.com\/fr\/solutions\/solutions-de-branding-et-de-recherche-client\/cartographie-du-parcours-client\/\" title=\"Cartographie du parcours client\"  data-wpil-monitor-id=\"8892\">mapping stores by starting with interviewing customers<\/a> in their usual stores.\u00a0 Our skilled interviewers conduct shop-alongs to explore the common shopping routine.\u00a0 In addition, our experienced mappers create a sketch inside the store and rebuild the whole store with special software. The results provide a full store layout and the shopping route for every customer.<\/p>\n\n\n\n<p>Furthermore, this kind of <a href=\"https:\/\/www.sisinternational.com\/fr\/tools-and-resources-for-qualitative-market-research\/\" title=\"Tools and Resources for Qualitative Market Research\"  data-wpil-monitor-id=\"8890\">\u00e9tude de march\u00e9 qualitative<\/a> not just gives details about the store layout, the shopping process, and shopping behavior, but can although give insights about general store features like atmosphere, lightning, friendly and skilled staff, cleanliness, etc.<\/p>\n\n\n\n<p>La m\u00e9thode peut \u00eatre utilis\u00e9e dans divers contextes. Les plus courants sont les supermarch\u00e9s et les \u00e9piceries, les magasins de d\u00e9tail, les pharmacies et les centres commerciaux.<\/p>\n\n\n\n<ul class=\"wp-block-list\">\n<li>Nous disposons d\u2019intervieweurs qualifi\u00e9s et de cartographes form\u00e9s, qui poss\u00e8dent une grande exp\u00e9rience dans la reconstruction de magasins.<\/li>\n\n\n\n<li>Nous pouvons effectuer des mappages de magasins rapidement et de mani\u00e8re approfondie.<\/li>\n\n\n\n<li>Nos services sont rentables.<\/li>\n\n\n\n<li>We as an international <a href=\"https:\/\/www.sisinternational.com\/fr\/societe-mondiale-de-recherche-quantitative-de-marche-de-premier-plan\/\" title=\"Soci\u00e9t\u00e9 mondiale de recherche quantitative sur le march\u00e9 de premier plan\"  data-wpil-monitor-id=\"8893\">company are able to map stores globally<\/a>.<\/li>\n<\/ul>\n\n\n\n<h3 class=\"wp-block-heading\">Exemples en action<\/h3>\n\n\n\n<p><strong>Tester les affichages en magasin et les vitrines<\/strong><\/p>\n\n\n\n<p>SIS was commissioned by a European global skin care <a href=\"https:\/\/www.sisinternational.com\/fr\/etude-de-marche-sur-les-parfums-de-luxe\/\" title=\"\u00c9tude de march\u00e9 sur les parfums de luxe\"  data-wpil-monitor-id=\"8889\">brand to do store layout market research<\/a>, particularly during the Christmas season.\u00a0 The brand was experimenting with different store displays at its Flagship store in NYC to attract customers.\u00a0 SIS <a href=\"https:\/\/www.sisinternational.com\/fr\/how-to-conduct-in-depth-interviews-for-market-insights\/\" title=\"Comment mener des entretiens approfondis pour obtenir des informations sur le march\u00e9\"  data-wpil-monitor-id=\"8891\">conducted Shop Alongs and In-Depth Interviews<\/a> with consumers, tested the design concepts, and presented the recommendations.\u00a0 Our client mentioned that they experienced a double-digit growth in sales from the following year.<\/p>\n\n\n\n<p><strong><a href=\"https:\/\/www.sisinternational.com\/fr\/solutions\/etude-de-marche-sur-les-cheques-en-magasin\/\" title=\"\u00c9tude de march\u00e9 sur le contr\u00f4le des magasins\"  data-wpil-monitor-id=\"8894\">Recherche sur la conception de l&#039;am\u00e9nagement du magasin<\/a><\/strong><\/p>\n\n\n\n<p>SIS also rapidly conducted store layout research and innovated a method to rapidly do so.&nbsp; As our clients are interested in rapid insights, we <a href=\"https:\/\/www.sisinternational.com\/fr\/solutions\/groupes-de-discussion\/des-groupes-de-discussion-a-new-york-pour-tester-des-produits-destines-aux-seniors\/\" title=\"Tirer parti des groupes de discussion de New York pour tester des produits destin\u00e9s aux seniors \u00a0\"  data-wpil-monitor-id=\"8895\">leverage new software products<\/a> and technologies to gain pricing information and detailed layout information of stores and products within stores.<\/p>\n\n\n\n<p><\/p>","protected":false},"excerpt":{"rendered":"<p>D\u00e9couvrez comment la cartographie de l&#039;am\u00e9nagement du magasin peut maximiser les profits et la satisfaction des clients.<\/p>","protected":false},"author":1,"featured_media":62501,"parent":14650,"menu_order":8,"comment_status":"closed","ping_status":"closed","template":"","meta":{"footnotes":""},"class_list":["post-24285","page","type-page","status-publish","has-post-thumbnail"],"_links":{"self":[{"href":"https:\/\/www.sisinternational.com\/fr\/wp-json\/wp\/v2\/pages\/24285","targetHints":{"allow":["GET"]}}],"collection":[{"href":"https:\/\/www.sisinternational.com\/fr\/wp-json\/wp\/v2\/pages"}],"about":[{"href":"https:\/\/www.sisinternational.com\/fr\/wp-json\/wp\/v2\/types\/page"}],"author":[{"embeddable":true,"href":"https:\/\/www.sisinternational.com\/fr\/wp-json\/wp\/v2\/users\/1"}],"replies":[{"embeddable":true,"href":"https:\/\/www.sisinternational.com\/fr\/wp-json\/wp\/v2\/comments?post=24285"}],"version-history":[{"count":5,"href":"https:\/\/www.sisinternational.com\/fr\/wp-json\/wp\/v2\/pages\/24285\/revisions"}],"predecessor-version":[{"id":81492,"href":"https:\/\/www.sisinternational.com\/fr\/wp-json\/wp\/v2\/pages\/24285\/revisions\/81492"}],"up":[{"embeddable":true,"href":"https:\/\/www.sisinternational.com\/fr\/wp-json\/wp\/v2\/pages\/14650"}],"wp:featuredmedia":[{"embeddable":true,"href":"https:\/\/www.sisinternational.com\/fr\/wp-json\/wp\/v2\/media\/62501"}],"wp:attachment":[{"href":"https:\/\/www.sisinternational.com\/fr\/wp-json\/wp\/v2\/media?parent=24285"}],"curies":[{"name":"wp","href":"https:\/\/api.w.org\/{rel}","templated":true}]}}