{"id":24010,"date":"2018-02-17T21:19:28","date_gmt":"2018-02-17T21:19:28","guid":{"rendered":"https:\/\/www.sisinternational.com\/?page_id=24010"},"modified":"2026-01-25T16:52:27","modified_gmt":"2026-01-25T21:52:27","slug":"market_research_in_new_jersey","status":"publish","type":"page","link":"https:\/\/www.sisinternational.com\/fr\/couverture\/north-america\/couverture-des-etats-unis\/market_research_in_new_jersey\/","title":{"rendered":"\u00c9tude de march\u00e9 dans le New Jersey"},"content":{"rendered":"<h1 class=\"wp-block-heading\">\u00c9tude de march\u00e9 dans le New Jersey<\/h1>\n\n\n\n<figure class=\"gb-block-image gb-block-image-954f35b5\"><img loading=\"lazy\" decoding=\"async\" width=\"1456\" height=\"816\" class=\"gb-image gb-image-954f35b5\" src=\"https:\/\/www.sisinternational.com\/wp-content\/uploads\/2025\/09\/New-Jersey-2.jpg\" alt=\"\u00c9tudes de march\u00e9 et strat\u00e9gie internationales SIS\" title=\"New Jersey (2)\" srcset=\"https:\/\/www.sisinternational.com\/wp-content\/uploads\/2025\/09\/New-Jersey-2.jpg 1456w, https:\/\/www.sisinternational.com\/wp-content\/uploads\/2025\/09\/New-Jersey-2-300x168.jpg 300w, https:\/\/www.sisinternational.com\/wp-content\/uploads\/2025\/09\/New-Jersey-2-1024x574.jpg 1024w, https:\/\/www.sisinternational.com\/wp-content\/uploads\/2025\/09\/New-Jersey-2-768x430.jpg 768w, https:\/\/www.sisinternational.com\/wp-content\/uploads\/2025\/09\/New-Jersey-2-18x10.jpg 18w\" sizes=\"auto, (max-width: 1456px) 100vw, 1456px\"><\/figure>\n\n\n\n<p><\/p>\n\n\n\n<hr class=\"wp-block-separator has-alpha-channel-opacity is-style-dots\"\/>\n\n\n\n<h2 class=\"wp-block-heading\"><span style=\"font-weight: 400;\">Les \u00e9tudes de march\u00e9 dans le New Jersey sont un outil essentiel pour les entreprises qui souhaitent naviguer dans ce paysage concurrentiel, d\u00e9couvrir des opportunit\u00e9s et stimuler la croissance. <\/span><\/h2>\n\n\n\n<p><span style=\"font-weight: 400;\">L\u2019\u00e9tude de march\u00e9 dans le New Jersey est un \u00e9l\u00e9ment crucial de toute strat\u00e9gie commerciale\u2026 Mais qu\u2019implique-t-elle exactement et pourquoi est-elle si importante ? Les entreprises peuvent obtenir des informations exploitables qui \u00e9clairent leurs strat\u00e9gies et stimulent la croissance en comprenant le march\u00e9 local, y compris les pr\u00e9f\u00e9rences des consommateurs, le comportement d&#039;achat et le paysage concurrentiel.<\/span><span style=\"font-weight: 400;\">&nbsp;<\/span><\/p>\n\n\n\n<h2 class=\"wp-block-heading\"><span style=\"font-weight: 400;\">Qu\u2019est-ce qu\u2019une \u00e9tude de march\u00e9 dans le New Jersey ? Pourquoi c&#039;est important?<\/span><\/h2>\n\n\n\n<p><span style=\"font-weight: 400;\"><a href=\"https:\/\/www.sisinternational.com\/fr\/couverture\/leurope-%ef%83%97\/etude-de-marche-jersey-europe\/\" title=\"Etude de march\u00e9 \u00e0 Jersey, Europe\"  data-wpil-monitor-id=\"3764\">Etude de march\u00e9 dans le New Jersey<\/a> encompasses a range of methodologies and strategies aimed at understanding the unique dynamics of the state&#8217;s diverse market. This process involves collecting and analyzing data about consumer behaviors, market trends, and competitive landscapes. <\/span><\/p>\n\n\n\n<h2 class=\"wp-block-heading\"><span style=\"font-weight: 400;\">Avantages de l&#039;\u00e9tude de march\u00e9 dans le New Jersey<\/span><\/h2>\n\n\n\n<p><span style=\"font-weight: 400;\">Les \u00e9tudes de march\u00e9 dans le New Jersey offrent de nombreux avantages qui peuvent avoir un impact significatif sur le succ\u00e8s d&#039;une entreprise. Avant de plonger dans les avantages sp\u00e9cifiques, il est essentiel de comprendre que ces avantages d\u00e9coulent des informations compl\u00e8tes et des conseils strat\u00e9giques des \u00e9tudes de march\u00e9.<\/span><\/p>\n\n\n\n<ul class=\"wp-block-list\">\n<li><b>Prise de d\u00e9cision \u00e9clair\u00e9e\u00a0:<\/b><span style=\"font-weight: 400;\"> Les \u00e9tudes de march\u00e9 dans le New Jersey fournissent aux entreprises des informations bas\u00e9es sur des donn\u00e9es, leur permettant de prendre des d\u00e9cisions \u00e9clair\u00e9es concernant leurs strat\u00e9gies et leurs op\u00e9rations.<\/span><\/li>\n\n\n\n<li><b>Avantage comp\u00e9titif:<\/b><span style=\"font-weight: 400;\"> En comprenant le paysage concurrentiel, les entreprises peuvent d\u00e9velopper des strat\u00e9gies qui les diff\u00e9rencient de leurs concurrents.<\/span><\/li>\n\n\n\n<li><b>Connaissance du client:<\/b><span style=\"font-weight: 400;\"> Les \u00e9tudes de march\u00e9 dans le New Jersey fournissent des informations d\u00e9taill\u00e9es sur les pr\u00e9f\u00e9rences et les comportements des clients, aidant ainsi les entreprises \u00e0 adapter leurs offres pour r\u00e9pondre \u00e0 la demande du march\u00e9.<\/span><\/li>\n\n\n\n<li><b>Att\u00e9nuation des risques:<\/b><span style=\"font-weight: 400;\"> L&#039;analyse des tendances du march\u00e9 et des risques potentiels permet aux entreprises de d\u00e9velopper des strat\u00e9gies pour att\u00e9nuer ces risques et \u00e9viter des erreurs co\u00fbteuses.<\/span><\/li>\n\n\n\n<li><b>Opportunit\u00e9s de march\u00e9\u00a0:<\/b> L&#039;identification des tendances et opportunit\u00e9s \u00e9mergentes permet aux entreprises de capitaliser sur de nouveaux segments de march\u00e9 et de stimuler la croissance.<\/li>\n<\/ul>\n\n\n\n<h2 class=\"wp-block-heading\"><span style=\"font-weight: 400;\">Qui utilise les \u00e9tudes de march\u00e9 dans le New Jersey ?<\/span><\/h2>\n\n\n\n<p><b>Grandes entreprises<\/b><span style=\"font-weight: 400;\"> s&#039;appuient souvent sur des \u00e9tudes de march\u00e9 pour mieux comprendre le comportement des consommateurs, la dynamique concurrentielle et les tendances \u00e9mergentes, leur permettant ainsi de garder une longueur d&#039;avance sur la concurrence.&nbsp;<\/span><\/p>\n\n\n\n<p><b>Petites et moyennes entreprises (PME)<\/b><span style=\"font-weight: 400;\"> b\u00e9n\u00e9ficient \u00e9galement grandement des \u00e9tudes de march\u00e9 dans le New Jersey. Pour ces entreprises, les \u00e9tudes de march\u00e9 fournissent des donn\u00e9es cruciales qui les aident \u00e0 comprendre leur public cible, \u00e0 optimiser leurs efforts marketing et \u00e0 identifier de nouvelles opportunit\u00e9s de croissance.<\/span><\/p>\n\n\n\n<p><b>Associations \u00e0 but non lucratif<\/b><span style=\"font-weight: 400;\"> et <\/span><b>organismes gouvernementaux<\/b><span style=\"font-weight: 400;\"> dans le New Jersey, utilisent les \u00e9tudes de march\u00e9 pour mieux comprendre les communaut\u00e9s qu&#039;elles servent et pour d\u00e9velopper des programmes et des politiques qui r\u00e9pondent aux besoins et aux pr\u00e9f\u00e9rences de leurs populations cibles.&nbsp;<\/span><\/p>\n\n\n\n<h2 class=\"wp-block-heading\"><span style=\"font-weight: 400;\">Notre analyse actuelle du march\u00e9 et nos recommandations<\/span><\/h2>\n\n\n\n<p><span style=\"font-weight: 400;\">We believe that New Jersey&#8217;s market is rapidly evolving. Trends such as the increasing adoption of technology, changing consumer preferences, and the rise of e-commerce are shaping the business landscape.\u00a0<\/span><\/p>\n\n\n\n<p><span style=\"font-weight: 400;\">Les perspectives d&#039;avenir du march\u00e9 du New Jersey sont prometteuses, avec une croissance \u00e9conomique et une innovation continues attendues. Les entreprises qui investissent dans la compr\u00e9hension de la dynamique du march\u00e9 et dans l\u2019adaptation aux changements seront bien plac\u00e9es pour prosp\u00e9rer. Nous pr\u00e9voyons une concurrence accrue, ce qui rendra crucial pour les entreprises de se diff\u00e9rencier gr\u00e2ce \u00e0 des produits et services innovants.<\/span><\/p>\n\n\n\n<h2 class=\"wp-block-heading\"><span style=\"font-weight: 400;\">R\u00e9sultats attendus de l&#039;\u00e9tude de march\u00e9 de SIS dans le New Jersey<\/span><\/h2>\n\n\n\n<figure class=\"gb-block-image gb-block-image-06debd50\"><img loading=\"lazy\" decoding=\"async\" width=\"1456\" height=\"816\" class=\"gb-image gb-image-06debd50\" src=\"https:\/\/www.sisinternational.com\/wp-content\/uploads\/2025\/09\/New-Jersey-3.jpg\" alt=\"\u00c9tudes de march\u00e9 et strat\u00e9gie internationales SIS\" title=\"New Jersey (3)\" srcset=\"https:\/\/www.sisinternational.com\/wp-content\/uploads\/2025\/09\/New-Jersey-3.jpg 1456w, https:\/\/www.sisinternational.com\/wp-content\/uploads\/2025\/09\/New-Jersey-3-300x168.jpg 300w, https:\/\/www.sisinternational.com\/wp-content\/uploads\/2025\/09\/New-Jersey-3-1024x574.jpg 1024w, https:\/\/www.sisinternational.com\/wp-content\/uploads\/2025\/09\/New-Jersey-3-768x430.jpg 768w, https:\/\/www.sisinternational.com\/wp-content\/uploads\/2025\/09\/New-Jersey-3-18x10.jpg 18w\" sizes=\"auto, (max-width: 1456px) 100vw, 1456px\"><\/figure>\n\n\n\n<p><\/p>\n\n\n\n<p><span style=\"font-weight: 400;\">S&#039;engager dans une \u00e9tude de march\u00e9 avec SIS International pr\u00e9sente plusieurs avantages cl\u00e9s, notamment\u00a0:<\/span><\/p>\n\n\n\n<ul class=\"wp-block-list\">\n<li><b>Prise de d\u00e9cision am\u00e9lior\u00e9e\u00a0:<\/b><span style=\"font-weight: 400;\"> Les \u00e9tudes de march\u00e9 dans le New Jersey fournissent aux entreprises des donn\u00e9es et des informations solides, leur permettant de prendre des d\u00e9cisions \u00e9clair\u00e9es.<\/span><\/li>\n\n\n\n<li><b>Position concurrentielle am\u00e9lior\u00e9e\u00a0:<\/b><span style=\"font-weight: 400;\"> En comprenant le paysage concurrentiel, les entreprises peuvent d\u00e9velopper des strat\u00e9gies qui les distinguent.<\/span><\/li>\n\n\n\n<li><b>Une plus grande satisfaction client\u00a0:<\/b><span style=\"font-weight: 400;\"> Les informations sur les pr\u00e9f\u00e9rences et les comportements des clients permettent aux entreprises d&#039;adapter leurs offres pour r\u00e9pondre \u00e0 la demande du march\u00e9.<\/span><\/li>\n\n\n\n<li><b>Gestion des risques:<\/b><span style=\"font-weight: 400;\"> L&#039;identification des risques et des d\u00e9fis potentiels aide les entreprises \u00e0 d\u00e9velopper des strat\u00e9gies pour les att\u00e9nuer efficacement.<\/span><\/li>\n\n\n\n<li><b>L&#039;expansion du march\u00e9:<\/b><span style=\"font-weight: 400;\"> Comprendre les tendances et les opportunit\u00e9s du march\u00e9 permet aux entreprises d&#039;explorer de nouveaux segments de march\u00e9 et de stimuler la croissance.<\/span><\/li>\n\n\n\n<li><b>Innovation:<\/b><span style=\"font-weight: 400;\"> Les \u00e9tudes de march\u00e9 favorisent l&#039;innovation en mettant en \u00e9vidence les besoins non satisfaits et les tendances \u00e9mergentes, guidant ainsi le d\u00e9veloppement de nouveaux produits et services.<\/span><\/li>\n<\/ul>\n\n\n\n<h2 class=\"wp-block-heading\"><span style=\"font-weight: 400;\">Principales attractions touristiques du New Jersey<\/span><\/h2>\n\n\n\n<p><span style=\"font-weight: 400;\">Le New Jersey poss\u00e8de diverses attractions touristiques qui attirent des visiteurs du monde entier. Ces attractions mettent en valeur la riche histoire et le patrimoine culturel de l&#039;\u00c9tat et contribuent de mani\u00e8re significative \u00e0 son \u00e9conomie.<\/span><\/p>\n\n\n\n<ul class=\"wp-block-list\">\n<li><b>Atlantic City:<\/b><span style=\"font-weight: 400;\"> Connue pour sa promenade anim\u00e9e, sa vie nocturne anim\u00e9e et ses casinos de classe mondiale, Atlantic City est une destination touristique majeure proposant des activit\u00e9s de divertissement et de loisirs.<\/span><\/li>\n\n\n\n<li><b>Parc d&#039;\u00c9tat de la Libert\u00e9\u00a0:<\/b><span style=\"font-weight: 400;\"> Situ\u00e9 \u00e0 Jersey City, ce parc offre une vue imprenable sur la Statue de la Libert\u00e9 et Ellis Island. C&#039;est un endroit populaire pour les pique-niques, la p\u00eache et l&#039;exploration de monuments historiques.<\/span><\/li>\n\n\n\n<li><b>Cap May\u00a0:<\/b><span style=\"font-weight: 400;\"> Cette ville baln\u00e9aire est c\u00e9l\u00e8bre pour son architecture victorienne, ses plages immacul\u00e9es et sa sc\u00e8ne artistique dynamique. Il attire les visiteurs toute l&#039;ann\u00e9e avec son m\u00e9lange unique d&#039;histoire et de beaut\u00e9 naturelle.<\/span><\/li>\n\n\n\n<li><b>La grande aventure Six Flags\u00a0:<\/b><span style=\"font-weight: 400;\"> Situ\u00e9 \u00e0 Jackson, ce parc d&#039;attractions abrite des man\u00e8ges palpitants, un parc safari et des attractions familiales, ce qui en fait une destination pr\u00e9f\u00e9r\u00e9e des amateurs d&#039;aventure.<\/span><\/li>\n\n\n\n<li><b>Universit\u00e9 de Princeton:<\/b><span style=\"font-weight: 400;\"> En tant que l&#039;une des universit\u00e9s les plus anciennes et les plus prestigieuses des \u00c9tats-Unis, l&#039;Universit\u00e9 de Princeton propose des visites guid\u00e9es de son campus historique, notamment de l&#039;embl\u00e9matique Nassau Hall et du mus\u00e9e d&#039;art de l&#039;universit\u00e9 de Princeton.<\/span><\/li>\n<\/ul>\n\n\n\n<h2 class=\"wp-block-heading\"><span style=\"font-weight: 400;\">Facteurs de march\u00e9<\/span><\/h2>\n\n\n\n<p><span style=\"font-weight: 400;\">L&#039;un des principaux moteurs du march\u00e9 du New Jersey est son <\/span><b>emplacement strat\u00e9gique<\/b><span style=\"font-weight: 400;\">. La proximit\u00e9 de grandes zones m\u00e9tropolitaines comme New York et Philadelphie permet aux entreprises d&#039;acc\u00e9der \u00e0 de vastes march\u00e9s de consommation, \u00e0 une main-d&#039;\u0153uvre qualifi\u00e9e et \u00e0 une excellente infrastructure de transport. Cette situation avantageuse favorise l\u2019activit\u00e9 \u00e9conomique et attire les investissements.<\/span><\/p>\n\n\n\n<p><span style=\"font-weight: 400;\">Un autre facteur cl\u00e9 est <\/span><b>innovation et technologie<\/b><span style=\"font-weight: 400;\">. Le New Jersey compte de nombreux p\u00f4les technologiques et instituts de recherche qui stimulent les progr\u00e8s dans divers secteurs, notamment les produits pharmaceutiques, la biotechnologie et les technologies de l&#039;information. Les entreprises qui tirent parti de ces innovations peuvent acqu\u00e9rir un avantage concurrentiel et stimuler leur croissance.<\/span><\/p>\n\n\n\n<p><b>Une main d\u2019\u0153uvre diversifi\u00e9e et comp\u00e9tente<\/b><span style=\"font-weight: 400;\"> est \u00e9galement un moteur important du march\u00e9. La main-d&#039;\u0153uvre du New Jersey est connue pour son haut niveau d&#039;\u00e9ducation et son expertise dans divers secteurs. Ce vivier de talents permet aux entreprises de maintenir des normes \u00e9lev\u00e9es de productivit\u00e9 et d\u2019innovation.<\/span><\/p>\n\n\n\n<p><span style=\"font-weight: 400;\">Enfin, <\/span><b>incitations et soutien du gouvernement<\/b><span style=\"font-weight: 400;\"> sont essentiels pour dynamiser le march\u00e9. Le New Jersey propose diverses incitations fiscales, subventions et programmes de soutien pour attirer et fid\u00e9liser les entreprises. Ces incitations contribuent \u00e0 r\u00e9duire les co\u00fbts op\u00e9rationnels et encouragent la croissance et l\u2019expansion des entreprises.<\/span><\/p>\n\n\n\n<h2 class=\"wp-block-heading\"><span style=\"font-weight: 400;\">Restrictions du march\u00e9<\/span><\/h2>\n\n\n\n<p><span style=\"font-weight: 400;\">Le <\/span><b>le co\u00fbt \u00e9lev\u00e9 de la vie et des affaires constitue une restriction. <\/b>La proximit\u00e9 de l&#039;\u00c9tat avec les principales zones m\u00e9tropolitaines contribue \u00e0 <span style=\"font-weight: 400;\">l&#039;immobilier, la main-d&#039;\u0153uvre et d&#039;autres d\u00e9penses op\u00e9rationnelles. Les entreprises doivent g\u00e9rer soigneusement leurs ressources et optimiser leurs op\u00e9rations pour rester comp\u00e9titives malgr\u00e9 ces co\u00fbts plus \u00e9lev\u00e9s.<\/span><\/p>\n\n\n\n<p><b>D\u00e9fis r\u00e9glementaires<\/b><span style=\"font-weight: 400;\"> constituent \u00e9galement une contrainte pour les entreprises du New Jersey. L\u2019\u00c9tat dispose d\u2019un environnement r\u00e9glementaire complexe, avec diverses lois et r\u00e9glementations auxquelles les entreprises doivent se conformer. S&#039;y retrouver dans ces r\u00e9glementations peut s&#039;av\u00e9rer long et co\u00fbteux, en particulier pour les petites entreprises qui ne disposent pas des ressources n\u00e9cessaires pour g\u00e9rer des exigences de conformit\u00e9 \u00e9tendues.<\/span><\/p>\n\n\n\n<p><b>Concours<\/b><span style=\"font-weight: 400;\"> est une autre contrainte majeure. L&#039;emplacement strat\u00e9gique et les opportunit\u00e9s \u00e9conomiques du New Jersey attirent de nombreuses entreprises, cr\u00e9ant ainsi un march\u00e9 hautement concurrentiel.<\/span><\/p>\n\n\n\n<h2 class=\"wp-block-heading\"><span style=\"font-weight: 400;\">\u00c9tude de march\u00e9 dans le New Jersey\u00a0: analyse SWOT&nbsp;<\/span><\/h2>\n\n\n\n<figure class=\"gb-block-image gb-block-image-849fcc4c\"><img loading=\"lazy\" decoding=\"async\" width=\"1456\" height=\"816\" class=\"gb-image gb-image-849fcc4c\" src=\"https:\/\/www.sisinternational.com\/wp-content\/uploads\/2025\/09\/New-Jersey-1.jpg\" alt=\"\u00c9tudes de march\u00e9 et strat\u00e9gie internationales SIS\" title=\"New Jersey (1)\" srcset=\"https:\/\/www.sisinternational.com\/wp-content\/uploads\/2025\/09\/New-Jersey-1.jpg 1456w, https:\/\/www.sisinternational.com\/wp-content\/uploads\/2025\/09\/New-Jersey-1-300x168.jpg 300w, https:\/\/www.sisinternational.com\/wp-content\/uploads\/2025\/09\/New-Jersey-1-1024x574.jpg 1024w, https:\/\/www.sisinternational.com\/wp-content\/uploads\/2025\/09\/New-Jersey-1-768x430.jpg 768w, https:\/\/www.sisinternational.com\/wp-content\/uploads\/2025\/09\/New-Jersey-1-18x10.jpg 18w\" sizes=\"auto, (max-width: 1456px) 100vw, 1456px\"><\/figure>\n\n\n\n<p><\/p>\n\n\n\n<p><span style=\"font-weight: 400;\">La r\u00e9alisation d&#039;une analyse SWOT aide les entreprises \u00e0 \u00e9valuer l&#039;attractivit\u00e9 du march\u00e9 du New Jersey en identifiant ses forces, ses faiblesses, ses opportunit\u00e9s et ses menaces. Cette analyse fournit un aper\u00e7u complet de l\u2019environnement du march\u00e9 et guide la planification strat\u00e9gique.<\/span><\/p>\n\n\n\n<p><strong>Forces:<\/strong><\/p>\n\n\n\n<p><span style=\"font-weight: 400;\">L&#039;emplacement strat\u00e9gique du New Jersey, sa main-d&#039;\u0153uvre qualifi\u00e9e et ses infrastructures robustes sont des atouts importants qui rendent le march\u00e9 attrayant pour les entreprises. La proximit\u00e9 de l&#039;\u00c9tat avec les grandes villes, ses vastes r\u00e9seaux de transport et son acc\u00e8s \u00e0 un vivier de talents diversifi\u00e9 offrent aux entreprises un avantage concurrentiel. De plus, les p\u00f4les d&#039;innovation et les instituts de recherche du New Jersey stimulent les progr\u00e8s technologiques et favorisent une culture de l&#039;innovation.<\/span><\/p>\n\n\n\n<p><strong>Faiblesses:<\/strong><\/p>\n\n\n\n<p><span style=\"font-weight: 400;\">The high cost of living and doing business, and regulatory challenges are notable weaknesses. These factors can increase operational costs and create barriers to entry for new businesses. Companies must develop strategies to manage these costs and navigate the regulatory landscape effectively.<\/span><\/p>\n\n\n\n<p><strong>Opportunit\u00e9s:<\/strong><\/p>\n\n\n\n<p><span style=\"font-weight: 400;\">Le New Jersey offre de nombreuses opportunit\u00e9s de croissance, notamment dans les domaines de la technologie, de la sant\u00e9 et des produits pharmaceutiques. Les tendances \u00e9mergentes dans ces secteurs, combin\u00e9es aux incitations et programmes de soutien gouvernementaux, cr\u00e9ent un environnement favorable \u00e0 l\u2019expansion des entreprises et \u00e0 l\u2019innovation. Les entreprises peuvent \u00e9galement explorer de nouveaux segments de march\u00e9 et tirer parti de la base de consommateurs diversifi\u00e9e de l&#039;\u00c9tat pour stimuler leur croissance.<\/span><\/p>\n\n\n\n<p><strong>Des menaces:<\/strong><\/p>\n\n\n\n<p><span style=\"font-weight: 400;\">La concurrence intense et les fluctuations \u00e9conomiques constituent des menaces importantes pour les entreprises du New Jersey. Les entreprises doivent rester vigilantes et adaptables pour garder une longueur d\u2019avance sur leurs concurrents et att\u00e9nuer l\u2019impact des ralentissements \u00e9conomiques. De plus, les changements r\u00e9glementaires et l\u2019\u00e9volution des conditions du march\u00e9 peuvent cr\u00e9er de l\u2019incertitude et des d\u00e9fis auxquels les entreprises doivent faire face.<\/span><\/p>\n\n\n\n<h2 class=\"wp-block-heading\"><span style=\"font-weight: 400;\">Comment l&#039;\u00e9tude de march\u00e9 de SIS International dans le New Jersey aide les entreprises<\/span><\/h2>\n\n\n\n<p><span style=\"font-weight: 400;\">Les services d&#039;\u00e9tudes de march\u00e9 de SIS International dans le New Jersey offrent un soutien complet aux entreprises, les aidant \u00e0 naviguer dans les complexit\u00e9s du march\u00e9 du New Jersey et \u00e0 atteindre leurs objectifs strat\u00e9giques. Notre expertise en \u00e9tudes de march\u00e9 fournit aux entreprises des informations pr\u00e9cieuses qui stimulent la croissance et l\u2019innovation.<\/span><\/p>\n\n\n\n<p><b>R\u00e9duction de risque:<\/b><span style=\"font-weight: 400;\">&nbsp;<\/span><\/p>\n\n\n\n<p><span style=\"font-weight: 400;\">R\u00e9aliser une \u00e9tude de march\u00e9 approfondie, <\/span><a href=\"https:\/\/twitter.com\/SISIntlResearch\" target=\"_blank\" rel=\"noopener\"><span style=\"font-weight: 400;\">SIS<\/span><\/a><span style=\"font-weight: 400;\"> aide les entreprises \u00e0 identifier les risques potentiels et \u00e0 \u00e9laborer des strat\u00e9gies d\u2019att\u00e9nuation. Comprendre la dynamique du march\u00e9 et le comportement des consommateurs permet aux entreprises de prendre des d\u00e9cisions \u00e9clair\u00e9es qui minimisent les incertitudes et am\u00e9liorent la stabilit\u00e9.<\/span><\/p>\n\n\n\n<p><b>Augmentation des revenus\u00a0:<\/b><span style=\"font-weight: 400;\">&nbsp;<\/span><\/p>\n\n\n\n<p><span style=\"font-weight: 400;\">Nos services d&#039;\u00e9tudes de march\u00e9 dans le New Jersey permettent aux entreprises de d\u00e9couvrir de nouvelles opportunit\u00e9s et d&#039;optimiser leurs strat\u00e9gies pour augmenter leurs revenus. En analysant les tendances du march\u00e9 et les pr\u00e9f\u00e9rences des clients, nous fournissons des informations exploitables qui aident les entreprises \u00e0 d\u00e9velopper des produits et services qui r\u00e9pondent \u00e0 la demande du march\u00e9.<\/span><\/p>\n\n\n\n<p><b>\u00c9conomies de co\u00fbts:<\/b><span style=\"font-weight: 400;\">&nbsp;<\/span><\/p>\n\n\n\n<p><span style=\"font-weight: 400;\">Les \u00e9tudes de march\u00e9 aident les entreprises \u00e0 rationaliser leurs op\u00e9rations et \u00e0 allouer leurs ressources plus efficacement. En comprenant les conditions du march\u00e9 et la dynamique concurrentielle, les entreprises peuvent \u00e9viter des erreurs co\u00fbteuses et se concentrer sur des initiatives \u00e0 fort impact qui stimulent la croissance.<\/span><\/p>\n\n\n\n<p><b>Gain de temps\u00a0:<\/b><span style=\"font-weight: 400;\">&nbsp;<\/span><\/p>\n\n\n\n<p><span style=\"font-weight: 400;\"><a href=\"https:\/\/www.linkedin.com\/company\/sisinternationalresearch\/\" target=\"_blank\" rel=\"noopener\">SIS International<\/a>L&#039;expertise et les ressources de permettent aux entreprises de mener des \u00e9tudes de march\u00e9 plus efficacement. Nos analyses compl\u00e8tes et nos recommandations strat\u00e9giques font gagner du temps et des efforts aux entreprises, leur permettant de se concentrer sur leurs op\u00e9rations principales et leurs initiatives strat\u00e9giques.<\/span><\/p>\n\n\n\n<p><b>Croissance et innovation acc\u00e9l\u00e9r\u00e9es\u00a0:<\/b><span style=\"font-weight: 400;\">&nbsp;<\/span><\/p>\n\n\n\n<p><span style=\"font-weight: 400;\">En tirant parti de nos services d\u2019\u00e9tudes de march\u00e9, les entreprises peuvent garder une longueur d\u2019avance sur les tendances du march\u00e9 et stimuler l\u2019innovation. Notre connaissance des opportunit\u00e9s \u00e9mergentes et des besoins des consommateurs guide le d\u00e9veloppement de nouveaux produits et services qui alimentent la croissance et am\u00e9liorent la comp\u00e9titivit\u00e9.<\/span><\/p>\n\n\n\n<p><b>Retour sur investissement am\u00e9lior\u00e9\u00a0:<\/b><span style=\"font-weight: 400;\">&nbsp;<\/span><\/p>\n\n\n\n<p><span style=\"font-weight: 400;\">Nous offrons aux entreprises un retour sur investissement \u00e9lev\u00e9 en fournissant des informations exploitables qui guident la prise de d\u00e9cision strat\u00e9gique. Les entreprises peuvent optimiser leurs strat\u00e9gies de marketing, de d\u00e9veloppement de produits et op\u00e9rationnelles pour obtenir de meilleurs r\u00e9sultats et une rentabilit\u00e9 plus \u00e9lev\u00e9e.<\/span><\/p>\n\n\n\n<h2 class=\"wp-block-heading\"><span style=\"font-weight: 400;\">\u00c0 propos de SIS International<\/span><\/h2>\n\n\n\n<p><a href=\"https:\/\/www.sisinternational.com\/fr\/\"><span style=\"font-weight: 400;\">SIS International<\/span><\/a><span style=\"font-weight: 400;\"> propose des recherches quantitatives, qualitatives et strat\u00e9giques. Nous fournissons des donn\u00e9es, des outils, des strat\u00e9gies, des rapports et des informations pour la prise de d\u00e9cision. Nous menons \u00e9galement des entretiens, des enqu\u00eates, des groupes de discussion et d\u2019autres m\u00e9thodes et approches d\u2019\u00e9tudes de march\u00e9.<\/span><a href=\"https:\/\/www.sisinternational.com\/fr\/a-propos-de-la-recherche-internationale-sis\/contact-sis-international-market-research\/\"><span style=\"font-weight: 400;\"> Contactez nous<\/span><\/a><span style=\"font-weight: 400;\"> pour votre prochain projet d&#039;\u00e9tude de march\u00e9.<\/span><\/p>\n\n\n\n<h2 class=\"wp-block-heading\">&nbsp;<\/h2>","protected":false},"excerpt":{"rendered":"<p>SIS fournit des \u00e9tudes de march\u00e9 et des groupes de discussion dans le New Jersey avec une solide \u00e9quipe de travail sur le terrain et de collecte de donn\u00e9es, des installations et des ressources.<\/p>","protected":false},"author":1,"featured_media":66952,"parent":19303,"menu_order":6,"comment_status":"closed","ping_status":"closed","template":"","meta":{"footnotes":""},"class_list":["post-24010","page","type-page","status-publish","has-post-thumbnail"],"_links":{"self":[{"href":"https:\/\/www.sisinternational.com\/fr\/wp-json\/wp\/v2\/pages\/24010","targetHints":{"allow":["GET"]}}],"collection":[{"href":"https:\/\/www.sisinternational.com\/fr\/wp-json\/wp\/v2\/pages"}],"about":[{"href":"https:\/\/www.sisinternational.com\/fr\/wp-json\/wp\/v2\/types\/page"}],"author":[{"embeddable":true,"href":"https:\/\/www.sisinternational.com\/fr\/wp-json\/wp\/v2\/users\/1"}],"replies":[{"embeddable":true,"href":"https:\/\/www.sisinternational.com\/fr\/wp-json\/wp\/v2\/comments?post=24010"}],"version-history":[{"count":26,"href":"https:\/\/www.sisinternational.com\/fr\/wp-json\/wp\/v2\/pages\/24010\/revisions"}],"predecessor-version":[{"id":77956,"href":"https:\/\/www.sisinternational.com\/fr\/wp-json\/wp\/v2\/pages\/24010\/revisions\/77956"}],"up":[{"embeddable":true,"href":"https:\/\/www.sisinternational.com\/fr\/wp-json\/wp\/v2\/pages\/19303"}],"wp:featuredmedia":[{"embeddable":true,"href":"https:\/\/www.sisinternational.com\/fr\/wp-json\/wp\/v2\/media\/66952"}],"wp:attachment":[{"href":"https:\/\/www.sisinternational.com\/fr\/wp-json\/wp\/v2\/media?parent=24010"}],"curies":[{"name":"wp","href":"https:\/\/api.w.org\/{rel}","templated":true}]}}