{"id":22531,"date":"2019-07-06T18:23:19","date_gmt":"2019-07-06T18:23:19","guid":{"rendered":"https:\/\/www.sisinternational.com\/?p=22531"},"modified":"2026-01-26T18:08:32","modified_gmt":"2026-01-26T23:08:32","slug":"intelligence-artificielle","status":"publish","type":"page","link":"https:\/\/www.sisinternational.com\/fr\/solutions\/ai-etudes-de-marche-et-conseil-en-strategie\/intelligence-artificielle\/","title":{"rendered":"\u00c9tude de march\u00e9 sur l\u2019intelligence artificielle"},"content":{"rendered":"<h1 class=\"wp-block-heading\">\u00c9tude de march\u00e9 sur l\u2019intelligence artificielle<\/h1>\n\n\n\n<figure class=\"gb-block-image gb-block-image-9d14d326\"><img loading=\"lazy\" decoding=\"async\" width=\"1456\" height=\"816\" class=\"gb-image gb-image-9d14d326\" src=\"https:\/\/www.sisinternational.com\/wp-content\/uploads\/2025\/08\/AI-11.jpg\" alt=\"\u00c9tudes de march\u00e9 et strat\u00e9gie internationales SIS\" title=\"AI (11)\" srcset=\"https:\/\/www.sisinternational.com\/wp-content\/uploads\/2025\/08\/AI-11.jpg 1456w, https:\/\/www.sisinternational.com\/wp-content\/uploads\/2025\/08\/AI-11-300x168.jpg 300w, https:\/\/www.sisinternational.com\/wp-content\/uploads\/2025\/08\/AI-11-1024x574.jpg 1024w, https:\/\/www.sisinternational.com\/wp-content\/uploads\/2025\/08\/AI-11-768x430.jpg 768w, https:\/\/www.sisinternational.com\/wp-content\/uploads\/2025\/08\/AI-11-18x10.jpg 18w\" sizes=\"auto, (max-width: 1456px) 100vw, 1456px\"><\/figure>\n\n\n\n<p><\/p>\n\n\n\n<h2 class=\"wp-block-heading p3\"><span class=\"s1\">L\u2019intelligence artificielle est un sujet tr\u00e8s d\u00e9battu ces jours-ci, mais ce n\u2019est pas nouveau.<\/span><\/h2>\n\n\n\n<p class=\"p3\"><span class=\"s1\">La culture populaire refl\u00e8te notre fascination pour l&#039;IA depuis des ann\u00e9es dans des films tels que 2001 : L&#039;Odyss\u00e9e de l&#039;espace, Moi, Robot et, assez logiquement, AI.<span class=\"Apple-converted-space\">&nbsp; <\/span>Alors, qu\u2019est-ce que l\u2019intelligence artificielle exactement ? C&#039;est ici, c&#039;est l&#039;avenir, et pour certaines personnes, cela semble un peu effrayant.<\/span><\/p>\n\n\n\n<h2 class=\"wp-block-heading\">La gen\u00e8se de l&#039;IA<\/h2>\n\n\n\n<p class=\"p3\"><span class=\"s1\">John McCarthy \u00e9tait un scientifique tr\u00e8s r\u00e9put\u00e9 \u00e0 Stanford et au MIT. Il a concoct\u00e9 le nom d\u2019intelligence artificielle en 1955, la d\u00e9finissant comme \u00ab la science et l\u2019ing\u00e9nierie permettant de fabriquer des machines intelligentes \u00bb.<\/span><\/p>\n\n\n\n<p class=\"p4\"><span class=\"s3\">Les origines de notre intrigue avec l\u2019intelligence artificielle remontent bien au-del\u00e0 de l\u2019av\u00e8nement de l\u2019\u00e8re informatique moderne. Vers 2\u00a0500 avant JC, les anciens \u00c9gyptiens consultaient parfois des statues pour mieux comprendre leur sagesse d\u2019un autre monde. Aujourd&#039;hui, un \u00e9norme buste de <i>R\u00e9-Harmakis<\/i> dans un mus\u00e9e du Caire, &quot;<\/span><span class=\"s4\">r\u00e9v\u00e8le le secret de son g\u00e9nie : une ouverture au niveau de la nuque juste assez grande pour contenir un pr\u00eatre.<\/span><\/p>\n\n\n\n<p class=\"p5\"><span class=\"s1\">D&#039;autres inventions r\u00e9volutionnaires, telles que le moteur analytique de Charles Babbage en 1833, ont ouvert la voie \u00e0 l&#039;informatique contemporaine et \u00e0 ce que l&#039;on appelle d\u00e9sormais l&#039;intelligence artificielle. En 1948, \u00e0 l\u2019aube de l\u2019\u00e8re num\u00e9rique, le d\u00e9cor semblait pr\u00eat pour le progr\u00e8s rapide de l\u2019IA. L\u2019informaticien britannique Alan Turing a fait sourciller de nombreux sourcils dans la communaut\u00e9 scientifique et au-del\u00e0 avec son article \u00ab Machines intelligentes \u00bb, \u00ab ne voyant aucune objection \u00e0 un syst\u00e8me fonctionnel \u00bb. , machine \u00e0 penser d\u2019ici la fin du si\u00e8cle.<\/span><\/p>\n\n\n\n<p class=\"p5\"><span class=\"s1\">Les premiers ordinateurs encombrants tels que l&#039;UNIVAC 1 ont c\u00e9d\u00e9 la place \u00e0 d&#039;autres, comme celui d&#039;IBM. <i>Bleu profond<\/i>, le premier programme d&#039;\u00e9checs informatique qui s&#039;est effectivement d\u00e9barrass\u00e9 de tous les challengers humains.&nbsp;<\/span><\/p>\n\n\n\n<h2 class=\"wp-block-heading\">L&#039;IA aujourd&#039;hui<\/h2>\n\n\n\n<p class=\"p5\"><span class=\"s1\">Aujourd\u2019hui, de grandes entreprises telles que Microsoft, Amazon et Google ont d\u00e9j\u00e0 investi massivement dans l\u2019IA pour am\u00e9liorer la technologie des moteurs de recherche et fournir aux utilisateurs des cyber-assistants viables. Naturellement, l\u2019intelligence artificielle est exploit\u00e9e pour faire des choses utiles dans des domaines comme les soins de sant\u00e9, alors que les prestataires \u00ab exploitent les nouvelles technologies pour am\u00e9liorer les r\u00e9sultats et r\u00e9duire les co\u00fbts (avec) la disponibilit\u00e9 d\u2019ordinateurs moins chers et plus puissants \u00bb.<\/span><\/p>\n\n\n\n<p class=\"p5\"><span class=\"s1\"><i>Watson<\/i> est un ordinateur con\u00e7u sp\u00e9cifiquement pour r\u00e9pondre aux questions qui lui sont pr\u00e9sent\u00e9es dans un langage clair. Produit du projet Deep QA d&#039;IBM, Watson a \u00e9t\u00e9 d\u00e9velopp\u00e9 pour participer \u00e0 la populaire \u00e9mission de t\u00e9l\u00e9vision, <i>P\u00e9ril!<\/i> contre deux anciens champions. En fin de compte, Watson s&#039;est impos\u00e9 et a remport\u00e9 la comp\u00e9tition, avec un peu d&#039;aide des \u00ab 200 millions de pages de contenu structur\u00e9 et non structur\u00e9 consommant quatre pages \u00bb. <a href=\"https:\/\/en.wikipedia.org\/wiki\/Terabyte\" target=\"_blank\" rel=\"noopener\"><span class=\"s6\">t\u00e9raoctets<\/span><\/a> de <a href=\"https:\/\/en.wikipedia.org\/wiki\/Disk_storage\" target=\"_blank\" rel=\"noopener\"><span class=\"s6\">stockage sur disque<\/span><\/a> y compris le texte int\u00e9gral de <a href=\"https:\/\/en.wikipedia.org\/wiki\/Wikipedia\" target=\"_blank\" rel=\"noopener\"><span class=\"s6\">Wikip\u00e9dia<\/span><\/a> \u00e0 sa disposition. \u00bb<\/span><\/p>\n\n\n\n<p class=\"p5\"><span class=\"s1\">Capitalisant sur cette nouvelle prise de conscience du public quant aux capacit\u00e9s de Watson, IBM a introduit Watson en tant qu&#039;entit\u00e9 commerciale dans le secteur de la sant\u00e9, l&#039;utilisant par les infirmi\u00e8res du Memorial Sloan Kettering Cancer Center pour les aider dans les d\u00e9cisions importantes concernant les traitements du cancer du poumon.<\/span><\/p>\n\n\n\n<h2 class=\"wp-block-heading\">Qu\u2019est-ce que l\u2019\u00e9tude de march\u00e9 sur l\u2019intelligence artificielle ?<\/h2>\n\n\n\n<p><span style=\"font-weight: 400;\">L\u2019\u00e9tude de march\u00e9 sur l\u2019intelligence artificielle implique une analyse compl\u00e8te de la dynamique du march\u00e9 mondial entourant l\u2019intelligence artificielle (IA). Il comprend l\u2019\u00e9valuation de la taille du march\u00e9, des tendances de croissance, des cas d\u2019utilisation de l\u2019industrie, du paysage concurrentiel et des perspectives des technologies d\u2019IA.<\/span><\/p>\n\n\n\n<p><span style=\"font-weight: 400;\">De m\u00eame, les \u00e9tudes de march\u00e9 sur l\u2019intelligence artificielle impliquent \u00e9galement d\u2019examiner les secteurs d\u2019utilisation finale qui b\u00e9n\u00e9ficient de mani\u00e8re significative des applications de l\u2019IA. Il s\u2019agit notamment de la sant\u00e9, de l\u2019automobile, de la finance, de la vente au d\u00e9tail et de l\u2019industrie manufacturi\u00e8re, entre autres. La recherche vise \u00e0 fournir un aper\u00e7u de la mani\u00e8re dont l\u2019IA transforme ces industries, optimise les op\u00e9rations, am\u00e9liore l\u2019exp\u00e9rience client et stimule l\u2019innovation.<\/span><\/p>\n\n\n\n<p><span style=\"font-weight: 400;\">Un autre aspect crucial des \u00e9tudes de march\u00e9 sur l\u2019intelligence artificielle consiste \u00e0 comprendre les d\u00e9fis et les limites de l\u2019IA, notamment les consid\u00e9rations \u00e9thiques, les probl\u00e8mes de confidentialit\u00e9 des donn\u00e9es et l\u2019impact potentiel sur l\u2019emploi. Il examine \u00e9galement le paysage des investissements, les mod\u00e8les de financement et les initiatives strat\u00e9giques entreprises par les principaux acteurs du march\u00e9 dans le domaine de l\u2019IA.<\/span><\/p>\n\n\n\n<h2 class=\"wp-block-heading\">Utiliser l&#039;IA en entreprise<\/h2>\n\n\n\n<figure class=\"gb-block-image gb-block-image-24a30049\"><img loading=\"lazy\" decoding=\"async\" width=\"1456\" height=\"816\" class=\"gb-image gb-image-24a30049\" src=\"https:\/\/www.sisinternational.com\/wp-content\/uploads\/2025\/08\/AI-6.jpg\" alt=\"\u00c9tudes de march\u00e9 et strat\u00e9gie internationales SIS\" title=\"AI (6)\" srcset=\"https:\/\/www.sisinternational.com\/wp-content\/uploads\/2025\/08\/AI-6.jpg 1456w, https:\/\/www.sisinternational.com\/wp-content\/uploads\/2025\/08\/AI-6-300x168.jpg 300w, https:\/\/www.sisinternational.com\/wp-content\/uploads\/2025\/08\/AI-6-1024x574.jpg 1024w, https:\/\/www.sisinternational.com\/wp-content\/uploads\/2025\/08\/AI-6-768x430.jpg 768w, https:\/\/www.sisinternational.com\/wp-content\/uploads\/2025\/08\/AI-6-18x10.jpg 18w\" sizes=\"auto, (max-width: 1456px) 100vw, 1456px\"><\/figure>\n\n\n\n<p><\/p>\n\n\n\n<p class=\"p5\"><span class=\"s1\">Au-del\u00e0 du domaine m\u00e9dical, l\u2019IA est d\u00e9sormais utilis\u00e9e dans d\u2019autres domaines, tels que l\u2019application de la loi, la bourse, la recherche scientifique et l\u2019industrie du jouet. Nick Bostrum, de l&#039;Universit\u00e9 d&#039;Oxford, note\u00a0: \u00ab\u00a0Des milliers d\u2019applications d\u2019IA sont profond\u00e9ment ancr\u00e9es dans l\u2019infrastructure de chaque secteur.\u00a0\u00bb<\/span><\/p>\n\n\n\n<p class=\"p5\"><span class=\"s1\">L\u2019intelligence artificielle n\u2019est pas sans d\u00e9tracteurs. Stephen Hawking, physicien th\u00e9oricien anglais respect\u00e9, a d\u00e9clar\u00e9 publiquement : \u00ab L\u2019intelligence artificielle pourrait constituer un r\u00e9el danger dans un avenir pas trop lointain. \u00bb Il pense qu\u2019un jour, un robot pourrait \u00ab concevoir des am\u00e9liorations pour lui-m\u00eame et nous d\u00e9jouer tous \u00bb.<\/span><\/p>\n\n\n\n<p class=\"p6\"><span class=\"s4\">Physicien, Louis Del Monte, auteur de <i>La r\u00e9volution de l&#039;intelligence artificielle, <\/i>a r\u00e9cemment fait cette pr\u00e9diction alarmante concernant les progr\u00e8s rapides de l\u2019IA. <\/span><span class=\"s1\">\u00ab Entre 2040 et 2045, nous aurons d\u00e9velopp\u00e9 une ou plusieurs machines qui seront non seulement \u00e9quivalentes \u00e0 un esprit humain, mais aussi plus intelligentes que l\u2019ensemble de la race humaine r\u00e9unie. \u00bb<\/span><\/p>\n\n\n\n<h2 class=\"wp-block-heading\">Importance des \u00e9tudes de march\u00e9 sur l\u2019intelligence artificielle<\/h2>\n\n\n\n<p><span style=\"font-weight: 400;\">Les \u00e9tudes de march\u00e9 sur l\u2019intelligence artificielle sont cruciales pour se tenir au courant des progr\u00e8s technologiques rapides de l\u2019IA. Le domaine de l\u2019IA est diversifi\u00e9 et \u00e9volue rapidement, avec de nouveaux d\u00e9veloppements apparaissant \u00e0 un rythme rapide. Ainsi, rester inform\u00e9 de ces changements est essentiel pour que les entreprises et les organisations restent comp\u00e9titives et innovantes.<\/span><\/p>\n\n\n\n<p><span style=\"font-weight: 400;\">De plus, cette recherche joue un r\u00f4le cl\u00e9 dans l\u2019identification des tendances et applications \u00e9mergentes de l\u2019IA dans tous les secteurs. Il aide les entreprises \u00e0 comprendre comment l&#039;IA peut \u00eatre appliqu\u00e9e pour am\u00e9liorer leurs op\u00e9rations, de l&#039;automatisation des t\u00e2ches de routine \u00e0 la fourniture d&#039;analyses et d&#039;informations sophistiqu\u00e9es sur les donn\u00e9es. Les \u00e9tudes de march\u00e9 sur l\u2019intelligence artificielle aident \u00e9galement \u00e0 comprendre les d\u00e9fis et les risques potentiels associ\u00e9s \u00e0 l\u2019IA, tels que les consid\u00e9rations \u00e9thiques, les biais dans les algorithmes d\u2019IA et les menaces de cybers\u00e9curit\u00e9.&nbsp;<\/span><\/p>\n\n\n\n<p><span style=\"font-weight: 400;\">Cependant, il pr\u00e9sente de nombreux autres avantages, notamment :&nbsp;<\/span><\/p>\n\n\n\n<p><b>\u2022 Identification de nouvelles opportunit\u00e9s commerciales\u00a0: <\/b><span style=\"font-weight: 400;\">Cette recherche aide \u00e0 identifier de nouvelles opportunit\u00e9s o\u00f9 l\u2019IA peut \u00eatre exploit\u00e9e pour cr\u00e9er de la valeur. Les entreprises peuvent d\u00e9couvrir des march\u00e9s inexploit\u00e9s ou des applications innovantes de l\u2019IA qui peuvent conduire \u00e0 la croissance et \u00e0 la diversification de leur activit\u00e9.<\/span><\/p>\n\n\n\n<p><b>\u2022 Gestion et att\u00e9nuation des risques\u00a0: <\/b><span style=\"font-weight: 400;\">Les \u00e9tudes de march\u00e9 sur l\u2019intelligence artificielle donnent un aper\u00e7u des risques et des d\u00e9fis potentiels associ\u00e9s \u00e0 l\u2019IA, y compris les consid\u00e9rations \u00e9thiques, les pr\u00e9jug\u00e9s et les probl\u00e8mes de s\u00e9curit\u00e9 des donn\u00e9es.&nbsp;<\/span><\/p>\n\n\n\n<p><b>\u2022 D\u00e9veloppement de produits am\u00e9lior\u00e9\u00a0: <\/b>For technology developers and providers, artificial intelligence <a href=\"https:\/\/www.sisinternational.com\/fr\/le-besoin-de-veille-concurrentielle-dans-cette-recession\/\" title=\"Le besoin de veille concurrentielle en p\u00e9riode de r\u00e9cession\" data-wpil-monitor-id=\"7225\">\u00e9tude de march\u00e9<\/a> is crucial for creating products that meet market needs. It assists in understanding customer requirements and technological gaps, guiding the development of more effective AI solutions.<\/span><\/p>\n\n\n\n<p><b>\u2022 \u00c9laboration de politiques et conformit\u00e9 r\u00e9glementaire\u00a0: <\/b><span style=\"font-weight: 400;\">Pour les organismes de r\u00e9glementation et les d\u00e9cideurs politiques, comprendre le march\u00e9 de l\u2019IA est essentiel pour \u00e9laborer des politiques et des r\u00e9glementations efficaces qui r\u00e9gissent les technologies d\u2019IA, garantissant ainsi une utilisation responsable et \u00e9thique.<\/span><\/p>\n\n\n\n<p><b>\u2022 Informations sur les investissements et le financement\u00a0: <\/b><span style=\"font-weight: 400;\">Cette recherche est b\u00e9n\u00e9fique pour les investisseurs et les investisseurs en capital-risque. Il fournit un aper\u00e7u des domaines d\u2019investissement les plus prometteurs dans l\u2019IA, les aidant ainsi \u00e0 prendre des d\u00e9cisions \u00e9clair\u00e9es sur l\u2019affectation des fonds.<\/span><\/p>\n\n\n\n<h2 class=\"wp-block-heading\">Opportunit\u00e9s sur le march\u00e9 de l\u2019intelligence artificielle pour les entreprises<\/h2>\n\n\n\n<p><span style=\"font-weight: 400;\">Le <a href=\"https:\/\/www.sisinternational.com\/fr\/ladoption-de-lintelligence-artificielle-dans-les-petites-entreprises\/\" title=\"Adopter l&#039;intelligence artificielle (IA) dans les petites entreprises\" data-wpil-monitor-id=\"2796\">artificial intelligence market<\/a> presents a wealth of opportunities for businesses across a wide range of industries \u2013 and here are some key opportunities for businesses:<\/span><\/p>\n\n\n\n<p><b>\u2022 Rationalisation des op\u00e9rations et r\u00e9duction des co\u00fbts\u00a0: <\/b><span style=\"font-weight: 400;\">Les technologies d&#039;IA peuvent automatiser et optimiser divers processus commerciaux, de la gestion de la cha\u00eene d&#039;approvisionnement au service client. Cette automatisation rationalise non seulement les op\u00e9rations, mais r\u00e9duit \u00e9galement consid\u00e9rablement les co\u00fbts op\u00e9rationnels.<\/span><\/p>\n\n\n\n<p><b>\u2022 Am\u00e9liorer l&#039;analyse des donn\u00e9es et la prise de d\u00e9cision\u00a0: <\/b><span style=\"font-weight: 400;\">La capacit\u00e9 de l&#039;IA \u00e0 traiter et analyser de grands volumes de donn\u00e9es peut fournir aux entreprises des informations pr\u00e9cieuses, facilitant ainsi une prise de d\u00e9cision plus \u00e9clair\u00e9e et strat\u00e9gique. Cela peut \u00eatre particuli\u00e8rement b\u00e9n\u00e9fique dans des domaines tels que les \u00e9tudes de march\u00e9, l\u2019analyse financi\u00e8re et l\u2019analyse du comportement des clients.<\/span><\/p>\n\n\n\n<p><b>\u2022 Am\u00e9liorer l&#039;exp\u00e9rience client\u00a0: <\/b><span style=\"font-weight: 400;\">L&#039;IA peut personnaliser les interactions avec les clients et am\u00e9liorer le service client, depuis les chatbots qui fournissent une assistance client instantan\u00e9e jusqu&#039;\u00e0 la personnalisation bas\u00e9e sur l&#039;IA dans le commerce \u00e9lectronique.&nbsp;<\/span><\/p>\n\n\n\n<p><b>\u2022 Expansion sur de nouveaux march\u00e9s\u00a0: <\/b><span style=\"font-weight: 400;\">L\u2019IA peut permettre aux entreprises de se d\u00e9velopper sur de nouveaux march\u00e9s, y compris les march\u00e9s mondiaux, en surmontant les barri\u00e8res linguistiques, en pr\u00e9disant les tendances du march\u00e9 et en comprenant les comportements des consommateurs locaux.<\/span><\/p>\n\n\n\n<p><b>\u2022 Am\u00e9lioration de la s\u00e9curit\u00e9\u00a0: <\/b><span style=\"font-weight: 400;\">L\u2019IA peut am\u00e9liorer consid\u00e9rablement la s\u00e9curit\u00e9, depuis les solutions de cybers\u00e9curit\u00e9 qui prot\u00e8gent contre les cybermenaces sophistiqu\u00e9es jusqu\u2019aux syst\u00e8mes de s\u00e9curit\u00e9 physique qui utilisent la surveillance bas\u00e9e sur l\u2019IA.<\/span><\/p>\n\n\n\n<p><b>\u2022 Promouvoir des pratiques durables\u00a0: <\/b><span style=\"font-weight: 400;\">L\u2019IA peut \u00e9galement \u00eatre utilis\u00e9e pour promouvoir la durabilit\u00e9 dans les op\u00e9rations commerciales, comme l\u2019optimisation de la consommation d\u2019\u00e9nergie dans la fabrication ou l\u2019am\u00e9lioration des pratiques de gestion des d\u00e9chets.<\/span><\/p>\n\n\n\n<h2 class=\"wp-block-heading\">L&#039;avenir de l&#039;IA<\/h2>\n\n\n\n<p class=\"p7\"><span class=\"s1\">En v\u00e9rit\u00e9, l\u2019IA pourrait nous aider \u00e0 utiliser les donn\u00e9es d\u2019une mani\u00e8re que les humains ne pourraient jamais imaginer. Les possibilit\u00e9s s\u2019\u00e9largissent si l\u2019on consid\u00e8re la collaboration continue entre les instruments d\u2019intelligence artificielle et les humains qui les ont cr\u00e9\u00e9s. \u00c0 mesure que ces syst\u00e8mes \u00e9voluent et s\u2019am\u00e9liorent, l\u2019IA continuera \u00e0 \u00ab \u00eatre int\u00e9gr\u00e9e au tissu de notre vie quotidienne, nous aidant dans tout, de la prise de d\u00e9cision de base \u00e0 la conduite de nos voitures \u00bb.<\/span> <span class=\"s1\">En exploitant cette formidable source de connaissances en plein essor, la science-fiction du pass\u00e9 devient rapidement la passionnante r\u00e9alit\u00e9 d\u2019aujourd\u2019hui.<\/span><\/p>\n\n\n\n<h2 class=\"wp-block-heading\">Comment les \u00e9tudes de march\u00e9 aident<\/h2>\n\n\n\n<h3 class=\"wp-block-heading\">L\u2019\u00e9tude de march\u00e9 r\u00e9v\u00e8le des informations sur les \u00e9l\u00e9ments suivants\u00a0:<\/h3>\n\n\n\n<ul class=\"wp-block-list\">\n<li>Clients<\/li>\n\n\n\n<li>Entreprises<\/li>\n\n\n\n<li>Concurrents<\/li>\n\n\n\n<li>Des cha\u00eenes d&#039;approvisionnement<\/li>\n\n\n\n<li>March\u00e9s, industries et pays<\/li>\n<\/ul>\n\n\n\n<p>As AI is in the early stages of adoption in many industries, many clients prefer to conduct Customer Research, Product Testing, and <a href=\"https:\/\/www.sisinternational.com\/fr\/couverture\/les-ameriques\/couverture-des-etats-unis\/etude-de-marche-a-tampa-en-floride\/\" title=\"\u00c9tude de march\u00e9 \u00e0 Tampa, Floride\" data-wpil-monitor-id=\"4147\">Recherche d&#039;opportunit\u00e9s de march\u00e9<\/a>.<\/p>\n\n\n\n<h2 class=\"wp-block-heading\">Solutions SIS\u00a0: \u00e9tude de march\u00e9 sur l&#039;intelligence artificielle<\/h2>\n\n\n\n<h4 class=\"wp-block-heading\">SIS utilise une approche globale et int\u00e9gr\u00e9e en Intelligence Artificielle<\/h4>\n\n\n\n<p>We provide insights into global market dynamics, including market size assessments, growth trends, and competitive landscapes. Our researchers conduct strategic analyses to turn information into actionable insights, helping clients consider artificial <a href=\"https:\/\/www.sisinternational.com\/fr\/solutions\/conseil-en-strategie\/connaissance-du-marche\/\" title=\"Connaissance du march\u00e9\" data-wpil-monitor-id=\"6755\">intelligence with a full market<\/a> view. Our solutions include:<\/p>\n\n\n\n<ul class=\"wp-block-list\">\n<li>Recherche client<\/li>\n\n\n\n<li>Analyse comp\u00e9titive<\/li>\n\n\n\n<li>Recherche de produits et d&#039;utilisabilit\u00e9 (UX)<\/li>\n\n\n\n<li>\u00c9valuations des opportunit\u00e9s de march\u00e9, de la faisabilit\u00e9, de l\u2019entr\u00e9e et du dimensionnement<\/li>\n\n\n\n<li>Rapports mensuels de suivi de l&#039;industrie<\/li>\n<\/ul>\n\n\n\n<p>Nos relations avec des sp\u00e9cialistes du secteur permettent \u00e0 SIS d\u2019approfondir l\u2019intelligence artificielle. L&#039;\u00e9quipe strat\u00e9gique de SIS se tient au courant des derni\u00e8res nouveaut\u00e9s en mati\u00e8re d&#039;IA, en travaillant en \u00e9troite collaboration avec nos bureaux locaux dans le monde entier.<\/p>\n\n\n\n<h3 class=\"wp-block-heading\"><span style=\"font-weight: 400;\">Permettez \u00e0 SIS International Research d\u2019\u00eatre votre pont vers de meilleures affaires en cette p\u00e9riode d\u2019opportunit\u00e9s incroyables.<\/span><\/h3>\n\n\n\n<h2 class=\"wp-block-heading\">\u00c0 propos de notre travail dans les \u00e9tudes de march\u00e9 sur l\u2019IA<\/h2>\n\n\n\n<p>SIS often works with Technology companies developing new AI products and services.&nbsp; Our clients include Education Technology or other Technology companies exploring new applications of AI, Machine Learning and Deep Learning.&nbsp; Other clients include Financial Services companies innovating new products and services to improve their customer experience.&nbsp; SIS also does a significant amount of work in Shipping and Logistics and major organizations seeking to adopt cutting-edge technologies.&nbsp; We provide Qualitative, Quantitative, and Strategy Market Research. We provide the &#8220;Human Element&#8221; behind AI adoption and transformation.&nbsp; Our solutions include:<\/p>\n\n\n\n<ul class=\"wp-block-list\">\n<li>Recherche client<\/li>\n\n\n\n<li>Analyse comp\u00e9titive<\/li>\n\n\n\n<li>Recherche de produits et d&#039;utilisabilit\u00e9 (UX)<\/li>\n\n\n\n<li>\u00c9valuations des opportunit\u00e9s de march\u00e9, de la faisabilit\u00e9, de l\u2019entr\u00e9e et du dimensionnement<\/li>\n\n\n\n<li>Rapports mensuels de suivi de l&#039;industrie<\/li>\n<\/ul>\n\n\n\n<h3 class=\"wp-block-heading title-heading-left\">You&nbsp;may also be interested in\u2026<\/h3>\n\n\n\n<p><\/p>","protected":false},"excerpt":{"rendered":"<p>L&#039;intelligence artificielle transforme notre fa\u00e7on de vivre et de travailler. D\u00e9couvrez des moyens de stimuler la croissance gr\u00e2ce aux \u00e9tudes de march\u00e9 sur l\u2019intelligence artificielle.<\/p>","protected":false},"author":1,"featured_media":62603,"parent":44406,"menu_order":0,"comment_status":"closed","ping_status":"open","template":"","meta":{"footnotes":""},"class_list":["post-22531","page","type-page","status-publish","has-post-thumbnail"],"_links":{"self":[{"href":"https:\/\/www.sisinternational.com\/fr\/wp-json\/wp\/v2\/pages\/22531","targetHints":{"allow":["GET"]}}],"collection":[{"href":"https:\/\/www.sisinternational.com\/fr\/wp-json\/wp\/v2\/pages"}],"about":[{"href":"https:\/\/www.sisinternational.com\/fr\/wp-json\/wp\/v2\/types\/page"}],"author":[{"embeddable":true,"href":"https:\/\/www.sisinternational.com\/fr\/wp-json\/wp\/v2\/users\/1"}],"replies":[{"embeddable":true,"href":"https:\/\/www.sisinternational.com\/fr\/wp-json\/wp\/v2\/comments?post=22531"}],"version-history":[{"count":11,"href":"https:\/\/www.sisinternational.com\/fr\/wp-json\/wp\/v2\/pages\/22531\/revisions"}],"predecessor-version":[{"id":80873,"href":"https:\/\/www.sisinternational.com\/fr\/wp-json\/wp\/v2\/pages\/22531\/revisions\/80873"}],"up":[{"embeddable":true,"href":"https:\/\/www.sisinternational.com\/fr\/wp-json\/wp\/v2\/pages\/44406"}],"wp:featuredmedia":[{"embeddable":true,"href":"https:\/\/www.sisinternational.com\/fr\/wp-json\/wp\/v2\/media\/62603"}],"wp:attachment":[{"href":"https:\/\/www.sisinternational.com\/fr\/wp-json\/wp\/v2\/media?parent=22531"}],"curies":[{"name":"wp","href":"https:\/\/api.w.org\/{rel}","templated":true}]}}