{"id":22186,"date":"2017-02-28T23:44:27","date_gmt":"2017-02-28T23:44:27","guid":{"rendered":"https:\/\/www.sisinternational.com\/?page_id=22186"},"modified":"2025-08-31T00:55:40","modified_gmt":"2025-08-31T04:55:40","slug":"conseil-en-planification-strategique","status":"publish","type":"page","link":"https:\/\/www.sisinternational.com\/fr\/solutions\/croissance-mondiale\/conseil-en-planification-strategique\/","title":{"rendered":"Conseil en planification strat\u00e9gique"},"content":{"rendered":"<h1 class=\"wp-block-heading p1\">Conseil en planification strat\u00e9gique<\/h1>\n\n\n\n<figure class=\"gb-block-image gb-block-image-fc596e9e\"><img loading=\"lazy\" decoding=\"async\" width=\"1456\" height=\"816\" class=\"gb-image gb-image-fc596e9e\" src=\"https:\/\/www.sisinternational.com\/wp-content\/uploads\/2025\/08\/Strategy-consulting-24.jpg\" alt=\"\u00c9tudes de march\u00e9 et strat\u00e9gie internationales SIS\" title=\"Strategy consulting (24)\" srcset=\"https:\/\/www.sisinternational.com\/wp-content\/uploads\/2025\/08\/Strategy-consulting-24.jpg 1456w, https:\/\/www.sisinternational.com\/wp-content\/uploads\/2025\/08\/Strategy-consulting-24-300x168.jpg 300w, https:\/\/www.sisinternational.com\/wp-content\/uploads\/2025\/08\/Strategy-consulting-24-1024x574.jpg 1024w, https:\/\/www.sisinternational.com\/wp-content\/uploads\/2025\/08\/Strategy-consulting-24-768x430.jpg 768w, https:\/\/www.sisinternational.com\/wp-content\/uploads\/2025\/08\/Strategy-consulting-24-18x10.jpg 18w\" sizes=\"auto, (max-width: 1456px) 100vw, 1456px\"><\/figure>\n\n\n\n<p><\/p>\n\n\n\n<hr class=\"wp-block-separator has-alpha-channel-opacity is-style-dots\"\/>\n\n\n\n<p class=\"p1\"><span class=\"s1\">SIS Global Growth provides full-service consulting for strategic&nbsp;development and advantage. SIS Global Growth provides today\u2019s&nbsp;managers and executives with strategic planning services and advisory.&nbsp;Complex factors that impact businesses today, such as changing&nbsp;customer needs, new competitive forces, supply chain dynamics and&nbsp;other on-the-ground realities that impact business. Rapid changes and&nbsp;new linkages in the global economy require further nuance from today\u2019s&nbsp;strategist.<\/span><\/p>\n\n\n\n<p class=\"p1\"><span class=\"s1\"><a href=\"https:\/\/www.sisinternational.com\/fr\/solutions\/conseil-en-strategie\/conseil-en-execution-de-developpement-de-strategie\/\" title=\"Conseil en d\u00e9veloppement et ex\u00e9cution de strat\u00e9gies\"  data-wpil-monitor-id=\"10696\">Developing and implementing strategy<\/a> can create opportunity and&nbsp;challenge. For this reason, <a href=\"https:\/\/www.sisinternational.com\/fr\/solutions\/croissance-mondiale\/\" title=\"SIS Global Growth Consulting\"  data-wpil-monitor-id=\"10682\">Croissance mondiale du SIS<\/a> partners with our clients&nbsp;to provide results, add value, and help them to develop competitive&nbsp;advantage.<\/span><\/p>\n\n\n\n<p class=\"p1\"><span class=\"s1\">SIS Global Growth serves <a href=\"https:\/\/www.sisinternational.com\/fr\/services-de-publicite-multiculturelle-pour-un-leader-mondial-de-solutions-de-gestion-des-animaux\/\" title=\"Services de publicit\u00e9 multiculturelle pour une entreprise leader mondial de solutions de gestion des animaux\"  data-wpil-monitor-id=\"10691\">companies with solutions<\/a> across the business&nbsp;landscape and different strategic functions:<\/span><\/p>\n\n\n\n<ul class=\"wp-block-list\">\n<li><span class=\"s1\"><a href=\"https:\/\/www.sisinternational.com\/fr\/solutions\/conseil-en-strategie\/connaissance-du-marche\/\" title=\"Connaissance du march\u00e9\"  data-wpil-monitor-id=\"10693\">\u00c9valuation et renseignements sur le march\u00e9<\/a><\/span><\/li>\n\n\n\n<li><span class=\"s1\"><a href=\"https:\/\/www.sisinternational.com\/fr\/solutions\/conseil-en-strategie\/conseil-en-strategie-detude-de-marche-sur-la-responsabilite-du-fait-des-produits\/\" title=\"\u00c9tudes de march\u00e9 et conseil en strat\u00e9gie en mati\u00e8re de responsabilit\u00e9 du fait des produits\"  data-wpil-monitor-id=\"10688\">Strat\u00e9gie produit et march\u00e9<\/a><\/span><\/li>\n\n\n\n<li><span class=\"s1\">Les comp\u00e9tences de base<\/span><\/li>\n\n\n\n<li><span class=\"s1\">Innovation<\/span><\/li>\n\n\n\n<li><span class=\"s1\">Diff\u00e9renciation, Diversification et Sp\u00e9cialisation<\/span><\/li>\n\n\n\n<li><span class=\"s1\">Tarification et cr\u00e9ation de valeur<\/span><\/li>\n\n\n\n<li><span class=\"s1\">\u00c9change international<\/span><\/li>\n\n\n\n<li><span class=\"s1\">Entr\u00e9e et sortie du march\u00e9<\/span><\/li>\n\n\n\n<li><span class=\"s1\">Performance &amp; Rentabilit\u00e9<\/span><\/li>\n\n\n\n<li><span class=\"s1\">Approvisionnement et cha\u00eene d&#039;approvisionnement<\/span><\/li>\n\n\n\n<li><span class=\"s1\">Le positionnement concurrentiel<\/span><\/li>\n\n\n\n<li><span class=\"s1\">Dynamique concurrentielle<\/span><\/li>\n\n\n\n<li><span class=\"s1\">Planification d&#039;un sc\u00e9nario<\/span><\/li>\n\n\n\n<li><span class=\"s1\">Synergie<\/span><\/li>\n\n\n\n<li><span class=\"s1\">Gestion des talents<\/span><\/li>\n<\/ul>\n\n\n<h2>Notre emplacement \u00e0 New York<\/h2>\n<p><iframe loading=\"lazy\" src=\"https:\/\/www.google.com\/maps\/embed?pb=!1m18!1m12!1m3!1d3022.976188376966!2d-73.99130312499956!3d40.740549471389315!2m3!1f0!2f0!3f0!3m2!1i1024!2i768!4f13.1!3m3!1m2!1s0x89c259a15798c731%3A0xd695d09bdd495f25!2s11%20E%2022nd%20St%20FL%202%2C%20New%20York%2C%20NY%2010010%2C%20USA!5e0!3m2!1sen!2spe!4v1726171763526!5m2!1sen!2spe\" width=\"600\" height=\"450\" allowfullscreen=\"allowfullscreen\" data-mce-fragment=\"1\"><\/iframe><\/p>\n<h3 class=\"wp-block-heading\">11 E 22nd Street, \u00e9tage 2, New York, NY 10010 T\u00e9l. : +1(212) 505-6805<\/h3>\n<hr \/>\n<h2><span style=\"font-weight: 400;\">\u00c0 propos de SIS International<\/span><\/h2>\n<p><a href=\"https:\/\/www.sisinternational.com\/fr\/\"><span style=\"font-weight: 400;\">SIS International<\/span><\/a><span style=\"font-weight: 400;\">\u00a0offers Quantitative, Qualitative, and Strategy Research. We provide data, tools, strategies, reports, and insights for decision-making. We also conduct interviews, surveys, focus groups, and other <a href=\"https:\/\/www.sisinternational.com\/fr\/quantitative-market-research-methods-and-techniques\/\" title=\"Quantitative Market Research Methods and Techniques\"  data-wpil-monitor-id=\"10685\">Market Research methods<\/a> and approaches.<\/span><a href=\"https:\/\/www.sisinternational.com\/fr\/a-propos-de-la-recherche-internationale-sis\/contact-sis-international-market-research\/\"><span style=\"font-weight: 400;\">\u00a0Contactez nous<\/span><\/a><span style=\"font-weight: 400;\">\u00a0pour votre prochain projet d&#039;\u00e9tude de march\u00e9.<\/span><\/p>\n<\/p>","protected":false},"excerpt":{"rendered":"<p>SIS Global Growth propose aux entreprises des solutions de conseil en planification strat\u00e9gique. D\u00e9couvrez comment d\u00e9velopper votre entreprise dans le monde entier.<\/p>","protected":false},"author":1,"featured_media":62558,"parent":22092,"menu_order":6,"comment_status":"closed","ping_status":"closed","template":"","meta":{"footnotes":""},"class_list":["post-22186","page","type-page","status-publish","has-post-thumbnail"],"_links":{"self":[{"href":"https:\/\/www.sisinternational.com\/fr\/wp-json\/wp\/v2\/pages\/22186","targetHints":{"allow":["GET"]}}],"collection":[{"href":"https:\/\/www.sisinternational.com\/fr\/wp-json\/wp\/v2\/pages"}],"about":[{"href":"https:\/\/www.sisinternational.com\/fr\/wp-json\/wp\/v2\/types\/page"}],"author":[{"embeddable":true,"href":"https:\/\/www.sisinternational.com\/fr\/wp-json\/wp\/v2\/users\/1"}],"replies":[{"embeddable":true,"href":"https:\/\/www.sisinternational.com\/fr\/wp-json\/wp\/v2\/comments?post=22186"}],"version-history":[{"count":4,"href":"https:\/\/www.sisinternational.com\/fr\/wp-json\/wp\/v2\/pages\/22186\/revisions"}],"predecessor-version":[{"id":81752,"href":"https:\/\/www.sisinternational.com\/fr\/wp-json\/wp\/v2\/pages\/22186\/revisions\/81752"}],"up":[{"embeddable":true,"href":"https:\/\/www.sisinternational.com\/fr\/wp-json\/wp\/v2\/pages\/22092"}],"wp:featuredmedia":[{"embeddable":true,"href":"https:\/\/www.sisinternational.com\/fr\/wp-json\/wp\/v2\/media\/62558"}],"wp:attachment":[{"href":"https:\/\/www.sisinternational.com\/fr\/wp-json\/wp\/v2\/media?parent=22186"}],"curies":[{"name":"wp","href":"https:\/\/api.w.org\/{rel}","templated":true}]}}