{"id":22176,"date":"2017-02-28T20:54:35","date_gmt":"2017-02-28T20:54:35","guid":{"rendered":"https:\/\/www.sisinternational.com\/?page_id=22176"},"modified":"2026-01-26T17:09:20","modified_gmt":"2026-01-26T22:09:20","slug":"conseil-en-strategie-marches-emergents","status":"publish","type":"page","link":"https:\/\/www.sisinternational.com\/fr\/solutions\/croissance-mondiale\/conseil-en-strategie-marches-emergents\/","title":{"rendered":"Conseil en strat\u00e9gie pour les march\u00e9s \u00e9mergents"},"content":{"rendered":"<h1 class=\"wp-block-heading p1\">Conseil en strat\u00e9gie pour les march\u00e9s \u00e9mergents<\/h1>\n\n\n\n<figure class=\"gb-block-image gb-block-image-3231924e\"><img loading=\"lazy\" decoding=\"async\" width=\"1024\" height=\"574\" class=\"gb-image gb-image-3231924e\" src=\"https:\/\/www.sisinternational.com\/wp-content\/uploads\/2025\/08\/Strategy-consulting-31-1024x574.jpg\" alt=\"\u00c9tudes de march\u00e9 et strat\u00e9gie internationales SIS\" title=\"Strategy consulting (31)\" srcset=\"https:\/\/www.sisinternational.com\/wp-content\/uploads\/2025\/08\/Strategy-consulting-31-1024x574.jpg 1024w, https:\/\/www.sisinternational.com\/wp-content\/uploads\/2025\/08\/Strategy-consulting-31-300x168.jpg 300w, https:\/\/www.sisinternational.com\/wp-content\/uploads\/2025\/08\/Strategy-consulting-31-768x430.jpg 768w, https:\/\/www.sisinternational.com\/wp-content\/uploads\/2025\/08\/Strategy-consulting-31-18x10.jpg 18w, https:\/\/www.sisinternational.com\/wp-content\/uploads\/2025\/08\/Strategy-consulting-31.jpg 1456w\" sizes=\"auto, (max-width: 1024px) 100vw, 1024px\"><\/figure>\n\n\n\n<p><\/p>\n\n\n\n<hr class=\"wp-block-separator has-alpha-channel-opacity is-style-dots\"\/>\n\n\n\n<p class=\"p1\"><span class=\"s1\">SIS Global Growth provides emerging markets strategy consulting and business support solutions worldwide,&nbsp;including growth solutions, problem solving, research, implementation&nbsp;support, management, development and training solutions. Emerging&nbsp;markets have developed into a key engine of global growth and&nbsp;competitive advantage. In many of these markets, Emerging Markets&nbsp;present a myriad of opportunities and challenges influencing growth,&nbsp;strategy, operations, vision, execution, organizational development,&nbsp;management, regulatory issues, and beyond. For 30 years SIS&nbsp;International with our leading <a href=\"https:\/\/www.sisinternational.com\/fr\/solutions\/conseil-en-blockchain-sis\/blockchain-dans-le-conseil-en-strategie-de-sante\/\" title=\"Blockchain dans le conseil en strat\u00e9gie de sant\u00e9\"  data-wpil-monitor-id=\"6432\">market<\/a> research and consulting units&nbsp;have been at the cutting edge of&nbsp;emerging markets strategy consulting.<\/span><\/p>\n\n\n\n<h2 class=\"wp-block-heading p1\"><span class=\"s1\">SIS Global Growth supports companies to address functional issues&nbsp;that organizations face in emerging markets, such as:<\/span><\/h2>\n\n\n\n<p><span class=\"s2\">Which countries will be best poised for growth and stability?&nbsp;Where is the \u201cwhite space\u201d and areas of corporate growth and&nbsp;opportunity? How do we manage sustainable growth?<\/span><\/p>\n\n\n\n<ul class=\"wp-block-list\">\n<li><span class=\"s2\">How will trends, customer taste changes, evolving markets and&nbsp;culture impact the growth horizon<\/span>?<\/li>\n\n\n\n<li><span class=\"s2\">How can we leverage our strengths for opportunity? How can we&nbsp;improve our organization and processes?<\/span><\/li>\n\n\n\n<li><span class=\"s2\">Comment pouvons-nous aborder, r\u00e9soudre ou att\u00e9nuer les probl\u00e8mes critiques sur le terrain\u00a0?<\/span><\/li>\n\n\n\n<li><span class=\"s2\">How do we resolve regulatory, logistics, financial, supply chain,&nbsp;taxation, gray trade or counter-trade problems?<\/span><\/li>\n\n\n\n<li><span class=\"s2\">What impact will cost pressures and factors such as taxation,&nbsp;currency and regulation have on cash flow?<\/span><\/li>\n\n\n\n<li><span class=\"s2\">L\u2019infrastructure locale est-elle propice \u00e0 l\u2019activit\u00e9 commerciale ?<\/span><\/li>\n\n\n\n<li><span class=\"s2\">Will the political, economic, and social circumstances in this&nbsp;country potentially pose a threat to the success and viability of&nbsp;growth?<\/span><\/li>\n<\/ul>\n\n\n\n<h2 class=\"wp-block-heading p1\"><span class=\"s1\">SIS Global Growth consultants work across a variety of functional&nbsp;disciplines, such as: Growth, Strategy, Operations, Logistics, Supply&nbsp;Chain, Corporate Social Responsibility, Intellectual property, and the&nbsp;entire market landscape. Key solutions include:<\/span><\/h2>\n\n\n\n<ul class=\"wp-block-list\">\n<li><span class=\"s1\">\u00c9tudes de march\u00e9 et suivi<\/span><\/li>\n\n\n\n<li><span class=\"s1\">Solutions de croissance<\/span><\/li>\n\n\n\n<li><span class=\"s1\">R\u00e9solution de probl\u00e8mes et d\u00e9pannage du march\u00e9<\/span><\/li>\n\n\n\n<li><span class=\"s1\">Gestion des risques<\/span><\/li>\n\n\n\n<li><span class=\"s1\">Att\u00e9nuation des \u00e9changes compens\u00e9s<\/span><\/li>\n\n\n\n<li><span class=\"s1\">Accompagnement \u00e0 la cr\u00e9ation d&#039;entreprise<\/span><\/li>\n\n\n\n<li><span class=\"s1\">Gestion de projet<\/span><\/li>\n\n\n\n<li><span class=\"s1\">V\u00e9rifications n\u00e9cessaires<\/span><\/li>\n\n\n\n<li><span class=\"s1\">Conseil en gestion<\/span><\/li>\n\n\n\n<li><span class=\"s1\">Entra\u00eenement<\/span><\/li>\n<\/ul>\n\n\n\n<p class=\"p1\"><span class=\"s1\">Key Emerging Markets we serve and have extensive experience in&nbsp;serving include BRIC countries, Brazil, Russia, India, China, Indonesia,&nbsp;Sub-Saharan<\/span> Africa, Eastern Europe, Mexico,<span class=\"s1\"> and many others. A list of&nbsp;the markets we cover is in available on this website.<\/span><\/p>\n\n\n\n<h2 class=\"wp-block-heading p1\"><span class=\"s1\">Conseil en gestion des talents<\/span><\/h2>\n\n\n\n<p class=\"p1\"><span class=\"s1\">For many businesses, acquiring and retaining new talent is a strategic&nbsp;imperative for company-wide growth and global corporate&nbsp;competitiveness. Linking talent management with a company\u2019s vision&nbsp;and strategy, SIS Global Growth provides customized solutions to&nbsp;retain HR assets and attracting new ones. Delivering analytics,&nbsp;diagnostics and consulting, SIS Global Growth addresses the following&nbsp;strategic organizational priorities:<\/span><\/p>\n\n\n\n<ul class=\"wp-block-list\">\n<li><span class=\"s1\">Attirer de nouveaux actifs qualifi\u00e9s<\/span><\/li>\n\n\n\n<li><span class=\"s1\">Conserver les talents existants<\/span><\/li>\n\n\n\n<li><span class=\"s1\">Formation des cadres<\/span><\/li>\n\n\n\n<li><span class=\"s1\">Utiliser des employ\u00e9s hautement performants<\/span><\/li>\n\n\n\n<li><span class=\"s1\">Technologie d&#039;\u00e9valuation de l&#039;embauche (par exemple, \u00e9valuations mobiles)<\/span><\/li>\n\n\n\n<li><span class=\"s1\">Technologie d&#039;\u00e9valuation de l&#039;embauche (par exemple, \u00e9valuations mobiles)<\/span><\/li>\n\n\n\n<li><span class=\"s1\">Retour sur investissement (ROI)<\/span><\/li>\n\n\n\n<li><span class=\"s1\">Aborder la mobilit\u00e9, la r\u00e9mun\u00e9ration et les incitations<\/span><\/li>\n\n\n\n<li><span class=\"s1\">Succession planning and <a class=\"wpil_keyword_link\" href=\"https:\/\/www.sisinternational.com\/fr\/le-role-du-developpement-de-processus-et-de-systemes-dans-la-reussite-organisationnelle\/\"   title=\"\u00c9tude de march\u00e9 sur la conception organisationnelle\" data-wpil-keyword-link=\"linked\"  data-wpil-monitor-id=\"487\">workplace planning<\/a><\/span><\/li>\n<\/ul>\n\n\n\n<h2 class=\"wp-block-heading p1\"><span class=\"s1\">Faisabilit\u00e9 et gestion du site<\/span><\/h2>\n\n\n\n<p class=\"p1\"><span class=\"s1\">Site selection is an in-depth solution we provide process of weighing&nbsp;various factors concerning the selection of facilities or locations for&nbsp;plants, offices, factories, schools, restaurants, stores and beyond. Many&nbsp;aspects of each potential location must be carefully considered,&nbsp;including: proximity to lucrative markets, resources and suppliers,&nbsp;availability of labor, wage levels, proximity to customers, cost benefit,&nbsp;regulatory constraints, geodemographics and trends within regional&nbsp;economics.<\/span><\/p>\n\n\n<h2>Notre emplacement \u00e0 New York<\/h2>\n<p><iframe loading=\"lazy\" src=\"https:\/\/www.google.com\/maps\/embed?pb=!1m18!1m12!1m3!1d3022.976188376966!2d-73.99130312499956!3d40.740549471389315!2m3!1f0!2f0!3f0!3m2!1i1024!2i768!4f13.1!3m3!1m2!1s0x89c259a15798c731%3A0xd695d09bdd495f25!2s11%20E%2022nd%20St%20FL%202%2C%20New%20York%2C%20NY%2010010%2C%20USA!5e0!3m2!1sen!2spe!4v1726171763526!5m2!1sen!2spe\" width=\"600\" height=\"450\" allowfullscreen=\"allowfullscreen\" data-mce-fragment=\"1\"><\/iframe><\/p>\n<h3 class=\"wp-block-heading\">11 E 22nd Street, \u00e9tage 2, New York, NY 10010 T\u00e9l. : +1(212) 505-6805<\/h3>\n<hr \/>\n<h2><span style=\"font-weight: 400;\">\u00c0 propos de SIS International<\/span><\/h2>\n<p><a href=\"https:\/\/www.sisinternational.com\/fr\/\"><span style=\"font-weight: 400;\">SIS International<\/span><\/a><span style=\"font-weight: 400;\">\u00a0propose des recherches quantitatives, qualitatives et strat\u00e9giques. Nous fournissons des donn\u00e9es, des outils, des strat\u00e9gies, des rapports et des informations pour la prise de d\u00e9cision. Nous menons \u00e9galement des entretiens, des enqu\u00eates, des groupes de discussion et d\u2019autres m\u00e9thodes et approches d\u2019\u00e9tudes de march\u00e9.<\/span><a href=\"https:\/\/www.sisinternational.com\/fr\/a-propos-de-la-recherche-internationale-sis\/contact-sis-international-market-research\/\"><span style=\"font-weight: 400;\">\u00a0Contactez nous<\/span><\/a><span style=\"font-weight: 400;\">\u00a0pour votre prochain projet d&#039;\u00e9tude de march\u00e9.<\/span><\/p>\n<\/p>","protected":false},"excerpt":{"rendered":"<p>D\u00e9couvrez de nouvelles opportunit\u00e9s sur les march\u00e9s \u00e9mergents gr\u00e2ce \u00e0 des solutions de conseil et de support commercial dans le monde entier.<\/p>","protected":false},"author":1,"featured_media":62565,"parent":22092,"menu_order":5,"comment_status":"closed","ping_status":"closed","template":"","meta":{"footnotes":""},"class_list":["post-22176","page","type-page","status-publish","has-post-thumbnail"],"_links":{"self":[{"href":"https:\/\/www.sisinternational.com\/fr\/wp-json\/wp\/v2\/pages\/22176","targetHints":{"allow":["GET"]}}],"collection":[{"href":"https:\/\/www.sisinternational.com\/fr\/wp-json\/wp\/v2\/pages"}],"about":[{"href":"https:\/\/www.sisinternational.com\/fr\/wp-json\/wp\/v2\/types\/page"}],"author":[{"embeddable":true,"href":"https:\/\/www.sisinternational.com\/fr\/wp-json\/wp\/v2\/users\/1"}],"replies":[{"embeddable":true,"href":"https:\/\/www.sisinternational.com\/fr\/wp-json\/wp\/v2\/comments?post=22176"}],"version-history":[{"count":6,"href":"https:\/\/www.sisinternational.com\/fr\/wp-json\/wp\/v2\/pages\/22176\/revisions"}],"predecessor-version":[{"id":80015,"href":"https:\/\/www.sisinternational.com\/fr\/wp-json\/wp\/v2\/pages\/22176\/revisions\/80015"}],"up":[{"embeddable":true,"href":"https:\/\/www.sisinternational.com\/fr\/wp-json\/wp\/v2\/pages\/22092"}],"wp:featuredmedia":[{"embeddable":true,"href":"https:\/\/www.sisinternational.com\/fr\/wp-json\/wp\/v2\/media\/62565"}],"wp:attachment":[{"href":"https:\/\/www.sisinternational.com\/fr\/wp-json\/wp\/v2\/media?parent=22176"}],"curies":[{"name":"wp","href":"https:\/\/api.w.org\/{rel}","templated":true}]}}