{"id":22167,"date":"2017-02-28T14:21:18","date_gmt":"2017-02-28T14:21:18","guid":{"rendered":"https:\/\/www.sisinternational.com\/?page_id=22167"},"modified":"2026-01-26T17:41:32","modified_gmt":"2026-01-26T22:41:32","slug":"developpement-de-la-chaine-dapprovisionnement-mondiale","status":"publish","type":"page","link":"https:\/\/www.sisinternational.com\/fr\/solutions\/croissance-mondiale\/developpement-de-la-chaine-dapprovisionnement-mondiale\/","title":{"rendered":"Conseil en cha\u00eene d&#039;approvisionnement mondiale"},"content":{"rendered":"<h1 class=\"wp-block-heading p1\">Conseil en cha\u00eene d&#039;approvisionnement mondiale<\/h1>\n\n\n\n<figure class=\"gb-block-image gb-block-image-0b62ebea\"><img loading=\"lazy\" decoding=\"async\" width=\"1456\" height=\"816\" class=\"gb-image gb-image-0b62ebea\" src=\"https:\/\/www.sisinternational.com\/wp-content\/uploads\/2025\/08\/Global-6.jpg\" alt=\"\u00c9tudes de march\u00e9 et strat\u00e9gie internationales SIS\" title=\"Global (6)\" srcset=\"https:\/\/www.sisinternational.com\/wp-content\/uploads\/2025\/08\/Global-6.jpg 1456w, https:\/\/www.sisinternational.com\/wp-content\/uploads\/2025\/08\/Global-6-300x168.jpg 300w, https:\/\/www.sisinternational.com\/wp-content\/uploads\/2025\/08\/Global-6-1024x574.jpg 1024w, https:\/\/www.sisinternational.com\/wp-content\/uploads\/2025\/08\/Global-6-768x430.jpg 768w, https:\/\/www.sisinternational.com\/wp-content\/uploads\/2025\/08\/Global-6-18x10.jpg 18w\" sizes=\"auto, (max-width: 1456px) 100vw, 1456px\"><\/figure>\n\n\n\n<p><\/p>\n\n\n\n<hr class=\"wp-block-separator has-alpha-channel-opacity is-style-dots\"\/>\n\n\n\n<p class=\"p1\"><span class=\"s1\">SIS Global Growth provides solutions for global supply chain&nbsp;development and optimization. Today\u2019s supply chain presents new&nbsp;opportunities and challenges to business leaders. For many companies,&nbsp;efficiency, time to market, flexibility, delivery, profitability, compliance&nbsp;and performance all increasingly converge to create complex systems&nbsp;across multiple countries. These systems can provide tremendous&nbsp;advantages in competitive markets, or can be major liabilities. SIS&nbsp;works with clients to strategically support global supply chain development,&nbsp;improvement and management and to create advantage.<\/span><\/p>\n\n\n\n<h2 class=\"wp-block-heading p1\"><span class=\"s1\">La diff\u00e9rence SIS Global Growth :<\/span><\/h2>\n\n\n\n<ul class=\"wp-block-list\">\n<li><span class=\"s1\">Experts du secteur<\/span><\/li>\n\n\n\n<li><span class=\"s1\"><a href=\"https:\/\/www.sisinternational.com\/fr\/sis-global-coverage\/\" title=\"sis global coverage\"  data-wpil-monitor-id=\"6582\">Global resources and emerging Markets coverage<\/a> over 3 decades<\/span><\/li>\n\n\n\n<li><span class=\"s1\">Des solutions con\u00e7ues pour cr\u00e9er un avantage<\/span><\/li>\n\n\n\n<li><span class=\"s1\">Solutions personnalis\u00e9es \u00e0 service complet<\/span><\/li>\n<\/ul>\n\n\n\n<h2 class=\"wp-block-heading p1\"><span class=\"s1\">Recherche et renseignement<\/span><\/h2>\n\n\n\n<p class=\"p1\"><span class=\"s1\">For over 30 years, our renowned market research unit,&nbsp;SIS&nbsp;International Research, has served many of the world\u2019s largest and&nbsp;most influential companies. SIS provides unique advantages to clients&nbsp;in competitive markets with leading market research and intelligence&nbsp;solutions.<\/span><\/p>\n\n\n\n<h2 class=\"wp-block-heading p1\"><span class=\"s1\">Nous intervenons sur une vari\u00e9t\u00e9 de fonctions au sein de la cha\u00eene d&#039;approvisionnement\u00a0:<\/span><\/h2>\n\n\n\n<ul class=\"wp-block-list\">\n<li><span class=\"s1\">Rentabilit\u00e9<\/span><\/li>\n\n\n\n<li><span class=\"s1\">Variabilit\u00e9<\/span><\/li>\n\n\n\n<li><span class=\"s1\">Livraison<\/span><\/li>\n\n\n\n<li><span class=\"s1\">Sortir<\/span><\/li>\n\n\n\n<li><span class=\"s1\">Flexibilit\u00e9 et agilit\u00e9<\/span><\/li>\n\n\n\n<li><span class=\"s1\">Avis de litige<\/span><\/li>\n\n\n\n<li><span class=\"s1\">Problem-solving<\/span><\/li>\n\n\n\n<li><span class=\"s1\">Mat\u00e9riaux et intrants<\/span><\/li>\n\n\n\n<li><span class=\"s1\">Tarification et cr\u00e9ation de valeur<\/span><\/li>\n\n\n\n<li><span class=\"s1\">Approvisionnement<\/span><\/li>\n\n\n\n<li><span class=\"s1\">Durabilit\u00e9<\/span><\/li>\n\n\n\n<li><span class=\"s1\">Commerce international et logistique<\/span><\/li>\n\n\n\n<li><span class=\"s1\">Utilisation<\/span><\/li>\n\n\n\n<li><span class=\"s1\">Capacit\u00e9<\/span><\/li>\n\n\n\n<li><span class=\"s1\">Retour sur investissement<\/span><\/li>\n\n\n\n<li><span class=\"s1\">Planification strat\u00e9gique<\/span><\/li>\n<\/ul>\n\n\n\n<figure class=\"gb-block-image gb-block-image-2989f3b7\"><img loading=\"lazy\" decoding=\"async\" width=\"1456\" height=\"816\" class=\"gb-image gb-image-2989f3b7\" src=\"https:\/\/www.sisinternational.com\/wp-content\/uploads\/2025\/08\/Strategy-consulting-29.jpg\" alt=\"\u00c9tudes de march\u00e9 et strat\u00e9gie internationales SIS\" title=\"Strategy consulting (29)\" srcset=\"https:\/\/www.sisinternational.com\/wp-content\/uploads\/2025\/08\/Strategy-consulting-29.jpg 1456w, https:\/\/www.sisinternational.com\/wp-content\/uploads\/2025\/08\/Strategy-consulting-29-300x168.jpg 300w, https:\/\/www.sisinternational.com\/wp-content\/uploads\/2025\/08\/Strategy-consulting-29-1024x574.jpg 1024w, https:\/\/www.sisinternational.com\/wp-content\/uploads\/2025\/08\/Strategy-consulting-29-768x430.jpg 768w, https:\/\/www.sisinternational.com\/wp-content\/uploads\/2025\/08\/Strategy-consulting-29-18x10.jpg 18w\" sizes=\"auto, (max-width: 1456px) 100vw, 1456px\"><\/figure>\n\n\n\n<p><\/p>\n\n\n\n<p class=\"p1\"><span class=\"s1\">SIS Global Growth provides comprehensive custom assessments,&nbsp;benchmarking, best practices, market intelligence, strategic&nbsp;assessments,<\/span> and other research and corporate intelligence solutions&nbsp;across the business landscape internationally. Our research spans the&nbsp;entire including supply chain intelligence, industry research,&nbsp;opportunity assessments, competitive intelligence, strategic market&nbsp;research, market assessment, ROI analysis, scenario planning,&nbsp;customer research,<span class=\"s1\"> and beyond.<\/span><\/p>\n\n\n\n<h2 class=\"wp-block-heading p1\"><span class=\"s1\">Conseil et conseil<\/span><\/h2>\n\n\n\n<p class=\"p1\"><span class=\"s1\">SIS provides value added solutions to help companies optimize,&nbsp;maximize and improve their global supply chain&nbsp;development in competitive industries.&nbsp;Our consultants deliver strategic <a href=\"https:\/\/www.sisinternational.com\/fr\/solutions\/ai-etudes-de-marche-et-conseil-en-strategie\/conseil-en-automatisation-de-lia-de-la-chaine-dapprovisionnement\/\" title=\"Conseil en automatisation de l\u2019IA de la cha\u00eene d\u2019approvisionnement\"  data-wpil-monitor-id=\"4408\">consulting solutions to generate and&nbsp;implement supply<\/a> chain strategies tailored to specific business needs&nbsp;and goals.<\/span><\/p>\n\n\n\n<p class=\"p1\"><span class=\"s1\">Some supply chain priorities may range from effective inventory&nbsp;management to investment, longterm planning and cost management.&nbsp;SIS Global Growth advises and consults on how to efficiently manage&nbsp;inventory flow and reduce operational costs for goods and services&nbsp;industries.<\/span><\/p>\n\n\n\n<p class=\"p1\"><span class=\"s1\">As part of those solutions, our practice can address issues regarding&nbsp;buffer stocks, outsourcing, material tracking, turnover, logistical&nbsp;oversight, operations planning, organizational development,&nbsp;procurement, strategic sourcing, product quantity and volume,&nbsp;distribution, warehouse management solutions, productivity&nbsp;development, project management and beyond.<\/span><\/p>\n\n\n\n<p class=\"p1\"><span class=\"s1\">SIS Global Growth develops and implements problem solving solutions&nbsp;from conflicts to dispute advisory. Dispute advisory is another practice&nbsp;we provide. SIS provides expertise, support and resources in planning&nbsp;and decision making in supply chain disputes.<\/span><\/p>\n\n\n\n<p class=\"p1\"><span class=\"s1\">Our practice also addresses problems in the supply chain concerning&nbsp;theft, labor issues, counter trade and damaged goods. We further&nbsp;provide trade advisory support and audit solutions for other needs such&nbsp;as forensic evaluations, counter trade assessments, risk assessments,&nbsp;and data discovery.<\/span><\/p>\n\n\n\n<h2 class=\"wp-block-heading\">Notre emplacement \u00e0 New York<\/h2>\n\n\n\n<p><iframe loading=\"lazy\" src=\"https:\/\/www.google.com\/maps\/embed?pb=!1m18!1m12!1m3!1d3022.976188376966!2d-73.99130312499956!3d40.740549471389315!2m3!1f0!2f0!3f0!3m2!1i1024!2i768!4f13.1!3m3!1m2!1s0x89c259a15798c731%3A0xd695d09bdd495f25!2s11%20E%2022nd%20St%20FL%202%2C%20New%20York%2C%20NY%2010010%2C%20USA!5e0!3m2!1sen!2spe!4v1726171763526!5m2!1sen!2spe\" width=\"600\" height=\"450\" allowfullscreen=\"allowfullscreen\" data-mce-fragment=\"1\"><\/iframe><\/p>\n\n\n\n<h3 class=\"wp-block-heading\">11 E 22nd Street, \u00e9tage 2, New York, NY 10010 T\u00e9l. : +1(212) 505-6805<\/h3>\n\n\n\n<hr class=\"wp-block-separator has-alpha-channel-opacity\"\/>\n\n\n\n<h2 class=\"wp-block-heading\"><span style=\"font-weight: 400;\">\u00c0 propos de SIS International<\/span><\/h2>\n\n\n\n<p><a href=\"https:\/\/www.sisinternational.com\/fr\/\"><span style=\"font-weight: 400;\">SIS International<\/span><\/a><span style=\"font-weight: 400;\">&nbsp;propose des recherches quantitatives, qualitatives et strat\u00e9giques. Nous fournissons des donn\u00e9es, des outils, des strat\u00e9gies, des rapports et des informations pour la prise de d\u00e9cision. Nous menons \u00e9galement des entretiens, des enqu\u00eates, des groupes de discussion et d\u2019autres m\u00e9thodes et approches d\u2019\u00e9tudes de march\u00e9.<\/span><a href=\"https:\/\/www.sisinternational.com\/fr\/a-propos-de-la-recherche-internationale-sis\/contact-sis-international-market-research\/\"><span style=\"font-weight: 400;\">&nbsp;Contactez nous<\/span><\/a><span style=\"font-weight: 400;\">&nbsp;pour votre prochain projet d&#039;\u00e9tude de march\u00e9.<\/span><\/p>\n\n\n\n<p>&nbsp;<\/p>","protected":false},"excerpt":{"rendered":"<p>SIS travaille avec ses clients pour soutenir strat\u00e9giquement le d\u00e9veloppement, l\u2019am\u00e9lioration et la gestion de la cha\u00eene d\u2019approvisionnement mondiale. Nous cr\u00e9ons un avantage commercial.<\/p>","protected":false},"author":1,"featured_media":62414,"parent":22092,"menu_order":4,"comment_status":"closed","ping_status":"closed","template":"","meta":{"footnotes":""},"class_list":["post-22167","page","type-page","status-publish","has-post-thumbnail"],"_links":{"self":[{"href":"https:\/\/www.sisinternational.com\/fr\/wp-json\/wp\/v2\/pages\/22167","targetHints":{"allow":["GET"]}}],"collection":[{"href":"https:\/\/www.sisinternational.com\/fr\/wp-json\/wp\/v2\/pages"}],"about":[{"href":"https:\/\/www.sisinternational.com\/fr\/wp-json\/wp\/v2\/types\/page"}],"author":[{"embeddable":true,"href":"https:\/\/www.sisinternational.com\/fr\/wp-json\/wp\/v2\/users\/1"}],"replies":[{"embeddable":true,"href":"https:\/\/www.sisinternational.com\/fr\/wp-json\/wp\/v2\/comments?post=22167"}],"version-history":[{"count":7,"href":"https:\/\/www.sisinternational.com\/fr\/wp-json\/wp\/v2\/pages\/22167\/revisions"}],"predecessor-version":[{"id":80162,"href":"https:\/\/www.sisinternational.com\/fr\/wp-json\/wp\/v2\/pages\/22167\/revisions\/80162"}],"up":[{"embeddable":true,"href":"https:\/\/www.sisinternational.com\/fr\/wp-json\/wp\/v2\/pages\/22092"}],"wp:featuredmedia":[{"embeddable":true,"href":"https:\/\/www.sisinternational.com\/fr\/wp-json\/wp\/v2\/media\/62414"}],"wp:attachment":[{"href":"https:\/\/www.sisinternational.com\/fr\/wp-json\/wp\/v2\/media?parent=22167"}],"curies":[{"name":"wp","href":"https:\/\/api.w.org\/{rel}","templated":true}]}}