{"id":22155,"date":"2017-02-28T01:29:46","date_gmt":"2017-02-28T01:29:46","guid":{"rendered":"https:\/\/www.sisinternational.com\/?page_id=22155"},"modified":"2026-01-26T17:41:33","modified_gmt":"2026-01-26T22:41:33","slug":"gestion-de-projet-globale","status":"publish","type":"page","link":"https:\/\/www.sisinternational.com\/fr\/solutions\/croissance-mondiale\/gestion-de-projet-globale\/","title":{"rendered":"Conseil en gestion de projet mondial"},"content":{"rendered":"<h1 class=\"wp-block-heading p1\">Conseil en gestion de projet mondial<\/h1>\n\n\n\n<figure class=\"gb-block-image gb-block-image-b9216993\"><img loading=\"lazy\" decoding=\"async\" width=\"1456\" height=\"816\" class=\"gb-image gb-image-b9216993\" src=\"https:\/\/www.sisinternational.com\/wp-content\/uploads\/2025\/08\/CEO-CIO-manager-6.jpg\" alt=\"\u00c9tudes de march\u00e9 et strat\u00e9gie internationales SIS\" title=\"CEO CIO manager (6)\" srcset=\"https:\/\/www.sisinternational.com\/wp-content\/uploads\/2025\/08\/CEO-CIO-manager-6.jpg 1456w, https:\/\/www.sisinternational.com\/wp-content\/uploads\/2025\/08\/CEO-CIO-manager-6-300x168.jpg 300w, https:\/\/www.sisinternational.com\/wp-content\/uploads\/2025\/08\/CEO-CIO-manager-6-1024x574.jpg 1024w, https:\/\/www.sisinternational.com\/wp-content\/uploads\/2025\/08\/CEO-CIO-manager-6-768x430.jpg 768w, https:\/\/www.sisinternational.com\/wp-content\/uploads\/2025\/08\/CEO-CIO-manager-6-18x10.jpg 18w\" sizes=\"auto, (max-width: 1456px) 100vw, 1456px\"><\/figure>\n\n\n\n<p><\/p>\n\n\n\n<hr class=\"wp-block-separator has-alpha-channel-opacity is-style-dots\"\/>\n\n\n\n<p class=\"p1\"><span class=\"s1\">SIS provides Global Project Management consulting for operations,&nbsp;management, technology, product launches, research, and strategic corporate&nbsp;development. In today\u2019s complex global economy, many factors play into successful&nbsp;global project management. Cultural differences, timezones, global account&nbsp;management, communication, complexity management, management of expectation,&nbsp;constraints, different standards, team management, and resource allocation all&nbsp;converge to create a system of managing projects globally.<\/span><\/p>\n\n\n\n<p class=\"p1\"><span class=\"s1\"><a href=\"https:\/\/www.sisinternational.com\/fr\/sis-global-coverage\/\" title=\"sis global coverage\"  data-wpil-monitor-id=\"6584\">SIS delivers Global<\/a> Project Management consulting services with on-the-ground project management resources, experienced experts with specialized skills and&nbsp;value added customized solutions.<\/span><\/p>\n\n\n\n<p class=\"p1\"><span class=\"s1\">Nous travaillons avec nos clients sur une grande vari\u00e9t\u00e9 de besoins et d&#039;applications de projets\u00a0:<\/span><\/p>\n\n\n\n<ul class=\"wp-block-list\">\n<li><span class=\"s1\">Op\u00e9rations<\/span><\/li>\n\n\n\n<li><span class=\"s1\">Gestion<\/span><\/li>\n\n\n\n<li><span class=\"s1\">Technologie<\/span><\/li>\n\n\n\n<li><span class=\"s1\">Lancements de produits<\/span><\/li>\n\n\n\n<li><span class=\"s1\">Recherche &amp; D\u00e9veloppement<\/span><\/li>\n\n\n\n<li><span class=\"s1\">R\u00e9solution de probl\u00e8mes et d\u00e9pannage<\/span><\/li>\n\n\n\n<li><span class=\"s1\">B\u00e2timent du d\u00e9partement<\/span><\/li>\n\n\n\n<li><span class=\"s1\">Groupes de travail et enqu\u00eates<\/span><\/li>\n\n\n\n<li><span class=\"s1\">D\u00e9veloppement de plateforme<\/span><\/li>\n\n\n\n<li><span class=\"s1\">Gestion de crise<\/span><\/li>\n<\/ul>\n\n\n\n<p class=\"p1\"><span class=\"s1\">SIS&#8217; project managers come from a variety of backgrounds such as&nbsp;certified project managers, engineers, technical experts and  PMPs. SIS provides&nbsp;Global Project Management&nbsp;experts in effective planning, structuring, coordination, collaboration and&nbsp;implementation.<\/span><\/p>\n\n\n<h2>Notre emplacement \u00e0 New York<\/h2>\n<p><iframe loading=\"lazy\" src=\"https:\/\/www.google.com\/maps\/embed?pb=!1m18!1m12!1m3!1d3022.976188376966!2d-73.99130312499956!3d40.740549471389315!2m3!1f0!2f0!3f0!3m2!1i1024!2i768!4f13.1!3m3!1m2!1s0x89c259a15798c731%3A0xd695d09bdd495f25!2s11%20E%2022nd%20St%20FL%202%2C%20New%20York%2C%20NY%2010010%2C%20USA!5e0!3m2!1sen!2spe!4v1726171763526!5m2!1sen!2spe\" width=\"600\" height=\"450\" allowfullscreen=\"allowfullscreen\" data-mce-fragment=\"1\"><\/iframe><\/p>\n<h3 class=\"wp-block-heading\">11 E 22nd Street, \u00e9tage 2, New York, NY 10010 T\u00e9l. : +1(212) 505-6805<\/h3>\n<hr \/>\n<h2><span style=\"font-weight: 400;\">\u00c0 propos de SIS International<\/span><\/h2>\n<p><a href=\"https:\/\/www.sisinternational.com\/fr\/\"><span style=\"font-weight: 400;\">SIS International<\/span><\/a><span style=\"font-weight: 400;\">\u00a0propose des recherches quantitatives, qualitatives et strat\u00e9giques. Nous fournissons des donn\u00e9es, des outils, des strat\u00e9gies, des rapports et des informations pour la prise de d\u00e9cision. Nous menons \u00e9galement des entretiens, des enqu\u00eates, des groupes de discussion et d\u2019autres m\u00e9thodes et approches d\u2019\u00e9tudes de march\u00e9.<\/span><a href=\"https:\/\/www.sisinternational.com\/fr\/a-propos-de-la-recherche-internationale-sis\/contact-sis-international-market-research\/\"><span style=\"font-weight: 400;\">\u00a0Contactez nous<\/span><\/a><span style=\"font-weight: 400;\">\u00a0pour votre prochain projet d&#039;\u00e9tude de march\u00e9.<\/span><\/p>\n\n\n<p class=\"p1\"><\/p>","protected":false},"excerpt":{"rendered":"<p>SIS fournit des solutions globales de conseil en gestion de projet. D\u00e9couvrez comment d\u00e9velopper votre entreprise dans le monde entier et am\u00e9liorer vos performances commerciales.<\/p>","protected":false},"author":1,"featured_media":64028,"parent":22092,"menu_order":3,"comment_status":"closed","ping_status":"closed","template":"","meta":{"footnotes":""},"class_list":["post-22155","page","type-page","status-publish","has-post-thumbnail"],"_links":{"self":[{"href":"https:\/\/www.sisinternational.com\/fr\/wp-json\/wp\/v2\/pages\/22155","targetHints":{"allow":["GET"]}}],"collection":[{"href":"https:\/\/www.sisinternational.com\/fr\/wp-json\/wp\/v2\/pages"}],"about":[{"href":"https:\/\/www.sisinternational.com\/fr\/wp-json\/wp\/v2\/types\/page"}],"author":[{"embeddable":true,"href":"https:\/\/www.sisinternational.com\/fr\/wp-json\/wp\/v2\/users\/1"}],"replies":[{"embeddable":true,"href":"https:\/\/www.sisinternational.com\/fr\/wp-json\/wp\/v2\/comments?post=22155"}],"version-history":[{"count":5,"href":"https:\/\/www.sisinternational.com\/fr\/wp-json\/wp\/v2\/pages\/22155\/revisions"}],"predecessor-version":[{"id":80164,"href":"https:\/\/www.sisinternational.com\/fr\/wp-json\/wp\/v2\/pages\/22155\/revisions\/80164"}],"up":[{"embeddable":true,"href":"https:\/\/www.sisinternational.com\/fr\/wp-json\/wp\/v2\/pages\/22092"}],"wp:featuredmedia":[{"embeddable":true,"href":"https:\/\/www.sisinternational.com\/fr\/wp-json\/wp\/v2\/media\/64028"}],"wp:attachment":[{"href":"https:\/\/www.sisinternational.com\/fr\/wp-json\/wp\/v2\/media?parent=22155"}],"curies":[{"name":"wp","href":"https:\/\/api.w.org\/{rel}","templated":true}]}}