{"id":22149,"date":"2017-02-28T00:34:11","date_gmt":"2017-02-28T00:34:11","guid":{"rendered":"https:\/\/www.sisinternational.com\/?page_id=22149"},"modified":"2025-09-10T22:58:22","modified_gmt":"2025-09-11T02:58:22","slug":"approvisionnement-strategique-2","status":"publish","type":"page","link":"https:\/\/www.sisinternational.com\/fr\/solutions\/croissance-mondiale\/approvisionnement-strategique-2\/","title":{"rendered":"Solutions d&#039;approvisionnement expertes"},"content":{"rendered":"<h1 class=\"wp-block-heading p1\">Solutions d&#039;approvisionnement expertes<\/h1>\n\n\n\n<figure class=\"gb-block-image gb-block-image-c0abd4a4\"><img loading=\"lazy\" decoding=\"async\" width=\"1024\" height=\"574\" class=\"gb-image gb-image-c0abd4a4\" src=\"https:\/\/www.sisinternational.com\/wp-content\/uploads\/2025\/08\/Focus-group-meeting-10-1024x574.jpg\" alt=\"\u00c9tudes de march\u00e9 et strat\u00e9gie internationales SIS\" title=\"Focus group &amp; meeting (10)\" srcset=\"https:\/\/www.sisinternational.com\/wp-content\/uploads\/2025\/08\/Focus-group-meeting-10-1024x574.jpg 1024w, https:\/\/www.sisinternational.com\/wp-content\/uploads\/2025\/08\/Focus-group-meeting-10-300x168.jpg 300w, https:\/\/www.sisinternational.com\/wp-content\/uploads\/2025\/08\/Focus-group-meeting-10-768x430.jpg 768w, https:\/\/www.sisinternational.com\/wp-content\/uploads\/2025\/08\/Focus-group-meeting-10-18x10.jpg 18w, https:\/\/www.sisinternational.com\/wp-content\/uploads\/2025\/08\/Focus-group-meeting-10.jpg 1456w\" sizes=\"auto, (max-width: 1024px) 100vw, 1024px\"><\/figure>\n\n\n\n<p><\/p>\n\n\n\n<hr class=\"wp-block-separator has-alpha-channel-opacity is-style-dots\"\/>\n\n\n\n<p>SIS Global Growth provides businesses access to experts, analysts, consultants, opinion leaders and thought-leaders for corporate growth, management, change, and strategy. Technical expertise, best practices and specialized experts are often unique competitive advantages for companies. Businesses can encounter challenges that fall outside their traditional purview. <a href=\"https:\/\/www.sisinternational.com\/fr\/solutions\/croissance-mondiale\/\" title=\"SIS Global Growth Consulting\"  data-wpil-monitor-id=\"10480\">Croissance mondiale du SIS<\/a> provides our clients a global platform of rapidly accessible experts, analysts, consultants and thought-leaders with highly specialized expertise and skill sets. With SIS Global Growth Strategic Sourcing and Procurement solutions, companies gain advantage in accessing <a href=\"https:\/\/www.sisinternational.com\/fr\/solutions\/solutions-de-branding-et-de-recherche-client\/etude-de-marche-sur-les-soins-de-la-peau\/\" title=\"\u00c9tude de march\u00e9 sur les soins de la peau | Conseil en industrie de la beaut\u00e9\"  data-wpil-monitor-id=\"10487\">industry experts and consultants<\/a> worldwide.<\/p>\n\n\n\n<h2 class=\"wp-block-heading\">Analystes experts en approvisionnement et en industrie \u00e0 la demande<\/h2>\n\n\n\n<p>SIS connecte votre organisation avec des experts du monde entier qui peuvent\u00a0:<\/p>\n\n\n\n<ul class=\"wp-block-list\">\n<li><span class=\"s2\">Consult on operations, sales, marketing, department development,&nbsp;management, competitive strategy, new product development, supply chain, and&nbsp;other business functions.<\/span><\/li>\n\n\n\n<li><span class=\"s2\">Advise on <a href=\"https:\/\/www.sisinternational.com\/fr\/societe-de-prevision-des-principales-tendances-du-secteur-b2b\/\" title=\"Entreprise de pr\u00e9vision des principales tendances du secteur B2B\"  data-wpil-monitor-id=\"10497\">industry changes and trends<\/a><\/span><\/li>\n\n\n\n<li><span class=\"s2\">Initiate <a href=\"https:\/\/www.sisinternational.com\/fr\/solutions\/croissance-mondiale\/conseil-en-strategie-marches-emergents\/\" title=\"Conseil en strat\u00e9gie pour les march\u00e9s \u00e9mergents\"  data-wpil-monitor-id=\"10490\">strategies for entering new markets<\/a><\/span><\/li>\n\n\n\n<li><span class=\"s2\"><a href=\"https:\/\/www.sisinternational.com\/fr\/solutions\/croissance-mondiale\/gestion-de-projet-globale\/\" title=\"Conseil en gestion de projet mondial\"  data-wpil-monitor-id=\"10493\">G\u00e9rer les initiatives et projets strat\u00e9giques<\/a><\/span><\/li>\n\n\n\n<li><span class=\"s2\">Accompagner les changements de processus et de d\u00e9veloppement de produits<\/span><\/li>\n\n\n\n<li><span class=\"s2\">Mettre en \u0153uvre les meilleures pratiques<\/span><\/li>\n\n\n\n<li><span class=\"s2\">Inspirer l\u2019innovation et une nouvelle r\u00e9flexion<\/span><\/li>\n\n\n\n<li><span class=\"s2\">Fournir une analyse strat\u00e9gique<\/span><\/li>\n\n\n\n<li><span class=\"s2\">R\u00e9soudre les probl\u00e8mes d\u2019organisation<\/span><\/li>\n\n\n\n<li><span class=\"s2\">Aborder des probl\u00e8mes tels que la productivit\u00e9 et la rentabilit\u00e9<\/span><\/li>\n\n\n\n<li><span class=\"s2\">Aider le personnel \u00e0 prendre des d\u00e9cisions \u00e9clair\u00e9es et en temps opportun<\/span><\/li>\n<\/ul>\n\n\n\n<h2 class=\"wp-block-heading p1\"><span class=\"s1\">Solutions d&#039;approvisionnement mondiales pour les leaders d&#039;opinion cl\u00e9s<\/span><\/h2>\n\n\n\n<p class=\"p1\"><span class=\"s1\">SIS provides a global <a href=\"https:\/\/www.sisinternational.com\/fr\/solutions\/conseil-en-strategie\/etude-de-marche-du-reseau-dexperts\/\" title=\"\u00c9tude de march\u00e9 du r\u00e9seau d\u2019experts\"  data-wpil-monitor-id=\"10495\">network of experts<\/a> distinguished by their influence and profile in&nbsp;their respective industry, professional expertise, published books, white papers, and&nbsp;thought leadership. These thought leaders are established in a specific field and have&nbsp;industry-specific expertise.<\/span><\/p>\n\n\n\n<h3 class=\"wp-block-heading p1\"><span class=\"s1\">Exemples d&#039;experts\u00a0:<\/span><\/h3>\n\n\n\n<ul class=\"wp-block-list\">\n<li><span class=\"s2\"><strong>Professional Leaders:<\/strong> C-Level \u2013 Industry leaders \u2013 Decision Makers \u2013 Corporate&nbsp;alumni \u2013 Market Entry experts<\/span><\/li>\n\n\n\n<li><span class=\"s2\"><strong>Technical Leaders<\/strong>: Attorneys \u2013 Engineers \u2013 Project Managers \u2013 Designers \u2013&nbsp;Physicians \u2013 Administrators \u2013 Hydrologists \u2013 <a href=\"https:\/\/www.sisinternational.com\/fr\/competence\/les-industries\/etude-de-marche-du-petrole-et-du-gaz\/\" title=\"\u00c9tudes de march\u00e9 sur le p\u00e9trole et le gaz\"  data-wpil-monitor-id=\"10499\">P\u00e9trole et Gaz<\/a> Experts \u2013 Import \/ Export&nbsp;\u2013 IT experts<\/span><\/li>\n\n\n\n<li><span class=\"s2\">D\u00e9veloppeurs de logiciels \u2013 Experts m\u00e9dico-l\u00e9gaux<\/span><\/li>\n\n\n\n<li><span class=\"s2\"><strong>Thought Leaders<\/strong>: Authors \u2013 Writers \u2013 Online influencers \u2013 Activists<\/span><\/li>\n\n\n\n<li><span class=\"s2\">Bloggers \u2013 Group Leaders \u2013 Community Leader<\/span><\/li>\n\n\n\n<li>Professionnels des m\u00e9dias\u00a0: journalistes, producteurs et r\u00e9alisateurs de films et responsables des m\u00e9dias<\/li>\n<\/ul>\n\n\n\n<h2 class=\"wp-block-heading p1\"><span class=\"s1\">Avantages de l&#039;approvisionnement et de l&#039;approvisionnement strat\u00e9giques de SIS Global Growth\u00a0:<\/span><\/h2>\n\n\n\n<ul class=\"wp-block-list\">\n<li><span class=\"s2\">Procurement of the highest-quality experts worldwide<\/span><\/li>\n\n\n\n<li><span class=\"s2\">Plus de 30 ans d&#039;exp\u00e9rience au service de nombreuses organisations parmi les plus importantes du monde<\/span><\/li>\n<\/ul>\n\n\n\n<p><span class=\"s2\">Proc\u00e9dures et contr\u00f4le qualit\u00e9 stricts<\/span><\/p>\n\n\n\n<p><span class=\"s2\">Ability to assemble high-performance teams of experts<\/span><\/p>\n\n\n\n<p><span class=\"s2\">R\u00e9ponse rapide<\/span><\/p>\n\n\n<h2>Notre emplacement \u00e0 New York<\/h2>\n<p><iframe loading=\"lazy\" src=\"https:\/\/www.google.com\/maps\/embed?pb=!1m18!1m12!1m3!1d3022.976188376966!2d-73.99130312499956!3d40.740549471389315!2m3!1f0!2f0!3f0!3m2!1i1024!2i768!4f13.1!3m3!1m2!1s0x89c259a15798c731%3A0xd695d09bdd495f25!2s11%20E%2022nd%20St%20FL%202%2C%20New%20York%2C%20NY%2010010%2C%20USA!5e0!3m2!1sen!2spe!4v1726171763526!5m2!1sen!2spe\" width=\"600\" height=\"450\" allowfullscreen=\"allowfullscreen\" data-mce-fragment=\"1\"><\/iframe><\/p>\n<h3 class=\"wp-block-heading\">11 E 22nd Street, \u00e9tage 2, New York, NY 10010 T\u00e9l. : +1(212) 505-6805<\/h3>\n<hr \/>\n<h2><span style=\"font-weight: 400;\">\u00c0 propos de SIS International<\/span><\/h2>\n<p><a href=\"https:\/\/www.sisinternational.com\/fr\/\"><span style=\"font-weight: 400;\">SIS International<\/span><\/a><span style=\"font-weight: 400;\">\u00a0offers Quantitative, Qualitative, and Strategy Research. We provide data, tools, strategies, reports, and insights for decision-making. We also conduct interviews, surveys, focus groups, and other <a href=\"https:\/\/www.sisinternational.com\/fr\/quantitative-market-research-methods-and-techniques\/\" title=\"Quantitative Market Research Methods and Techniques\"  data-wpil-monitor-id=\"10484\">Market Research methods<\/a> and approaches.<\/span><a href=\"https:\/\/www.sisinternational.com\/fr\/a-propos-de-la-recherche-internationale-sis\/contact-sis-international-market-research\/\"><span style=\"font-weight: 400;\">\u00a0Contactez nous<\/span><\/a><span style=\"font-weight: 400;\">\u00a0pour votre prochain projet d&#039;\u00e9tude de march\u00e9.<\/span><\/p>\n<\/p>\n\n\n<p><\/p>","protected":false},"excerpt":{"rendered":"<p>SIS est une soci\u00e9t\u00e9 leader en strat\u00e9gie mondiale. Nous fournissons des experts, des auteurs, des consultants, des leaders d&#039;opinion cl\u00e9s et des leaders d&#039;opinion pour la croissance de l&#039;entreprise.<\/p>","protected":false},"author":1,"featured_media":62672,"parent":22092,"menu_order":2,"comment_status":"closed","ping_status":"closed","template":"","meta":{"footnotes":""},"class_list":["post-22149","page","type-page","status-publish","has-post-thumbnail"],"_links":{"self":[{"href":"https:\/\/www.sisinternational.com\/fr\/wp-json\/wp\/v2\/pages\/22149","targetHints":{"allow":["GET"]}}],"collection":[{"href":"https:\/\/www.sisinternational.com\/fr\/wp-json\/wp\/v2\/pages"}],"about":[{"href":"https:\/\/www.sisinternational.com\/fr\/wp-json\/wp\/v2\/types\/page"}],"author":[{"embeddable":true,"href":"https:\/\/www.sisinternational.com\/fr\/wp-json\/wp\/v2\/users\/1"}],"replies":[{"embeddable":true,"href":"https:\/\/www.sisinternational.com\/fr\/wp-json\/wp\/v2\/comments?post=22149"}],"version-history":[{"count":6,"href":"https:\/\/www.sisinternational.com\/fr\/wp-json\/wp\/v2\/pages\/22149\/revisions"}],"predecessor-version":[{"id":81725,"href":"https:\/\/www.sisinternational.com\/fr\/wp-json\/wp\/v2\/pages\/22149\/revisions\/81725"}],"up":[{"embeddable":true,"href":"https:\/\/www.sisinternational.com\/fr\/wp-json\/wp\/v2\/pages\/22092"}],"wp:featuredmedia":[{"embeddable":true,"href":"https:\/\/www.sisinternational.com\/fr\/wp-json\/wp\/v2\/media\/62672"}],"wp:attachment":[{"href":"https:\/\/www.sisinternational.com\/fr\/wp-json\/wp\/v2\/media?parent=22149"}],"curies":[{"name":"wp","href":"https:\/\/api.w.org\/{rel}","templated":true}]}}