{"id":22018,"date":"2017-02-01T03:41:01","date_gmt":"2017-02-01T03:41:01","guid":{"rendered":"https:\/\/www.sisinternational.com\/?page_id=22018"},"modified":"2026-01-26T14:41:37","modified_gmt":"2026-01-26T19:41:37","slug":"etude-de-marche-sur-lindustrie-des-boissons-alimentaires","status":"publish","type":"page","link":"https:\/\/www.sisinternational.com\/fr\/solutions\/etude-de-marche-sur-lindustrie-des-boissons-alimentaires\/","title":{"rendered":"\u00c9tude de march\u00e9 de l'industrie alimentaire et des boissons"},"content":{"rendered":"<h1 class=\"wp-block-heading p1\">\u00c9tude de march\u00e9 de l'industrie alimentaire et des boissons<\/h1>\n\n\n\n<figure class=\"gb-block-image gb-block-image-cfd538fb\"><img loading=\"lazy\" decoding=\"async\" width=\"1456\" height=\"816\" class=\"gb-image gb-image-cfd538fb\" src=\"https:\/\/www.sisinternational.com\/wp-content\/uploads\/2025\/08\/Beverages-1.jpg\" srcset=\"https:\/\/www.sisinternational.com\/wp-content\/uploads\/2025\/08\/Beverages-1.jpg 1456w, https:\/\/www.sisinternational.com\/wp-content\/uploads\/2025\/08\/Beverages-1-300x168.jpg 300w, https:\/\/www.sisinternational.com\/wp-content\/uploads\/2025\/08\/Beverages-1-1024x574.jpg 1024w, https:\/\/www.sisinternational.com\/wp-content\/uploads\/2025\/08\/Beverages-1-768x430.jpg 768w, https:\/\/www.sisinternational.com\/wp-content\/uploads\/2025\/08\/Beverages-1-18x10.jpg 18w\" sizes=\"auto, (max-width: 1456px) 100vw, 1456px\" alt=\"\u00c9tudes de march\u00e9 et strat\u00e9gie internationales SIS\"><\/figure>\n\n\n\n<p><\/p>\n\n\n\n<h2 class=\"wp-block-heading\">&nbsp;<\/h2>\n\n\n\n<p><span style=\"font-weight: 400;\">Have you ever wondered how the food industry determines which products to launch, which flavors to emphasize, or how to price their offerings? The secret lies in food market research because by delving into the preferences, behaviors, and habits of consumers, this research guides the strategies of food businesses (both big and small).<\/span><\/p>\n\n\n\n<h2 class=\"wp-block-heading\">Le march\u00e9 de l\u2019alimentation et de la restauration est une industrie vaste et exigeante qui se d\u00e9veloppe \u00e0 un rythme rapide.<\/h2>\n\n\n\n<p>Qu\u2019il s\u2019agisse de l\u2019\u00e9volution de la dynamique de la restauration ou des derni\u00e8res avanc\u00e9es en mati\u00e8re de g\u00e9olocalisation des cha\u00eenes de restaurants, les \u00e9tudes de march\u00e9 dans le secteur de l\u2019alimentation et des boissons n\u00e9cessitent les informations les plus avanc\u00e9es et les plus r\u00e9centes pour cr\u00e9er une strat\u00e9gie r\u00e9ussie. Pour prosp\u00e9rer dans ce secteur hautement concurrentiel, nos clients ont besoin du meilleur de la business intelligence.<\/p>\n\n\n\n<h2 class=\"wp-block-heading\">\u00c9tude de march\u00e9 de l'industrie alimentaire et des boissons<\/h2>\n\n\n\n<p><span style=\"font-weight: 400;\">L\u2019industrie agroalimentaire est en pleine mutation. Plusieurs facteurs cr\u00e9ent des changements dans l\u2019industrie, notamment l\u2019urbanisation, la croissance d\u00e9mographique accrue et l\u2019\u00e9volution des tendances de consommation. La tendance vers des aliments et des boissons \u00e0 base d\u2019\u00e9l\u00e9ments naturels est en hausse dans le monde entier. La tendance \u00e0 la livraison de nourriture en ligne est \u00e9galement en croissance, ce qui fera l&#039;objet de ce rapport.<\/span><\/p>\n\n\n\n<p><span style=\"font-weight: 400;\">The recent innovation of Food Delivery marketplaces has been accelerated by the rise of mobile payments, GPS tracking, and Big Data. \u00a0These platforms use technology to match supply and demand, similarly to the ridesharing industry. For app companies, reaching \u201ccritical mass\u201d is an important priority, and managing supply and demand is especially important in time-sensitive food delivery solutions.<\/span><\/p>\n\n\n\n<h2 class=\"wp-block-heading\">\u00c9tude de march\u00e9 sur la livraison dans l\u2019industrie alimentaire et des boissons<\/h2>\n\n\n\n<p><span style=\"font-weight: 400;\">Consumers can now order from a broad selection of eateries with a single tap of their mobile phones. &nbsp;Online food delivery platforms continue to increase accessibility and choice. New online platforms are racing to capture consumers and new markets. Platforms are springing up across Asia, the Americas, the Middle East, and Europe. The industry of transporting restaurant meals to the home is experiencing rapid change.<\/span><\/p>\n\n\n\n<p><span style=\"font-weight: 400;\">La commodit\u00e9 est un facteur important qui anime le march\u00e9 mondial des applications de livraison de nourriture en ligne. Les Am\u00e9riques constituent le march\u00e9 de services de livraison de nourriture \u00e0 la demande en ligne le plus \u00e9tendu. Cette demande est due \u00e0 la forte p\u00e9n\u00e9tration des smartphones. Le march\u00e9 de ces services est \u00e9galement en croissance en Am\u00e9rique du Sud. Dans cette r\u00e9gion, plusieurs startups cr\u00e9ent avec succ\u00e8s des solutions \u00e0 la demande pour la livraison de nourriture. Ces startups profitent de la population jeune et bien connect\u00e9e de l\u2019Am\u00e9rique du Sud.<\/span><\/p>\n\n\n\n<p><span style=\"font-weight: 400;\">The food delivery app is an appealing solution than calling a restaurant.&nbsp; Food delivery apps avoid customer pain points of being put on hold for extended periods when calling in during the traditional food delivery ordering process. Consumers also benefit from convenience as opposed to the traditional tedious process of calling out their credit card information.&nbsp; Apps open up consumers to trying new foods and restaurants. The downside is that they reduce human-to-human contact.<\/span><\/p>\n\n\n\n<h2 class=\"wp-block-heading\">Pourquoi c&#039;est important? Quels sont les avantages de l\u2019\u00e9tude de march\u00e9 sur l\u2019industrie alimentaire et des boissons ?<\/h2>\n\n\n\n<p><span style=\"font-weight: 400;\">Les \u00e9tudes de march\u00e9 alimentaire offrent une fen\u00eatre sur l&#039;esprit du consommateur en d\u00e9couvrant les saveurs qui l&#039;attirent, les restrictions ou pr\u00e9f\u00e9rences alimentaires qu&#039;il peut avoir et les niveaux de prix avec lesquels il est \u00e0 l&#039;aise. De telles informations garantissent que les entreprises peuvent cr\u00e9er des produits qui trouvent un \u00e9cho profond aupr\u00e8s de leur public cible.<\/span><\/p>\n\n\n\n<p><span style=\"font-weight: 400;\">Moreover, with new food trends emerging rapidly (like plant-based diets, keto-friendly snacks, or international cuisine fusions), food market research helps businesses anticipate these trends. It allows them to innovate and adapt before the market becomes saturated. In-depth research also ensures that businesses understand the regulatory landscape, ingredient sourcing protocols, and quality benchmarks they must adhere to, ensuring the safety and satisfaction of their consumers.<\/span><\/p>\n\n\n\n<p><span style=\"font-weight: 400;\">Cependant, cette recherche ne vise pas seulement \u00e0 comprendre ce que les consommateurs veulent manger ; il s&#039;agit d&#039;optimiser l&#039;ensemble du processus commercial, du d\u00e9veloppement de produits aux strat\u00e9gies marketing. Il pr\u00e9sente donc de multiples avantages tels que :<\/span><\/p>\n\n\n\n<p><b>\u2022 D\u00e9veloppement de produits \u00e9clair\u00e9\u00a0:<\/b><span style=\"font-weight: 400;\"> By understanding the tastes, preferences, and needs of consumers, businesses can craft products that have a higher likelihood of success. <\/span><\/p>\n\n\n\n<p><b>\u2022 Marketing strat\u00e9gique: <\/b><span style=\"font-weight: 400;\">Knowledge about the target audience&#8217;s preferences and behavior aids in creating tailored marketing campaigns. For instance, if market <a href=\"https:\/\/www.sisinternational.com\/fr\/solutions\/etude-de-marche-des-produits-de-beaute\/etude-de-marche-sur-la-beaute-du-millenaire\/\" title=\"\u00c9tude de march\u00e9 sur la beaut\u00e9 du mill\u00e9naire\"  data-wpil-monitor-id=\"6172\">recherche<\/a> indicates a rising trend in vegan diets among millennials, businesses can align their marketing messages to resonate with this demographic.<\/span><\/p>\n\n\n\n<p><b>\u2022 Informations sur la strat\u00e9gie de tarification\u00a0: <\/b><span style=\"font-weight: 400;\">Combien les consommateurs sont-ils pr\u00eats \u00e0 payer pour un biscuit sans gluten par rapport \u00e0 un biscuit ordinaire\u00a0? La recherche peut r\u00e9pondre \u00e0 ces questions cruciales, en garantissant que les strat\u00e9gies de tarification employ\u00e9es \u00e9tablissent un \u00e9quilibre entre rentabilit\u00e9 et acceptation par les consommateurs.<\/span><\/p>\n\n\n\n<p><b>\u2022 Optimisation de la cha\u00eene d&#039;approvisionnement\u00a0:<\/b><span style=\"font-weight: 400;\"> Comprendre la demande du march\u00e9 gr\u00e2ce \u00e0 des \u00e9tudes de march\u00e9 alimentaires peut rationaliser le processus de la cha\u00eene d\u2019approvisionnement. Si la demande de fruits biologiques augmente, les d\u00e9taillants peuvent s&#039;assurer qu&#039;ils s&#039;approvisionnent ad\u00e9quatement, minimisant ainsi le gaspillage et maximisant les ventes.<\/span><\/p>\n\n\n\n<p><b>\u2022 Att\u00e9nuation des risques:<\/b><span style=\"font-weight: 400;\"> Dans une industrie o\u00f9 les rappels et la publicit\u00e9 n\u00e9gative peuvent \u00eatre pr\u00e9judiciables, les \u00e9tudes de march\u00e9 alimentaires fournissent un aper\u00e7u des domaines potentiellement pr\u00e9occupants. Il peut s&#039;agir de l&#039;approvisionnement en ingr\u00e9dients, des mat\u00e9riaux d&#039;emballage ou des processus de production.<\/span><\/p>\n\n\n\n<h2 class=\"wp-block-heading\">Acteurs cl\u00e9s du march\u00e9 des aliments et des boissons<\/h2>\n\n\n\n<p><span style=\"font-weight: 400;\">Certain companies and entities have managed to carve out significant <a href=\"https:\/\/www.sisinternational.com\/fr\/competence\/les-industries\/etude-de-marche-sur-lautomatisation-industrielle\/\" title=\"\u00c9tude de march\u00e9 sur l\u2019automatisation industrielle\"  data-wpil-monitor-id=\"4816\">market share in this industry<\/a>, influencing consumer preferences, setting industry standards, and driving innovation.&nbsp;<\/span><\/p>\n\n\n\n<p><b>\u2022 Soci\u00e9t\u00e9s multinationales de l&#039;alimentation et des boissons\u00a0:<\/b><span style=\"font-weight: 400;\"> Des entreprises comme Nestl\u00e9, PepsiCo et The Coca-Cola Company sont \u00e0 la pointe du secteur. Leurs vastes ressources leur permettent de mener des \u00e9tudes de march\u00e9 alimentaires exhaustives, les aidant ainsi \u00e0 garder une longueur d&#039;avance en comprenant les tendances de consommation mondiales et en lan\u00e7ant des produits adapt\u00e9s aux pr\u00e9f\u00e9rences r\u00e9gionales.<\/span><\/p>\n\n\n\n<p><b>\u2022 Cha\u00eene de fast food: <\/b><span style=\"font-weight: 400;\">Les cha\u00eenes mondiales telles que McDonald&#039;s, Starbucks et KFC influencent consid\u00e9rablement le march\u00e9 alimentaire. Leur vaste port\u00e9e leur permet d&#039;introduire de nouveaux produits adapt\u00e9s aux go\u00fbts locaux de diff\u00e9rents pays, cr\u00e9ant ainsi des tendances alimentaires.<\/span><\/p>\n\n\n\n<p><b>\u2022 G\u00e9ants des supermarch\u00e9s et de la vente au d\u00e9tail\u00a0: <\/b><span style=\"font-weight: 400;\">Walmart, Carrefour et Tesco jouent un r\u00f4le central dans l&#039;\u00e9laboration du comportement d&#039;achat des consommateurs. Leur placement de produits, leurs promotions et leurs d\u00e9cisions en mati\u00e8re de stocks refl\u00e8tent directement leurs connaissances approfondies des \u00e9tudes de march\u00e9 alimentaires sur les habitudes d&#039;achat des consommateurs.<\/span><\/p>\n\n\n\n<p><b>\u2022 Marques sp\u00e9cialis\u00e9es dans les aliments sant\u00e9\u00a0: <\/b><span style=\"font-weight: 400;\">Avec l\u2019attention croissante port\u00e9e \u00e0 la sant\u00e9 et au bien-\u00eatre, des marques comme Beyond Meat et Chobani gagnent du terrain. Leur mont\u00e9e en puissance souligne l\u2019importance des \u00e9tudes de march\u00e9 alimentaires pour comprendre et exploiter des march\u00e9s de niche anim\u00e9s par des consommateurs soucieux de leur sant\u00e9.<\/span><\/p>\n\n\n\n<p><b>\u2022 Producteurs locaux et artisanaux : <\/b><span style=\"font-weight: 400;\">M\u00eame s\u2019ils ne d\u00e9tiennent pas la part de march\u00e9 des g\u00e9ants multinationaux, les producteurs locaux, qui se concentrent souvent sur les produits artisanaux et biologiques, occupent une place particuli\u00e8re sur le march\u00e9 alimentaire. Leur compr\u00e9hension des pr\u00e9f\u00e9rences, des traditions et des ingr\u00e9dients locaux, souvent recueillie gr\u00e2ce \u00e0 des \u00e9tudes de march\u00e9 alimentaires de base, leur permet de cr\u00e9er des produits avec des propositions de vente authentiques et uniques.<\/span><\/p>\n\n\n\n<p><b>\u2022 Associations et organisations professionnelles\u00a0: <\/b><span style=\"font-weight: 400;\">Des entit\u00e9s telles que l&#039;Organisation mondiale de la sant\u00e9 et l&#039;Organisation pour l&#039;alimentation et l&#039;agriculture, bien que non commerciales, contribuent aux \u00e9tudes de march\u00e9 alimentaire en publiant des rapports et des \u00e9tudes sur les mod\u00e8les mondiaux de consommation alimentaire, de nutrition et de s\u00e9curit\u00e9 alimentaire. Leurs id\u00e9es fa\u00e7onnent souvent les politiques et influencent les tendances du march\u00e9.<\/span><\/p>\n\n\n\n<h2 class=\"wp-block-heading\">Une \u00e9tude de march\u00e9 sur l\u2019industrie alimentaire et des boissons r\u00e9v\u00e8le des opportunit\u00e9s<\/h2>\n\n\n\n<figure class=\"gb-block-image gb-block-image-176eb9a0\"><img loading=\"lazy\" decoding=\"async\" width=\"1456\" height=\"816\" class=\"gb-image gb-image-176eb9a0\" src=\"https:\/\/www.sisinternational.com\/wp-content\/uploads\/2025\/08\/Food-taste-testing-3.jpg\" srcset=\"https:\/\/www.sisinternational.com\/wp-content\/uploads\/2025\/08\/Food-taste-testing-3.jpg 1456w, https:\/\/www.sisinternational.com\/wp-content\/uploads\/2025\/08\/Food-taste-testing-3-300x168.jpg 300w, https:\/\/www.sisinternational.com\/wp-content\/uploads\/2025\/08\/Food-taste-testing-3-1024x574.jpg 1024w, https:\/\/www.sisinternational.com\/wp-content\/uploads\/2025\/08\/Food-taste-testing-3-768x430.jpg 768w, https:\/\/www.sisinternational.com\/wp-content\/uploads\/2025\/08\/Food-taste-testing-3-18x10.jpg 18w\" sizes=\"auto, (max-width: 1456px) 100vw, 1456px\" alt=\"\u00c9tudes de march\u00e9 et strat\u00e9gie internationales SIS\"><\/figure>\n\n\n\n<p><span style=\"font-weight: 400;\"><\/span><\/p>\n\n\n\n<p><span style=\"font-weight: 400;\">Market Research can identify opportunities to recruit delivery personnel, boost customers, and manage demand and supply.\u00a0 Additionally, app companies find that Usability Research can be beneficial in achieving customer satisfaction and increasing sales conversions.\u00a0\u00a0<\/span><\/p>\n\n\n\n<p><span style=\"font-weight: 400;\">S&#039;associer \u00e0 une entreprise de livraison de nourriture pr\u00e9sente plusieurs avantages. Il permet aux restaurateurs d\u2019\u00e9largir leur march\u00e9 en leur donnant acc\u00e8s \u00e0 l\u2019ensemble de la ville, un march\u00e9 bien plus important que les quelques p\u00e2t\u00e9s de maisons entourant leur \u00e9tablissement. Cela leur permet \u00e9galement de gagner de nouveaux clients. Une fois qu\u2019une application de livraison de nourriture dominante pr\u00e9sente le restaurant, elle augmente sa visibilit\u00e9.<\/span><\/p>\n\n\n\n<p><span style=\"font-weight: 400;\">Les restaurateurs se tournent vers la livraison de nourriture pour relancer un trafic en baisse. Les applications de livraison de nourriture sont une arme secr\u00e8te dans la lutte visant \u00e0 inciter davantage de clients \u00e0 manger au restaurant. Les ventes de livraison de nourriture ont augment\u00e9 ces derni\u00e8res ann\u00e9es, tandis que le trafic dans les restaurants est rest\u00e9 stable.<\/span><\/p>\n\n\n\n<p>Les autres opportunit\u00e9s majeures pour les entreprises sont les suivantes :<\/p>\n\n\n\n<p><b>\u2022 Rep\u00e9rer les tendances \u00e9mergentes\u00a0: <\/b><span style=\"font-weight: 400;\">Le monde de l\u2019alimentation est en constante \u00e9volution. De l\u2019essor des r\u00e9gimes alimentaires \u00e0 base de plantes \u00e0 la demande croissante d\u2019emballages durables, les \u00e9tudes de march\u00e9 alimentaires fournissent des informations opportunes sur le comportement des consommateurs, permettant aux entreprises de s\u2019adapter aux tendances \u00e9mergentes avant qu\u2019elles ne deviennent courantes.<\/span><\/p>\n\n\n\n<p><b>\u2022 Expansion vers de nouvelles zones g\u00e9ographiques\u00a0: <\/b><span style=\"font-weight: 400;\">Every region has unique palates and culinary traditions. Food market research helps businesses understand local preferences, allowing them to tailor products to regional tastes, maximizing market penetration and profitability.<\/span><\/p>\n\n\n\n<p><b>\u2022 Innovation dans le d\u00e9veloppement de produits\u00a0: <\/b><span style=\"font-weight: 400;\">By understanding what consumers seek (be it health benefits, convenience, or a unique flavor), businesses can develop innovative products that meet those needs, ensuring higher sales and customer loyalty.<\/span><\/p>\n\n\n\n<p><b>\u2022 Am\u00e9liorer le positionnement de la marque\u00a0: <\/b><span style=\"font-weight: 400;\">Les \u00e9tudes de march\u00e9 alimentaires peuvent r\u00e9v\u00e9ler des lacunes sur le march\u00e9, permettant ainsi aux marques de se positionner de mani\u00e8re distinctive et de cr\u00e9er des r\u00e9cits convaincants bas\u00e9s sur les r\u00e9sultats de la recherche.<\/span><\/p>\n\n\n\n<p><b>\u2022 Campagnes de marketing efficaces\u00a0: <\/b><span style=\"font-weight: 400;\">Businesses can craft marketing campaigns that resonate with their target audience, ensuring higher engagement and return on investment.<\/span><\/p>\n\n\n\n<p><b>\u2022 Opportunit\u00e9s de diversification\u00a0: <\/b><span style=\"font-weight: 400;\">En explorant des territoires inexplor\u00e9s sur le march\u00e9 alimentaire, les entreprises peuvent diversifier leur offre de produits, garantissant ainsi de multiples sources de revenus et r\u00e9duisant leur d\u00e9pendance \u00e0 l&#039;\u00e9gard d&#039;un seul produit ou d&#039;une seule cat\u00e9gorie.<\/span><\/p>\n\n\n\n<h2 class=\"wp-block-heading\">\u00c0 propos de l\u2019\u00e9tude de march\u00e9 SIS sur l\u2019industrie alimentaire et des boissons<\/h2>\n\n\n\n<p>SIS International Research is a leading provider of <a class=\"wpil_keyword_link\" href=\"https:\/\/www.sisinternational.com\/fr\/\"   title=\"Accueil\" data-wpil-keyword-link=\"linked\"  data-wpil-monitor-id=\"775\">\u00e9tude de march\u00e9 mondiale<\/a> and strategy. With over thirty years of experience, SIS conducts comprehensive primary and secondary research to deliver the most accurate and updated results. Active in over 120 countries, SIS owns and operates state-of-the-art focus groups and in-depth interview facilities to provide superior data and answers for our clients. We maintain an expansive database with quality recruits, all experts in their field of work.<\/p>\n\n\n\n<p>SIS has extensive experience in the food <a href=\"https:\/\/www.sisinternational.com\/fr\/etude-de-marche-dans-le-secteur-de-leducation\/\" title=\"\u00c9tude de march\u00e9 sur le secteur de l\u2019\u00e9ducation\"  data-wpil-monitor-id=\"1823\">industry market research<\/a>, particularly in areas of interest including market segmentation, taste testing, customer loyalty, and market opportunity. Additional services range from trend analysis to mobile application development. For a full list of our experience in the food industry market research, we have provided <a href=\"https:\/\/www.sisinternational.com\/fr\/competence\/cv-dexperience\/resume-of-experience-in-food-beverages-industry\/\">un \u00e9chantillon de CV et de clients avec lesquels nous avons d\u00e9j\u00e0 travaill\u00e9<\/a>.<\/p>\n\n\n\n<p><\/p>","protected":false},"excerpt":{"rendered":"<p>SIS est une soci\u00e9t\u00e9 d'\u00e9tudes de march\u00e9 mondiale de premier plan. D\u00e9couvrez de nouvelles opportunit\u00e9s et de nouvelles perspectives gr\u00e2ce aux \u00e9tudes de march\u00e9 sur l'industrie alimentaire et des boissons.<\/p>","protected":false},"author":1,"featured_media":62621,"parent":14457,"menu_order":11,"comment_status":"closed","ping_status":"closed","template":"","meta":{"footnotes":""},"class_list":["post-22018","page","type-page","status-publish","has-post-thumbnail"],"_links":{"self":[{"href":"https:\/\/www.sisinternational.com\/fr\/wp-json\/wp\/v2\/pages\/22018","targetHints":{"allow":["GET"]}}],"collection":[{"href":"https:\/\/www.sisinternational.com\/fr\/wp-json\/wp\/v2\/pages"}],"about":[{"href":"https:\/\/www.sisinternational.com\/fr\/wp-json\/wp\/v2\/types\/page"}],"author":[{"embeddable":true,"href":"https:\/\/www.sisinternational.com\/fr\/wp-json\/wp\/v2\/users\/1"}],"replies":[{"embeddable":true,"href":"https:\/\/www.sisinternational.com\/fr\/wp-json\/wp\/v2\/comments?post=22018"}],"version-history":[{"count":12,"href":"https:\/\/www.sisinternational.com\/fr\/wp-json\/wp\/v2\/pages\/22018\/revisions"}],"predecessor-version":[{"id":79764,"href":"https:\/\/www.sisinternational.com\/fr\/wp-json\/wp\/v2\/pages\/22018\/revisions\/79764"}],"up":[{"embeddable":true,"href":"https:\/\/www.sisinternational.com\/fr\/wp-json\/wp\/v2\/pages\/14457"}],"wp:featuredmedia":[{"embeddable":true,"href":"https:\/\/www.sisinternational.com\/fr\/wp-json\/wp\/v2\/media\/62621"}],"wp:attachment":[{"href":"https:\/\/www.sisinternational.com\/fr\/wp-json\/wp\/v2\/media?parent=22018"}],"curies":[{"name":"wp","href":"https:\/\/api.w.org\/{rel}","templated":true}]}}