{"id":20021,"date":"2016-03-08T01:16:26","date_gmt":"2016-03-08T01:16:26","guid":{"rendered":"https:\/\/www.sisinternational.com\/?p=20021"},"modified":"2026-01-25T18:41:39","modified_gmt":"2026-01-25T23:41:39","slug":"etude-de-marche-sur-lintelligence-des-canaux","status":"publish","type":"page","link":"https:\/\/www.sisinternational.com\/fr\/publications\/etude-de-marche-sur-lintelligence-des-canaux\/","title":{"rendered":"\u00c9tude de march\u00e9 sur l\u2019intelligence des canaux"},"content":{"rendered":"<h1 class=\"wp-block-heading\">\u00c9tude de march\u00e9 sur l\u2019intelligence des canaux<\/h1>\n\n\n\n<figure class=\"gb-block-image gb-block-image-5b175b3b\"><img loading=\"lazy\" decoding=\"async\" width=\"1456\" height=\"816\" class=\"gb-image gb-image-5b175b3b\" src=\"https:\/\/www.sisinternational.com\/wp-content\/uploads\/2025\/08\/Logisticv-7.jpg\" alt=\"\u00c9tudes de march\u00e9 et strat\u00e9gie internationales SIS\" title=\"Logisticv (7)\" srcset=\"https:\/\/www.sisinternational.com\/wp-content\/uploads\/2025\/08\/Logisticv-7.jpg 1456w, https:\/\/www.sisinternational.com\/wp-content\/uploads\/2025\/08\/Logisticv-7-300x168.jpg 300w, https:\/\/www.sisinternational.com\/wp-content\/uploads\/2025\/08\/Logisticv-7-1024x574.jpg 1024w, https:\/\/www.sisinternational.com\/wp-content\/uploads\/2025\/08\/Logisticv-7-768x430.jpg 768w, https:\/\/www.sisinternational.com\/wp-content\/uploads\/2025\/08\/Logisticv-7-18x10.jpg 18w\" sizes=\"auto, (max-width: 1456px) 100vw, 1456px\"><\/figure>\n\n\n\n<p class=\"has-text-align-center\"><\/p>\n\n\n\n<hr class=\"wp-block-separator has-alpha-channel-opacity is-style-dots\"\/>\n\n\n\n<h2 class=\"wp-block-heading\">SIS International Research utilise Channel Intelligence Market Research depuis plus de 40 ans. Au cours des 20 derni\u00e8res ann\u00e9es, nous avons utilis\u00e9 les m\u00e9thodes traditionnelles suivantes :<\/h2>\n\n\n\n<ul class=\"wp-block-list\">\n<li><h3>Recherche documentaire pour identifier les partenaires de distribution, les distributeurs, les OEM, etc.<\/h3><\/li>\n\n\n\n<li><h3>Assister \u00e0 des salons professionnels et \u00e0 des conf\u00e9rences pour identifier les principaux dirigeants<\/h3><\/li>\n\n\n\n<li><h3>Listes d&#039;achat pour les PDG, CMO, Senior R&amp;D et cadres op\u00e9rationnels<\/h3><\/li>\n\n\n\n<li><h3>Utilisation d\u2019appels t\u00e9l\u00e9phoniques de r\u00e9f\u00e9rence<\/h3><\/li>\n<\/ul>\n\n\n\n<h2 class=\"wp-block-heading\">Nouvelles m\u00e9thodes d\u2019\u00e9tude de march\u00e9 sur l\u2019intelligence des canaux<\/h2>\n\n\n\n<p>Au cours des 5 \u00e0 7 derni\u00e8res ann\u00e9es, <a href=\"https:\/\/www.sisinternational.com\/fr\/quelles-sont-les-tendances-dans-le-secteur-des-etudes-de-marche\/\" target=\"_blank\" rel=\"noopener\">r\u00e9seaux sociaux et mobilit\u00e9<\/a> sont des m\u00e9thodes plus efficaces pour atteindre ces r\u00e9pondants. De plus, au moins 40 \u00e0 501\u00a0TP3T de cette population sont des millennials qui ne sont joignables que via la mobilit\u00e9, par exemple via leur portable ou leur t\u00e9l\u00e9phone portable. Deuxi\u00e8mement, leur temps est tr\u00e8s pr\u00e9cieux pour cette jeune g\u00e9n\u00e9ration et il est difficile de mener un entretien sur 15 \u00e0 20 minutes maximum. La mobilit\u00e9 et la technologie ont \u00e9galement eu un impact sur les canaux traditionnels des transports, de l\u2019industrie manufacturi\u00e8re et d\u2019autres secteurs d\u2019activit\u00e9. <a href=\"https:\/\/smallbusiness.chron.com\/difference-between-marketing-research-marketing-intelligence-25562.html\" target=\"_blank\" rel=\"noopener\">Les chefs d&#039;\u00e9quipe et les employeurs s&#039;appuient sur des donn\u00e9es rapides et pr\u00e9cises<\/a> pour leurs cha\u00eenes, afin de garantir que leur activit\u00e9 reste au top.<\/p>\n\n\n\n<p>Disposer d&#039;un plan de recherche Channel Intelligence solide aide les entreprises \u00e0 comprendre leurs clients et \u00e0 concevoir avec succ\u00e8s un merchandising et des promotions. Ils peuvent mieux prioriser la gestion et le marketing en connaissant les faits et les habitudes de leurs r\u00e9pondants. Les fournisseurs b\u00e9n\u00e9ficient \u00e9galement d\u2019une strat\u00e9gie leur permettant de comprendre ce que recherchent les acheteurs, comment leurs clients se comportent par rapport \u00e0 leurs concurrents.<\/p>\n\n\n\n<h2 class=\"wp-block-heading\">Pourquoi Channel Intelligence Research est-il si important\u00a0?<\/h2>\n\n\n\n<p>If you are a manufacturer and sell products either B2B or B2C through distributors, OEMs, sales agents, you are removed from the ultimate customer. This \u201carms-length\u201d distance from the customer can cause you to \u201cmiss the market\u201d and ignore customer needs and \u201cpain points.\u201d <a href=\"https:\/\/www.sisinternational.com\/fr\/couverture\/les-ameriques\/etude-de-marche-en-amerique-latine\/etude-de-marche-uruguay\/\" title=\"\u00c9tude de march\u00e9 en Uruguay\" data-wpil-monitor-id=\"5080\">Recherche<\/a> throughout the channel is important to deliver the following market intelligence:<\/p>\n\n\n\n<p>La recherche tout au long de votre pipeline de canaux r\u00e9v\u00e9lera les forces et les faiblesses de vos projets et fournira \u00e9galement une veille concurrentielle pr\u00e9cieuse. Compte tenu de notre exp\u00e9rience des canaux B2B et B2C, nous recommandons les m\u00e9thodes de recherche suivantes pour l&#039;intelligence des canaux\u00a0:<\/p>\n\n\n\n<p>Recherche qualitative\u00a0: elle offre l&#039;intelligence de canal la plus pr\u00e9cieuse car elle fournit \u00ab la voix du client \u00bb et les points faibles du canal.<\/p>\n\n\n\n<h3 class=\"wp-block-heading\">M\u00e9thodes de recherche:<\/h3>\n\n\n\n<h3 class=\"wp-block-heading\">Pour maximiser l&#039;intelligence de votre cha\u00eene, nous vous recommandons une combinaison de ces 3 m\u00e9thodes. Ici, vous pouvez obtenir le paysage de votre cha\u00eene, la \u00ab voix des membres de votre cha\u00eene \u00bb et la quantification des r\u00e9sultats pour une image compl\u00e8te du paysage de votre cha\u00eene. Pour plus d\u2019informations sur les m\u00e9thodes de recherche de Channel Intelligence, contactez\u00a0: <a href=\"mailto:Research@sisinternational.com\">Research@sisinternational.com<\/a>.<\/h3>\n\n\n<h2>Notre emplacement \u00e0 New York<\/h2>\n<p><!-- \/wp:post-content --> <!-- wp:html --> <iframe loading=\"lazy\" src=\"https:\/\/www.google.com\/maps\/embed?pb=!1m18!1m12!1m3!1d3022.976188376966!2d-73.99130312499956!3d40.740549471389315!2m3!1f0!2f0!3f0!3m2!1i1024!2i768!4f13.1!3m3!1m2!1s0x89c259a15798c731%3A0xd695d09bdd495f25!2s11%20E%2022nd%20St%20FL%202%2C%20New%20York%2C%20NY%2010010%2C%20USA!5e0!3m2!1sen!2spe!4v1726171763526!5m2!1sen!2spe\" width=\"600\" height=\"450\" allowfullscreen=\"allowfullscreen\" data-mce-fragment=\"1\"><\/iframe> <!-- \/wp:html --> <!-- wp:paragraph --><\/p>\n<h3 class=\"wp-block-heading\">11 E 22nd Street, \u00e9tage 2, New York, NY 10010 T\u00e9l. : +1(212) 505-6805<\/h3>\n<hr \/>\n<h2><span style=\"font-weight: 400;\">\u00c0 propos de SIS International<\/span><\/h2>\n<p><a href=\"https:\/\/www.sisinternational.com\/fr\/\"><span style=\"font-weight: 400;\">SIS International<\/span><\/a><span style=\"font-weight: 400;\"> propose des recherches quantitatives, qualitatives et strat\u00e9giques. Nous fournissons des donn\u00e9es, des outils, des strat\u00e9gies, des rapports et des informations pour la prise de d\u00e9cision. Nous menons \u00e9galement des entretiens, des enqu\u00eates, des groupes de discussion et d\u2019autres m\u00e9thodes et approches d\u2019\u00e9tudes de march\u00e9.<\/span><a href=\"https:\/\/www.sisinternational.com\/fr\/a-propos-de-la-recherche-internationale-sis\/contact-sis-international-market-research\/\"><span style=\"font-weight: 400;\"> Contactez nous<\/span><\/a><span style=\"font-weight: 400;\"> pour votre prochain projet d&#039;\u00e9tude de march\u00e9.<\/span><\/p>\n<\/p>\n\n<!-- wp:paragraph -->\n<p><\/p>\n<!-- \/wp:paragraph -->","protected":false},"excerpt":{"rendered":"<p>D\u00e9couvrez comment Channel Intelligence \u00e9volue et comment les nouvelles m\u00e9thodes peuvent vous apporter des avantages.<\/p>","protected":false},"author":1,"featured_media":63706,"parent":20148,"menu_order":0,"comment_status":"closed","ping_status":"open","template":"","meta":{"footnotes":""},"class_list":["post-20021","page","type-page","status-publish","has-post-thumbnail"],"_links":{"self":[{"href":"https:\/\/www.sisinternational.com\/fr\/wp-json\/wp\/v2\/pages\/20021","targetHints":{"allow":["GET"]}}],"collection":[{"href":"https:\/\/www.sisinternational.com\/fr\/wp-json\/wp\/v2\/pages"}],"about":[{"href":"https:\/\/www.sisinternational.com\/fr\/wp-json\/wp\/v2\/types\/page"}],"author":[{"embeddable":true,"href":"https:\/\/www.sisinternational.com\/fr\/wp-json\/wp\/v2\/users\/1"}],"replies":[{"embeddable":true,"href":"https:\/\/www.sisinternational.com\/fr\/wp-json\/wp\/v2\/comments?post=20021"}],"version-history":[{"count":6,"href":"https:\/\/www.sisinternational.com\/fr\/wp-json\/wp\/v2\/pages\/20021\/revisions"}],"predecessor-version":[{"id":78973,"href":"https:\/\/www.sisinternational.com\/fr\/wp-json\/wp\/v2\/pages\/20021\/revisions\/78973"}],"up":[{"embeddable":true,"href":"https:\/\/www.sisinternational.com\/fr\/wp-json\/wp\/v2\/pages\/20148"}],"wp:featuredmedia":[{"embeddable":true,"href":"https:\/\/www.sisinternational.com\/fr\/wp-json\/wp\/v2\/media\/63706"}],"wp:attachment":[{"href":"https:\/\/www.sisinternational.com\/fr\/wp-json\/wp\/v2\/media?parent=20021"}],"curies":[{"name":"wp","href":"https:\/\/api.w.org\/{rel}","templated":true}]}}