{"id":19200,"date":"2015-10-27T03:55:01","date_gmt":"2015-10-27T03:55:01","guid":{"rendered":"https:\/\/www.sisinternational.com\/?page_id=19200"},"modified":"2026-01-26T18:32:20","modified_gmt":"2026-01-26T23:32:20","slug":"cv-dexperience-en-electromenager-et-produits-menagers","status":"publish","type":"page","link":"https:\/\/www.sisinternational.com\/fr\/competence\/cv-dexperience\/cv-dexperience-en-electromenager-et-produits-menagers\/","title":{"rendered":"Exp\u00e9rience d\u2019\u00e9tude de march\u00e9 sur les appareils \u00e9lectrom\u00e9nagers"},"content":{"rendered":"<h1 class=\"wp-block-heading\">Exp\u00e9rience d\u2019\u00e9tude de march\u00e9 sur les appareils \u00e9lectrom\u00e9nagers<\/h1>\n\n\n\n<figure class=\"gb-block-image gb-block-image-4d683a22\"><img loading=\"lazy\" decoding=\"async\" width=\"1456\" height=\"816\" class=\"gb-image gb-image-4d683a22\" src=\"https:\/\/www.sisinternational.com\/wp-content\/uploads\/2025\/08\/Vacuum-4.jpg\" alt=\"\u00c9tudes de march\u00e9 et strat\u00e9gie internationales SIS\" title=\"Vacuum (4)\" srcset=\"https:\/\/www.sisinternational.com\/wp-content\/uploads\/2025\/08\/Vacuum-4.jpg 1456w, https:\/\/www.sisinternational.com\/wp-content\/uploads\/2025\/08\/Vacuum-4-300x168.jpg 300w, https:\/\/www.sisinternational.com\/wp-content\/uploads\/2025\/08\/Vacuum-4-1024x574.jpg 1024w, https:\/\/www.sisinternational.com\/wp-content\/uploads\/2025\/08\/Vacuum-4-768x430.jpg 768w, https:\/\/www.sisinternational.com\/wp-content\/uploads\/2025\/08\/Vacuum-4-18x10.jpg 18w\" sizes=\"auto, (max-width: 1456px) 100vw, 1456px\"><\/figure>\n\n\n\n<p><\/p>\n\n\n\n<ul class=\"wp-block-list\">\n<li>Veille concurrentielle continue pour un fabricant et distributeur d&#039;une grande vari\u00e9t\u00e9 de produits m\u00e9nagers.<\/li>\n\n\n\n<li>R\u00e9alisation d&#039;entretiens et de visites \u00e0 domicile aupr\u00e8s d&#039;acheteurs r\u00e9cents d&#039;aspirateurs sans sac aux \u00c9tats-Unis.<\/li>\n\n\n\n<li>Etude de recherche et d\u00e9veloppement pour de nouvelles id\u00e9es de produits pour cuisines et salles de bains<\/li>\n\n\n\n<li>\u00c9tudes de veille commerciale et de veille concurrentielle sur les tendances en mati\u00e8re de r\u00e9novation et de d\u00e9coration de maisons.<\/li>\n\n\n\n<li>Analyse du march\u00e9 des plantes domestiques.<\/li>\n\n\n\n<li><a href=\"https:\/\/www.sisinternational.com\/fr\/competence\/les-industries\/etude-de-marche-sur-les-circuits-electroniques\/\" title=\"\u00c9tude de march\u00e9 sur les circuits \u00e9lectroniques\"  data-wpil-monitor-id=\"6919\">Market feasibility study for household electronic<\/a> air fresheners and insecticides in Germany and Brazil.<\/li>\n\n\n\n<li>Groupes de discussion pour les consommateurs sur leurs attitudes \u00e0 l&#039;\u00e9gard d&#039;une nouvelle g\u00e9n\u00e9ration de mixeurs au Royaume-Uni, en France et en Allemagne.<\/li>\n\n\n\n<li><a href=\"https:\/\/www.sisinternational.com\/fr\/competence\/les-industries\/etude-de-marche-sur-lelectromenager\/\" title=\"\u00c9tude de march\u00e9 sur les appareils \u00e9lectrom\u00e9nagers\"  data-wpil-monitor-id=\"6594\">Market study in the US for home<\/a> furnishings.<\/li>\n\n\n\n<li>Etude de march\u00e9 aux USA pour les sets de table.<\/li>\n\n\n\n<li>R\u00e9alisation d&#039;interceptions de courrier pour une \u00e9tude sur les climatiseurs et les d\u00e9shumidificateurs aux \u00c9tats-Unis.<\/li>\n\n\n\n<li>Conducted a coffee maker market study in Japan, Germany, Spain, and the UK.<\/li>\n\n\n\n<li>R\u00e9alisation d&#039;une \u00e9tude sur la coutellerie en Europe, en Asie et en Am\u00e9rique latine.<\/li>\n\n\n\n<li>Conducted a study for a home security system company<\/li>\n\n\n\n<li><a href=\"https:\/\/www.sisinternational.com\/fr\/couverture\/les-ameriques\/etude-de-marche-dans-les-caraibes\/etude-de-marche-aux-bahamas\/\" title=\"\u00c9tude de march\u00e9 aux Bahamas\"  data-wpil-monitor-id=\"4180\">Market Quantitative research<\/a> study on 100 cutlery customers as well as 100 non-customers in Korea to evaluate the expansion of a US company.<\/li>\n\n\n\n<li>\u00c9tude de march\u00e9 sur les climatiseurs en Cor\u00e9e.<\/li>\n\n\n\n<li>Conducted triad focus groups to test positioning statements for a cutlery study in Korea.<\/li>\n\n\n\n<li>\u00c9tude d&#039;intelligence de march\u00e9 visant \u00e0 obtenir des informations aupr\u00e8s des consommateurs haut de gamme sur l&#039;apparence et la conception de divers appareils \u00e9lectroniques domestiques.<\/li>\n\n\n\n<li>R\u00e9alisation d&#039;une \u00e9tude de march\u00e9 pour obtenir des informations sur le d\u00e9veloppement de nouveaux concepts et la g\u00e9n\u00e9ration d&#039;id\u00e9es pour les r\u00e9frig\u00e9rateurs.<\/li>\n\n\n\n<li>Visites \u00e0 domicile aupr\u00e8s de personnes poss\u00e9dant des machines \u00e0 laver \u00e0 chargement frontal et des r\u00e9frig\u00e9rateurs \u00e0 portes fran\u00e7aises<\/li>\n\n\n\n<li>Market potential study for garbage disposals in Russia using in-depth interviews with wholesalers.<\/li>\n\n\n\n<li>R\u00e9alisation d&#039;une enqu\u00eate sur les tendances du march\u00e9 et la r\u00e9ponse du march\u00e9 concernant les produits m\u00e9nagers tels que les destructeurs d&#039;insectes naturels et les mat\u00e9riaux de peinture.<\/li>\n\n\n\n<li>Conducted in-depth interviews to assess consumer brand awareness for a home furniture firm.<\/li>\n\n\n\n<li>R\u00e9alisation d&#039;une \u00e9tude sur l&#039;attitude des consommateurs russes \u00e0 l&#039;\u00e9gard des produits et des marques d&#039;\u00e9limination des d\u00e9chets.<\/li>\n\n\n\n<li>R\u00e9alisation d&#039;une \u00e9tude de notori\u00e9t\u00e9 de marque sur le march\u00e9 nord-am\u00e9ricain du meuble.<\/li>\n\n\n\n<li>Organisation de groupes de discussion sur les besoins des consommateurs et leur satisfaction concernant les r\u00e9frig\u00e9rateurs haut de gamme.<\/li>\n\n\n\n<li>Conducted desk <a href=\"https:\/\/www.sisinternational.com\/fr\/couverture\/leurope-%ef%83%97\/etude-de-marche-saint-marin-europe\/\" title=\"\u00c9tude de march\u00e9 \u00e0 Saint-Marin, Europe\"  data-wpil-monitor-id=\"4206\">research on market<\/a> trends and major competitor trends, in-depth interviews, and focus groups for a market entry of a towel manufacturer.<\/li>\n\n\n\n<li>R\u00e9alisation d&#039;un travail de terrain sur une \u00e9tude sur les micro-ondes OTR.<\/li>\n\n\n\n<li>R\u00e9alisation d&#039;enqu\u00eates aupr\u00e8s des gangs pour pr\u00e9parer le lancement d&#039;un produit de machine \u00e0 laver en Am\u00e9rique du Nord.<\/li>\n\n\n\n<li>R\u00e9alisation d&#039;une \u00e9tude de r\u00e9ponse au march\u00e9 pour les r\u00e9frig\u00e9rateurs<\/li>\n\n\n\n<li>Conducted research study for the absorption chiller-heater study<\/li>\n\n\n\n<li>R\u00e9alisation d&#039;une \u00e9tude de recherche sur le mode de vie am\u00e9ricain et les aspirateurs<\/li>\n\n\n\n<li>Conducted a Refrigerator <a class=\"wpil_keyword_link\" href=\"https:\/\/www.sisinternational.com\/fr\/couverture\/les-ameriques\/couverture-des-etats-unis\/focus-group-in-new-york\/\"   title=\"Focus Group in New York\" data-wpil-keyword-link=\"linked\"  data-wpil-monitor-id=\"783\">focus group in New York<\/a><\/li>\n\n\n\n<li>R\u00e9alisation d&#039;une \u00e9tude Machine \u00e0 laver<\/li>\n\n\n\n<li>Etude de potentiel de march\u00e9 pour les broyeurs maison<\/li>\n\n\n\n<li>R\u00e9alisation d&#039;une \u00e9tude de conception d&#039;appareils de cuisine encastrables<\/li>\n<\/ul>\n\n\n\n<h2 class=\"wp-block-heading\">\u00c9chantillon de clients dans l&#039;industrie de l&#039;\u00e9lectrom\u00e9nager<\/h2>\n\n\n\n<ul class=\"wp-block-list\">\n<li>Cutco<\/li>\n\n\n\n<li>CE21<\/li>\n\n\n\n<li>\u00c9kornes<\/li>\n\n\n\n<li>GfK AG<\/li>\n\n\n\n<li>LG \u00c9lectronique<\/li>\n\n\n\n<li>Sans stress<\/li>\n\n\n\n<li>Samsung<\/li>\n<\/ul>\n\n\n\n<p><\/p>","protected":false},"excerpt":{"rendered":"<p>Exp\u00e9rience s\u00e9lectionn\u00e9e dans l&#039;industrie des appareils et produits \u00e9lectrom\u00e9nagers<\/p>","protected":false},"author":1,"featured_media":63615,"parent":15106,"menu_order":9,"comment_status":"closed","ping_status":"closed","template":"","meta":{"footnotes":""},"class_list":["post-19200","page","type-page","status-publish","has-post-thumbnail"],"_links":{"self":[{"href":"https:\/\/www.sisinternational.com\/fr\/wp-json\/wp\/v2\/pages\/19200","targetHints":{"allow":["GET"]}}],"collection":[{"href":"https:\/\/www.sisinternational.com\/fr\/wp-json\/wp\/v2\/pages"}],"about":[{"href":"https:\/\/www.sisinternational.com\/fr\/wp-json\/wp\/v2\/types\/page"}],"author":[{"embeddable":true,"href":"https:\/\/www.sisinternational.com\/fr\/wp-json\/wp\/v2\/users\/1"}],"replies":[{"embeddable":true,"href":"https:\/\/www.sisinternational.com\/fr\/wp-json\/wp\/v2\/comments?post=19200"}],"version-history":[{"count":8,"href":"https:\/\/www.sisinternational.com\/fr\/wp-json\/wp\/v2\/pages\/19200\/revisions"}],"predecessor-version":[{"id":80488,"href":"https:\/\/www.sisinternational.com\/fr\/wp-json\/wp\/v2\/pages\/19200\/revisions\/80488"}],"up":[{"embeddable":true,"href":"https:\/\/www.sisinternational.com\/fr\/wp-json\/wp\/v2\/pages\/15106"}],"wp:featuredmedia":[{"embeddable":true,"href":"https:\/\/www.sisinternational.com\/fr\/wp-json\/wp\/v2\/media\/63615"}],"wp:attachment":[{"href":"https:\/\/www.sisinternational.com\/fr\/wp-json\/wp\/v2\/media?parent=19200"}],"curies":[{"name":"wp","href":"https:\/\/api.w.org\/{rel}","templated":true}]}}