{"id":19191,"date":"2015-10-26T22:44:34","date_gmt":"2015-10-26T22:44:34","guid":{"rendered":"https:\/\/www.sisinternational.com\/?page_id=19191"},"modified":"2026-01-26T17:10:34","modified_gmt":"2026-01-26T22:10:34","slug":"cv-dexperience-dans-lindustrie-des-boissons-de-restauration-rapide","status":"publish","type":"page","link":"https:\/\/www.sisinternational.com\/fr\/competence\/cv-dexperience\/cv-dexperience-dans-lindustrie-des-boissons-de-restauration-rapide\/","title":{"rendered":"Exp\u00e9rience d\u2019\u00e9tude de march\u00e9 sur la restauration rapide et les boissons"},"content":{"rendered":"<h1 class=\"wp-block-heading\">Exp\u00e9rience d\u2019\u00e9tude de march\u00e9 sur la restauration rapide et les boissons<\/h1>\n\n\n\n<figure class=\"gb-block-image gb-block-image-f1a38a83\"><img loading=\"lazy\" decoding=\"async\" width=\"1456\" height=\"816\" class=\"gb-image gb-image-f1a38a83\" src=\"https:\/\/www.sisinternational.com\/wp-content\/uploads\/2025\/08\/Food-taste-testing-17.jpg\" alt=\"\u00c9tudes de march\u00e9 et strat\u00e9gie internationales SIS\" title=\"Food taste testing (17)\" srcset=\"https:\/\/www.sisinternational.com\/wp-content\/uploads\/2025\/08\/Food-taste-testing-17.jpg 1456w, https:\/\/www.sisinternational.com\/wp-content\/uploads\/2025\/08\/Food-taste-testing-17-300x168.jpg 300w, https:\/\/www.sisinternational.com\/wp-content\/uploads\/2025\/08\/Food-taste-testing-17-1024x574.jpg 1024w, https:\/\/www.sisinternational.com\/wp-content\/uploads\/2025\/08\/Food-taste-testing-17-768x430.jpg 768w, https:\/\/www.sisinternational.com\/wp-content\/uploads\/2025\/08\/Food-taste-testing-17-18x10.jpg 18w\" sizes=\"auto, (max-width: 1456px) 100vw, 1456px\"><\/figure>\n\n\n\n<p><\/p>\n\n\n\n<h2 class=\"wp-block-heading\">SIS est une soci\u00e9t\u00e9 leader en \u00e9tudes de march\u00e9. Explorez notre exp\u00e9rience pass\u00e9e.<\/h2>\n\n\n\n<ul class=\"wp-block-list\">\n<li>Organisation de deux groupes de discussion pour tester une s\u00e9rie de sandwichs pour le petit-d\u00e9jeuner.<\/li>\n\n\n\n<li>Conducted a global menu change study in over 14 countries covering Western, Central, and Eastern Europe, Asia and Latin America<\/li>\n\n\n\n<li>R\u00e9alisation d&#039;une \u00e9tude de faisabilit\u00e9 de march\u00e9 pour des emplacements de sites dans certains pays d&#039;Asie et du Moyen-Orient<\/li>\n\n\n\n<li>Conducted a site location study in Greece, Jakarta, Indonesia, and Manila, Philippines for the potential for fast food outlets<\/li>\n\n\n\n<li>R\u00e9alisation d&#039;une \u00e9tude de veille concurrentielle pour une cha\u00eene de restauration rapide au Mexique<\/li>\n\n\n\n<li>R\u00e9alisation de plusieurs \u00e9tudes de s\u00e9lection de site pour une cha\u00eene de restauration rapide au Mexique<\/li>\n\n\n\n<li>Nous avons intercept\u00e9 des consommateurs dans des \u00e9tablissements Burger King pour d\u00e9terminer leur niveau de satisfaction \u00e0 l&#039;\u00e9gard du service dans des emplacements sp\u00e9cifiques de l&#039;Indiana.<\/li>\n\n\n\n<li>Organisation de groupes de discussion avec des enfants pour d\u00e9terminer des articles promotionnels pour une cha\u00eene de restauration rapide<\/li>\n\n\n\n<li>R\u00e9alisation d&#039;une \u00e9tude sur les d\u00e9penses en technologies de l&#039;information dans l&#039;industrie de l&#039;alimentation et de la restauration rapide<\/li>\n\n\n\n<li>Conducted focus groups in the Middle East to determine menu changes for a fast food firm<\/li>\n\n\n\n<li>Organisation de groupes de discussion dans plus de 14 pays pour d\u00e9terminer une campagne publicitaire mondiale<\/li>\n\n\n\n<li><a href=\"https:\/\/www.sisinternational.com\/fr\/competence\/les-industries\/etude-de-marche-des-snacks\/\" title=\"\u00c9tude de march\u00e9 sur les collations\"  data-wpil-monitor-id=\"6441\">Snack food desk research<\/a> \u00e9tude<\/li>\n\n\n\n<li>Organisation d&#039;un groupe de discussion pour les consommateurs de smoothies \u00e0 Los Angeles et New York<\/li>\n\n\n\n<li>Conducted a qualitative study testing new menu concepts for <a href=\"https:\/\/www.sisinternational.com\/fr\/competence\/les-industries\/etude-de-marche-sur-les-franchises-de-restauration-rapide\/\" title=\"\u00c9tude de march\u00e9 sur les franchises de restauration rapide\"  data-wpil-monitor-id=\"3985\">fast food in three different markets<\/a><\/li>\n\n\n\n<li>Conducted a research project on crisp\/chips and focused on brand positioning and brand lines.<\/li>\n\n\n\n<li>R\u00e9alisation d&#039;une \u00e9tude de recherche sur le fromage danois<\/li>\n\n\n\n<li>Conducted a <a href=\"https:\/\/www.sisinternational.com\/fr\/couverture\/les-ameriques\/etude-de-marche-dans-les-caraibes\/etude-de-marche-aux-bahamas\/\" title=\"\u00c9tude de march\u00e9 aux Bahamas\"  data-wpil-monitor-id=\"4187\">research study regarding the chewing gum market<\/a><\/li>\n\n\n\n<li>Conducted a focus group with Russian immigrants in the U.S. regarding soft drinks<\/li>\n\n\n\n<li>Conducted a research study to find out the success of Korean Food Fairs<\/li>\n\n\n\n<li>R\u00e9alisation d&#039;une \u00e9tude de recherche quantitative pour comprendre la satisfaction et la volont\u00e9 \u00e0 l&#039;\u00e9gard d&#039;une grande marque de caf\u00e9<\/li>\n<\/ul>\n\n\n\n<h2 class=\"wp-block-heading\">\u00c9chantillonnage de clients actuels et pass\u00e9s dans le cadre de notre exp\u00e9rience d&#039;\u00e9tude de march\u00e9 sur la restauration rapide et les boissons<\/h2>\n\n\n\n<ul class=\"wp-block-list\">\n<li>Burger King<\/li>\n\n\n\n<li>Restaurants Carlson<\/li>\n\n\n\n<li>Kentucky Fried Chicken<\/li>\n\n\n\n<li>McDonalds<\/li>\n\n\n\n<li>Les vendredis TGI<\/li>\n\n\n\n<li>Wendy&#039;s<\/li>\n\n\n\n<li>ch\u00e2teau Blanc<\/li>\n\n\n\n<li>Soci\u00e9t\u00e9 Amitt<\/li>\n\n\n\n<li>Lavazza<\/li>\n<\/ul>\n\n\n\n<p><\/p>","protected":false},"excerpt":{"rendered":"<p>SIS est une soci\u00e9t\u00e9 leader mondial en \u00e9tudes de march\u00e9 et en conseil en strat\u00e9gie. Explorez notre exp\u00e9rience d\u2019\u00e9tude de march\u00e9 sur la restauration rapide et les boissons.<\/p>","protected":false},"author":1,"featured_media":64693,"parent":15106,"menu_order":7,"comment_status":"closed","ping_status":"closed","template":"","meta":{"footnotes":""},"class_list":["post-19191","page","type-page","status-publish","has-post-thumbnail"],"_links":{"self":[{"href":"https:\/\/www.sisinternational.com\/fr\/wp-json\/wp\/v2\/pages\/19191","targetHints":{"allow":["GET"]}}],"collection":[{"href":"https:\/\/www.sisinternational.com\/fr\/wp-json\/wp\/v2\/pages"}],"about":[{"href":"https:\/\/www.sisinternational.com\/fr\/wp-json\/wp\/v2\/types\/page"}],"author":[{"embeddable":true,"href":"https:\/\/www.sisinternational.com\/fr\/wp-json\/wp\/v2\/users\/1"}],"replies":[{"embeddable":true,"href":"https:\/\/www.sisinternational.com\/fr\/wp-json\/wp\/v2\/comments?post=19191"}],"version-history":[{"count":9,"href":"https:\/\/www.sisinternational.com\/fr\/wp-json\/wp\/v2\/pages\/19191\/revisions"}],"predecessor-version":[{"id":80024,"href":"https:\/\/www.sisinternational.com\/fr\/wp-json\/wp\/v2\/pages\/19191\/revisions\/80024"}],"up":[{"embeddable":true,"href":"https:\/\/www.sisinternational.com\/fr\/wp-json\/wp\/v2\/pages\/15106"}],"wp:featuredmedia":[{"embeddable":true,"href":"https:\/\/www.sisinternational.com\/fr\/wp-json\/wp\/v2\/media\/64693"}],"wp:attachment":[{"href":"https:\/\/www.sisinternational.com\/fr\/wp-json\/wp\/v2\/media?parent=19191"}],"curies":[{"name":"wp","href":"https:\/\/api.w.org\/{rel}","templated":true}]}}