{"id":19184,"date":"2015-10-26T20:54:09","date_gmt":"2015-10-26T20:54:09","guid":{"rendered":"https:\/\/www.sisinternational.com\/?page_id=19184"},"modified":"2025-09-16T17:31:44","modified_gmt":"2025-09-16T21:31:44","slug":"cv-dexperience-en-etudes-ethnographiques","status":"publish","type":"page","link":"https:\/\/www.sisinternational.com\/fr\/competence\/cv-dexperience\/cv-dexperience-en-etudes-ethnographiques\/","title":{"rendered":"Exp\u00e9rience d\u2019\u00e9tude de march\u00e9 ethnographique"},"content":{"rendered":"<h1 class=\"wp-block-heading\">Exp\u00e9rience d\u2019\u00e9tude de march\u00e9 ethnographique<\/h1>\n\n\n\n<figure class=\"gb-block-image gb-block-image-3c4b090e\"><img loading=\"lazy\" decoding=\"async\" width=\"1456\" height=\"816\" class=\"gb-image gb-image-3c4b090e\" src=\"https:\/\/www.sisinternational.com\/wp-content\/uploads\/2025\/09\/Nordic-market-research-4.jpg\" alt=\"\u00c9tudes de march\u00e9 et strat\u00e9gie internationales SIS\" title=\"Nordic market research (4)\" srcset=\"https:\/\/www.sisinternational.com\/wp-content\/uploads\/2025\/09\/Nordic-market-research-4.jpg 1456w, https:\/\/www.sisinternational.com\/wp-content\/uploads\/2025\/09\/Nordic-market-research-4-300x168.jpg 300w, https:\/\/www.sisinternational.com\/wp-content\/uploads\/2025\/09\/Nordic-market-research-4-1024x574.jpg 1024w, https:\/\/www.sisinternational.com\/wp-content\/uploads\/2025\/09\/Nordic-market-research-4-768x430.jpg 768w, https:\/\/www.sisinternational.com\/wp-content\/uploads\/2025\/09\/Nordic-market-research-4-18x10.jpg 18w\" sizes=\"auto, (max-width: 1456px) 100vw, 1456px\"><\/figure>\n\n\n\n<p><\/p>\n\n\n\n<ul class=\"wp-block-list\">\n<li>R\u00e9alisation de dizaines d&#039;\u00e9tudes de visites \u00e0 domicile de consommateurs sur les appareils \u00e9lectroniques et \u00e9lectrom\u00e9nagers dans la r\u00e9gion m\u00e9tropolitaine de New York.<\/li>\n\n\n\n<li>Recrutement de d\u00e9cideurs informatiques pour une \u00e9tude ethnographique dans leur bureau.<\/li>\n\n\n\n<li>R\u00e9alisation d&#039;une ethnographie en cabinet aupr\u00e8s des administrateurs d&#039;h\u00f4pitaux dans tout le pays des \u00c9tats-Unis.<\/li>\n\n\n\n<li>R\u00e9alisation d&#039;une ethnographie de visites de bureau \u00e0 faible incidence parmi les d\u00e9cideurs qui d\u00e9cident de l&#039;achat de mobilier de bureau.<\/li>\n\n\n\n<li>Recruited ethnography <a href=\"https:\/\/www.sisinternational.com\/fr\/etude-de-cas-hypothetique-deharmony-danalyse-de-consommation\/\" title=\"Consumer Analytics\u00a0: \u00e9tude de cas hypoth\u00e9tique eHarmony\"  data-wpil-monitor-id=\"8616\">study for US consumers<\/a> to profile their living habits in their homes \u2013 consumers had to agree to be video taped in their home setting.<\/li>\n\n\n\n<li>Recrutement et entretien avec des propri\u00e9taires de machines \u00e0 laver pour observer leur comportement en mati\u00e8re d&#039;utilisation des machines \u00e0 laver chez eux.<\/li>\n\n\n\n<li><a href=\"https:\/\/www.sisinternational.com\/fr\/how-to-conduct-in-depth-interviews-for-market-insights\/\" title=\"Comment mener des entretiens approfondis pour obtenir des informations sur le march\u00e9\"  data-wpil-monitor-id=\"8619\">Conducted low incidence office visit ethnographic interviews<\/a> among many hospitality and education professionals about their attitudes and behaviors in renovation and new construction.<\/li>\n\n\n\n<li>Recruited people who have high cholesterol and use drugs to treat their condition, professionals involved in cholesterol and heart health issues and those who lead extreme or analogous lifestyles governed by routine and ritual for an ethnography study about lifestyle, health and wellbeing.&nbsp; This study was conducted in Houston, Seattle, and St. Louis.<\/li>\n\n\n\n<li>Recrutement de propri\u00e9taires d&#039;aspirateurs sans sac pour surveiller leur comportement en mati\u00e8re d&#039;aspiration et de nettoyage dans leur maison<\/li>\n\n\n\n<li>Nous avons effectu\u00e9 de nombreuses visites \u00e0 domicile aupr\u00e8s de personnes poss\u00e9dant des machines \u00e0 laver \u00e0 chargement frontal et des r\u00e9frig\u00e9rateurs \u00e0 portes fran\u00e7aises.<\/li>\n\n\n\n<li>Conducted the recruitment of ethnography studies for a <a href=\"https:\/\/www.sisinternational.com\/fr\/solutions\/conseil-en-strategie\/techniques-de-generation-de-leads\/\" title=\"Entreprise de g\u00e9n\u00e9ration de leads\"  data-wpil-monitor-id=\"8617\">leading advertising firm<\/a><\/li>\n\n\n\n<li>Visites \u00e0 domicile pour mieux comprendre les habitudes de consommation de bi\u00e8re et les attitudes \u00e0 l&#039;\u00e9gard de la consommation de bi\u00e8re \u00e0 la maison et de la bi\u00e8re pression.<\/li>\n\n\n\n<li>Visites en cabinet\/entretiens approfondis avec des professionnels de la sant\u00e9 \u00e0 Boston et \u00e0 New York.<\/li>\n\n\n\n<li>Conducted one-on-one interviews, focus groups, ethnographic <a href=\"https:\/\/www.sisinternational.com\/fr\/competence\/les-industries\/etude-de-marche-sur-les-entretiens-telephoniques-assistes-par-ordinateur\/\" title=\"\u00c9tude de march\u00e9 sur les entretiens t\u00e9l\u00e9phoniques assist\u00e9s par ordinateur\"  data-wpil-monitor-id=\"8618\">interviews among drivers in a parking assistance<\/a> technology study in the NYC metro area.<\/li>\n\n\n\n<li>R\u00e9alisation d&#039;entretiens ethnographiques avec des soignants atteints de la maladie d&#039;Alzheimer.<\/li>\n\n\n\n<li>Conducted a major household electronics concept <a href=\"https:\/\/www.sisinternational.com\/fr\/analyse-des-exportations-du-campus-de-luniversite-de-letat-de-caroline-du-nord\/\" title=\"\u00c9tude de cas sur l\u2019entr\u00e9e sur le march\u00e9 mondial d\u2019une universit\u00e9\"  data-wpil-monitor-id=\"8620\">study for a global<\/a> manufacturer via home visits in several US cities.&nbsp; The challenge was that there were strict recruitment criteria, re-recruitment requirements to reschedule consecutive home visits and schedules.<\/li>\n<\/ul>\n\n\n\n<h2 class=\"wp-block-heading\">&nbsp;<\/h2>","protected":false},"excerpt":{"rendered":"<p>Exp\u00e9rience s\u00e9lectionn\u00e9e en \u00e9tudes ethnographiques avec entretiens approfondis.<\/p>","protected":false},"author":1,"featured_media":65952,"parent":15106,"menu_order":6,"comment_status":"closed","ping_status":"closed","template":"","meta":{"footnotes":""},"class_list":["post-19184","page","type-page","status-publish","has-post-thumbnail"],"_links":{"self":[{"href":"https:\/\/www.sisinternational.com\/fr\/wp-json\/wp\/v2\/pages\/19184","targetHints":{"allow":["GET"]}}],"collection":[{"href":"https:\/\/www.sisinternational.com\/fr\/wp-json\/wp\/v2\/pages"}],"about":[{"href":"https:\/\/www.sisinternational.com\/fr\/wp-json\/wp\/v2\/types\/page"}],"author":[{"embeddable":true,"href":"https:\/\/www.sisinternational.com\/fr\/wp-json\/wp\/v2\/users\/1"}],"replies":[{"embeddable":true,"href":"https:\/\/www.sisinternational.com\/fr\/wp-json\/wp\/v2\/comments?post=19184"}],"version-history":[{"count":4,"href":"https:\/\/www.sisinternational.com\/fr\/wp-json\/wp\/v2\/pages\/19184\/revisions"}],"predecessor-version":[{"id":81444,"href":"https:\/\/www.sisinternational.com\/fr\/wp-json\/wp\/v2\/pages\/19184\/revisions\/81444"}],"up":[{"embeddable":true,"href":"https:\/\/www.sisinternational.com\/fr\/wp-json\/wp\/v2\/pages\/15106"}],"wp:featuredmedia":[{"embeddable":true,"href":"https:\/\/www.sisinternational.com\/fr\/wp-json\/wp\/v2\/media\/65952"}],"wp:attachment":[{"href":"https:\/\/www.sisinternational.com\/fr\/wp-json\/wp\/v2\/media?parent=19184"}],"curies":[{"name":"wp","href":"https:\/\/api.w.org\/{rel}","templated":true}]}}