{"id":19165,"date":"2015-10-26T03:05:34","date_gmt":"2015-10-26T03:05:34","guid":{"rendered":"https:\/\/www.sisinternational.com\/?page_id=19165"},"modified":"2026-03-13T00:58:26","modified_gmt":"2026-03-13T04:58:26","slug":"cv-dexperience-dans-les-biens-de-consommation-et-emballes","status":"publish","type":"page","link":"https:\/\/www.sisinternational.com\/fr\/consumer-market-research-page\/cv-dexperience-dans-les-biens-de-consommation-et-emballes\/","title":{"rendered":"\u00c9tude de march\u00e9 sur les biens de consommation et les biens emball\u00e9s"},"content":{"rendered":"<h1 class=\"wp-block-heading\">Exp\u00e9rience en \u00e9tudes de march\u00e9 dans les industries de consommation<\/h1>\n\n\n\n<figure class=\"gb-block-image gb-block-image-619cfc43\"><img loading=\"lazy\" decoding=\"async\" width=\"1456\" height=\"816\" class=\"gb-image gb-image-619cfc43\" src=\"https:\/\/www.sisinternational.com\/wp-content\/uploads\/2025\/08\/Food-packaging-1.jpg\" alt=\"\u00c9tudes de march\u00e9 et strat\u00e9gie internationales SIS\" title=\"Food packaging (1)\" srcset=\"https:\/\/www.sisinternational.com\/wp-content\/uploads\/2025\/08\/Food-packaging-1.jpg 1456w, https:\/\/www.sisinternational.com\/wp-content\/uploads\/2025\/08\/Food-packaging-1-300x168.jpg 300w, https:\/\/www.sisinternational.com\/wp-content\/uploads\/2025\/08\/Food-packaging-1-1024x574.jpg 1024w, https:\/\/www.sisinternational.com\/wp-content\/uploads\/2025\/08\/Food-packaging-1-768x430.jpg 768w, https:\/\/www.sisinternational.com\/wp-content\/uploads\/2025\/08\/Food-packaging-1-18x10.jpg 18w\" sizes=\"auto, (max-width: 1456px) 100vw, 1456px\"><\/figure>\n\n\n\n<p><\/p>\n\n\n\n<h3 class=\"wp-block-heading\">Publicit\u00e9<\/h3>\n\n\n\n<p>Entretiens approfondis avec des dirigeants qui ach\u00e8tent de la publicit\u00e9 en Asie, en Am\u00e9rique latine et en Europe, \u00e9valuant la mani\u00e8re dont ils d\u00e9pensent leurs budgets publicitaires et leurs besoins m\u00e9diatiques.<\/p>\n\n\n\n<h3 class=\"wp-block-heading\">V\u00eatements<\/h3>\n\n\n\n<ul class=\"wp-block-list\">\n<li>\u00c9tude quantitative sur l&#039;habillement au Royaume-Uni et en Allemagne.<\/li>\n\n\n\n<li>Etude de march\u00e9 aux Etats-Unis pour l&#039;habillement f\u00e9minin.<\/li>\n\n\n\n<li>Etude de march\u00e9 aux Etats-Unis pour les v\u00eatements pour b\u00e9b\u00e9s.<\/li>\n\n\n\n<li>Etude de march\u00e9 aux USA pour les maillots de bain.<\/li>\n\n\n\n<li>Etude de march\u00e9 aux Etats-Unis pour la mode masculine.<\/li>\n\n\n\n<li>Etude de march\u00e9 aux USA pour les tissus.<\/li>\n\n\n\n<li><a href=\"https:\/\/www.sisinternational.com\/fr\/competence\/les-industries\/etude-de-marche-sur-les-vetements-de-pluie\/\" title=\"\u00c9tude de march\u00e9 sur les v\u00eatements de pluie\"  data-wpil-monitor-id=\"6839\">Market study for upscale women\u2019s apparel<\/a> and accessories.<\/li>\n\n\n\n<li>Etude de march\u00e9 des sneakers au Japon.<\/li>\n\n\n\n<li>\u00c9tude Intercept sur les magasins de v\u00eatements de niveau interm\u00e9diaire en France, en Espagne et en Cor\u00e9e du Sud<\/li>\n\n\n\n<li>Automobile<\/li>\n<\/ul>\n\n\n\n<p>Global qualitative <a href=\"https:\/\/www.sisinternational.com\/fr\/etude-de-cas-hypothetique-deharmony-danalyse-de-consommation\/\" title=\"Consumer Analytics\u00a0: \u00e9tude de cas hypoth\u00e9tique eHarmony\"  data-wpil-monitor-id=\"4334\">study of automobile drivers and consumers<\/a> in Argentina, Brazil, France, Germany, Hong Kong, Italy, Japan, Malaysia, Netherlands, Norway, Puerto Rico, Singapore, Thailand, and the UK.<\/p>\n\n\n\n<p>Enqu\u00eate am\u00e9ricaine aupr\u00e8s des consommateurs pour d\u00e9terminer leurs attitudes \u00e0 l&#039;\u00e9gard de l&#039;utilisation de l&#039;essence super.<\/p>\n\n\n\n<p>R\u00e9alisation de groupes de discussion avec des consommateurs ayant achet\u00e9 des voitures haut de gamme.<\/p>\n\n\n\n<h3 class=\"wp-block-heading\">Beverage&nbsp; &#8211; Non Alcoholic<\/h3>\n\n\n\n<ul class=\"wp-block-list\">\n<li>Analyse du march\u00e9 des cafeti\u00e8res japonaises.<\/li>\n\n\n\n<li>Organisation d&#039;un panel de discussion entre m\u00e8res et c\u00e9libataires pour un fabricant de jus.<\/li>\n\n\n\n<li>Conducted <a href=\"https:\/\/www.sisinternational.com\/fr\/solutions\/groupes-de-discussion\/groupes-de-discussion-sur-lalcool\/\" title=\"Groupes de discussion sur l&#039;alcool : boissons alcoolis\u00e9es et non alcoolis\u00e9es\u00a0\"  data-wpil-monitor-id=\"1602\">focus groups for global beverage<\/a> company.<\/li>\n\n\n\n<li>Enqu\u00eate d&#039;information sur le march\u00e9 pour d\u00e9terminer la taille du march\u00e9, le potentiel et la distribution optimale d&#039;une boisson du Mexique vers l&#039;Inde.<\/li>\n<\/ul>\n\n\n\n<h3 class=\"wp-block-heading\">Boissons \u2013 Alcoolis\u00e9es<\/h3>\n\n\n\n<ul class=\"wp-block-list\">\n<li>Organisation de groupes de discussion pour une nouvelle canette de bi\u00e8re aux \u00c9tats-Unis.<\/li>\n\n\n\n<li>Etude quantitative pour un nouveau concept de produit pour la bi\u00e8re aux Etats-Unis.<\/li>\n\n\n\n<li>R\u00e9alisation de groupes de discussion sur la vodka aux \u00c9tats-Unis.<\/li>\n<\/ul>\n\n\n\n<h3 class=\"wp-block-heading\">Cartes de cr\u00e9dit<\/h3>\n\n\n\n<p>R\u00e9alisation d&#039;une \u00e9tude quantitative mondiale sur l&#039;utilisation des cartes de cr\u00e9dit par les consommateurs en Europe, en Afrique du Sud, au Moyen-Orient, en Asie et en Am\u00e9rique latine.<\/p>\n\n\n\n<h3 class=\"wp-block-heading\">\u00c9tudes sur les pr\u00e9f\u00e9rences des consommateurs<\/h3>\n\n\n\n<ul class=\"wp-block-list\">\n<li>\u00c9tude quantitative qui a d\u00e9termin\u00e9 les pr\u00e9f\u00e9rences des consommateurs en mati\u00e8re d&#039;\u00e9quipement d&#039;imagerie.<\/li>\n\n\n\n<li>Interview\u00e9 des femmes ais\u00e9es pour \u00e9tudier leurs habitudes de d\u00e9penses.<\/li>\n\n\n\n<li>R\u00e9alisation d&#039;une \u00e9tude pour d\u00e9terminer si le magasin d&#039;une marque particuli\u00e8re est conforme ou non \u00e0 son identit\u00e9 de marque globale.<\/li>\n<\/ul>\n\n\n\n<h3 class=\"wp-block-heading\">\u00c9tudes de lectorat consommateur<\/h3>\n\n\n\n<p>\u00c9valuation des tendances de lecture des publications en Am\u00e9rique latine, d\u00e9terminant qui lit des magazines s\u00e9lectionn\u00e9s, leurs attitudes et leur niveau d&#039;utilisation.<\/p>\n\n\n\n<h3 class=\"wp-block-heading\">\u00c9tudes de veille concurrentielle<\/h3>\n\n\n\n<ul class=\"wp-block-list\">\n<li>\u00c9tude quantitative couvrant les \u00c9tats-Unis, Porto Rico et la R\u00e9publique dominicaine pour d\u00e9terminer quels produits comp\u00e9titifs sont fabriqu\u00e9s dans ces pays et comment ils sont promus.<\/li>\n\n\n\n<li>Etude de business intelligence sur l&#039;environnement concurrentiel du march\u00e9 de la coutellerie en Europe et en Am\u00e9rique Latine.<\/li>\n\n\n\n<li>Recherche sur le terrain pour localiser et acheter des cafeti\u00e8res comp\u00e9titives au Royaume-Uni, en Espagne et en Allemagne.<\/li>\n\n\n\n<li>\u00c9valuation de syst\u00e8mes de filtration d&#039;air comp\u00e9titifs pour les consommateurs en Italie, en France, en Allemagne, au Royaume-Uni et en Espagne.<\/li>\n\n\n\n<li>\u00c9valuation concurrentielle des produits de traitement de l&#039;air et des syst\u00e8mes de filtration.<\/li>\n\n\n\n<li>Profils des concurrents des grandes entreprises de produits de consommation\u00a0: leur strat\u00e9gie mondiale, la mondialisation des produits cl\u00e9s, les succ\u00e8s et les \u00e9checs de leur marque mondiale.<\/li>\n\n\n\n<li>Analyse concurrentielle des d\u00e9partements R&amp;D des grandes entreprises de produits de consommation.<\/li>\n\n\n\n<li><a href=\"https:\/\/www.sisinternational.com\/fr\/competence\/les-industries\/etude-de-marche-de-la-mode\/\" title=\"\u00c9tude de march\u00e9 de la mode et de l&#039;habillement\"  data-wpil-monitor-id=\"7116\">Market intelligence study covering apparel<\/a> and infant wear offerings of mass merchandisers in the retail industry.<\/li>\n\n\n\n<li>Cr\u00e9ation d&#039;un profil de concurrent pour une importante entreprise de produits de consommation.<\/li>\n\n\n\n<li>Global strategy competitive assessment for <a href=\"https:\/\/www.sisinternational.com\/fr\/solutions\/conseil-en-strategie\/intelligence-de-lemballage\/\" title=\"Consumer Packaging Strategy Solutions\"  data-wpil-monitor-id=\"6760\">consommateur<\/a> goods and packaged foods supplier.<\/li>\n\n\n\n<li>Analyse de la r\u00e9organisation d&#039;un acteur majeur de l&#039;industrie des produits de grande consommation et de ses implications pour l&#039;entreprise.<\/li>\n\n\n\n<li>Entretiens en magasin avec des propri\u00e9taires d&#039;entreprise \u00e0 Chinatown, New York.<\/li>\n\n\n\n<li>\u00c9tude de veille concurrentielle sur les march\u00e9s des lentilles de contact et des solutions de contact aux \u00c9tats-Unis<\/li>\n\n\n\n<li>R\u00e9alisation d&#039;une analyse de la concurrence sur les march\u00e9s des soins aromatiques et des destructeurs d&#039;insectes aux \u00c9tats-Unis.<\/li>\n<\/ul>\n\n\n\n<h3 class=\"wp-block-heading\">\u00c9lectronique<\/h3>\n\n\n\n<ul class=\"wp-block-list\">\n<li>R\u00e9alisation d&#039;enqu\u00eates aupr\u00e8s des consommateurs pour d\u00e9terminer leurs pr\u00e9f\u00e9rences en mati\u00e8re d&#039;\u00e9quipement \u00e9lectronique grand public.<\/li>\n\n\n\n<li>Conducted <a href=\"https:\/\/www.sisinternational.com\/fr\/competence\/les-industries\/etude-de-marche-des-biens-de-consommation\/\" title=\"\u00c9tude de march\u00e9 des biens de consommation\"  data-wpil-monitor-id=\"6283\">consumer surveys in the digital camera market<\/a>.<\/li>\n\n\n\n<li>Organisation de groupes de discussion pour les consommateurs am\u00e9ricains afin de tester de nouveaux produits de consommation sur le march\u00e9 des appareils photo num\u00e9riques.<\/li>\n\n\n\n<li>R\u00e9alisation d&#039;une \u00e9tude de march\u00e9 nationale et internationale concernant les t\u00e9l\u00e9viseurs \u00e0 \u00e9cran plat plasma et LCD.<\/li>\n\n\n\n<li>R\u00e9alisation de groupes de discussion avec des consommateurs pour analyser les facteurs qui d\u00e9terminent l&#039;attrait des clients pour les contenus de d\u00e9monstration affich\u00e9s dans un magasin.<\/li>\n\n\n\n<li>R\u00e9alisation d&#039;entretiens approfondis avec les concessionnaires pour comprendre comment les concessionnaires utilisent le contenu de d\u00e9monstration pour promouvoir les ventes.<\/li>\n\n\n\n<li>R\u00e9alisation d&#039;une \u00e9tude quantitative internationale sur la t\u00e9l\u00e9vision pour d\u00e9terminer les attitudes et les habitudes d&#039;utilisation des clients de t\u00e9l\u00e9vision en Inde, en Chine, au Royaume-Uni et aux \u00c9tats-Unis.<\/li>\n\n\n\n<li>Animation de groupes de discussion sur l&#039;utilisation du MP3.<\/li>\n\n\n\n<li>Etude de march\u00e9 sur les rappels TV.<\/li>\n\n\n\n<li>R\u00e9alisation d&#039;une \u00e9tude d&#039;interception des consommateurs dans un grand centre de congr\u00e8s de New York.<\/li>\n\n\n\n<li>R\u00e9alisation d&#039;une \u00e9tude pour comprendre comment les gens utilisent un programme informatique particulier et comment la d\u00e9cision d&#039;achat a \u00e9t\u00e9 influenc\u00e9e et prise au sein d&#039;entreprises de diff\u00e9rentes tailles.<\/li>\n\n\n\n<li>R\u00e9alisation d&#039;une \u00e9tude de recherche sur les utilisateurs du syst\u00e8me d&#039;exploitation Mac.<\/li>\n\n\n\n<li>Organisation de groupes de discussion d&#039;utilisateurs de t\u00e9l\u00e9phones mobiles refl\u00e9tant la part de march\u00e9 des plus grandes marques.<\/li>\n\n\n\n<li>Conducted research study to understand <a href=\"https:\/\/www.sisinternational.com\/fr\/la-base-neurobiologique-du-choix-du-consommateur\/\" title=\"\u00c9tude de march\u00e9 sur le neuromarketing grand public\"  data-wpil-monitor-id=\"2682\">market<\/a> response to the existing Blu-ray player and to examine consumer needs and attitude towards the player.<\/li>\n\n\n\n<li>R\u00e9alisation d&#039;une \u00e9tude de faisabilit\u00e9 pour \u00e9valuer le lancement de produits audiovisuels sur divers march\u00e9s asiatiques.<\/li>\n\n\n\n<li>Entretiens men\u00e9s en Isra\u00ebl et en Afrique du Sud avec des d\u00e9cideurs en mati\u00e8re d&#039;achat de t\u00e9l\u00e9viseurs qui avaient r\u00e9cemment achet\u00e9 un t\u00e9l\u00e9viseur LCD<\/li>\n\n\n\n<li>R\u00e9alisation d&#039;une \u00e9tude qualitative sur le home cin\u00e9ma.<\/li>\n\n\n\n<li>Conducted focus groups and qualitative <a href=\"https:\/\/www.sisinternational.com\/fr\/competence\/les-industries\/etude-de-marche-sur-la-conception-demballages\/\" title=\"\u00c9tude de march\u00e9 sur la conception d\u2019emballages\"  data-wpil-monitor-id=\"6193\">research on a new headphone packaging<\/a> program.<\/li>\n<\/ul>\n\n\n\n<h3 class=\"wp-block-heading\">Les biens de consommation \u00e0 rotation rapide<\/h3>\n\n\n\n<ul class=\"wp-block-list\">\n<li>\u00c9valu\u00e9 les plus grandes entreprises mondiales de produits emball\u00e9s sur une base r\u00e9gionale.<\/li>\n\n\n\n<li>J&#039;ai interview\u00e9 des PDG d&#039;entreprises de produits de consommation de taille moyenne pour d\u00e9terminer les enjeux strat\u00e9giques auxquels leurs entreprises sont confront\u00e9es.<\/li>\n\n\n\n<li>Nous avons men\u00e9 des entretiens CATI avec des consommateurs ordinaires qui ont fait leurs achats dans diff\u00e9rents supermarch\u00e9s de la grande r\u00e9gion de Londres afin d&#039;\u00e9valuer leur exp\u00e9rience d&#039;achat et leurs besoins.<\/li>\n<\/ul>\n\n\n\n<h3 class=\"wp-block-heading\">Aptitude<\/h3>\n\n\n\n<ul class=\"wp-block-list\">\n<li>R\u00e9alisation de groupes de discussion dans des gymnases de Chicago et de Los Angeles pour tester une nouvelle montre.<\/li>\n\n\n\n<li>R\u00e9alisation d&#039;une \u00e9tude sur les attitudes des consommateurs am\u00e9ricains \u00e0 l&#039;\u00e9gard de la forme physique.<\/li>\n\n\n\n<li>Organisation de groupes de discussion \u00e0 San Francisco avec des consommateurs concernant leur acceptation d&#039;un nouveau produit de nutrition g\u00e9n\u00e9rale.<\/li>\n\n\n\n<li>\u00c9valuation du march\u00e9 du fitness en Europe.<\/li>\n\n\n\n<li>R\u00e9alisation d&#039;un pr\u00e9-test publicitaire pour la publicit\u00e9 de produits de fitness grand public aux \u00c9tats-Unis.<\/li>\n<\/ul>\n\n\n\n<h3 class=\"wp-block-heading\">Appareils et produits m\u00e9nagers<\/h3>\n\n\n\n<ul class=\"wp-block-list\">\n<li>Veille concurrentielle continue pour un fabricant et distributeur d&#039;une grande vari\u00e9t\u00e9 de produits m\u00e9nagers.<\/li>\n\n\n\n<li>R\u00e9alisation d&#039;entretiens et de visites \u00e0 domicile aupr\u00e8s d&#039;acheteurs r\u00e9cents d&#039;aspirateurs sans sac aux \u00c9tats-Unis.<\/li>\n\n\n\n<li>Etude de recherche et d\u00e9veloppement pour de nouvelles id\u00e9es de produits pour cuisines et salles de bains<\/li>\n\n\n\n<li>\u00c9tudes de veille commerciale et de veille concurrentielle sur les tendances en mati\u00e8re de r\u00e9novation et de d\u00e9coration de maisons.<\/li>\n\n\n\n<li>Analyse du march\u00e9 des plantes domestiques.<\/li>\n\n\n\n<li><a href=\"https:\/\/www.sisinternational.com\/fr\/competence\/les-industries\/etude-de-marche-sur-les-circuits-electroniques\/\" title=\"\u00c9tude de march\u00e9 sur les circuits \u00e9lectroniques\"  data-wpil-monitor-id=\"6925\">Market feasibility study for household electronic<\/a> air fresheners and insecticides in Germany and Brazil.<\/li>\n\n\n\n<li>Groupes de discussion pour les consommateurs sur leurs attitudes \u00e0 l&#039;\u00e9gard d&#039;une nouvelle g\u00e9n\u00e9ration de mixeurs au Royaume-Uni, en France et en Allemagne.<\/li>\n\n\n\n<li>Etude de march\u00e9 aux Etats-Unis pour l&#039;ameublement.<\/li>\n\n\n\n<li>Etude de march\u00e9 aux USA pour les sets de table.<\/li>\n\n\n\n<li>R\u00e9alisation d&#039;interceptions de courrier pour une \u00e9tude sur les climatiseurs et les d\u00e9shumidificateurs aux \u00c9tats-Unis.<\/li>\n\n\n\n<li>R\u00e9alisation d&#039;une \u00e9tude de march\u00e9 sur les cafeti\u00e8res au Japon, en Allemagne, en Espagne et au Royaume-Uni.<\/li>\n\n\n\n<li>R\u00e9alisation d&#039;une \u00e9tude sur la coutellerie en Europe, en Asie et en Am\u00e9rique latine.<\/li>\n\n\n\n<li>R\u00e9alisation d&#039;une \u00e9tude pour obtenir des informations aupr\u00e8s des consommateurs haut de gamme sur l&#039;apparence et la conception de divers appareils \u00e9lectroniques domestiques.<\/li>\n\n\n\n<li>R\u00e9alisation d&#039;une \u00e9tude de march\u00e9 pour obtenir des informations sur le d\u00e9veloppement de nouveaux concepts et la g\u00e9n\u00e9ration d&#039;id\u00e9es pour les r\u00e9frig\u00e9rateurs.<\/li>\n\n\n\n<li>R\u00e9alisation d&#039;une \u00e9tude pour une entreprise de syst\u00e8mes de s\u00e9curit\u00e9 domestique<\/li>\n\n\n\n<li>Visites \u00e0 domicile aupr\u00e8s de personnes poss\u00e9dant des machines \u00e0 laver \u00e0 chargement frontal et des r\u00e9frig\u00e9rateurs \u00e0 porte fran\u00e7aise<\/li>\n\n\n\n<li>R\u00e9alisation de groupes de discussion pour les consommateurs sur leur opinion sur les futurs concepts de machines \u00e0 caf\u00e9<\/li>\n<\/ul>\n\n\n\n<h3 class=\"wp-block-heading\">Enregistreur IC<\/h3>\n\n\n\n<p>\u00c9tude de march\u00e9 pour les enregistreurs IC aux \u00c9tats-Unis, examinant les offres de produits des points de vente au d\u00e9tail.<\/p>\n\n\n\n<h3 class=\"wp-block-heading\">Juv\u00e9nile<\/h3>\n\n\n\n<ul class=\"wp-block-list\">\n<li>\u00c9valuation du march\u00e9 du mode de vie juv\u00e9nile.<\/li>\n\n\n\n<li>R\u00e9alisation d&#039;une enqu\u00eate sur l&#039;utilisation du t\u00e9l\u00e9phone portable par les adolescents.<\/li>\n\n\n\n<li>Organisation de groupes de discussion au Japon et au Royaume-Uni pour d\u00e9terminer les concurrents d&#039;une s\u00e9rie de livres pour enfants populaire vendue par un important d\u00e9taillant de livres.<\/li>\n\n\n\n<li>R\u00e9alisation d&#039;entretiens approfondis sur l&#039;utilisation des couches.<\/li>\n\n\n\n<li>R\u00e9alisation du recrutement et conception d&#039;un filtre pour les IDI de m\u00e8res avec des nourrissons.<\/li>\n<\/ul>\n\n\n\n<h3 class=\"wp-block-heading\">Produits de luxe<\/h3>\n\n\n\n<p>R\u00e9alisation d&#039;une \u00e9tude de bijouterie pour une entreprise haut de gamme.<\/p>\n\n\n\n<h3 class=\"wp-block-heading\">Etudes de repositionnement du march\u00e9<\/h3>\n\n\n\n<p>R\u00e9alisation d&#039;une \u00e9tude sur le Canada francophone afin de d\u00e9terminer la litt\u00e9rature concurrentielle et le repositionnement des produits de consommation.<\/p>\n\n\n\n<h3 class=\"wp-block-heading\">\u00c9tudes de segmentation du march\u00e9<\/h3>\n\n\n\n<ul class=\"wp-block-list\">\n<li>Evaluation of the market size, segmentation, distribution, wholesale, retail pricing, and potential acquisition candidates for the mattress <a href=\"https:\/\/www.sisinternational.com\/fr\/etude-de-marche-tijuana-mexique\/\" title=\"Etude de march\u00e9 \u00e0 Tijuana, Mexique\"  data-wpil-monitor-id=\"6924\">market in Mexico<\/a>.<\/li>\n\n\n\n<li>\u00c9tudes de suivi des concurrents et des segments de march\u00e9 dans les secteurs des soins personnels et des produits m\u00e9nagers afin d&#039;identifier les opportunit\u00e9s de march\u00e9 sur les march\u00e9s \u00e9tablis et \u00e9mergents.<\/li>\n<\/ul>\n\n\n\n<h3 class=\"wp-block-heading\">Produits de rasoir pour hommes<\/h3>\n\n\n\n<ul class=\"wp-block-list\">\n<li>Etude quantitative europ\u00e9enne sur un nouveau produit de rasoir pour hommes.<\/li>\n\n\n\n<li>Interviewed barbers and African American men who shave their heads and\/or faces with razors to analyze a variety of facial care and shaving products.<\/li>\n<\/ul>\n\n\n\n<h3 class=\"wp-block-heading\">Emballage<\/h3>\n\n\n\n<ul class=\"wp-block-list\">\n<li>Enqu\u00eate sur les emballages \u00e0 l&#039;\u00e9preuve des enfants aux \u00c9tats-Unis sur l&#039;attitude des clients \u00e0 l&#039;\u00e9gard des emballages \u00e0 fermeture traditionnels par rapport aux emballages blister.<\/li>\n\n\n\n<li>Conducted recruitment and moderation of high-end headphone users for packaging design study.<\/li>\n<\/ul>\n\n\n\n<h3 class=\"wp-block-heading\">\u00c9tudes psychographiques<\/h3>\n\n\n\n<ul class=\"wp-block-list\">\n<li>Organisation de plusieurs groupes de discussion sur le niveau de vie des groupes hispaniques et asiatiques.<\/li>\n\n\n\n<li>Organisation de groupes de discussion analysant les attitudes de diff\u00e9rents groupes ethniques envers diff\u00e9rents types de musique.<\/li>\n\n\n\n<li>R\u00e9alisation d&#039;entretiens approfondis pour une \u00e9tude qualitative sur la compr\u00e9hension des associations de consommateurs avec des marques nouvelles et existantes.<\/li>\n<\/ul>\n\n\n\n<h3 class=\"wp-block-heading\">Montres<\/h3>\n\n\n\n<p>Utilisation des montres grand public aux \u00c9tats-Unis\u00a0: donn\u00e9es d\u00e9mographiques, attitudes et prix pour le positionnement sur le march\u00e9.<\/p>\n\n\n\n<h2 class=\"wp-block-heading\">\u00c9chantillon de nos clients pass\u00e9s et pr\u00e9sents<\/h2>\n\n\n\n<h2 class=\"wp-block-heading\">&nbsp;<\/h2>\n\n\n\n<ul class=\"wp-block-list\">\n<li>L\u2019\u00e8re de la publicit\u00e9 internationale<\/li>\n\n\n\n<li>Produits pour la maison am\u00e9ricains<\/li>\n\n\n\n<li>Soci\u00e9t\u00e9 Amway<\/li>\n\n\n\n<li>Pomme<\/li>\n\n\n\n<li>Bausch &amp; Lomb<\/li>\n\n\n\n<li>Technologie Biomist<\/li>\n\n\n\n<li>Cartier<\/li>\n\n\n\n<li>Soci\u00e9t\u00e9 de surveillance citoyenne<\/li>\n\n\n\n<li>Association des fabricants de fermetures<\/li>\n\n\n\n<li>Soci\u00e9t\u00e9 Colgate-Palmolive<\/li>\n\n\n\n<li>Coors<\/li>\n\n\n\n<li>Dekko Technologies de chauffage<\/li>\n\n\n\n<li>Soci\u00e9t\u00e9 Eastman Kodak<\/li>\n\n\n\n<li>Estee Lauder<\/li>\n\n\n\n<li>Farallon Capitale<\/li>\n\n\n\n<li>Ford Motor Company<\/li>\n\n\n\n<li>Orientation mondiale<\/li>\n\n\n\n<li>Grolsch<\/li>\n\n\n\n<li>Heineken<\/li>\n\n\n\n<li>Infocom. International<\/li>\n\n\n\n<li>IPS<\/li>\n\n\n\n<li>Jacob Javits<\/li>\n\n\n\n<li>LG<\/li>\n<\/ul>\n\n\n\n<ul class=\"wp-block-list\">\n<li>Vie Fitness<\/li>\n\n\n\n<li>Mars<\/li>\n\n\n\n<li>Mastercard Internationale<\/li>\n\n\n\n<li>Philip Morris<\/li>\n\n\n\n<li>Polaro\u00efd<\/li>\n\n\n\n<li>Procter et Gamble<\/li>\n\n\n\n<li>Recherche en table ronde<\/li>\n\n\n\n<li>Samsung<\/li>\n\n\n\n<li>Cire SC Johnson<\/li>\n\n\n\n<li>Seagrammes<\/li>\n\n\n\n<li>Sennheiser<\/li>\n\n\n\n<li>\u00c9toile du soleil<\/li>\n\n\n\n<li>Synovate<\/li>\n\n\n\n<li>TESCO<\/li>\n\n\n\n<li>La soci\u00e9t\u00e9 Dial<\/li>\n\n\n\n<li>La soci\u00e9t\u00e9 Gillette<\/li>\n\n\n\n<li>Heure internationale<\/li>\n\n\n\n<li>Toys r us<\/li>\n\n\n\n<li>Unilever<\/li>\n\n\n\n<li>Visa International<\/li>\n\n\n\n<li>Groupe Warner Lambert Chicl\u00e9<\/li>\n\n\n\n<li>Soci\u00e9t\u00e9 Whirlpool<\/li>\n\n\n\n<li>Wyeth Nutritionnel<\/li>\n<\/ul>\n\n\n\n<h2 class=\"wp-block-heading\"><a href=\"https:\/\/www.sisinternational.com\/fr\/about-sis\/contact-sis-international-market-research\/\">Contactez-nous pour votre prochain projet d\u2019\u00e9tude de march\u00e9 de consommation.<\/a><\/h2>","protected":false},"excerpt":{"rendered":"<p>Exp\u00e9rience s\u00e9lectionn\u00e9e dans les industries de consommation<\/p>","protected":false},"author":1,"featured_media":63800,"parent":84529,"menu_order":5,"comment_status":"closed","ping_status":"closed","template":"","meta":{"footnotes":""},"class_list":["post-19165","page","type-page","status-publish","has-post-thumbnail"],"_links":{"self":[{"href":"https:\/\/www.sisinternational.com\/fr\/wp-json\/wp\/v2\/pages\/19165","targetHints":{"allow":["GET"]}}],"collection":[{"href":"https:\/\/www.sisinternational.com\/fr\/wp-json\/wp\/v2\/pages"}],"about":[{"href":"https:\/\/www.sisinternational.com\/fr\/wp-json\/wp\/v2\/types\/page"}],"author":[{"embeddable":true,"href":"https:\/\/www.sisinternational.com\/fr\/wp-json\/wp\/v2\/users\/1"}],"replies":[{"embeddable":true,"href":"https:\/\/www.sisinternational.com\/fr\/wp-json\/wp\/v2\/comments?post=19165"}],"version-history":[{"count":12,"href":"https:\/\/www.sisinternational.com\/fr\/wp-json\/wp\/v2\/pages\/19165\/revisions"}],"predecessor-version":[{"id":80680,"href":"https:\/\/www.sisinternational.com\/fr\/wp-json\/wp\/v2\/pages\/19165\/revisions\/80680"}],"up":[{"embeddable":true,"href":"https:\/\/www.sisinternational.com\/fr\/wp-json\/wp\/v2\/pages\/84529"}],"wp:featuredmedia":[{"embeddable":true,"href":"https:\/\/www.sisinternational.com\/fr\/wp-json\/wp\/v2\/media\/63800"}],"wp:attachment":[{"href":"https:\/\/www.sisinternational.com\/fr\/wp-json\/wp\/v2\/media?parent=19165"}],"curies":[{"name":"wp","href":"https:\/\/api.w.org\/{rel}","templated":true}]}}