{"id":19158,"date":"2015-10-26T02:34:59","date_gmt":"2015-10-26T02:34:59","guid":{"rendered":"https:\/\/www.sisinternational.com\/?page_id=19158"},"modified":"2026-01-24T21:18:08","modified_gmt":"2026-01-25T02:18:08","slug":"cv-dexperience-dans-les-industries-chimiques-et-energetiques","status":"publish","type":"page","link":"https:\/\/www.sisinternational.com\/fr\/competence\/cv-dexperience\/cv-dexperience-dans-les-industries-chimiques-et-energetiques\/","title":{"rendered":"Soci\u00e9t\u00e9 d\u2019\u00e9tudes de march\u00e9 sur la chimie et l\u2019\u00e9nergie"},"content":{"rendered":"<h1 class=\"wp-block-heading\">Soci\u00e9t\u00e9 d\u2019\u00e9tudes de march\u00e9 sur la chimie et l\u2019\u00e9nergie<\/h1>\n\n\n\n<figure class=\"gb-block-image gb-block-image-b6cf8439\"><img loading=\"lazy\" decoding=\"async\" width=\"1456\" height=\"816\" class=\"gb-image gb-image-b6cf8439\" src=\"https:\/\/www.sisinternational.com\/wp-content\/uploads\/2025\/09\/Chemicals-2-1.jpg\" alt=\"\u00c9tudes de march\u00e9 et strat\u00e9gie internationales SIS\" title=\"Chemicals (2)\" srcset=\"https:\/\/www.sisinternational.com\/wp-content\/uploads\/2025\/09\/Chemicals-2-1.jpg 1456w, https:\/\/www.sisinternational.com\/wp-content\/uploads\/2025\/09\/Chemicals-2-1-300x168.jpg 300w, https:\/\/www.sisinternational.com\/wp-content\/uploads\/2025\/09\/Chemicals-2-1-1024x574.jpg 1024w, https:\/\/www.sisinternational.com\/wp-content\/uploads\/2025\/09\/Chemicals-2-1-768x430.jpg 768w, https:\/\/www.sisinternational.com\/wp-content\/uploads\/2025\/09\/Chemicals-2-1-18x10.jpg 18w\" sizes=\"auto, (max-width: 1456px) 100vw, 1456px\"><\/figure>\n\n\n\n<p><\/p>\n\n\n\n<ul class=\"wp-block-list\">\n<li>\u00c9tude de veille concurrentielle sur la fabrication \u00e0 fa\u00e7on de pr\u00e9-polym\u00e8res.<\/li>\n\n\n\n<li>\u00c9tude de positionnement mondial du produit sur le march\u00e9 des protecteurs de surtension.<\/li>\n\n\n\n<li>R\u00e9alisation d&#039;une \u00e9tude mondiale de renseignement sur les fabricants de panneaux solaires.<\/li>\n\n\n\n<li>Market structure study of the Phenolic <a href=\"https:\/\/www.sisinternational.com\/fr\/competence\/les-industries\/etude-de-marche-sur-la-resine\/\" title=\"\u00c9tude de march\u00e9 sur la r\u00e9sine\"  data-wpil-monitor-id=\"6915\">Resin<\/a> market in the US for a competitor analysis.<\/li>\n\n\n\n<li>R\u00e9alisation d&#039;une \u00e9tude mondiale majeure sur l&#039;image de l&#039;entreprise aupr\u00e8s de cadres de haut niveau, de principaux leaders d&#039;opinion, de dirigeants, de parties prenantes et de repr\u00e9sentants gouvernementaux d&#039;une grande soci\u00e9t\u00e9 p\u00e9troli\u00e8re et gazi\u00e8re europ\u00e9enne.<\/li>\n\n\n\n<li>\u00c9tude de la structure du march\u00e9 de la r\u00e9sine \u00e9poxy aux \u00c9tats-Unis pour une analyse de la concurrence.<\/li>\n\n\n\n<li>Etude concurrentielle de la production d&#039;un pesticide par une entreprise en Isra\u00ebl.<\/li>\n\n\n\n<li>Profil concurrent d&#039;un producteur de produits chimiques inorganiques en France.<\/li>\n\n\n\n<li>Global monthly <a class=\"wpil_keyword_link\" href=\"https:\/\/www.sisinternational.com\/fr\/bulletin\/\"   title=\"Abonnez-vous \u00e0 notre newsletter\" data-wpil-keyword-link=\"linked\"  data-wpil-monitor-id=\"784\">bulletin<\/a> that focused on its peer competitors in Europe, new products and applications in the plastics, glass, and rubber segments of the automotive industry.<\/li>\n\n\n\n<li>Etude de march\u00e9 de l&#039;ETP ignifuge en Chine.<\/li>\n\n\n\n<li>\u00c9tude sur la taille, le potentiel et la structure du march\u00e9 de l&#039;industrie des fermetures aux \u00c9tats-Unis.<\/li>\n\n\n\n<li>Etude sur l&#039;\u00e9tat des emballages blister par rapport aux emballages \u00e0 fermetures traditionnelles.<\/li>\n\n\n\n<li>Study for the global <a href=\"https:\/\/www.sisinternational.com\/fr\/competence\/etude-de-marche-sur-les-produits-chimiques-en-vrac\/\" title=\"\u00c9tude de march\u00e9 sur les produits chimiques en vrac\"  data-wpil-monitor-id=\"2117\">market opportunities in the auto chemicals<\/a> market, covering the UK, France, Germany, Spain, Italy, and the Benelux countries.<\/li>\n\n\n\n<li>Analyzed the <a href=\"https:\/\/www.sisinternational.com\/fr\/analyse-de-lindustrie-textile\/\" title=\"\u00c9tude de march\u00e9 textile\"  data-wpil-monitor-id=\"7321\">market feasibility for enzymes in the textile<\/a> industry in China by surveying over 100 plants, dye houses, and distributors throughout China.<\/li>\n\n\n\n<li>\u00c9tude d&#039;intelligence de march\u00e9 pour le march\u00e9 des solutions de comptoir aux \u00c9tats-Unis.<\/li>\n\n\n\n<li>\u00c9tude de veille concurrentielle sur l\u2019industrie des surfaces solides.<\/li>\n\n\n\n<li>\u00c9tude quantitative d&#039;image de marque pour les produits de nettoyage industriels aux \u00c9tats-Unis et en Europe par segments de march\u00e9 d&#039;utilisation finale.<\/li>\n\n\n\n<li>R\u00e9alisation d&#039;une \u00e9tude sur la taille et l&#039;\u00e9valuation du march\u00e9 am\u00e9ricain des r\u00e9sines ph\u00e9noliques et de leurs segments de march\u00e9 d&#039;utilisation finale.<\/li>\n\n\n\n<li>R\u00e9alisation d&#039;une \u00e9tude \u00e9valuant certains m\u00e9langes de polym\u00e8res et d&#039;oligom\u00e8res utilis\u00e9s pour cr\u00e9er des mousses de polyur\u00e9thane sp\u00e9cialis\u00e9es.<\/li>\n\n\n\n<li>R\u00e9alisation d&#039;un nouveau projet de d\u00e9veloppement commercial pour un nouveau dispositif de prise de s\u00e9curit\u00e9.<\/li>\n\n\n\n<li>Suivi mensuel des fabricants de produits chimiques europ\u00e9ens.<\/li>\n\n\n\n<li>Etude des prix comp\u00e9titifs des engrais en Australie et en France.<\/li>\n\n\n\n<li>Rapports trimestriels sur les activit\u00e9s concurrentielles des producteurs de brome au Japon.<\/li>\n\n\n\n<li>Etude de march\u00e9 qui a d\u00e9termin\u00e9 la taille du march\u00e9 des produits d\u00e9sinfectants dans les h\u00f4pitaux et les h\u00f4tels.<\/li>\n\n\n\n<li>Audit d&#039;informations strat\u00e9giques pour un fabricant leader mondial de verres sp\u00e9ciaux et de mat\u00e9riaux inorganiques associ\u00e9s\u00a0: interview des dirigeants cl\u00e9s de l&#039;entreprise, analyse du flux et des sources d&#039;informations et d\u00e9veloppement d&#039;un syst\u00e8me de suivi BI\/CI pour le personnel de R&amp;D au sein de l&#039;entreprise.<\/li>\n\n\n\n<li>Profil des concurrents d&#039;un conglom\u00e9rat europ\u00e9en ayant des int\u00e9r\u00eats dans le p\u00e9trole, le p\u00e9trole brut, l&#039;\u00e9nergie, les produits chimiques et les services financiers.<\/li>\n\n\n\n<li>Audit d&#039;informations strat\u00e9giques pour une grande entreprise de services publics\u00a0: analyse du flux de documents, consultation de l&#039;\u00e9quipe marketing internationale et recommandation du syst\u00e8me de business intelligence optimal.<\/li>\n\n\n\n<li>Entretiens avec des PDG d&#039;entreprises chimiques et \u00e9nerg\u00e9tiques sur les enjeux strat\u00e9giques auxquels sont confront\u00e9s leurs secteurs.<\/li>\n\n\n\n<li>Audit des informations strat\u00e9giques d&#039;une entreprise d&#039;utilit\u00e9 publique, aboutissant \u00e0 un syst\u00e8me de suivi BI\/CI.<\/li>\n\n\n\n<li>\u00c9tude mondiale sur l&#039;\u00e9tat des industries des services publics en Asie, en Am\u00e9rique latine et en Europe, comprenant une analyse approfondie de la demande mondiale, de la privatisation, des alliances strat\u00e9giques et de l&#039;avenir de l&#039;industrie, pays par pays.<\/li>\n\n\n\n<li>R\u00e9alisation d&#039;une \u00e9tude de march\u00e9 mondial pour une entreprise de syst\u00e8mes \u00e9lectriques.<\/li>\n\n\n\n<li>\u00c9tude de march\u00e9 sur la quantit\u00e9 de conduits en poly\u00e9thyl\u00e8ne consomm\u00e9e chaque ann\u00e9e lors du d\u00e9ploiement de c\u00e2bles de communication souterrains aux \u00c9tats-Unis<\/li>\n\n\n\n<li>R\u00e9alisation d&#039;une \u00e9tude mondiale sur les exigences et la perception des utilisateurs finaux de Genset.<\/li>\n\n\n\n<li>Market Intelligence Study for a <a href=\"https:\/\/www.sisinternational.com\/fr\/competence\/les-industries\/etude-de-marche-sur-les-produits-chimiques-organiques\/\" title=\"\u00c9tude de march\u00e9 sur les produits chimiques organiques\"  data-wpil-monitor-id=\"3316\">company<\/a> in a chemical sector.<\/li>\n\n\n\n<li>R\u00e9alisation d&#039;une \u00e9tude de march\u00e9 pour un fabricant de sel et de produits chimiques.<\/li>\n\n\n\n<li>R\u00e9alisation d&#039;une \u00e9tude de business intelligence \u00e0 l&#039;aide d&#039;entretiens avec des experts d\u00e9butants de grandes entreprises chimiques.<\/li>\n\n\n\n<li>R\u00e9alisation d&#039;une enqu\u00eate quantitative afin de recueillir et d&#039;analyser des donn\u00e9es relatives aux perceptions et attentes<\/li>\n\n\n\n<li>R\u00e9alisation d&#039;entretiens avec des experts afin d&#039;acqu\u00e9rir des connaissances sur le march\u00e9 solaire, c&#039;est-\u00e0-dire l&#039;identit\u00e9 de la marque et la notori\u00e9t\u00e9 des panneaux solaires.<\/li>\n\n\n\n<li>Etude de march\u00e9 et d\u00e9marche pour l&#039;implantation d&#039;une centrale solaire en France.<\/li>\n\n\n\n<li>Projet d&#039;intelligence de march\u00e9 sur le march\u00e9 mondial des appareils \u00e0 pression nucl\u00e9aires.<\/li>\n\n\n\n<li>R\u00e9alisation d&#039;une analyse du march\u00e9 des membranes \u00e0 gaz aux \u00c9tats-Unis et au Japon.<\/li>\n\n\n\n<li>R\u00e9alisation d&#039;une \u00e9tude pour les soci\u00e9t\u00e9s de pipelines d&#039;Am\u00e9rique du Nord, une \u00e9tude sur les syst\u00e8mes standards<\/li>\n\n\n\n<li>R\u00e9alisation d&#039;entretiens approfondis \u00e0 Bangkok concernant le savon<\/li>\n\n\n\n<li>R\u00e9alisation d&#039;une \u00e9tude de recherche sur l&#039;huile de voiture.<\/li>\n<\/ul>\n\n\n\n<h2 class=\"wp-block-heading\">Un \u00e9chantillon de nos clients pass\u00e9s et pr\u00e9sents dans les industries chimiques et \u00e9nerg\u00e9tiques<\/h2>\n\n\n\n<ul class=\"wp-block-list\">\n<li>Fonction publique de l&#039;Arizona<\/li>\n\n\n\n<li>Ashland Chimie<\/li>\n\n\n\n<li>Atochem<\/li>\n\n\n\n<li>Bayer<\/li>\n\n\n\n<li>Bourns<\/li>\n\n\n\n<li>Min\u00e9raux de boussole<\/li>\n\n\n\n<li>ConEdison<\/li>\n\n\n\n<li>Cummins<\/li>\n\n\n\n<li>Dow<\/li>\n\n\n\n<li>EI Du Pont de Nemours et Compagnie<\/li>\n\n\n\n<li>Elfe Aquitaine<\/li>\n\n\n\n<li>Exxon<\/li>\n\n\n\n<li>Genencor<\/li>\n\n\n\n<li>G\u00e9orgie Pacifique<\/li>\n\n\n\n<li>Kohler PETROBRAS<\/li>\n\n\n\n<li>Milliken et compagnie<\/li>\n\n\n\n<li>PETROBRAS<\/li>\n\n\n\n<li>Compagnie du Sud<\/li>\n\n\n\n<li>La soci\u00e9t\u00e9 Clorox<\/li>\n<\/ul>\n\n\n\n<h2 class=\"wp-block-heading\"><\/h2>","protected":false},"excerpt":{"rendered":"<p>Exp\u00e9rience s\u00e9lectionn\u00e9e dans les industries chimiques et \u00e9nerg\u00e9tiques<\/p>","protected":false},"author":1,"featured_media":67291,"parent":15106,"menu_order":4,"comment_status":"closed","ping_status":"closed","template":"","meta":{"footnotes":""},"class_list":["post-19158","page","type-page","status-publish","has-post-thumbnail"],"_links":{"self":[{"href":"https:\/\/www.sisinternational.com\/fr\/wp-json\/wp\/v2\/pages\/19158","targetHints":{"allow":["GET"]}}],"collection":[{"href":"https:\/\/www.sisinternational.com\/fr\/wp-json\/wp\/v2\/pages"}],"about":[{"href":"https:\/\/www.sisinternational.com\/fr\/wp-json\/wp\/v2\/types\/page"}],"author":[{"embeddable":true,"href":"https:\/\/www.sisinternational.com\/fr\/wp-json\/wp\/v2\/users\/1"}],"replies":[{"embeddable":true,"href":"https:\/\/www.sisinternational.com\/fr\/wp-json\/wp\/v2\/comments?post=19158"}],"version-history":[{"count":9,"href":"https:\/\/www.sisinternational.com\/fr\/wp-json\/wp\/v2\/pages\/19158\/revisions"}],"predecessor-version":[{"id":80968,"href":"https:\/\/www.sisinternational.com\/fr\/wp-json\/wp\/v2\/pages\/19158\/revisions\/80968"}],"up":[{"embeddable":true,"href":"https:\/\/www.sisinternational.com\/fr\/wp-json\/wp\/v2\/pages\/15106"}],"wp:featuredmedia":[{"embeddable":true,"href":"https:\/\/www.sisinternational.com\/fr\/wp-json\/wp\/v2\/media\/67291"}],"wp:attachment":[{"href":"https:\/\/www.sisinternational.com\/fr\/wp-json\/wp\/v2\/media?parent=19158"}],"curies":[{"name":"wp","href":"https:\/\/api.w.org\/{rel}","templated":true}]}}