{"id":19150,"date":"2015-10-25T18:45:27","date_gmt":"2015-10-25T18:45:27","guid":{"rendered":"https:\/\/www.sisinternational.com\/?page_id=19150"},"modified":"2026-03-05T23:41:27","modified_gmt":"2026-03-06T04:41:27","slug":"societe-detudes-de-marche-b2b","status":"publish","type":"page","link":"https:\/\/www.sisinternational.com\/fr\/solutions\/etude-de-marche-b2b\/societe-detudes-de-marche-b2b\/","title":{"rendered":"Meilleure soci\u00e9t\u00e9 d&#039;\u00e9tudes de march\u00e9 B2B"},"content":{"rendered":"<h1 class=\"wp-block-heading\">Meilleure soci\u00e9t\u00e9 d&#039;\u00e9tudes de march\u00e9 B2B<\/h1>\n\n\n\n<p><\/p>\n\n\n\n<figure class=\"gb-block-image gb-block-image-a61a8d9b\"><img loading=\"lazy\" decoding=\"async\" width=\"1456\" height=\"816\" class=\"gb-image gb-image-a61a8d9b\" src=\"https:\/\/www.sisinternational.com\/wp-content\/uploads\/2025\/08\/B2Bjpg-4.jpg\" alt=\"\u00c9tudes de march\u00e9 et strat\u00e9gie internationales SIS\" title=\"B2Bjpg (4)\" srcset=\"https:\/\/www.sisinternational.com\/wp-content\/uploads\/2025\/08\/B2Bjpg-4.jpg 1456w, https:\/\/www.sisinternational.com\/wp-content\/uploads\/2025\/08\/B2Bjpg-4-300x168.jpg 300w, https:\/\/www.sisinternational.com\/wp-content\/uploads\/2025\/08\/B2Bjpg-4-1024x574.jpg 1024w, https:\/\/www.sisinternational.com\/wp-content\/uploads\/2025\/08\/B2Bjpg-4-768x430.jpg 768w, https:\/\/www.sisinternational.com\/wp-content\/uploads\/2025\/08\/B2Bjpg-4-18x10.jpg 18w\" sizes=\"auto, (max-width: 1456px) 100vw, 1456px\"><\/figure>\n\n\n\n<hr class=\"wp-block-separator has-alpha-channel-opacity is-style-dots\"\/>\n\n\n\n<h3 class=\"wp-block-heading\"><span style=\"font-weight: 400;\">Chaque grande d\u00e9cision commerciale commence par les bonnes informations, et c&#039;est exactement ce que propose une soci\u00e9t\u00e9 d&#039;\u00e9tudes de march\u00e9 B2B de premier plan.<\/span><\/h3>\n\n\n\n<p><span style=\"font-weight: 400;\">Une soci\u00e9t\u00e9 d&#039;\u00e9tudes de march\u00e9 B2B de premier plan comble le foss\u00e9 entre les donn\u00e9es et l&#039;action, garantissant que vos d\u00e9cisions correspondent aux exigences du march\u00e9. De l&#039;exploration des pr\u00e9f\u00e9rences des clients \u00e0 l&#039;analyse des tendances du secteur, ces entreprises fournissent aux entreprises les connaissances n\u00e9cessaires pour stimuler la croissance, r\u00e9duire les risques et assurer un succ\u00e8s \u00e0 long terme.<\/span><\/p>\n\n\n\n<h2 class=\"wp-block-heading\"><strong>Qu&#039;est-ce qu&#039;une soci\u00e9t\u00e9 d&#039;\u00e9tudes de march\u00e9 B2B de premier plan ?<\/strong><\/h2>\n\n\n\n<p><span style=\"font-weight: 400;\">A top B2B market research company delivers key insights and data-driven strategies tailored to the unique needs of business-to-business markets. These <a href=\"https:\/\/www.sisinternational.com\/fr\/societe-de-prevision-des-principales-tendances-du-secteur-b2b\/\" title=\"Entreprise de pr\u00e9vision des principales tendances du secteur B2B\"  data-wpil-monitor-id=\"1634\">companies conduct in-depth analyses to uncover trends<\/a>, identify opportunities, and address challenges within specific industries. Their services include gathering qualitative and quantitative data through surveys, focus groups, interviews, and data analytics.&nbsp;<\/span><\/p>\n\n\n\n<p><span style=\"font-weight: 400;\">For instance, a top <a class=\"wpil_keyword_link\" href=\"https:\/\/www.sisinternational.com\/fr\/solutions\/etude-de-marche-b2b\/\"   title=\"\u00c9tudes de march\u00e9 B2B\" data-wpil-keyword-link=\"linked\"  data-wpil-monitor-id=\"785\">\u00c9tude de march\u00e9 B2B<\/a> company might help a logistics firm analyze regional demand for supply chain solutions or assist a software company in understanding the needs of enterprise clients for a new SaaS product.&nbsp;<\/span><\/p>\n\n\n\n<h2 class=\"wp-block-heading\"><strong>Pourquoi les entreprises ont-elles besoin d\u2019une soci\u00e9t\u00e9 d\u2019\u00e9tudes de march\u00e9 B2B\u00a0?<\/strong><\/h2>\n\n\n\n<p><\/p>\n\n\n\n<figure class=\"gb-block-image gb-block-image-f8cab8e1\"><img loading=\"lazy\" decoding=\"async\" width=\"1456\" height=\"816\" class=\"gb-image gb-image-f8cab8e1\" src=\"https:\/\/www.sisinternational.com\/wp-content\/uploads\/2025\/08\/B2B-2-4.jpg\" alt=\"\u00c9tudes de march\u00e9 et strat\u00e9gie internationales SIS\" title=\"B2B 2 (4)\" srcset=\"https:\/\/www.sisinternational.com\/wp-content\/uploads\/2025\/08\/B2B-2-4.jpg 1456w, https:\/\/www.sisinternational.com\/wp-content\/uploads\/2025\/08\/B2B-2-4-300x168.jpg 300w, https:\/\/www.sisinternational.com\/wp-content\/uploads\/2025\/08\/B2B-2-4-1024x574.jpg 1024w, https:\/\/www.sisinternational.com\/wp-content\/uploads\/2025\/08\/B2B-2-4-768x430.jpg 768w, https:\/\/www.sisinternational.com\/wp-content\/uploads\/2025\/08\/B2B-2-4-18x10.jpg 18w\" sizes=\"auto, (max-width: 1456px) 100vw, 1456px\"><\/figure>\n\n\n\n<p><\/p>\n\n\n\n<p><span style=\"font-weight: 400;\"><a href=\"https:\/\/www.sisinternational.com\/fr\/solutions\/etude-de-marche-b2b\/best-practices-for-b2b-market-research\/\" title=\"Best Practices for B2B Market Research\"  data-wpil-monitor-id=\"1790\">\u00c9tude de march\u00e9 B2B<\/a> firms provide the expertise and tools necessary to address these complexities, enabling organizations to make data-driven decisions and stay ahead in competitive industries. Here\u2019s why businesses need the support of a <a href=\"https:\/\/www.sisinternational.com\/fr\/solutions\/legal-market-research\/etude-de-marche-avec-jury-fictif-3\/\" title=\"Meilleure soci\u00e9t\u00e9 d&#039;\u00e9tudes de march\u00e9 sur les jurys fictifs\"  data-wpil-monitor-id=\"912\">top B2B market research company<\/a>:<\/span><\/p>\n\n\n\n<h4 class=\"wp-block-heading\"><b>Comprendre les cycles d\u2019achat complexes<\/b><\/h4>\n\n\n\n<p><span style=\"font-weight: 400;\">Multiple stakeholders, longer sales cycles, and intricate approval processes typically influence B2B purchasing decisions. A <a href=\"https:\/\/www.sisinternational.com\/fr\/entreprise-de-strategie-marketing-de-premier-plan\/\" title=\"Entreprise de strat\u00e9gie marketing de premier plan\"  data-wpil-monitor-id=\"998\">top B2B market research company<\/a> helps businesses map out these decision-making journeys, uncovering critical factors influencing buyer behavior.&nbsp;<\/span><\/p>\n\n\n\n<h4 class=\"wp-block-heading\"><b>Identifier les opportunit\u00e9s de march\u00e9<\/b><\/h4>\n\n\n\n<p><span style=\"font-weight: 400;\"><a href=\"https:\/\/www.sisinternational.com\/fr\/societe-de-surveillance-des-principales-tendances-du-marche-b2b\/\" title=\"Entreprise de surveillance des principales tendances du march\u00e9 B2B\"  data-wpil-monitor-id=\"1224\">B2B market research companies<\/a> conduct thorough market analyses to identify demand, assess competition, and evaluate entry barriers. This ensures businesses can confidently pursue growth opportunities while mitigating potential challenges.&nbsp;<\/span><\/p>\n\n\n\n<h4 class=\"wp-block-heading\"><b>Optimisation des strat\u00e9gies de marketing et de vente<\/b><\/h4>\n\n\n\n<p><span style=\"font-weight: 400;\">UN <a href=\"https:\/\/www.sisinternational.com\/fr\/etude-de-marche-sur-la-generation-de-leads-b2b\/\" title=\"\u00c9tude de march\u00e9 sur la g\u00e9n\u00e9ration de leads B2B\"  data-wpil-monitor-id=\"1339\">leading B2B market research<\/a> company helps businesses refine their messaging, identify the most effective marketing channels, and tailor their value propositions to resonate with target audiences.&nbsp;<\/span><\/p>\n\n\n\n<h4 class=\"wp-block-heading\"><b>Am\u00e9liorer la fid\u00e9lisation de la client\u00e8le<\/b><\/h4>\n\n\n\n<p><span style=\"font-weight: 400;\">Understanding client pain points, satisfaction levels, and future needs is crucial for maintaining these relationships. A <a href=\"https:\/\/www.sisinternational.com\/fr\/societe-de-recherche-qualitative-de-premier-plan-a-lechelle-mondiale\/\" title=\"Entreprise de recherche qualitative de premier plan \u00e0 l&#039;\u00e9chelle mondiale\"  data-wpil-monitor-id=\"1025\">top B2B market research company<\/a> conducts customer satisfaction studies and retention analyses to help businesses strengthen their client base.<\/span><\/p>\n\n\n\n<h2 class=\"wp-block-heading\"><strong>Opportunit\u00e9s dans les \u00e9tudes de march\u00e9 B2B<\/strong><\/h2>\n\n\n\n<p><span style=\"font-weight: 400;\">The evolving business landscape presents several opportunities for <a href=\"https:\/\/www.sisinternational.com\/fr\/entreprise-de-generation-de-demande-b2b-de-premier-plan\/\" title=\"Entreprise de g\u00e9n\u00e9ration de demande B2B de premier plan\"  data-wpil-monitor-id=\"1393\">companies<\/a> to leverage the insights of a B2B market research company. Below are some critical opportunities for businesses to explore through <a href=\"https:\/\/www.sisinternational.com\/fr\/solutions\/etude-de-marche-sur-la-notoriete-de-la-marque-b2b\/\" title=\"\u00c9tude de march\u00e9 B2B sur la notori\u00e9t\u00e9 de la marque\"  data-wpil-monitor-id=\"2318\">\u00c9tude de march\u00e9 B2B<\/a>:<\/span><\/p>\n\n\n\n<h4 class=\"wp-block-heading\"><b>1. Expansion vers les march\u00e9s \u00e9mergents<\/b><\/h4>\n\n\n\n<p><span style=\"font-weight: 400;\">Rapid economic growth in Southeast Asia, Africa, and Latin America presents untapped opportunities. <a href=\"https:\/\/www.sisinternational.com\/fr\/solutions\/societe-detudes-de-marche-communautaire-en-ligne-b2b\/\" title=\"Soci\u00e9t\u00e9 d&#039;\u00e9tudes de march\u00e9 sur les communaut\u00e9s en ligne B2B\"  data-wpil-monitor-id=\"2378\">\u00c9tude de march\u00e9 B2B<\/a> can identify high-potential markets, cultural nuances, and local regulatory requirements, enabling businesses to tailor their strategies effectively.<\/span><\/p>\n\n\n\n<h4 class=\"wp-block-heading\"><b>2. Tirer parti de la transformation num\u00e9rique<\/b><\/h4>\n\n\n\n<p><span style=\"font-weight: 400;\"><a href=\"https:\/\/www.sisinternational.com\/fr\/entreprise-de-premier-plan-en-matiere-de-strategie-de-mise-sur-le-marche-b2b\/\" title=\"Entreprise de premier plan en mati\u00e8re de strat\u00e9gie de mise sur le march\u00e9 B2B\"  data-wpil-monitor-id=\"1367\">Companies can use B2B market<\/a> research to assess how AI, machine learning, and blockchain impact their markets, helping them integrate these innovations to enhance operations and customer experiences.<\/span><\/p>\n\n\n\n<h4 class=\"wp-block-heading\"><b>3. Alignement ESG et d\u00e9veloppement durable<\/b><\/h4>\n\n\n\n<p><span style=\"font-weight: 400;\">Les crit\u00e8res environnementaux, sociaux et de gouvernance (ESG) prenant de l\u2019importance, les entreprises peuvent se positionner comme leaders en mati\u00e8re de d\u00e9veloppement durable. Cette \u00e9tude de march\u00e9 permet d\u2019identifier les priorit\u00e9s des clients en mati\u00e8re de pratiques \u00e9cologiques et de conformit\u00e9, ce qui permet aux entreprises d\u2019adapter leurs offres en cons\u00e9quence.<\/span><\/p>\n\n\n\n<h4 class=\"wp-block-heading\"><b>4. Personnalisation et personnalisation<\/b><\/h4>\n\n\n\n<p><span style=\"font-weight: 400;\">Les \u00e9tudes de march\u00e9 fournissent des informations sur les besoins sp\u00e9cifiques des clients, permettant aux entreprises de proposer des produits, des services et des exp\u00e9riences personnalis\u00e9s.<\/span><\/p>\n\n\n\n<h4 class=\"wp-block-heading\"><b>5. Innovation dans le d\u00e9veloppement de produits et de services<\/b><\/h4>\n\n\n\n<p><span style=\"font-weight: 400;\">UN <a href=\"https:\/\/www.sisinternational.com\/fr\/meilleure-entreprise-doptimisation-des-ventes-b2b\/\" title=\"Meilleure entreprise d&#039;optimisation des ventes B2B\"  data-wpil-monitor-id=\"1661\">B2B market research company<\/a> helps businesses identify unmet needs, test new ideas, and refine product offerings to resonate with their target audience.<\/span><\/p>\n\n\n\n<h3 class=\"wp-block-heading p12\"><b>Un \u00e9chantillon de nos clients pass\u00e9s et pr\u00e9sents<\/b><\/h3>\n\n\n\n<p><\/p>\n\n\n\n<figure class=\"gb-block-image gb-block-image-a0ad1b08\"><img loading=\"lazy\" decoding=\"async\" width=\"1456\" height=\"816\" class=\"gb-image gb-image-a0ad1b08\" src=\"https:\/\/www.sisinternational.com\/wp-content\/uploads\/2025\/08\/B2Bjpg-3.jpg\" alt=\"\u00c9tudes de march\u00e9 et strat\u00e9gie internationales SIS\" title=\"B2Bjpg (3)\" srcset=\"https:\/\/www.sisinternational.com\/wp-content\/uploads\/2025\/08\/B2Bjpg-3.jpg 1456w, https:\/\/www.sisinternational.com\/wp-content\/uploads\/2025\/08\/B2Bjpg-3-300x168.jpg 300w, https:\/\/www.sisinternational.com\/wp-content\/uploads\/2025\/08\/B2Bjpg-3-1024x574.jpg 1024w, https:\/\/www.sisinternational.com\/wp-content\/uploads\/2025\/08\/B2Bjpg-3-768x430.jpg 768w, https:\/\/www.sisinternational.com\/wp-content\/uploads\/2025\/08\/B2Bjpg-3-18x10.jpg 18w\" sizes=\"auto, (max-width: 1456px) 100vw, 1456px\"><\/figure>\n\n\n\n<p><\/p>\n\n\n\n<ul class=\"wp-block-list\">\n<li>Mat\u00e9riaux de contr\u00f4le de la circulation 3M<\/li>\n\n\n\n<li>Acer<\/li>\n\n\n\n<li>Soci\u00e9t\u00e9 Alphabet<\/li>\n\n\n\n<li>Amway<\/li>\n\n\n\n<li>Pomme<\/li>\n\n\n\n<li>Mat\u00e9riaux appliqu\u00e9s<\/li>\n\n\n\n<li>AT&amp;T<\/li>\n\n\n\n<li>Avery Dennison<\/li>\n\n\n\n<li>Bain &amp; Cie.<\/li>\n\n\n\n<li>Cloche Sud<\/li>\n\n\n\n<li>Bellcore<\/li>\n\n\n\n<li>Brady Corp.<\/li>\n\n\n\n<li>Cisco<\/li>\n\n\n\n<li>Association des fabricants de fermetures<\/li>\n\n\n\n<li>Connecter les t\u00e9l\u00e9services, LLC<\/li>\n\n\n\n<li>Solutions respiratoires et de surveillance Covidien<\/li>\n\n\n\n<li>Continuum<\/li>\n\n\n\n<li>Cummins<\/li>\n\n\n\n<li>Daimler<\/li>\n\n\n\n<li>Soci\u00e9t\u00e9 d&#039;\u00e9quipement num\u00e9rique<\/li>\n\n\n\n<li>Levier de diversit\u00e9<\/li>\n\n\n\n<li>Dremel<\/li>\n\n\n\n<li>Eastman Kodak<\/li>\n\n\n\n<li>CE21<\/li>\n\n\n\n<li>Syst\u00e8mes de donn\u00e9es \u00e9lectroniques<\/li>\n\n\n\n<li>Elfe Aquitaine<\/li>\n\n\n\n<li>Exxon Mobil<\/li>\n\n\n\n<li>Fasson \u2013 Division Rouleaux<\/li>\n\n\n\n<li>Groupe Cinq Douze<\/li>\n\n\n\n<li>Fleishman Hillard<\/li>\n\n\n\n<li>Ford Motor Company<\/li>\n\n\n\n<li>G\u00e9n\u00e9cor<\/li>\n\n\n\n<li>General Electric<\/li>\n\n\n\n<li>Moteurs g\u00e9n\u00e9raux<\/li>\n\n\n\n<li>Grainger<\/li>\n\n\n\n<li>Services d&#039;information GTE<\/li>\n\n\n\n<li>Hewlett-Packard<\/li>\n\n\n\n<li>Colline-Rom<\/li>\n\n\n\n<li>IBM<\/li>\n\n\n\n<li>\u00c9\u00e9rateur d&#039;\u00e9vier<\/li>\n\n\n\n<li>Itvasline<\/li>\n\n\n\n<li>Contr\u00f4les Johnson<\/li>\n\n\n\n<li>K\u00f6hler<\/li>\n\n\n\n<li>Milliken et Compan<\/li>\n\n\n\n<li>Motorola<\/li>\n\n\n\n<li>MTS<\/li>\n\n\n\n<li>Nicholson Kovac, Inc.<\/li>\n\n\n\n<li>Nikke\u00ef<\/li>\n\n\n\n<li>Nissan<\/li>\n\n\n\n<li>Nokia<\/li>\n\n\n\n<li>Nortel<\/li>\n\n\n\n<li>Cloche du Pacifique<\/li>\n\n\n\n<li>Parsons Brinckerhoff<\/li>\n\n\n\n<li>Pitney Bowes<\/li>\n\n\n\n<li>Pohl-Boskamp<\/li>\n\n\n\n<li>Soci\u00e9t\u00e9 Polaro\u00efd<\/li>\n\n\n\n<li>Reliance \u00c9lectrique<\/li>\n\n\n\n<li>Graphiques Rexam<\/li>\n\n\n\n<li>Rinna\u00ef<\/li>\n\n\n\n<li>Samsung<\/li>\n\n\n\n<li>Cire SC Johnson<\/li>\n\n\n\n<li>Fermetures Seaquist<\/li>\n\n\n\n<li>Soci\u00e9t\u00e9 d&#039;\u00e9lectronique Sensormatic<\/li>\n\n\n\n<li>Coquille<\/li>\n\n\n\n<li>Siemens<\/li>\n\n\n\n<li>Soci\u00e9t\u00e9 Simplex<\/li>\n\n\n\n<li>Cloche sud-ouest<\/li>\n\n\n\n<li>\u00c9ditions Springer<\/li>\n\n\n\n<li>Stanley travaille<\/li>\n\n\n\n<li>Bo\u00eetier en acier<\/li>\n\n\n\n<li>Banque de donn\u00e9es Teikoku Am\u00e9rique<\/li>\n\n\n\n<li>\u00c9ditions Thomas<\/li>\n\n\n\n<li>Toyota<\/li>\n\n\n\n<li>Union Pacifique<\/li>\n\n\n\n<li>Unisys<\/li>\n\n\n\n<li>Technologie unie<\/li>\n\n\n\n<li>Volvo Am\u00e9rique du Nord Corp.<\/li>\n\n\n\n<li>WR Grace &amp; Compagnie<\/li>\n\n\n\n<li>Soci\u00e9t\u00e9 Whirlpool<\/li>\n\n\n\n<li>Fillution<\/li>\n<\/ul>\n\n\n\n<h2 class=\"wp-block-heading\"><strong>Qu&#039;est-ce qui fait de SIS International une soci\u00e9t\u00e9 d&#039;\u00e9tudes de march\u00e9 B2B de premier plan ?<\/strong><\/h2>\n\n\n\n<p><a href=\"https:\/\/www.linkedin.com\/company\/sisinternationalresearch\/\" target=\"_blank\" rel=\"noopener\"><span style=\"font-weight: 400;\">SIS International<\/span><\/a><span style=\"font-weight: 400;\"> fournit des informations de haute qualit\u00e9 et des strat\u00e9gies exploitables aux entreprises de divers secteurs. Forte d&#039;un historique de r\u00e9ussite av\u00e9r\u00e9, l&#039;entreprise combine une expertise approfondie, des m\u00e9thodologies innovantes et une approche centr\u00e9e sur le client pour aider les organisations \u00e0 prendre des d\u00e9cisions bas\u00e9es sur les donn\u00e9es.<\/span><\/p>\n\n\n\n<p><b>Expertise compl\u00e8te du march\u00e9<\/b><b><br><\/b><b><br><\/b><a href=\"https:\/\/twitter.com\/SISIntlResearch\" target=\"_blank\" rel=\"noopener\"><span style=\"font-weight: 400;\">SIS<\/span><\/a><span style=\"font-weight: 400;\"> se sp\u00e9cialise dans les march\u00e9s B2B et offre des perspectives in\u00e9gal\u00e9es dans des secteurs complexes tels que la technologie, la sant\u00e9, la fabrication et les services financiers. Notre \u00e9quipe d&#039;experts apporte des ann\u00e9es d&#039;exp\u00e9rience et une compr\u00e9hension nuanc\u00e9e des d\u00e9fis sp\u00e9cifiques \u00e0 chaque secteur.<\/span><\/p>\n\n\n\n<p><b>Une port\u00e9e mondiale avec une expertise locale<\/b><b><br><\/b><b><br><\/b><span style=\"font-weight: 400;\">We provide businesses with a global perspective and localized insights. It ensures clients receive strategies tailored to their specific markets, whether they\u2019re navigating regional regulations or cultural dynamics.<\/span><\/p>\n\n\n\n<p><b>M\u00e9thodes de recherche innovantes<\/b><b><br><\/b><b><br><\/b><a href=\"https:\/\/medium.com\/@sisinternational\/sis-international-c17160da8fac\" target=\"_blank\" rel=\"noopener\"><span style=\"font-weight: 400;\">SIS<\/span><\/a><span style=\"font-weight: 400;\"> s&#039;appuie sur des m\u00e9thodologies de pointe, notamment des analyses de donn\u00e9es avanc\u00e9es, des mod\u00e8les pr\u00e9dictifs et des outils num\u00e9riques. L&#039;entreprise fournit des informations fiables et prospectives en int\u00e9grant des techniques de recherche traditionnelles et modernes.<\/span><\/p>\n\n\n\n<p><b>Engagement envers des informations exploitables<\/b><b><br><\/b><b><br><\/b><span style=\"font-weight: 400;\">Notre \u00e9quipe va au-del\u00e0 de la collecte de donn\u00e9es, transformant les informations brutes en strat\u00e9gies exploitables. Les clients b\u00e9n\u00e9ficient de recommandations claires et pratiques qui correspondent \u00e0 leurs objectifs commerciaux et g\u00e9n\u00e8rent des r\u00e9sultats mesurables.<\/span><\/p>\n\n\n\n<p><b>Approuv\u00e9 par les leaders de l&#039;industrie<\/b><b><br><\/b><b><br><\/b><span style=\"font-weight: 400;\">SIS International a \u00e9tabli des partenariats avec des entreprises leaders dans diff\u00e9rents secteurs, ce qui lui a valu une r\u00e9putation d&#039;excellence, de fiabilit\u00e9 et de valeur. Ses clients font confiance \u00e0 l&#039;entreprise pour leur fournir des informations qui leur permettent de prendre des d\u00e9cisions \u00e9clair\u00e9es et efficaces.<\/span><\/p>\n\n\n\n<h3 class=\"wp-block-heading\"><b>L&#039;avantage international du SIS<\/b><\/h3>\n\n\n\n<p><span style=\"font-weight: 400;\">SIS International is more than just a research provider\u2014it\u2019s a strategic partner dedicated to helping businesses navigate complex markets and achieve sustainable growth. As a <a href=\"https:\/\/www.sisinternational.com\/fr\/societe-mondiale-de-recherche-quantitative-de-marche-de-premier-plan\/\" title=\"Soci\u00e9t\u00e9 mondiale de recherche quantitative sur le march\u00e9 de premier plan\" data-wpil-monitor-id=\"1047\">top B2B market research company<\/a>, SIS International combines expertise, innovation, and client-centricity to deliver unparalleled value.<\/span><\/p>\n\n\n\n<h2 class=\"wp-block-heading\">Notre emplacement \u00e0 New York<\/h2>\n\n\n\n<p>\n\n\n\n<iframe loading=\"lazy\" src=\"https:\/\/www.google.com\/maps\/embed?pb=!1m18!1m12!1m3!1d3022.976188376966!2d-73.99130312499956!3d40.740549471389315!2m3!1f0!2f0!3f0!3m2!1i1024!2i768!4f13.1!3m3!1m2!1s0x89c259a15798c731%3A0xd695d09bdd495f25!2s11%20E%2022nd%20St%20FL%202%2C%20New%20York%2C%20NY%2010010%2C%20USA!5e0!3m2!1sen!2spe!4v1726171763526!5m2!1sen!2spe\" width=\"600\" height=\"450\" allowfullscreen=\"allowfullscreen\" data-mce-fragment=\"1\"><\/iframe>\n\n\n\n<\/p>\n\n\n\n<h3 class=\"wp-block-heading\">11 E 22nd Street, \u00e9tage 2, New York, NY 10010 T\u00e9l. : +1(212) 505-6805<\/h3>\n\n\n\n<hr class=\"wp-block-separator has-alpha-channel-opacity\"\/>\n\n\n\n<h2 class=\"wp-block-heading\"><span style=\"font-weight: 400;\">\u00c0 propos de SIS International<\/span><\/h2>\n\n\n\n<p><a href=\"https:\/\/www.sisinternational.com\/fr\/\"><span style=\"font-weight: 400;\">SIS International<\/span><\/a><span style=\"font-weight: 400;\"> propose des recherches quantitatives, qualitatives et strat\u00e9giques. Nous fournissons des donn\u00e9es, des outils, des strat\u00e9gies, des rapports et des informations pour la prise de d\u00e9cision. Nous menons \u00e9galement des entretiens, des enqu\u00eates, des groupes de discussion et d\u2019autres m\u00e9thodes et approches d\u2019\u00e9tudes de march\u00e9.<\/span><a href=\"https:\/\/www.sisinternational.com\/fr\/a-propos-de-la-recherche-internationale-sis\/contact-sis-international-market-research\/\"><span style=\"font-weight: 400;\"> Contactez nous<\/span><\/a><span style=\"font-weight: 400;\"> pour votre prochain projet d&#039;\u00e9tude de march\u00e9.<\/span><\/p>\n\n\n\n<p><\/p>","protected":false},"excerpt":{"rendered":"<p>B\u00e9n\u00e9ficiez de notre exp\u00e9rience mondiale de l\u2019industrie B2B.<\/p>","protected":false},"author":1,"featured_media":62382,"parent":11292,"menu_order":0,"comment_status":"closed","ping_status":"closed","template":"","meta":{"footnotes":""},"class_list":["post-19150","page","type-page","status-publish","has-post-thumbnail"],"_links":{"self":[{"href":"https:\/\/www.sisinternational.com\/fr\/wp-json\/wp\/v2\/pages\/19150","targetHints":{"allow":["GET"]}}],"collection":[{"href":"https:\/\/www.sisinternational.com\/fr\/wp-json\/wp\/v2\/pages"}],"about":[{"href":"https:\/\/www.sisinternational.com\/fr\/wp-json\/wp\/v2\/types\/page"}],"author":[{"embeddable":true,"href":"https:\/\/www.sisinternational.com\/fr\/wp-json\/wp\/v2\/users\/1"}],"replies":[{"embeddable":true,"href":"https:\/\/www.sisinternational.com\/fr\/wp-json\/wp\/v2\/comments?post=19150"}],"version-history":[{"count":20,"href":"https:\/\/www.sisinternational.com\/fr\/wp-json\/wp\/v2\/pages\/19150\/revisions"}],"predecessor-version":[{"id":76726,"href":"https:\/\/www.sisinternational.com\/fr\/wp-json\/wp\/v2\/pages\/19150\/revisions\/76726"}],"up":[{"embeddable":true,"href":"https:\/\/www.sisinternational.com\/fr\/wp-json\/wp\/v2\/pages\/11292"}],"wp:featuredmedia":[{"embeddable":true,"href":"https:\/\/www.sisinternational.com\/fr\/wp-json\/wp\/v2\/media\/62382"}],"wp:attachment":[{"href":"https:\/\/www.sisinternational.com\/fr\/wp-json\/wp\/v2\/media?parent=19150"}],"curies":[{"name":"wp","href":"https:\/\/api.w.org\/{rel}","templated":true}]}}