{"id":19141,"date":"2015-10-25T18:13:12","date_gmt":"2015-10-25T18:13:12","guid":{"rendered":"https:\/\/www.sisinternational.com\/?page_id=19141"},"modified":"2026-03-12T11:54:24","modified_gmt":"2026-03-12T15:54:24","slug":"cv-dexperience-dans-lindustrie-automobile","status":"publish","type":"page","link":"https:\/\/www.sisinternational.com\/fr\/competence\/etude-de-marche-automobile\/cv-dexperience-dans-lindustrie-automobile\/","title":{"rendered":"Soci\u00e9t\u00e9 d\u2019\u00e9tudes de march\u00e9 pour l\u2019industrie automobile"},"content":{"rendered":"<h1 class=\"wp-block-heading\">Exp\u00e9rience en mati\u00e8re d&#039;\u00e9tudes de march\u00e9 dans l&#039;industrie automobile<\/h1>\n\n\n\n<p><\/p>\n\n\n\n<figure class=\"gb-block-image gb-block-image-bda5eeb9\"><img loading=\"lazy\" decoding=\"async\" width=\"1456\" height=\"816\" class=\"gb-image gb-image-bda5eeb9\" src=\"https:\/\/www.sisinternational.com\/wp-content\/uploads\/2025\/09\/Automotive-Market-Research-in-Europe-1.jpg\" alt=\"\u00c9tudes de march\u00e9 et strat\u00e9gie internationales SIS\" title=\"Automotive Market Research in Europe (1)\" srcset=\"https:\/\/www.sisinternational.com\/wp-content\/uploads\/2025\/09\/Automotive-Market-Research-in-Europe-1.jpg 1456w, https:\/\/www.sisinternational.com\/wp-content\/uploads\/2025\/09\/Automotive-Market-Research-in-Europe-1-300x168.jpg 300w, https:\/\/www.sisinternational.com\/wp-content\/uploads\/2025\/09\/Automotive-Market-Research-in-Europe-1-1024x574.jpg 1024w, https:\/\/www.sisinternational.com\/wp-content\/uploads\/2025\/09\/Automotive-Market-Research-in-Europe-1-768x430.jpg 768w, https:\/\/www.sisinternational.com\/wp-content\/uploads\/2025\/09\/Automotive-Market-Research-in-Europe-1-18x10.jpg 18w\" sizes=\"auto, (max-width: 1456px) 100vw, 1456px\"><\/figure>\n\n\n\n<p><\/p>\n\n\n\n<h2 class=\"wp-block-heading\">Notre exp\u00e9rience en mati\u00e8re d&#039;\u00e9tudes de march\u00e9 dans l&#039;industrie automobile<\/h2>\n\n\n\n<p><strong>SIS est une soci\u00e9t\u00e9 leader mondial en mati\u00e8re d&#039;\u00e9tudes et de strat\u00e9gies sur le march\u00e9 automobile. B\u00e9n\u00e9ficiez de notre exp\u00e9rience dans l\u2019industrie automobile.<\/strong><\/p>\n\n\n\n<ul class=\"wp-block-list\">\n<li>R\u00e9alisation d&#039;une \u00e9tude quantitative et qualitative sur l&#039;opinion des consommateurs sur le tarif d&#039;\u00e9quipement et la n\u00e9cessit\u00e9 de chaque option, le prix attendu, les pr\u00e9f\u00e9rences et les id\u00e9es de nouvelles options\/fonctionnalit\u00e9s.<\/li>\n\n\n\n<li>R\u00e9alisation d&#039;\u00e9tudes ethnographiques automobiles sur les assainisseurs d&#039;air au Br\u00e9sil et en Chine.<\/li>\n\n\n\n<li>R\u00e9alisation d&#039;une grande clinique automobile \u00e0 New York sur la technologie des capteurs de stationnement.<\/li>\n\n\n\n<li>Conducted an in-depth <a href=\"https:\/\/www.sisinternational.com\/fr\/solutions\/groupes-de-discussion\/des-groupes-de-discussion-a-new-york-pour-tester-des-produits-destines-aux-seniors\/\" title=\"Tirer parti des groupes de discussion de New York pour tester des produits destin\u00e9s aux seniors \u00a0\"  data-wpil-monitor-id=\"10537\">focus group and ethnographic study in NYC<\/a>, LA and Seattle among Generation Y about their attitudes towards a new car concept.<\/li>\n\n\n\n<li><a href=\"https:\/\/www.sisinternational.com\/fr\/solutions\/etude-de-marche-en-groupe-de-discussion\/comment-animer-un-groupe-de-discussion\/\" title=\"Comment animer un groupe de discussion\"  data-wpil-monitor-id=\"10534\">Conducted focus groups<\/a> of very low-incidence car owners in the Los Angeles area<\/li>\n\n\n\n<li>R\u00e9alisation d&#039;une \u00e9tude sur les acheteurs et non-acheteurs de BMW afin de collecter des informations sur les besoins et les pr\u00e9f\u00e9rences.<\/li>\n\n\n\n<li>R\u00e9alisation d&#039;une \u00e9tude mondiale sur les v\u00e9hicules hybrides \u00e9lectriques (HEV), avec un accent particulier sur l&#039;Argentine, le Br\u00e9sil, le Chili, le Mexique, l&#039;Australie et la Nouvelle-Z\u00e9lande.<\/li>\n\n\n\n<li><a href=\"https:\/\/www.sisinternational.com\/fr\/comment-mener-une-recherche-documentaire-efficace\/\" title=\"Comment mener une recherche documentaire efficace\"  data-wpil-monitor-id=\"10541\">Conducted advertising effectiveness research<\/a> and CAWI interviews in NYC among high income, low incidence European automobile drivers.<\/li>\n\n\n\n<li>Animation de groupes de discussion qualitatifs sur l&#039;exp\u00e9rience de concession de voitures de luxe aupr\u00e8s des propri\u00e9taires de voitures de luxe<\/li>\n\n\n\n<li>R\u00e9alisation d&#039;une vaste \u00e9tude sur l&#039;automobile de luxe \u00e0 faible incidence (F2F, CATI) \u00e0 Washington DC.<\/li>\n\n\n\n<li>R\u00e9alisation du recrutement et du travail sur le terrain dans une grande clinique automobile \u00e0 Los Angeles pour un important constructeur automobile europ\u00e9en<\/li>\n\n\n\n<li>R\u00e9alisation d&#039;une enqu\u00eate sur diverses publications commerciales du point de vue d&#039;un client sur un constructeur automobile de luxe europ\u00e9en.<\/li>\n\n\n\n<li>R\u00e9alisation d&#039;une \u00e9tude concurrentielle sur deux concurrents OEM majeurs qui sont des distributeurs de composants automobiles.<\/li>\n\n\n\n<li>Conducted worldwide study of auto drives.&nbsp; Conducted focus groups in the following countries: Argentina, Brazil, France, Germany, Hong Kong, Italy, Japan, Malaysia, Netherlands, Norway, Puerto Rico, Singapore, Thailand, and the UK.<\/li>\n\n\n\n<li>R\u00e9alisation d&#039;une \u00e9tude de veille \u00e9conomique pour rechercher l&#039;\u00e9valuation concurrentielle de la fabrication de deuxi\u00e8me \u00e9tape des constructeurs automobiles.<\/li>\n\n\n\n<li><a href=\"https:\/\/www.sisinternational.com\/fr\/how-to-conduct-in-depth-interviews-for-market-insights\/\" title=\"Comment mener des entretiens approfondis pour obtenir des informations sur le march\u00e9\"  data-wpil-monitor-id=\"10530\">Conducted in-depth interviews<\/a> on new advertising slogans for a high-end car.<\/li>\n\n\n\n<li>Etude d&#039;image publicitaire corporate aux Etats-Unis pour un grand constructeur automobile europ\u00e9en.<\/li>\n\n\n\n<li>Etude qualitative destin\u00e9e aux jeunes Am\u00e9ricains pour des \u00e9tudes automobiles aux USA.<\/li>\n\n\n\n<li>Conducted study in Asia for the <a href=\"https:\/\/www.sisinternational.com\/fr\/opinion-sur-le-produit-apercu-culturel-entree-sur-le-marche-de-lasie-vers-leurope\/\" title=\"Recherche sur l&#039;entr\u00e9e sur le march\u00e9 automobile | \u00c9tude de cas\"  data-wpil-monitor-id=\"6669\">automobile<\/a> testing equipment market.<\/li>\n\n\n\n<li>R\u00e9alisation d&#039;un programme publicitaire de sensibilisation \u00e0 l&#039;image pour un constructeur automobile mondial.<\/li>\n\n\n\n<li>\u00c9valuation concurrentielle d&#039;un grand constructeur automobile en Tha\u00eflande.<\/li>\n\n\n\n<li>Entretiens qualitatifs et approfondis aupr\u00e8s des utilisateurs de nouveaux mod\u00e8les de SUV.<\/li>\n\n\n\n<li>Identifier les tendances d&#039;achat et les pr\u00e9f\u00e9rences des consommateurs en mati\u00e8re d&#039;automobile des c\u00e9libataires aux \u00c9tats-Unis<\/li>\n\n\n\n<li>R\u00e9alisation d&#039;une \u00e9tude pour analyser les conditions actuelles de stationnement des places individuelles, des lots municipaux et des muni-m\u00e8tres dans la ville de New York.<\/li>\n\n\n\n<li>R\u00e9alisation d&#039;un travail de terrain approfondi \u00e0 faible incidence sur la satisfaction du service automobile gr\u00e2ce \u00e0 une \u00e9tude CATI approfondie.<\/li>\n\n\n\n<li>R\u00e9alisation d&#039;une \u00e9tude aupr\u00e8s des propri\u00e9taires et des concessionnaires automobiles. La port\u00e9e de cette \u00e9tude \u00e9tait d&#039;examiner les exp\u00e9riences, les comportements et les niveaux de satisfaction globale des acheteurs et des concessionnaires automobiles \u00e0 l&#039;\u00e9gard du financement par pr\u00eat automobile.<\/li>\n\n\n\n<li>R\u00e9alisation d&#039;entretiens sur place au salon de l&#039;auto de New York afin d&#039;\u00e9tablir les commentaires sur l&#039;int\u00e9r\u00eat de la marque pour la planification future.<\/li>\n\n\n\n<li>R\u00e9alisation de groupes de discussion et de visites \u00e0 domicile pour obtenir des informations sur le r\u00f4le d&#039;une voiture dans le foyer, les profils des clients, l&#039;achat et le processus de d\u00e9cision.<\/li>\n\n\n\n<li>Conducted focus <a href=\"https:\/\/www.sisinternational.com\/fr\/competence\/les-industries\/etude-de-marche-sur-les-groupes-de-discussion-automobiles\/\" title=\"\u00c9tude de march\u00e9 sur les groupes de discussion automobiles\"  data-wpil-monitor-id=\"10536\">groups in the consumer and automotive<\/a> industry with focus in the tires category regarding emotional values linked to functional benefits.<\/li>\n\n\n\n<li>R\u00e9alisation d&#039;une enqu\u00eate en ligne pour analyser l&#039;attitude des d\u00e9tenteurs de voitures \u00e0 l&#039;\u00e9gard de leurs v\u00e9hicules au Royaume-Uni, en Allemagne, en Russie et en Australie.<\/li>\n\n\n\n<li>Consumer research (purchase decision, car strengths and weaknesses, image and brand perception) in New <a href=\"https:\/\/www.sisinternational.com\/fr\/solutions\/groupes-de-discussion\/installations-de-groupe-de-discussion-a-new-york\/\" title=\"Installations des groupes de discussion de la ville de New York\"  data-wpil-monitor-id=\"10531\">York City using focus groups<\/a>.<\/li>\n\n\n\n<li>Tests de concepts automobiles en Chine \u00e0 l&#039;aide d&#039;entretiens approfondis.<\/li>\n\n\n\n<li>Clinique automobile aux \u00c9tats-Unis pour tester de nouveaux concepts automobiles dans le segment du luxe.<\/li>\n\n\n\n<li>R\u00e9alisation d&#039;une \u00e9tude de march\u00e9 sur le march\u00e9 des roues en aluminium aux \u00c9tats-Unis.<\/li>\n\n\n\n<li>Cr\u00e9ation d&#039;une analyse de march\u00e9 du march\u00e9 des voitures \u00e9lectriques dans les Am\u00e9riques.<\/li>\n\n\n\n<li>R\u00e9alisation de tests d&#039;utilisabilit\u00e9 sur les capteurs de stationnement des voitures de location.<\/li>\n\n\n\n<li>Conducted study to gain insight in <a href=\"https:\/\/www.sisinternational.com\/fr\/financial-services-consulting\/financial-services-customer-satisfaction\/\" title=\"Financial Services Customer Satisfaction\"  data-wpil-monitor-id=\"10539\">customer satisfaction with car repair services<\/a>.<\/li>\n\n\n\n<li>R\u00e9alisation d&#039;entretiens avec des concessionnaires automobiles aux \u00c9tats-Unis.<\/li>\n\n\n\n<li>Organisation de groupes de discussion pour les propri\u00e9taires de moteurs Yamaha\/clients potentiels<\/li>\n\n\n\n<li>R\u00e9alisation d&#039;une \u00e9tude sur les concessionnaires automobiles chinois<\/li>\n\n\n\n<li>R\u00e9alisation d&#039;une \u00e9tude de recherche pour tester des voitures et des concepts automobiles.<\/li>\n\n\n\n<li>Conducted a steering wheel report study in the US<\/li>\n\n\n\n<li>Conducted a <a href=\"https:\/\/www.sisinternational.com\/fr\/competence\/les-industries\/etude-de-marche-sur-les-vehicules-electriques\/\" title=\"\u00c9tude de march\u00e9 sur les v\u00e9hicules \u00e9lectriques\"  data-wpil-monitor-id=\"10543\">research study regarding Electric Vehicles<\/a> in the US<\/li>\n\n\n\n<li>R\u00e9alisation d&#039;une \u00e9tude comparative concernant le Volvo Penta<\/li>\n\n\n\n<li>R\u00e9alisation d&#039;une \u00e9tude de recherche concernant le moteur Ford Gen IV<\/li>\n\n\n\n<li>Conducted an online and telephone research for machines and small engines<\/li>\n\n\n\n<li>R\u00e9alisation d&#039;une \u00e9tude d&#039;utilisabilit\u00e9 du site Web pour un grand constructeur automobile<\/li>\n<\/ul>\n\n\n\n<h3 class=\"wp-block-heading\"><b>Un \u00e9chantillon de nos clients actuels et pass\u00e9s<\/b><\/h3>\n\n\n\n<ul class=\"wp-block-list\">\n<li>Daimler<\/li>\n\n\n\n<li>Ford Motor Company<\/li>\n\n\n\n<li>Moteurs g\u00e9n\u00e9raux<\/li>\n\n\n\n<li>Honda<\/li>\n\n\n\n<li>MINI<\/li>\n\n\n\n<li>MTS<\/li>\n\n\n\n<li>Nissan<\/li>\n\n\n\n<li>Hyundai<\/li>\n\n\n\n<li>Jaguar<\/li>\n\n\n\n<li>Rh\u00e9oforge<\/li>\n\n\n\n<li>Coquille<\/li>\n\n\n\n<li>Toyota<\/li>\n\n\n\n<li>Volvo Am\u00e9rique du Nord<\/li>\n\n\n\n<li>Yamaha<\/li>\n\n\n\n<li>R\u00e9seau GMS<\/li>\n\n\n\n<li>Porche<\/li>\n\n\n\n<li>BMW<\/li>\n<\/ul>\n\n\n\n<h2 class=\"wp-block-heading\"><a href=\"https:\/\/www.sisinternational.com\/fr\/about-sis\/contact-sis-international-market-research\/\">Contactez-nous pour votre prochain projet d\u2019\u00e9tude de march\u00e9 automobile.<\/a><\/h2>\n\n\n\n<p><\/p>","protected":false},"excerpt":{"rendered":"<p>B\u00e9n\u00e9ficiez de notre exp\u00e9rience dans l\u2019industrie automobile.<\/p>","protected":false},"author":1,"featured_media":66388,"parent":11155,"menu_order":2,"comment_status":"closed","ping_status":"closed","template":"","meta":{"footnotes":""},"class_list":["post-19141","page","type-page","status-publish","has-post-thumbnail"],"_links":{"self":[{"href":"https:\/\/www.sisinternational.com\/fr\/wp-json\/wp\/v2\/pages\/19141","targetHints":{"allow":["GET"]}}],"collection":[{"href":"https:\/\/www.sisinternational.com\/fr\/wp-json\/wp\/v2\/pages"}],"about":[{"href":"https:\/\/www.sisinternational.com\/fr\/wp-json\/wp\/v2\/types\/page"}],"author":[{"embeddable":true,"href":"https:\/\/www.sisinternational.com\/fr\/wp-json\/wp\/v2\/users\/1"}],"replies":[{"embeddable":true,"href":"https:\/\/www.sisinternational.com\/fr\/wp-json\/wp\/v2\/comments?post=19141"}],"version-history":[{"count":5,"href":"https:\/\/www.sisinternational.com\/fr\/wp-json\/wp\/v2\/pages\/19141\/revisions"}],"predecessor-version":[{"id":81731,"href":"https:\/\/www.sisinternational.com\/fr\/wp-json\/wp\/v2\/pages\/19141\/revisions\/81731"}],"up":[{"embeddable":true,"href":"https:\/\/www.sisinternational.com\/fr\/wp-json\/wp\/v2\/pages\/11155"}],"wp:featuredmedia":[{"embeddable":true,"href":"https:\/\/www.sisinternational.com\/fr\/wp-json\/wp\/v2\/media\/66388"}],"wp:attachment":[{"href":"https:\/\/www.sisinternational.com\/fr\/wp-json\/wp\/v2\/media?parent=19141"}],"curies":[{"name":"wp","href":"https:\/\/api.w.org\/{rel}","templated":true}]}}