{"id":18900,"date":"2015-09-21T23:57:09","date_gmt":"2015-09-21T23:57:09","guid":{"rendered":"https:\/\/www.sisinternational.com\/?page_id=18900"},"modified":"2026-03-12T21:25:27","modified_gmt":"2026-03-13T01:25:27","slug":"tests-dutilisabilite-recherche-ux-utilisateur","status":"publish","type":"page","link":"https:\/\/www.sisinternational.com\/fr\/competence\/etude-de-marche-sur-les-tests-de-produits\/tests-dutilisabilite-recherche-ux-utilisateur\/","title":{"rendered":"\u00c9tudes de march\u00e9 des utilisateurs et tests d&#039;utilisabilit\u00e9"},"content":{"rendered":"<h1 class=\"wp-block-heading p1\">\u00c9tudes de march\u00e9 des utilisateurs et tests d&#039;utilisabilit\u00e9<\/h1>\n\n\n\n<p><\/p>\n\n\n\n<figure class=\"gb-block-image gb-block-image-ceedab54\"><img loading=\"lazy\" decoding=\"async\" width=\"1456\" height=\"816\" class=\"gb-image gb-image-ceedab54\" src=\"https:\/\/www.sisinternational.com\/wp-content\/uploads\/2025\/08\/Tech-6.jpg\" alt=\"\u00c9tudes de march\u00e9 et strat\u00e9gie internationales SIS\" title=\"Tech (6)\" srcset=\"https:\/\/www.sisinternational.com\/wp-content\/uploads\/2025\/08\/Tech-6.jpg 1456w, https:\/\/www.sisinternational.com\/wp-content\/uploads\/2025\/08\/Tech-6-300x168.jpg 300w, https:\/\/www.sisinternational.com\/wp-content\/uploads\/2025\/08\/Tech-6-1024x574.jpg 1024w, https:\/\/www.sisinternational.com\/wp-content\/uploads\/2025\/08\/Tech-6-768x430.jpg 768w, https:\/\/www.sisinternational.com\/wp-content\/uploads\/2025\/08\/Tech-6-18x10.jpg 18w\" sizes=\"auto, (max-width: 1456px) 100vw, 1456px\"><\/figure>\n\n\n\n<p><\/p>\n\n\n\n<h2 class=\"wp-block-heading p1\"><span class=\"s1\">Qu&#039;est-ce que les tests d&#039;utilisabilit\u00e9\u00a0?<\/span><\/h2>\n\n\n\n<p class=\"p2\"><span class=\"s1\"><b>Tests d&#039;utilisation<\/b>&nbsp;est une technique de recherche qualitative qui implique l&#039;observation directe et l&#039;entretien de personnes utilisant un produit afin d&#039;\u00e9valuer s&#039;il peut \u00eatre utilis\u00e9 aux fins pr\u00e9vues.<\/span><\/p>\n\n\n\n<p class=\"p4\"><span class=\"s1\">G\u00e9n\u00e9ralement, les sujets sont invit\u00e9s \u00e0 utiliser un produit ou \u00e0 r\u00e9soudre un probl\u00e8me avec celui-ci, puis \u00e0 dire \u00e0 haute voix ce qu&#039;ils pensent et font, et pourquoi, \u00e9tape par \u00e9tape. Cette d\u00e9marche peut r\u00e9v\u00e9ler d&#039;\u00e9ventuelles difficult\u00e9s de compr\u00e9hension ou d&#039;utilisation du produit. <\/span><\/p>\n\n\n\n<h2 class=\"wp-block-heading p1\"><span class=\"s1\">Quand utiliser les tests d&#039;utilisabilit\u00e9<\/span><\/h2>\n\n\n\n<p class=\"p2\"><span class=\"s1\">Si vous avez ou r\u00e9visez une entreprise <\/span><span class=\"s2\">site web<\/span><span class=\"s1\">, il convient de s&#039;int\u00e9resser \u00e0 la d\u00e9termination de l&#039;exp\u00e9rience utilisateur globale, y compris la facilit\u00e9 d&#039;utilisation, le nombre de clics et le temps de recherche d&#039;informations.&nbsp;<\/span><span class=\"s3\">Il est important de savoir si les visiteurs de votre site Web peuvent ou non effectuer les op\u00e9rations suivantes\u00a0:<\/span><\/p>\n\n\n\n<ul class=\"wp-block-list\">\n<li><span class=\"s1\">Naviguez d\u2019\u00e9cran en \u00e9cran et sur chaque \u00e9cran<\/span><\/li>\n\n\n\n<li><span class=\"s1\">D\u00e9couvrez le contenu attendu<\/span><\/li>\n\n\n\n<li><span class=\"s1\">Localiser les sp\u00e9cifications du produit<\/span><\/li>\n\n\n\n<li><span class=\"s1\">Comprendre\/utiliser des images ou des vid\u00e9os<\/span><\/li>\n\n\n\n<li><span class=\"s1\">R\u00e9soudre un probl\u00e8me<\/span><\/li>\n\n\n\n<li><span class=\"s1\">Obtenez un prix <\/span><\/li>\n\n\n\n<li><span class=\"s1\">Trouver le profil de l&#039;entreprise<\/span><\/li>\n\n\n\n<li><span class=\"s1\">Contactez l\u2019entreprise pour\u2026<\/span>\n<ul class=\"wp-block-list\">\n<li><span class=\"s1\">Demander un devis&nbsp;<\/span><\/li>\n\n\n\n<li><span class=\"s1\">Faire un achat<\/span><\/li>\n\n\n\n<li><span class=\"s1\">Parlez au service client<\/span><\/li>\n<\/ul>\n<\/li>\n<\/ul>\n\n\n\n<h2 class=\"wp-block-heading\">D\u00e9couvrir des informations sur l&#039;exp\u00e9rience utilisateur<\/h2>\n\n\n\n<p class=\"p1\"><span class=\"s1\">Si vous vendez un <\/span><span class=\"s2\">produit<\/span><span class=\"s1\">&nbsp;qui peut ou non \u00eatre accompagn\u00e9 d&#039;instructions imprim\u00e9es, il est possible de d\u00e9terminer non seulement si le consommateur sait comment l&#039;utiliser, mais aussi dans quelle mesure il est facile \u00e0 utiliser et dans quelle mesure il r\u00e9pond \u00e0 ses attentes. Les exemples comprennent:<\/span><\/p>\n\n\n\n<ul class=\"wp-block-list\">\n<li><span class=\"s1\">Aliments n\u00e9cessitant une pr\u00e9paration<\/span><\/li>\n\n\n\n<li><span class=\"s1\">Aides \u00e0 la sant\u00e9 et \u00e0 la beaut\u00e9<\/span><\/li>\n\n\n\n<li><span class=\"s1\">Tableaux de bord automobiles<\/span><\/li>\n\n\n\n<li><span class=\"s1\">Syst\u00e8mes de divertissement<\/span><\/li>\n\n\n\n<li><span class=\"s1\">Appareils ou outils \u00e9lectriques et \u00e9lectroniques<\/span><\/li>\n\n\n\n<li><span class=\"s1\">Un produit \u00e0 assembler<\/span><\/li>\n<\/ul>\n\n\n\n<h2 class=\"wp-block-heading p1\"><span class=\"s1\">Comment les tests d\u2019utilisabilit\u00e9 sont-ils effectu\u00e9s\u00a0?<\/span><\/h2>\n\n\n\n<p class=\"p2\"><span class=\"s1\">Test subjects are generally recruited based on a set of screening questions and then invited to a <a href=\"https:\/\/www.sisinternational.com\/fr\/solutions\/solutions-de-branding-et-de-recherche-client\/etude-de-marche-sur-les-tests-de-produits\/\" title=\"\u00c9tude de march\u00e9 sur les tests de produits\"  data-wpil-monitor-id=\"9659\">recherche<\/a> facility which is set up with the product to be tested. Alternatively, some videoconferencing capability (e.g. Skype, FaceTime, Zoom) may be set up to enable an interviewer to see and be seen by a respondent. <\/span><\/p>\n\n\n\n<ul class=\"wp-block-list\">\n<li><span class=\"s1\">Dans la plupart des cas, une compensation mon\u00e9taire, appel\u00e9e <strong>incitation<\/strong>, est propos\u00e9 pour coop\u00e9rer \u00e0 la recherche, mais dans certains cas, les participants re\u00e7oivent simplement le produit \u00e0 conserver.<\/span><\/li>\n\n\n\n<li><span class=\"s1\">Une s\u00e9ance typique dure d&#039;une heure \u00e0 90 minutes.<\/span><\/li>\n<\/ul>\n\n\n\n<p class=\"p2\"><span class=\"s1\">Avec l&#039;aide du client, le chercheur\/intervieweur \u00e9tablira un ensemble de t\u00e2ches et de questions \u00e0 administrer. <\/span><\/p>\n\n\n\n<ul class=\"wp-block-list\">\n<li><span class=\"s1\">Au cours du projet, dans la mesure du possible, il est recommand\u00e9 d&#039;effectuer une rotation des t\u00e2ches afin d&#039;\u00e9viter tout biais que l&#039;une pourrait avoir sur l&#039;autre.<\/span><\/li>\n\n\n\n<li><span class=\"s1\">L&#039;enqu\u00eateur ne doit apporter aucune aide (autre que clarifier ce qui doit \u00eatre fait) et doit pr\u00e9senter la t\u00e2che exactement de la m\u00eame mani\u00e8re \u00e0 chaque participant.&nbsp;<\/span><\/li>\n\n\n\n<li><span class=\"s1\">Si la t\u00e2che ne peut pas \u00eatre accomplie, les raisons de l&#039;\u00e9chec seront identifi\u00e9es et aideront le client \u00e0 apporter les ajustements n\u00e9cessaires au produit ou au site Web.<\/span><\/li>\n\n\n\n<li><span class=\"s1\">En observant attentivement chaque utilisateur, le chercheur peut \u00e9galement noter tout langage corporel ou expression verbale (indiquant une frustration, une confusion, une insatisfaction ou des signes de plaisir ou de satisfaction) \u2013 qui peuvent tous \u00eatre int\u00e9gr\u00e9s dans un rapport final et des recommandations.<\/span><\/li>\n<\/ul>\n\n\n\n<p class=\"p1\"><span class=\"s1\">M\u00eame avec un nombre relativement restreint de sujets, de nombreux r\u00e9sultats et commentaires auront tendance \u00e0 converger rapidement et \u00e0 indiquer clairement si des domaines n\u00e9cessitent des am\u00e9liorations.<\/span><\/p>\n\n\n\n<p class=\"p1\"><span class=\"s1\">C&#039;est une bonne id\u00e9e d&#039;effectuer p\u00e9riodiquement des tests d&#039;utilisabilit\u00e9 pour garantir que les nouveaux utilisateurs peuvent facilement accomplir des t\u00e2ches avec votre produit ou votre site Web, ainsi que pour d\u00e9terminer si des modifications ont fait une diff\u00e9rence.<\/span><\/p>\n\n\n\n<h2 class=\"wp-block-heading\">\u00c0 propos des tests d&#039;utilisabilit\u00e9 des sites Web<\/h2>\n\n\n\n<p>Testing a website can be critical.&nbsp; Most people in both B2C and <a href=\"https:\/\/www.sisinternational.com\/fr\/competence\/cv-dexperience\/societe-detudes-de-marche-b2b\/\" title=\"Meilleure soci\u00e9t\u00e9 d&#039;\u00e9tudes de march\u00e9 B2B\"  data-wpil-monitor-id=\"9660\">B2B examine a company&#8217;s<\/a> website before doing business with your company.&nbsp; Therefore Website Usability can have a direct and immediate impact on your bottom line profitability.<\/p>\n\n\n\n<p>Website Usability is a robust <a href=\"https:\/\/www.sisinternational.com\/fr\/solutions\/voix-du-client\/\" title=\"Recherche Voix du Client\"  data-wpil-monitor-id=\"9655\">research methodology to understand customer<\/a> likes, dislikes and purchasing processes. It examines what customers first see, what bothers them, and what motivates them to purchase.&nbsp; Data can also be provided in terms of conversion metrics, willingness to purchase, and heat map data.&nbsp; <a href=\"https:\/\/www.sisinternational.com\/fr\/solutions\/solutions-de-recherche-qualitative-et-quantitative\/recherche-qualitative-recrutement\/\" title=\"Recrutement en recherche qualitative\"  data-wpil-monitor-id=\"9656\">Recherche qualitative et quantitative<\/a> can be gathered to provide strategies and modifications to your company&#8217;s website.<\/p>\n\n\n\n<p><strong>La recherche sur la convivialit\u00e9 du site Web peut fournir\u00a0:<\/strong><\/p>\n\n\n\n<ul class=\"wp-block-list\">\n<li>Meilleurs messages et conception<\/li>\n\n\n\n<li>Des mesures de conversion plus \u00e9lev\u00e9es<\/li>\n\n\n\n<li>Rentabilit\u00e9, revenus et ventes plus \u00e9lev\u00e9s<\/li>\n\n\n\n<li>Meilleures performances de marque<\/li>\n\n\n\n<li>Meilleure optimisation des moteurs de recherche (SEO)<\/li>\n\n\n\n<li>Strat\u00e9gie omnicanale am\u00e9lior\u00e9e<\/li>\n\n\n\n<li>Avantage comp\u00e9titif<\/li>\n<\/ul>\n\n\n\n<h2 class=\"wp-block-heading\">M\u00e9thodes d\u2019\u00e9tude de march\u00e9 des utilisateurs<\/h2>\n\n\n\n<p>Many UX <a href=\"https:\/\/www.sisinternational.com\/fr\/quantitative-market-research-methods-and-techniques\/\" title=\"Quantitative Market Research Methods and Techniques\"  data-wpil-monitor-id=\"9654\">Market Research methods<\/a> can help achieve different objectives.&nbsp; We conduct:<\/p>\n\n\n\n<ul class=\"wp-block-list\">\n<li><a href=\"https:\/\/www.sisinternational.com\/fr\/solutions\/societe-detudes-de-marche-communautaire-en-ligne-b2b\/\" title=\"Soci\u00e9t\u00e9 d&#039;\u00e9tudes de march\u00e9 sur les communaut\u00e9s en ligne B2B\"  data-wpil-monitor-id=\"9658\">Communaut\u00e9s Insight en ligne<\/a><\/li>\n\n\n\n<li><a href=\"https:\/\/www.sisinternational.com\/fr\/solutions\/solutions-de-branding-et-de-recherche-client\/recherche-en-video-ethnographie\/\" title=\"Recherche en vid\u00e9o-ethnographie\"  data-wpil-monitor-id=\"6797\">Vid\u00e9o et ethnographie mobile<\/a><\/li>\n\n\n\n<li>Entretiens Zoom en ligne<\/li>\n\n\n\n<li>S\u00e9ances de co-cr\u00e9ation<\/li>\n\n\n\n<li>Groupes de discussion<\/li>\n\n\n\n<li>Entretiens approfondis<\/li>\n\n\n\n<li>Agile <a href=\"https:\/\/www.sisinternational.com\/fr\/solutions\/test-de-gout\/how-quantitative-sensory-testing-helps-businesses-improve-product-appeal\/\" title=\"Sensory Testing Research\"  data-wpil-monitor-id=\"9657\">Research and Testing<\/a><\/li>\n\n\n\n<li>Test d&#039;utilisabilit\u00e9 du site Web<\/li>\n<\/ul>\n\n\n\n<h2 class=\"wp-block-heading\">Avantages de l&#039;\u00e9tude de march\u00e9 des utilisateurs<\/h2>\n\n\n\n<p>L&#039;\u00e9tude de march\u00e9 des utilisateurs fournit les informations, les donn\u00e9es et les strat\u00e9gies qui peuvent fournir\u00a0:<\/p>\n\n\n\n<ul class=\"wp-block-list\">\n<li>Un engagement client plus \u00e9lev\u00e9<\/li>\n\n\n\n<li>Rentabilit\u00e9 plus \u00e9lev\u00e9e<\/li>\n\n\n\n<li>Meilleures performances commerciales<\/li>\n\n\n\n<li>Une messagerie plus efficace<\/li>\n\n\n\n<li><a href=\"https:\/\/www.sisinternational.com\/fr\/competence\/les-industries\/etude-de-marche-sur-lenseignement-superieur\/\" title=\"\u00c9tude de march\u00e9 sur l\u2019enseignement sup\u00e9rieur\"  data-wpil-monitor-id=\"9661\">Higher efficiency in marketing<\/a> and operations<\/li>\n\n\n\n<li>Des budgets marketing r\u00e9duits<\/li>\n<\/ul>","protected":false},"excerpt":{"rendered":"<p>Nous fournissons des recherches sur les utilisateurs et des tests UX pour un avantage concurrentiel.<\/p>","protected":false},"author":1,"featured_media":62723,"parent":12926,"menu_order":6,"comment_status":"closed","ping_status":"closed","template":"","meta":{"footnotes":""},"class_list":["post-18900","page","type-page","status-publish","has-post-thumbnail"],"_links":{"self":[{"href":"https:\/\/www.sisinternational.com\/fr\/wp-json\/wp\/v2\/pages\/18900","targetHints":{"allow":["GET"]}}],"collection":[{"href":"https:\/\/www.sisinternational.com\/fr\/wp-json\/wp\/v2\/pages"}],"about":[{"href":"https:\/\/www.sisinternational.com\/fr\/wp-json\/wp\/v2\/types\/page"}],"author":[{"embeddable":true,"href":"https:\/\/www.sisinternational.com\/fr\/wp-json\/wp\/v2\/users\/1"}],"replies":[{"embeddable":true,"href":"https:\/\/www.sisinternational.com\/fr\/wp-json\/wp\/v2\/comments?post=18900"}],"version-history":[{"count":6,"href":"https:\/\/www.sisinternational.com\/fr\/wp-json\/wp\/v2\/pages\/18900\/revisions"}],"predecessor-version":[{"id":81610,"href":"https:\/\/www.sisinternational.com\/fr\/wp-json\/wp\/v2\/pages\/18900\/revisions\/81610"}],"up":[{"embeddable":true,"href":"https:\/\/www.sisinternational.com\/fr\/wp-json\/wp\/v2\/pages\/12926"}],"wp:featuredmedia":[{"embeddable":true,"href":"https:\/\/www.sisinternational.com\/fr\/wp-json\/wp\/v2\/media\/62723"}],"wp:attachment":[{"href":"https:\/\/www.sisinternational.com\/fr\/wp-json\/wp\/v2\/media?parent=18900"}],"curies":[{"name":"wp","href":"https:\/\/api.w.org\/{rel}","templated":true}]}}