{"id":18880,"date":"2015-09-19T21:12:32","date_gmt":"2015-09-19T21:12:32","guid":{"rendered":"https:\/\/www.sisinternational.com\/?page_id=18880"},"modified":"2025-09-16T17:58:52","modified_gmt":"2025-09-16T21:58:52","slug":"ateliers-dideation","status":"publish","type":"page","link":"https:\/\/www.sisinternational.com\/fr\/solutions\/innovation\/ateliers-dideation\/","title":{"rendered":"Recherche d&#039;id\u00e9ation"},"content":{"rendered":"<h1 class=\"wp-block-heading\">Recherche d&#039;id\u00e9ation<\/h1>\n\n\n\n<p><\/p>\n\n\n\n<figure class=\"gb-block-image gb-block-image-59b8f966\"><img loading=\"lazy\" decoding=\"async\" width=\"1456\" height=\"816\" class=\"gb-image gb-image-59b8f966\" src=\"https:\/\/www.sisinternational.com\/wp-content\/uploads\/2025\/08\/Desk-research-3.jpg\" alt=\"\u00c9tudes de march\u00e9 et strat\u00e9gie internationales SIS\" title=\"Desk research (3)\" srcset=\"https:\/\/www.sisinternational.com\/wp-content\/uploads\/2025\/08\/Desk-research-3.jpg 1456w, https:\/\/www.sisinternational.com\/wp-content\/uploads\/2025\/08\/Desk-research-3-300x168.jpg 300w, https:\/\/www.sisinternational.com\/wp-content\/uploads\/2025\/08\/Desk-research-3-1024x574.jpg 1024w, https:\/\/www.sisinternational.com\/wp-content\/uploads\/2025\/08\/Desk-research-3-768x430.jpg 768w, https:\/\/www.sisinternational.com\/wp-content\/uploads\/2025\/08\/Desk-research-3-18x10.jpg 18w\" sizes=\"auto, (max-width: 1456px) 100vw, 1456px\"><\/figure>\n\n\n\n<p><\/p>\n\n\n\n<h2 class=\"wp-block-heading p1\"><span class=\"s1\">Qu\u2019est-ce que l\u2019id\u00e9ation ?<\/span><\/h2>\n\n\n\n<p class=\"p2\"><span class=\"s1\">Tant sur le march\u00e9 grand public que B2B, l\u2019objectif de l\u2019id\u00e9ation (ou du processus d\u2019id\u00e9ation) n\u2019est pas seulement de g\u00e9n\u00e9rer des id\u00e9es. Au lieu de cela, il devrait se concentrer sur la mani\u00e8re de satisfaire au mieux <\/span><span class=\"s2\">unmet&nbsp;needs of your <span class=\"s3\">clients<\/span><\/span><span class=\"s4\">.<\/span><span class=\"s1\">&nbsp; Un atelier d\u2019id\u00e9ation implique un processus cr\u00e9atif pour relever ce d\u00e9fi. \u00c0 bien des \u00e9gards, cela ressemble \u00e0 ce que l\u2019on appelle souvent une s\u00e9ance de brainstorming. Id\u00e9alement, cela conduit au d\u00e9veloppement de nouveaux produits ou d\u2019extensions de gamme am\u00e9lior\u00e9s ou inimaginables.<\/span><\/p>\n\n\n\n<p>March\u00e9 <a href=\"https:\/\/www.sisinternational.com\/fr\/competence\/cv-dexperience\/cv-dexperience-dans-les-biens-de-consommation-et-emballes\/\" title=\"\u00c9tude de march\u00e9 sur les biens de consommation et les biens emball\u00e9s\"  data-wpil-monitor-id=\"8534\">recherche<\/a> can be used as a preliminary step to learn what consumers need or desire to do easier, faster, cheaper, or more effectively. Personal interviews, focus groups, <a href=\"https:\/\/www.sisinternational.com\/fr\/solutions\/societe-detudes-de-marche-par-echantillonnage-et-sondage-en-ligne\/\" title=\"Enqu\u00eate en ligne \u00c9chantillonnage Soci\u00e9t\u00e9 d&#039;\u00e9tudes de march\u00e9\"  data-wpil-monitor-id=\"8532\">online or telephone surveys<\/a> are just a few methods that can help to uncover some of these needs. The gist of the questions would revolve around \u201cwhat else would you like\u2026?\u201d<\/p>\n\n\n\n<h2 class=\"wp-block-heading p1\"><span class=\"s1\">Comment animer un atelier d\u2019id\u00e9ation ?<\/span><\/h2>\n\n\n\n<p class=\"p1\"><span class=\"s1\">L\u2019une des premi\u00e8res t\u00e2ches consiste \u00e0 trouver un mod\u00e9rateur qualifi\u00e9 \u2013 presque toujours un professionnel ext\u00e9rieur \u00e0 votre entreprise et ayant l\u2019exp\u00e9rience de la conduite de tels exercices. Ensuite, afin d&#039;obtenir le feedback le plus large possible, entre 8 et 12 membres de votre organisation doivent \u00eatre invit\u00e9s \u00e0 participer. Ils doivent poss\u00e9der une diversit\u00e9 de traits ou de caract\u00e9ristiques, par exemple le sexe, le groupe d&#039;\u00e2ge, le niveau de direction, la fonction professionnelle. Lors de l&#039;atelier, tous les individus et leurs id\u00e9es doivent \u00eatre trait\u00e9s de la m\u00eame mani\u00e8re, <\/span><span style=\"text-decoration: underline;\"><span class=\"s2\">sans jugement ni parti pris<\/span><\/span><span class=\"s1\">. Les participants peuvent ne pas se conna\u00eetre et, \u00e0 l&#039;exception de leur pr\u00e9nom, ils n&#039;ont pas besoin d&#039;autres informations d&#039;identification.<\/span><\/p>\n\n\n\n<ul class=\"wp-block-list\">\n<li><span class=\"s1\">Il existe un certain nombre de \u00ab tests \u00bb de personnalit\u00e9 couramment utilis\u00e9s qui aident \u00e0 classer les personnes dans certaines cat\u00e9gories. Myers-Briggs, par exemple, pose une s\u00e9rie de questions apr\u00e8s quoi les personnes sont class\u00e9es dans l&#039;un des 16 types de personnalit\u00e9, dont certains peuvent \u00eatre plus introvertis, extravertis, intuitifs, analytiques ou cr\u00e9atifs. <\/span><\/li>\n<\/ul>\n\n\n\n<p class=\"p1\"><span class=\"s1\">Des r\u00e8gles ou des contraintes peuvent \u00eatre mises en place pour forcer les gens \u00e0 penser de mani\u00e8re nouvelle et diff\u00e9rente. Par exemple:<\/span><\/p>\n\n\n\n<ul class=\"wp-block-list\">\n<li><span class=\"s1\">En raison de p\u00e9nuries ou d\u2019augmentations de prix, que se passerait-il si vous ne pouviez pas utiliser certains ingr\u00e9dients ou mat\u00e9riaux pour fabriquer un produit ? <\/span><\/li>\n\n\n\n<li><span class=\"s1\">Comment pourriez-vous accomplir une t\u00e2che en deux fois moins de temps ou pour la moiti\u00e9 du co\u00fbt\u00a0? <\/span><\/li>\n\n\n\n<li><span class=\"s1\">How would a <a href=\"https:\/\/www.sisinternational.com\/fr\/competence\/cv-dexperience\/cv-dexperience-dans-lindustrie-automobile\/\" title=\"Soci\u00e9t\u00e9 d\u2019\u00e9tudes de march\u00e9 pour l\u2019industrie automobile\"  data-wpil-monitor-id=\"8535\">company in another industry<\/a> address the problem?<\/span><\/li>\n<\/ul>\n\n\n\n<p><span class=\"s1\">L&#039;animateur de s\u00e9ance aura g\u00e9n\u00e9ralement certains \u00e9l\u00e9ments \u00e0 disposition dans la salle de r\u00e9union\u00a0:<\/span><\/p>\n\n\n\n<ul class=\"wp-block-list\">\n<li><span class=\"s1\">Postez-le des notes de diff\u00e9rentes couleurs et tailles<\/span><\/li>\n\n\n\n<li><span class=\"s1\">Tableaux \u00e0 feuilles mobiles<\/span><\/li>\n\n\n\n<li><span class=\"s1\">Tableaux blancs<\/span><\/li>\n\n\n\n<li><span class=\"s1\">Marqueurs de diff\u00e9rentes couleurs<\/span><\/li>\n\n\n\n<li><span class=\"s1\">Jouets, objets ou jeux pour r\u00e9duire les tensions, cr\u00e9er une atmosph\u00e8re amusante et stimuler la r\u00e9flexion hors des sentiers battus<\/span><\/li>\n<\/ul>\n\n\n\n<p class=\"p1\"><span class=\"s1\">Participants may be asked to co-create or create drawings or simple sketches and place them around the room for others to see and react to. This co-creation dives deep below the surface to uncover intuitive insight.&nbsp; Diagrams may be used to connect and rearrange words, pictures, ideas and concepts. It is important to hear from everyone in an environment where there are no wrong answers or statements.<b> <\/b><\/span><\/p>\n\n\n\n<p class=\"p1\"><\/p>\n\n\n\n<h2 class=\"wp-block-heading p1\"><span class=\"s1\">Quels sont les avantages d\u2019un atelier d\u2019id\u00e9ation ?<\/span><\/h2>\n\n\n\n<p class=\"p1\"><span class=\"s1\">\u00c0 un moment donn\u00e9, g\u00e9n\u00e9ralement entre une heure et 90 minutes, de nombreuses id\u00e9es auront \u00e9merg\u00e9 et le rythme des nouvelles id\u00e9es diminuera. Il devrait \u00eatre possible de les regrouper, d&#039;en discuter, puis de les \u00e9valuer et de les classer selon des crit\u00e8res convenus en interne (par exemple, r\u00e9sout un probl\u00e8me d&#039;utilisateur courant, est r\u00e9alisable et peut \u00eatre produit dans un d\u00e9lai ou un co\u00fbt raisonnable). <\/span><\/p>\n\n\n\n<p class=\"p1\"><span class=\"s1\">Since the goal is to fulfill unmet customer needs and desires, there is really no limit to how many options should be pursued. But from a practical point of view, perhaps just a handful should be further explored in terms of resources required and potential <a href=\"https:\/\/www.sisinternational.com\/fr\/retour-sur-investissement-dans-les-etudes-de-marche\/\" title=\"Retour sur investissement dans les \u00e9tudes de march\u00e9\"  data-wpil-monitor-id=\"8536\">return on investment<\/a>.<\/span><\/p>\n\n\n\n<p class=\"p1\"><span class=\"s1\">Ultimately, terrific ideas for innovative new products or <a href=\"https:\/\/www.sisinternational.com\/fr\/solutions\/recherche-de-conseil-en-strategie-fintech\/conseil-en-acquisition-de-clients-dans-le-domaine-des-services-financiers\/\" title=\"Conseil en acquisition de clients dans le domaine des services financiers\"  data-wpil-monitor-id=\"8533\">services that solve problems for your customers<\/a> will be the outcome.<\/span><\/p>\n\n\n\n<p><\/p>","protected":false},"excerpt":{"rendered":"<p>La recherche d\u2019id\u00e9ation m\u00e8ne au d\u00e9veloppement de nouveaux produits am\u00e9lior\u00e9s et inimaginables auparavant. Les participants fournissent des informations de pointe.<\/p>","protected":false},"author":1,"featured_media":62800,"parent":14459,"menu_order":1,"comment_status":"open","ping_status":"open","template":"","meta":{"footnotes":""},"class_list":["post-18880","page","type-page","status-publish","has-post-thumbnail"],"_links":{"self":[{"href":"https:\/\/www.sisinternational.com\/fr\/wp-json\/wp\/v2\/pages\/18880","targetHints":{"allow":["GET"]}}],"collection":[{"href":"https:\/\/www.sisinternational.com\/fr\/wp-json\/wp\/v2\/pages"}],"about":[{"href":"https:\/\/www.sisinternational.com\/fr\/wp-json\/wp\/v2\/types\/page"}],"author":[{"embeddable":true,"href":"https:\/\/www.sisinternational.com\/fr\/wp-json\/wp\/v2\/users\/1"}],"replies":[{"embeddable":true,"href":"https:\/\/www.sisinternational.com\/fr\/wp-json\/wp\/v2\/comments?post=18880"}],"version-history":[{"count":5,"href":"https:\/\/www.sisinternational.com\/fr\/wp-json\/wp\/v2\/pages\/18880\/revisions"}],"predecessor-version":[{"id":81431,"href":"https:\/\/www.sisinternational.com\/fr\/wp-json\/wp\/v2\/pages\/18880\/revisions\/81431"}],"up":[{"embeddable":true,"href":"https:\/\/www.sisinternational.com\/fr\/wp-json\/wp\/v2\/pages\/14459"}],"wp:featuredmedia":[{"embeddable":true,"href":"https:\/\/www.sisinternational.com\/fr\/wp-json\/wp\/v2\/media\/62800"}],"wp:attachment":[{"href":"https:\/\/www.sisinternational.com\/fr\/wp-json\/wp\/v2\/media?parent=18880"}],"curies":[{"name":"wp","href":"https:\/\/api.w.org\/{rel}","templated":true}]}}