{"id":17008,"date":"2015-06-30T18:22:59","date_gmt":"2015-06-30T18:22:59","guid":{"rendered":"https:\/\/www.sisinternational.com\/?page_id=17008"},"modified":"2026-01-26T18:17:58","modified_gmt":"2026-01-26T23:17:58","slug":"etude-de-marche-en-slovenie","status":"publish","type":"page","link":"https:\/\/www.sisinternational.com\/fr\/couverture\/leurope-%ef%83%97\/etude-de-marche-en-slovenie\/","title":{"rendered":"Etude de march\u00e9 en Slov\u00e9nie"},"content":{"rendered":"<h1 class=\"wp-block-heading\">Etude de march\u00e9 en Slov\u00e9nie<\/h1>\n\n\n\n<figure class=\"gb-block-image gb-block-image-766794fa\"><img loading=\"lazy\" decoding=\"async\" width=\"1456\" height=\"816\" class=\"gb-image gb-image-766794fa\" src=\"https:\/\/www.sisinternational.com\/wp-content\/uploads\/2025\/09\/Slovenia-2.jpg\" alt=\"\u00c9tudes de march\u00e9 et strat\u00e9gie internationales SIS\" title=\"Slovenia (2)\" srcset=\"https:\/\/www.sisinternational.com\/wp-content\/uploads\/2025\/09\/Slovenia-2.jpg 1456w, https:\/\/www.sisinternational.com\/wp-content\/uploads\/2025\/09\/Slovenia-2-300x168.jpg 300w, https:\/\/www.sisinternational.com\/wp-content\/uploads\/2025\/09\/Slovenia-2-1024x574.jpg 1024w, https:\/\/www.sisinternational.com\/wp-content\/uploads\/2025\/09\/Slovenia-2-768x430.jpg 768w, https:\/\/www.sisinternational.com\/wp-content\/uploads\/2025\/09\/Slovenia-2-18x10.jpg 18w\" sizes=\"auto, (max-width: 1456px) 100vw, 1456px\"><\/figure>\n\n\n\n<h1 class=\"wp-block-heading smallTitleB\">&nbsp;<\/h1>\n\n\n\n<p>Gr\u00e2ce \u00e0 son emplacement strat\u00e9gique, ses industries en plein essor et son environnement commercial favorable, la Slov\u00e9nie constitue une destination prometteuse pour l&#039;exploration et la croissance du march\u00e9. C&#039;est pourquoi les \u00e9tudes de march\u00e9 en Slov\u00e9nie constituent un outil essentiel pour comprendre ce march\u00e9.<\/p>\n\n\n\n<h2 class=\"wp-block-heading\">Qu\u2019est-ce qu\u2019une \u00e9tude de march\u00e9 en Slov\u00e9nie ? Pourquoi c&#039;est important?<\/h2>\n\n\n\n<p>Market research in Slovenia analyzes consumer behavior, industry trends, and competitive dynamics within the Slovenian market. It helps businesses gain actionable insights into market opportunities and challenges.<\/p>\n\n\n\n<p>This market research enables businesses to understand Slovenian consumers&#8217; needs, preferences, and behaviors. Companies can tailor their products, services, and marketing strategies to effectively resonate with the local audience by gaining insights into consumer trends, buying patterns, and cultural nuances.<\/p>\n\n\n\n<p>Moreover, it helps businesses to mitigate risks and uncertainties associated with market entry and expansion into Slovenia. Market research in Slovenia also empowers businesses to identify emerging opportunities and trends in the Slovenian market.&nbsp;<\/p>\n\n\n\n<h2 class=\"wp-block-heading\">Quand r\u00e9aliser une \u00e9tude de march\u00e9 en Slov\u00e9nie<\/h2>\n\n\n\n<figure class=\"gb-block-image gb-block-image-fe3b953e\"><img loading=\"lazy\" decoding=\"async\" width=\"1456\" height=\"816\" class=\"gb-image gb-image-fe3b953e\" src=\"https:\/\/www.sisinternational.com\/wp-content\/uploads\/2025\/09\/Slovakia-3.jpg\" srcset=\"https:\/\/www.sisinternational.com\/wp-content\/uploads\/2025\/09\/Slovakia-3.jpg 1456w, https:\/\/www.sisinternational.com\/wp-content\/uploads\/2025\/09\/Slovakia-3-300x168.jpg 300w, https:\/\/www.sisinternational.com\/wp-content\/uploads\/2025\/09\/Slovakia-3-1024x574.jpg 1024w, https:\/\/www.sisinternational.com\/wp-content\/uploads\/2025\/09\/Slovakia-3-768x430.jpg 768w, https:\/\/www.sisinternational.com\/wp-content\/uploads\/2025\/09\/Slovakia-3-18x10.jpg 18w\" sizes=\"auto, (max-width: 1456px) 100vw, 1456px\" alt=\"\u00c9tudes de march\u00e9 et strat\u00e9gie internationales SIS\"><\/figure>\n\n\n\n<p><\/p>\n\n\n\n<p>Avant d&#039;entrer dans le <span class=\"removed_link\" title=\"https:\/\/www.sisinternational.com\/slovenias-economy\/\">March\u00e9 slov\u00e8ne<\/span>, businesses should conduct preliminary market research to assess market feasibility, identify market opportunities and challenges, understand regulatory requirements, and evaluate the competitive landscape.<\/p>\n\n\n\n<p>As businesses expand their presence in Slovenia, ongoing market research is essential to monitor market trends, track competitor activities, gather customer feedback, and adapt strategies to changing market dynamics, ensuring sustained growth and competitiveness.<\/p>\n\n\n\n<p>De m\u00eame, avant de lancer de nouveaux produits ou services sur le march\u00e9 slov\u00e8ne, les entreprises doivent mener des \u00e9tudes de march\u00e9 pour \u00e9valuer l&#039;acceptation des consommateurs, tester les concepts de produits, \u00e9valuer la sensibilit\u00e9 aux prix et affiner les strat\u00e9gies de marketing afin de maximiser le succ\u00e8s des produits et la p\u00e9n\u00e9tration du march\u00e9.<\/p>\n\n\n\n<h2 class=\"wp-block-heading\">Notre revue actuelle du march\u00e9<\/h2>\n\n\n\n<p>Nous pensons que la Slov\u00e9nie est pr\u00eate \u00e0 conna\u00eetre une croissance et une diversification \u00e9conomiques continues, aliment\u00e9es par le d\u00e9veloppement continu des infrastructures, les investissements dans la recherche et le d\u00e9veloppement et une main-d&#039;\u0153uvre qualifi\u00e9e. Les initiatives du gouvernement visant \u00e0 promouvoir l&#039;entrepreneuriat, l&#039;innovation et les investissements \u00e9trangers devraient renforcer davantage la position concurrentielle du pays et son attractivit\u00e9 pour les entreprises \u00e0 la recherche d&#039;opportunit\u00e9s d&#039;expansion dans la r\u00e9gion.<\/p>\n\n\n\n<p>Malgr\u00e9 sa taille relativement petite, la Slov\u00e9nie offre aux entreprises de nombreuses opportunit\u00e9s de r\u00e9aliser un retour sur investissement favorable gr\u00e2ce \u00e0 une entr\u00e9e et une expansion strat\u00e9giques sur le march\u00e9. Gr\u00e2ce \u00e0 son environnement politique stable, sa main-d&#039;\u0153uvre qualifi\u00e9e et son acc\u00e8s aux march\u00e9s europ\u00e9ens, la Slov\u00e9nie est une porte d&#039;entr\u00e9e pour les entreprises cherchant \u00e0 \u00e9tablir une pr\u00e9sence sur le march\u00e9 \u00e9largi de l&#039;Union europ\u00e9enne (UE). Toutefois, pour r\u00e9ussir sur le march\u00e9 slov\u00e8ne, il faut une compr\u00e9hension nuanc\u00e9e de la dynamique du march\u00e9 local, du comportement des consommateurs et des exigences r\u00e9glementaires.<\/p>\n\n\n\n<h2 class=\"wp-block-heading\">Climat politique favorable aux affaires<\/h2>\n\n\n\n<figure class=\"gb-block-image gb-block-image-308b9ce2\"><img loading=\"lazy\" decoding=\"async\" width=\"1456\" height=\"816\" class=\"gb-image gb-image-308b9ce2\" src=\"https:\/\/www.sisinternational.com\/wp-content\/uploads\/2025\/09\/Slovenia-4.jpg\" srcset=\"https:\/\/www.sisinternational.com\/wp-content\/uploads\/2025\/09\/Slovenia-4.jpg 1456w, https:\/\/www.sisinternational.com\/wp-content\/uploads\/2025\/09\/Slovenia-4-300x168.jpg 300w, https:\/\/www.sisinternational.com\/wp-content\/uploads\/2025\/09\/Slovenia-4-1024x574.jpg 1024w, https:\/\/www.sisinternational.com\/wp-content\/uploads\/2025\/09\/Slovenia-4-768x430.jpg 768w, https:\/\/www.sisinternational.com\/wp-content\/uploads\/2025\/09\/Slovenia-4-18x10.jpg 18w\" sizes=\"auto, (max-width: 1456px) 100vw, 1456px\" alt=\"\u00c9tudes de march\u00e9 et strat\u00e9gie internationales SIS\"><\/figure>\n\n\n\n<p><\/p>\n\n\n\n<p>Le syst\u00e8me politique nouvellement \u00e9tabli en Slov\u00e9nie a d\u00e9fini plusieurs nouvelles strat\u00e9gies. Ces strat\u00e9gies ont permis \u00e0 la Slov\u00e9nie de d\u00e9velopper une \u00e9conomie de march\u00e9 forte\u00a0:<\/p>\n\n\n\n<ul class=\"wp-block-list\">\n<li>Adopter le commerce lib\u00e9ral<\/li>\n\n\n\n<li>Entreprise enrichissante<\/li>\n\n\n\n<li>Respecter l&#039;\u00e9tat de droit<\/li>\n\n\n\n<li>Assimilation dans les organisations intercontinentales et occidentales<\/li>\n\n\n\n<li>Devenir partie prenante au libre-\u00e9change et aux organisations bilat\u00e9rales<\/li>\n\n\n\n<li>Expansion du commerce vers l\u2019Ouest<\/li>\n\n\n\n<li>Acc\u00e9l\u00e9ration de la privatisation<\/li>\n<\/ul>\n\n\n\n<h2 class=\"wp-block-heading\">Une \u00e9conomie diversifi\u00e9e et stable<\/h2>\n\n\n\n<p>Les principales exportations sont les v\u00e9hicules routiers, les machines \u00e9lectriques, les produits chimiques, les meubles, les chaussures, les cigarettes et les produits alimentaires. Le tourisme joue \u00e9galement un r\u00f4le cl\u00e9 dans l&#039;acquisition de revenus. Certaines des importations slov\u00e8nes concernent le mat\u00e9riel de transport, les machines, les produits manufactur\u00e9s, les produits alimentaires et les carburants. L&#039;\u00e9conomie slov\u00e8ne d\u00e9pend fortement du commerce international.<\/p>\n\n\n\n<p>Confronted with the collapse of communications and transport networks to south-eastern Europe and the <a href=\"https:\/\/www.sisinternational.com\/fr\/competence\/les-industries\/etude-de-marche-sur-la-perte-auditive\/\" title=\"\u00c9tude de march\u00e9 sur la perte auditive\u00a0 \u00a0\"  data-wpil-monitor-id=\"6820\">loss of Yugoslav markets<\/a> in the early 1990s, Slovenia reoriented trade towards the European Union and associated countries; these now represent over two-thirds of the country\u2019s imports and exports. Other trade partners include the Russian Federation, Serbia, and Bosnia Herzegovina.<\/p>\n\n\n\n<p>De plus, la Slov\u00e9nie poss\u00e8de une \u00e9conomie diversifi\u00e9e avec plusieurs secteurs cl\u00e9s qui stimulent la croissance et l&#039;innovation\u00a0:<\/p>\n\n\n\n<ol class=\"wp-block-list\">\n<li><strong>Fabrication<\/strong>: Le secteur manufacturier est la pierre angulaire de l&#039;\u00e9conomie slov\u00e8ne, englobant les industries automobile, m\u00e9canique, \u00e9lectronique et pharmaceutique. Les entreprises notables incluent Gorenje (appareils \u00e9lectrom\u00e9nagers), Revoz (automobiles) et Krka (produits pharmaceutiques).<\/li>\n\n\n\n<li><strong>Tourisme<\/strong>: La beaut\u00e9 naturelle de la Slov\u00e9nie, son patrimoine culturel et ses activit\u00e9s de plein air attirent les touristes du monde entier. Les principales attractions incluent le lac de Bled, la grotte de Postojna et la capitale, Ljubljana. L&#039;h\u00f4tellerie, l&#039;h\u00e9bergement et le tourisme d&#039;aventure sont des secteurs florissants en Slov\u00e9nie.<\/li>\n\n\n\n<li><strong>Nourriture et boisson<\/strong>: La Slov\u00e9nie est connue pour ses vins de haute qualit\u00e9, ses d\u00e9lices culinaires et ses produits alimentaires traditionnels. L&#039;industrie agroalimentaire englobe la vinification, les produits laitiers, la confiserie et l&#039;agriculture biologique, avec des exportations vers les march\u00e9s europ\u00e9ens et mondiaux.<\/li>\n<\/ol>\n\n\n\n<h2 class=\"wp-block-heading\">Villes et attractions touristiques<\/h2>\n\n\n\n<figure class=\"gb-block-image gb-block-image-58b3909c\"><img loading=\"lazy\" decoding=\"async\" width=\"1456\" height=\"816\" class=\"gb-image gb-image-58b3909c\" src=\"https:\/\/www.sisinternational.com\/wp-content\/uploads\/2025\/09\/Slovakia-4.jpg\" srcset=\"https:\/\/www.sisinternational.com\/wp-content\/uploads\/2025\/09\/Slovakia-4.jpg 1456w, https:\/\/www.sisinternational.com\/wp-content\/uploads\/2025\/09\/Slovakia-4-300x168.jpg 300w, https:\/\/www.sisinternational.com\/wp-content\/uploads\/2025\/09\/Slovakia-4-1024x574.jpg 1024w, https:\/\/www.sisinternational.com\/wp-content\/uploads\/2025\/09\/Slovakia-4-768x430.jpg 768w, https:\/\/www.sisinternational.com\/wp-content\/uploads\/2025\/09\/Slovakia-4-18x10.jpg 18w\" sizes=\"auto, (max-width: 1456px) 100vw, 1456px\" alt=\"\u00c9tudes de march\u00e9 et strat\u00e9gie internationales SIS\"><\/figure>\n\n\n\n<p><\/p>\n\n\n\n<p>Les principales villes de Slov\u00e9nie sont Ljubljana (la capitale), Maribor, Celje, Kranj et Velenje. Les villes plus petites mais importantes comprennent Jesenice, Koper, Murska Sobota, Nova Gorica, Novo Mesto et Trbovlje. La Slov\u00e9nie a un littoral tr\u00e8s court et est presque enclav\u00e9e. Le pays compte trois grands ports : le port d&#039;Izola, le port de Koper et le port de Piran. Les principaux a\u00e9roports sont l&#039;a\u00e9roport Jo\u017ee Pu\u010dnik de Ljubljana, l&#039;a\u00e9roport Edvard Rusjan de Maribor et l&#039;a\u00e9roport de Portoro\u017e.<\/p>\n\n\n\n<p>La Slov\u00e9nie poss\u00e8de une multitude d&#039;attractions naturelles et culturelles qui attirent les touristes du monde entier. Voici sept des attractions touristiques les plus importantes :<\/p>\n\n\n\n<ol class=\"wp-block-list\">\n<li><strong>Lac de Bled<\/strong>: Le lac de Bled est r\u00e9put\u00e9 pour son cadre pittoresque, ses eaux cristallines et son \u00eele embl\u00e9matique avec une \u00e9glise. Les visiteurs peuvent explorer le lac \u00e0 bord de bateaux en bois traditionnels appel\u00e9s pletnas, faire une randonn\u00e9e jusqu&#039;au ch\u00e2teau de Bled pour admirer une vue panoramique ou savourer le c\u00e9l\u00e8bre g\u00e2teau \u00e0 la cr\u00e8me de Bled.<\/li>\n\n\n\n<li><strong>Grotte de Postojna<\/strong>: L&#039;un des syst\u00e8mes de grottes les plus \u00e9tendus d&#039;Europe, la grotte de Postojna offre une exp\u00e9rience souterraine fascinante. Les visiteurs peuvent faire une visite guid\u00e9e \u00e0 travers les passages labyrinthiques, s&#039;\u00e9merveiller devant les superbes formations rocheuses et rencontrer des cr\u00e9atures troglodytes uniques comme l&#039;olm, \u00e9galement connu sous le nom de \u00ab poisson humain \u00bb.<\/li>\n\n\n\n<li><strong>Ljubljana<\/strong>: La charmante capitale de la Slov\u00e9nie, Ljubljana, respire un charme historique, une beaut\u00e9 architecturale et une vie culturelle dynamique. Promenez-vous le long de la pittoresque rivi\u00e8re Ljubljanica, explorez la vieille ville m\u00e9di\u00e9vale avec ses rues pav\u00e9es et ses fa\u00e7ades color\u00e9es, et visitez des attractions comme le ch\u00e2teau de Ljubljana, la place Preseren et le triple pont.<\/li>\n\n\n\n<li><strong>Ch\u00e2teau de Predjama<\/strong>: Perch\u00e9 de fa\u00e7on spectaculaire sur une falaise, le ch\u00e2teau de Predjama est une merveille m\u00e9di\u00e9vale charg\u00e9e d&#039;histoire et de l\u00e9gende. Construit dans l&#039;embouchure d&#039;une grotte, le ch\u00e2teau offre une vue imprenable sur la campagne environnante et donne un aper\u00e7u du riche patrimoine m\u00e9di\u00e9val de la Slov\u00e9nie.<\/li>\n\n\n\n<li><strong>Grottes de Skocjan<\/strong>: D\u00e9sign\u00e9es site du patrimoine mondial de l&#039;UNESCO, les grottes de \u0160kocjan sont un pays des merveilles g\u00e9ologiques comprenant de vastes chambres souterraines, de majestueuses stalactites et stalagmites et un canyon fluvial souterrain. Des visites guid\u00e9es emm\u00e8nent les visiteurs \u00e0 travers ce chef-d&#039;\u0153uvre naturel, mettant en valeur sa beaut\u00e9 impressionnante et son importance scientifique.<\/li>\n<\/ol>\n\n\n\n<iframe loading=\"lazy\" src=\"https:\/\/www.google.com\/maps\/embed?pb=!1m18!1m12!1m3!1d3022.976188376966!2d-73.99130312499956!3d40.740549471389315!2m3!1f0!2f0!3f0!3m2!1i1024!2i768!4f13.1!3m3!1m2!1s0x89c259a15798c731%3A0xd695d09bdd495f25!2s11%20E%2022nd%20St%20FL%202%2C%20New%20York%2C%20NY%2010010%2C%20USA!5e0!3m2!1sen!2spe!4v1726171763526!5m2!1sen!2spe\" width=\"600\" height=\"450\" allowfullscreen=\"allowfullscreen\" data-mce-fragment=\"1\"><\/iframe>\n\n\n\n<\/p>\n<h3 class=\"wp-block-heading\">11 E 22nd Street, \u00e9tage 2, New York, NY 10010 T\u00e9l. : +1(212) 505-6805<\/h3>\n<hr>\n<h2><span style=\"font-weight: 400;\">\u00c0 propos de SIS International<\/span><\/h2>\n<p><a href=\"https:\/\/www.sisinternational.com\/fr\/\"><span style=\"font-weight: 400;\">SIS International<\/span><\/a><span style=\"font-weight: 400;\"> propose des recherches quantitatives, qualitatives et strat\u00e9giques. Nous fournissons des donn\u00e9es, des outils, des strat\u00e9gies, des rapports et des informations pour la prise de d\u00e9cision. Nous menons \u00e9galement des entretiens, des enqu\u00eates, des groupes de discussion et d\u2019autres m\u00e9thodes et approches d\u2019\u00e9tudes de march\u00e9.<\/span><a href=\"https:\/\/www.sisinternational.com\/fr\/a-propos-de-la-recherche-internationale-sis\/contact-sis-international-market-research\/\"><span style=\"font-weight: 400;\"> Contactez nous<\/span><\/a><span style=\"font-weight: 400;\"> pour votre prochain projet d&#039;\u00e9tude de march\u00e9.<\/span><\/p>\n<hr><\/div>\n\n\n\n<h2 class=\"wp-block-heading\">&nbsp;<\/h2>","protected":false},"excerpt":{"rendered":"<p>Avec son revenu par habitant \u00e9lev\u00e9, la Slov\u00e9nie est une nation d\u00e9velopp\u00e9e, prosp\u00e8re et stable. <\/p>","protected":false},"author":1,"featured_media":66065,"parent":14510,"menu_order":14,"comment_status":"closed","ping_status":"open","template":"","meta":{"footnotes":""},"class_list":["post-17008","page","type-page","status-publish","has-post-thumbnail"],"_links":{"self":[{"href":"https:\/\/www.sisinternational.com\/fr\/wp-json\/wp\/v2\/pages\/17008","targetHints":{"allow":["GET"]}}],"collection":[{"href":"https:\/\/www.sisinternational.com\/fr\/wp-json\/wp\/v2\/pages"}],"about":[{"href":"https:\/\/www.sisinternational.com\/fr\/wp-json\/wp\/v2\/types\/page"}],"author":[{"embeddable":true,"href":"https:\/\/www.sisinternational.com\/fr\/wp-json\/wp\/v2\/users\/1"}],"replies":[{"embeddable":true,"href":"https:\/\/www.sisinternational.com\/fr\/wp-json\/wp\/v2\/comments?post=17008"}],"version-history":[{"count":10,"href":"https:\/\/www.sisinternational.com\/fr\/wp-json\/wp\/v2\/pages\/17008\/revisions"}],"predecessor-version":[{"id":80395,"href":"https:\/\/www.sisinternational.com\/fr\/wp-json\/wp\/v2\/pages\/17008\/revisions\/80395"}],"up":[{"embeddable":true,"href":"https:\/\/www.sisinternational.com\/fr\/wp-json\/wp\/v2\/pages\/14510"}],"wp:featuredmedia":[{"embeddable":true,"href":"https:\/\/www.sisinternational.com\/fr\/wp-json\/wp\/v2\/media\/66065"}],"wp:attachment":[{"href":"https:\/\/www.sisinternational.com\/fr\/wp-json\/wp\/v2\/media?parent=17008"}],"curies":[{"name":"wp","href":"https:\/\/api.w.org\/{rel}","templated":true}]}}