{"id":16895,"date":"2015-06-30T03:43:48","date_gmt":"2015-06-30T03:43:48","guid":{"rendered":"https:\/\/www.sisinternational.com\/?page_id=16895"},"modified":"2026-04-01T13:50:11","modified_gmt":"2026-04-01T17:50:11","slug":"etude-de-marche-en-autriche","status":"publish","type":"page","link":"https:\/\/www.sisinternational.com\/fr\/couverture\/leurope-%ef%83%97\/etude-de-marche-en-autriche\/","title":{"rendered":"Etude de march\u00e9 en Autriche"},"content":{"rendered":"<h1 class=\"gb-headline gb-headline-edf75a4c gb-headline-text\">Etude de march\u00e9 en Autriche<\/h1>\n\n\n\n<figure class=\"gb-block-image gb-block-image-8cb53b4c\"><img loading=\"lazy\" decoding=\"async\" width=\"1408\" height=\"768\" class=\"gb-image gb-image-8cb53b4c\" src=\"https:\/\/www.sisinternational.com\/wp-content\/uploads\/2026\/04\/Austria.jpg\" alt=\"\u00c9tudes de march\u00e9 et strat\u00e9gie internationales SIS\" title=\"L&#039;Autriche\" srcset=\"https:\/\/www.sisinternational.com\/wp-content\/uploads\/2026\/04\/Austria.jpg 1408w, https:\/\/www.sisinternational.com\/wp-content\/uploads\/2026\/04\/Austria-300x164.jpg 300w, https:\/\/www.sisinternational.com\/wp-content\/uploads\/2026\/04\/Austria-1024x559.jpg 1024w, https:\/\/www.sisinternational.com\/wp-content\/uploads\/2026\/04\/Austria-768x419.jpg 768w, https:\/\/www.sisinternational.com\/wp-content\/uploads\/2026\/04\/Austria-18x10.jpg 18w\" sizes=\"auto, (max-width: 1408px) 100vw, 1408px\"><\/figure>\n\n\n\n<p><\/p>\n\n\n\n<hr class=\"wp-block-separator has-alpha-channel-opacity is-style-dots\"\/>\n\n\n\n<h3 class=\"wp-block-heading\">Plusieurs des principales entreprises industrielles autrichiennes appartenaient \u00e0 l&#039;\u00c9tat jusque dans les ann\u00e9es 1980, mais ces derni\u00e8res ann\u00e9es, la privatisation a r\u00e9duit les actifs de l&#039;\u00c9tat \u00e0 un niveau comparable \u00e0 celui des autres \u00e9conomies europ\u00e9ennes. Cependant, l&#039;Autriche est vuln\u00e9rable aux changements de l&#039;\u00e9conomie allemande puisque l&#039;Allemagne est son principal partenaire commercial.<\/h3>\n\n\n\n<p>Market research in Austria is not just a strategic option but a fundamental necessity for businesses aiming to succeed in this dynamic European market. Austria&#8217;s unique blend of economic stability, technological advancement, and cultural diversity makes it an attractive destination for domestic and international businesses. However, to harness this market&#8217;s full potential, companies must invest in comprehensive market research.<\/p>\n\n\n\n<h2 class=\"wp-block-heading\">Qu\u2019est-ce qu\u2019une \u00e9tude de march\u00e9 en Autriche ? Pourquoi c&#039;est important?<\/h2>\n\n\n\n<p>Les \u00e9tudes de march\u00e9 en Autriche impliquent la collecte et l\u2019analyse de donn\u00e9es pour comprendre la taille du march\u00e9, les pr\u00e9f\u00e9rences des consommateurs, les habitudes d\u2019achat et les opportunit\u00e9s \u00e9mergentes. Cette analyse compl\u00e8te permet aux entreprises de prendre des d\u00e9cisions strat\u00e9giques adapt\u00e9es \u00e0 l&#039;environnement du march\u00e9 autrichien.<\/p>\n\n\n\n<p>Les \u00e9tudes de march\u00e9 en Autriche sont essentielles pour les entreprises qui souhaitent s&#039;implanter solidement ou d\u00e9velopper leurs activit\u00e9s dans le pays. Les entreprises peuvent identifier les segments de march\u00e9 inexploit\u00e9s, \u00e9valuer le sentiment des consommateurs \u00e0 l&#039;\u00e9gard de leurs produits ou services et anticiper les tendances du march\u00e9. Comprendre les pr\u00e9f\u00e9rences locales et les nuances culturelles gr\u00e2ce \u00e0 des \u00e9tudes de march\u00e9 efficaces permet aux entreprises d&#039;adapter leurs offres et leurs strat\u00e9gies marketing pour un impact et une r\u00e9sonance maximum.<\/p>\n\n\n\n<p>Les \u00e9tudes de march\u00e9 en Autriche offrent des avantages tangibles qui peuvent avoir un impact significatif sur la r\u00e9ussite des entreprises\u00a0:<\/p>\n\n\n\n<ul class=\"wp-block-list\">\n<li><strong>Validation du march\u00e9<\/strong>: <a href=\"https:\/\/www.sisinternational.com\/fr\/couverture\/les-ameriques\/couverture-des-etats-unis\/etude-de-marche-a-guam\/\" title=\"\u00c9tude de march\u00e9 \u00e0 Guam\" data-wpil-monitor-id=\"4237\">Research validates market<\/a> opportunities and helps assess the viability of product launches or expansions.<\/li>\n\n\n\n<li><strong>La connaissance des consommateurs<\/strong>: Comprendre les pr\u00e9f\u00e9rences et le comportement des consommateurs permet des efforts de marketing cibl\u00e9s et le d\u00e9veloppement de produits.<\/li>\n\n\n\n<li><strong>Strat\u00e9gies marketing optimis\u00e9es<\/strong>: Les informations bas\u00e9es sur les donn\u00e9es aident \u00e0 \u00e9laborer des campagnes marketing efficaces qui trouvent un \u00e9cho aupr\u00e8s du public autrichien.<\/li>\n\n\n\n<li><strong>Engagement client am\u00e9lior\u00e9<\/strong>: Les entreprises peuvent favoriser des relations clients plus solides en alignant leurs offres sur les pr\u00e9f\u00e9rences locales.<\/li>\n\n\n\n<li><strong>Allocation des ressources<\/strong>: La recherche contribue \u00e0 optimiser l&#039;allocation des ressources en concentrant les investissements sur les segments de march\u00e9 \u00e0 fort potentiel.<\/li>\n\n\n\n<li><strong>Adaptation \u00e0 l&#039;environnement r\u00e9glementaire<\/strong>: La connaissance des r\u00e9glementations locales et des exigences de conformit\u00e9 est cruciale pour les op\u00e9rations commerciales.<\/li>\n<\/ul>\n\n\n\n<h2 class=\"wp-block-heading\">Partenariats internationaux<\/h2>\n\n\n\n<figure class=\"gb-block-image gb-block-image-3b3c54f9\"><img loading=\"lazy\" decoding=\"async\" width=\"1456\" height=\"816\" class=\"gb-image gb-image-3b3c54f9\" src=\"https:\/\/www.sisinternational.com\/wp-content\/uploads\/2025\/09\/Austin-Texas-4-3.jpg\" srcset=\"https:\/\/www.sisinternational.com\/wp-content\/uploads\/2025\/09\/Austin-Texas-4-3.jpg 1456w, https:\/\/www.sisinternational.com\/wp-content\/uploads\/2025\/09\/Austin-Texas-4-3-300x168.jpg 300w, https:\/\/www.sisinternational.com\/wp-content\/uploads\/2025\/09\/Austin-Texas-4-3-1024x574.jpg 1024w, https:\/\/www.sisinternational.com\/wp-content\/uploads\/2025\/09\/Austin-Texas-4-3-768x430.jpg 768w, https:\/\/www.sisinternational.com\/wp-content\/uploads\/2025\/09\/Austin-Texas-4-3-18x10.jpg 18w\" sizes=\"auto, (max-width: 1456px) 100vw, 1456px\" alt=\"\u00c9tudes de march\u00e9 et strat\u00e9gie internationales SIS\"><\/figure>\n\n\n\n<p> &nbsp;<\/p>\n\n\n\n<p>Les produits m\u00e9tallurgiques, les machines et les textiles jouent un r\u00f4le particuli\u00e8rement important dans la vigueur de l&#039;\u00e9conomie autrichienne. Les autres principaux produits d&#039;exportation comprennent les v\u00e9hicules automobiles et leurs pi\u00e8ces d\u00e9tach\u00e9es, les machines et \u00e9quipements, les produits m\u00e9talliques, le papier et le carton, le fer et l&#039;acier, les produits chimiques, les produits alimentaires et les textiles. Bien qu&#039;elle ne soit qu&#039;un petit pays viticole, l&#039;Autriche a acquis une r\u00e9putation exceptionnelle parmi les initi\u00e9s du secteur pour la production de vins de premier ordre.<\/p>\n\n\n\n<p>Les principaux partenaires commerciaux de l&#039;Autriche sont les pays membres de l&#039;Union europ\u00e9enne, la Chine, les \u00c9tats-Unis et la Suisse. Depuis la chute du rideau de fer, les financiers et les hommes d\u2019affaires priv\u00e9s autrichiens ont trouv\u00e9 un nouveau terrain d\u2019investissement \u00e9tranger dans ses anciens territoires imp\u00e9riaux \u2013 en particulier la Hongrie, la Slovaquie, la R\u00e9publique tch\u00e8que, la Croatie, la Slov\u00e9nie et, dans une moindre mesure, le nord de l\u2019Italie.<\/p>\n\n\n\n<p>Cependant, l&#039;Autriche poss\u00e8de une \u00e9conomie diversifi\u00e9e avec plusieurs industries vitales qui stimulent sa croissance et son d\u00e9veloppement \u00e9conomique, telles que\u00a0:<\/p>\n\n\n\n<ol class=\"wp-block-list\">\n<li><strong>Industrie automobile<\/strong>: L&#039;Autriche est r\u00e9put\u00e9e pour son secteur automobile, avec des entreprises comme BMW, Magna Steyr et AVL List leaders en mati\u00e8re de fabrication et d&#039;innovation.<\/li>\n\n\n\n<li><strong>Le tourisme et l&#039;hospitalit\u00e9<\/strong>: L&#039;industrie du tourisme contribue de mani\u00e8re significative \u00e0 l&#039;\u00e9conomie autrichienne, avec des destinations embl\u00e9matiques telles que Vienne, Salzbourg et Innsbruck qui attirent des millions de visiteurs chaque ann\u00e9e.<\/li>\n\n\n\n<li><strong>Technologie et innovation<\/strong>: L&#039;Autriche est en train de devenir une plaque tournante de la technologie et de l&#039;innovation, en se concentrant sur les startups, la recherche et le d\u00e9veloppement dans des secteurs tels que l&#039;informatique, la biotechnologie et les \u00e9nergies renouvelables.<\/li>\n\n\n\n<li><strong>Services financiers<\/strong>: Vienne sert de centre financier, avec des banques et des institutions financi\u00e8res de premier plan offrant divers services aux entreprises et aux particuliers.<\/li>\n\n\n\n<li><strong>Nourriture et boisson<\/strong>: L&#039;Autriche est connue pour ses d\u00e9lices culinaires et l&#039;industrie agroalimentaire prosp\u00e8re gr\u00e2ce aux sp\u00e9cialit\u00e9s locales comme le Wiener Schnitzel, la Sachertorte et les vins autrichiens.<\/li>\n<\/ol>\n\n\n\n<h2 class=\"wp-block-heading\">Caract\u00e9ristiques d\u00e9mographiques<\/h2>\n\n\n\n<h3 class=\"wp-block-heading\">La lingua franca et la langue formelle de l&#039;Autriche sont l&#039;allemand, mais certains ressortissants parlent \u00e9galement l&#039;austro-bavarois, la langue principale en dehors du Vorarlberg, l&#039;al\u00e9manique, la langue principale du Vorarlberg, et certaines langues minoritaires. Le serbe est la langue minoritaire la plus parl\u00e9e, suivi du turc.<\/h3>\n\n\n\n<p>M\u00eame si quatre d\u00e9cennies de forte immigration ont consid\u00e9rablement modifi\u00e9 la population de l\u2019Autriche, celle-ci reste une nation homog\u00e8ne. Il n&#039;existe que trois groupes ethniques importants : les Hongrois du Burgenland, les Slov\u00e8nes de Carinthie en Carinthie autrichienne et les Croates. Pr\u00e8s d\u2019un dixi\u00e8me de la population totale est compos\u00e9e d\u2019\u00e9trangers, ce qui repr\u00e9sente l\u2019un des taux les plus \u00e9lev\u00e9s d\u2019Europe. La plupart de ces r\u00e9sidents \u00e9trangers viennent de Turquie et d\u2019ex-Yougoslavie.<\/p>\n\n\n\n<h2 class=\"wp-block-heading\">Principales attractions touristiques en Autriche<\/h2>\n\n\n\n<figure class=\"gb-block-image gb-block-image-ebaddc73\"><img loading=\"lazy\" decoding=\"async\" width=\"1456\" height=\"816\" class=\"gb-image gb-image-ebaddc73\" src=\"https:\/\/www.sisinternational.com\/wp-content\/uploads\/2025\/09\/Austria-3.jpg\" srcset=\"https:\/\/www.sisinternational.com\/wp-content\/uploads\/2025\/09\/Austria-3.jpg 1456w, https:\/\/www.sisinternational.com\/wp-content\/uploads\/2025\/09\/Austria-3-300x168.jpg 300w, https:\/\/www.sisinternational.com\/wp-content\/uploads\/2025\/09\/Austria-3-1024x574.jpg 1024w, https:\/\/www.sisinternational.com\/wp-content\/uploads\/2025\/09\/Austria-3-768x430.jpg 768w, https:\/\/www.sisinternational.com\/wp-content\/uploads\/2025\/09\/Austria-3-18x10.jpg 18w\" sizes=\"auto, (max-width: 1456px) 100vw, 1456px\" alt=\"\u00c9tudes de march\u00e9 et strat\u00e9gie internationales SIS\"><\/figure>\n\n\n\n<p><\/p>\n\n\n\n<p>L&#039;Autriche est r\u00e9put\u00e9e pour ses paysages pittoresques, son riche patrimoine culturel et ses monuments historiques, ce qui en fait une destination touristique de premier ordre. Voici sept des attractions touristiques les plus importantes d\u2019Autriche :<\/p>\n\n\n\n<ol class=\"wp-block-list\">\n<li><strong>Vienne<\/strong>: La capitale de l&#039;Autriche, connue pour ses palais imp\u00e9riaux, ses mus\u00e9es (comme le Kunsthistorisches Museum et le Belv\u00e9d\u00e8re) et son patrimoine musical classique.<\/li>\n\n\n\n<li><strong>Salzbourg<\/strong>: Lieu de naissance de Mozart et c\u00e9l\u00e8bre pour son architecture baroque, Salzbourg est un site class\u00e9 au patrimoine mondial de l&#039;UNESCO avec des attractions comme la forteresse de Hohensalzburg et le palais Mirabell.<\/li>\n\n\n\n<li><strong>Innsbruck<\/strong>: Nich\u00e9e dans les Alpes autrichiennes, Innsbruck offre une vue imprenable sur les montagnes et est une destination populaire pour le ski, la randonn\u00e9e et l&#039;exploration de sites historiques comme le Petit toit d&#039;or.<\/li>\n\n\n\n<li><strong>Hallstatt<\/strong>: Charmant village nich\u00e9 au bord d&#039;un lac pittoresque, Hallstatt est c\u00e9l\u00e8bre pour ses mines de sel historiques et ses paysages idylliques.<\/li>\n\n\n\n<li><strong>Ch\u00e2teau de Sch\u00f6nbrunn<\/strong>: Situ\u00e9 \u00e0 Vienne, ce magnifique palais imp\u00e9rial et ses jardins sont un site du patrimoine mondial de l&#039;UNESCO et une attraction incontournable.<\/li>\n\n\n\n<li><strong>Route alpine du Grossglockner<\/strong>: Cette route panoramique \u00e0 travers les Alpes autrichiennes offre des vues \u00e0 couper le souffle sur les sommets des montagnes et les glaciers.<\/li>\n\n\n\n<li><strong>Ch\u00e2teau de Hohensalzbourg<\/strong>: Une majestueuse forteresse m\u00e9di\u00e9vale surplombant Salzbourg, offrant une vue panoramique sur la ville et les paysages environnants.<\/li>\n<\/ol>\n\n\n\n<h2 class=\"wp-block-heading\">Moteurs du march\u00e9 en Autriche<\/h2>\n\n\n\n<p>Plusieurs facteurs cl\u00e9s stimulent la croissance et les opportunit\u00e9s du march\u00e9 en Autriche\u00a0:<\/p>\n\n\n\n<ul class=\"wp-block-list\">\n<li><strong>\u00c9conomie stable<\/strong>: L&#039;\u00e9conomie stable de l&#039;Autriche, caract\u00e9ris\u00e9e par de faibles taux de ch\u00f4mage et une forte croissance du PIB, offre un environnement favorable \u00e0 l&#039;expansion des entreprises et \u00e0 l&#039;investissement.<\/li>\n\n\n\n<li><strong>Innovation et adoption de la technologie<\/strong>: L&#039;accent mis par le pays sur l&#039;innovation, la recherche et le d\u00e9veloppement favorise les progr\u00e8s technologiques et attire les investissements dans des secteurs \u00e9mergents comme l&#039;informatique et les \u00e9nergies renouvelables.<\/li>\n\n\n\n<li><strong>Emplacement strat\u00e9gique<\/strong>: La situation centrale de l&#039;Autriche en Europe en fait une plaque tournante strat\u00e9gique pour le commerce, facilitant l&#039;acc\u00e8s aux march\u00e9s europ\u00e9ens plus larges.<\/li>\n\n\n\n<li><strong>Infrastructure robuste<\/strong>: Une infrastructure bien d\u00e9velopp\u00e9e, notamment des r\u00e9seaux de transport et une connectivit\u00e9 num\u00e9rique, soutient les op\u00e9rations commerciales et l\u2019efficacit\u00e9 logistique.<\/li>\n\n\n\n<li><strong>Croissance du tourisme et de l\u2019h\u00f4tellerie<\/strong>: La croissance de l&#039;industrie touristique autrichienne contribue \u00e0 la prosp\u00e9rit\u00e9 \u00e9conomique, en cr\u00e9ant des opportunit\u00e9s commerciales dans les secteurs connexes.<\/li>\n<\/ul>\n\n\n\n<h2 class=\"wp-block-heading\">Restrictions du march\u00e9 en Autriche<\/h2>\n\n\n\n<figure class=\"gb-block-image gb-block-image-c6c145a0\"><img loading=\"lazy\" decoding=\"async\" width=\"1456\" height=\"816\" class=\"gb-image gb-image-c6c145a0\" src=\"https:\/\/www.sisinternational.com\/wp-content\/uploads\/2025\/09\/Austria-4.jpg\" srcset=\"https:\/\/www.sisinternational.com\/wp-content\/uploads\/2025\/09\/Austria-4.jpg 1456w, https:\/\/www.sisinternational.com\/wp-content\/uploads\/2025\/09\/Austria-4-300x168.jpg 300w, https:\/\/www.sisinternational.com\/wp-content\/uploads\/2025\/09\/Austria-4-1024x574.jpg 1024w, https:\/\/www.sisinternational.com\/wp-content\/uploads\/2025\/09\/Austria-4-768x430.jpg 768w, https:\/\/www.sisinternational.com\/wp-content\/uploads\/2025\/09\/Austria-4-18x10.jpg 18w\" sizes=\"auto, (max-width: 1456px) 100vw, 1456px\" alt=\"\u00c9tudes de march\u00e9 et strat\u00e9gie internationales SIS\"><\/figure>\n\n\n\n<p><\/p>\n\n\n\n<p>Malgr\u00e9 les opportunit\u00e9s, certains d\u00e9fis et contraintes existent sur le march\u00e9 autrichien :<\/p>\n\n\n\n<ul class=\"wp-block-list\">\n<li><strong>Complexit\u00e9 r\u00e9glementaire<\/strong>: S&#039;y retrouver dans les exigences r\u00e9glementaires et la conformit\u00e9 peut s&#039;av\u00e9rer complexe, en particulier pour les entreprises \u00e9trang\u00e8res qui entrent sur le march\u00e9.<\/li>\n\n\n\n<li><strong>Concours<\/strong>: Une concurrence intense au sein de secteurs cl\u00e9s oblige les entreprises \u00e0 se diff\u00e9rencier et \u00e0 innover en permanence.<\/li>\n\n\n\n<li><strong>Co\u00fbt de la vie<\/strong>: Le co\u00fbt de la vie et les d\u00e9penses d&#039;exploitation relativement \u00e9lev\u00e9s en Autriche peuvent avoir un impact sur la rentabilit\u00e9 et la durabilit\u00e9 des entreprises.<\/li>\n\n\n\n<li><strong>Fragmentation du march\u00e9<\/strong>: La taille de l&#039;Autriche et ses variations r\u00e9gionales n\u00e9cessitent des approches adapt\u00e9es pour r\u00e9pondre aux diverses pr\u00e9f\u00e9rences et comportements des consommateurs.<\/li>\n<\/ul>\n\n\n\n<h2 class=\"wp-block-heading\">Attractivit\u00e9 du secteur\u00a0: analyse SWOT du march\u00e9 autrichien<\/h2>\n\n\n\n<p>R\u00e9aliser une analyse SWOT (forces, faiblesses, opportunit\u00e9s, menaces) du march\u00e9 autrichien peut fournir des informations pr\u00e9cieuses aux entreprises\u00a0:<\/p>\n\n\n\n<p><strong>Forces:<\/strong><\/p>\n\n\n\n<ul class=\"wp-block-list\">\n<li>\n<ul class=\"wp-block-list\">\n<li>Une \u00e9conomie stable et diversifi\u00e9e<\/li>\n\n\n\n<li>Forte concentration sur l&#039;innovation et la technologie<\/li>\n\n\n\n<li>Situation g\u00e9ographique strat\u00e9gique en Europe<\/li>\n\n\n\n<li>Infrastructures et r\u00e9seaux de transport bien d\u00e9velopp\u00e9s<\/li>\n\n\n\n<li>Riche patrimoine culturel et attrait touristique<\/li>\n<\/ul>\n<\/li>\n<\/ul>\n\n\n\n<p><strong>Faiblesses:<\/strong><\/p>\n\n\n\n<ul class=\"wp-block-list\">\n<li>\n<ul class=\"wp-block-list\">\n<li>Complexit\u00e9 r\u00e9glementaire, notamment pour les entreprises \u00e9trang\u00e8res<\/li>\n\n\n\n<li>P\u00e9nurie de comp\u00e9tences dans certains secteurs<\/li>\n\n\n\n<li>Co\u00fbt de la vie et d\u00e9penses de fonctionnement relativement \u00e9lev\u00e9s<\/li>\n\n\n\n<li>Fragmentation du march\u00e9 et variations r\u00e9gionales<\/li>\n\n\n\n<li>Taille du march\u00e9 limit\u00e9e par rapport aux grandes \u00e9conomies europ\u00e9ennes<\/li>\n<\/ul>\n<\/li>\n<\/ul>\n\n\n\n<p><strong>Opportunit\u00e9s:<\/strong><\/p>\n\n\n\n<ul class=\"wp-block-list\">\n<li>\n<ul class=\"wp-block-list\">\n<li>Secteurs en croissance tels que la technologie, les \u00e9nergies renouvelables et la sant\u00e9<\/li>\n\n\n\n<li>Demande croissante de produits et services durables<\/li>\n\n\n\n<li>Potentiel d\u2019expansion du march\u00e9 et de partenariats internationaux<\/li>\n\n\n\n<li>Tendances \u00e9mergentes du commerce \u00e9lectronique et de la transformation num\u00e9rique<\/li>\n\n\n\n<li>Soutien du gouvernement \u00e0 l\u2019entrepreneuriat et \u00e0 l\u2019innovation<\/li>\n<\/ul>\n<\/li>\n<\/ul>\n\n\n\n<p><strong>Des menaces:<\/strong><\/p>\n\n\n\n<ul class=\"wp-block-list\">\n<li>\n<ul class=\"wp-block-list\">\n<li>Concurrence intense au sein des secteurs cl\u00e9s<\/li>\n\n\n\n<li>Incertitude \u00e9conomique et fluctuations du march\u00e9 mondial<\/li>\n\n\n\n<li>Modifications r\u00e9glementaires impactant les op\u00e9rations commerciales<\/li>\n\n\n\n<li>Perturbations dues \u00e0 des facteurs externes tels que des \u00e9v\u00e9nements g\u00e9opolitiques ou des pand\u00e9mies<\/li>\n\n\n\n<li>Les pr\u00e9f\u00e9rences et les comportements des consommateurs \u00e9voluent rapidement<\/li>\n<\/ul>\n<\/li>\n<\/ul>\n\n\n\n<h2 class=\"wp-block-heading\">Comment les \u00e9tudes de march\u00e9 de SIS International en Autriche aident les entreprises<\/h2>\n\n\n\n<p><\/p>\n\n\n\n<p><a href=\"https:\/\/www.linkedin.com\/company\/sisinternationalresearch\/\" target=\"_blank\" rel=\"noopener\"><span style=\"font-weight: 400;\">SIS International<\/span><\/a>&nbsp;propose des services complets d&#039;\u00e9tudes de march\u00e9 et de conseil adapt\u00e9s aux besoins sp\u00e9cifiques des entreprises op\u00e9rant en Autriche\u00a0:<\/p>\n\n\n\n<p><strong>Informations approfondies sur le march\u00e9<\/strong>:<\/p>\n\n\n\n<p>SIS International effectue des analyses de march\u00e9 rigoureuses en Autriche pour fournir des informations exploitables sur le comportement des consommateurs, les tendances du march\u00e9 et la dynamique de la concurrence.<\/p>\n\n\n\n<p><strong>Recommandations strat\u00e9giques<\/strong>:<\/p>\n\n\n\n<p>Sur la base des r\u00e9sultats de la recherche, SIS International fournit des recommandations strat\u00e9giques pour optimiser les strat\u00e9gies d&#039;entr\u00e9e sur le march\u00e9, le positionnement des produits et les campagnes marketing.<\/p>\n\n\n\n<p><strong>M\u00e9thodologies de recherche personnalis\u00e9es<\/strong>:<\/p>\n\n\n\n<p><a href=\"https:\/\/twitter.com\/SISIntlResearch\" target=\"_blank\" rel=\"noopener\"><span style=\"font-weight: 400;\">SIS<\/span><\/a> con\u00e7oit des m\u00e9thodologies de recherche personnalis\u00e9es pour r\u00e9pondre aux d\u00e9fis et objectifs commerciaux uniques sur le march\u00e9 autrichien.<\/p>\n\n\n\n<p><strong>Strat\u00e9gies d&#039;att\u00e9nuation des risques<\/strong>:<\/p>\n\n\n\n<p>En identifiant les risques et les d\u00e9fis du march\u00e9, SIS International aide les entreprises \u00e0 d\u00e9velopper des strat\u00e9gies proactives d&#039;att\u00e9nuation des risques pour des op\u00e9rations durables.<\/p>\n\n\n\n<p><strong>Prise de d\u00e9cision am\u00e9lior\u00e9e<\/strong>:<\/p>\n\n\n\n<p>Les connaissances de SIS International permettent aux entreprises de prendre des d\u00e9cisions \u00e9clair\u00e9es qui stimulent la croissance, l&#039;innovation et la rentabilit\u00e9 en Autriche.<\/p>\n\n\n\n<p><strong>Optimisation du retour sur investissement<\/strong>:<\/p>\n\n\n\n<p>Les services de SIS International visent \u00e0 optimiser le retour sur investissement (ROI) en alignant les strat\u00e9gies sur les r\u00e9alit\u00e9s du march\u00e9 et les demandes des consommateurs.<\/p>\n\n\n\n<h2 class=\"wp-block-heading\">Notre emplacement \u00e0 New York<\/h2>\n\n\n\n<p>\n\n\n\n<iframe loading=\"lazy\" src=\"https:\/\/www.google.com\/maps\/embed?pb=!1m18!1m12!1m3!1d3022.976188376966!2d-73.99130312499956!3d40.740549471389315!2m3!1f0!2f0!3f0!3m2!1i1024!2i768!4f13.1!3m3!1m2!1s0x89c259a15798c731%3A0xd695d09bdd495f25!2s11%20E%2022nd%20St%20FL%202%2C%20New%20York%2C%20NY%2010010%2C%20USA!5e0!3m2!1sen!2spe!4v1726171763526!5m2!1sen!2spe\" width=\"600\" height=\"450\" allowfullscreen=\"allowfullscreen\" data-mce-fragment=\"1\"><\/iframe>\n\n\n\n<\/p>\n\n\n\n<h3 class=\"wp-block-heading\">11 E 22nd Street, \u00e9tage 2, New York, NY 10010 T\u00e9l. : +1(212) 505-6805<\/h3>\n\n\n\n<hr class=\"wp-block-separator has-alpha-channel-opacity is-style-dots\"\/>\n\n\n\n<h2 class=\"wp-block-heading\"><strong>\u00c0 propos de SIS International<\/strong><\/h2>\n\n\n\n<p><a href=\"https:\/\/www.sisinternational.com\/fr\/\"><span style=\"font-weight: 400;\">SIS International<\/span><\/a><span style=\"font-weight: 400;\"> propose des recherches quantitatives, qualitatives et strat\u00e9giques. Nous fournissons des donn\u00e9es, des outils, des strat\u00e9gies, des rapports et des informations pour la prise de d\u00e9cision. Nous menons \u00e9galement des entretiens, des enqu\u00eates, des groupes de discussion et d\u2019autres m\u00e9thodes et approches d\u2019\u00e9tudes de march\u00e9.<\/span><a href=\"https:\/\/www.sisinternational.com\/fr\/a-propos-de-la-recherche-internationale-sis\/contact-sis-international-market-research\/\"><span style=\"font-weight: 400;\"> Contactez nous<\/span><\/a><span style=\"font-weight: 400;\"> pour votre prochain projet d&#039;\u00e9tude de march\u00e9.<\/span><\/p>\n\n\n\n<h2 class=\"wp-block-heading\">&nbsp;<\/h2>\n\n\n\n<h2 class=\"wp-block-heading\">&nbsp;<\/h2>","protected":false},"excerpt":{"rendered":"<p>L&#039;int\u00e9gration de l&#039;Autriche dans l&#039;\u00e9conomie mondiale a fait un pas de g\u00e9ant au cours de la derni\u00e8re d\u00e9cennie. <\/p>","protected":false},"author":1,"featured_media":85239,"parent":14510,"menu_order":2,"comment_status":"closed","ping_status":"open","template":"","meta":{"footnotes":""},"class_list":["post-16895","page","type-page","status-publish","has-post-thumbnail"],"_links":{"self":[{"href":"https:\/\/www.sisinternational.com\/fr\/wp-json\/wp\/v2\/pages\/16895","targetHints":{"allow":["GET"]}}],"collection":[{"href":"https:\/\/www.sisinternational.com\/fr\/wp-json\/wp\/v2\/pages"}],"about":[{"href":"https:\/\/www.sisinternational.com\/fr\/wp-json\/wp\/v2\/types\/page"}],"author":[{"embeddable":true,"href":"https:\/\/www.sisinternational.com\/fr\/wp-json\/wp\/v2\/users\/1"}],"replies":[{"embeddable":true,"href":"https:\/\/www.sisinternational.com\/fr\/wp-json\/wp\/v2\/comments?post=16895"}],"version-history":[{"count":9,"href":"https:\/\/www.sisinternational.com\/fr\/wp-json\/wp\/v2\/pages\/16895\/revisions"}],"predecessor-version":[{"id":85240,"href":"https:\/\/www.sisinternational.com\/fr\/wp-json\/wp\/v2\/pages\/16895\/revisions\/85240"}],"up":[{"embeddable":true,"href":"https:\/\/www.sisinternational.com\/fr\/wp-json\/wp\/v2\/pages\/14510"}],"wp:featuredmedia":[{"embeddable":true,"href":"https:\/\/www.sisinternational.com\/fr\/wp-json\/wp\/v2\/media\/85239"}],"wp:attachment":[{"href":"https:\/\/www.sisinternational.com\/fr\/wp-json\/wp\/v2\/media?parent=16895"}],"curies":[{"name":"wp","href":"https:\/\/api.w.org\/{rel}","templated":true}]}}