{"id":16521,"date":"2015-06-13T16:46:53","date_gmt":"2015-06-13T16:46:53","guid":{"rendered":"https:\/\/www.sisinternational.com\/?page_id=16521"},"modified":"2026-01-26T18:52:39","modified_gmt":"2026-01-26T23:52:39","slug":"etude-de-marche-en-inde","status":"publish","type":"page","link":"https:\/\/www.sisinternational.com\/fr\/couverture\/etude-de-marche-en-asie\/etude-de-marche-en-inde\/","title":{"rendered":"\u00c9tude de march\u00e9 en Inde"},"content":{"rendered":"<h1 class=\"wp-block-heading\">\u00c9tude de march\u00e9 en Inde<\/h1>\n\n\n\n<figure class=\"gb-block-image gb-block-image-280cd332\"><img loading=\"lazy\" decoding=\"async\" width=\"1456\" height=\"816\" class=\"gb-image gb-image-280cd332\" src=\"https:\/\/www.sisinternational.com\/wp-content\/uploads\/2025\/09\/India-1.jpg\" srcset=\"https:\/\/www.sisinternational.com\/wp-content\/uploads\/2025\/09\/India-1.jpg 1456w, https:\/\/www.sisinternational.com\/wp-content\/uploads\/2025\/09\/India-1-300x168.jpg 300w, https:\/\/www.sisinternational.com\/wp-content\/uploads\/2025\/09\/India-1-1024x574.jpg 1024w, https:\/\/www.sisinternational.com\/wp-content\/uploads\/2025\/09\/India-1-768x430.jpg 768w, https:\/\/www.sisinternational.com\/wp-content\/uploads\/2025\/09\/India-1-18x10.jpg 18w\" sizes=\"auto, (max-width: 1456px) 100vw, 1456px\" alt=\"\u00c9tudes de march\u00e9 et strat\u00e9gie internationales SIS\"><\/figure>\n\n\n\n<p><\/p>\n\n\n\n<hr class=\"wp-block-separator has-alpha-channel-opacity is-style-dots\"\/>\n\n\n\n<p><span style=\"font-weight: 400;\">India is a canvas of endless opportunities, with myriad cultures, languages, and consumer behaviors. With its booming economy, shifting consumer trends, and evolving industries, India represents a dynamic, ever-changing business landscape. For this reason, market research in India plays an integral role in navigating the country\u2019s complex and diverse marketplace.&nbsp;<\/span><\/p>\n\n\n\n<h2 class=\"wp-block-heading\"><b>What Is Market Research in India?<\/b><\/h2>\n\n\n\n<p><span style=\"font-weight: 400;\">Market research in India is an essential tool for businesses aiming to understand one of the world\u2019s largest and most diverse markets. M<\/span><span style=\"font-size: inherit; background-color: var(--base-3); color: var(--contrast-2);\">arket research in India helps businesses identify trends, assess regional variations in demand, and better understand the competitive landscape. This is particularly important in a country where consumer behavior can vary significantly across its many states, languages, and cultures. By conducting thorough market research in India, companies can develop tailored strategies that resonate with local consumers while navigating the country\u2019s regulatory and infrastructural challenges.<\/span><\/p>\n\n\n\n<h2 class=\"wp-block-heading\"><strong>Pourquoi les \u00e9tudes de march\u00e9 en Inde sont-elles importantes ?<\/strong><\/h2>\n\n\n\n<p><span style=\"font-weight: 400;\">Les \u00e9tudes de march\u00e9 en Inde offrent une myriade d&#039;avantages aux entreprises qui luttent pour une part du g\u00e2teau \u00e9conomique du pays. Vous trouverez ci-dessous quelques-uns des principaux avantages\u00a0:<\/span><\/p>\n\n\n\n<p><b>\u2022 Compr\u00e9hension approfondie des consommateurs\u00a0: <\/b><span style=\"font-weight: 400;\">India is home to a diverse populace with varying tastes, preferences, and buying habits.&nbsp; Market Research in India aids in decoding these variations, offering businesses a lens through which they can tailor their offerings to meet the distinct needs of different consumer segments.<\/span><\/p>\n\n\n\n<p><b>\u2022 Identification des opportunit\u00e9s de march\u00e9\u00a0: <\/b><span style=\"font-weight: 400;\">Avec son \u00e9conomie en croissance rapide, l\u2019Inde pr\u00e9sente de nombreuses opportunit\u00e9s inexploit\u00e9es dans divers secteurs. Gr\u00e2ce \u00e0 des \u00e9tudes de march\u00e9, les entreprises peuvent identifier ces mines d\u2019or potentielles et comprendre o\u00f9 leurs produits ou services susciteraient le plus d\u2019int\u00e9r\u00eat.<\/span><\/p>\n\n\n\n<p><b>\u2022 Analyse de la concurrence: <\/b><span style=\"font-weight: 400;\">Le march\u00e9 indien est extr\u00eamement concurrentiel avec de nombreux acteurs locaux et internationaux. La r\u00e9alisation d&#039;\u00e9tudes de march\u00e9 permet aux entreprises d&#039;avoir une image plus claire du paysage concurrentiel, les aidant \u00e0 se positionner efficacement et \u00e0 \u00e9laborer des strat\u00e9gies qui leur conf\u00e8rent un avantage concurrentiel.<\/span><\/p>\n\n\n\n<p><b>\u2022 Strat\u00e9gies marketing optimis\u00e9es\u00a0: <\/b><span style=\"font-weight: 400;\">Comprendre les nuances culturelles et les comportements des consommateurs permet aux entreprises de cr\u00e9er des campagnes marketing qui trouvent un \u00e9cho aupr\u00e8s du public cible, conduisant finalement \u00e0 des taux d&#039;engagement et de conversion plus \u00e9lev\u00e9s.<\/span><\/p>\n\n\n\n<p><b>\u2022 Informations sur le d\u00e9veloppement de produits\u00a0:<\/b><span style=\"font-weight: 400;\"> Les \u00e9tudes de march\u00e9 en Inde offrent une contribution pr\u00e9cieuse pendant la phase de d\u00e9veloppement du produit, aidant les entreprises \u00e0 concevoir des produits ou des services qui correspondent \u00e9troitement aux besoins et aux attentes du consommateur indien, augmentant ainsi les chances d&#039;acceptation et de succ\u00e8s sur le march\u00e9.<\/span><\/p>\n\n\n\n<h2 class=\"wp-block-heading\"><b>Notre analyse actuelle du march\u00e9 et nos recommandations<\/b><\/h2>\n\n\n\n<p><span style=\"font-weight: 400;\">We believe that market research in India is fundamental for businesses looking to succeed in this diverse and rapidly growing market. With the rise of digital adoption, urbanization, and increasing disposable incomes, India offers immense potential for companies across various sectors. We recommend focusing on regional differences in consumer preferences, as India\u2019s cultural and linguistic diversity plays a significant role in shaping buying behavior. Tailored marketing and product strategies are essential for catering to these unique regional markets.<\/span><\/p>\n\n\n\n<p><span style=\"font-weight: 400;\">We consider India\u2019s digital economy as a key area of growth. The rapid expansion of internet access and the growing e-commerce sector provide substantial opportunities for businesses to engage with tech-savvy consumers. Our review suggests that businesses looking to enter or expand in India should prioritize their digital presence and leverage mobile platforms to connect with a broad audience.<\/span><\/p>\n\n\n\n<p><span style=\"font-weight: 400;\">Lastly, we recommend paying attention to regulatory developments and infrastructure improvements in India. These factors, while sometimes challenging, offer opportunities for businesses willing to invest in long-term strategies. With the right market research in India, companies can stay ahead of industry trends and navigate the complexities of this dynamic market.<\/span><\/p>\n\n\n\n<h2 class=\"wp-block-heading\"><strong>Principales attractions et villes en Inde<\/strong><\/h2>\n\n\n\n<figure class=\"gb-block-image gb-block-image-623f0dce\"><img loading=\"lazy\" decoding=\"async\" width=\"1456\" height=\"816\" class=\"gb-image gb-image-623f0dce\" src=\"https:\/\/www.sisinternational.com\/wp-content\/uploads\/2025\/09\/India-3.jpg\" srcset=\"https:\/\/www.sisinternational.com\/wp-content\/uploads\/2025\/09\/India-3.jpg 1456w, https:\/\/www.sisinternational.com\/wp-content\/uploads\/2025\/09\/India-3-300x168.jpg 300w, https:\/\/www.sisinternational.com\/wp-content\/uploads\/2025\/09\/India-3-1024x574.jpg 1024w, https:\/\/www.sisinternational.com\/wp-content\/uploads\/2025\/09\/India-3-768x430.jpg 768w, https:\/\/www.sisinternational.com\/wp-content\/uploads\/2025\/09\/India-3-18x10.jpg 18w\" sizes=\"auto, (max-width: 1456px) 100vw, 1456px\" alt=\"\u00c9tudes de march\u00e9 et strat\u00e9gie internationales SIS\"><\/figure>\n\n\n\n<p><\/p>\n\n\n\n<p><span style=\"font-weight: 400;\">L&#039;Inde est bien connue pour son riche patrimoine culturel, ses paysages \u00e0 couper le souffle et ses monuments historiques. Comprendre ces attractions gr\u00e2ce \u00e0 des \u00e9tudes de march\u00e9 est vital pour les entreprises du secteur du tourisme et de l&#039;h\u00f4tellerie, car elles offrent un aper\u00e7u du comportement des touristes, des destinations populaires et des domaines d&#039;investissement potentiels. Voici un aper\u00e7u des principaux lieux touristiques qui captivent les visiteurs en Inde\u00a0:<\/span><\/p>\n\n\n\n<p><b>\u2022 Taj\u00a0Mahal\u00a0: <\/b><span style=\"font-weight: 400;\">Situ\u00e9 \u00e0 Agra, le Taj Mahal est un symbole embl\u00e9matique de la riche histoire et du patrimoine culturel de l&#039;Inde. Ce site class\u00e9 au patrimoine mondial de l&#039;UNESCO attire des millions de touristes chaque ann\u00e9e, ce qui en fait un point focal pour les entreprises li\u00e9es au tourisme.<\/span><\/p>\n\n\n\n<p><b>\u2022Jaipur\u00a0: <\/b><span style=\"font-weight: 400;\">Connue sous le nom de \u00ab Ville rose \u00bb, Jaipur est c\u00e9l\u00e8bre pour son architecture distinctive et ses march\u00e9s dynamiques. Avec ses palais, ses forts et son industrie artisanale florissante, Jaipur est un p\u00f4le d&#039;attraction pour le tourisme culturel.<\/span><\/p>\n\n\n\n<p><b>\u2022 New Delhi: <\/b><span style=\"font-weight: 400;\">La capitale est un m\u00e9lange d&#039;importance historique et de modernit\u00e9, abritant plusieurs monuments, mus\u00e9es et march\u00e9s anim\u00e9s.<\/span><\/p>\n\n\n\n<p><b>\u2022 R\u00e9gion himalayenne\u00a0: <\/b>The Himalayan region offers opportunities for trekking, mountaineering, and scenic tours for adventure tourism businesses. Market research in India can help understand<span style=\"font-weight: 400;\">&nbsp;the potential and challenges of operating in this majestic yet rugged terrain.<\/span><\/p>\n\n\n\n<h2 class=\"wp-block-heading\"><strong>Industries cl\u00e9s en Inde \u00e0 consid\u00e9rer<\/strong><\/h2>\n\n\n\n<p><span style=\"font-weight: 400;\">Le paysage \u00e9conomique indien offre diverses industries en plein essor qui refl\u00e8tent la trajectoire de d\u00e9veloppement et la dynamique socio-\u00e9conomique du pays. Vous trouverez ci-dessous quelques industries cl\u00e9s qui se d\u00e9marquent sur le march\u00e9 indien\u00a0:<\/span><\/p>\n\n\n\n<p><b>\u2022 Services de technologies de l&#039;information (TI) et de logiciels\u00a0: <\/b>India&#8217;s IT sector<span style=\"font-weight: 400;\">&nbsp;is a global powerhouse, providing software and services to clients worldwide. With cities like Bangalore, Hyderabad, and Pune serving as major IT hubs, market research can unveil opportunities in areas like software development, IT services, and business process outsourcing (BPO).<\/span><\/p>\n\n\n\n<p><b>\u2022 Agriculture: <\/b><span style=\"font-weight: 400;\">As a traditionally rural economy, agriculture is a vital industry in India. The sector offers diverse opportunities, ranging from crop cultivation and organic farming to agribusiness and agricultural technology.<\/span><\/p>\n\n\n\n<p><b>\u2022 Voiture: <\/b><span style=\"font-weight: 400;\">Avec une base manufacturi\u00e8re solide et une demande int\u00e9rieure croissante, l\u2019industrie automobile indienne pr\u00e9sente des opportunit\u00e9s lucratives. Gr\u00e2ce \u00e0 des \u00e9tudes de march\u00e9 en Inde, les entreprises peuvent explorer des domaines tels que les v\u00e9hicules \u00e9lectriques, la fabrication de composants automobiles et les services apr\u00e8s-vente.<\/span><\/p>\n\n\n\n<p><b>\u2022 T\u00e9l\u00e9communications\u00a0: <\/b><span style=\"font-weight: 400;\">Le secteur des t\u00e9l\u00e9communications en Inde a connu une croissance exponentielle, tir\u00e9e par l&#039;adoption g\u00e9n\u00e9ralis\u00e9e des t\u00e9l\u00e9phones mobiles et des services Internet. Par cons\u00e9quent, les \u00e9tudes de march\u00e9 en Inde peuvent faire la lumi\u00e8re sur l\u2019\u00e9volution de l\u2019infrastructure des t\u00e9l\u00e9communications, le comportement des consommateurs concernant la consommation de donn\u00e9es et les opportunit\u00e9s dans les services et technologies associ\u00e9s.<\/span><\/p>\n\n\n\n<p><b>\u2022 Textiles et v\u00eatements\u00a0: <\/b>As a major exporter of textiles and garments, India holds a significant position in the global <a href=\"https:\/\/www.sisinternational.com\/fr\/competence\/les-industries\/etude-de-marche-de-la-mode\/\" title=\"\u00c9tude de march\u00e9 de la mode et de l&#039;habillement\"  data-wpil-monitor-id=\"7117\">fashion and apparel<\/a> industry.&nbsp; Market research in India in this sector can help businesses understand the supply chains, labor dynamics, and market trends driving this industry.<\/span><\/p>\n\n\n\n<h2 class=\"wp-block-heading\"><strong>Quelles sont les opportunit\u00e9s pour les entreprises ?<\/strong><\/h2>\n\n\n\n<p><span style=\"font-weight: 400;\">Pour les entreprises qui envisagent le march\u00e9 indien, le spectre des opportunit\u00e9s est vaste et multiforme. Les \u00e9tudes de march\u00e9 en Inde constituent une passerelle majeure pour comprendre et exploiter efficacement ces perspectives. Voici quelques domaines prometteurs que les entreprises peuvent explorer\u00a0:<\/span><\/p>\n\n\n\n<p><b>\u2022 Secteur des biens de consommation\u00a0: <\/b><span style=\"font-weight: 400;\">With a burgeoning middle class and rising disposable incomes, there&#8217;s a growing demand for a wide array of consumer goods.&nbsp; Market research can offer insights into consumer preferences, buying behaviors, and emerging trends in this sector, paving the way for successful product launches and marketing campaigns.<\/span><\/p>\n\n\n\n<p><b>\u2022 Boom du commerce \u00e9lectronique\u00a0: <\/b><span style=\"font-weight: 400;\">The e-commerce industry in India is experiencing unprecedented growth. Businesses can leverage <a href=\"https:\/\/www.sisinternational.com\/fr\/solutions\/recherche-de-conseil-en-strategie-fintech\/acheter-maintenant-payer-plus-tard-etude-de-marche-bnpl\/\" title=\"Buy Now Pay Later Market Research\"  data-wpil-monitor-id=\"5138\">market research to understand online buying<\/a> patterns, popular e-commerce platforms, and effective digital marketing strategies to tap into this booming digital marketplace.<\/span><\/p>\n\n\n\n<p><b>\u2022 Industrie de la sant\u00e9 et du bien-\u00eatre\u00a0: <\/b><span style=\"font-weight: 400;\">Le secteur du bien-\u00eatre et des soins de sant\u00e9 se d\u00e9veloppe rapidement, avec des opportunit\u00e9s dans les produits pharmaceutiques, les \u00e9quipements m\u00e9dicaux, les services de sant\u00e9 et les produits de bien-\u00eatre.<\/span><\/p>\n\n\n\n<p><b>\u2022 Services financiers: <\/b><span style=\"font-weight: 400;\">Avec l&#039;am\u00e9lioration des connaissances financi\u00e8res et l&#039;adoption croissante des services bancaires et d&#039;investissement, le secteur financier indien pr\u00e9sente un potentiel important. Les \u00e9tudes de march\u00e9 en Inde peuvent aider les entreprises \u00e0 comprendre les besoins et les pr\u00e9f\u00e9rences des consommateurs indiens en mati\u00e8re de produits bancaires, d&#039;assurance et d&#039;investissement.<\/span><\/p>\n\n\n\n<p><b>\u2022 Voyage et tourisme: <\/b><span style=\"font-weight: 400;\">Comprendre le paysage diversifi\u00e9 du voyage et du tourisme en Inde peut fournir aux entreprises une feuille de route pour l&#039;investissement et le d\u00e9veloppement dans ce secteur, avec des \u00e9tudes de march\u00e9 en Inde offrant un aper\u00e7u de la d\u00e9mographie des voyageurs, des destinations populaires et de l&#039;\u00e9volution des tendances touristiques.<\/span><\/p>\n\n\n\n<h2 class=\"wp-block-heading\"><strong>Principaux d\u00e9fis des \u00e9tudes de march\u00e9 en Inde<\/strong><\/h2>\n\n\n\n<figure class=\"gb-block-image gb-block-image-72207024\"><img loading=\"lazy\" decoding=\"async\" width=\"1456\" height=\"816\" class=\"gb-image gb-image-72207024\" src=\"https:\/\/www.sisinternational.com\/wp-content\/uploads\/2025\/09\/India-2.jpg\" alt=\"\u00c9tudes de march\u00e9 et strat\u00e9gie internationales SIS\" title=\"India (2)\" srcset=\"https:\/\/www.sisinternational.com\/wp-content\/uploads\/2025\/09\/India-2.jpg 1456w, https:\/\/www.sisinternational.com\/wp-content\/uploads\/2025\/09\/India-2-300x168.jpg 300w, https:\/\/www.sisinternational.com\/wp-content\/uploads\/2025\/09\/India-2-1024x574.jpg 1024w, https:\/\/www.sisinternational.com\/wp-content\/uploads\/2025\/09\/India-2-768x430.jpg 768w, https:\/\/www.sisinternational.com\/wp-content\/uploads\/2025\/09\/India-2-18x10.jpg 18w\" sizes=\"auto, (max-width: 1456px) 100vw, 1456px\"><\/figure>\n\n\n\n<p><\/p>\n\n\n\n<p><span style=\"font-weight: 400;\">Les \u00e9tudes de march\u00e9 en Inde ne sont pas sans d\u00e9fis. Ainsi, comprendre ces obstacles est essentiel pour toute entreprise cherchant \u00e0 naviguer avec succ\u00e8s sur le march\u00e9 indien complexe. Voici un aper\u00e7u des d\u00e9fis que les chercheurs et les entreprises pourraient rencontrer :<\/span><\/p>\n\n\n\n<p><b>\u2022 Base de consommateurs diversifi\u00e9e\u00a0: <\/b><span style=\"font-weight: 400;\">La population indienne est incroyablement diversifi\u00e9e en termes de culture, de langue et de statut socio-\u00e9conomique. Cette diversit\u00e9 peut rendre difficile pour les \u00e9tudes de march\u00e9 en Inde de formuler une approche universelle, ce qui n\u00e9cessite des strat\u00e9gies de recherche nuanc\u00e9es et sp\u00e9cifiques \u00e0 chaque r\u00e9gion.<\/span><\/p>\n\n\n\n<p><b>\u2022 Pr\u00e9cision des donn\u00e9es: <\/b><span style=\"font-weight: 400;\">La collecte et l\u2019interpr\u00e9tation pr\u00e9cises de donn\u00e9es peuvent s\u2019av\u00e9rer difficiles en raison de facteurs tels que les taux d\u2019alphab\u00e9tisation, les barri\u00e8res linguistiques et l\u2019ampleur de la population. Garantir la fiabilit\u00e9 des \u00e9tudes de march\u00e9 en Inde n\u00e9cessite une planification et une ex\u00e9cution minutieuses des m\u00e9thodologies de collecte de donn\u00e9es.<\/span><\/p>\n\n\n\n<p><b>\u2022 Changements rapides du march\u00e9\u00a0: <\/b><span style=\"font-weight: 400;\">Le march\u00e9 indien est dynamique et les pr\u00e9f\u00e9rences et comportements des consommateurs \u00e9voluent rapidement. Maintenir les \u00e9tudes de march\u00e9 en Inde \u00e0 jour et refl\u00e9ter ces changements n\u00e9cessite une surveillance constante et une adaptabilit\u00e9 \u00e0 l&#039;environnement de march\u00e9 en \u00e9volution rapide.<\/span><\/p>\n\n\n\n<p><b>\u2022 Paysage r\u00e9glementaire\u00a0: <\/b><span style=\"font-weight: 400;\">L&#039;Inde dispose d&#039;un ensemble unique et parfois complexe de lois et de r\u00e9glementations qui r\u00e9gissent les op\u00e9rations commerciales et les pratiques en mati\u00e8re d&#039;\u00e9tudes de march\u00e9. Comprendre et respecter ces r\u00e9glementations est crucial pour r\u00e9ussir sur ce march\u00e9.<\/span><\/p>\n\n\n\n<h3 class=\"wp-block-heading\"><b>SWOT Analysis of Market Research in India<\/b><\/h3>\n\n\n\n<p><span style=\"font-weight: 400;\">Conducting a SWOT analysis offers valuable insights into the factors that influence market research in India:<\/span><\/p>\n\n\n\n<p><b>Forces:<\/b><\/p>\n\n\n\n<ul class=\"wp-block-list\">\n<li><span style=\"font-weight: 400;\">Large, youthful population with rising incomes and increasing consumer spending power, particularly in urban areas.<\/span><\/li>\n\n\n\n<li><span style=\"font-weight: 400;\">Rapid growth of the digital economy, providing businesses with significant opportunities for online engagement and e-commerce.<\/span><\/li>\n\n\n\n<li><span style=\"font-weight: 400;\">Diverse economy with strong sectors such as technology, healthcare, and retail, offering multiple avenues for investment and expansion.<\/span><\/li>\n<\/ul>\n\n\n\n<p><b>Faiblesses:<\/b><\/p>\n\n\n\n<ul class=\"wp-block-list\">\n<li><span style=\"font-weight: 400;\">Significant regional and cultural diversity can complicate marketing strategies, as consumer preferences vary widely across the country.<\/span><\/li>\n\n\n\n<li><span style=\"font-weight: 400;\">Infrastructure gaps in rural areas can pose challenges for businesses looking to establish a national presence.<\/span><\/li>\n\n\n\n<li><span style=\"font-weight: 400;\">Complex regulatory landscape, with frequently changing policies, may create hurdles for foreign businesses.<\/span><\/li>\n<\/ul>\n\n\n\n<p><b>Opportunit\u00e9s:<\/b><\/p>\n\n\n\n<ul class=\"wp-block-list\">\n<li><span style=\"font-weight: 400;\">The expansion of digital and mobile technology, especially in rural and semi-urban areas, presents untapped opportunities for businesses to engage new consumer segments.<\/span><\/li>\n\n\n\n<li><span style=\"font-weight: 400;\">Government initiatives like &#8216;Make in India&#8217; and improvements in infrastructure development create new possibilities for investment.<\/span><\/li>\n\n\n\n<li><span style=\"font-weight: 400;\">Growing awareness of sustainable and ethical products opens the door for businesses to cater to environmentally conscious consumers.<\/span><\/li>\n<\/ul>\n\n\n\n<p><b>Des menaces:<\/b><\/p>\n\n\n\n<ul class=\"wp-block-list\">\n<li><span style=\"font-weight: 400;\">Intense competition from local and international firms in key sectors, making it difficult for new entrants to stand out.<\/span><\/li>\n\n\n\n<li><span style=\"font-weight: 400;\">Economic fluctuations or global market instability could impact growth and consumer spending.<\/span><\/li>\n\n\n\n<li><span style=\"font-weight: 400;\">Regulatory uncertainties and potential shifts in government policies may pose risks to long-term business strategies.<\/span><\/li>\n<\/ul>\n\n\n\n<h2 class=\"wp-block-heading\"><b>How SIS International\u2019s Market Research in India Helps Businesses<\/b><\/h2>\n\n\n\n<p><span style=\"font-weight: 400;\"><a href=\"https:\/\/www.linkedin.com\/company\/sisinternationalresearch\/\" target=\"_blank\" rel=\"noopener\">SIS International<\/a> provides comprehensive market research in India, helping businesses navigate the complexities of this vast and diverse market. Our tailored solutions are designed to offer actionable insights and strategic guidance. Here\u2019s how our market research in India benefits businesses:<\/span><\/p>\n\n\n\n<ul class=\"wp-block-list\">\n<li><b>Deep Consumer Insights<\/b><span style=\"font-weight: 400;\">: We help businesses understand the behaviors, preferences, and emerging trends among India\u2019s diverse consumer segments, enabling them to craft strategies that resonate locally.<\/span><\/li>\n\n\n\n<li><b>Regional Market Analysis<\/b><span style=\"font-weight: 400;\">: Our market research in India delves into India\u2019s regional variations, helping companies tailor their products and services to specific cultural, linguistic, and economic environments.<\/span><\/li>\n\n\n\n<li><b>Digital and E-commerce Trends<\/b><span style=\"font-weight: 400;\">: With the rapid digital transformation in India, we provide businesses with insights into the growing e-commerce and mobile-first markets, allowing them to capitalize on digital opportunities.<\/span><\/li>\n\n\n\n<li><b>Analyse comparative concurrentielle<\/b><span style=\"font-weight: 400;\">: We analyze the competitive landscape, helping businesses identify opportunities to stand out and gain an advantage.<\/span><\/li>\n\n\n\n<li><b>Strat\u00e9gie d&#039;entr\u00e9e sur le march\u00e9<\/b><span style=\"font-weight: 400;\">: We assist companies in developing successful market entry strategies, ensuring compliance with India\u2019s regulatory framework, and addressing infrastructural challenges.<\/span><\/li>\n\n\n\n<li><b>Att\u00e9nuation des risques<\/b><span style=\"font-weight: 400;\">: Our market research in India helps businesses identify and anticipate risks, whether related to regulatory changes, market volatility, or competition, allowing them to develop contingency plans.<\/span><\/li>\n\n\n\n<li><b>Partenariats locaux<\/b><span style=\"font-weight: 400;\">: We provide insights into potential partnerships and collaborations with local businesses, enhancing market access and operational efficiency.<\/span><\/li>\n<\/ul>\n\n\n\n<h2 class=\"wp-block-heading\"><strong>\u00c0 propos de SIS International<\/strong><\/h2>\n\n\n\n<p><a href=\"https:\/\/www.sisinternational.com\/fr\/\"><span style=\"font-weight: 400;\">SIS International<\/span><\/a><span style=\"font-weight: 400;\"> propose des recherches quantitatives, qualitatives et strat\u00e9giques. Nous fournissons des donn\u00e9es, des outils, des strat\u00e9gies, des rapports et des informations pour la prise de d\u00e9cision. Nous menons \u00e9galement des entretiens, des enqu\u00eates, des groupes de discussion et d\u2019autres m\u00e9thodes et approches d\u2019\u00e9tudes de march\u00e9.<\/span><a href=\"https:\/\/www.sisinternational.com\/fr\/a-propos-de-la-recherche-internationale-sis\/contact-sis-international-market-research\/\"><span style=\"font-weight: 400;\"> Contactez nous<\/span><\/a><span style=\"font-weight: 400;\"> pour votre prochain projet d&#039;\u00e9tude de march\u00e9.<\/span><\/p>\n\n\n\n<h2 class=\"wp-block-heading\">&nbsp;<\/h2>\n\n\n\n<p><\/p>","protected":false},"excerpt":{"rendered":"<p>Les \u00e9tudes de march\u00e9 sont de plus en plus accept\u00e9es en Inde et un nombre croissant d&#039;entreprises y ont r\u00e9serv\u00e9 une place dans leur budget.<\/p>","protected":false},"author":1,"featured_media":65686,"parent":14508,"menu_order":3,"comment_status":"closed","ping_status":"open","template":"","meta":{"footnotes":""},"class_list":["post-16521","page","type-page","status-publish","has-post-thumbnail"],"_links":{"self":[{"href":"https:\/\/www.sisinternational.com\/fr\/wp-json\/wp\/v2\/pages\/16521","targetHints":{"allow":["GET"]}}],"collection":[{"href":"https:\/\/www.sisinternational.com\/fr\/wp-json\/wp\/v2\/pages"}],"about":[{"href":"https:\/\/www.sisinternational.com\/fr\/wp-json\/wp\/v2\/types\/page"}],"author":[{"embeddable":true,"href":"https:\/\/www.sisinternational.com\/fr\/wp-json\/wp\/v2\/users\/1"}],"replies":[{"embeddable":true,"href":"https:\/\/www.sisinternational.com\/fr\/wp-json\/wp\/v2\/comments?post=16521"}],"version-history":[{"count":5,"href":"https:\/\/www.sisinternational.com\/fr\/wp-json\/wp\/v2\/pages\/16521\/revisions"}],"predecessor-version":[{"id":80681,"href":"https:\/\/www.sisinternational.com\/fr\/wp-json\/wp\/v2\/pages\/16521\/revisions\/80681"}],"up":[{"embeddable":true,"href":"https:\/\/www.sisinternational.com\/fr\/wp-json\/wp\/v2\/pages\/14508"}],"wp:featuredmedia":[{"embeddable":true,"href":"https:\/\/www.sisinternational.com\/fr\/wp-json\/wp\/v2\/media\/65686"}],"wp:attachment":[{"href":"https:\/\/www.sisinternational.com\/fr\/wp-json\/wp\/v2\/media?parent=16521"}],"curies":[{"name":"wp","href":"https:\/\/api.w.org\/{rel}","templated":true}]}}