{"id":16424,"date":"2015-06-11T01:06:49","date_gmt":"2015-06-11T01:06:49","guid":{"rendered":"https:\/\/www.sisinternational.com\/?page_id=16424"},"modified":"2026-01-27T16:44:18","modified_gmt":"2026-01-27T21:44:18","slug":"los-angeles-market-research-firm","status":"publish","type":"page","link":"https:\/\/www.sisinternational.com\/fr\/coverage\/north-america\/usa-coverage\/los-angeles-market-research-firm\/","title":{"rendered":"Cabinet d&#039;\u00e9tudes de march\u00e9 de Los Angeles"},"content":{"rendered":"<h1 class=\"wp-block-heading\">Cabinet d&#039;\u00e9tudes de march\u00e9 de Los Angeles<\/h1>\n\n\n\n<figure class=\"gb-block-image gb-block-image-d7ac7180\"><img loading=\"lazy\" decoding=\"async\" width=\"1456\" height=\"816\" class=\"gb-image gb-image-d7ac7180\" src=\"https:\/\/www.sisinternational.com\/wp-content\/uploads\/2025\/09\/Los-Angeles-3.jpg\" srcset=\"https:\/\/www.sisinternational.com\/wp-content\/uploads\/2025\/09\/Los-Angeles-3.jpg 1456w, https:\/\/www.sisinternational.com\/wp-content\/uploads\/2025\/09\/Los-Angeles-3-300x168.jpg 300w, https:\/\/www.sisinternational.com\/wp-content\/uploads\/2025\/09\/Los-Angeles-3-1024x574.jpg 1024w, https:\/\/www.sisinternational.com\/wp-content\/uploads\/2025\/09\/Los-Angeles-3-768x430.jpg 768w, https:\/\/www.sisinternational.com\/wp-content\/uploads\/2025\/09\/Los-Angeles-3-18x10.jpg 18w\" sizes=\"auto, (max-width: 1456px) 100vw, 1456px\" alt=\"SIS International Market Research &amp; Strategy\"><\/figure>\n\n\n\n<p><\/p>\n\n\n\n<h3 class=\"wp-block-heading\">Comment une soci\u00e9t\u00e9 d\u2019\u00e9tudes de march\u00e9 de premier plan \u00e0 Los Angeles peut-elle vous aider \u00e0 acqu\u00e9rir l\u2019avantage concurrentiel n\u00e9cessaire pour r\u00e9ussir sur l\u2019un des march\u00e9s les plus dynamiques au monde ?<\/h3>\n\n\n\n<p>Notre soci\u00e9t\u00e9 d&#039;\u00e9tudes de march\u00e9 diversifi\u00e9e et hautement qualifi\u00e9e de Los Angeles propose un service complet de strat\u00e9gie commerciale, de recherche de produits, de tests de produits, de strat\u00e9gie de vente, de comportement des consommateurs et de solutions de conseil sur mesure qui g\u00e9n\u00e8rent des r\u00e9sultats tangibles pour nos clients. Nous comprenons les besoins des clients nationaux et internationaux et avons une affinit\u00e9 pour faire fonctionner les m\u00e9thodes de recherche primaires et secondaires pour les entreprises de Los Angeles.<\/p>\n\n\n\n<h2 class=\"wp-block-heading\">Qu&#039;est-ce qui distingue SIS en tant que soci\u00e9t\u00e9 d&#039;\u00e9tudes de march\u00e9 leader \u00e0 Los Angeles\u00a0?<\/h2>\n\n\n\n<p>The value of specialized local knowledge is key in the sprawling urban expanse of Los Angeles, where industries as diverse as entertainment, technology, and manufacturing intersect. SIS International is a best-in-class Los Angeles <a href=\"https:\/\/www.sisinternational.com\/fr\/multi-lingual-market-research-firm\/\" title=\"Cabinet d&#039;\u00e9tudes de march\u00e9 et de strat\u00e9gie multilingue\"  data-wpil-monitor-id=\"1958\">market research firm<\/a> that leverages deep regional insights and global experience. Our firm&#8217;s unique approach involves a blend of advanced analytics, bespoke research methodologies, and real-time data collection that are specifically tailored to the nuances of the Los Angeles marketplace.<\/p>\n\n\n\n<p>Premi\u00e8rement, SIS International utilise une technologie de pointe pour collecter et analyser des donn\u00e9es, garantissant ainsi \u00e0 nos clients les informations les plus pr\u00e9cises et les plus exploitables. Cela inclut l\u2019utilisation d\u2019analyses bas\u00e9es sur l\u2019IA et d\u2019outils sophistiqu\u00e9s de visualisation de donn\u00e9es qui donnent vie \u00e0 des ensembles de donn\u00e9es complexes. De plus, notre \u00e9quipe comprend des experts qui excellent dans la recherche quantitative et qualitative et ont une compr\u00e9hension approfondie du paysage \u00e9conomique et du milieu culturel de Los Angeles.<\/p>\n\n\n\n<p>De plus, l&#039;engagement de SIS International en faveur de l&#039;innovation dans les \u00e9tudes de march\u00e9 de Los Angeles nous permet d&#039;anticiper les tendances et les changements du march\u00e9 plut\u00f4t que de simplement y r\u00e9agir. Cette approche proactive permet \u00e0 nos clients de garder une longueur d&#039;avance, en prenant des d\u00e9cisions strat\u00e9giques qui tirent parti des opportunit\u00e9s \u00e9mergentes.<\/p>\n\n\n\n<h2 class=\"wp-block-heading\">Avantages de l&#039;embauche d&#039;un cabinet d&#039;\u00e9tudes de march\u00e9 de premier plan \u00e0 Los Angeles comme SIS<\/h2>\n\n\n\n<h4 class=\"wp-block-heading\">Une soci\u00e9t\u00e9 d&#039;\u00e9tudes de march\u00e9 de Los Angeles est votre porte d&#039;entr\u00e9e pour comprendre ce march\u00e9 unique, en vous fournissant les outils et les informations n\u00e9cessaires pour exceller.<\/h4>\n\n\n\n<p>Choosing a top Los Angeles <a href=\"https:\/\/www.sisinternational.com\/fr\/expertise\/industries\/design-firm-market-research\/\" title=\"\u00c9tude de march\u00e9 des entreprises de conception\"  data-wpil-monitor-id=\"5599\">market research firm<\/a> like ours offers many benefits that extend far beyond basic market understanding. Our comprehensive services enable businesses to identify and fully exploit the potential within the Los Angeles market.<\/p>\n\n\n\n<p><strong>Informations localis\u00e9es pour des strat\u00e9gies cibl\u00e9es<\/strong>:<\/p>\n\n\n\n<ul class=\"wp-block-list\">\n<li>Notre cabinet fournit des informations pr\u00e9cises et sp\u00e9cifiques \u00e0 la r\u00e9gion de Los Angeles, permettant aux entreprises de d\u00e9velopper des strat\u00e9gies cibl\u00e9es qui correspondent \u00e0 la d\u00e9mographie locale. Cette approche localis\u00e9e est cruciale dans une ville connue pour sa client\u00e8le diversifi\u00e9e et \u00e9volutive.<\/li>\n<\/ul>\n\n\n\n<p><strong>Avantage concurrentiel gr\u00e2ce \u00e0 des analyses avanc\u00e9es<\/strong>:<\/p>\n\n\n\n<ul class=\"wp-block-list\">\n<li>SIS International utilise des techniques analytiques avanc\u00e9es pour analyser la dynamique du march\u00e9 et le comportement des consommateurs. Cette analyse approfondie offre aux clients un avantage concurrentiel, car ils peuvent anticiper les changements dans les pr\u00e9f\u00e9rences des consommateurs et les conditions du march\u00e9 plus rapidement que leurs concurrents.<\/li>\n<\/ul>\n\n\n\n<p><strong>Solutions personnalis\u00e9es pour diverses industries<\/strong>:<\/p>\n\n\n\n<ul class=\"wp-block-list\">\n<li>Que vous travailliez dans le secteur du divertissement, de la technologie ou de la fabrication, nos recherches sont personnalis\u00e9es pour r\u00e9pondre aux d\u00e9fis et opportunit\u00e9s sp\u00e9cifiques de votre secteur. Cette approche sur mesure garantit que les strat\u00e9gies sont efficaces et pertinentes par rapport \u00e0 votre contexte commercial.<\/li>\n<\/ul>\n\n\n\n<p><strong>Partenariat \u00e0 long terme pour une croissance continue<\/strong>:<\/p>\n\n\n\n<ul class=\"wp-block-list\">\n<li>Notre engagement ne se limite pas \u00e0 un seul projet. SIS International croit en l&#039;\u00e9tablissement de partenariats \u00e0 long terme et en la fourniture d&#039;analyses et d&#039;un soutien continus pour aider les entreprises \u00e0 s&#039;adapter et \u00e0 se d\u00e9velopper en permanence sur le march\u00e9 de Los Angeles.<\/li>\n<\/ul>\n\n\n\n<h2 class=\"wp-block-heading\">Qui a besoin d\u2019une soci\u00e9t\u00e9 d\u2019\u00e9tudes de march\u00e9 \u00e0 Los Angeles pour r\u00e9ussir son entr\u00e9e sur le march\u00e9\u00a0?<\/h2>\n\n\n\n<p>Entrer sur le march\u00e9 de Los Angeles pr\u00e9sente des d\u00e9fis et des opportunit\u00e9s uniques qui varient consid\u00e9rablement selon les diff\u00e9rents secteurs. Une soci\u00e9t\u00e9 d&#039;\u00e9tudes de march\u00e9 de Los Angeles comme SIS International est cruciale pour toute entreprise, qu&#039;il s&#039;agisse de startups, d&#039;entreprises de taille moyenne ou de grandes entreprises, qui souhaitent naviguer avec succ\u00e8s dans ce paysage complexe.<\/p>\n\n\n\n<p><strong>Startups et nouveaux entrants<\/strong>:<\/p>\n\n\n\n<ul class=\"wp-block-list\">\n<li>Comprendre le comportement des consommateurs locaux, les niveaux de concurrence et l&#039;environnement r\u00e9glementaire est vital pour les startups. Nous pouvons fournir ces informations, r\u00e9duisant ainsi consid\u00e9rablement les risques associ\u00e9s \u00e0 l\u2019entr\u00e9e sur un nouveau march\u00e9 et aidant \u00e0 affiner les offres de produits et les strat\u00e9gies marketing en fonction des go\u00fbts et pr\u00e9f\u00e9rences locaux.<\/li>\n<\/ul>\n\n\n\n<p><strong>Les entreprises de taille moyenne cherchent \u00e0 se d\u00e9velopper<\/strong>:<\/p>\n\n\n\n<ul class=\"wp-block-list\">\n<li>Les entreprises de taille moyenne peuvent b\u00e9n\u00e9ficier d&#039;une analyse de march\u00e9 d\u00e9taill\u00e9e pour identifier les opportunit\u00e9s de croissance dans la r\u00e9gion de Los Angeles. Qu&#039;il s&#039;agisse d&#039;explorer de nouveaux segments d\u00e9mographiques ou de d\u00e9velopper de nouvelles gammes de produits, une recherche d\u00e9taill\u00e9e permet de garantir que les efforts d&#039;expansion sont bien cibl\u00e9s et efficaces.<\/li>\n<\/ul>\n\n\n\n<p><strong>Les grandes entreprises en qu\u00eate de consolidation<\/strong>:<\/p>\n\n\n\n<ul class=\"wp-block-list\">\n<li>Une \u00e9tude de march\u00e9 compl\u00e8te est essentielle pour que les grandes entreprises puissent consolider leur pr\u00e9sence et optimiser leurs op\u00e9rations. Des \u00e9tudes approfondies sur la logistique de la cha\u00eene d\u2019approvisionnement, l\u2019analyse des concurrents et la satisfaction des consommateurs peuvent aider ces entreprises \u00e0 conserver un avantage concurrentiel sur un march\u00e9 satur\u00e9.<\/li>\n<\/ul>\n\n\n\n<p><strong>Les entreprises internationales envisagent l\u2019entr\u00e9e aux \u00c9tats-Unis<\/strong>:<\/p>\n\n\n\n<ul class=\"wp-block-list\">\n<li>International companies considering entry into the U.S. <a href=\"https:\/\/www.sisinternational.com\/fr\/product-opinion-cultural-insights-asia-to-europe-market-entry\/\" title=\"Recherche sur l&#039;entr\u00e9e sur le march\u00e9 automobile | \u00c9tude de cas\"  data-wpil-monitor-id=\"7051\">market through Los Angeles<\/a> will find a market research firm invaluable for understanding cultural nuances and local business practices. This insight is critical for adapting products and services to fit the local market and navigating the complex regulatory landscape.<\/li>\n<\/ul>\n\n\n\n<h2 class=\"wp-block-heading\">Nous comprenons la puissance \u00e9conomique de Los Angeles.<\/h2>\n\n\n\n<p>Le march\u00e9 de Los Angeles s&#039;oriente vers l&#039;analyse, le cloud computing, le big data et la mobilit\u00e9. Les outils de r\u00e9seaux sociaux et de collaboration ont \u00e9galement un impact. Ces technologies \u00e9mergentes modifient rapidement le march\u00e9 de Los Angeles, affectant la fa\u00e7on dont les habitants de la ville travaillent, s&#039;interconnectent, collectent des informations tactiques et prennent des d\u00e9cisions.<\/p>\n\n\n\n<p>En outre, la mondialisation modifie et \u00e9largit les perspectives de march\u00e9 de l&#039;industrie m\u00e9diatique en pleine convergence, tandis que la num\u00e9risation modifie la mani\u00e8re dont le contenu \u2013 informations, actualit\u00e9s et contenu enregistr\u00e9 \u2013 est produit et distribu\u00e9, provoquant ainsi des sections autrefois divergentes des m\u00e9dias et des m\u00e9dias. l&#039;industrie du divertissement \u00e0 se rassembler en un seul m\u00e9dia.<\/p>\n\n\n\n<h4 class=\"wp-block-heading\">Un partenariat avec une soci\u00e9t\u00e9 d&#039;\u00e9tudes de march\u00e9 chevronn\u00e9e de Los Angeles peut-il \u00eatre la cl\u00e9 pour d\u00e9bloquer des opportunit\u00e9s commerciales potentielles et naviguer dans les complexit\u00e9s de ce centre \u00e9conomique dynamique\u00a0?<\/h4>\n\n\n\n<p>Absolutely! Partnering with a seasoned Los Angeles market <a href=\"https:\/\/www.sisinternational.com\/fr\/expertise\/industries\/extreme-persona-research\/\" title=\"Recherche sur les personnalit\u00e9s extr\u00eames\"  data-wpil-monitor-id=\"3378\">research firm can be extremely<\/a> helpful for businesses aiming to unlock potential opportunities and navigate the complexities of this energetic economic hub.<\/p>\n\n\n\n<p>En collaborant avec une soci\u00e9t\u00e9 sp\u00e9cialis\u00e9e dans les \u00e9tudes de march\u00e9 de Los Angeles, les entreprises peuvent b\u00e9n\u00e9ficier d&#039;une analyse de donn\u00e9es sur mesure, d&#039;une veille concurrentielle et d&#039;informations sur les consommateurs sp\u00e9cifiques au contexte r\u00e9gional.<\/p>\n\n\n\n<h2 class=\"wp-block-heading\">M\u00e9thodes d&#039;\u00e9tude de march\u00e9<\/h2>\n\n\n\n<h4 class=\"wp-block-heading\">Dans le paysage \u00e9conomique anim\u00e9 de Los Angeles, chaque d\u00e9cision commerciale strat\u00e9gique compte\u2026 S&#039;engager avec une soci\u00e9t\u00e9 d&#039;\u00e9tudes de march\u00e9 leader \u00e0 Los Angeles offre bien plus que de simples donn\u00e9es\u00a0; il fournit une feuille de route pour naviguer dans les complexit\u00e9s du march\u00e9.<\/h4>\n\n\n\n<ul class=\"wp-block-list\">\n<li>Groupes de discussion en ligne<\/li>\n\n\n\n<li>Entretiens vid\u00e9o<\/li>\n\n\n\n<li>Entretiens t\u00e9l\u00e9-profondeurs<\/li>\n\n\n\n<li>Enqu\u00eates<\/li>\n\n\n\n<li>Interceptions<\/li>\n\n\n\n<li>Entretiens en face \u00e0 face<\/li>\n<\/ul>\n\n\n\n<h2 class=\"wp-block-heading\">Zones que nous servons \u00e0 Los Angeles<\/h2>\n\n\n\n<p>La port\u00e9e et l&#039;expertise de SIS International couvrent toute la r\u00e9gion de Los Angeles, garantissant que peu importe o\u00f9 se trouve votre entreprise ou si vous cherchez \u00e0 vous d\u00e9velopper dans la r\u00e9gion, nous avons ce qu&#039;il vous faut. Notre soci\u00e9t\u00e9 d&#039;\u00e9tudes de march\u00e9 de Los Angeles est strat\u00e9giquement positionn\u00e9e pour servir un large \u00e9ventail de secteurs dans tous les quartiers et districts cl\u00e9s, fournissant des informations compl\u00e8tes qui r\u00e9pondent aux besoins sp\u00e9cifiques de chaque zone.<\/p>\n\n\n\n<p><strong>Centre-ville de Los Angeles<\/strong>: Au c\u0153ur de la ville, nos services aident les entreprises \u00e0 exploiter les march\u00e9s en plein essor influenc\u00e9s par la haute finance, les startups technologiques et les industries cr\u00e9atives. Nous offrons un aper\u00e7u des tendances de consommation et de la dynamique commerciale qui fa\u00e7onnent l&#039;avenir du centre-ville de Los Angeles.<\/p>\n\n\n\n<p><strong>Plage de silicium<\/strong>: Silicon Beach is a critical area for tech-focused businesses. Our firm provides targeted <a href=\"https:\/\/www.sisinternational.com\/fr\/expertise\/industries\/botany-market-research\/\" title=\"\u00c9tude de march\u00e9 sur la botanique\"  data-wpil-monitor-id=\"4259\">research that helps tech companies understand market<\/a> entry strategies, competitive landscape, and consumer technology adoption rates.<\/p>\n\n\n\n<p><strong>Quartiers d&#039;Hollywood et de divertissement<\/strong>: En tant que plaque tournante mondiale du divertissement, ce domaine exige une approche unique en mati\u00e8re d&#039;\u00e9tudes de march\u00e9. Notre expertise aide les entreprises de divertissement et de m\u00e9dias \u00e0 g\u00e9rer les pr\u00e9f\u00e9rences du public, les lancements de produits et les strat\u00e9gies promotionnelles.<\/p>\n\n\n\n<p><strong>Vall\u00e9e de San Fernando<\/strong>: Connue pour ses secteurs industriels et manufacturiers, la Vall\u00e9e b\u00e9n\u00e9ficie de nos analyses de march\u00e9 sur les tendances de production, la logistique de la cha\u00eene d&#039;approvisionnement et les march\u00e9s de consommation locaux.<\/p>\n\n\n\n<p><strong>C\u00f4t\u00e9 ouest<\/strong>: The affluent neighborhoods of the Westside are ideal for <a href=\"https:\/\/www.sisinternational.com\/fr\/discounting-at-super-luxury-retailers\/\" title=\"Remises chez les d\u00e9taillants de luxe\"  data-wpil-monitor-id=\"7536\">luxury brands and high-end retail<\/a>. Our research assists businesses in understanding the purchasing patterns, lifestyle preferences, and demographic shifts that influence market opportunities in these areas.<\/p>\n\n\n\n<p><strong>Sud de Los Angeles et villes passerelles<\/strong>: South LA et les Gateway Cities offrent des opportunit\u00e9s uniques aux entreprises qui recherchent des march\u00e9s plus diversifi\u00e9s et \u00e9mergents. Nos recherches se concentrent sur les tendances d\u00e9mographiques, le d\u00e9veloppement \u00e9conomique et les connaissances communautaires essentielles aux entreprises qui souhaitent avoir un impact positif.<\/p>\n\n\n\n<p>En couvrant tous les recoins de Los Angeles, SIS International garantit que, o\u00f9 que vous soyez ou ayez l&#039;intention d&#039;\u00eatre, nos services d&#039;\u00e9tudes de march\u00e9 vous fourniront les informations et les conseils n\u00e9cessaires pour prosp\u00e9rer dans cette ville dynamique.<\/p>\n\n\n\n<h2 class=\"wp-block-heading\">\u00c0 propos des \u00e9tudes de march\u00e9 \u00e0 Los Angeles<\/h2>\n\n\n\n<p><a href=\"https:\/\/www.linkedin.com\/company\/sisinternationalresearch\/\" target=\"_blank\" rel=\"noopener\"><span style=\"font-weight: 400;\">SIS International<\/span><\/a>, une soci\u00e9t\u00e9 d&#039;\u00e9tudes de march\u00e9 de Los Angeles, propose des solutions compl\u00e8tes dans les secteurs de la consommation, du B2B, de l&#039;industrie, de la sant\u00e9 et autres. En offrant un aper\u00e7u complet de l&#039;ensemble du paysage commercial, <a href=\"https:\/\/www.sisinternational.com\/fr\/about-sis-international-research\/contact-sis-international-market-research\/\">SIS<\/a> peut vous aider \u00e0 rester comp\u00e9titif.<\/p>\n\n\n\n<h2 class=\"wp-block-heading\">&nbsp;<\/h2>","protected":false},"excerpt":{"rendered":"<p>SIS International, une soci\u00e9t\u00e9 d&#039;\u00e9tudes de march\u00e9 de Los Angeles, propose des solutions compl\u00e8tes dans les secteurs de la consommation, du B2B, de l&#039;industrie, de la sant\u00e9 et de l&#039;automobile.<\/p>","protected":false},"author":1,"featured_media":66625,"parent":19303,"menu_order":2,"comment_status":"closed","ping_status":"closed","template":"","meta":{"footnotes":""},"class_list":["post-16424","page","type-page","status-publish","has-post-thumbnail"],"_links":{"self":[{"href":"https:\/\/www.sisinternational.com\/fr\/wp-json\/wp\/v2\/pages\/16424","targetHints":{"allow":["GET"]}}],"collection":[{"href":"https:\/\/www.sisinternational.com\/fr\/wp-json\/wp\/v2\/pages"}],"about":[{"href":"https:\/\/www.sisinternational.com\/fr\/wp-json\/wp\/v2\/types\/page"}],"author":[{"embeddable":true,"href":"https:\/\/www.sisinternational.com\/fr\/wp-json\/wp\/v2\/users\/1"}],"replies":[{"embeddable":true,"href":"https:\/\/www.sisinternational.com\/fr\/wp-json\/wp\/v2\/comments?post=16424"}],"version-history":[{"count":11,"href":"https:\/\/www.sisinternational.com\/fr\/wp-json\/wp\/v2\/pages\/16424\/revisions"}],"predecessor-version":[{"id":81162,"href":"https:\/\/www.sisinternational.com\/fr\/wp-json\/wp\/v2\/pages\/16424\/revisions\/81162"}],"up":[{"embeddable":true,"href":"https:\/\/www.sisinternational.com\/fr\/wp-json\/wp\/v2\/pages\/19303"}],"wp:featuredmedia":[{"embeddable":true,"href":"https:\/\/www.sisinternational.com\/fr\/wp-json\/wp\/v2\/media\/66625"}],"wp:attachment":[{"href":"https:\/\/www.sisinternational.com\/fr\/wp-json\/wp\/v2\/media?parent=16424"}],"curies":[{"name":"wp","href":"https:\/\/api.w.org\/{rel}","templated":true}]}}