{"id":16318,"date":"2015-06-09T17:08:56","date_gmt":"2015-06-09T17:08:56","guid":{"rendered":"https:\/\/www.sisinternational.com\/?page_id=16318"},"modified":"2025-09-08T12:40:04","modified_gmt":"2025-09-08T16:40:04","slug":"etude-de-marche-en-groupe-de-discussion","status":"publish","type":"page","link":"https:\/\/www.sisinternational.com\/fr\/solutions\/etude-de-marche-en-groupe-de-discussion\/","title":{"rendered":"\u00c9tude de march\u00e9 par groupe de discussion"},"content":{"rendered":"<p><\/p>\n\n\n\n<h1 class=\"gb-headline gb-headline-c69d8229 gb-headline-text\">                              \u00c9tude de march\u00e9 par groupe de discussion<\/h1>\n\n\n\n<p><\/p>\n\n\n<div class=\"gb-container gb-container-2a916115\">\n\n<figure class=\"gb-block-image gb-block-image-508fcfd7\"><img loading=\"lazy\" decoding=\"async\" width=\"1456\" height=\"816\" class=\"gb-image gb-image-508fcfd7\" src=\"https:\/\/www.sisinternational.com\/wp-content\/uploads\/2025\/08\/Focus-group-meeting-8.jpg\" alt=\"\u00c9tudes de march\u00e9 et strat\u00e9gie internationales SIS\" title=\"Focus group &amp; meeting (8)\" srcset=\"https:\/\/www.sisinternational.com\/wp-content\/uploads\/2025\/08\/Focus-group-meeting-8.jpg 1456w, https:\/\/www.sisinternational.com\/wp-content\/uploads\/2025\/08\/Focus-group-meeting-8-300x168.jpg 300w, https:\/\/www.sisinternational.com\/wp-content\/uploads\/2025\/08\/Focus-group-meeting-8-1024x574.jpg 1024w, https:\/\/www.sisinternational.com\/wp-content\/uploads\/2025\/08\/Focus-group-meeting-8-768x430.jpg 768w, https:\/\/www.sisinternational.com\/wp-content\/uploads\/2025\/08\/Focus-group-meeting-8-18x10.jpg 18w\" sizes=\"auto, (max-width: 1456px) 100vw, 1456px\"><\/figure>\n\n\n\n<hr class=\"wp-block-separator has-alpha-channel-opacity is-style-dots\"\/>\n\n\n\n<p>Les \u00e9tudes de march\u00e9 en groupe de discussion et les entretiens approfondis sont l&#039;un des aspects les plus essentiels de&nbsp;<a href=\"https:\/\/smallbusiness.chron.com\/focus-group-research-method-17464.html\" target=\"_blank\" rel=\"noreferrer noopener\">\u00e9tude de march\u00e9 qualitative r\u00e9ussie<\/a>. La s\u00e9lection des recrues potentielles et l&#039;extraction des personnes cibles \u00e0 participer sont des \u00e9l\u00e9ments cl\u00e9s qui peuvent pr\u00e9dire la qualit\u00e9 de l&#039;entretien et in\u00e9vitablement de la recherche.<\/p>\n\n\n\n<p>The question remains: how and where do you find the right target people? What makes a good respondent? Aside from passing a screening questionnaire, what else demonstrates a genuine respondent? Recruiting potential candidates for studies can be more art than a science.<\/p>\n\n\n\n<h1 class=\"gb-headline gb-headline-a428afc0 gb-headline-text\"><strong>Qui nous recrutons pour les \u00e9tudes de march\u00e9 des groupes de discussion<\/strong><\/h1>\n\n\n\n<p>We recruit for Focus Groups, Online Communities, In-Depth Interviews, Dyads, Triads, <a href=\"https:\/\/www.sisinternational.com\/fr\/solutions\/solutions-de-recherche-qualitative-et-quantitative\/tests-en-localisation-centrale-vs-groupes-de-discussion\/\" title=\"Tests de localisation centrale vs groupes de discussion\" data-wpil-monitor-id=\"11009\">Essais en situation centrale<\/a>, Car Clinics, Product Tests, and some Quantitative research projects.<\/p>\n\n\n\n<p>For each study, we are given a profile of the person we are looking for, in addition to a screening questionnaire.<\/p>\n\n\n\n<p>\u00c0 condition que la personne interrog\u00e9e corresponde au profil et r\u00e9ponde avec pr\u00e9cision \u00e0 toutes les questions, elle devrait th\u00e9oriquement correspondre parfaitement. Dans de nombreux cas, une telle strat\u00e9gie peut bien fonctionner. Il existe cependant de nombreux cas o\u00f9 le simple fait de r\u00e9pondre \u00e0 un questionnaire de s\u00e9lection ne suffit pas pour garantir que la recrue correspond bien. Alors, que peut-on faire d\u2019autre ?<\/p>\n\n\n\n<p>Il s\u2019agit souvent de lire entre les lignes et n\u00e9cessite des comp\u00e9tences en communication pour garantir des candidats de haute qualit\u00e9.<\/p>\n\n\n\n<h2 class=\"gb-headline gb-headline-8946c37c gb-headline-text\"><strong><strong>Processus de recrutement des groupes de discussion SIS<\/strong><\/strong><\/h2>\n\n\n\n<p>We can use many innovative methods to recruit for our studies, and we tailor our methods to meet each client\u2019s individual needs. We have a custom internal database that we update frequently. People on the database are screened in-depth. One benefit of this is that we can identify potential candidates, then put them through additional screening and evaluate their qualifications for each study.<\/p>\n\n\n\n<p>Other forms of database sampling can include traditional samples as well as other methods such as street intercepts, social media, or custom recruitment outreach. We also have a variety of online social media solutions that can provide high-quality recruits. We then screen those people in-depth several times to ensure they are indeed genuine matches.<\/p>\n\n\n\n<p>To ensure quality, we assign expert <a href=\"https:\/\/www.sisinternational.com\/fr\/publications\/les-femmes-des-annees-70-et-80-ont-accede-a-la-haute-direction\/\" title=\"Comment les femmes des ann\u00e9es 70 et 80 ont acc\u00e9d\u00e9 \u00e0 la haute direction\" data-wpil-monitor-id=\"11010\">senior<\/a> fieldwork managers to manage the recruitment process at all times. We often screen recruits several times over a period of time to ensure that they are the right candidates. We have strict policies and oversight concerning our on-site staff. The results from recruitment are centralized on-site so that we can schedule and confirm according to quotas our clients need us to fill.<\/p>\n\n\n\n<h3 class=\"gb-headline gb-headline-47756c1f gb-headline-text\"><strong><strong><strong>Couverture du march\u00e9 mondial des services sur le terrain<\/strong><\/strong><\/strong><\/h3>\n\n\n\n<figure class=\"gb-block-image gb-block-image-f7fd4a33\"><img loading=\"lazy\" decoding=\"async\" width=\"1456\" height=\"816\" class=\"gb-image gb-image-f7fd4a33\" src=\"https:\/\/www.sisinternational.com\/wp-content\/uploads\/2025\/08\/Focus-group-meeting-6.jpg\" alt=\"\u00c9tudes de march\u00e9 et strat\u00e9gie internationales SIS\" title=\"Focus group &amp; meeting (6)\" srcset=\"https:\/\/www.sisinternational.com\/wp-content\/uploads\/2025\/08\/Focus-group-meeting-6.jpg 1456w, https:\/\/www.sisinternational.com\/wp-content\/uploads\/2025\/08\/Focus-group-meeting-6-300x168.jpg 300w, https:\/\/www.sisinternational.com\/wp-content\/uploads\/2025\/08\/Focus-group-meeting-6-1024x574.jpg 1024w, https:\/\/www.sisinternational.com\/wp-content\/uploads\/2025\/08\/Focus-group-meeting-6-768x430.jpg 768w, https:\/\/www.sisinternational.com\/wp-content\/uploads\/2025\/08\/Focus-group-meeting-6-18x10.jpg 18w\" sizes=\"auto, (max-width: 1456px) 100vw, 1456px\"><\/figure>\n\n\n\n<p><\/p>\n\n\n\n<p><strong>Les march\u00e9s cl\u00e9s pour le recrutement de groupes de discussion comprennent les villes suivantes\u00a0:<\/strong><\/p>\n\n\n<div class=\"gb-container gb-container-f1fa9d7a\">\n<div class=\"gb-container gb-container-867bfa70\">\n\n<ul class=\"wp-block-list\">\n<li>Amsterdam<\/li>\n\n\n\n<li>Ath\u00e8nes<\/li>\n\n\n\n<li>Auckland<\/li>\n\n\n\n<li>Bangkok<\/li>\n\n\n\n<li>Barcelone<\/li>\n\n\n\n<li>P\u00e9kin<\/li>\n\n\n\n<li>Berlin<\/li>\n\n\n\n<li>Bogot\u00e1<\/li>\n\n\n\n<li>Bratislava<\/li>\n\n\n\n<li>Bruxelles<\/li>\n\n\n\n<li>Bucarest<\/li>\n\n\n\n<li>Budapest<\/li>\n\n\n\n<li>Buenos Aires<\/li>\n\n\n\n<li>Caire<\/li>\n\n\n\n<li>Caracas<\/li>\n\n\n\n<li>Chicago<\/li>\n\n\n\n<li>Copenhague<\/li>\n\n\n\n<li>Delhi<\/li>\n\n\n\n<li>Doha<\/li>\n\n\n\n<li>Dubai<\/li>\n\n\n\n<li>Dublin<\/li>\n\n\n\n<li>Francfort<\/li>\n\n\n\n<li>Gen\u00e8ve<\/li>\n\n\n\n<li>Helsinki<\/li>\n<\/ul>\n\n<\/div>\n\n<div class=\"gb-container gb-container-a4dc722a\">\n\n<ul class=\"wp-block-list\">\n<li>Hong Kong<\/li>\n\n\n\n<li>Hangzhou<\/li>\n\n\n\n<li>Istanbul<\/li>\n\n\n\n<li>Djakarta<\/li>\n\n\n\n<li>Johannesbourg<\/li>\n\n\n\n<li>Kiev<\/li>\n\n\n\n<li>Kuala Lumpur<\/li>\n\n\n\n<li>Lima<\/li>\n\n\n\n<li>Lisbonne<\/li>\n\n\n\n<li>Ljubljana<\/li>\n\n\n\n<li>Londres<\/li>\n\n\n\n<li>Londres<\/li>\n\n\n\n<li>Los Angeles<\/li>\n\n\n\n<li>Madrid<\/li>\n\n\n\n<li>Manille<\/li>\n\n\n\n<li>Mexico<\/li>\n\n\n\n<li>Miami<\/li>\n\n\n\n<li>Milan<\/li>\n\n\n\n<li>Montr\u00e9al<\/li>\n\n\n\n<li>Moscou<\/li>\n\n\n\n<li>Bombay<\/li>\n\n\n\n<li>Munich<\/li>\n\n\n\n<li>La ville de New York<\/li>\n<\/ul>\n\n<\/div>\n\n<div class=\"gb-container gb-container-bb623013\">\n\n<ul class=\"wp-block-list\">\n<li>Nicosie<\/li>\n\n\n\n<li>Oslo<\/li>\n\n\n\n<li>Paris<\/li>\n\n\n\n<li>Prague<\/li>\n\n\n\n<li>Riga<\/li>\n\n\n\n<li><a href=\"https:\/\/www.sisinternational.com\/fr\/couverture\/les-ameriques\/etude-de-marche-en-amerique-latine\/etude-de-marche-a-rio-de-janeiro\/\" title=\"Etude de march\u00e9 \u00e0 Rio de Janeiro\" data-wpil-monitor-id=\"11011\">Rio de Janeiro<\/a><\/li>\n\n\n\n<li>Rome<\/li>\n\n\n\n<li>Saint-Jacques<\/li>\n\n\n\n<li>S\u00e3o Paulo<\/li>\n\n\n\n<li>S\u00e9oul<\/li>\n\n\n\n<li>Shanghai<\/li>\n\n\n\n<li>Sofia<\/li>\n\n\n\n<li>Stockholm<\/li>\n\n\n\n<li>Sidney<\/li>\n\n\n\n<li>Ta\u00efpei<\/li>\n\n\n\n<li>Tallinn<\/li>\n\n\n\n<li>Tel Aviv<\/li>\n\n\n\n<li>Tokyo<\/li>\n\n\n\n<li>Toronto<\/li>\n\n\n\n<li>Vienne<\/li>\n\n\n\n<li>Vilnius<\/li>\n\n\n\n<li>Varsovie<\/li>\n\n\n\n<li>Zurich<\/li>\n<\/ul>\n\n<\/div>\n<\/div>\n\n\n<h2 class=\"wp-block-heading\">Sp\u00e9cialit\u00e9s mises en \u00e9vidence dans les \u00e9tudes de march\u00e9 des groupes de discussion<\/h2>\n\n\n<div class=\"gb-container gb-container-0c51f13f\">\n<div class=\"gb-container gb-container-7d4c8f78\">\n\n<ul class=\"wp-block-list\">\n<li>Niveau C<\/li>\n\n\n\n<li>Soignants<\/li>\n\n\n\n<li>Consommateurs<\/li>\n\n\n\n<li>D\u00e9cideurs<\/li>\n\n\n\n<li>Government&nbsp;officials<\/li>\n\n\n\n<li>Hospital&nbsp;Administrators<\/li>\n\n\n\n<li>Influenceurs<\/li>\n<\/ul>\n\n<\/div>\n\n<div class=\"gb-container gb-container-5ce24537\">\n\n<ul class=\"wp-block-list\">\n<li>Innovateurs<\/li>\n\n\n\n<li>Les intentions<\/li>\n\n\n\n<li>Investisseurs<\/li>\n\n\n\n<li>ONG<\/li>\n\n\n\n<li>Les patients<\/li>\n\n\n\n<li>Prosommateurs<\/li>\n<\/ul>\n\n<\/div>\n<\/div>\n<\/div>\n\n<h2>Notre emplacement \u00e0 New York<\/h2>\n<p><!-- \/wp:post-content --> <!-- wp:html --> <iframe loading=\"lazy\" src=\"https:\/\/www.google.com\/maps\/embed?pb=!1m18!1m12!1m3!1d3022.976188376966!2d-73.99130312499956!3d40.740549471389315!2m3!1f0!2f0!3f0!3m2!1i1024!2i768!4f13.1!3m3!1m2!1s0x89c259a15798c731%3A0xd695d09bdd495f25!2s11%20E%2022nd%20St%20FL%202%2C%20New%20York%2C%20NY%2010010%2C%20USA!5e0!3m2!1sen!2spe!4v1726171763526!5m2!1sen!2spe\" width=\"600\" height=\"450\" allowfullscreen=\"allowfullscreen\" data-mce-fragment=\"1\"><\/iframe> <!-- \/wp:html --> <!-- wp:paragraph --><\/p>\n<h3 class=\"wp-block-heading\">11 E 22nd Street, \u00e9tage 2, New York, NY 10010 T\u00e9l. : +1(212) 505-6805<\/h3>\n<hr \/>\n<h2><span style=\"font-weight: 400;\">\u00c0 propos de SIS International<\/span><\/h2>\n<p><a href=\"https:\/\/www.sisinternational.com\/fr\/\"><span style=\"font-weight: 400;\">SIS International<\/span><\/a><span style=\"font-weight: 400;\"> offers Quantitative, Qualitative, and Strategy Research. We provide data, tools, strategies, reports, and insights for decision-making. We also conduct interviews, surveys, focus groups, and other <a href=\"https:\/\/www.sisinternational.com\/fr\/quantitative-market-research-methods-and-techniques\/\" title=\"Quantitative Market Research Methods and Techniques\" data-wpil-monitor-id=\"11008\">Market Research methods<\/a> and approaches.<\/span><a href=\"https:\/\/www.sisinternational.com\/fr\/a-propos-de-la-recherche-internationale-sis\/contact-sis-international-market-research\/\"><span style=\"font-weight: 400;\"> Contactez nous<\/span><\/a><span style=\"font-weight: 400;\"> pour votre prochain projet d&#039;\u00e9tude de march\u00e9.<\/span><\/p>\n<\/p>","protected":false},"excerpt":{"rendered":"<p>Nous recrutons des r\u00e9pondants pour les groupes de discussion, les entretiens approfondis et les \u00e9tudes qualitatives en ligne.<\/p>","protected":false},"author":1,"featured_media":62670,"parent":14457,"menu_order":9,"comment_status":"closed","ping_status":"open","template":"","meta":{"footnotes":""},"class_list":["post-16318","page","type-page","status-publish","has-post-thumbnail"],"_links":{"self":[{"href":"https:\/\/www.sisinternational.com\/fr\/wp-json\/wp\/v2\/pages\/16318","targetHints":{"allow":["GET"]}}],"collection":[{"href":"https:\/\/www.sisinternational.com\/fr\/wp-json\/wp\/v2\/pages"}],"about":[{"href":"https:\/\/www.sisinternational.com\/fr\/wp-json\/wp\/v2\/types\/page"}],"author":[{"embeddable":true,"href":"https:\/\/www.sisinternational.com\/fr\/wp-json\/wp\/v2\/users\/1"}],"replies":[{"embeddable":true,"href":"https:\/\/www.sisinternational.com\/fr\/wp-json\/wp\/v2\/comments?post=16318"}],"version-history":[{"count":18,"href":"https:\/\/www.sisinternational.com\/fr\/wp-json\/wp\/v2\/pages\/16318\/revisions"}],"predecessor-version":[{"id":81802,"href":"https:\/\/www.sisinternational.com\/fr\/wp-json\/wp\/v2\/pages\/16318\/revisions\/81802"}],"up":[{"embeddable":true,"href":"https:\/\/www.sisinternational.com\/fr\/wp-json\/wp\/v2\/pages\/14457"}],"wp:featuredmedia":[{"embeddable":true,"href":"https:\/\/www.sisinternational.com\/fr\/wp-json\/wp\/v2\/media\/62670"}],"wp:attachment":[{"href":"https:\/\/www.sisinternational.com\/fr\/wp-json\/wp\/v2\/media?parent=16318"}],"curies":[{"name":"wp","href":"https:\/\/api.w.org\/{rel}","templated":true}]}}