{"id":16214,"date":"2015-06-09T17:34:01","date_gmt":"2015-06-09T17:34:01","guid":{"rendered":"https:\/\/www.sisinternational.com\/?page_id=16214"},"modified":"2026-01-25T19:21:40","modified_gmt":"2026-01-26T00:21:40","slug":"cabinet-detudes-de-marche-new-yorkais","status":"publish","type":"page","link":"https:\/\/www.sisinternational.com\/fr\/couverture\/north-america\/couverture-des-etats-unis\/cabinet-detudes-de-marche-new-yorkais\/","title":{"rendered":"Cabinet d&#039;\u00e9tudes de march\u00e9 de New York"},"content":{"rendered":"<h1 class=\"wp-block-heading\">Cabinet d&#039;\u00e9tudes de march\u00e9 de New York<\/h1>\n\n\n\n<figure class=\"gb-block-image gb-block-image-a5a21941\"><img loading=\"lazy\" decoding=\"async\" width=\"1456\" height=\"816\" class=\"gb-image gb-image-a5a21941\" src=\"https:\/\/www.sisinternational.com\/wp-content\/uploads\/2025\/08\/NY-2-3.jpg\" srcset=\"https:\/\/www.sisinternational.com\/wp-content\/uploads\/2025\/08\/NY-2-3.jpg 1456w, https:\/\/www.sisinternational.com\/wp-content\/uploads\/2025\/08\/NY-2-3-300x168.jpg 300w, https:\/\/www.sisinternational.com\/wp-content\/uploads\/2025\/08\/NY-2-3-1024x574.jpg 1024w, https:\/\/www.sisinternational.com\/wp-content\/uploads\/2025\/08\/NY-2-3-768x430.jpg 768w, https:\/\/www.sisinternational.com\/wp-content\/uploads\/2025\/08\/NY-2-3-18x10.jpg 18w\" sizes=\"auto, (max-width: 1456px) 100vw, 1456px\" alt=\"\u00c9tudes de march\u00e9 et strat\u00e9gie internationales SIS\"><\/figure>\n\n\n\n<p><\/p>\n\n\n\n<h2 class=\"wp-block-heading\">SIS International Research est une soci\u00e9t\u00e9 d&#039;\u00e9tudes de march\u00e9 leader \u00e0 New York qui propose des services complets de travail qualitatif sur le terrain, de collecte de donn\u00e9es quantitatives et de recherche strat\u00e9gique dans la zone m\u00e9tropolitaine.<\/h2>\n\n\n\n<p>Nous sommes sp\u00e9cialis\u00e9s dans la recherche grand public, B2B, m\u00e9dicale, automobile, \u00e0 faible incidence et strat\u00e9gique. Notre suite de solutions d&#039;\u00e9tudes de march\u00e9 et de veille strat\u00e9gique est vaste et nous adaptons chaque projet pour r\u00e9pondre aux besoins uniques d&#039;un client sp\u00e9cifique.<\/p>\n\n\n\n<h2 class=\"wp-block-heading\">Qu&#039;est-ce qui fait de nous une soci\u00e9t\u00e9 d&#039;\u00e9tudes de march\u00e9 leader \u00e0 New York\u00a0?<\/h2>\n\n\n\n<h4 class=\"wp-block-heading\"><span style=\"font-size: inherit; background-color: var(--base-3); color: var(--contrast-2);\">\u2026 Comprendre le march\u00e9 complexe et en constante \u00e9volution de New York est crucial \u2013 et le bon cabinet d\u2019\u00e9tudes de march\u00e9 \u00e0 New York peut \u00eatre votre passerelle vers ces connaissances.<\/span><\/h4>\n\n\n\n<p><span style=\"font-size: inherit; background-color: var(--base-3); color: var(--contrast-2);\">The sheer diversity of NYC&#8217;s population means that consumer behaviors vary dramatically between neighborhoods\u2014even between streets. A local <a href=\"https:\/\/www.sisinternational.com\/fr\/cabinet-detudes-de-marche-multilingue\/\" title=\"Cabinet d&#039;\u00e9tudes de march\u00e9 et de strat\u00e9gie multilingue\"  data-wpil-monitor-id=\"1962\">market research firm<\/a> has the granular knowledge required to dissect these variations, ensuring that businesses can tailor their offerings to meet the specific needs of their target audience. This level of customization is crucial for capturing and retaining customer interest in a market as saturated as New York City.<\/span><\/p>\n\n\n\n<p>Moreover, the regulatory and economic landscape in NYC is constantly evolving. Businesses must stay ahead of changes in laws, economic shifts, and even sociopolitical trends that can impact their operations. An NYC <a href=\"https:\/\/www.sisinternational.com\/fr\/competence\/les-industries\/etude-de-marche-pour-une-entreprise-de-design\/\" title=\"\u00c9tude de march\u00e9 des entreprises de conception\"  data-wpil-monitor-id=\"5601\">market research firm<\/a> like ours helps you stay abreast of these developments, providing clients with timely, relevant data that supports proactive decision-making.<\/p>\n\n\n\n<h2 class=\"wp-block-heading\">Recrutement en \u00e9tudes de march\u00e9 \u00e0 New York<\/h2>\n\n\n\n<h4 class=\"wp-block-heading\">Le partenariat avec une soci\u00e9t\u00e9 d&#039;\u00e9tudes de march\u00e9 leader \u00e0 New York garantit que chaque d\u00e9cision commerciale est \u00e9tay\u00e9e par des donn\u00e9es robustes et pr\u00e9cises et des informations personnalis\u00e9es, permettant ainsi un avantage concurrentiel plus marqu\u00e9.<\/h4>\n\n\n\n<p class=\"p1\"><span class=\"s1\">Avec un acc\u00e8s \u00e0 une vaste base de consommateurs comprenant des clients et des dirigeants d&#039;entreprise, ainsi qu&#039;\u00e0 un personnel hautement form\u00e9 et qualifi\u00e9 qui comprend les march\u00e9s mondiaux, SIS combine une passion pour la recherche et un CV impressionnant de projets qualitatifs et quantitatifs pour fournir des solutions commerciales strat\u00e9giques \u00e0 nos clients. clients. <\/span><\/p>\n\n\n\n<p class=\"p1\"><span class=\"s1\">Notre bureau principal est enti\u00e8rement \u00e9quip\u00e9 des derni\u00e8res technologies et m\u00e9thodologies de recherche. Nous organisons des groupes de discussion et des entretiens approfondis, y compris ceux avec des cadres sup\u00e9rieurs, mod\u00e9rons des groupes de discussion et des enqu\u00eates en personne et en ligne, effectuons des s\u00e9lections et des entretiens t\u00e9l\u00e9phoniques et effectuons diverses t\u00e2ches de projet sur site. . <\/span><\/p>\n\n\n\n<h2 class=\"wp-block-heading\">Un cabinet d&#039;\u00e9tudes de march\u00e9 de premier plan \u00e0 New York au c\u0153ur de la ville\u00a0: installations de groupes de discussion<\/h2>\n\n\n\n<h4 class=\"wp-block-heading\">Nos installations comprennent des groupes de discussion \u00e0 service complet et des installations de test dans le quartier Flatiron de Manhattan.<\/h4>\n\n\n\n<p class=\"p1\"><span class=\"s1\">Nous fournissons <a href=\"https:\/\/www.sisinternational.com\/fr\/solutions\/groupes-de-discussion\/installations-de-groupe-de-discussion-a-new-york\/\">installations de groupe de discussion ultramodernes<\/a> qui sont dot\u00e9s de vid\u00e9oconf\u00e9rences, de capacit\u00e9s audio et vid\u00e9o, d&#039;un miroir sans tain et d&#039;une capacit\u00e9 de 10 r\u00e9pondants par salle. Notre personnel de recrutement et nos mod\u00e9rateurs comprennent du personnel exp\u00e9riment\u00e9 et bilingue.<\/span><\/p>\n\n\n\n<p class=\"p1\"><span class=\"s1\">Nos installations de pointe permettent \u00e0 nos clients et \u00e0 notre \u00e9quipe de recherche de mener ces groupes de discussion dans nos salles de conf\u00e9rence sur place. Les enregistrements et la surveillance vid\u00e9o et audio sont effectu\u00e9s via des miroirs sans tain et des salles d&#039;observation. De plus, notre personnel multilingue peut vous aider avec les transcriptions, les entretiens et le recrutement dans plusieurs langues internationales.<\/span><\/p>\n\n\n\n<h2 class=\"wp-block-heading\">\u00c9quipe de gestion de projet et mod\u00e9rateurs de New York<\/h2>\n\n\n\n<h4 class=\"wp-block-heading\">Une soci\u00e9t\u00e9 d&#039;\u00e9tudes de march\u00e9 experte \u00e0 New York fournit aux entreprises les informations n\u00e9cessaires pour prosp\u00e9rer dans l&#039;un des environnements les plus comp\u00e9titifs au monde.<\/h4>\n\n\n\n<p>SIS International Research poss\u00e8de une vaste exp\u00e9rience en gestion de projet, en strat\u00e9gie interentreprises et en conseil. Il travaille en \u00e9troite collaboration avec les clients pour personnaliser les projets selon leurs besoins individuels.<\/p>\n\n\n\n<p>Nous utilisons des m\u00e9thodes de recherche qualitatives et quantitatives, menant des recherches sur place et produisant des rapports de haute qualit\u00e9 qui aident nos clients \u00e0 mieux comprendre les tendances et les comportements des consommateurs de leurs secteurs respectifs. Gr\u00e2ce aux derni\u00e8res technologies de recherche, notamment les tests sensoriels, le suivi oculaire et les capacit\u00e9s audiovisuelles de qualit\u00e9 studio, SIS utilise une vari\u00e9t\u00e9 de meilleures pratiques pour recueillir les avis des consommateurs et des administrations et d\u00e9bloquer des informations cach\u00e9es sur les march\u00e9s en d\u00e9veloppement.<\/p>\n\n\n\n<p>We employ various creative techniques to gather consumer insights, from customer satisfaction research and observational studies to in-home usability and on-site taste testing. SIS is committed to creating customized <a href=\"https:\/\/www.sisinternational.com\/fr\/competence\/les-industries\/etude-de-marche-botanique\/\" title=\"\u00c9tude de march\u00e9 sur la botanique\"  data-wpil-monitor-id=\"4277\">research and marketing<\/a> plans that allow our clients to confidently make critical, research-based business decisions.<\/p>\n\n\n\n<h2 class=\"wp-block-heading\">Notre exp\u00e9rience<\/h2>\n\n\n\n<h4 class=\"wp-block-heading\">Une soci\u00e9t\u00e9 d&#039;\u00e9tudes de march\u00e9 d\u00e9di\u00e9e \u00e0 New York fait plus que simplement compiler des donn\u00e9es : elle les interpr\u00e8te dans le contexte des forces plus larges du march\u00e9 en jeu, offrant des conseils strat\u00e9giques \u00e0 la fois perspicaces et exploitables.<\/h4>\n\n\n\n<p class=\"p1\"><span class=\"s1\">Les projets ant\u00e9rieurs dans des secteurs cl\u00e9s incluent l\u2019automobile, les soins de sant\u00e9, les produits pharmaceutiques, la beaut\u00e9 et les soins de la peau, ainsi que la recherche en \u00e9ducation. Nous avons aid\u00e9 des entreprises locales et internationales \u00e0 d\u00e9velopper des strat\u00e9gies de marketing, \u00e0 \u00e9valuer les menaces concurrentielles, \u00e0 tester et \u00e0 promouvoir de nouveaux produits et services, et m\u00eame \u00e0 repenser leurs magasins et bureaux pour am\u00e9liorer l&#039;exp\u00e9rience client.<\/span><\/p>\n\n\n\n<h2 class=\"wp-block-heading\">Avantages de mener une \u00e9tude de march\u00e9 avec SIS International<\/h2>\n\n\n\n<figure class=\"gb-block-image gb-block-image-4e7229f4\"><img loading=\"lazy\" decoding=\"async\" width=\"1456\" height=\"816\" class=\"gb-image gb-image-4e7229f4\" src=\"https:\/\/www.sisinternational.com\/wp-content\/uploads\/2025\/09\/New-York-9.jpg\" alt=\"\u00c9tudes de march\u00e9 et strat\u00e9gie internationales SIS\" title=\"New York (9)\" srcset=\"https:\/\/www.sisinternational.com\/wp-content\/uploads\/2025\/09\/New-York-9.jpg 1456w, https:\/\/www.sisinternational.com\/wp-content\/uploads\/2025\/09\/New-York-9-300x168.jpg 300w, https:\/\/www.sisinternational.com\/wp-content\/uploads\/2025\/09\/New-York-9-1024x574.jpg 1024w, https:\/\/www.sisinternational.com\/wp-content\/uploads\/2025\/09\/New-York-9-768x430.jpg 768w, https:\/\/www.sisinternational.com\/wp-content\/uploads\/2025\/09\/New-York-9-18x10.jpg 18w\" sizes=\"auto, (max-width: 1456px) 100vw, 1456px\"><\/figure>\n\n\n\n<p><\/p>\n\n\n\n<h4 class=\"wp-block-heading\">Une soci\u00e9t\u00e9 d&#039;\u00e9tudes de march\u00e9 exceptionnelle \u00e0 New York vous aide \u00e0 percer les secrets du march\u00e9 de New York.<\/h4>\n\n\n\n<p>Choisir SIS International pour vos besoins d&#039;\u00e9tudes de march\u00e9 \u00e0 New York offre des avantages distincts qui peuvent am\u00e9liorer consid\u00e9rablement votre positionnement strat\u00e9gique et votre efficacit\u00e9 op\u00e9rationnelle. Au-del\u00e0 des avantages typiques de la compr\u00e9hension des tendances du march\u00e9 et du comportement des consommateurs, SIS International fournit des informations sp\u00e9cialis\u00e9es qui r\u00e9pondent sp\u00e9cifiquement \u00e0 la dynamique des divers march\u00e9s de New York.<\/p>\n\n\n\n<p><strong>\u2022 Expertise localis\u00e9e<\/strong>: SIS International est fier de sa profonde compr\u00e9hension du march\u00e9 new-yorkais. Cette expertise localis\u00e9e permet de d\u00e9velopper des strat\u00e9gies finement adapt\u00e9es aux besoins sp\u00e9cifiques des quartiers de New York, en abordant les nuances que les \u00e9tudes de march\u00e9 g\u00e9n\u00e9rales pourraient n\u00e9gliger.<\/p>\n\n\n\n<p><strong>\u2022 Solutions personnalis\u00e9es<\/strong>: Chaque entreprise est unique, et SIS International le reconna\u00eet en proposant des solutions de recherche personnalis\u00e9es. Que vous souhaitiez vous d\u00e9velopper sur de nouveaux segments de march\u00e9 ou optimiser vos op\u00e9rations existantes, nous adaptons nos m\u00e9thodologies de recherche pour qu&#039;elles correspondent \u00e9troitement \u00e0 vos objectifs commerciaux.<\/p>\n\n\n\n<p><strong>\u2022&nbsp; Competitive Analysis<\/strong>: Dans une ville aussi comp\u00e9titive que New York, conna\u00eetre ses concurrents est aussi crucial que conna\u00eetre ses clients. SIS fournit des analyses d\u00e9taill\u00e9es des concurrents, y compris leurs strat\u00e9gies, leurs positions sur le march\u00e9 et leurs faiblesses, vous permettant d&#039;\u00e9laborer des strat\u00e9gies qui exploitent vos atouts face aux lacunes du march\u00e9.<\/p>\n\n\n\n<p><strong>\u2022 Identification des tendances<\/strong>: Pour garder une longueur d&#039;avance \u00e0 New York, il faut r\u00e9agir aux tendances actuelles et anticiper celles \u00e0 venir. SIS International excelle dans l&#039;identification des tendances \u00e9mergentes avant qu&#039;elles ne deviennent courantes, offrant ainsi \u00e0 ses clients un avantage de premier arriv\u00e9 dans divers secteurs.<\/p>\n\n\n\n<p><strong>\u2022 Planification strat\u00e9gique am\u00e9lior\u00e9e<\/strong>: <a href=\"https:\/\/www.linkedin.com\/company\/sisinternationalresearch\/\" target=\"_blank\" rel=\"noopener\"><span style=\"font-weight: 400;\">SIS International<\/span><\/a> permet aux entreprises d\u2019\u00e9laborer des plans strat\u00e9giques non seulement r\u00e9actifs mais \u00e9galement proactifs. Les entreprises peuvent pr\u00e9voir les \u00e9volutions du march\u00e9 et adapter leurs strat\u00e9gies, se positionnant ainsi pour r\u00e9ussir dans le paysage concurrentiel de New York.<\/p>\n\n\n\n<p><strong>\u2022 Augmentation des revenus<\/strong>: SIS International aide les entreprises \u00e0 adapter plus efficacement leurs offres gr\u00e2ce \u00e0 un ciblage pr\u00e9cis et \u00e0 une compr\u00e9hension des besoins des clients. Cela conduit \u00e0 une satisfaction et une fid\u00e9lit\u00e9 accrues des clients, ce qui stimule la croissance des revenus.<\/p>\n\n\n\n<p><strong>\u2022 R\u00e9duction de risque<\/strong>: Les \u00e9tudes de march\u00e9 r\u00e9duisent l&#039;incertitude dans les d\u00e9cisions commerciales. SIS International fournit des donn\u00e9es qui aident \u00e0 att\u00e9nuer les risques associ\u00e9s au lancement de nouveaux produits, \u00e0 l&#039;entr\u00e9e sur de nouveaux march\u00e9s ou \u00e0 la r\u00e9alisation de changements substantiels dans les op\u00e9rations commerciales.<\/p>\n\n\n\n<p><strong>\u2022 Croissance et innovation acc\u00e9l\u00e9r\u00e9es<\/strong>: Les informations issues des \u00e9tudes de march\u00e9 alimentent l&#039;innovation en mettant en \u00e9vidence les lacunes et les opportunit\u00e9s du march\u00e9. SIS International aide les entreprises \u00e0 exploiter ces informations pour innover de nouveaux produits et services qui r\u00e9pondent aux besoins non satisfaits des clients, facilitant ainsi une croissance plus rapide et plus durable.<\/p>\n\n\n\n<p><strong>\u2022\u00a0ROI boost\u00e9<\/strong>: Sur la base des r\u00e9sultats de la recherche, les entreprises peuvent optimiser divers aspects de leurs op\u00e9rations commerciales pour obtenir un retour sur investissement plus \u00e9lev\u00e9, que ce soit gr\u00e2ce \u00e0 un marketing, un d\u00e9veloppement de produits ou un positionnement strat\u00e9gique plus efficaces.<\/p>\n\n\n\n<p><strong>\u2022 Entr\u00e9e strat\u00e9gique sur le march\u00e9<\/strong>: Pour les entreprises qui cherchent \u00e0 p\u00e9n\u00e9trer le march\u00e9 de New York ou \u00e0 \u00e9tendre leur pr\u00e9sence, SIS propose des donn\u00e9es critiques qui facilitent la prise de d\u00e9cision concernant o\u00f9, quand et comment lancer efficacement leurs op\u00e9rations.<\/p>\n\n\n\n<p><strong>Optimisation op\u00e9rationnelle<\/strong>: Comprendre le paysage op\u00e9rationnel et les d\u00e9fis de New York permet aux entreprises de rationaliser leurs op\u00e9rations, de r\u00e9duire leurs co\u00fbts et d&#039;am\u00e9liorer leur efficacit\u00e9.<\/p>\n\n\n\n<p><strong>\u2022 Pertinence culturelle<\/strong>: SIS aide les entreprises \u00e0 comprendre la dynamique culturelle des diff\u00e9rentes donn\u00e9es d\u00e9mographiques de New York, en garantissant que les produits, services et efforts marketing trouvent un \u00e9cho culturel aupr\u00e8s des publics cibles.<\/p>\n\n\n\n<h2 class=\"wp-block-heading\">Recherche qualitative<\/h2>\n\n\n\n<h4 class=\"wp-block-heading\">Notre travail de terrain qualitatif fournit un aper\u00e7u du comportement des publics de consommateurs, B2B et de soins de sant\u00e9. Nous utilisons de nombreuses techniques pour mener des recherches qualitatives, parmi lesquelles\u00a0:<\/h4>\n\n\n\n<ul class=\"wp-block-list\">\n<li>Groupes de discussion<\/li>\n\n\n\n<li>Entretiens approfondis<\/li>\n\n\n\n<li>Ethnographie<\/li>\n\n\n\n<li>Recherche observationnelle<\/li>\n\n\n\n<li>\u00c9chantillonnage al\u00e9atoire<\/li>\n\n\n\n<li>Recrutement sur le terrain<\/li>\n<\/ul>\n\n\n\n<h2 class=\"wp-block-heading\">Recherche quantitative<\/h2>\n\n\n\n<h4 class=\"wp-block-heading\">Nos solutions de recherche quantitative fournissent des enqu\u00eates approfondies sur les ph\u00e9nom\u00e8nes sociaux via des techniques statistiques, math\u00e9matiques ou informatiques, telles que\u00a0:<\/h4>\n\n\n\n<ul class=\"wp-block-list\">\n<li>Recherche en face-\u00e0-face et par interception<\/li>\n\n\n\n<li>T\u00e9l\u00e9phone ITAO<\/li>\n\n\n\n<li>CAPI<\/li>\n\n\n\n<li>PAPI<\/li>\n\n\n\n<li>Enqu\u00eates par courrier<\/li>\n\n\n\n<li>Enqu\u00eates en ligne<\/li>\n<\/ul>\n\n\n\n<h2 class=\"wp-block-heading\">Recherche strat\u00e9gique et analyses<\/h2>\n\n\n\n<h4 class=\"wp-block-heading\">SIS fournit une suite robuste d\u2019\u00e9tudes de march\u00e9 strat\u00e9giques et de solutions analytiques pour fournir des recommandations concr\u00e8tes pour la prise de d\u00e9cision\u00a0:<\/h4>\n\n\n\n<ul class=\"wp-block-list\">\n<li>Analyse client<\/li>\n\n\n\n<li>Mod\u00e9lisation de choix<\/li>\n\n\n\n<li>Analyse de la concurrence<\/li>\n\n\n\n<li>Analyse de risque<\/li>\n\n\n\n<li>Mod\u00e9lisation du mix marketing<\/li>\n\n\n\n<li>\u00c9valuations des opportunit\u00e9s de march\u00e9, du dimensionnement et de l\u2019entr\u00e9e<\/li>\n<\/ul>\n\n\n\n<h2 class=\"wp-block-heading\">Notre emplacement<\/h2>\n\n\n\n<p class=\"p1\"><span class=\"s1\"><strong>Nous sommes \u00e0 quelques pas de l&#039;embl\u00e9matique b\u00e2timent Flatiron du Madison Square Park et \u00e0 quelques p\u00e2t\u00e9s de maisons d&#039;Union Square Park.<\/strong>. SIS International&#8217;s Focus Group Facility is the ideal place for your next project. SIS International Research is a full-service NYC <a href=\"https:\/\/www.sisinternational.com\/fr\/competence\/les-industries\/etude-de-marche-en-zoologie\/\" title=\"\u00c9tude de march\u00e9 sur la zoologie\" data-wpil-monitor-id=\"4293\">market<\/a> research firm ready to tackle even the most challenging projects.<\/span><\/p>\n\n\n\n<h2 class=\"wp-block-heading\">Couverture m\u00e9tropolitaine<\/h2>\n\n\n\n<h4 class=\"wp-block-heading\">Nous couvrons les 5 arrondissements de New York dont Manhattan, Bronx, Brooklyn, Staten Island et Queens. Les domaines cl\u00e9s comprennent\u00a0:<\/h4>\n\n\n\n<div class=\"wp-block-columns is-layout-flex wp-container-core-columns-is-layout-9d6595d7 wp-block-columns-is-layout-flex\">\n<div class=\"wp-block-column is-layout-flow wp-block-column-is-layout-flow\">\n<h3 class=\"wp-block-heading\">Manhattan<\/h3>\n\n\n\n<ul class=\"wp-block-list\">\n<li>Centre de Harlem<\/li>\n\n\n\n<li>Chelsea et Clinton<\/li>\n\n\n\n<li>Harlem Est<\/li>\n\n\n\n<li>Parc Gramercy et Murray Hill<\/li>\n\n\n\n<li>Greenwich Village et Soho<\/li>\n\n\n\n<li>La partie basse de Manhattan<\/li>\n\n\n\n<li>C\u00f4t\u00e9 inf\u00e9rieur est<\/li>\n\n\n\n<li>Upper East Side<\/li>\n\n\n\n<li>Upper West Side<\/li>\n\n\n\n<li>Inwood et Washington Heights<\/li>\n<\/ul>\n<\/div>\n\n\n\n<div class=\"wp-block-column is-layout-flow wp-block-column-is-layout-flow\">\n<h3 class=\"wp-block-heading\">Staten Island<\/h3>\n\n\n\n<ul class=\"wp-block-list\">\n<li>Port-Richmond<\/li>\n\n\n\n<li>rive sud<\/li>\n\n\n\n<li>Stapleton et Saint-George<\/li>\n\n\n\n<li>Milieu de l&#039;\u00eele<\/li>\n<\/ul>\n<\/div>\n<\/div>\n\n\n\n<div class=\"wp-block-columns is-layout-flex wp-container-core-columns-is-layout-9d6595d7 wp-block-columns-is-layout-flex\">\n<div class=\"wp-block-column is-layout-flow wp-block-column-is-layout-flow\">\n<h3 class=\"wp-block-heading\">Brooklyn<\/h3>\n\n\n\n<ul class=\"wp-block-list\">\n<li>Centre de Brooklyn<\/li>\n\n\n\n<li>Sud-ouest de Brooklyn<\/li>\n\n\n\n<li>Parc d&#039;arrondissement<\/li>\n\n\n\n<li>Canarsie et plaines<\/li>\n\n\n\n<li>Le sud de Brooklyn<\/li>\n\n\n\n<li>Nord-ouest de Brooklyn<\/li>\n\n\n\n<li>Buisson plat<\/li>\n\n\n\n<li>Est de New York et nouveaux lots<\/li>\n\n\n\n<li>Point vert<\/li>\n\n\n\n<li>Parc du coucher du soleil<\/li>\n\n\n\n<li>Bushwick et Williamsburg<\/li>\n<\/ul>\n<\/div>\n\n\n\n<div class=\"wp-block-column is-layout-flow wp-block-column-is-layout-flow\">\n<h3 class=\"wp-block-heading\">Nord du New Jersey<\/h3>\n\n\n\n<ul class=\"wp-block-list\">\n<li>Comt\u00e9 de Bergen<\/li>\n\n\n\n<li>Comt\u00e9 d&#039;Essex<\/li>\n\n\n\n<li>Comt\u00e9 d&#039;Hudson<\/li>\n\n\n\n<li>Comt\u00e9 de Hunterdon<\/li>\n\n\n\n<li>Comt\u00e9 de Morris<\/li>\n\n\n\n<li>Comt\u00e9 de Passaic<\/li>\n\n\n\n<li>Comt\u00e9 de Somerset<\/li>\n\n\n\n<li>Comt\u00e9 de Sussex<\/li>\n\n\n\n<li>Comt\u00e9 d&#039;Union<\/li>\n\n\n\n<li>Comt\u00e9 de Warren<\/li>\n<\/ul>\n<\/div>\n<\/div>\n\n\n\n<div class=\"wp-block-columns is-layout-flex wp-container-core-columns-is-layout-9d6595d7 wp-block-columns-is-layout-flex\">\n<div class=\"wp-block-column is-layout-flow wp-block-column-is-layout-flow\">\n<h3 class=\"wp-block-heading\">Bronx<\/h3>\n\n\n\n<ul class=\"wp-block-list\">\n<li>Centre du Bronx<\/li>\n\n\n\n<li>Parc du Bronx et Fordham<\/li>\n\n\n\n<li>High Bridge et Morrisania<\/li>\n\n\n\n<li>Hunts Point et Mott Haven<\/li>\n\n\n\n<li>Kingsbridge et Riverdale<\/li>\n\n\n\n<li>Nord-Est du Bronx<\/li>\n\n\n\n<li>Sud-est du Bronx<\/li>\n<\/ul>\n<\/div>\n\n\n\n<div class=\"wp-block-column is-layout-flow wp-block-column-is-layout-flow\">\n<h3 class=\"wp-block-heading\">Villes cl\u00e9s, centre et sud du New Jersey<\/h3>\n\n\n\n<ul class=\"wp-block-list\">\n<li>Newark<\/li>\n\n\n\n<li>Jersey City<\/li>\n\n\n\n<li>Paterson<\/li>\n\n\n\n<li>syndicat<\/li>\n\n\n\n<li>Wayne<\/li>\n\n\n\n<li>Trenton<\/li>\n\n\n\n<li>Edison<\/li>\n\n\n\n<li>syndicat<\/li>\n\n\n\n<li>Wayne<\/li>\n\n\n\n<li>Ewing<\/li>\n<\/ul>\n<\/div>\n<\/div>\n\n\n\n<div class=\"wp-block-columns is-layout-flex wp-container-core-columns-is-layout-9d6595d7 wp-block-columns-is-layout-flex\">\n<div class=\"wp-block-column is-layout-flow wp-block-column-is-layout-flow\"><div class=\"gb-container gb-container-d8ce3c71\">\n\n<h3 class=\"wp-block-heading\">Villes cl\u00e9s, New York<\/h3>\n\n\n\n<ul class=\"wp-block-list\">\n<li>Nouvelle-Rochelle<\/li>\n\n\n\n<li>Mont Vernon<\/li>\n\n\n\n<li>plaines blanches<\/li>\n\n\n\n<li>Yonkers<\/li>\n\n\n\n<li>Nyack<\/li>\n\n\n\n<li>Poughkeepsie<\/li>\n\n\n\n<li>Newburgh<\/li>\n\n\n\n<li>Kingston<\/li>\n<\/ul>\n\n<\/div><\/div>\n\n\n\n<div class=\"wp-block-column is-layout-flow wp-block-column-is-layout-flow\"><div class=\"gb-container gb-container-38289820\">\n\n<h3 class=\"wp-block-heading\">Villes cl\u00e9s, Connecticut<\/h3>\n\n\n\n<ul class=\"wp-block-list\">\n<li>Woodbridge<\/li>\n\n\n\n<li>Bridgeport<\/li>\n\n\n\n<li>Stamford<\/li>\n\n\n\n<li>Norwalk<\/li>\n\n\n\n<li>Danbury<\/li>\n\n\n\n<li>Stratford<\/li>\n\n\n\n<li>Nouveau Havre<\/li>\n\n\n\n<li>Milford<\/li>\n\n\n\n<li>Torrington<\/li>\n\n\n\n<li>Middletown<\/li>\n<\/ul>\n\n<\/div><\/div>\n<\/div>\n\n\n<div class=\"gb-container gb-container-ba871f1f\">\n\n<div class=\"wp-block-columns is-layout-flex wp-container-core-columns-is-layout-9d6595d7 wp-block-columns-is-layout-flex\">\n<div class=\"wp-block-column is-layout-flow wp-block-column-is-layout-flow\">\n<h3 class=\"wp-block-heading\">Queens Nord-Est du Queens<\/h3>\n\n\n\n<ul class=\"wp-block-list\">\n<li>Reines du Nord<\/li>\n\n\n\n<li>Reines centrales<\/li>\n\n\n\n<li>Jama\u00efque<\/li>\n\n\n\n<li>Reines du nord-ouest<\/li>\n\n\n\n<li>Centre-Ouest du Queens<\/li>\n\n\n\n<li>Rockaways<\/li>\n\n\n\n<li>Reines du sud-est<\/li>\n\n\n\n<li>Sud-ouest du Queens<\/li>\n\n\n\n<li>Reines de l&#039;Ouest<\/li>\n<\/ul>\n<\/div>\n\n\n\n<div class=\"wp-block-column is-layout-flow wp-block-column-is-layout-flow\"><\/div>\n<\/div>\n\n<\/div>\n\n\n<h2 class=\"wp-block-heading\">\u00c0 propos de SIS International<\/h2>\n\n\n\n<p>En tant que l&#039;une des meilleures soci\u00e9t\u00e9s d&#039;\u00e9tudes de march\u00e9 de New York, <a href=\"https:\/\/www.sisinternational.com\/fr\/\">SIS International<\/a> propose des recherches quantitatives, qualitatives et strat\u00e9giques. Nous fournissons des donn\u00e9es, des outils, des strat\u00e9gies, des rapports et des informations pour la prise de d\u00e9cision. Nous menons \u00e9galement des entretiens, des enqu\u00eates, des groupes de discussion et d\u2019autres m\u00e9thodes et approches d\u2019\u00e9tudes de march\u00e9.<a href=\"https:\/\/www.sisinternational.com\/fr\/a-propos-de-la-recherche-internationale-sis\/contact-sis-international-market-research\/\"> Contactez nous<\/a> pour votre prochain projet d&#039;\u00e9tude de march\u00e9.<\/p>\n\n\n\n<p><\/p>","protected":false},"excerpt":{"rendered":"<p>SIS est une soci\u00e9t\u00e9 d&#039;\u00e9tudes de march\u00e9 leader \u00e0 New York qui propose des services complets de travail sur le terrain, de collecte de donn\u00e9es et de recherche qualitative, quantitative et strat\u00e9gique.<\/p>","protected":false},"author":1,"featured_media":62692,"parent":19303,"menu_order":0,"comment_status":"closed","ping_status":"closed","template":"","meta":{"footnotes":""},"class_list":["post-16214","page","type-page","status-publish","has-post-thumbnail"],"_links":{"self":[{"href":"https:\/\/www.sisinternational.com\/fr\/wp-json\/wp\/v2\/pages\/16214","targetHints":{"allow":["GET"]}}],"collection":[{"href":"https:\/\/www.sisinternational.com\/fr\/wp-json\/wp\/v2\/pages"}],"about":[{"href":"https:\/\/www.sisinternational.com\/fr\/wp-json\/wp\/v2\/types\/page"}],"author":[{"embeddable":true,"href":"https:\/\/www.sisinternational.com\/fr\/wp-json\/wp\/v2\/users\/1"}],"replies":[{"embeddable":true,"href":"https:\/\/www.sisinternational.com\/fr\/wp-json\/wp\/v2\/comments?post=16214"}],"version-history":[{"count":11,"href":"https:\/\/www.sisinternational.com\/fr\/wp-json\/wp\/v2\/pages\/16214\/revisions"}],"predecessor-version":[{"id":79331,"href":"https:\/\/www.sisinternational.com\/fr\/wp-json\/wp\/v2\/pages\/16214\/revisions\/79331"}],"up":[{"embeddable":true,"href":"https:\/\/www.sisinternational.com\/fr\/wp-json\/wp\/v2\/pages\/19303"}],"wp:featuredmedia":[{"embeddable":true,"href":"https:\/\/www.sisinternational.com\/fr\/wp-json\/wp\/v2\/media\/62692"}],"wp:attachment":[{"href":"https:\/\/www.sisinternational.com\/fr\/wp-json\/wp\/v2\/media?parent=16214"}],"curies":[{"name":"wp","href":"https:\/\/api.w.org\/{rel}","templated":true}]}}