{"id":16134,"date":"2015-06-09T17:40:44","date_gmt":"2015-06-09T17:40:44","guid":{"rendered":"https:\/\/www.sisinternational.com\/?page_id=16134"},"modified":"2025-09-08T12:45:29","modified_gmt":"2025-09-08T16:45:29","slug":"recherche-personnalisee-principale-2","status":"publish","type":"page","link":"https:\/\/www.sisinternational.com\/fr\/competence\/recherche-personnalisee-principale-2\/","title":{"rendered":"\u00c9tude de march\u00e9 primaire"},"content":{"rendered":"<h1 class=\"wp-block-heading\">\u00c9tude de march\u00e9 primaire<\/h1>\n\n\n\n<figure class=\"gb-block-image gb-block-image-dc28f8e2\"><img loading=\"lazy\" decoding=\"async\" width=\"1456\" height=\"816\" class=\"gb-image gb-image-dc28f8e2\" src=\"https:\/\/www.sisinternational.com\/wp-content\/uploads\/2025\/08\/Desk-research-11.jpg\" srcset=\"https:\/\/www.sisinternational.com\/wp-content\/uploads\/2025\/08\/Desk-research-11.jpg 1456w, https:\/\/www.sisinternational.com\/wp-content\/uploads\/2025\/08\/Desk-research-11-300x168.jpg 300w, https:\/\/www.sisinternational.com\/wp-content\/uploads\/2025\/08\/Desk-research-11-1024x574.jpg 1024w, https:\/\/www.sisinternational.com\/wp-content\/uploads\/2025\/08\/Desk-research-11-768x430.jpg 768w, https:\/\/www.sisinternational.com\/wp-content\/uploads\/2025\/08\/Desk-research-11-18x10.jpg 18w\" sizes=\"auto, (max-width: 1456px) 100vw, 1456px\" alt=\"\u00c9tudes de march\u00e9 et strat\u00e9gie internationales SIS\"><\/figure>\n\n\n\n<p><\/p>\n\n\n\n<hr class=\"wp-block-separator has-alpha-channel-opacity is-style-dots\"\/>\n\n\n\n<h3 class=\"wp-block-heading\">En tant que soci\u00e9t\u00e9 d&#039;\u00e9tudes de march\u00e9 et d&#039;intelligence de march\u00e9 mondiales personnalis\u00e9es \u00e0 service complet, SIS International utilise une grande vari\u00e9t\u00e9 de m\u00e9thodes d&#039;\u00e9tudes de march\u00e9 primaires.<\/h3>\n\n\n\n<p>SIS commence par communiquer avec le client et \u00e9labore une solution. Nous travaillons avec le client pour garantir que la solution est \u00e0 la fois pertinente et fiable. Nous menons efficacement la recherche sur la base de nos plus de 40 ans d&#039;exp\u00e9rience et impliquons notre client dans l&#039;avancement de l&#039;\u00e9tude. Nous fournissons des analyses et des rapports strat\u00e9giques avanc\u00e9s, avec l&#039;option de services post-projet pour maximiser la valeur de la recherche de nos clients.<\/p>\n\n\n\n<ul class=\"wp-block-list\">\n<li>Analyses et statistiques<\/li>\n\n\n\n<li>Enqu\u00eates t\u00e9l\u00e9phoniques ITAO<\/li>\n\n\n\n<li>Courrier direct<\/li>\n\n\n\n<li>Ethnographie \/ Visites \u00e0 domicile \/ Entretiens sur place<\/li>\n\n\n\n<li>Face-to-Face Interviews \/ Store Intercepts \/ Mall Intercepts \/ <a href=\"https:\/\/www.sisinternational.com\/fr\/solutions\/solutions-de-recherche-qualitative-et-quantitative\/tests-en-localisation-centrale-vs-groupes-de-discussion\/\" title=\"Tests de localisation centrale vs groupes de discussion\"  data-wpil-monitor-id=\"9163\">Essais en situation centrale<\/a><\/li>\n\n\n\n<li>Groupes de discussion<\/li>\n\n\n\n<li>R\u00e9seau mondial d&#039;experts SIS<\/li>\n\n\n\n<li>Entretiens approfondis<\/li>\n\n\n\n<li><a href=\"https:\/\/www.sisinternational.com\/fr\/etude-de-marche-sur-la-mobilite-intelligente\/\" title=\"\u00c9tude de march\u00e9 sur la mobilit\u00e9 intelligente\"  data-wpil-monitor-id=\"9164\">Recherche en marketing mobile<\/a><\/li>\n\n\n\n<li>SIS Netnographie\u2122 \/ Web Analytics<\/li>\n\n\n\n<li>Recherche en neuro-marketing<\/li>\n\n\n\n<li>Suivi des discussions en ligne<\/li>\n\n\n\n<li>Enqu\u00eates en ligne<\/li>\n\n\n\n<li><a href=\"https:\/\/www.sisinternational.com\/fr\/solutions\/solutions-de-recherche-qualitative-et-quantitative\/groupes-de-discussion-en-ligne-2\/\" title=\"Groupes de discussion en ligne\"  data-wpil-monitor-id=\"9162\">Groupes de discussion en ligne<\/a> \/ Online Bulletin Boards \/ Online Diaries<\/li>\n\n\n\n<li>Panneaux et bases de donn\u00e9es<\/li>\n\n\n\n<li>Ethnographie vid\u00e9o<\/li>\n\n\n\n<li>Communaut\u00e9s Insight en ligne (MROC)<\/li>\n<\/ul>\n\n\n\n<h2 class=\"wp-block-heading\"><span style=\"font-weight: 400;\">Qu\u2019est-ce que la recherche primaire ?<\/span><\/h2>\n\n\n\n<p><span style=\"font-weight: 400;\">La recherche primaire rassemble des donn\u00e9es fra\u00eeches et originales directement \u00e0 partir de sources, plut\u00f4t que de s&#039;appuyer sur des donn\u00e9es pr\u00e9alablement compil\u00e9es. Ces recherches sont taill\u00e9es sur mesure et sp\u00e9cifiques aux questions auxquelles les entreprises ou les chercheurs souhaitent r\u00e9pondre. Contrairement \u00e0 la recherche secondaire, qui r\u00e9utilise les donn\u00e9es existantes, la recherche primaire offre des informations directes et directement pertinentes au contexte ou au probl\u00e8me sp\u00e9cifique abord\u00e9.&nbsp;<\/span><\/p>\n\n\n\n<h2 class=\"wp-block-heading\"><span style=\"font-weight: 400;\">Pourquoi c&#039;est important?<\/span><\/h2>\n\n\n\n<p><span style=\"font-weight: 400;\">La recherche primaire garantit que les informations sont sp\u00e9cifiquement con\u00e7ues pour r\u00e9pondre \u00e0 des besoins et \u00e0 des questions uniques. Contrairement aux donn\u00e9es g\u00e9n\u00e9riques, ces informations r\u00e9pondent directement \u00e0 vos objectifs et requ\u00eates commerciaux.&nbsp;<\/span><\/p>\n\n\n\n<p><span style=\"font-weight: 400;\">It delivers fresh data that businesses can use against competitors because having data that others might not have access to can carve out unique niches and <a href=\"https:\/\/www.sisinternational.com\/fr\/solutions\/conseil-en-strategie\/recherche-dopportunites-de-marche\/\" title=\"Recherche d&#039;opportunit\u00e9s de march\u00e9\"  data-wpil-monitor-id=\"9167\">opportunities in the market<\/a>. Additionally, it enables businesses to delve deep into the customer psyche, understanding their needs, preferences, and pain points from the source. This kind of firsthand knowledge can greatly enhance customer-centric strategies.<\/span><\/p>\n\n\n\n<p><span style=\"font-weight: 400;\">Mais il pr\u00e9sente d\u2019autres avantages tels que\u00a0:&nbsp;<\/span><\/p>\n\n\n\n<p><b>\u2022 Unbiased <\/b><a href=\"https:\/\/www.sisinternational.com\/fr\/couverture\/leurope-%ef%83%97\/etude-de-marche-liverpool-royaume-uni\/\" title=\"\u00c9tude de march\u00e9 \u00e0 Liverpool | Groupes de discussion et collecte de donn\u00e9es au Royaume-Uni\"  data-wpil-monitor-id=\"9165\">Data Collection: Primary research<\/a> ensures businesses collect data firsthand, without any pre-existing biases or interpretations. This offers a clean slate for understanding the target subject.<\/span><\/p>\n\n\n\n<p><b>\u2022 La flexibilit\u00e9: <\/b><span style=\"font-weight: 400;\">Cette recherche permet aux entreprises de faire pivoter et de modifier leur approche au fur et \u00e0 mesure qu&#039;elles collectent des donn\u00e9es. Si certaines questions ne g\u00e9n\u00e8rent pas d\u2019informations utiles, elles peuvent \u00eatre modifi\u00e9es ou affin\u00e9es en temps r\u00e9el.<\/span><\/p>\n\n\n\n<p><b>\u2022 Renseignements exclusifs: <\/b><span style=\"font-weight: 400;\">Les r\u00e9sultats de la recherche primaire appartiennent exclusivement \u00e0 l&#039;organisation qui a command\u00e9 la recherche. Ces donn\u00e9es exclusives peuvent offrir un avantage concurrentiel, permettant la mise en \u0153uvre de strat\u00e9gies que les concurrents pourraient ne pas anticiper.<\/span><\/p>\n\n\n\n<p><b>\u2022 Cr\u00e9er de la fiabilit\u00e9\u00a0: <\/b><span style=\"font-weight: 400;\">Les donn\u00e9es originales peuvent renforcer la cr\u00e9dibilit\u00e9 d&#039;une entreprise, en particulier si elle tente de se positionner en tant que leader d&#039;opinion dans son secteur.<\/span><\/p>\n\n\n\n<p><b>\u2022 Rentabilit\u00e9\u00a0: <\/b><span style=\"font-weight: 400;\">Ce type de recherche peut avoir des co\u00fbts initiaux plus \u00e9lev\u00e9s que la recherche secondaire, mais le retour sur investissement \u00e0 long terme peut \u00eatre substantiel. Des informations personnalis\u00e9es peuvent conduire \u00e0 des strat\u00e9gies plus efficaces et \u00e9viter des faux pas co\u00fbteux bas\u00e9s sur des donn\u00e9es g\u00e9n\u00e9ralis\u00e9es ou obsol\u00e8tes.<\/span><\/p>\n\n\n\n<p><b>\u2022 R\u00e9duction de risque:<\/b><span style=\"font-weight: 400;\"> Before launching a new <a href=\"https:\/\/www.sisinternational.com\/fr\/competence\/cv-dexperience\/etude-de-marche-sur-les-produits-de-soins-personnels\/\" title=\"\u00c9tude de march\u00e9 sur les produits de soins personnels\"  data-wpil-monitor-id=\"9168\">product or entering a new market<\/a>, primary research can offer vital information to gauge potential success and mitigate risks.<\/span><\/p>\n\n\n\n<p><b>\u2022 Opportunit\u00e9s innovantes\u00a0:<\/b><span style=\"font-weight: 400;\"> En identifiant les lacunes du march\u00e9, les entreprises peuvent d\u00e9couvrir des id\u00e9es et des opportunit\u00e9s innovantes qui n&#039;auraient peut-\u00eatre pas \u00e9t\u00e9 \u00e9videntes autrement.<\/span><\/p>\n\n\n\n<p><b>\u2022 Diverses m\u00e9thodes de collecte de donn\u00e9es\u00a0: <\/b>Beyond traditional interviews and surveys, <a href=\"https:\/\/www.sisinternational.com\/fr\/les-medias-sociaux-dans-les-petites-entreprises\/\" title=\"Strat\u00e9gies de m\u00e9dias sociaux pour les petites entreprises\"  data-wpil-monitor-id=\"9166\">businesses can leverage social media<\/a>, wearable tech, and IoT devices as sources of primary data.<\/span><\/p>\n\n\n\n<h2 class=\"wp-block-heading\"><span style=\"font-weight: 400;\">Tendances \u00e9mergentes dans la recherche primaire<\/span><\/h2>\n\n\n\n<p><span style=\"font-weight: 400;\">\u00c0 mesure que le monde des affaires et la technologie \u00e9voluent, la recherche doit int\u00e9grer ces changements et comprendre les derni\u00e8res tendances qui fa\u00e7onnent la mani\u00e8re dont les informations sont collect\u00e9es et interpr\u00e9t\u00e9es.&nbsp;<\/span><\/p>\n\n\n\n<p><b>\u2022 Int\u00e9gration de technologies avanc\u00e9es\u00a0: <\/b><span style=\"font-weight: 400;\">L&#039;int\u00e9gration de l&#039;intelligence artificielle (IA) et de l&#039;apprentissage automatique (ML) dans la recherche am\u00e9liore la collecte, l&#039;analyse et l&#039;interpr\u00e9tation des donn\u00e9es. Ces outils peuvent pr\u00e9dire des mod\u00e8les, donnant un sens \u00e0 de vastes ensembles de donn\u00e9es plus efficacement que les m\u00e9thodes traditionnelles.<\/span><\/p>\n\n\n\n<p><b>\u2022 R\u00e9alit\u00e9 virtuelle (VR) et r\u00e9alit\u00e9 augment\u00e9e (AR) en recherche\u00a0: <\/b><span style=\"font-weight: 400;\">En particulier dans les tests de produits ou les \u00e9valuations de l&#039;agencement des magasins, les outils VR et AR transforment la sc\u00e8ne principale de la recherche, offrant une exp\u00e9rience plus immersive aux personnes interrog\u00e9es.<\/span><\/p>\n\n\n\n<p><b>\u2022 \u00c9tudes longitudinales: <\/b><span style=\"font-weight: 400;\">Alors que les enqu\u00eates ponctuelles fournissent des instantan\u00e9s, on observe une tendance croissante aux \u00e9tudes longitudinales dans la recherche primaire, qui offrent un aper\u00e7u des changements au fil du temps, en suivant le m\u00eame groupe de r\u00e9pondants.<\/span><\/p>\n\n\n\n<p><b>\u2022 Analyses en temps r\u00e9el\u00a0: <\/b><span style=\"font-weight: 400;\">Alors que les entreprises recherchent des informations imm\u00e9diates, le principal domaine de recherche \u00e9volue vers la fourniture d\u2019analyses en temps r\u00e9el, permettant une prise de d\u00e9cision instantan\u00e9e.<\/span><\/p>\n\n\n\n<h2 class=\"wp-block-heading\"><span style=\"font-weight: 400;\">Recherche primaire\u00a0: \u00e9tude de cas<\/span><\/h2>\n\n\n\n<p><b>LEGO \u2013 Reconstruire une marque historique<\/b><\/p>\n\n\n\n<p><span style=\"font-weight: 400;\">Au d\u00e9but des ann\u00e9es 2000, LEGO faisait face \u00e0 une baisse de ses ventes et \u00e9tait au bord de la faillite. Ainsi, au lieu de se fier uniquement aux tendances du march\u00e9, LEGO s&#039;est tourn\u00e9 vers ses fans. Ils ont lanc\u00e9 des recherches primaires en s&#039;engageant avec des communaut\u00e9s d&#039;utilisateurs d\u00e9di\u00e9es, allant m\u00eame jusqu&#039;\u00e0 organiser des conventions et des r\u00e9unions pour recueillir des informations directement aupr\u00e8s de leurs utilisateurs les plus passionn\u00e9s.<\/span><\/p>\n\n\n\n<p><span style=\"font-weight: 400;\">LEGO a d\u00e9couvert que ces fans avaient un lien \u00e9motionnel profond avec la marque et ont donn\u00e9 un aper\u00e7u de ce qu&#039;ils aimaient dans les ensembles LEGO. Ils ont \u00e9galement pris connaissance de la demande de d\u00e9cors plus complexes destin\u00e9s aux passionn\u00e9s plus \u00e2g\u00e9s.<\/span><\/p>\n\n\n\n<p><span style=\"font-weight: 400;\">En cons\u00e9quence, ces recherches primaires ont conduit \u00e0 l\u2019introduction de mod\u00e8les avanc\u00e9s, comme les s\u00e9ries LEGO Technic et LEGO Architecture. La soci\u00e9t\u00e9 a \u00e9galement collabor\u00e9 avec des fans designers sur de nouveaux produits.&nbsp;<\/span><\/p>\n\n\n\n<h2 class=\"wp-block-heading\"><span style=\"font-weight: 400;\">Les d\u00e9fis de la recherche primaire<\/span><\/h2>\n\n\n\n<figure class=\"gb-block-image gb-block-image-379e410f\"><img loading=\"lazy\" decoding=\"async\" width=\"1456\" height=\"816\" class=\"gb-image gb-image-379e410f\" src=\"https:\/\/www.sisinternational.com\/wp-content\/uploads\/2025\/09\/Quantitative-research-11.jpg\" alt=\"\u00c9tudes de march\u00e9 et strat\u00e9gie internationales SIS\" title=\"Quantitative research (11)\" srcset=\"https:\/\/www.sisinternational.com\/wp-content\/uploads\/2025\/09\/Quantitative-research-11.jpg 1456w, https:\/\/www.sisinternational.com\/wp-content\/uploads\/2025\/09\/Quantitative-research-11-300x168.jpg 300w, https:\/\/www.sisinternational.com\/wp-content\/uploads\/2025\/09\/Quantitative-research-11-1024x574.jpg 1024w, https:\/\/www.sisinternational.com\/wp-content\/uploads\/2025\/09\/Quantitative-research-11-768x430.jpg 768w, https:\/\/www.sisinternational.com\/wp-content\/uploads\/2025\/09\/Quantitative-research-11-18x10.jpg 18w\" sizes=\"auto, (max-width: 1456px) 100vw, 1456px\"><\/figure>\n\n\n\n<p><\/p>\n\n\n\n<p><span style=\"font-weight: 400;\">La recherche primaire comporte son lot de d\u00e9fis. Les entreprises qui souhaitent s\u2019engager dans cette voie doivent \u00eatre conscientes de ces pi\u00e8ges potentiels pour naviguer efficacement dans le paysage de la recherche\u00a0:<\/span><\/p>\n\n\n\n<p><b>\u2022 Implications financi\u00e8res\u00a0: <\/b><span style=\"font-weight: 400;\">Elle peut \u00eatre plus co\u00fbteuse que la recherche secondaire en raison des ressources n\u00e9cessaires pour concevoir, mettre en \u0153uvre et analyser la recherche originale. Les co\u00fbts peuvent aller de l\u2019embauche d\u2019experts \u00e0 l\u2019obtention des bons outils ou au paiement des participants.<\/span><\/p>\n\n\n\n<p><b>\u2022 Prend du temps: <\/b><span style=\"font-weight: 400;\">La collecte de donn\u00e9es de premi\u00e8re main est un processus qui prend beaucoup de temps. De la conceptualisation de l\u2019\u00e9tude \u00e0 la collecte puis \u00e0 l\u2019analyse des donn\u00e9es peut s\u2019\u00e9tendre sur de longues p\u00e9riodes.<\/span><\/p>\n\n\n\n<p><b>\u2022 Risque de biais\u00a0: <\/b><span style=\"font-weight: 400;\">Sans une planification minutieuse, la recherche primaire peut introduire des biais. Ces probl\u00e8mes peuvent provenir de la mani\u00e8re dont les questions sont formul\u00e9es, des donn\u00e9es d\u00e9mographiques des participants ou m\u00eame de l\u2019environnement dans lequel la recherche est men\u00e9e.<\/span><\/p>\n\n\n\n<p><b>\u2022 Surcharge de donn\u00e9es\u00a0: <\/b><span style=\"font-weight: 400;\">Il existe un risque de collecte de trop de donn\u00e9es, conduisant \u00e0 une paralysie de l&#039;analyse o\u00f9 il devient difficile de passer au crible et d&#039;en tirer des conclusions significatives.<\/span><\/p>\n\n\n\n<p><b>\u2022 Port\u00e9e limit\u00e9e: <\/b><span style=\"font-weight: 400;\">Contrairement \u00e0 la recherche secondaire qui peut offrir une vision plus large, la recherche peut parfois \u00eatre trop \u00e9troite, se concentrer sur une question sp\u00e9cifique et risquer de ne pas avoir une vue d\u2019ensemble.<\/span><\/p>\n\n\n\n<p><b>\u2022 Assurer l&#039;authenticit\u00e9 des participants\u00a0: <\/b><span style=\"font-weight: 400;\">En particulier dans les enqu\u00eates en ligne et les m\u00e9thodes num\u00e9riques, il peut \u00eatre difficile de garantir que les participants sont authentiques et ne sont pas influenc\u00e9s par des facteurs externes.<\/span><\/p>\n\n\n\n<p><b>\u2022 D\u00e9pendance \u00e0 des facteurs externes\u00a0: <\/b>External factors like political events, natural disasters, or <a href=\"https:\/\/www.sisinternational.com\/fr\/transporteurs-low-cost-dans-lindustrie-aeronautique\/\" title=\"\u00c9tude de march\u00e9 sur les compagnies a\u00e9riennes \u00e0 bas prix\"  data-wpil-monitor-id=\"9161\">global pandemics can greatly affect the research<\/a> process and its outcomes.<\/span><\/p>\n\n\n\n<p><\/p>","protected":false},"excerpt":{"rendered":"<p>SIS International propose une grande vari\u00e9t\u00e9 de m\u00e9thodes d&#039;\u00e9tudes de march\u00e9 primaires.<\/p>","protected":false},"author":1,"featured_media":62808,"parent":14514,"menu_order":20,"comment_status":"closed","ping_status":"open","template":"","meta":{"footnotes":""},"class_list":["post-16134","page","type-page","status-publish","has-post-thumbnail"],"_links":{"self":[{"href":"https:\/\/www.sisinternational.com\/fr\/wp-json\/wp\/v2\/pages\/16134","targetHints":{"allow":["GET"]}}],"collection":[{"href":"https:\/\/www.sisinternational.com\/fr\/wp-json\/wp\/v2\/pages"}],"about":[{"href":"https:\/\/www.sisinternational.com\/fr\/wp-json\/wp\/v2\/types\/page"}],"author":[{"embeddable":true,"href":"https:\/\/www.sisinternational.com\/fr\/wp-json\/wp\/v2\/users\/1"}],"replies":[{"embeddable":true,"href":"https:\/\/www.sisinternational.com\/fr\/wp-json\/wp\/v2\/comments?post=16134"}],"version-history":[{"count":6,"href":"https:\/\/www.sisinternational.com\/fr\/wp-json\/wp\/v2\/pages\/16134\/revisions"}],"predecessor-version":[{"id":81533,"href":"https:\/\/www.sisinternational.com\/fr\/wp-json\/wp\/v2\/pages\/16134\/revisions\/81533"}],"up":[{"embeddable":true,"href":"https:\/\/www.sisinternational.com\/fr\/wp-json\/wp\/v2\/pages\/14514"}],"wp:featuredmedia":[{"embeddable":true,"href":"https:\/\/www.sisinternational.com\/fr\/wp-json\/wp\/v2\/media\/62808"}],"wp:attachment":[{"href":"https:\/\/www.sisinternational.com\/fr\/wp-json\/wp\/v2\/media?parent=16134"}],"curies":[{"name":"wp","href":"https:\/\/api.w.org\/{rel}","templated":true}]}}