{"id":15818,"date":"2015-06-02T19:50:37","date_gmt":"2015-06-02T19:50:37","guid":{"rendered":"https:\/\/www.sisinternational.com\/?page_id=15818"},"modified":"2026-03-05T23:37:38","modified_gmt":"2026-03-06T04:37:38","slug":"etude-de-marche-sur-la-biometrie","status":"publish","type":"page","link":"https:\/\/www.sisinternational.com\/fr\/competence\/etude-de-marche-sur-la-biometrie\/","title":{"rendered":"\u00c9tude de march\u00e9 sur la biom\u00e9trie"},"content":{"rendered":"<h1 class=\"wp-block-heading\">\u00c9tude de march\u00e9 sur la biom\u00e9trie<\/h1>\n\n\n\n<figure class=\"gb-block-image gb-block-image-133f170e\"><img loading=\"lazy\" decoding=\"async\" width=\"1456\" height=\"816\" class=\"gb-image gb-image-133f170e\" src=\"https:\/\/www.sisinternational.com\/wp-content\/uploads\/2025\/08\/Cibersecurity-security-9.jpg\" alt=\"\u00c9tudes de march\u00e9 et strat\u00e9gie internationales SIS\" title=\"Cibersecurity security (9)\" srcset=\"https:\/\/www.sisinternational.com\/wp-content\/uploads\/2025\/08\/Cibersecurity-security-9.jpg 1456w, https:\/\/www.sisinternational.com\/wp-content\/uploads\/2025\/08\/Cibersecurity-security-9-300x168.jpg 300w, https:\/\/www.sisinternational.com\/wp-content\/uploads\/2025\/08\/Cibersecurity-security-9-1024x574.jpg 1024w, https:\/\/www.sisinternational.com\/wp-content\/uploads\/2025\/08\/Cibersecurity-security-9-768x430.jpg 768w, https:\/\/www.sisinternational.com\/wp-content\/uploads\/2025\/08\/Cibersecurity-security-9-18x10.jpg 18w\" sizes=\"auto, (max-width: 1456px) 100vw, 1456px\"><\/figure>\n\n\n\n<p><\/p>\n\n\n\n<hr class=\"wp-block-separator has-alpha-channel-opacity is-style-dots\"\/>\n\n\n\n<h2 class=\"wp-block-heading\">La biom\u00e9trie est un domaine de recherche \u00e9mergent dans les \u00e9tudes de march\u00e9 en neuromarketing. Cette forme de marketing s&#039;appuie sur diverses technologies et applications biom\u00e9triques pour aider \u00e0 comprendre les r\u00e9ponses cognitives et \u00e9motionnelles d&#039;un participant face \u00e0 certains stimuli. Les stimuli peuvent aller des publicit\u00e9s t\u00e9l\u00e9vis\u00e9es aux publicit\u00e9s en ligne.<\/h2>\n\n\n\n<p>Les \u00e9tudes de march\u00e9 sur la biom\u00e9trie se d\u00e9veloppent rapidement car elles offrent aux chercheurs la possibilit\u00e9 d\u2019observer les r\u00e9actions des consommateurs \u00e0 l\u2019\u00e9gard d\u2019un produit ou d\u2019un service donn\u00e9 sans r\u00e9ellement interf\u00e9rer. Les r\u00e9sultats obtenus gr\u00e2ce \u00e0 la recherche sont g\u00e9n\u00e9ralement tr\u00e8s pr\u00e9cis, car la plupart des syst\u00e8mes biom\u00e9triques visent \u00e0 \u00e9valuer la partie subconsciente de l&#039;esprit, produisant ainsi une r\u00e9ponse non dilu\u00e9e.<\/p>\n\n\n\n<h3 class=\"wp-block-heading\"><strong>IRMf<\/strong> signifie imagerie par r\u00e9sonance magn\u00e9tique fonctionnelle qui est utilis\u00e9e pour mesurer l&#039;activit\u00e9 c\u00e9r\u00e9brale provoqu\u00e9e par des modifications du flux sanguin.<\/h3>\n\n\n\n<p>Il s\u2019agit d\u2019une forme relativement nouvelle d\u2019\u00e9tude de march\u00e9 biom\u00e9trique qui suscite beaucoup d\u2019attention. Cette technique de scanner c\u00e9r\u00e9bral permet de comprendre comment les stimuli sont analys\u00e9s dans le cerveau et quelle technique de recherche fonctionne le mieux, ainsi que le raisonnement qui la sous-tend.<\/p>\n\n\n\n<p>Cependant, cette forme d\u2019\u00e9tude de march\u00e9 est relativement nouvelle et pose certains probl\u00e8mes de m\u00e9thodologie et d\u2019\u00e9chantillonnage. Contactez SIS International Research pour plus d\u2019informations.<\/p>\n\n\n\n<h3 class=\"wp-block-heading\"><strong>EEG<\/strong> est un acronyme pour \u00e9lectroenc\u00e9phalogramme.<\/h3>\n\n\n\n<p>Cet appareil est utilis\u00e9 pour mesurer les changements dans les activit\u00e9s des ondes c\u00e9r\u00e9brales. Il est facilement disponible et fournit des informations pr\u00e9cises et fiables sur le fonctionnement du cerveau humain. L&#039;EEG mesure l&#039;activit\u00e9 c\u00e9r\u00e9brale \u00e0 un niveau subconscient, profond\u00e9ment sous la surface, o\u00f9 des influences externes telles que l&#039;\u00e9ducation, le langage et d&#039;autres influences peuvent avoir un impact sur les r\u00e9ponses.<\/p>\n\n\n\n<p>L&#039;EEG est moins co\u00fbteux que l&#039;IRMf et n\u00e9cessite moins d&#039;installations, d&#039;\u00e9quipements et de techniciens sp\u00e9cialis\u00e9s pour fonctionner. Les donn\u00e9es doivent \u00eatre traduites par un neuroscientifique en informations compr\u00e9hensibles par les chercheurs.<\/p>\n\n\n\n<h3 class=\"wp-block-heading\"><strong>Analyse observationnelle<\/strong> implique d&#039;examiner les r\u00e9actions des participants face \u00e0 un certain stimuli.<\/h3>\n\n\n\n<p>Les expressions faciales, le ton de la voix, l&#039;interaction avec le produit et d&#039;autres facteurs peuvent \u00eatre analys\u00e9s par un observateur qualifi\u00e9. Gr\u00e2ce \u00e0 ces donn\u00e9es, les chercheurs sont en mesure de g\u00e9n\u00e9rer des informations sur de meilleurs produits, sur le comportement des consommateurs et sur les techniques de marketing.<\/p>\n\n\n\n<h3 class=\"wp-block-heading\"><strong>Surveillance de la fr\u00e9quence cardiaque<\/strong> est souvent r\u00e9alis\u00e9e par un appareil appel\u00e9 \u00e9lectrocardiographe (ECG).<\/h3>\n\n\n\n<p>This device is used to measure the condition and health of the human heart. In <a class=\"wpil_keyword_link\" href=\"https:\/\/www.sisinternational.com\/fr\/neuromarketing-pour-les-petites-entreprises\/\"   title=\"Neuromarketing pour les petites entreprises\" data-wpil-keyword-link=\"linked\"  data-wpil-monitor-id=\"807\">neuromarketing<\/a>, an ECG helps marketers to observe the heart\u2019s physiological responses toward emotional stimuli.<\/p>\n\n\n\n<p>Les r\u00e9ponses \u00e9motionnelles face \u00e0 la peur, au soulagement et au stress sont toutes mesur\u00e9es pour donner aux sp\u00e9cialistes du marketing une meilleure id\u00e9e de la fa\u00e7on dont un participant r\u00e9agit \u00e0 un ensemble donn\u00e9 de variables. Cela permet aux chercheurs d&#039;observer l&#039;effet d&#039;une publicit\u00e9 sur l&#039;inconscient, le comportement du consommateur et les r\u00e9gions \u00e9motionnelles.<\/p>\n\n\n\n<h3 class=\"wp-block-heading\"><strong>Codage facial<\/strong> est un processus par lequel les v\u00e9ritables expressions faciales d&#039;une personne sont lues et comprises.<\/h3>\n\n\n\n<p>Dans certaines circonstances, des variables externes peuvent avoir un impact sur la fa\u00e7on dont les gens r\u00e9agissent aux stimuli, affectant leurs comportements, leurs r\u00e9ponses \u00e9motionnelles, leurs attitudes et leurs options face \u00e0 un stimulus. Le codage facial aide \u00e0 d\u00e9coder l\u2019\u00e9motion sous-jacente qui s\u2019inscrit sur le visage humain, aussi br\u00e8ve soit-elle. L&#039;utilisation efficace du codage facial peut aider les chercheurs \u00e0 \u00e9valuer les v\u00e9ritables r\u00e9actions des consommateurs \u00e0 l&#039;\u00e9gard du produit ou du service d&#039;une entreprise.<\/p>\n\n\n<h2>Notre emplacement \u00e0 New York<\/h2>\n<p><!-- \/wp:post-content --> <!-- wp:html --> <iframe loading=\"lazy\" src=\"https:\/\/www.google.com\/maps\/embed?pb=!1m18!1m12!1m3!1d3022.976188376966!2d-73.99130312499956!3d40.740549471389315!2m3!1f0!2f0!3f0!3m2!1i1024!2i768!4f13.1!3m3!1m2!1s0x89c259a15798c731%3A0xd695d09bdd495f25!2s11%20E%2022nd%20St%20FL%202%2C%20New%20York%2C%20NY%2010010%2C%20USA!5e0!3m2!1sen!2spe!4v1726171763526!5m2!1sen!2spe\" width=\"600\" height=\"450\" allowfullscreen=\"allowfullscreen\" data-mce-fragment=\"1\"><\/iframe> <!-- \/wp:html --> <!-- wp:paragraph --><\/p>\n<h3 class=\"wp-block-heading\">11 E 22nd Street, \u00e9tage 2, New York, NY 10010 T\u00e9l. : +1(212) 505-6805<\/h3>\n<hr \/>\n<h2><span style=\"font-weight: 400;\">\u00c0 propos de SIS International<\/span><\/h2>\n<p><a href=\"https:\/\/www.sisinternational.com\/fr\/\"><span style=\"font-weight: 400;\">SIS International<\/span><\/a><span style=\"font-weight: 400;\"> propose des recherches quantitatives, qualitatives et strat\u00e9giques. Nous fournissons des donn\u00e9es, des outils, des strat\u00e9gies, des rapports et des informations pour la prise de d\u00e9cision. Nous menons \u00e9galement des entretiens, des enqu\u00eates, des groupes de discussion et d\u2019autres m\u00e9thodes et approches d\u2019\u00e9tudes de march\u00e9.<\/span><a href=\"https:\/\/www.sisinternational.com\/fr\/a-propos-de-la-recherche-internationale-sis\/contact-sis-international-market-research\/\"><span style=\"font-weight: 400;\"> Contactez nous<\/span><\/a><span style=\"font-weight: 400;\"> pour votre prochain projet d&#039;\u00e9tude de march\u00e9.<\/span><\/p>\n<\/p>","protected":false},"excerpt":{"rendered":"<p>Les \u00e9tudes de march\u00e9 sur la biom\u00e9trie sont un domaine \u00e9mergent de la recherche en neuromarketing. Il fournit des donn\u00e9es sur les r\u00e9ponses des consommateurs aux produits et services.<\/p>","protected":false},"author":1,"featured_media":0,"parent":14514,"menu_order":19,"comment_status":"closed","ping_status":"closed","template":"","meta":{"footnotes":""},"class_list":["post-15818","page","type-page","status-publish"],"_links":{"self":[{"href":"https:\/\/www.sisinternational.com\/fr\/wp-json\/wp\/v2\/pages\/15818","targetHints":{"allow":["GET"]}}],"collection":[{"href":"https:\/\/www.sisinternational.com\/fr\/wp-json\/wp\/v2\/pages"}],"about":[{"href":"https:\/\/www.sisinternational.com\/fr\/wp-json\/wp\/v2\/types\/page"}],"author":[{"embeddable":true,"href":"https:\/\/www.sisinternational.com\/fr\/wp-json\/wp\/v2\/users\/1"}],"replies":[{"embeddable":true,"href":"https:\/\/www.sisinternational.com\/fr\/wp-json\/wp\/v2\/comments?post=15818"}],"version-history":[{"count":5,"href":"https:\/\/www.sisinternational.com\/fr\/wp-json\/wp\/v2\/pages\/15818\/revisions"}],"predecessor-version":[{"id":75219,"href":"https:\/\/www.sisinternational.com\/fr\/wp-json\/wp\/v2\/pages\/15818\/revisions\/75219"}],"up":[{"embeddable":true,"href":"https:\/\/www.sisinternational.com\/fr\/wp-json\/wp\/v2\/pages\/14514"}],"wp:attachment":[{"href":"https:\/\/www.sisinternational.com\/fr\/wp-json\/wp\/v2\/media?parent=15818"}],"curies":[{"name":"wp","href":"https:\/\/api.w.org\/{rel}","templated":true}]}}