{"id":15432,"date":"2015-04-21T12:48:26","date_gmt":"2015-04-21T12:48:26","guid":{"rendered":"https:\/\/www.sisinternational.com\/?page_id=15432"},"modified":"2025-10-20T01:08:52","modified_gmt":"2025-10-20T05:08:52","slug":"etude-de-marche-sur-limagerie-diagnostique","status":"publish","type":"page","link":"https:\/\/www.sisinternational.com\/fr\/competence\/etude-de-marche-sur-limagerie-diagnostique\/","title":{"rendered":"\u00c9tude de march\u00e9 sur l\u2019imagerie diagnostique"},"content":{"rendered":"<h1 class=\"wp-block-heading\">\u00c9tude de march\u00e9 sur l\u2019imagerie diagnostique<\/h1>\n\n\n\n<figure class=\"gb-block-image gb-block-image-967c7b70\"><img loading=\"lazy\" decoding=\"async\" width=\"1456\" height=\"816\" class=\"gb-image gb-image-967c7b70\" src=\"https:\/\/www.sisinternational.com\/wp-content\/uploads\/2025\/08\/Diagnostic-Imaging-3.jpg\" srcset=\"https:\/\/www.sisinternational.com\/wp-content\/uploads\/2025\/08\/Diagnostic-Imaging-3.jpg 1456w, https:\/\/www.sisinternational.com\/wp-content\/uploads\/2025\/08\/Diagnostic-Imaging-3-300x168.jpg 300w, https:\/\/www.sisinternational.com\/wp-content\/uploads\/2025\/08\/Diagnostic-Imaging-3-1024x574.jpg 1024w, https:\/\/www.sisinternational.com\/wp-content\/uploads\/2025\/08\/Diagnostic-Imaging-3-768x430.jpg 768w, https:\/\/www.sisinternational.com\/wp-content\/uploads\/2025\/08\/Diagnostic-Imaging-3-18x10.jpg 18w\" sizes=\"auto, (max-width: 1456px) 100vw, 1456px\" alt=\"\u00c9tudes de march\u00e9 et strat\u00e9gie internationales SIS\"><\/figure>\n\n\n\n<p><\/p>\n\n\n\n<h2 class=\"wp-block-heading p1\">Le secteur de l\u2019imagerie m\u00e9dicale et diagnostique est sur le point de conna\u00eetre une croissance continue dans les ann\u00e9es \u00e0 venir, car une population vieillissante aura de plus en plus besoin de ces services importants. Un meilleur acc\u00e8s \u00e0 l\u2019assurance maladie pour de nombreux Am\u00e9ricains am\u00e9liorera \u00e9galement l\u2019acc\u00e8s \u00e0 ces services.<\/h2>\n\n\n\n<p class=\"p1\"><span class=\"s1\">Diagnostic imaging is a big business worldwide, generating billions in revenue.&nbsp; Diagnostic Market Research provides insight into market opportunities and positioning. <\/span><\/p>\n\n\n\n<p class=\"p1\"><span class=\"s1\">IRM, \u00e9chographies,<span class=\"Apple-converted-space\">&nbsp;E<\/span>lastography, and Thermology are becoming increasingly familiar to patients as these sought-after services provide tangible and beneficial medical results.&nbsp; <a href=\"https:\/\/www.sisinternational.com\/fr\/contacter-sis-etude-de-marche-internationale\/\" title=\"Contactez-nous\"  data-wpil-monitor-id=\"8516\">Recherche internationale SIS<\/a> assists companies and new entrants in understanding the markets they are already in, and those they wish to penetrate. <\/span><\/p>\n\n\n\n<p class=\"p1\"><span class=\"s1\">We provide cutting-edge data, market insights, <a href=\"https:\/\/www.sisinternational.com\/fr\/couverture\/etude-de-marche-en-asie\/analyse-concurrentielle-chine\/\" title=\"Analyse concurrentielle en Chine\"  data-wpil-monitor-id=\"8522\">competitive intelligence services, and expert analysis<\/a> that provide actionable insight for decision making.<\/span><\/p>\n\n\n\n<h3 class=\"wp-block-heading p1\">SIS International Research donne un aper\u00e7u des attitudes, des pr\u00e9f\u00e9rences et des habitudes des consommateurs cibles. Des entretiens approfondis avec des professionnels de la sant\u00e9 ouvrent des fen\u00eatres suppl\u00e9mentaires sur le fonctionnement interne du domaine rentable et en \u00e9volution rapide de l\u2019imagerie diagnostique.<\/h3>\n\n\n\n<h2 class=\"wp-block-heading\">\u00c0 propos de l\u2019\u00e9tude de march\u00e9 sur l\u2019imagerie diagnostique<\/h2>\n\n\n\n<p>Nous <a href=\"https:\/\/www.sisinternational.com\/fr\/how-to-conduct-in-depth-interviews-for-market-insights\/\" title=\"Comment mener des entretiens approfondis pour obtenir des informations sur le march\u00e9\"  data-wpil-monitor-id=\"8524\">conduct Surveys and Interviews<\/a> with a variety of Decision Makers to provide data, insights and strategies.&nbsp; We speak with industry professionals including:<\/p>\n\n\n\n<ul class=\"wp-block-list\">\n<li>Directeurs de laboratoire clinique<\/li>\n\n\n\n<li>Cytotechnologues<\/li>\n\n\n\n<li>Radiologues diagnostiques<\/li>\n\n\n\n<li>Technologues en mammographie<\/li>\n\n\n\n<li>Directeurs d\u2019imagerie musculo-squelettique<\/li>\n\n\n\n<li>Technologues en \u00e9chographie<\/li>\n\n\n\n<li>Techniciens en radiographie<\/li>\n\n\n\n<li>Associ\u00e9s de soins aux patients<\/li>\n\n\n\n<li>R\u00e9ceptionnistes m\u00e9dicaux<\/li>\n\n\n\n<li>Technologues PVL<\/li>\n\n\n\n<li>Responsables de la cybers\u00e9curit\u00e9<\/li>\n\n\n\n<li>Biochimistes<\/li>\n\n\n\n<li>Technologues TEP\/CT<\/li>\n<\/ul>\n\n\n\n<p>SIS can give you a better <a href=\"https:\/\/www.sisinternational.com\/fr\/couverture\/etude-de-marche-en-afrique\/etude-de-marche-en-mauritanie-afrique\/\" title=\"\u00c9tude de march\u00e9 en Mauritanie, Afrique \u2013 un aper\u00e7u\"  data-wpil-monitor-id=\"8518\">overview of target markets<\/a>, your competition, and the evolving trends that shape and transform this growing industry. Take advantage of what our 40+ years of <a href=\"https:\/\/www.sisinternational.com\/fr\/competence\/cv-dexperience\/cv-dexperience-en-etudes-ethnographiques\/\" title=\"Exp\u00e9rience d\u2019\u00e9tude de march\u00e9 ethnographique\"  data-wpil-monitor-id=\"8520\">experience in marketing research<\/a> can do for you today.<\/p>\n\n\n\n<p><\/p>","protected":false},"excerpt":{"rendered":"<p>SIS propose des recherches strat\u00e9giques et des informations sur les clients aux entreprises qui cherchent \u00e0 devenir leader dans le secteur de l&#039;imagerie diagnostique.  <\/p>","protected":false},"author":1,"featured_media":64774,"parent":14514,"menu_order":18,"comment_status":"open","ping_status":"open","template":"","meta":{"footnotes":""},"class_list":["post-15432","page","type-page","status-publish","has-post-thumbnail"],"_links":{"self":[{"href":"https:\/\/www.sisinternational.com\/fr\/wp-json\/wp\/v2\/pages\/15432","targetHints":{"allow":["GET"]}}],"collection":[{"href":"https:\/\/www.sisinternational.com\/fr\/wp-json\/wp\/v2\/pages"}],"about":[{"href":"https:\/\/www.sisinternational.com\/fr\/wp-json\/wp\/v2\/types\/page"}],"author":[{"embeddable":true,"href":"https:\/\/www.sisinternational.com\/fr\/wp-json\/wp\/v2\/users\/1"}],"replies":[{"embeddable":true,"href":"https:\/\/www.sisinternational.com\/fr\/wp-json\/wp\/v2\/comments?post=15432"}],"version-history":[{"count":4,"href":"https:\/\/www.sisinternational.com\/fr\/wp-json\/wp\/v2\/pages\/15432\/revisions"}],"predecessor-version":[{"id":81430,"href":"https:\/\/www.sisinternational.com\/fr\/wp-json\/wp\/v2\/pages\/15432\/revisions\/81430"}],"up":[{"embeddable":true,"href":"https:\/\/www.sisinternational.com\/fr\/wp-json\/wp\/v2\/pages\/14514"}],"wp:featuredmedia":[{"embeddable":true,"href":"https:\/\/www.sisinternational.com\/fr\/wp-json\/wp\/v2\/media\/64774"}],"wp:attachment":[{"href":"https:\/\/www.sisinternational.com\/fr\/wp-json\/wp\/v2\/media?parent=15432"}],"curies":[{"name":"wp","href":"https:\/\/api.w.org\/{rel}","templated":true}]}}