{"id":15236,"date":"2015-04-10T04:31:18","date_gmt":"2015-04-10T04:31:18","guid":{"rendered":"https:\/\/www.sisinternational.com\/?page_id=15236"},"modified":"2026-03-12T12:48:05","modified_gmt":"2026-03-12T16:48:05","slug":"etude-de-marche-sur-les-soins-oculaires","status":"publish","type":"page","link":"https:\/\/www.sisinternational.com\/fr\/solutions\/etudes-de-marche-sur-les-biotechnologies-et-les-produits-pharmaceutiques-en-matiere-de-soins-de-sante-medicaux\/etude-de-marche-sur-les-soins-oculaires\/","title":{"rendered":"\u00c9tude de march\u00e9 sur les soins oculaires"},"content":{"rendered":"<h1 class=\"wp-block-heading\">\u00c9tude de march\u00e9 sur les soins oculaires<\/h1>\n\n\n\n<figure class=\"gb-block-image gb-block-image-5f35e46b\"><img loading=\"lazy\" decoding=\"async\" width=\"1456\" height=\"816\" class=\"gb-image gb-image-5f35e46b\" src=\"https:\/\/www.sisinternational.com\/wp-content\/uploads\/2025\/08\/Eyecare-6.jpg\" alt=\"\u00c9tudes de march\u00e9 et strat\u00e9gie internationales SIS\" title=\"Eyecare (6)\" srcset=\"https:\/\/www.sisinternational.com\/wp-content\/uploads\/2025\/08\/Eyecare-6.jpg 1456w, https:\/\/www.sisinternational.com\/wp-content\/uploads\/2025\/08\/Eyecare-6-300x168.jpg 300w, https:\/\/www.sisinternational.com\/wp-content\/uploads\/2025\/08\/Eyecare-6-1024x574.jpg 1024w, https:\/\/www.sisinternational.com\/wp-content\/uploads\/2025\/08\/Eyecare-6-768x430.jpg 768w, https:\/\/www.sisinternational.com\/wp-content\/uploads\/2025\/08\/Eyecare-6-18x10.jpg 18w\" sizes=\"auto, (max-width: 1456px) 100vw, 1456px\"><\/figure>\n\n\n<div class=\"wp-block-image\">\n<figure class=\"alignleft\"><img decoding=\"async\" src=\"https:\/\/www.sisinternational.com\/wp-content\/uploads\/2015\/04\/sis-market-research-vision-eyewear.jpg\" alt=\"sis-market-research-vision-lunettes-optique-soin des yeux\" class=\"wp-image-15237\"\/><\/figure>\n<\/div>\n\n\n<p><\/p>\n\n\n\n<h2 class=\"wp-block-heading p1\">SIS International Research has an eye on the optical&nbsp;world, and our vision is 20\/20 when it comes to providing optical companies, eye care professionals, and leisure eyewear businesses with market research insight, data, intelligence, and analysis.<\/h2>\n\n\n\n<p><span style=\"font-weight: 400;\">Dans un monde o\u00f9 la sant\u00e9 oculaire devient de plus en plus importante en raison de facteurs tels que le temps pass\u00e9 devant un \u00e9cran et le vieillissement de la population, il est essentiel de comprendre la dynamique du march\u00e9 des soins oculaires. Comment les entreprises peuvent-elles naviguer dans ce paysage complexe pour proposer des solutions optimales en mati\u00e8re de soins oculaires\u00a0? Les \u00e9tudes de march\u00e9 sur les soins oculaires sont g\u00e9n\u00e9ralement le meilleur outil permettant aux entreprises de prosp\u00e9rer sur ce march\u00e9.<\/span><\/p>\n\n\n\n<h2 class=\"wp-block-heading\"><span style=\"font-weight: 400;\">Qu\u2019est-ce que l\u2019\u00e9tude de march\u00e9 sur les soins oculaires ?<\/span><\/h2>\n\n\n\n<p><span style=\"font-weight: 400;\">Eye <a href=\"https:\/\/www.sisinternational.com\/fr\/competence\/les-industries\/etude-de-marche-sur-le-soin-des-plaies\/\" title=\"\u00c9tude de march\u00e9 sur le soin des plaies\"  data-wpil-monitor-id=\"3167\">care market research<\/a> involves gathering and analyzing data related to consumer preferences, market trends, technological advancements, regulatory landscapes, and competitive dynamics within the eye care sector. The goal of <a href=\"https:\/\/www.sisinternational.com\/fr\/un-oeil-sur-le-monde-arabe-par-ahmed-nassef-president-de-maktoob-research\/\" title=\"Un regard sur le monde arabe par Ahmed Nassef, pr\u00e9sident de Maktoob Research\"  data-wpil-monitor-id=\"4417\">\u00e9tude de march\u00e9 sur les soins oculaires<\/a> is to provide stakeholders, including eye care providers, manufacturers, policymakers, and investors, with actionable insights that inform strategic decision-making and drive innovation in developing and delivering eye care products and services.<\/span><\/p>\n\n\n\n<h2 class=\"wp-block-heading\"><span style=\"font-weight: 400;\">Pourquoi les entreprises ont-elles besoin d\u2019une \u00e9tude de march\u00e9 sur les soins oculaires ?<\/span><\/h2>\n\n\n\n<p><span style=\"font-weight: 400;\">Eye <a href=\"https:\/\/www.sisinternational.com\/fr\/competence\/les-industries\/etude-de-marche-sur-les-soins-pour-animaux-de-compagnie\/\" title=\"\u00c9tude de march\u00e9 sur les soins pour animaux de compagnie\"  data-wpil-monitor-id=\"6312\">care market research<\/a> helps businesses understand consumers&#8217; evolving needs and preferences regarding eye health products and services. With an in-depth understanding of factors such as demographic trends, lifestyle changes, and emerging health concerns, businesses can tailor their offerings to better meet the needs of their target audience, driving customer satisfaction and loyalty.<\/span><\/p>\n\n\n\n<p><span style=\"font-weight: 400;\">Les \u00e9tudes de march\u00e9 permettent \u00e9galement aux entreprises de se tenir au courant de ces tendances en suivant les \u00e9volutions du march\u00e9, les activit\u00e9s des concurrents et les avanc\u00e9es technologiques. En identifiant d\u00e8s le d\u00e9but les tendances \u00e9mergentes, les entreprises peuvent capitaliser sur les opportunit\u00e9s et garder une longueur d\u2019avance sur la concurrence.<\/span><\/p>\n\n\n\n<p><span style=\"font-weight: 400;\">Moreover, eye care market research provides businesses with insights into competitor positioning, product offerings, pricing strategies, and marketing tactics. However, it delivers&nbsp; a range of additional benefits that contribute to their success in the industry, including:<\/span><\/p>\n\n\n\n<ul class=\"wp-block-list\">\n<li><b>Aper\u00e7u des pr\u00e9f\u00e9rences des consommateurs<\/b><span style=\"font-weight: 400;\">: En menant des \u00e9tudes de march\u00e9, les entreprises obtiennent des informations pr\u00e9cieuses sur les pr\u00e9f\u00e9rences, les comportements et les attitudes des consommateurs concernant les produits et services de soins oculaires.\u00a0<\/span><\/li>\n\n\n\n<li><b>Identification des opportunit\u00e9s de march\u00e9<\/b><span style=\"font-weight: 400;\">: Les \u00e9tudes de march\u00e9 aident les entreprises \u00e0 identifier les opportunit\u00e9s de march\u00e9 inexploit\u00e9es au sein du secteur des soins oculaires. Cette approche proactive permet aux entreprises de capitaliser sur les opportunit\u00e9s du march\u00e9 avant leurs concurrents, obtenant ainsi un avantage concurrentiel.<\/span><\/li>\n\n\n\n<li><b>Att\u00e9nuation des risques<\/b><span style=\"font-weight: 400;\">: Cette \u00e9tude de march\u00e9 permet aux entreprises d&#039;\u00e9valuer les risques et les d\u00e9fis potentiels associ\u00e9s aux lancements de nouveaux produits, \u00e0 l&#039;expansion du march\u00e9 ou aux initiatives strat\u00e9giques.\u00a0<\/span><\/li>\n\n\n\n<li><b>Prise de d\u00e9cision strat\u00e9gique<\/b><span style=\"font-weight: 400;\">: Les \u00e9tudes de march\u00e9 sur les soins oculaires fournissent aux entreprises les donn\u00e9es et les informations n\u00e9cessaires pour prendre des d\u00e9cisions strat\u00e9giques qui stimulent la croissance et la rentabilit\u00e9 de l&#039;entreprise. En basant leurs d\u00e9cisions sur des preuves empiriques et des informations sur le march\u00e9, les entreprises peuvent minimiser l&#039;incertitude, optimiser l&#039;allocation des ressources et maximiser le retour sur investissement.<\/span><\/li>\n<\/ul>\n\n\n\n<h2 class=\"wp-block-heading\"><span style=\"font-weight: 400;\">Qui utilise les \u00e9tudes de march\u00e9 sur les soins oculaires<\/span><\/h2>\n\n\n\n<p><b>Fournisseurs de soins oculaires<\/b><span style=\"font-weight: 400;\"> comptez sur les \u00e9tudes de march\u00e9 pour rester inform\u00e9 des tendances du secteur, des technologies \u00e9mergentes et des pr\u00e9f\u00e9rences des patients. Gr\u00e2ce aux enseignements de cette \u00e9tude de march\u00e9, les prestataires de soins oculaires peuvent adapter leurs services, traitements et strat\u00e9gies de gestion de cabinet pour mieux r\u00e9pondre aux besoins des patients et rester comp\u00e9titifs dans le secteur.<\/span><\/p>\n\n\n\n<p><a href=\"https:\/\/www.sisinternational.com\/fr\/competence\/les-industries\/etude-de-marche-sur-les-dispositifs-medicaux\/\" title=\"\u00c9tude de march\u00e9 sur les dispositifs m\u00e9dicaux\"  data-wpil-monitor-id=\"3166\">Medical Device Manufacturers use market research<\/a> to guide product development, innovation, and commercialization efforts. By conducting market assessments, competitor analyses, and consumer studies, they can identify unmet needs, assess market demand, and prioritize product features that address market gaps.&nbsp;<\/span><\/p>\n\n\n\n<p><a href=\"https:\/\/www.sisinternational.com\/fr\/competence\/les-industries\/etude-de-marche-pharmaceutique\/\" title=\"\u00c9tude de march\u00e9 pharmaceutique\"  data-wpil-monitor-id=\"6300\">Pharmaceutical Companies use market research<\/a> to inform their drug development pipeline, regulatory strategy, and commercialization efforts. This enables them to develop targeted therapies that address specific patient populations and gain regulatory approval.<\/span><\/p>\n\n\n\n<p><b>Investisseurs et analystes financiers<\/b><span style=\"font-weight: 400;\"> tirer parti des \u00e9tudes de march\u00e9 pour \u00e9valuer les opportunit\u00e9s d\u2019investissement et \u00e9valuer la performance financi\u00e8re des entreprises op\u00e9rant dans le secteur des soins oculaires. Il leur permet d&#039;allouer des capitaux \u00e0 des entreprises pr\u00e9sentant un fort potentiel de croissance et des opportunit\u00e9s de cr\u00e9ation de valeur sur le march\u00e9 dynamique des soins oculaires.<\/span><\/p>\n\n\n\n<h2 class=\"wp-block-heading\"><span style=\"font-weight: 400;\">Quand r\u00e9aliser une \u00e9tude de march\u00e9 sur les soins oculaires<\/span><\/h2>\n\n\n\n<figure class=\"gb-block-image gb-block-image-c407778d\"><img loading=\"lazy\" decoding=\"async\" width=\"1456\" height=\"816\" class=\"gb-image gb-image-c407778d\" src=\"https:\/\/www.sisinternational.com\/wp-content\/uploads\/2025\/08\/Eyecare-4.jpg\" alt=\"\u00c9tudes de march\u00e9 et strat\u00e9gie internationales SIS\" title=\"Eyecare (4)\" srcset=\"https:\/\/www.sisinternational.com\/wp-content\/uploads\/2025\/08\/Eyecare-4.jpg 1456w, https:\/\/www.sisinternational.com\/wp-content\/uploads\/2025\/08\/Eyecare-4-300x168.jpg 300w, https:\/\/www.sisinternational.com\/wp-content\/uploads\/2025\/08\/Eyecare-4-1024x574.jpg 1024w, https:\/\/www.sisinternational.com\/wp-content\/uploads\/2025\/08\/Eyecare-4-768x430.jpg 768w, https:\/\/www.sisinternational.com\/wp-content\/uploads\/2025\/08\/Eyecare-4-18x10.jpg 18w\" sizes=\"auto, (max-width: 1456px) 100vw, 1456px\"><\/figure>\n\n\n\n<p><\/p>\n\n\n\n<p><span style=\"font-weight: 400;\">Les \u00e9tudes de march\u00e9 sur les soins oculaires doivent \u00eatre men\u00e9es \u00e0 des moments strat\u00e9giques tout au long du cycle de vie du produit et en r\u00e9ponse \u00e0 des objectifs commerciaux sp\u00e9cifiques. Voici des exemples cl\u00e9s dans lesquels la r\u00e9alisation d\u2019\u00e9tudes de march\u00e9 dans le secteur des soins oculaires est particuli\u00e8rement b\u00e9n\u00e9fique\u00a0:<\/span><\/p>\n\n\n\n<ul class=\"wp-block-list\">\n<li><b>D\u00e9veloppement de nouveaux produits<\/b><span style=\"font-weight: 400;\">: Avant de se lancer dans le d\u00e9veloppement d&#039;un nouveau produit ou service de soins oculaires, il est essentiel de mener une \u00e9tude de march\u00e9 pour \u00e9valuer la demande du march\u00e9, identifier les besoins non satisfaits et comprendre les pr\u00e9f\u00e9rences des consommateurs.\u00a0<\/span><\/li>\n\n\n\n<li><b>Entr\u00e9e ou expansion du march\u00e9<\/b><span style=\"font-weight: 400;\">: Lorsque vous entrez sur un nouveau march\u00e9 g\u00e9ographique ou que vous vous d\u00e9veloppez dans un nouveau segment de l&#039;industrie des soins oculaires, les \u00e9tudes de march\u00e9 sont essentielles pour comprendre la dynamique du march\u00e9 local, les exigences r\u00e9glementaires et les paysages concurrentiels.\u00a0<\/span><\/li>\n\n\n\n<li><b>Analyse comp\u00e9titive<\/b><span style=\"font-weight: 400;\">: Il est essentiel de surveiller r\u00e9guli\u00e8rement les activit\u00e9s des concurrents et les tendances du march\u00e9 pour rester comp\u00e9titif dans le secteur des soins oculaires. La r\u00e9alisation d&#039;une analyse continue de la concurrence permet aux entreprises d&#039;identifier les concurrents \u00e9mergents, de suivre les strat\u00e9gies des concurrents et de comparer leurs performances \u00e0 celles de leurs pairs du secteur.\u00a0<\/span><\/li>\n\n\n\n<li><b>La connaissance des consommateurs<\/b><span style=\"font-weight: 400;\">: Recueillir des informations sur les pr\u00e9f\u00e9rences, les comportements et les perceptions des consommateurs est essentiel pour d\u00e9velopper des produits et services de soins oculaires qui trouvent un \u00e9cho aupr\u00e8s des publics cibles. La r\u00e9alisation d&#039;\u00e9tudes de consommation, d&#039;enqu\u00eates et de groupes de discussion permet aux entreprises de recueillir des commentaires sur les concepts de produits, la conception des emballages, les strat\u00e9gies de prix et les messages marketing.\u00a0<\/span><\/li>\n<\/ul>\n\n\n\n<h2 class=\"wp-block-heading\"><span style=\"font-weight: 400;\">Acteurs majeurs du march\u00e9 des soins oculaires<\/span><\/h2>\n\n\n\n<p><span style=\"font-weight: 400;\">Le march\u00e9 des soins oculaires comprend plusieurs acteurs cl\u00e9s dans divers segments, notamment les produits pharmaceutiques, les dispositifs m\u00e9dicaux, les lunettes et les services de sant\u00e9. Certains principaux acteurs du secteur des soins oculaires comprennent\u00a0:<\/span><\/p>\n\n\n\n<ul class=\"wp-block-list\">\n<li><b>Novartis SA<\/b><span style=\"font-weight: 400;\">: Novartis est une soci\u00e9t\u00e9 pharmaceutique multinationale tr\u00e8s pr\u00e9sente sur le march\u00e9 des soins oculaires. La division Alcon de la soci\u00e9t\u00e9 se concentre sur le d\u00e9veloppement et la fabrication d&#039;une large gamme de produits pharmaceutiques ophtalmiques, d&#039;\u00e9quipements chirurgicaux et de produits de soins de la vue.\u00a0<\/span><\/li>\n\n\n\n<li><b>Johnson &amp; JohnsonVision<\/b><span style=\"font-weight: 400;\">: Johnson &amp; Johnson Vision est l&#039;un des principaux fournisseurs de lentilles de contact, de lentilles intraoculaires et de produits chirurgicaux ophtalmiques. Le portefeuille de la soci\u00e9t\u00e9 comprend des marques de lentilles de contact populaires telles qu&#039;Acuvue et du mat\u00e9riel chirurgical pour des proc\u00e9dures telles que la chirurgie de la cataracte et la chirurgie r\u00e9fractive.\u00a0<\/span><\/li>\n\n\n\n<li><b>EssilorLuxottica<\/b><span style=\"font-weight: 400;\">: EssilorLuxottica est un acteur majeur du march\u00e9 de la lunetterie, sp\u00e9cialis\u00e9 dans la conception, la fabrication et la distribution de verres ophtalmiques, de montures et de lunettes de soleil. Les marques de la soci\u00e9t\u00e9 comprennent, entre autres, Essilor, Varilux, Transitions, Ray-Ban et Oakley.\u00a0<\/span><\/li>\n<\/ul>\n\n\n\n<h2 class=\"wp-block-heading\"><span style=\"font-weight: 400;\">Opportunit\u00e9s sur le march\u00e9 des soins oculaires&nbsp;<\/span><\/h2>\n\n\n\n<p><span style=\"font-weight: 400;\">Les entreprises op\u00e9rant dans le secteur des soins oculaires peuvent tirer parti des \u00e9tudes de march\u00e9 pour capitaliser sur plusieurs opportunit\u00e9s de croissance et d\u2019innovation\u00a0:<\/span><\/p>\n\n\n\n<ul class=\"wp-block-list\">\n<li><b>March\u00e9s \u00e9mergents<\/b><span style=\"font-weight: 400;\">: Les \u00e9tudes de march\u00e9 aident les entreprises \u00e0 identifier les opportunit\u00e9s d&#039;expansion sur les march\u00e9s \u00e9mergents avec une demande croissante de produits et services de soins oculaires. En analysant les tendances d\u00e9mographiques, les infrastructures de soins de sant\u00e9 et les environnements r\u00e9glementaires, les entreprises peuvent d\u00e9velopper des strat\u00e9gies sur mesure pour p\u00e9n\u00e9trer de nouveaux march\u00e9s, \u00e9tablir une pr\u00e9sence et conqu\u00e9rir des parts de march\u00e9.<\/span><\/li>\n\n\n\n<li><b>Les avanc\u00e9es technologiques<\/b><span style=\"font-weight: 400;\">: L&#039;industrie des soins oculaires conna\u00eet des progr\u00e8s technologiques rapides, notamment des innovations en mati\u00e8re d&#039;outils de diagnostic, de techniques chirurgicales et d&#039;interventions th\u00e9rapeutiques. Les \u00e9tudes de march\u00e9 permettent aux entreprises de se tenir au courant de ces \u00e9volutions, d&#039;\u00e9valuer la demande du march\u00e9 pour les nouvelles technologies et d&#039;identifier les opportunit\u00e9s d&#039;investissement ou de partenariat.\u00a0<\/span><\/li>\n\n\n\n<li><b>M\u00e9decine personnalis\u00e9e<\/b><span style=\"font-weight: 400;\">: Les \u00e9tudes de march\u00e9 facilitent l&#039;adoption d&#039;approches de m\u00e9decine personnalis\u00e9e au sein de l&#039;industrie des soins oculaires, permettant aux entreprises de d\u00e9velopper des th\u00e9rapies et des interventions cibl\u00e9es bas\u00e9es sur les caract\u00e9ristiques individuelles des patients et leurs profils g\u00e9n\u00e9tiques.\u00a0<\/span><\/li>\n\n\n\n<li><b>T\u00e9l\u00e9m\u00e9decine et surveillance \u00e0 distance<\/b>: The rise of telemedicine and remote monitoring technologies presents opportunities for businesses to deliver <a href=\"https:\/\/www.sisinternational.com\/fr\/creer-une-entreprise-en-turquie\/\" title=\"Cr\u00e9er une entreprise en Turquie\"  data-wpil-monitor-id=\"3889\">eye care<\/a> services beyond traditional clinical settings. Market research helps businesses assess consumer attitudes toward telemedicine, identify barriers to adoption, and understand regulatory considerations.\u00a0<\/span><\/li>\n<\/ul>\n\n\n\n<h2 class=\"wp-block-heading\"><span style=\"font-weight: 400;\">Comment l&#039;\u00e9tude de march\u00e9 sur les soins oculaires de SIS International aide les entreprises<\/span><\/h2>\n\n\n\n<p><a href=\"https:\/\/www.linkedin.com\/company\/sisinternationalresearch\/\" target=\"_blank\" rel=\"noopener\"><span style=\"font-weight: 400;\">SIS International<\/span><\/a> <span style=\"font-weight: 400;\">propose des services d&#039;\u00e9tudes de march\u00e9 sp\u00e9cialis\u00e9s dans les soins oculaires pour donner aux entreprises des informations exploitables et des conseils strat\u00e9giques. Voici comment l&#039;expertise de SIS International peut aider les entreprises \u00e0 r\u00e9ussir dans le secteur des soins oculaires\u00a0:<\/span><\/p>\n\n\n\n<p><b>Connaissance approfondie du secteur<\/b><span style=\"font-weight: 400;\">: L&#039;\u00e9quipe de professionnels de la recherche de SIS International poss\u00e8de une vaste exp\u00e9rience et expertise dans l&#039;industrie des soins oculaires. Gr\u00e2ce \u00e0 une compr\u00e9hension approfondie de la dynamique du march\u00e9, des paysages r\u00e9glementaires et des tendances technologiques, SIS International fournit \u00e0 ses clients des informations pr\u00e9cieuses qui \u00e9clairent la prise de d\u00e9cision strat\u00e9gique et stimulent la croissance de l&#039;entreprise.<\/span><\/p>\n\n\n\n<p><b>Solutions de recherche personnalis\u00e9es<\/b><span style=\"font-weight: 400;\">: SIS propose des solutions de recherche personnalis\u00e9es adapt\u00e9es pour r\u00e9pondre aux besoins et objectifs uniques de chaque client. Des \u00e9valuations de march\u00e9 et analyses de la concurrence aux \u00e9tudes de consommation et tests de produits, SIS International fournit \u00e0 ses clients les donn\u00e9es et les informations n\u00e9cessaires pour prendre des d\u00e9cisions \u00e9clair\u00e9es et atteindre leurs objectifs commerciaux.<\/span><\/p>\n\n\n\n<p><b>Port\u00e9e et expertise mondiales<\/b><span style=\"font-weight: 400;\">: Gr\u00e2ce \u00e0 un r\u00e9seau mondial de professionnels de la recherche et d&#039;experts du secteur, nous offrons aux entreprises un acc\u00e8s \u00e0 des informations localis\u00e9es sur le march\u00e9 et \u00e0 des informations sur le secteur dans diff\u00e9rentes r\u00e9gions g\u00e9ographiques. La port\u00e9e mondiale de SIS International permet aux clients d&#039;acqu\u00e9rir une compr\u00e9hension globale des pr\u00e9f\u00e9rences des consommateurs, des tendances du march\u00e9 et de la dynamique concurrentielle, facilitant ainsi la prise de d\u00e9cision \u00e9clair\u00e9e et le d\u00e9veloppement de strat\u00e9gies de march\u00e9.<\/span><\/p>\n\n\n\n<p><b>Technologies et outils avanc\u00e9s<\/b><span style=\"font-weight: 400;\">: Nos consultants exploitent des technologies et des outils avanc\u00e9s pour am\u00e9liorer l\u2019efficacit\u00e9, la pr\u00e9cision et la profondeur des \u00e9tudes de march\u00e9 sur les soins oculaires. Des enqu\u00eates en ligne et des groupes de discussion aux simulations de r\u00e9alit\u00e9 virtuelle et \u00e0 la technologie de suivi oculaire, nous utilisons des approches innovantes pour recueillir les commentaires des consommateurs, analyser les donn\u00e9es du march\u00e9 et en tirer des informations exploitables.<\/span><\/p>\n\n\n\n<p><b>Orientations et recommandations strat\u00e9giques<\/b><span style=\"font-weight: 400;\">: SIS fournit \u00e0 ses clients des conseils et des recommandations strat\u00e9giques bas\u00e9s sur les r\u00e9sultats de la recherche, permettant aux entreprises de traduire leurs connaissances en r\u00e9sultats commerciaux tangibles. En tirant parti de l&#039;expertise et des connaissances de SIS International, les entreprises peuvent naviguer dans les complexit\u00e9s du march\u00e9, capitaliser sur les opportunit\u00e9s et atteindre leurs objectifs commerciaux dans le secteur concurrentiel des soins oculaires.<\/span><\/p>\n\n\n\n<h2 class=\"wp-block-heading\">Solutions d\u2019\u00e9tude de march\u00e9 sur les soins oculaires<\/h2>\n\n\n\n<p>Nos solutions d\u2019\u00e9tudes de march\u00e9 comprennent\u00a0:<\/p>\n\n\n\n<ul class=\"wp-block-list\">\n<li>Groupes de discussion<\/li>\n\n\n\n<li>Entretiens avec les patients<\/li>\n\n\n\n<li>Tests d&#039;utilisation \u00e0 domicile<\/li>\n\n\n\n<li>Communaut\u00e9s en ligne<\/li>\n\n\n\n<li>Enqu\u00eates<\/li>\n\n\n\n<li>Analyse comp\u00e9titive<\/li>\n\n\n\n<li>\u00c9valuations de l\u2019entr\u00e9e sur le march\u00e9 et des opportunit\u00e9s<\/li>\n<\/ul>\n\n\n\n<p class=\"p1\">Au pays et \u00e0 l\u2019\u00e9tranger, les opportunit\u00e9s abondent dans le domaine des soins oculaires. Les \u00e9quipes de recherche et de strat\u00e9gie de SIS International offrent aux entreprises l&#039;avantage concurrentiel dont elles ont besoin pour r\u00e9ussir.<\/p>","protected":false},"excerpt":{"rendered":"<p>SIS International Research a un \u0153il sur le monde de l\u2019optique et notre vision est 20\/20. Apprenez-en davantage sur nos solutions d\u2019\u00e9tudes de march\u00e9 sur les soins oculaires.<\/p>","protected":false},"author":1,"featured_media":64502,"parent":11294,"menu_order":16,"comment_status":"closed","ping_status":"closed","template":"","meta":{"footnotes":""},"class_list":["post-15236","page","type-page","status-publish","has-post-thumbnail"],"_links":{"self":[{"href":"https:\/\/www.sisinternational.com\/fr\/wp-json\/wp\/v2\/pages\/15236","targetHints":{"allow":["GET"]}}],"collection":[{"href":"https:\/\/www.sisinternational.com\/fr\/wp-json\/wp\/v2\/pages"}],"about":[{"href":"https:\/\/www.sisinternational.com\/fr\/wp-json\/wp\/v2\/types\/page"}],"author":[{"embeddable":true,"href":"https:\/\/www.sisinternational.com\/fr\/wp-json\/wp\/v2\/users\/1"}],"replies":[{"embeddable":true,"href":"https:\/\/www.sisinternational.com\/fr\/wp-json\/wp\/v2\/comments?post=15236"}],"version-history":[{"count":10,"href":"https:\/\/www.sisinternational.com\/fr\/wp-json\/wp\/v2\/pages\/15236\/revisions"}],"predecessor-version":[{"id":79895,"href":"https:\/\/www.sisinternational.com\/fr\/wp-json\/wp\/v2\/pages\/15236\/revisions\/79895"}],"up":[{"embeddable":true,"href":"https:\/\/www.sisinternational.com\/fr\/wp-json\/wp\/v2\/pages\/11294"}],"wp:featuredmedia":[{"embeddable":true,"href":"https:\/\/www.sisinternational.com\/fr\/wp-json\/wp\/v2\/media\/64502"}],"wp:attachment":[{"href":"https:\/\/www.sisinternational.com\/fr\/wp-json\/wp\/v2\/media?parent=15236"}],"curies":[{"name":"wp","href":"https:\/\/api.w.org\/{rel}","templated":true}]}}