{"id":15230,"date":"2015-04-09T22:53:29","date_gmt":"2015-04-09T22:53:29","guid":{"rendered":"https:\/\/www.sisinternational.com\/?page_id=15230"},"modified":"2026-01-25T17:34:48","modified_gmt":"2026-01-25T22:34:48","slug":"etude-de-marche-de-la-mode","status":"publish","type":"page","link":"https:\/\/www.sisinternational.com\/fr\/competence\/etude-de-marche-de-la-mode\/","title":{"rendered":"\u00c9tude de march\u00e9 de la mode et de l&#039;habillement"},"content":{"rendered":"<h1 class=\"wp-block-heading\">\u00c9tude de march\u00e9 de la mode et de l&#039;habillement<\/h1>\n\n\n\n<figure class=\"gb-block-image gb-block-image-5b0afa6b\"><img loading=\"lazy\" decoding=\"async\" width=\"1456\" height=\"816\" class=\"gb-image gb-image-5b0afa6b\" src=\"https:\/\/www.sisinternational.com\/wp-content\/uploads\/2025\/08\/Menswear-apparel-fashion-2.jpg\" srcset=\"https:\/\/www.sisinternational.com\/wp-content\/uploads\/2025\/08\/Menswear-apparel-fashion-2.jpg 1456w, https:\/\/www.sisinternational.com\/wp-content\/uploads\/2025\/08\/Menswear-apparel-fashion-2-300x168.jpg 300w, https:\/\/www.sisinternational.com\/wp-content\/uploads\/2025\/08\/Menswear-apparel-fashion-2-1024x574.jpg 1024w, https:\/\/www.sisinternational.com\/wp-content\/uploads\/2025\/08\/Menswear-apparel-fashion-2-768x430.jpg 768w, https:\/\/www.sisinternational.com\/wp-content\/uploads\/2025\/08\/Menswear-apparel-fashion-2-18x10.jpg 18w\" sizes=\"auto, (max-width: 1456px) 100vw, 1456px\" alt=\"\u00c9tudes de march\u00e9 et strat\u00e9gie internationales SIS\"><\/figure>\n\n\n\n<p><\/p>\n\n\n\n<h2 class=\"wp-block-heading p1\">Nous vivons \u00e0 une \u00e9poque gourmande en donn\u00e9es dans laquelle les entreprises qui r\u00e9ussissent ont besoin d\u2019informations instantan\u00e9es pour prendre des d\u00e9cisions \u00e9clair\u00e9es. Fashion Market Research vous donne les informations, les renseignements, les donn\u00e9es et les analyses dont vous avez besoin pour prendre des d\u00e9cisions en toute confiance.<\/h2>\n\n\n\n<h3 class=\"wp-block-heading\">Nous fournissons:<\/h3>\n\n\n\n<ul class=\"wp-block-list\">\n<li>Recherche sur les Millennials et la g\u00e9n\u00e9ration Z<\/li>\n\n\n\n<li>Groupes de discussion avec des clients et des non-clients<\/li>\n\n\n\n<li>\u00c9tude de march\u00e9 riche<\/li>\n\n\n\n<li>Veille concurrentielle<\/li>\n\n\n\n<li><a href=\"https:\/\/www.sisinternational.com\/fr\/solutions\/recherche-de-conseil-en-strategie-fintech\/etude-de-marche-sur-le-financement-de-la-chaine-dapprovisionnement\/\" title=\"\u00c9tude de march\u00e9 sur le financement de la cha\u00eene d\u2019approvisionnement\"  data-wpil-monitor-id=\"8180\">Recherche sur la cha\u00eene d&#039;approvisionnement<\/a><\/li>\n\n\n\n<li>Aper\u00e7u des tendances<\/li>\n\n\n\n<li><a href=\"https:\/\/www.sisinternational.com\/fr\/competence\/les-industries\/etude-de-marche-sur-lexperience-client-numerique\/\" title=\"\u00c9tude de march\u00e9 sur l\u2019exp\u00e9rience client num\u00e9rique (CX)\"  data-wpil-monitor-id=\"8181\">Recherche Exp\u00e9rience Client &amp; Fid\u00e9lisation<\/a><\/li>\n\n\n\n<li><a href=\"https:\/\/www.sisinternational.com\/fr\/competence\/etude-de-marche-brique\/\" title=\"\u00c9tude de march\u00e9 BRIC (Br\u00e9sil, Russie, Inde et Chine)\"  data-wpil-monitor-id=\"8182\">BRIC Emerging Markets<\/a> Apparel Insights<\/li>\n<\/ul>\n\n\n\n<h2 class=\"wp-block-heading\">Solutions de recherche sur les v\u00eatements<\/h2>\n\n\n\n<p>SIS International <a href=\"https:\/\/www.sisinternational.com\/fr\/competence\/les-industries\/etude-de-marche-en-zoologie\/\" title=\"\u00c9tude de march\u00e9 sur la zoologie\"  data-wpil-monitor-id=\"4301\">Research for our experience in comprehensive Market<\/a> Assessments, Consumer Behavioral and Attitudinal studies, Omnichannel Insights, Competitive Intelligence campaigns, Mall Intercepts, Focus Groups, Grey Goods studies and more.<\/p>\n\n\n\n<p>We are also skilled in the &#8220;Fast Fashion&#8221; <a href=\"https:\/\/www.sisinternational.com\/fr\/solutions\/etude-de-marche-de-consommation\/\" title=\"Consumer Market Research Services for Smarter Business Decisions\"  data-wpil-monitor-id=\"8184\">business model and new fashion subscription service<\/a> models.<\/p>\n\n\n\n<p>Nos m\u00e9thodologies d&#039;\u00e9tudes de march\u00e9 proposent des strat\u00e9gies de pointe pour maximiser votre efficience et votre efficacit\u00e9 sur le march\u00e9, en lib\u00e9rant les donn\u00e9es et les connaissances n\u00e9cessaires pour cr\u00e9er des avantages concurrentiels.<\/p>\n\n\n\n<h2 class=\"wp-block-heading p1\"><span class=\"s1\">Objectifs de l\u2019\u00e9tude de march\u00e9 du v\u00eatement<\/span><\/h2>\n\n\n\n<ul class=\"wp-block-list\">\n<li><span class=\"s1\">Recueillez des informations sur le comportement et l&#039;attitude des consommateurs \u00e0 l&#039;\u00e9gard des v\u00eatements et des marques cl\u00e9s.<\/span><\/li>\n\n\n\n<li><span class=\"s1\">Obtenez des informations sur les besoins globaux des consommateurs cibles en mati\u00e8re de mode en fonction des occasions et du style de vie, ainsi que sur la mani\u00e8re dont cela se traduit par leur \u00ab part de portefeuille en mati\u00e8re de v\u00eatements \u00bb.<\/span><\/li>\n\n\n\n<li><span class=\"s1\">Obtenez des informations sur l&#039;attitude et l&#039;interaction des consommateurs avec les v\u00eatements du segment de masse par rapport aux marques haut de gamme et de luxe.<\/span><\/li>\n\n\n\n<li><span class=\"s1\">Comprendre la perception et la relation avec les marques cl\u00e9s afin de d\u00e9terminer :<\/span>\n<ul class=\"wp-block-list\">\n<li><span class=\"s1\">perception des marques et relation avec soi<\/span><\/li>\n\n\n\n<li><span class=\"s1\">dynamique potentielle et croissance des actions<\/span><\/li>\n\n\n\n<li><span class=\"s1\">Identifier les principaux facteurs d&#039;affiliation \u00e0 la marque <\/span><\/li>\n<\/ul>\n<\/li>\n\n\n\n<li><span class=\"s1\">Gain insights into <a href=\"https:\/\/www.sisinternational.com\/fr\/publications\/comportement-de-lacheteur-apres-le-nouveau-consommateur-du-coronavirus\/\" title=\"Comportement des acheteurs apr\u00e8s le coronavirus \u2013 \u00c9tude de march\u00e9 de consommation\"  data-wpil-monitor-id=\"8183\">consumers\u2019 cross-channel purchase behavior<\/a> including a focus on digital and emerging channels.<\/span><\/li>\n<\/ul>\n\n\n\n<h2 class=\"wp-block-heading\"><b><\/b>Recherche sur les v\u00eatements en face \u00e0 face<\/h2>\n\n\n\n<ul class=\"wp-block-list ul1\">\n<li><span class=\"s1\">Impression des \u00ab selfies \u00bb pris par les r\u00e9pondants (\u00e0 utiliser comme stimulus)<\/span><\/li>\n\n\n\n<li><span class=\"s1\">Print out <a href=\"https:\/\/www.sisinternational.com\/fr\/brand-audit-in-new-york-the-complete-guide-to-strengthening-your-brand\/\" title=\"Brand Audit in New York: The Complete Guide to Strengthening Your Brand\"  data-wpil-monitor-id=\"8185\">Brand Association Self Completion<\/a> forms (for distribution)<\/span><\/li>\n\n\n\n<li><span class=\"s1\">Wifi requis pour capturer la s\u00e9ance de groupe&nbsp;<\/span><\/li>\n\n\n\n<li><span class=\"s1\">Un enregistrement audio de la s\u00e9ance.<span class=\"Apple-converted-space\"> &nbsp;<\/span><\/span><\/li>\n\n\n\n<li><span class=\"s1\">Tableaux \u00e0 feuilles mobiles<\/span><\/li>\n\n\n\n<li><span class=\"s1\">Post-it ou petites cartes<\/span><\/li>\n\n\n\n<li><span class=\"s1\">Mat\u00e9riel d&#039;\u00e9criture<\/span><\/li>\n<\/ul>\n\n\n\n<h2 class=\"wp-block-heading\"><b><\/b><span class=\"s4\">Recherche sur les selfies et devoirs<\/span><\/h2>\n\n\n\n<p><span class=\"s1\">Les participants peuvent enregistrer un journal de leurs tenues \u00e0 l\u2019aide de \u00ab selfies \u00bb sur une p\u00e9riode de 7 jours cons\u00e9cutifs.<span class=\"Apple-converted-space\">&nbsp; <\/span>Ces selfies seront envoy\u00e9s aux mod\u00e9rateurs 3 jours avant leur s\u00e9ance de groupe.<\/span><\/p>\n\n\n\n<h2 class=\"wp-block-heading\"><span class=\"s1\">Informations sur l&#039;attitude et le comportement<\/span><\/h2>\n\n\n\n<ul class=\"wp-block-list\">\n<li>Chemises<\/li>\n\n\n\n<li>Pantalon<\/li>\n\n\n\n<li>Sports\/ Gym\/ \u00ab athleisure \u00bb<\/li>\n\n\n\n<li>Chaussure<\/li>\n\n\n\n<li>Articles en cuir, par exemple sacs, portefeuilles, ceintures<\/li>\n\n\n\n<li>Accessoires<\/li>\n\n\n\n<li>Beaut\u00e9<\/li>\n<\/ul>\n\n\n\n<h2 class=\"wp-block-heading\">Informations sur les cha\u00eenes<\/h2>\n\n\n\n<ul class=\"wp-block-list\">\n<li>Grands magasins<\/li>\n\n\n\n<li>Magasin sp\u00e9cialis\u00e9 de marque Premium<\/li>\n\n\n\n<li>Boutiques multimarques<\/li>\n\n\n\n<li>Magasins de mode rapide (d\u00e9tail\/en ligne)<\/li>\n\n\n\n<li>\u00ab Hors prix \u00bb \/ Magasins discount<\/li>\n\n\n\n<li>Sites d&#039;achats de mode en ligne<\/li>\n\n\n\n<li>Peer-to-peer\/R\u00e9seaux sociaux<\/li>\n<\/ul>\n\n\n\n<h2 class=\"wp-block-heading\">Zones d&#039;informations<\/h2>\n\n\n\n<ul class=\"wp-block-list\">\n<li>Part de garde-robe<\/li>\n\n\n\n<li>Fr\u00e9quence<\/li>\n\n\n\n<li>Les besoins du consommateur<\/li>\n\n\n\n<li>Occasions<\/li>\n\n\n\n<li>Sources d&#039;informations<\/li>\n\n\n\n<li>D\u00e9penses annuelles<\/li>\n\n\n\n<li>Part du portefeuille<\/li>\n\n\n\n<li>D\u00e9penses pr\u00e9vues<\/li>\n\n\n\n<li>Marque de masse vs marque premium<\/li>\n\n\n\n<li>Conscience<\/li>\n\n\n\n<li>Affinit\u00e9<\/li>\n\n\n\n<li>Pertinence<\/li>\n\n\n\n<li>Ensemble comp\u00e9titif<\/li>\n\n\n\n<li>D\u00e9clencheurs<\/li>\n\n\n\n<li>Sensoriel<\/li>\n\n\n\n<li>Canaux en ligne<\/li>\n\n\n\n<li>\u00c9l\u00e9gance<\/li>\n\n\n\n<li>Vari\u00e9t\u00e9 de produits<\/li>\n\n\n\n<li>Le rapport qualit\u00e9 prix<\/li>\n<\/ul>\n\n\n\n<p class=\"p1\">&nbsp;<\/p>","protected":false},"excerpt":{"rendered":"<p>SIS est une soci\u00e9t\u00e9 leader mondial en mati\u00e8re d&#039;\u00e9tudes de march\u00e9 et de recherche strat\u00e9gique. Apprenez-en davantage sur les \u00e9tudes de march\u00e9 de la mode et de l\u2019habillement.<\/p>","protected":false},"author":1,"featured_media":63945,"parent":14514,"menu_order":15,"comment_status":"open","ping_status":"open","template":"","meta":{"footnotes":""},"class_list":["post-15230","page","type-page","status-publish","has-post-thumbnail"],"_links":{"self":[{"href":"https:\/\/www.sisinternational.com\/fr\/wp-json\/wp\/v2\/pages\/15230","targetHints":{"allow":["GET"]}}],"collection":[{"href":"https:\/\/www.sisinternational.com\/fr\/wp-json\/wp\/v2\/pages"}],"about":[{"href":"https:\/\/www.sisinternational.com\/fr\/wp-json\/wp\/v2\/types\/page"}],"author":[{"embeddable":true,"href":"https:\/\/www.sisinternational.com\/fr\/wp-json\/wp\/v2\/users\/1"}],"replies":[{"embeddable":true,"href":"https:\/\/www.sisinternational.com\/fr\/wp-json\/wp\/v2\/comments?post=15230"}],"version-history":[{"count":6,"href":"https:\/\/www.sisinternational.com\/fr\/wp-json\/wp\/v2\/pages\/15230\/revisions"}],"predecessor-version":[{"id":81375,"href":"https:\/\/www.sisinternational.com\/fr\/wp-json\/wp\/v2\/pages\/15230\/revisions\/81375"}],"up":[{"embeddable":true,"href":"https:\/\/www.sisinternational.com\/fr\/wp-json\/wp\/v2\/pages\/14514"}],"wp:featuredmedia":[{"embeddable":true,"href":"https:\/\/www.sisinternational.com\/fr\/wp-json\/wp\/v2\/media\/63945"}],"wp:attachment":[{"href":"https:\/\/www.sisinternational.com\/fr\/wp-json\/wp\/v2\/media?parent=15230"}],"curies":[{"name":"wp","href":"https:\/\/api.w.org\/{rel}","templated":true}]}}