{"id":15225,"date":"2015-04-09T21:42:37","date_gmt":"2015-04-09T21:42:37","guid":{"rendered":"https:\/\/www.sisinternational.com\/?page_id=15225"},"modified":"2025-09-07T18:40:11","modified_gmt":"2025-09-07T22:40:11","slug":"etude-de-marche-sur-la-securite","status":"publish","type":"page","link":"https:\/\/www.sisinternational.com\/fr\/competence\/etude-de-marche-sur-la-securite\/","title":{"rendered":"\u00c9tude de march\u00e9 sur la s\u00e9curit\u00e9"},"content":{"rendered":"<h1 class=\"wp-block-heading\">\u00c9tude de march\u00e9 sur la s\u00e9curit\u00e9<\/h1>\n\n\n\n<figure class=\"gb-block-image gb-block-image-26d728a3\"><img loading=\"lazy\" decoding=\"async\" width=\"1456\" height=\"816\" class=\"gb-image gb-image-26d728a3\" src=\"https:\/\/www.sisinternational.com\/wp-content\/uploads\/2025\/08\/Cibersecurity-security-7.jpg\" alt=\"\u00c9tudes de march\u00e9 et strat\u00e9gie internationales SIS\" title=\"Cibersecurity security (7)\" srcset=\"https:\/\/www.sisinternational.com\/wp-content\/uploads\/2025\/08\/Cibersecurity-security-7.jpg 1456w, https:\/\/www.sisinternational.com\/wp-content\/uploads\/2025\/08\/Cibersecurity-security-7-300x168.jpg 300w, https:\/\/www.sisinternational.com\/wp-content\/uploads\/2025\/08\/Cibersecurity-security-7-1024x574.jpg 1024w, https:\/\/www.sisinternational.com\/wp-content\/uploads\/2025\/08\/Cibersecurity-security-7-768x430.jpg 768w, https:\/\/www.sisinternational.com\/wp-content\/uploads\/2025\/08\/Cibersecurity-security-7-18x10.jpg 18w\" sizes=\"auto, (max-width: 1456px) 100vw, 1456px\"><\/figure>\n\n\n\n<p>&nbsp;<\/p>\n\n\n\n<h2 class=\"wp-block-heading p1\">Dans le sillage des activit\u00e9s terroristes mondiales, de l\u2019hacktivisme et de l\u2019augmentation de la cybercriminalit\u00e9, la n\u00e9cessit\u00e9 de renforcer les mesures de s\u00e9curit\u00e9 des entreprises n\u2019a jamais \u00e9t\u00e9 aussi claire et pr\u00e9monitoire.<\/h2>\n\n\n\n<p>SIS International Research a men\u00e9 des recherches approfondies sur la s\u00e9curit\u00e9 des entreprises, la cybers\u00e9curit\u00e9 et la s\u00e9curit\u00e9 physique en temps r\u00e9el en ce qui concerne la protection des actifs, la propri\u00e9t\u00e9 intellectuelle et la r\u00e9putation de l&#039;entreprise. Que vous soyez une entreprise de s\u00e9curit\u00e9 ou que vous exploriez les avantages d&#039;une s\u00e9curit\u00e9 renforc\u00e9e, nous pouvons vous aider avec des donn\u00e9es, des recherches, des informations et une strat\u00e9gie.<\/p>\n\n\n\n<h2 class=\"wp-block-heading p1\">M\u00e9thodes d&#039;\u00e9tude de march\u00e9<\/h2>\n\n\n\n<p class=\"p1\">Recently, we\u2019ve undertaken channel <a href=\"https:\/\/www.sisinternational.com\/fr\/strategies-de-developpement-durable-dentreprise-une-etude-de-cas-siemens\/\" title=\"Strat\u00e9gies de d\u00e9veloppement durable des entreprises\u00a0: une \u00e9tude de cas Siemens\"  data-wpil-monitor-id=\"10786\">studies for corporate<\/a> and industrial security projects in North America. We\u2019ve utilized <a href=\"https:\/\/www.sisinternational.com\/fr\/plan-mondial-de-veille-concurrentielle-par-ruth-stanat-magazine-de-veille-concurrentielle\/\" title=\"Soci\u00e9t\u00e9 mondiale de veille concurrentielle\"  data-wpil-monitor-id=\"10779\">Competitive Intelligence techniques to explore global<\/a> cybersecurity measures in-depth. Sophisticated phone studies incorporating the CATI <a href=\"https:\/\/www.sisinternational.com\/fr\/competence\/les-industries\/etude-de-marche-sur-les-entretiens-telephoniques-assistes-par-ordinateur\/\" title=\"\u00c9tude de march\u00e9 sur les entretiens t\u00e9l\u00e9phoniques assist\u00e9s par ordinateur\"  data-wpil-monitor-id=\"10781\">Telephone Survey methodology have assisted<\/a> in the evaluation of product features, consumer needs, and potential pricing.<\/p>\n\n\n\n<p class=\"p1\">New <a href=\"https:\/\/www.sisinternational.com\/fr\/solutions\/solutions-de-branding-et-de-recherche-client\/etude-de-marche-sur-les-tests-de-produits\/\" title=\"\u00c9tude de march\u00e9 sur les tests de produits\"  data-wpil-monitor-id=\"10777\">Product Testing research<\/a>, Customer Interviews, Focus Groups, Market Trend \/ Response studies, B2B Executive Interviews, and Low Incidence research \u2026 these approaches can provide insight, which can make your business safer and more successful.<\/p>\n\n\n\n<h2 class=\"wp-block-heading\">Solutions d&#039;\u00e9tudes de march\u00e9 sur la s\u00e9curit\u00e9<\/h2>\n\n\n\n<p><a href=\"https:\/\/www.sisinternational.com\/fr\/contacter-sis-etude-de-marche-internationale\/\" title=\"Contactez-nous\"  data-wpil-monitor-id=\"10774\">Recherche internationale SIS<\/a> has focused on household and business security systems for small and mid-size business owners and on international cybersecurity efforts. Our results-oriented research is particularly helpful for SMB managers who manage company security functions. If you\u2019re business is exploring potential security solutions, effective market <a href=\"https:\/\/www.sisinternational.com\/fr\/cybersecurite-soins-de-sante\/\" title=\"\u00c9tude de march\u00e9 sur la cybers\u00e9curit\u00e9 dans le secteur de la sant\u00e9\"  data-wpil-monitor-id=\"7259\">recherche<\/a> can guide you towards obtaining the professional security protection you need in the 21st Century. For security companies, we\u2019ll help you understand markets and clients in <a href=\"https:\/\/www.sisinternational.com\/fr\/publications\/etude-de-marche-sur-les-entreprises-evolutives-7-facons-de-creer-une-entreprise-evolutive\/\" title=\"\u00c9tude de march\u00e9 sur les entreprises \u00e9volutives\u00a0: 7 fa\u00e7ons de cr\u00e9er une entreprise \u00e9volutive\"  data-wpil-monitor-id=\"10784\">ways<\/a> that brighten your business outlook and ensure your success.<\/p>\n\n\n\n<h2 class=\"wp-block-heading\"><a href=\"https:\/\/www.sisinternational.com\/fr\/about-sis\/contact-sis-international-market-research\/\">Contactez-nous pour votre prochain projet d\u2019\u00e9tude de march\u00e9 sur la s\u00e9curit\u00e9.<\/a><\/h2>","protected":false},"excerpt":{"rendered":"<p>SIS fournit aux entreprises des informations, des donn\u00e9es et des strat\u00e9gies d\u2019\u00e9tudes de march\u00e9 concernant les opportunit\u00e9s, les menaces et les technologies li\u00e9es \u00e0 la s\u00e9curit\u00e9.<\/p>","protected":false},"author":1,"featured_media":64042,"parent":14514,"menu_order":14,"comment_status":"open","ping_status":"open","template":"","meta":{"footnotes":""},"class_list":["post-15225","page","type-page","status-publish","has-post-thumbnail"],"_links":{"self":[{"href":"https:\/\/www.sisinternational.com\/fr\/wp-json\/wp\/v2\/pages\/15225","targetHints":{"allow":["GET"]}}],"collection":[{"href":"https:\/\/www.sisinternational.com\/fr\/wp-json\/wp\/v2\/pages"}],"about":[{"href":"https:\/\/www.sisinternational.com\/fr\/wp-json\/wp\/v2\/types\/page"}],"author":[{"embeddable":true,"href":"https:\/\/www.sisinternational.com\/fr\/wp-json\/wp\/v2\/users\/1"}],"replies":[{"embeddable":true,"href":"https:\/\/www.sisinternational.com\/fr\/wp-json\/wp\/v2\/comments?post=15225"}],"version-history":[{"count":7,"href":"https:\/\/www.sisinternational.com\/fr\/wp-json\/wp\/v2\/pages\/15225\/revisions"}],"predecessor-version":[{"id":67336,"href":"https:\/\/www.sisinternational.com\/fr\/wp-json\/wp\/v2\/pages\/15225\/revisions\/67336"}],"up":[{"embeddable":true,"href":"https:\/\/www.sisinternational.com\/fr\/wp-json\/wp\/v2\/pages\/14514"}],"wp:featuredmedia":[{"embeddable":true,"href":"https:\/\/www.sisinternational.com\/fr\/wp-json\/wp\/v2\/media\/64042"}],"wp:attachment":[{"href":"https:\/\/www.sisinternational.com\/fr\/wp-json\/wp\/v2\/media?parent=15225"}],"curies":[{"name":"wp","href":"https:\/\/api.w.org\/{rel}","templated":true}]}}