{"id":15219,"date":"2015-04-09T20:28:46","date_gmt":"2015-04-09T20:28:46","guid":{"rendered":"https:\/\/www.sisinternational.com\/?page_id=15219"},"modified":"2026-01-27T16:36:53","modified_gmt":"2026-01-27T21:36:53","slug":"intelligence-technologique","status":"publish","type":"page","link":"https:\/\/www.sisinternational.com\/fr\/solutions\/innovation\/intelligence-technologique\/","title":{"rendered":"\u00c9tude de march\u00e9 technologique et informatique"},"content":{"rendered":"<h1 class=\"wp-block-heading fusion-responsive-typography-calculated\">\u00c9tudes de march\u00e9 et conseil en strat\u00e9gie en mati\u00e8re de technologies et d&#039;informatique<\/h1>\n\n\n\n<figure class=\"gb-block-image gb-block-image-df57b26c\"><img loading=\"lazy\" decoding=\"async\" width=\"1456\" height=\"816\" class=\"gb-image gb-image-df57b26c\" src=\"https:\/\/www.sisinternational.com\/wp-content\/uploads\/2025\/08\/Tech-6.jpg\" srcset=\"https:\/\/www.sisinternational.com\/wp-content\/uploads\/2025\/08\/Tech-6.jpg 1456w, https:\/\/www.sisinternational.com\/wp-content\/uploads\/2025\/08\/Tech-6-300x168.jpg 300w, https:\/\/www.sisinternational.com\/wp-content\/uploads\/2025\/08\/Tech-6-1024x574.jpg 1024w, https:\/\/www.sisinternational.com\/wp-content\/uploads\/2025\/08\/Tech-6-768x430.jpg 768w, https:\/\/www.sisinternational.com\/wp-content\/uploads\/2025\/08\/Tech-6-18x10.jpg 18w\" sizes=\"auto, (max-width: 1456px) 100vw, 1456px\" alt=\"\u00c9tudes de march\u00e9 et strat\u00e9gie internationales SIS\"><\/figure>\n\n\n\n<p><\/p>\n\n\n\n<h2 class=\"wp-block-heading\">Qu\u2019est-ce que l\u2019\u00e9tude de march\u00e9 technologique ?<\/h2>\n\n\n\n<p>L\u2019\u00e9tude de march\u00e9 technologique est une activit\u00e9 qui permet aux entreprises d\u2019identifier les opportunit\u00e9s et menaces technologiques qui pourraient affecter la croissance future et la survie de leur entreprise.<\/p>\n\n\n\n<p>En d\u2019autres termes, la recherche technologique capture et fournit un type sp\u00e9cifique d\u2019informations, d\u2019informations et de pr\u00e9visions sur l\u2019environnement concurrentiel afin de prendre des d\u00e9cisions et des plans strat\u00e9giques susceptibles de produire des avantages pour votre organisation.<\/p>\n\n\n\n<h2 class=\"wp-block-heading\">Qu\u2019est-ce que le conseil en technologie et informatique ?<\/h2>\n\n\n\n<p>Le conseil en technologie et en strat\u00e9gie informatique aide les entreprises \u00e0 aligner leur infrastructure technologique et leurs capacit\u00e9s num\u00e9riques sur leurs objectifs commerciaux globaux. Cela implique de travailler avec les clients pour formuler des plans strat\u00e9giques qui r\u00e9gissent l\u2019utilisation et la mise en \u0153uvre de la technologie au sein de leurs op\u00e9rations.<\/p>\n\n\n\n<p>Les consultants dans ce domaine \u00e9valuent la configuration technologique actuelle d&#039;une entreprise, identifient les lacunes et les domaines d&#039;opportunit\u00e9 et \u00e9laborent une feuille de route technologique compl\u00e8te. Cette feuille de route comprend g\u00e9n\u00e9ralement des recommandations pour les int\u00e9grations de syst\u00e8mes, les mises \u00e0 niveau technologiques, les transformations num\u00e9riques, les mesures de cybers\u00e9curit\u00e9 et l&#039;adoption de technologies \u00e9mergentes comme l&#039;IA et le cloud computing. L&#039;objectif ultime est de garantir que la strat\u00e9gie technologique non seulement soutient, mais acc\u00e9l\u00e8re \u00e9galement la r\u00e9alisation des objectifs commerciaux, en s&#039;adaptant \u00e0 l&#039;\u00e9volution rapide du paysage technologique et des conditions du march\u00e9.<\/p>\n\n\n\n<p>SIS International\u2019s approach to Technology and IT Strategy Consulting is client-centric and leverages a forward-thinking methodology. We aim to empower businesses with strategic insights and actionable solutions, tailored to <a href=\"https:\/\/www.sisinternational.com\/fr\/europe-nouvelle-technologie-de-navigation-mondiale-gnss\/\" title=\"Qu\u2019est-ce que la technologie de navigation mondiale GNSS\u00a0?\"  data-wpil-monitor-id=\"7468\">navigate the complex landscape of technology<\/a> and IT. Here\u2019s an overview of our approach.<\/p>\n\n\n\n<ul class=\"wp-block-list\">\n<li><strong>Comprendre les objectifs du client\u00a0:<\/strong> Notre premi\u00e8re \u00e9tape consiste \u00e0 acqu\u00e9rir une compr\u00e9hension approfondie des objectifs commerciaux de nos clients, de leur infrastructure informatique actuelle et des d\u00e9fis sp\u00e9cifiques auxquels ils sont confront\u00e9s dans le domaine technologique. Cela implique des discussions avec les principales parties prenantes pour identifier les objectifs \u00e0 court et \u00e0 long terme.<\/li>\n\n\n\n<li><strong>Analyse approfondie de l\u2019industrie\u00a0:<\/strong> En tirant parti de notre expertise en mati\u00e8re d\u2019\u00e9tudes de march\u00e9, nous effectuons une analyse approfondie des march\u00e9s technologiques et informatiques pertinents. Cela comprend l&#039;examen des tendances \u00e9mergentes, des avanc\u00e9es technologiques, des strat\u00e9gies des concurrents et des environnements r\u00e9glementaires pour fournir une vue compl\u00e8te du paysage du march\u00e9.<\/li>\n\n\n\n<li><strong>D\u00e9veloppement de strat\u00e9gie personnalis\u00e9e\u00a0:<\/strong> Sur la base de notre analyse et des besoins uniques du client, nous d\u00e9veloppons une strat\u00e9gie informatique personnalis\u00e9e. Cette strat\u00e9gie englobe un large \u00e9ventail d&#039;\u00e9l\u00e9ments, notamment la transformation num\u00e9rique, l&#039;optimisation de l&#039;infrastructure informatique, la cybers\u00e9curit\u00e9, le cloud computing et la gestion des donn\u00e9es. Notre objectif est de cr\u00e9er une strat\u00e9gie qui non seulement r\u00e9pond aux besoins actuels, mais qui positionne \u00e9galement le client pour une croissance et une innovation futures.<\/li>\n\n\n\n<li><strong>Int\u00e9gration avec la strat\u00e9gie commerciale\u00a0:<\/strong> Nous veillons \u00e0 ce que la strat\u00e9gie informatique s\u2019aligne parfaitement avec la strat\u00e9gie commerciale globale. Cet alignement est crucial pour atteindre les objectifs commerciaux et stimuler la croissance. Nous r\u00e9fl\u00e9chissons \u00e0 la mani\u00e8re dont la technologie peut am\u00e9liorer l\u2019efficacit\u00e9 op\u00e9rationnelle, am\u00e9liorer l\u2019exp\u00e9rience client et cr\u00e9er des avantages concurrentiels.<\/li>\n\n\n\n<li><strong>Feuille de route pour la mise en \u0153uvre\u00a0:<\/strong> Notre approche va au-del\u00e0 de la formulation d\u2019une strat\u00e9gie pour inclure l\u2019\u00e9laboration d\u2019une feuille de route de mise en \u0153uvre claire et r\u00e9alisable. Cette feuille de route d\u00e9crit les \u00e9tapes, les d\u00e9lais, les ressources et les indicateurs de performance cl\u00e9s (KPI) n\u00e9cessaires \u00e0 une ex\u00e9cution efficace de la strat\u00e9gie.<\/li>\n\n\n\n<li><strong>Accent mis sur l&#039;agilit\u00e9 et l&#039;\u00e9volutivit\u00e9\u00a0:<\/strong> Nos strat\u00e9gies sont con\u00e7ues pour \u00eatre flexibles, permettant aux entreprises de s\u2019adapter rapidement et efficacement aux nouvelles technologies et aux changements du march\u00e9.<\/li>\n\n\n\n<li><strong>Support continu et it\u00e9ration\u00a0:<\/strong> Nous fournissons un soutien et des conseils continus \u00e0 nos clients tout au long du processus de mise en \u0153uvre. Notre approche comprend des examens r\u00e9guliers et des ajustements de la strat\u00e9gie selon les besoins, garantissant qu&#039;elle continue de r\u00e9pondre aux besoins changeants de l&#039;entreprise et du march\u00e9.<\/li>\n\n\n\n<li><strong>Focus sur le transfert de connaissances\u00a0:&nbsp;<\/strong>Nous soulignons l\u2019importance du transfert de connaissances, en veillant \u00e0 ce que nos clients et leurs \u00e9quipes soient bien \u00e9quip\u00e9s pour g\u00e9rer et exploiter leurs nouveaux syst\u00e8mes et strat\u00e9gies informatiques. Cela comprend des sessions de formation, de la documentation et du mat\u00e9riel de support.<\/li>\n<\/ul>\n\n\n\n<h2 class=\"wp-block-heading\">Diff\u00e9rences entre les \u00e9tudes de march\u00e9 en technologie et informatique et le conseil en strat\u00e9gie technologique et informatique<\/h2>\n\n\n\n<p>Technology and IT <a href=\"https:\/\/www.sisinternational.com\/fr\/exploiter-la-technologie-dans-le-commerce-de-detail\/\" title=\"\u00c9tude de march\u00e9 sur les technologies de vente au d\u00e9tail\"  data-wpil-monitor-id=\"2729\">market research and technology and IT strategy<\/a> consulting are two distinct disciplines within the tech sector, each playing a crucial role but serving different purposes. Understanding their differences is key for businesses to leverage them effectively.<\/p>\n\n\n\n<h3 class=\"wp-block-heading\">\u00c9tude de march\u00e9 technologique et informatique<\/h3>\n\n\n\n<ul class=\"wp-block-list\">\n<li><strong>Focus sur la collecte et l\u2019analyse des donn\u00e9es\u00a0:<\/strong> Les \u00e9tudes de march\u00e9 consistent principalement \u00e0 collecter, analyser et interpr\u00e9ter des donn\u00e9es sur le march\u00e9 technologique. Cela comprend l&#039;\u00e9tude des tendances du march\u00e9, des comportements des consommateurs, des strat\u00e9gies des concurrents et des d\u00e9veloppements du secteur.<\/li>\n\n\n\n<li><strong>Descriptif:<\/strong> Il donne un aper\u00e7u du sc\u00e9nario actuel du march\u00e9. Les informations obtenues sont descriptives et permettent de comprendre ce qui se passe sur le march\u00e9 \u00e0 un moment donn\u00e9.<\/li>\n\n\n\n<li><strong>Objectif et Quantitatif\u00a0:<\/strong> Les \u00e9tudes de march\u00e9 ont tendance \u00e0 \u00eatre plus objectives et s\u2019appuient fortement sur des donn\u00e9es quantitatives. Il fournit des statistiques, des tailles de march\u00e9, une analyse des actions et des informations d\u00e9mographiques.<\/li>\n\n\n\n<li><strong>Outil pour \u00e9clairer les d\u00e9cisions\u00a0:<\/strong> Le r\u00f4le des \u00e9tudes de march\u00e9 est d\u2019informer les entreprises sur les conditions du march\u00e9. Ces informations peuvent \u00eatre utilis\u00e9es pour prendre des d\u00e9cisions \u00e9clair\u00e9es, mais elles ne proposent pas en elles-m\u00eames de strat\u00e9gies ou de solutions.<\/li>\n\n\n\n<li><strong>Application \u00e0 un large public\u00a0:<\/strong> Les r\u00e9sultats des \u00e9tudes de march\u00e9 sont souvent applicables \u00e0 un large \u00e9ventail de parties prenantes, notamment les investisseurs, les d\u00e9veloppeurs de produits, les sp\u00e9cialistes du marketing et les strat\u00e8ges commerciaux.<\/li>\n<\/ul>\n\n\n\n<h3 class=\"wp-block-heading\">Conseil en technologie et strat\u00e9gie informatique<\/h3>\n\n\n\n<ul class=\"wp-block-list\">\n<li><strong>Concentrez-vous sur la fourniture de solutions et de strat\u00e9gies\u00a0:<\/strong> Le conseil en strat\u00e9gie consiste \u00e0 appliquer les connaissances issues d\u2019\u00e9tudes de march\u00e9 et d\u2019autres sources pour d\u00e9velopper des strat\u00e9gies et des solutions concr\u00e8tes pour les entreprises. Il s&#039;agit davantage de l&#039;application des connaissances pour atteindre des objectifs commerciaux sp\u00e9cifiques.<\/li>\n\n\n\n<li><strong>Prescriptif et tourn\u00e9 vers l\u2019avenir\u00a0:<\/strong> Contrairement aux \u00e9tudes de march\u00e9, le conseil en strat\u00e9gie est prescriptif. Les consultants fournissent des recommandations et des strat\u00e9gies pour les actions futures, aidant ainsi les entreprises \u00e0 relever les d\u00e9fis et \u00e0 capitaliser sur les opportunit\u00e9s.<\/li>\n\n\n\n<li><strong>Combinaison d&#039;informations quantitatives et qualitatives\u00a0:<\/strong> Le conseil en strat\u00e9gie combine souvent des donn\u00e9es quantitatives issues d\u2019\u00e9tudes de march\u00e9 avec des informations qualitatives. Cela peut inclure des avis d\u2019experts, une exp\u00e9rience du secteur et une compr\u00e9hension du contexte commercial unique du client.<\/li>\n\n\n\n<li><strong>Personnalis\u00e9 et sp\u00e9cifique au client\u00a0:<\/strong> Les strat\u00e9gies d\u00e9velopp\u00e9es en conseil informatique sont hautement personnalis\u00e9es selon les besoins, les d\u00e9fis et les objectifs sp\u00e9cifiques du client. Cela implique un engagement plus profond avec le client pour comprendre sa situation unique.<\/li>\n\n\n\n<li><strong>Mise en \u0153uvre et gestion du changement\u00a0:<\/strong> Le conseil en strat\u00e9gie s&#039;\u00e9tend souvent \u00e0 l&#039;assistance aux clients dans la mise en \u0153uvre des strat\u00e9gies recommand\u00e9es et la gestion du changement au sein de leur organisation. Cela peut impliquer la gestion de projet, la formation et un soutien continu.<\/li>\n<\/ul>\n\n\n\n<h2 class=\"wp-block-heading\">Opportunit\u00e9s et menaces technologiques<\/h2>\n\n\n\n<p>Pour vous tenir au courant des opportunit\u00e9s ou des menaces technologiques, vous devez \u00e9tablir des crit\u00e8res pour vous aider \u00e0 d\u00e9cider quels \u00e9l\u00e9ments suivre et \u00e0 quelle fr\u00e9quence les surveiller. Voici quelques technologies qui cr\u00e9ent des opportunit\u00e9s\u00a0:<\/p>\n\n\n\n<p>L&#039;Internet des objets (\u00ab IOT \u00bb), o\u00f9 les appareils communiquent entre eux, est le dernier exemple d&#039;une technologie qui conna\u00eet de vastes changements aussi bien pour les fabricants et les fournisseurs de services B2C que B2B.<\/p>\n\n\n\n<ul class=\"wp-block-list\">\n<li><strong>V\u00eatements intelligents et appareils portables\u00a0:<\/strong> Ceux-ci permettent de surveiller la sant\u00e9 vitale (fr\u00e9quence cardiaque, pouls, tension art\u00e9rielle, sommeil)<\/li>\n\n\n\n<li><strong>Capteurs et \u00e9tiquettes RFID\u00a0:<\/strong> De telles balises permettent aux appareils mobiles de communiquer avec les appareils, les syst\u00e8mes de s\u00e9curit\u00e9, les prestataires de soins m\u00e9dicaux et m\u00eame avec la cha\u00eene d&#039;approvisionnement.<\/li>\n\n\n\n<li><strong>La multiplication des \u00ab apps \u00bb :<\/strong> Sur les ordinateurs, smartphones et autres appareils portables. Souvent cr\u00e9\u00e9es avec du code open source, essentiellement possibles pour presque tous ceux qui ont une id\u00e9e, et disponibles gratuitement ou presque gratuitement via Apple ou Google (Android), ces applications sont utilis\u00e9es pour les affaires, les activit\u00e9s sociales, les jeux, la sant\u00e9, la finance, les voyages, les repas et une myriade d\u2019autres objectifs majeurs.<\/li>\n\n\n\n<li><strong>Logiciels (c.-\u00e0-d. SaaS) et stockage de donn\u00e9es dans le cloud\u00a0:<\/strong> R\u00e9duit ou \u00e9limine le besoin d&#039;installer et de mettre \u00e0 jour physiquement des programmes personnels ou d&#039;entreprise ou de craindre de manquer d&#039;espace pour archiver des fichiers, des photos ou des vid\u00e9os. L\u2019information peut \u00eatre consult\u00e9e par n\u2019importe qui, de n\u2019importe o\u00f9 sur la plan\u00e8te.<\/li>\n\n\n\n<li><strong>Programmes de VOIP, d&#039;IA, de reconnaissance vocale et de traduction\u00a0:<\/strong> Ils ont d\u00e9j\u00e0 commenc\u00e9 \u00e0 permettre et \u00e0 d\u00e9velopper les communications mondiales et le commerce \u00e9lectronique.<\/li>\n\n\n\n<li><strong>Drone\u00a0:<\/strong> Ces v\u00e9hicules a\u00e9riens sans pilote (UAV) sont utilis\u00e9s dans la construction, l\u2019agriculture, les forces de l\u2019ordre et par l\u2019arm\u00e9e pour effectuer une surveillance l\u00e0 o\u00f9 il est plus s\u00fbr et plus rapide de le faire qu\u2019avec toute autre ressource. Vous et vos concurrents pouvez fabriquer ou utiliser ces appareils.<\/li>\n<\/ul>\n\n\n\n<h3 class=\"wp-block-heading\">Perturbation num\u00e9rique\u00a0: opportunit\u00e9s et menaces<\/h3>\n\n\n\n<figure class=\"gb-block-image gb-block-image-827539f4\"><img loading=\"lazy\" decoding=\"async\" width=\"1456\" height=\"816\" class=\"gb-image gb-image-827539f4\" src=\"https:\/\/www.sisinternational.com\/wp-content\/uploads\/2025\/08\/Tech-13.jpg\" srcset=\"https:\/\/www.sisinternational.com\/wp-content\/uploads\/2025\/08\/Tech-13.jpg 1456w, https:\/\/www.sisinternational.com\/wp-content\/uploads\/2025\/08\/Tech-13-300x168.jpg 300w, https:\/\/www.sisinternational.com\/wp-content\/uploads\/2025\/08\/Tech-13-1024x574.jpg 1024w, https:\/\/www.sisinternational.com\/wp-content\/uploads\/2025\/08\/Tech-13-768x430.jpg 768w, https:\/\/www.sisinternational.com\/wp-content\/uploads\/2025\/08\/Tech-13-18x10.jpg 18w\" sizes=\"auto, (max-width: 1456px) 100vw, 1456px\" alt=\"\u00c9tudes de march\u00e9 et strat\u00e9gie internationales SIS\"><\/figure>\n\n\n\n<p><br><\/p>\n\n\n\n<ul class=\"wp-block-list\">\n<li><strong>R\u00e9seaux sociaux:<\/strong> Oui \u00e7a. Qui aurait pens\u00e9 il y a quelques ann\u00e9es \u00e0 peine que X, Instagram et des sites similaires pourraient diffuser l&#039;information plus rapidement et \u00e0 un public plus large que les m\u00e9dias traditionnels, et ainsi influencer rapidement la r\u00e9putation et le succ\u00e8s d&#039;une entreprise ?<\/li>\n\n\n\n<li><strong>La cyber-s\u00e9curit\u00e9:<\/strong> Combien d\u2019entreprises ou d\u2019agences gouvernementales attribueraient une forte probabilit\u00e9 au risque que leurs bases de donn\u00e9es internes (e-mail, financi\u00e8res) et clients soient pirat\u00e9es et mises en p\u00e9ril\u00a0?<\/li>\n\n\n\n<li><strong>Contrefa\u00e7on :<\/strong> La fabrication additive, \u00e9galement appel\u00e9e \u00ab impression 3D \u00bb, permet, et facilement, de num\u00e9riser et de reproduire presque n&#039;importe quel objet solide. Vos brevets peuvent \u00eatre viol\u00e9s.<\/li>\n<\/ul>\n\n\n\n<h3 class=\"wp-block-heading\">Recueillir et analyser des renseignements technologiques<\/h3>\n\n\n\n<p>Certaines entreprises mettent en place un syst\u00e8me d\u2019alerte pr\u00e9coce (\u00ab EWS \u00bb) d\u00e9di\u00e9 pour d\u00e9tecter le d\u00e9but de changements susceptibles d\u2019influencer leur activit\u00e9 ou leur secteur. Cela peut \u00eatre fait avec des ressources internes et\/ou avec un cabinet de conseil externe.<\/p>\n\n\n\n<p>Souvent, vos clients, votre force de vente ou m\u00eame vos fournisseurs peuvent avoir une vision et une vision pr\u00e9visionnelle des opportunit\u00e9s et des menaces. C&#039;est une bonne pratique de disposer d&#039;un m\u00e9canisme permettant de collecter r\u00e9guli\u00e8rement ces informations, peut-\u00eatre en mettant en place un panel incitatif, en menant des entretiens ou en cr\u00e9ant une \u00e9tude de suivi qui interroge p\u00e9riodiquement ces personnes.<\/p>\n\n\n\n<p>Alors que <a href=\"https:\/\/www.sisinternational.com\/fr\/competence\/les-industries\/technologie-medicale-etude-de-marche-sur-les-technologies-medicales\/\" title=\"\u00c9tude de march\u00e9 sur la technologie m\u00e9dicale (Med Tech)\"  data-wpil-monitor-id=\"4176\">Technology Market Research<\/a> is focused primarily on the technology within a product or service, Competitive Intelligence (CI) looks at the current and future business plans and marketing strategies of your competitors.<\/p>\n\n\n\n<p>La veille concurrentielle implique la collecte, l&#039;analyse et la diffusion d&#039;informations sur les produits, les clients, les concurrents et tout aspect de l&#039;environnement dont la direction a besoin pour prendre des d\u00e9cisions strat\u00e9giques plus \u00e9clair\u00e9es.<\/p>\n\n\n\n<p>Il est possible d&#039;acheter les produits ou services de vos concurrents. Ou demandez \u00e0 un tiers de le faire pour vous. Dans certains cas, vous pouvez m\u00eame b\u00e9n\u00e9ficier d\u2019une p\u00e9riode d\u2019essai gratuite ! Le recours \u00e0 l\u2019ing\u00e9nierie inverse est courant. \u00c0 moins que des petits caract\u00e8res interdisent ces activit\u00e9s, ce comportement sera g\u00e9n\u00e9ralement conforme aux pr\u00e9occupations juridiques et \u00e9thiques de votre entreprise.<\/p>\n\n\n\n<p>Combined with <a href=\"https:\/\/www.sisinternational.com\/fr\/solutions\/solutions-edtech-de-technologie-educative\/etude-de-marche-sur-les-technologies-educatives\/\" title=\"\u00c9tude de march\u00e9 sur les technologies \u00e9ducatives\"  data-wpil-monitor-id=\"6530\">Technology Market Research<\/a>, CI can help with the early identification of risks, threats and opportunities in your market.<\/p>\n\n\n\n<p>D\u00e9cideurs et influenceurs informatiques<\/p>\n\n\n\n<p>Le directeur informatique fait partie des d\u00e9cideurs traditionnels dans le domaine. Un autre d\u00e9cideur cl\u00e9 est le directeur de l\u2019information. Chief Data Officer (CDO) est un titre informatique en pleine croissance. Le CDO g\u00e8re l\u2019ensemble des donn\u00e9es d\u2019une entreprise. Il ou elle contribue \u00e9galement \u00e0 int\u00e9grer les donn\u00e9es dans le processus d\u00e9cisionnel de l\u2019entreprise. Un autre titre informatique est Data Architect. Cette personne s&#039;occupe de la conception, du d\u00e9ploiement et de la gestion de l&#039;architecture de donn\u00e9es d&#039;une entreprise. Parmi les autres d\u00e9cideurs figurent l&#039;architecte IoT et l&#039;ing\u00e9nieur de r\u00e9alit\u00e9 virtuelle\/augment\u00e9e. L\u2019architecte d\u2019apprentissage automatique\/intelligence artificielle est encore un autre d\u00e9cideur.<\/p>\n\n\n\n<h2 class=\"wp-block-heading\">\u00c9tude de march\u00e9 des d\u00e9cideurs informatiques<\/h2>\n\n\n\n<p>Nous interviewons des d\u00e9cideurs informatiques pour \u00e9valuer leurs r\u00e9actions aux nouvelles technologies. Les entretiens visent \u00e9galement \u00e0 comprendre plusieurs probl\u00e9matiques. Ces entretiens nous donnent des informations pr\u00e9cieuses sur des sujets tels que :<\/p>\n\n\n\n<ul class=\"wp-block-list\">\n<li><strong>Processus d&#039;achat\u00a0:<\/strong> Ce sont les proc\u00e9dures qui traitent des achats informatiques. Ces proc\u00e9dures comprennent la d\u00e9finition des exigences et l\u2019acquisition d\u2019actifs. Ils comprennent \u00e9galement l&#039;ex\u00e9cution des contrats. Les processus d&#039;achat traitent \u00e9galement de la gestion des fournisseurs et des actifs. La gestion de la qualit\u00e9 fait \u00e9galement partie des proc\u00e9dures d&#039;achat.<\/li>\n\n\n\n<li><strong>Introductions de nouveaux produits\u00a0:<\/strong> Cela implique le d\u00e9veloppement de produits nouveaux ou am\u00e9lior\u00e9s. Les organisations qui r\u00e9ussissent comprennent l\u2019importance d\u2019utiliser un processus NPI. Une entreprise doit d\u00e9velopper le bon produit sur le march\u00e9 concurrentiel d\u2019aujourd\u2019hui. Ces produits doivent \u00e9galement arriver au bon moment et au meilleur co\u00fbt possible.<\/li>\n\n\n\n<li><strong>Tests d&#039;utilisation:<\/strong> Les entreprises \u00e9valuent l\u2019\u00e9tat de pr\u00e9paration d\u2019un site Web ou d\u2019une application \u00e0 publier. Pour ce faire, ils le testent aupr\u00e8s de vrais utilisateurs faisant partie du public cible. L\u2019objectif est de savoir comment les utilisateurs r\u00e9els interagissent avec un site Web et d\u2019apporter des modifications en fonction des r\u00e9sultats. Les gens quitteront votre site et consulteront vos concurrents \u00e0 moins que le v\u00f4tre ne soit facile \u00e0 naviguer. Les tests d&#039;utilisabilit\u00e9 peuvent profiter m\u00eame aux meilleures \u00e9quipes de conception et de d\u00e9veloppement Web. Les tests montrent les points chauds pour les utilisateurs et les domaines dans lesquels ils sont confus et bloqu\u00e9s.<\/li>\n\n\n\n<li><strong>Besoins, opportunit\u00e9s et d\u00e9fis organisationnels\u00a0:<\/strong>&nbsp;Chaque organisation vise l\u2019excellence. Ils cherchent \u00e0 r\u00e9pondre aux pr\u00e9f\u00e9rences changeantes du client et \u00e0 acqu\u00e9rir un avantage concurrentiel. Notre strat\u00e9gie Agile vise \u00e0 aider les organisations \u00e0 d\u00e9terminer leurs besoins et leurs opportunit\u00e9s. Cela les aide \u00e9galement \u00e0 trouver leurs d\u00e9fis. La m\u00e9thode est plus populaire que jamais. Il utilise des m\u00e9thodes traditionnelles telles que les groupes de discussion et les enqu\u00eates. Il utilise \u00e9galement des moyens plus r\u00e9cents et plus innovants pour recueillir des informations sur les principaux clients.<\/li>\n<\/ul>\n\n\n\n<h2 class=\"wp-block-heading\">\u00c0 propos des \u00e9tudes de march\u00e9 et du conseil en technologie et informatique<\/h2>\n\n\n\n<p>Nous menons des \u00e9tudes de march\u00e9 qualitatives telles que des groupes de discussion et des entretiens. Cette recherche approfondie vise \u00e0 comprendre pourquoi les gens pensent, ressentent, se comportent et r\u00e9agissent comme ils le font. Il s&#039;agit d&#039;une approche ouverte que les utilisateurs peuvent adopter m\u00eame pendant la recherche. Cette approche am\u00e9liore la qualit\u00e9 des donn\u00e9es et les informations g\u00e9n\u00e9r\u00e9es.<\/p>\n\n\n\n<p>Nous effectuons \u00e9galement des \u00e9tudes de march\u00e9 quantitatives. Nous utilisons des m\u00e9thodes telles que des enqu\u00eates, qui permettent de mesurer la volont\u00e9 de payer. La recherche quantitative produit des donn\u00e9es statistiques fiables. Il indique dans quelle mesure de nombreuses personnes pensent \u00e0 quelque chose ou se comportent. Elle est ind\u00e9pendante du chercheur et chacun devrait obtenir les m\u00eames r\u00e9sultats, quelle que soit la personne qui effectue la recherche. Pour cette raison, les chercheurs consid\u00e8rent cette m\u00e9thode comme impartiale.<\/p>\n\n\n\n<p>We conduct Strategy Market Research to provide insights into Market Opportunities. Our <a href=\"https:\/\/www.sisinternational.com\/fr\/competence\/les-industries\/etude-de-marche-en-zoologie\/\" title=\"\u00c9tude de march\u00e9 sur la zoologie\"  data-wpil-monitor-id=\"4305\">research also shows Market<\/a> Size &amp; Entry and Competition. This type of study plays a vital role in analyzing and defining the market. It also helps in the formulation of marketing instrument strategies. It allows for the placement of research on essential topics in a broader framework. These topics include Positioning, Segmentation, and New Product Development.<\/p>\n\n\n\n<p><\/p>","protected":false},"excerpt":{"rendered":"<p>L\u2019\u00e9tude de march\u00e9 technologique analyse les opportunit\u00e9s et les menaces qui ont un impact sur la croissance et la survie de votre entreprise.<\/p>","protected":false},"author":1,"featured_media":62723,"parent":14459,"menu_order":0,"comment_status":"open","ping_status":"open","template":"","meta":{"footnotes":""},"class_list":["post-15219","page","type-page","status-publish","has-post-thumbnail"],"_links":{"self":[{"href":"https:\/\/www.sisinternational.com\/fr\/wp-json\/wp\/v2\/pages\/15219","targetHints":{"allow":["GET"]}}],"collection":[{"href":"https:\/\/www.sisinternational.com\/fr\/wp-json\/wp\/v2\/pages"}],"about":[{"href":"https:\/\/www.sisinternational.com\/fr\/wp-json\/wp\/v2\/types\/page"}],"author":[{"embeddable":true,"href":"https:\/\/www.sisinternational.com\/fr\/wp-json\/wp\/v2\/users\/1"}],"replies":[{"embeddable":true,"href":"https:\/\/www.sisinternational.com\/fr\/wp-json\/wp\/v2\/comments?post=15219"}],"version-history":[{"count":13,"href":"https:\/\/www.sisinternational.com\/fr\/wp-json\/wp\/v2\/pages\/15219\/revisions"}],"predecessor-version":[{"id":81099,"href":"https:\/\/www.sisinternational.com\/fr\/wp-json\/wp\/v2\/pages\/15219\/revisions\/81099"}],"up":[{"embeddable":true,"href":"https:\/\/www.sisinternational.com\/fr\/wp-json\/wp\/v2\/pages\/14459"}],"wp:featuredmedia":[{"embeddable":true,"href":"https:\/\/www.sisinternational.com\/fr\/wp-json\/wp\/v2\/media\/62723"}],"wp:attachment":[{"href":"https:\/\/www.sisinternational.com\/fr\/wp-json\/wp\/v2\/media?parent=15219"}],"curies":[{"name":"wp","href":"https:\/\/api.w.org\/{rel}","templated":true}]}}