{"id":15205,"date":"2015-04-09T09:44:31","date_gmt":"2015-04-09T09:44:31","guid":{"rendered":"https:\/\/www.sisinternational.com\/?page_id=15205"},"modified":"2026-01-25T17:34:49","modified_gmt":"2026-01-25T22:34:49","slug":"recherche-internationale-en-propriete-intellectuelle","status":"publish","type":"page","link":"https:\/\/www.sisinternational.com\/fr\/solutions\/croissance-mondiale\/recherche-internationale-en-propriete-intellectuelle\/","title":{"rendered":"\u00c9tude de march\u00e9 sur la propri\u00e9t\u00e9 intellectuelle"},"content":{"rendered":"<h1 class=\"wp-block-heading\">\u00c9tude de march\u00e9 sur la propri\u00e9t\u00e9 intellectuelle<\/h1>\n\n\n\n<figure class=\"gb-block-image gb-block-image-5493aa1d\"><img loading=\"lazy\" decoding=\"async\" width=\"1024\" height=\"574\" class=\"gb-image gb-image-5493aa1d\" src=\"https:\/\/www.sisinternational.com\/wp-content\/uploads\/2025\/08\/RegTech-5-1024x574.jpg\" alt=\"\u00c9tudes de march\u00e9 et strat\u00e9gie internationales SIS\" title=\"RegTech (5)\" srcset=\"https:\/\/www.sisinternational.com\/wp-content\/uploads\/2025\/08\/RegTech-5-1024x574.jpg 1024w, https:\/\/www.sisinternational.com\/wp-content\/uploads\/2025\/08\/RegTech-5-300x168.jpg 300w, https:\/\/www.sisinternational.com\/wp-content\/uploads\/2025\/08\/RegTech-5-768x430.jpg 768w, https:\/\/www.sisinternational.com\/wp-content\/uploads\/2025\/08\/RegTech-5-18x10.jpg 18w, https:\/\/www.sisinternational.com\/wp-content\/uploads\/2025\/08\/RegTech-5.jpg 1456w\" sizes=\"auto, (max-width: 1024px) 100vw, 1024px\"><\/figure>\n\n\n\n<p><\/p>\n\n\n\n<hr class=\"wp-block-separator has-alpha-channel-opacity is-style-dots\"\/>\n\n\n\n<h2 class=\"wp-block-heading p1\">International intellectual property law involves bilateral and multilateral agreements that seek to augment domestic rules that govern and protect intellectual property (IP). Most cross-border IP issues are addressed through the World Intellectual Property Organization (WIPO).<\/h2>\n\n\n\n<p class=\"p1\">In the world of business, intellectual property issues are increasingly being encountered given its highly globalized environment wherein thousands of companies participate. Given the level of competition resulting from this climate, companies realize the importance of protecting their intellectual properties. IP includes a broad range of concepts including trade names (such as &#8220;Starbuck&#8217;s&#8221;), an industry report conducted by a research firm, movies, images, books, cooking recipes, medicines, trade secrets, manufacturing processes, and architectural design.<\/p>\n\n\n\n<p class=\"p1\">Les probl\u00e8mes les plus courants qui conduisent souvent \u00e0 des litiges co\u00fbteux et douloureux sont les all\u00e9gations de violation de brevets, de droits d&#039;auteur et de marques d\u00e9pos\u00e9es. \u00c0 la suite de l\u2019infrastructure technologique sur laquelle les entreprises modernes prosp\u00e8rent d\u00e9sormais, les droits de propri\u00e9t\u00e9 relatifs au contenu num\u00e9rique, \u00e0 la conception de logiciels, aux noms de domaine et aux bases de donn\u00e9es sont \u00e9galement des foyers de confrontations. Cela fait de la propri\u00e9t\u00e9 intellectuelle un \u00e9l\u00e9ment important de toute entreprise souhaitant prosp\u00e9rer sur la sc\u00e8ne mondiale.<\/p>\n\n\n\n<p class=\"p1\">For managers, knowledge of IP fundamentals will not only help protect their companies&#8217; intellectual assets but also help steer their companies away from hostile legal suits arising from allegations of IP infringements. The sheer abundance of players, products, and services in just about any business sector increases the risk of companies from having their intellectual assets misappropriated by other entities. While some infringements are unintentional, others are calculated and committed by unethical business entities.<\/p>\n\n\n\n<p class=\"p1\">N\u00e9anmoins, les dirigeants des organisations qui adh\u00e8rent aux meilleures pratiques du commerce mondial sont tenus de suivre et de mettre en \u0153uvre les lois de protection de la propri\u00e9t\u00e9 intellectuelle reconnues au niveau international. Il est dans leur int\u00e9r\u00eat de faire valoir leurs droits de propri\u00e9t\u00e9 intellectuelle (DPI) car\u00a0:<\/p>\n\n\n\n<ol class=\"wp-block-list\">\n<li>Il prot\u00e8ge les actifs qui donnent aux entreprises un avantage concurrentiel<\/li>\n\n\n\n<li>Il am\u00e9liore l&#039;image de marque<\/li>\n\n\n\n<li>Il dissuade les entreprises de porter atteinte aux droits existants<\/li>\n\n\n\n<li>Il peut \u00eatre exploit\u00e9 comme source de revenus via des licences ou des transferts de technologie.<\/li>\n\n\n\n<li>Cela ajoute de la valeur marchande \u00e0 une entreprise<\/li>\n<\/ol>\n\n\n\n<h2 class=\"wp-block-heading\">\u00c0 propos des \u00e9tudes de march\u00e9 sur la propri\u00e9t\u00e9 intellectuelle<\/h2>\n\n\n\n<p>Les \u00e9tudes de march\u00e9 r\u00e9v\u00e8lent des informations, des renseignements et des strat\u00e9gies qui prot\u00e8gent la propri\u00e9t\u00e9 intellectuelle. Voici nos solutions :<\/p>\n\n\n\n<ul class=\"wp-block-list\">\n<li>Recherche secondaire sur la violation de la propri\u00e9t\u00e9 intellectuelle prot\u00e9g\u00e9e<\/li>\n\n\n\n<li>Recherche client<\/li>\n\n\n\n<li>Trademark <a href=\"https:\/\/www.sisinternational.com\/fr\/competence\/les-industries\/etude-de-marche-en-zoologie\/\" title=\"\u00c9tude de march\u00e9 sur la zoologie\"  data-wpil-monitor-id=\"4307\">Market Confusion research<\/a><\/li>\n\n\n\n<li>Recherche sur les march\u00e9s \u00e9mergents<\/li>\n\n\n\n<li>\u00c9tude de march\u00e9 en Chine<\/li>\n\n\n\n<li>Recherche sur les leaders d\u2019opinion cl\u00e9s<\/li>\n\n\n\n<li>\u00c9tude de march\u00e9 sur les produits gris<\/li>\n\n\n\n<li>Recherche de distributeurs<\/li>\n\n\n\n<li>Entretiens avec des leaders d&#039;opinion<\/li>\n\n\n\n<li>Achats d&#039;experts<\/li>\n<\/ul>\n\n\n<h2>Notre emplacement \u00e0 New York<\/h2>\n<p><iframe loading=\"lazy\" src=\"https:\/\/www.google.com\/maps\/embed?pb=!1m18!1m12!1m3!1d3022.976188376966!2d-73.99130312499956!3d40.740549471389315!2m3!1f0!2f0!3f0!3m2!1i1024!2i768!4f13.1!3m3!1m2!1s0x89c259a15798c731%3A0xd695d09bdd495f25!2s11%20E%2022nd%20St%20FL%202%2C%20New%20York%2C%20NY%2010010%2C%20USA!5e0!3m2!1sen!2spe!4v1726171763526!5m2!1sen!2spe\" width=\"600\" height=\"450\" allowfullscreen=\"allowfullscreen\" data-mce-fragment=\"1\"><\/iframe><\/p>\n<h3 class=\"wp-block-heading\">11 E 22nd Street, \u00e9tage 2, New York, NY 10010 T\u00e9l. : +1(212) 505-6805<\/h3>\n<hr \/>\n<h2><span style=\"font-weight: 400;\">\u00c0 propos de SIS International<\/span><\/h2>\n<p><a href=\"https:\/\/www.sisinternational.com\/fr\/\"><span style=\"font-weight: 400;\">SIS International<\/span><\/a><span style=\"font-weight: 400;\">\u00a0propose des recherches quantitatives, qualitatives et strat\u00e9giques. Nous fournissons des donn\u00e9es, des outils, des strat\u00e9gies, des rapports et des informations pour la prise de d\u00e9cision. Nous menons \u00e9galement des entretiens, des enqu\u00eates, des groupes de discussion et d\u2019autres m\u00e9thodes et approches d\u2019\u00e9tudes de march\u00e9.<\/span><a href=\"https:\/\/www.sisinternational.com\/fr\/a-propos-de-la-recherche-internationale-sis\/contact-sis-international-market-research\/\"><span style=\"font-weight: 400;\">\u00a0Contactez nous<\/span><\/a><span style=\"font-weight: 400;\">\u00a0pour votre prochain projet d&#039;\u00e9tude de march\u00e9.<\/span><\/p>\n<\/p>","protected":false},"excerpt":{"rendered":"<p>D\u00e9couvrez comment les \u00e9tudes de march\u00e9 peuvent r\u00e9pondre \u00e0 vos besoins en mati\u00e8re de propri\u00e9t\u00e9 intellectuelle.<\/p>","protected":false},"author":1,"featured_media":64865,"parent":22092,"menu_order":0,"comment_status":"open","ping_status":"open","template":"","meta":{"footnotes":""},"class_list":["post-15205","page","type-page","status-publish","has-post-thumbnail"],"_links":{"self":[{"href":"https:\/\/www.sisinternational.com\/fr\/wp-json\/wp\/v2\/pages\/15205","targetHints":{"allow":["GET"]}}],"collection":[{"href":"https:\/\/www.sisinternational.com\/fr\/wp-json\/wp\/v2\/pages"}],"about":[{"href":"https:\/\/www.sisinternational.com\/fr\/wp-json\/wp\/v2\/types\/page"}],"author":[{"embeddable":true,"href":"https:\/\/www.sisinternational.com\/fr\/wp-json\/wp\/v2\/users\/1"}],"replies":[{"embeddable":true,"href":"https:\/\/www.sisinternational.com\/fr\/wp-json\/wp\/v2\/comments?post=15205"}],"version-history":[{"count":6,"href":"https:\/\/www.sisinternational.com\/fr\/wp-json\/wp\/v2\/pages\/15205\/revisions"}],"predecessor-version":[{"id":78364,"href":"https:\/\/www.sisinternational.com\/fr\/wp-json\/wp\/v2\/pages\/15205\/revisions\/78364"}],"up":[{"embeddable":true,"href":"https:\/\/www.sisinternational.com\/fr\/wp-json\/wp\/v2\/pages\/22092"}],"wp:featuredmedia":[{"embeddable":true,"href":"https:\/\/www.sisinternational.com\/fr\/wp-json\/wp\/v2\/media\/64865"}],"wp:attachment":[{"href":"https:\/\/www.sisinternational.com\/fr\/wp-json\/wp\/v2\/media?parent=15205"}],"curies":[{"name":"wp","href":"https:\/\/api.w.org\/{rel}","templated":true}]}}