{"id":15185,"date":"2015-04-08T22:16:36","date_gmt":"2015-04-08T22:16:36","guid":{"rendered":"https:\/\/www.sisinternational.com\/?page_id=15185"},"modified":"2025-09-08T12:22:38","modified_gmt":"2025-09-08T16:22:38","slug":"planification-dun-scenario","status":"publish","type":"page","link":"https:\/\/www.sisinternational.com\/fr\/solutions\/conseil-en-strategie\/planification-dun-scenario\/","title":{"rendered":"Conseil en strat\u00e9gie de planification de sc\u00e9narios"},"content":{"rendered":"<h1 class=\"wp-block-heading\">Conseil en strat\u00e9gie de planification de sc\u00e9narios<\/h1>\n\n\n\n<figure class=\"gb-block-image gb-block-image-a5afa789\"><img loading=\"lazy\" decoding=\"async\" width=\"1456\" height=\"816\" class=\"gb-image gb-image-a5afa789\" src=\"https:\/\/www.sisinternational.com\/wp-content\/uploads\/2025\/08\/Strategy-consulting-30.jpg\" srcset=\"https:\/\/www.sisinternational.com\/wp-content\/uploads\/2025\/08\/Strategy-consulting-30.jpg 1456w, https:\/\/www.sisinternational.com\/wp-content\/uploads\/2025\/08\/Strategy-consulting-30-300x168.jpg 300w, https:\/\/www.sisinternational.com\/wp-content\/uploads\/2025\/08\/Strategy-consulting-30-1024x574.jpg 1024w, https:\/\/www.sisinternational.com\/wp-content\/uploads\/2025\/08\/Strategy-consulting-30-768x430.jpg 768w, https:\/\/www.sisinternational.com\/wp-content\/uploads\/2025\/08\/Strategy-consulting-30-18x10.jpg 18w\" sizes=\"auto, (max-width: 1456px) 100vw, 1456px\" alt=\"\u00c9tudes de march\u00e9 et strat\u00e9gie internationales SIS\"><\/figure>\n\n\n\n<p><\/p>\n\n\n\n<h2 class=\"wp-block-heading\">\u00c0 propos de la planification de sc\u00e9narios<\/h2>\n\n\n\n<p>L\u2019arm\u00e9e et Royal Dutch Shell sont souvent associ\u00e9s \u00e0 une adoption pr\u00e9coce, ainsi qu\u2019\u00e0 une utilisation continue d\u2019un outil de planification strat\u00e9gique utilis\u00e9 pour cr\u00e9er des histoires \u00ab plausibles \u00bb sur l\u2019avenir. Cet outil s&#039;appelle Planification de sc\u00e9narios.<\/p>\n\n\n\n<p>Il diff\u00e8re \u00e0 bien des \u00e9gards des outils de pr\u00e9vision financi\u00e8re similaires et plus couramment utilis\u00e9s qui g\u00e9n\u00e8rent les meilleurs, les pires et les plus probables cas (ou sc\u00e9narios).<\/p>\n\n\n\n<p><span class=\"s1\">Le mot cl\u00e9 ici est \u00ab plausible \u00bb.<span class=\"Apple-converted-space\">&nbsp; <\/span>En d\u2019autres termes, les sc\u00e9narios ne sont ni \u00ab bons \u00bb ni \u00ab mauvais \u00bb.&nbsp;<\/span><\/p>\n\n\n\n<p><span class=\"s1\">Chaque sc\u00e9nario ou histoire comporte une intrigue avec des personnages, des d\u00e9cors et des r\u00e9sultats qui sont d\u00e9velopp\u00e9s et finalement analys\u00e9s dans le but de voir comment chacun pourrait se d\u00e9rouler. L\u2019histoire peut ensuite \u00eatre partag\u00e9e et vulgaris\u00e9e aupr\u00e8s de tous les membres d\u2019une entreprise afin de r\u00e9fl\u00e9chir \u00e0 son avenir alternatif.<\/span><\/p>\n\n\n\n<p>\u00c0 titre d&#039;exemple, on pourrait demander aux \u00e9quipes d&#039;\u00e9crire des titres de journaux qui para\u00eetraient dans 10 \u00e0 20 ans (s&#039;il existe encore des journaux\u00a0!), puis de travailler \u00e0 rebours pour expliquer ce qui a d\u00fb se passer pour en arriver l\u00e0, par exemple \u00ab\u00a0La soci\u00e9t\u00e9 XYZ d\u00e9couvre du p\u00e9trole sur une plan\u00e8te nouvellement d\u00e9couverte ! ou &quot;L&#039;euro a \u00e9t\u00e9 officiellement remplac\u00e9 par Bitcoin!&quot;<\/p>\n\n\n\n<h2 class=\"wp-block-heading\"><span class=\"s1\">Quand utiliser la planification de sc\u00e9narios<\/span><\/h2>\n\n\n\n<p><span style=\"font-weight: 400;\">Scenario Planning is useful in VUCA situations &#8212; Volatile, Uncertain, Chaotic and Ambiguous Situations. &nbsp;Scenario Planning is most useful when:<\/span><\/p>\n\n\n\n<ul class=\"wp-block-list\">\n<li><span style=\"font-weight: 400;\">Quand il y a une grande incertitude<\/span><\/li>\n\n\n\n<li><span style=\"font-weight: 400;\">Quand il faut une pens\u00e9e divergente<\/span><\/li>\n\n\n\n<li><span style=\"font-weight: 400;\">Lorsqu\u2019une industrie est en pleine mutation<\/span><\/li>\n\n\n\n<li><span style=\"font-weight: 400;\">Quand de grandes divergences de vues sur l\u2019avenir existent<\/span><\/li>\n<\/ul>\n\n\n\n<p><span class=\"s1\">Ce processus commence par un objectif critique ou une question devant \u00eatre abord\u00e9e.&nbsp;&nbsp;<\/span><span class=\"s1\">For example, what will your company look like in 10 years? What <a href=\"https:\/\/www.sisinternational.com\/fr\/facteurs-cles-de-succes-dans-les-etudes-de-marche-automobile\/\" title=\"Facteurs cl\u00e9s de succ\u00e8s dans les \u00e9tudes de march\u00e9 automobile\"  data-wpil-monitor-id=\"10771\">key<\/a> decisions need to be made in the present that will have an impact on its future success \u2013 or even its very existence?!&nbsp;&nbsp;Make, buy, or partner? Merge or be acquired?<span class=\"Apple-converted-space\">&nbsp; <\/span>\u00c9tendre votre empreinte mondiale\u00a0?<\/span><\/p>\n\n\n\n<p><span class=\"s2\"><strong>Note<\/strong>:&nbsp;<\/span><span class=\"s1\">Il est tr\u00e8s important d\u2019avoir l\u2019adh\u00e9sion de la haute direction.<span class=\"Apple-converted-space\">&nbsp; <\/span>Sans un tel soutien, le processus risque d\u2019\u00e9chouer.<span class=\"Apple-converted-space\">&nbsp; <\/span>Il faut avoir l\u2019esprit ouvert et \u00eatre pr\u00eat \u00e0 renoncer \u00e0 certaines croyances ou comportements traditionnels.<\/span><\/p>\n\n\n\n<h2 class=\"wp-block-heading\"><span class=\"s1\">Comment planifier un sc\u00e9nario<\/span><\/h2>\n\n\n\n<p><span class=\"s1\">Une quantit\u00e9 consid\u00e9rable de ressources est n\u00e9cessaire pour mener correctement la planification de sc\u00e9narios.<span class=\"Apple-converted-space\">&nbsp; <\/span>Diverses \u00e9quipes d&#039;entreprise ou de division doivent \u00eatre cr\u00e9\u00e9es.<span class=\"Apple-converted-space\">&nbsp; <\/span>Ils ont besoin de plusieurs sessions de formation et de r\u00e9unions prenant quelques jours.&nbsp;<\/span><span class=\"s1\">Il sera tr\u00e8s probablement n\u00e9cessaire de faire appel \u00e0 une soci\u00e9t\u00e9 tierce qualifi\u00e9e, capable de faciliter l&#039;ensemble du programme.&nbsp;&nbsp;<\/span><span class=\"s1\">En r\u00e8gle g\u00e9n\u00e9rale, une proposition doit \u00eatre envoy\u00e9e pour appel d&#039;offres \u00e0 au moins trois fournisseurs potentiels de tels services.<\/span><\/p>\n\n\n\n<p><strong>Le processus de planification de sc\u00e9nario comprend les activit\u00e9s suivantes\u00a0:<\/strong><\/p>\n\n\n\n<ol class=\"wp-block-list\">\n<li><span style=\"font-weight: 400;\">Identifier les forces de changement et les incertitudes. &nbsp;<\/span><\/li>\n\n\n\n<li><span style=\"font-weight: 400;\">Choisir les deux incertitudes les plus importantes. &nbsp;<\/span><\/li>\n\n\n\n<li><span style=\"font-weight: 400;\">Identifier les points finaux comme les points extr\u00eames. &nbsp;<\/span><\/li>\n\n\n\n<li><span style=\"font-weight: 400;\">Tracer les points extr\u00eames des incertitudes. &nbsp;<\/span><\/li>\n\n\n\n<li><span style=\"font-weight: 400;\">Cr\u00e9er des sc\u00e9narios<\/span><\/li>\n\n\n\n<li><span style=\"font-weight: 400;\">Identifier lequel est le plus probable <\/span><\/li>\n\n\n\n<li><span style=\"font-weight: 400;\">Attribution de probabilit\u00e9s. &nbsp;<\/span><\/li>\n\n\n\n<li><span style=\"font-weight: 400;\">D\u00e9terminer l&#039;impact de chaque sc\u00e9nario sur l&#039;organisation. &nbsp;<\/span><\/li>\n\n\n\n<li><span style=\"font-weight: 400;\">Tracer les pistes d&#039;action et les \u00e9tapes \u00e0 suivre.<\/span><\/li>\n<\/ol>\n\n\n\n<p><span class=\"s1\">Pendant le processus, un niveau \u00e9lev\u00e9 <\/span><span class=\"s2\">conducteurs ou forces<\/span><span class=\"s1\">, sera identifi\u00e9.<span class=\"Apple-converted-space\">&nbsp; <\/span>Ils peuvent ensuite \u00eatre examin\u00e9s et class\u00e9s en fonction de leur influence respective ainsi que de leur niveau d&#039;incertitude ou de risque. Voici quelques exemples int\u00e9ressants\u00a0:<\/span><\/p>\n\n\n\n<ul class=\"wp-block-list\">\n<li><span class=\"s1\">L'\u00e9nergie<\/span><\/li>\n\n\n\n<li><span class=\"s1\">Technologie<\/span><\/li>\n\n\n\n<li>Soci\u00e9t\u00e9 et enjeux sociaux<\/li>\n\n\n\n<li><span class=\"s1\">Conditions \u00e9conomiques<\/span><\/li>\n\n\n\n<li><span class=\"s1\">L&#039;environnement<\/span><\/li>\n\n\n\n<li><span class=\"s1\">Politique et lois<\/span><\/li>\n\n\n\n<li><span class=\"s1\">Concours<\/span><\/li>\n<\/ul>\n\n\n\n<p><span class=\"s1\">De plus, certains <\/span><span class=\"s2\">les tendances&nbsp;<\/span><span class=\"s1\">sera consid\u00e9r\u00e9 comme plus certain de se produire ou de se poursuivre, par exemple le taux de natalit\u00e9, l&#039;esp\u00e9rance de vie, le taux de divorce, la croissance des grandes villes, la concentration des richesses.&nbsp;&nbsp;<\/span><span class=\"s1\">Les \u00e9quipes devraient finalement d\u00e9velopper 3 \u00e0 4 sc\u00e9narios en discutant de la mani\u00e8re dont les diff\u00e9rents moteurs, forces et autres facteurs pourraient \u00e9ventuellement interagir pour cr\u00e9er un r\u00e9sultat futur particulier.<\/span><\/p>\n\n\n\n<p><span class=\"s1\">Chaque sc\u00e9nario ou histoire se verra attribuer un titre m\u00e9morable et significatif\u2026 ils peuvent m\u00eame \u00eatre dr\u00f4les ou repr\u00e9sent\u00e9s sous forme d\u2019image ou d\u2019image.&nbsp;<\/span><span class=\"s1\">Les d\u00e9cideurs concern\u00e9s peuvent ensuite utiliser ces histoires pour les aider \u00e0 formuler des actions \u00e0 court et \u00e0 long terme.<\/span><\/p>\n\n\n\n<h2 class=\"wp-block-heading\"><span class=\"s1\">La planification de sc\u00e9narios est-elle faite pour vous\u00a0?<\/span><\/h2>\n\n\n\n<figure class=\"gb-block-image gb-block-image-2210413b\"><img loading=\"lazy\" decoding=\"async\" width=\"1456\" height=\"816\" class=\"gb-image gb-image-2210413b\" src=\"https:\/\/www.sisinternational.com\/wp-content\/uploads\/2025\/08\/Strategy-consulting-16.jpg\" alt=\"\u00c9tudes de march\u00e9 et strat\u00e9gie internationales SIS\" title=\"Strategy consulting (16)\" srcset=\"https:\/\/www.sisinternational.com\/wp-content\/uploads\/2025\/08\/Strategy-consulting-16.jpg 1456w, https:\/\/www.sisinternational.com\/wp-content\/uploads\/2025\/08\/Strategy-consulting-16-300x168.jpg 300w, https:\/\/www.sisinternational.com\/wp-content\/uploads\/2025\/08\/Strategy-consulting-16-1024x574.jpg 1024w, https:\/\/www.sisinternational.com\/wp-content\/uploads\/2025\/08\/Strategy-consulting-16-768x430.jpg 768w, https:\/\/www.sisinternational.com\/wp-content\/uploads\/2025\/08\/Strategy-consulting-16-18x10.jpg 18w\" sizes=\"auto, (max-width: 1456px) 100vw, 1456px\"><\/figure>\n\n\n\n<p><\/p>\n\n\n\n<p><span class=\"s1\">Are you or your top management thinking beyond the <a href=\"https:\/\/www.sisinternational.com\/fr\/competence\/les-industries\/etude-de-marche-automobile\/lavenir-des-vehicules-electriques-aux-etats-unis\/\" title=\"The Future of Electric Vehicles in the USA &#8211; The Next 5 Years\"  data-wpil-monitor-id=\"9049\">next fiscal quarter or year<\/a>?<span class=\"Apple-converted-space\">&nbsp; <\/span>Discutent-ils de \u00ab\u00a0Et si\u2026\u00a0?\u00a0\u00bb des types de questions qui s\u2019\u00e9tendent sur au moins 5 \u00e0 10 ans ?<span class=\"Apple-converted-space\">&nbsp; <\/span>Et sont-ils pr\u00eats \u00e0 s\u2019engager dans un processus qui pourrait causer un certain inconfort et modifier leur fa\u00e7on de penser\u00a0?&nbsp;&nbsp;<\/span><span class=\"s1\">Si la r\u00e9ponse est \u00ab oui \u00bb \u00e0 tous, alors l\u2019utilisation de cet outil strat\u00e9gique devrait au moins \u00eatre envisag\u00e9e.<\/span><\/p>\n\n\n\n<p><span style=\"font-weight: 400;\">With Scenario Planning, you can better identify the uncertainties and the most important scenarios. &nbsp;You can then advocate for whether incremental or immediate action is needed.&nbsp;<\/span><span style=\"font-weight: 400;\">Decisions can be made on the optimal scenario, &nbsp;on whether to, for example, acquire or partner with external companies, what changes to make, and when to make changes. <\/span><\/p>\n\n\n\n<h2 class=\"wp-block-heading\"><span class=\"s1\">\u00c0 quoi s&#039;attendre de la planification de sc\u00e9narios<\/span><\/h2>\n\n\n\n<p><span class=\"s1\">La planification de sc\u00e9narios vise \u00e0 aider une entreprise \u00e0 prendre des d\u00e9cisions strat\u00e9giques. Id\u00e9alement, il s\u2019agit d\u2019un processus continu qui est revisit\u00e9 et mis \u00e0 jour p\u00e9riodiquement.&nbsp;<\/span><span class=\"s1\">Dans le cadre du processus, des indicateurs cl\u00e9s ou <\/span><strong><span class=\"s2\">signaux d&#039;alerte pr\u00e9coces<\/span><\/strong><span class=\"s1\"> auront \u00e9t\u00e9 identifi\u00e9s.<span class=\"Apple-converted-space\">&nbsp; <\/span>Ceux-ci seront surveill\u00e9s et leur \u00e9mergence annoncera qu\u2019un avenir particulier est peut-\u00eatre sur le point de se produire.<span class=\"Apple-converted-space\">&nbsp; <\/span>\u00c0 ce stade, les actions pr\u00e9alablement convenues peuvent \u00eatre mises en \u0153uvre.<\/span><\/p>\n\n\n\n<p><span class=\"s1\">And so, having planned for a number of different outcomes, your company will be better prepared to anticipate and react to <a href=\"https:\/\/www.sisinternational.com\/fr\/solutions\/solutions-de-recherche-qualitative-et-quantitative\/etude-de-marche-sur-les-facteurs-humains\/\" title=\"\u00c9tude de march\u00e9 sur les facteurs humains\"  data-wpil-monitor-id=\"9048\">factors and drivers in its market<\/a> et <strong>naviguer \u00e0 travers eux<\/strong>.<\/span><\/p>\n\n\n\n<p><\/p>","protected":false},"excerpt":{"rendered":"<p>La planification de sc\u00e9narios examine les meilleurs r\u00e9sultats et opportunit\u00e9s de croissance pour votre entreprise.<\/p>","protected":false},"author":1,"featured_media":62564,"parent":14567,"menu_order":4,"comment_status":"open","ping_status":"open","template":"","meta":{"footnotes":""},"class_list":["post-15185","page","type-page","status-publish","has-post-thumbnail"],"_links":{"self":[{"href":"https:\/\/www.sisinternational.com\/fr\/wp-json\/wp\/v2\/pages\/15185","targetHints":{"allow":["GET"]}}],"collection":[{"href":"https:\/\/www.sisinternational.com\/fr\/wp-json\/wp\/v2\/pages"}],"about":[{"href":"https:\/\/www.sisinternational.com\/fr\/wp-json\/wp\/v2\/types\/page"}],"author":[{"embeddable":true,"href":"https:\/\/www.sisinternational.com\/fr\/wp-json\/wp\/v2\/users\/1"}],"replies":[{"embeddable":true,"href":"https:\/\/www.sisinternational.com\/fr\/wp-json\/wp\/v2\/comments?post=15185"}],"version-history":[{"count":6,"href":"https:\/\/www.sisinternational.com\/fr\/wp-json\/wp\/v2\/pages\/15185\/revisions"}],"predecessor-version":[{"id":81765,"href":"https:\/\/www.sisinternational.com\/fr\/wp-json\/wp\/v2\/pages\/15185\/revisions\/81765"}],"up":[{"embeddable":true,"href":"https:\/\/www.sisinternational.com\/fr\/wp-json\/wp\/v2\/pages\/14567"}],"wp:featuredmedia":[{"embeddable":true,"href":"https:\/\/www.sisinternational.com\/fr\/wp-json\/wp\/v2\/media\/62564"}],"wp:attachment":[{"href":"https:\/\/www.sisinternational.com\/fr\/wp-json\/wp\/v2\/media?parent=15185"}],"curies":[{"name":"wp","href":"https:\/\/api.w.org\/{rel}","templated":true}]}}