{"id":15154,"date":"2015-04-07T10:37:19","date_gmt":"2015-04-07T10:37:19","guid":{"rendered":"https:\/\/www.sisinternational.com\/?page_id=15154"},"modified":"2025-09-08T12:24:57","modified_gmt":"2025-09-08T16:24:57","slug":"techniques-de-generation-de-leads","status":"publish","type":"page","link":"https:\/\/www.sisinternational.com\/fr\/solutions\/conseil-en-strategie\/techniques-de-generation-de-leads\/","title":{"rendered":"Entreprise de g\u00e9n\u00e9ration de leads"},"content":{"rendered":"\n<h1 class=\"wp-block-heading\">B2B Lead Generation Firm<\/h1>\n\n\n\n<figure class=\"gb-block-image gb-block-image-aab857c2\"><img loading=\"lazy\" decoding=\"async\" width=\"1456\" height=\"816\" class=\"gb-image gb-image-aab857c2\" src=\"https:\/\/www.sisinternational.com\/wp-content\/uploads\/2025\/08\/Business-38.jpg\" srcset=\"https:\/\/www.sisinternational.com\/wp-content\/uploads\/2025\/08\/Business-38.jpg 1456w, https:\/\/www.sisinternational.com\/wp-content\/uploads\/2025\/08\/Business-38-300x168.jpg 300w, https:\/\/www.sisinternational.com\/wp-content\/uploads\/2025\/08\/Business-38-1024x574.jpg 1024w, https:\/\/www.sisinternational.com\/wp-content\/uploads\/2025\/08\/Business-38-768x430.jpg 768w, https:\/\/www.sisinternational.com\/wp-content\/uploads\/2025\/08\/Business-38-18x10.jpg 18w\" sizes=\"auto, (max-width: 1456px) 100vw, 1456px\" alt=\"SIS International Market Research &amp; Strategy\"><\/figure>\n\n\n\n<p><\/p>\n\n\n\n<hr class=\"wp-block-separator has-alpha-channel-opacity is-style-dots\"\/>\n\n\n\n<p class=\"p1\">A business lead can be a potential customer.&nbsp; Finding customers and those who may be future customers is an important part of corporate strategy.&nbsp; Known as &#8220;Lead Generation,&#8221; this process is important and often overlooked.&nbsp; Companies that select and target customers tend to be more profitable.&nbsp; They can better manage <a href=\"https:\/\/www.sisinternational.com\/solutions\/fintech-strategy-consulting-research\/financial-services-customer-retention-consulting\/\" title=\"Financial Services Customer Retention Consulting\"  data-wpil-monitor-id=\"8697\">Customer Acquisition and Retention<\/a> Costs.<\/p>\n\n\n\n<p class=\"p1\">Understanding and implementing Lead Generation processes are critical.&nbsp; Increasingly, <a href=\"https:\/\/www.sisinternational.com\/expertise\/industries\/next-generation-technologies-market-research\/\" title=\"Next Generation Technologies Market Research\"  data-wpil-monitor-id=\"8695\">technology supports this lead generation<\/a> process.&nbsp; But knowing who is your core customer is where SIS comes in.&nbsp; <a href=\"https:\/\/www.sisinternational.com\/easter-passover-and-the-inevitable-chocolate-bunny\/\" title=\"Easter Market Research\"  data-wpil-monitor-id=\"8693\">SIS also provides value in niche markets<\/a> such as Industrial markets, where there are specialized buyers that technology cannot easily identify.<\/p>\n\n\n\n<h2 class=\"wp-block-heading\">Understanding Lead Generation<\/h2>\n\n\n\n<p>When one person asks a question, such as making an inquiry, about a <a href=\"https:\/\/www.sisinternational.com\/solutions\/taste-testing\/product-testing-services-in-new-york\/\" title=\"Product Testing Services in New York\"  data-wpil-monitor-id=\"8700\">product or service<\/a> there may be no intention or capacity to make a purchase. But another person may be directly or at least to some extent involved in the decision to do so.<\/p>\n\n\n\n<p><strong>Example<\/strong>: You might be interested in <a href=\"https:\/\/www.sisinternational.com\/expertise\/industries\/online-car-platform-market-research\/\" title=\"Online Car Platform Market Research\"  data-wpil-monitor-id=\"8698\">cars and explore online<\/a> and offline for the latest photos, brochures, features and prices of new ones. Maybe even take a test drive. But unless you go beyond gathering information to satisfy your curiosity, you are not really a lead. If however, your latest phone bill is through the roof and service is faulty, and you are actively seeking an alternative supplier to obtain detailed comparisons to your current service provider, you have become a lead. In fact, if a salesperson reaches out to you with an offer that better meets your needs, you have become a \u201cqualified\u201d lead.<\/p>\n\n\n\n<p>Therefore, lead generation essentially involves gaining the attention and interest of qualified prospects enough for them to learn more about a product or service and engage in a process with a business that hopefully will convert to a purchase.<\/p>\n\n\n\n<h2 class=\"wp-block-heading\">How are leads generated?<\/h2>\n\n\n\n<p>Your approach will depend on whether you sell to consumers or to other businesses, online or offline.\u00a0 Nearly every marketer will use some, or maybe even all of the following to begin the process:<\/p>\n\n\n\n<ul class=\"wp-block-list\">\n<li>SEO (Search Engine Optimization)<\/li>\n\n\n\n<li>SEM (Search Engine Marketing)<\/li>\n\n\n\n<li>PPC (Pay Per Click)<\/li>\n\n\n\n<li>Banner ads<\/li>\n\n\n\n<li>Trade shows (real or \u201cvirtual\u201d)<\/li>\n\n\n\n<li>Conferences (e.g. presentations, exhibits)<\/li>\n\n\n\n<li>Webinars<\/li>\n\n\n\n<li>Content (white papers, blogs, case studies)<\/li>\n\n\n\n<li>Print advertising<\/li>\n\n\n\n<li>Direct mail<\/li>\n\n\n\n<li>Email marketing (e.g. newsletters)<\/li>\n\n\n\n<li>Social media (e.g. twitter, Google+, Facebook, Instagram)<\/li>\n\n\n\n<li>Mobile marketing<\/li>\n\n\n\n<li>Telemarketing (following up on inquiries in an effort to determine who is \u201cqualified\u201d to buy)<\/li>\n\n\n\n<li>Videos (e.g. YouTube)<\/li>\n<\/ul>\n\n\n\n<h2 class=\"wp-block-heading\">How do you generate qualified leads?<\/h2>\n\n\n\n<p>Maximizing the number and percent of leads from qualified buyers is a primary goal of lead generation. The challenge is to determine which lead generation techniques yield the biggest bang for the buck.<\/p>\n\n\n\n<p>Whether in a B2C or B2B environment, one of the keys to good lead generation is to provide some real, or at least perceived value in exchange for a person\u2019s time.<\/p>\n\n\n\n<ol class=\"wp-block-list\">\n<li>Provide information about a product or service or your company that makes one want to learn more and include you in their \u201cconsideration set\u201d, e.g. specs, list price, colors, sizes, availability, delivery time; accreditation, years in business, number of locations?<\/li>\n\n\n\n<li>A different approach involves education or instruction \u2013 examples include a webinar, a white paper, a copy of a slide presentation, or a case study that shows how to use or do something. This generally conveys a sense of authority, experience or knowledge that creates a positive image of your company.<\/li>\n<\/ol>\n\n\n<p>[fusion_separator style_type=&#8221;shadow&#8221; top_margin=&#8221;30&#8243; bottom_margin=&#8221;40&#8243; sep_color=&#8221;&#8221; icon=&#8221;fa-check-circle&#8221; width=&#8221;&#8221; class=&#8221;&#8221; id=&#8221;&#8221;\/]<\/p>\n\n\n\n<h2 class=\"wp-block-heading\">How can research help to prioritize and improve your lead generation methods?<\/h2>\n\n\n\n<p>Whether done internally or outsourced, there is a lot of information that can be collected and analyzed via a short survey. It would be very useful to have the answers to such questions as these:<\/p>\n\n\n\n<p>What problems are prospects trying to solve (or what are their needs)? What specific information will they find valuable and\/or need to know in order to make a decision? Where do your prospects go to find information about the kind of products or services you provide? How would they like the information delivered(e.g., online, via email, in person?) How often do they want to hear from you? What is their timeframe? What is their budget? What level of authority do they have to make the purchase? Is anyone else involved in the purchase decision? Is it a new, first time purchase? Are <a href=\"https:\/\/www.sisinternational.com\/alternative-research-methods-and-home-visits\/\" title=\"Alternative Research Methods and Home Visits\u00a0\"  data-wpil-monitor-id=\"8696\">alternative suppliers being researched<\/a>? (If so, for competitive purposes, which ones?)<\/p>\n\n\n\n<h2 class=\"wp-block-heading\">Which lead generation techniques are the best for your company?<\/h2>\n\n\n\n<p>Market <a href=\"https:\/\/www.sisinternational.com\/solutions\/innovation\/design-thinking\/\" title=\"Design Thinking Market Research\"  data-wpil-monitor-id=\"8699\">Research<\/a> can go beyond getting the answers to the above questions by helping in the design, conduct and measurement of different approaches. For example, <a href=\"https:\/\/www.sisinternational.com\/expertise\/industries\/a-b-testing-market-research\/\" title=\"A\/B Testing Market Research\"  data-wpil-monitor-id=\"8694\">A\/B or multivariate testing<\/a> can be used to find out the impact on lead generation of elements in a print or website ad or message (Caution: there can be a staggering number of variables!)<\/p>\n\n\n\n<p>Which words are more effective? Does the inclusion of an image, graphic or photo matter? \u2013 of a product and\/or people? What kind of people? an individual or group\/family? What about the size, layout, and positioning of its elements? Is contact information (website\u2019s URL, email address, or phone number) present and discoverable? Is there a clear call to action? (It is so important to let the prospect know what to do!)<\/p>\n\n\n\n<p><\/p>\n","protected":false},"excerpt":{"rendered":"<p>Les solutions de g\u00e9n\u00e9ration de leads B2B \u00e9valuent l\u2019int\u00e9r\u00eat des prospects qualifi\u00e9s pour qu\u2019ils se familiarisent avec un produit ou un service. <\/p>","protected":false},"author":1,"featured_media":62794,"parent":14567,"menu_order":2,"comment_status":"open","ping_status":"open","template":"","meta":{"footnotes":""},"class_list":["post-15154","page","type-page","status-publish","has-post-thumbnail"],"_links":{"self":[{"href":"https:\/\/www.sisinternational.com\/fr\/wp-json\/wp\/v2\/pages\/15154","targetHints":{"allow":["GET"]}}],"collection":[{"href":"https:\/\/www.sisinternational.com\/fr\/wp-json\/wp\/v2\/pages"}],"about":[{"href":"https:\/\/www.sisinternational.com\/fr\/wp-json\/wp\/v2\/types\/page"}],"author":[{"embeddable":true,"href":"https:\/\/www.sisinternational.com\/fr\/wp-json\/wp\/v2\/users\/1"}],"replies":[{"embeddable":true,"href":"https:\/\/www.sisinternational.com\/fr\/wp-json\/wp\/v2\/comments?post=15154"}],"version-history":[{"count":6,"href":"https:\/\/www.sisinternational.com\/fr\/wp-json\/wp\/v2\/pages\/15154\/revisions"}],"predecessor-version":[{"id":81458,"href":"https:\/\/www.sisinternational.com\/fr\/wp-json\/wp\/v2\/pages\/15154\/revisions\/81458"}],"up":[{"embeddable":true,"href":"https:\/\/www.sisinternational.com\/fr\/wp-json\/wp\/v2\/pages\/14567"}],"wp:featuredmedia":[{"embeddable":true,"href":"https:\/\/www.sisinternational.com\/fr\/wp-json\/wp\/v2\/media\/62794"}],"wp:attachment":[{"href":"https:\/\/www.sisinternational.com\/fr\/wp-json\/wp\/v2\/media?parent=15154"}],"curies":[{"name":"wp","href":"https:\/\/api.w.org\/{rel}","templated":true}]}}