{"id":15125,"date":"2015-04-01T18:31:05","date_gmt":"2015-04-01T18:31:05","guid":{"rendered":"https:\/\/www.sisinternational.com\/?page_id=15125"},"modified":"2026-01-26T17:10:35","modified_gmt":"2026-01-26T22:10:35","slug":"nourriture-et-boissons-en-asie-pacifique","status":"publish","type":"page","link":"https:\/\/www.sisinternational.com\/fr\/competence\/cv-dexperience\/nourriture-et-boissons-en-asie-pacifique\/","title":{"rendered":"\u00c9tude de march\u00e9 sur les aliments et les boissons en Asie"},"content":{"rendered":"<h1 class=\"wp-block-heading\">\u00c9tude de march\u00e9 sur les aliments et les boissons en Asie<\/h1>\n\n\n\n<figure class=\"gb-block-image gb-block-image-6c08cd34\"><img loading=\"lazy\" decoding=\"async\" width=\"1456\" height=\"816\" class=\"gb-image gb-image-6c08cd34\" src=\"https:\/\/www.sisinternational.com\/wp-content\/uploads\/2025\/09\/Asian-food-55-1.jpg\" alt=\"\u00c9tudes de march\u00e9 et strat\u00e9gie internationales SIS\" title=\"Asian food 55 (1)\" srcset=\"https:\/\/www.sisinternational.com\/wp-content\/uploads\/2025\/09\/Asian-food-55-1.jpg 1456w, https:\/\/www.sisinternational.com\/wp-content\/uploads\/2025\/09\/Asian-food-55-1-300x168.jpg 300w, https:\/\/www.sisinternational.com\/wp-content\/uploads\/2025\/09\/Asian-food-55-1-1024x574.jpg 1024w, https:\/\/www.sisinternational.com\/wp-content\/uploads\/2025\/09\/Asian-food-55-1-768x430.jpg 768w, https:\/\/www.sisinternational.com\/wp-content\/uploads\/2025\/09\/Asian-food-55-1-18x10.jpg 18w\" sizes=\"auto, (max-width: 1456px) 100vw, 1456px\"><\/figure>\n\n\n\n<p><\/p>\n\n\n\n<h2 class=\"wp-block-heading\">SIS est une soci\u00e9t\u00e9 d&#039;\u00e9tudes de march\u00e9 mondiale de premier plan. D\u00e9couvrez notre exp\u00e9rience.<\/h2>\n\n\n\n<h2 class=\"wp-block-heading\">Chine<\/h2>\n\n\n\n<ul class=\"wp-block-list\">\n<li>R\u00e9alisation d&#039;une \u00e9tude sur l&#039;\u00e9tiquette du sak\u00e9 japonais \u00e0 Shanghai<\/li>\n\n\n\n<li>R\u00e9alisation d&#039;un projet sur les boissons alcoolis\u00e9es en Chine (et en France)<\/li>\n<\/ul>\n\n\n\n<h2 class=\"wp-block-heading\">Cor\u00e9e du Sud<\/h2>\n\n\n\n<ul class=\"wp-block-list\">\n<li>R\u00e9alisation d&#039;une \u00e9tude de recherche pour d\u00e9couvrir le succ\u00e8s des foires alimentaires cor\u00e9ennes<\/li>\n\n\n\n<li>R\u00e9alisation d&#039;une \u00e9tude d&#039;opportunit\u00e9 de march\u00e9 en Cor\u00e9e<\/li>\n\n\n\n<li>Recrutement de participants \u00e0 des entretiens \u00e0 domicile \u00e0 S\u00e9oul, Cor\u00e9e du Sud<\/li>\n<\/ul>\n\n\n\n<h2 class=\"wp-block-heading\">Autre Asie-Pacifique<\/h2>\n\n\n\n<ul class=\"wp-block-list\">\n<li>R\u00e9alisation d&#039;une \u00e9tude d&#039;entretien en face \u00e0 face \u00e0 Tokyo, y compris un test de produit<\/li>\n\n\n\n<li>R\u00e9alisation d&#039;une \u00e9tude d&#039;entretien approfondie \u00e0 Bangkok<\/li>\n\n\n\n<li><a href=\"https:\/\/www.sisinternational.com\/fr\/focus_groups_in_asia\/\" title=\"Groupes de discussion en Asie\"  data-wpil-monitor-id=\"2464\">Focus group study in Asia<\/a> regarding brand research<\/li>\n\n\n\n<li>Entretiens avec des concessionnaires de mat\u00e9riel agricole au Vietnam<\/li>\n\n\n\n<li>R\u00e9alisation d&#039;une \u00e9tude de march\u00e9 concernant le march\u00e9 de la distribution au Japon<\/li>\n\n\n\n<li>Animation d&#039;un groupe de discussion \u00e0 Jakarta, Indon\u00e9sie<\/li>\n\n\n\n<li>R\u00e9alisation d&#039;une \u00e9tude de recherche sur l&#039;industrie du th\u00e9 au miel et au citron \u00e0 Singapour<\/li>\n<\/ul>\n\n\n\n<h2 class=\"wp-block-heading\">Mondial<\/h2>\n\n\n\n<ul class=\"wp-block-list\">\n<li>R\u00e9alisation d&#039;une \u00e9tude de veille concurrentielle pour une cha\u00eene de restauration rapide au Mexique<\/li>\n\n\n\n<li><a href=\"https:\/\/www.sisinternational.com\/fr\/competence\/les-industries\/etude-de-marche-des-snacks\/\" title=\"\u00c9tude de march\u00e9 sur les collations\"  data-wpil-monitor-id=\"6442\">Snack food desk research<\/a> \u00e9tude<\/li>\n\n\n\n<li>R\u00e9alisation d&#039;une \u00e9tude qualitative testant de nouveaux concepts de menus pour la restauration rapide sur trois march\u00e9s diff\u00e9rents<\/li>\n\n\n\n<li>Organisation de groupes de discussion dans plus de 14 pays pour d\u00e9terminer une campagne publicitaire mondiale<\/li>\n\n\n\n<li>Organisation de deux groupes de discussion pour tester une s\u00e9rie de sandwichs pour le petit-d\u00e9jeuner<\/li>\n\n\n\n<li>Organisation d&#039;un groupe de discussion pour les consommateurs de smoothies \u00e0 Los Angeles et New York<\/li>\n\n\n\n<li>R\u00e9alisation de plusieurs \u00e9tudes de s\u00e9lection de site pour une cha\u00eene de restauration rapide au Mexique<\/li>\n\n\n\n<li>Nous avons intercept\u00e9 des consommateurs dans des \u00e9tablissements Burger King pour d\u00e9terminer leur niveau de satisfaction \u00e0 l&#039;\u00e9gard du service dans des emplacements sp\u00e9cifiques de l&#039;Indiana.<\/li>\n\n\n\n<li>Conducted a global menu change study in over 14 countries covering Western, Central, and Eastern Europe, Asia and Latin America<\/li>\n\n\n\n<li>Conducted a market feasibility study for site locations in select countries in <a href=\"https:\/\/www.sisinternational.com\/fr\/etude-de-marche-au-moyen-orient\/\" title=\"Etude de march\u00e9 au Moyen-Orient\"  data-wpil-monitor-id=\"2944\">Asia and in the Middle East<\/a><\/li>\n\n\n\n<li>Conducted a site location study in Greece, Jakarta, Indonesia, and Manila, Philippines for the potential for fast food outlets<\/li>\n\n\n\n<li>Organisation de groupes de discussion avec des enfants pour d\u00e9terminer des articles promotionnels pour une cha\u00eene de restauration rapide<\/li>\n\n\n\n<li>R\u00e9alisation d&#039;une \u00e9tude sur les d\u00e9penses en technologies de l&#039;information dans l&#039;industrie de l&#039;alimentation et de la restauration rapide<\/li>\n\n\n\n<li>R\u00e9alisation de groupes de discussion au Moyen-Orient pour d\u00e9terminer le changement de menu pour une entreprise de restauration rapide<\/li>\n\n\n\n<li>R\u00e9alisation d&#039;un projet de recherche sur les chips\/chips et concentration sur le positionnement et les gammes de marques<\/li>\n\n\n\n<li>R\u00e9alisation d&#039;une \u00e9tude de recherche sur le fromage danois<\/li>\n<\/ul>","protected":false},"excerpt":{"rendered":"<p>R\u00e9alisation d&#039;une \u00e9tude de recherche sur l&#039;industrie du th\u00e9 au miel et au citron en<br \/>\nSingapour<\/p>","protected":false},"author":1,"featured_media":63207,"parent":15106,"menu_order":1,"comment_status":"open","ping_status":"open","template":"","meta":{"footnotes":""},"class_list":["post-15125","page","type-page","status-publish","has-post-thumbnail"],"_links":{"self":[{"href":"https:\/\/www.sisinternational.com\/fr\/wp-json\/wp\/v2\/pages\/15125","targetHints":{"allow":["GET"]}}],"collection":[{"href":"https:\/\/www.sisinternational.com\/fr\/wp-json\/wp\/v2\/pages"}],"about":[{"href":"https:\/\/www.sisinternational.com\/fr\/wp-json\/wp\/v2\/types\/page"}],"author":[{"embeddable":true,"href":"https:\/\/www.sisinternational.com\/fr\/wp-json\/wp\/v2\/users\/1"}],"replies":[{"embeddable":true,"href":"https:\/\/www.sisinternational.com\/fr\/wp-json\/wp\/v2\/comments?post=15125"}],"version-history":[{"count":6,"href":"https:\/\/www.sisinternational.com\/fr\/wp-json\/wp\/v2\/pages\/15125\/revisions"}],"predecessor-version":[{"id":80025,"href":"https:\/\/www.sisinternational.com\/fr\/wp-json\/wp\/v2\/pages\/15125\/revisions\/80025"}],"up":[{"embeddable":true,"href":"https:\/\/www.sisinternational.com\/fr\/wp-json\/wp\/v2\/pages\/15106"}],"wp:featuredmedia":[{"embeddable":true,"href":"https:\/\/www.sisinternational.com\/fr\/wp-json\/wp\/v2\/media\/63207"}],"wp:attachment":[{"href":"https:\/\/www.sisinternational.com\/fr\/wp-json\/wp\/v2\/media?parent=15125"}],"curies":[{"name":"wp","href":"https:\/\/api.w.org\/{rel}","templated":true}]}}