{"id":14459,"date":"2015-02-25T16:34:06","date_gmt":"2015-02-25T16:34:06","guid":{"rendered":"https:\/\/www.sisinternational.com\/?page_id=14459"},"modified":"2025-09-07T19:43:27","modified_gmt":"2025-09-07T23:43:27","slug":"innovation","status":"publish","type":"page","link":"https:\/\/www.sisinternational.com\/fr\/solutions\/innovation\/","title":{"rendered":"Innovation Recherche"},"content":{"rendered":"<h1 class=\"wp-block-heading\">Innovation Recherche<\/h1>\n\n\n\n<figure class=\"gb-block-image gb-block-image-687c103c\"><img loading=\"lazy\" decoding=\"async\" width=\"1456\" height=\"816\" class=\"gb-image gb-image-687c103c\" src=\"https:\/\/www.sisinternational.com\/wp-content\/uploads\/2025\/08\/Tech-19.jpg\" alt=\"\u00c9tudes de march\u00e9 et strat\u00e9gie internationales SIS\" title=\"Tech (19)\" srcset=\"https:\/\/www.sisinternational.com\/wp-content\/uploads\/2025\/08\/Tech-19.jpg 1456w, https:\/\/www.sisinternational.com\/wp-content\/uploads\/2025\/08\/Tech-19-300x168.jpg 300w, https:\/\/www.sisinternational.com\/wp-content\/uploads\/2025\/08\/Tech-19-1024x574.jpg 1024w, https:\/\/www.sisinternational.com\/wp-content\/uploads\/2025\/08\/Tech-19-768x430.jpg 768w, https:\/\/www.sisinternational.com\/wp-content\/uploads\/2025\/08\/Tech-19-18x10.jpg 18w\" sizes=\"auto, (max-width: 1456px) 100vw, 1456px\"><\/figure>\n\n\n\n<p><\/p>\n\n\n\n<h2 class=\"wp-block-heading\">Nos solutions<\/h2>\n\n\n\n<p class=\"p1\">\n<!-- Page-list plugin v.5.9 wordpress.org\/plugins\/page-list\/ -->\n<div class=\"page-list page-list-ext page-list-cols-2\">\n<div class=\"page-list-ext-item\"><div class=\"page-list-ext-image\"><a href=\"https:\/\/www.sisinternational.com\/fr\/solutions\/innovation\/intelligence-technologique\/\" title=\"\u00c9tude de march\u00e9 technologique et informatique\"><img decoding=\"async\" src=\"https:\/\/www.sisinternational.com\/wp-content\/uploads\/2025\/08\/Tech-6-150x150.jpg\" width=\"150\" alt=\"\u00c9tude de march\u00e9 technologique et informatique\" \/><\/a><\/div> <h3 class=\"page-list-ext-title\"><a href=\"https:\/\/www.sisinternational.com\/fr\/solutions\/innovation\/intelligence-technologique\/\" title=\"\u00c9tude de march\u00e9 technologique et informatique\">\u00c9tude de march\u00e9 technologique et informatique<\/a><\/h3><div class=\"page-list-ext-item-content\">L\u2019\u00e9tude de march\u00e9 technologique analyse les opportunit\u00e9s et les menaces qui ont un impact sur la croissance et la survie de votre entreprise.<\/div><\/div>\n<div class=\"page-list-ext-item\"><div class=\"page-list-ext-image\"><a href=\"https:\/\/www.sisinternational.com\/fr\/solutions\/innovation\/ateliers-dideation\/\" title=\"Recherche d&#039;id\u00e9ation\"><img decoding=\"async\" src=\"https:\/\/www.sisinternational.com\/wp-content\/uploads\/2025\/08\/Desk-research-3-150x150.jpg\" width=\"150\" alt=\"Recherche d&#039;id\u00e9ation\" \/><\/a><\/div> <h3 class=\"page-list-ext-title\"><a href=\"https:\/\/www.sisinternational.com\/fr\/solutions\/innovation\/ateliers-dideation\/\" title=\"Recherche d&#039;id\u00e9ation\">Recherche d&#039;id\u00e9ation<\/a><\/h3><div class=\"page-list-ext-item-content\">La recherche d\u2019id\u00e9ation m\u00e8ne au d\u00e9veloppement de nouveaux produits am\u00e9lior\u00e9s et inimaginables auparavant. Les participants fournissent des informations de pointe.<\/div><\/div>\n<div class=\"page-list-ext-item\"><div class=\"page-list-ext-image\"><a href=\"https:\/\/www.sisinternational.com\/fr\/solutions\/innovation\/la-pensee-de-conception\/\" title=\"\u00c9tude de march\u00e9 sur le design thinking\"><img decoding=\"async\" src=\"https:\/\/www.sisinternational.com\/wp-content\/uploads\/2025\/08\/Creativity-22-150x150.jpg\" width=\"150\" alt=\"\u00c9tude de march\u00e9 sur le design thinking\" \/><\/a><\/div> <h3 class=\"page-list-ext-title\"><a href=\"https:\/\/www.sisinternational.com\/fr\/solutions\/innovation\/la-pensee-de-conception\/\" title=\"\u00c9tude de march\u00e9 sur le design thinking\">\u00c9tude de march\u00e9 sur le design thinking<\/a><\/h3><div class=\"page-list-ext-item-content\">Le Design Thinking commence par un objectif pr\u00e9cis : r\u00e9soudre un probl\u00e8me pour le client. <\/div><\/div>\n<div class=\"page-list-ext-item\"><div class=\"page-list-ext-image\"><a href=\"https:\/\/www.sisinternational.com\/fr\/solutions\/innovation\/etude-de-marche-non-client\/\" title=\"\u00c9tude de march\u00e9 non-client\"><img decoding=\"async\" src=\"https:\/\/www.sisinternational.com\/wp-content\/uploads\/2025\/08\/Customer-goods-1-150x150.jpg\" width=\"150\" alt=\"\u00c9tude de march\u00e9 non-client\" \/><\/a><\/div> <h3 class=\"page-list-ext-title\"><a href=\"https:\/\/www.sisinternational.com\/fr\/solutions\/innovation\/etude-de-marche-non-client\/\" title=\"\u00c9tude de march\u00e9 non-client\">\u00c9tude de march\u00e9 non-client<\/a><\/h3><div class=\"page-list-ext-item-content\">Nous fournissons des \u00e9tudes de march\u00e9 non-clients pour fournir des informations de pointe en mati\u00e8re d&#039;innovation.<\/div><\/div>\n<div class=\"page-list-ext-item\"><div class=\"page-list-ext-image\"><a href=\"https:\/\/www.sisinternational.com\/fr\/solutions\/innovation\/etude-de-marche-agile\/\" title=\"\u00c9tude de march\u00e9 agile\"><img decoding=\"async\" src=\"https:\/\/www.sisinternational.com\/wp-content\/uploads\/2025\/08\/Strategy-consulting-36-150x150.jpg\" width=\"150\" alt=\"\u00c9tude de march\u00e9 agile\" \/><\/a><\/div> <h3 class=\"page-list-ext-title\"><a href=\"https:\/\/www.sisinternational.com\/fr\/solutions\/innovation\/etude-de-marche-agile\/\" title=\"\u00c9tude de march\u00e9 agile\">\u00c9tude de march\u00e9 agile<\/a><\/h3><div class=\"page-list-ext-item-content\">D\u00e9couvrez comment rendre votre entreprise plus agile gr\u00e2ce \u00e0 la recherche et aux donn\u00e9es.<\/div><\/div>\n<div class=\"page-list-ext-item\"><div class=\"page-list-ext-image\"><a href=\"https:\/\/www.sisinternational.com\/fr\/solutions\/innovation\/comment-faire-evoluer-une-entreprise\/\" title=\"Comment faire \u00e9voluer une entreprise | Atteindre une croissance exponentielle\"><img decoding=\"async\" src=\"https:\/\/www.sisinternational.com\/wp-content\/uploads\/2025\/08\/CEO-woman-business-woman-10-150x150.jpg\" width=\"150\" alt=\"Comment faire \u00e9voluer une entreprise | Atteindre une croissance exponentielle\" \/><\/a><\/div> <h3 class=\"page-list-ext-title\"><a href=\"https:\/\/www.sisinternational.com\/fr\/solutions\/innovation\/comment-faire-evoluer-une-entreprise\/\" title=\"Comment faire \u00e9voluer une entreprise | Atteindre une croissance exponentielle\">Comment faire \u00e9voluer une entreprise | Atteindre une croissance exponentielle<\/a><\/h3><div class=\"page-list-ext-item-content\">Voici 16 fa\u00e7ons de d\u00e9velopper votre entreprise. D\u00e9veloppez votre entreprise et prosp\u00e9rez.<\/div><\/div>\n<div class=\"page-list-ext-item\"><div class=\"page-list-ext-image\"><a href=\"https:\/\/www.sisinternational.com\/fr\/solutions\/innovation\/economie-du-comportement-dans-les-etudes-de-marche\/\" title=\"\u00c9conomie comportementale dans les \u00e9tudes de march\u00e9\"><img decoding=\"async\" src=\"https:\/\/www.sisinternational.com\/wp-content\/uploads\/2025\/08\/Statistics-3-150x150.jpg\" width=\"150\" alt=\"\u00c9conomie comportementale dans les \u00e9tudes de march\u00e9\" \/><\/a><\/div> <h3 class=\"page-list-ext-title\"><a href=\"https:\/\/www.sisinternational.com\/fr\/solutions\/innovation\/economie-du-comportement-dans-les-etudes-de-marche\/\" title=\"\u00c9conomie comportementale dans les \u00e9tudes de march\u00e9\">\u00c9conomie comportementale dans les \u00e9tudes de march\u00e9<\/a><\/h3><div class=\"page-list-ext-item-content\">D\u00e9couvrez comment les \u00e9tudes de march\u00e9 en \u00e9conomie comportementale peuvent booster vos performances.<\/div><\/div>\n<div class=\"page-list-ext-item\"><div class=\"page-list-ext-image\"><a href=\"https:\/\/www.sisinternational.com\/fr\/solutions\/innovation\/etude-de-marche-sur-lapprentissage-profond-2\/\" title=\"\u00c9tude de march\u00e9 sur l\u2019apprentissage profond\"><img decoding=\"async\" src=\"https:\/\/www.sisinternational.com\/wp-content\/uploads\/2025\/08\/Deep-learning-machine-learning-42-150x150.jpg\" width=\"150\" alt=\"\u00c9tude de march\u00e9 sur l\u2019apprentissage profond\" \/><\/a><\/div> <h3 class=\"page-list-ext-title\"><a href=\"https:\/\/www.sisinternational.com\/fr\/solutions\/innovation\/etude-de-marche-sur-lapprentissage-profond-2\/\" title=\"\u00c9tude de march\u00e9 sur l\u2019apprentissage profond\">\u00c9tude de march\u00e9 sur l\u2019apprentissage profond<\/a><\/h3><div class=\"page-list-ext-item-content\">\nDeep Learning Market Research \n\n\n\n \n\n\n\n \n\n\n\nWhat is Deep Learning? \n\n\n\nDeep Learning is part of Machine Learning. The goal of Deep Learning is to make Artificial Intelligence smarter. It does this by copying the way that the human brain learns. The human...<\/div><\/div>\n<div class=\"page-list-ext-item\"><div class=\"page-list-ext-image\"><a href=\"https:\/\/www.sisinternational.com\/fr\/solutions\/innovation\/etude-de-marche-sur-la-genetique\/\" title=\"\u00c9tude de march\u00e9 sur la g\u00e9n\u00e9tique\"><img decoding=\"async\" src=\"https:\/\/www.sisinternational.com\/wp-content\/uploads\/2025\/09\/DNA-Genetics-27-150x150.jpg\" width=\"150\" alt=\"\u00c9tude de march\u00e9 sur la g\u00e9n\u00e9tique\" \/><\/a><\/div> <h3 class=\"page-list-ext-title\"><a href=\"https:\/\/www.sisinternational.com\/fr\/solutions\/innovation\/etude-de-marche-sur-la-genetique\/\" title=\"\u00c9tude de march\u00e9 sur la g\u00e9n\u00e9tique\">\u00c9tude de march\u00e9 sur la g\u00e9n\u00e9tique<\/a><\/h3><div class=\"page-list-ext-item-content\">\nGenetics Market Research \n\n\n\n \n\n\n\n \n\n\n\nWhat Is Genetics? \n\n\n\nGenetics is an area of biology that studies all life forms. It includes DNA, how genes form, and how plants and animals inherit those genes. It looks at how organisms pass genes and traits...<\/div><\/div>\n\n<\/div><\/p>","protected":false},"excerpt":{"rendered":"<p>L'innovation La recherche consiste \u00e0 trouver des solutions - soit \u00e0 des besoins connus, soit parfois \u00e0 des besoins non d\u00e9finis.<\/p>","protected":false},"author":1,"featured_media":62736,"parent":14457,"menu_order":4,"comment_status":"open","ping_status":"open","template":"","meta":{"footnotes":""},"class_list":["post-14459","page","type-page","status-publish","has-post-thumbnail"],"_links":{"self":[{"href":"https:\/\/www.sisinternational.com\/fr\/wp-json\/wp\/v2\/pages\/14459","targetHints":{"allow":["GET"]}}],"collection":[{"href":"https:\/\/www.sisinternational.com\/fr\/wp-json\/wp\/v2\/pages"}],"about":[{"href":"https:\/\/www.sisinternational.com\/fr\/wp-json\/wp\/v2\/types\/page"}],"author":[{"embeddable":true,"href":"https:\/\/www.sisinternational.com\/fr\/wp-json\/wp\/v2\/users\/1"}],"replies":[{"embeddable":true,"href":"https:\/\/www.sisinternational.com\/fr\/wp-json\/wp\/v2\/comments?post=14459"}],"version-history":[{"count":9,"href":"https:\/\/www.sisinternational.com\/fr\/wp-json\/wp\/v2\/pages\/14459\/revisions"}],"predecessor-version":[{"id":67345,"href":"https:\/\/www.sisinternational.com\/fr\/wp-json\/wp\/v2\/pages\/14459\/revisions\/67345"}],"up":[{"embeddable":true,"href":"https:\/\/www.sisinternational.com\/fr\/wp-json\/wp\/v2\/pages\/14457"}],"wp:featuredmedia":[{"embeddable":true,"href":"https:\/\/www.sisinternational.com\/fr\/wp-json\/wp\/v2\/media\/62736"}],"wp:attachment":[{"href":"https:\/\/www.sisinternational.com\/fr\/wp-json\/wp\/v2\/media?parent=14459"}],"curies":[{"name":"wp","href":"https:\/\/api.w.org\/{rel}","templated":true}]}}