{"id":14285,"date":"2015-02-13T10:58:33","date_gmt":"2015-02-13T10:58:33","guid":{"rendered":"https:\/\/www.sisinternational.com\/?page_id=14285"},"modified":"2025-09-05T22:14:32","modified_gmt":"2025-09-06T02:14:32","slug":"etude-de-marche-dentaire","status":"publish","type":"page","link":"https:\/\/www.sisinternational.com\/fr\/competence\/etude-de-marche-dentaire\/","title":{"rendered":"\u00c9tude de march\u00e9 dentaire"},"content":{"rendered":"<h1 class=\"wp-block-heading\">\u00c9tude de march\u00e9 dentaire<\/h1>\n\n\n\n<figure class=\"gb-block-image gb-block-image-2b3124a0\"><img loading=\"lazy\" decoding=\"async\" width=\"1456\" height=\"816\" class=\"gb-image gb-image-2b3124a0\" src=\"https:\/\/www.sisinternational.com\/wp-content\/uploads\/2025\/08\/Pharmaceutical-25.jpg\" alt=\"\u00c9tudes de march\u00e9 et strat\u00e9gie internationales SIS\" title=\"Pharmaceutical (25)\" srcset=\"https:\/\/www.sisinternational.com\/wp-content\/uploads\/2025\/08\/Pharmaceutical-25.jpg 1456w, https:\/\/www.sisinternational.com\/wp-content\/uploads\/2025\/08\/Pharmaceutical-25-300x168.jpg 300w, https:\/\/www.sisinternational.com\/wp-content\/uploads\/2025\/08\/Pharmaceutical-25-1024x574.jpg 1024w, https:\/\/www.sisinternational.com\/wp-content\/uploads\/2025\/08\/Pharmaceutical-25-768x430.jpg 768w, https:\/\/www.sisinternational.com\/wp-content\/uploads\/2025\/08\/Pharmaceutical-25-18x10.jpg 18w\" sizes=\"auto, (max-width: 1456px) 100vw, 1456px\"><\/figure>\n\n\n\n<p><\/p>\n\n\n\n<h2 class=\"wp-block-heading p1\">L\u2019industrie dentaire mondiale repr\u00e9sente une industrie de plusieurs milliards de dollars.<\/h2>\n\n\n\n<p class=\"p1\">Les \u00e9conomies de nombreuses r\u00e9gions du monde rebondissent, tout comme l\u2019industrie dentaire, port\u00e9e par une population mondiale vieillissante, une connaissance accrue de la sant\u00e9 bucco-dentaire et une demande croissante de dentisterie esth\u00e9tique.<\/p>\n\n\n\n<p class=\"p1\">Comme les gens ont plus \u00e0 d\u00e9penser, il est tout \u00e0 fait naturel qu&#039;ils retournent chez leurs dentistes, qui \u00e0 leur tour ont besoin de plus de fournitures, d&#039;\u00e9quipements et de services de laboratoire pour leur cabinet.<\/p>\n\n\n\n<h2 class=\"wp-block-heading p1\">Opportunit\u00e9s sur le march\u00e9 dentaire<\/h2>\n\n\n\n<p class=\"p1\">Dental Supply businesses are focusing on new global markets (Asia-Pacific is of prime interest), innovative products for pain alleviation, and orthodontic applications that increase revenues. New dental materials and computer-assisted manufacturing technologies are also showing profit-generating potential. In dental practices, mobile optimization, heightened social media presence, and citations are increasingly important for appointment booking. In addition, the creation of premium web content and placement in local internet directories are also critical in maintaining a profitable practice in the <a href=\"https:\/\/www.sisinternational.com\/fr\/marche-de-la-publicite-numerique\/\" title=\"Marketing et publicit\u00e9 \u00e0 l&#039;\u00e8re num\u00e9rique\"  data-wpil-monitor-id=\"9023\">digital marketing age<\/a>.<\/p>\n\n\n\n<h2 class=\"wp-block-heading\">M\u00e9thodes d&#039;\u00e9tude de march\u00e9<\/h2>\n\n\n\n<p>SIS conducts Dental Market Research, particularly in-person or video ethnographic interviews with consumers worldwide.&nbsp; The benefits are rapid, cost effective <a href=\"https:\/\/www.sisinternational.com\/fr\/global-beverage-market\/\" title=\"Global Beverage Market: Market Dynamics, Growth Projections &amp; Consumer Insights\"  data-wpil-monitor-id=\"9030\">insights in High Growth<\/a> Emerging Economies.&nbsp; We <a href=\"https:\/\/www.sisinternational.com\/fr\/solutions\/etude-de-marche-en-groupe-de-discussion\/comment-animer-un-groupe-de-discussion\/\" title=\"Comment animer un groupe de discussion\"  data-wpil-monitor-id=\"9026\">conduct Focus Groups<\/a>, Online Communities, Surveys and In-Depth Interviews with Dental professionals.<\/p>\n\n\n\n<p><strong>Nous menons des recherches aupr\u00e8s de divers d\u00e9cideurs\u00a0:<\/strong><\/p>\n\n\n\n<ul class=\"wp-block-list\">\n<li>Les patients<\/li>\n\n\n\n<li>Dentistes<\/li>\n\n\n\n<li>Hygi\u00e9nistes<\/li>\n\n\n\n<li>Techniciens de laboratoire<\/li>\n\n\n\n<li>Assistants dentaires<\/li>\n\n\n\n<li>Chirurgiens bucco-dentaires et maxillo-faciaux<\/li>\n\n\n\n<li>Techniciens de laboratoire dentaire<\/li>\n\n\n\n<li>Hygi\u00e9nistes dentaires<\/li>\n\n\n\n<li>Chefs de bureau<\/li>\n\n\n\n<li>Le personnel de bureau<\/li>\n\n\n\n<li>Orthodontistes<\/li>\n\n\n\n<li>Parodontistes<\/li>\n\n\n\n<li>Fabricants<\/li>\n<\/ul>\n\n\n\n<h2 class=\"wp-block-heading\">\u00c0 propos des \u00e9tudes de march\u00e9 dentaires<\/h2>\n\n\n\n<p><a href=\"https:\/\/www.sisinternational.com\/fr\/contacter-sis-etude-de-marche-internationale\/\" title=\"Contactez-nous\"  data-wpil-monitor-id=\"9018\">Recherche internationale SIS<\/a> makes it our business to remain aware of important trends in the global dental industry. We\u2019ve studied dental programs worldwide, interviewing patients, dentists, manufacturers, and insurance interests regarding practices, products, and industry innovations. Our intelligence efforts reveal invaluable information that helps our clients remain <a href=\"https:\/\/www.sisinternational.com\/fr\/le-besoin-de-veille-concurrentielle-dans-cette-recession\/\" title=\"Le besoin de veille concurrentielle en p\u00e9riode de r\u00e9cession\"  data-wpil-monitor-id=\"9031\">comp\u00e9titif<\/a> and profitable. In addition, we conduct <a href=\"https:\/\/www.sisinternational.com\/fr\/solutions\/groupes-de-discussion\/groupes-de-discussion-a-new-york-pour-tester-les-produits-de-la-generation-z\/\" title=\"Tirer parti des groupes de discussion \u00e0 New York pour tester les produits de la g\u00e9n\u00e9ration Z\"  data-wpil-monitor-id=\"9029\">Groupes de discussion<\/a> and surveys that zero-in on product performance, consumer attitudes, the opinions of professionals, and the mindsets of manufacturers that define the dental industry. Make an appointment to speak with us soon.<\/p>\n\n\n\n<p><\/p>","protected":false},"excerpt":{"rendered":"<p>Dans le cadre de l&#039;\u00e9tude de march\u00e9 dentaire, SIS s&#039;entretient avec les patients, les dentistes et les fabricants et \u00e9tudie les assurances, les produits et les innovations.<\/p>","protected":false},"author":1,"featured_media":62745,"parent":14514,"menu_order":12,"comment_status":"open","ping_status":"closed","template":"","meta":{"footnotes":""},"class_list":["post-14285","page","type-page","status-publish","has-post-thumbnail"],"_links":{"self":[{"href":"https:\/\/www.sisinternational.com\/fr\/wp-json\/wp\/v2\/pages\/14285","targetHints":{"allow":["GET"]}}],"collection":[{"href":"https:\/\/www.sisinternational.com\/fr\/wp-json\/wp\/v2\/pages"}],"about":[{"href":"https:\/\/www.sisinternational.com\/fr\/wp-json\/wp\/v2\/types\/page"}],"author":[{"embeddable":true,"href":"https:\/\/www.sisinternational.com\/fr\/wp-json\/wp\/v2\/users\/1"}],"replies":[{"embeddable":true,"href":"https:\/\/www.sisinternational.com\/fr\/wp-json\/wp\/v2\/comments?post=14285"}],"version-history":[{"count":6,"href":"https:\/\/www.sisinternational.com\/fr\/wp-json\/wp\/v2\/pages\/14285\/revisions"}],"predecessor-version":[{"id":68403,"href":"https:\/\/www.sisinternational.com\/fr\/wp-json\/wp\/v2\/pages\/14285\/revisions\/68403"}],"up":[{"embeddable":true,"href":"https:\/\/www.sisinternational.com\/fr\/wp-json\/wp\/v2\/pages\/14514"}],"wp:featuredmedia":[{"embeddable":true,"href":"https:\/\/www.sisinternational.com\/fr\/wp-json\/wp\/v2\/media\/62745"}],"wp:attachment":[{"href":"https:\/\/www.sisinternational.com\/fr\/wp-json\/wp\/v2\/media?parent=14285"}],"curies":[{"name":"wp","href":"https:\/\/api.w.org\/{rel}","templated":true}]}}