{"id":14207,"date":"2015-02-11T14:10:38","date_gmt":"2015-02-11T14:10:38","guid":{"rendered":"https:\/\/www.sisinternational.com\/?page_id=14207"},"modified":"2026-01-25T17:39:16","modified_gmt":"2026-01-25T22:39:16","slug":"etude-de-marche-du-sport","status":"publish","type":"page","link":"https:\/\/www.sisinternational.com\/fr\/competence\/etude-de-marche-du-sport\/","title":{"rendered":"\u00c9tude de march\u00e9 du sport"},"content":{"rendered":"<h1 class=\"wp-block-heading\">\u00c9tude de march\u00e9 du sport<\/h1>\n\n\n\n<figure class=\"gb-block-image gb-block-image-b48c2ad9\"><img loading=\"lazy\" decoding=\"async\" width=\"1456\" height=\"816\" class=\"gb-image gb-image-b48c2ad9\" src=\"https:\/\/www.sisinternational.com\/wp-content\/uploads\/2025\/08\/Soccer-football-sport-7.jpg\" srcset=\"https:\/\/www.sisinternational.com\/wp-content\/uploads\/2025\/08\/Soccer-football-sport-7.jpg 1456w, https:\/\/www.sisinternational.com\/wp-content\/uploads\/2025\/08\/Soccer-football-sport-7-300x168.jpg 300w, https:\/\/www.sisinternational.com\/wp-content\/uploads\/2025\/08\/Soccer-football-sport-7-1024x574.jpg 1024w, https:\/\/www.sisinternational.com\/wp-content\/uploads\/2025\/08\/Soccer-football-sport-7-768x430.jpg 768w, https:\/\/www.sisinternational.com\/wp-content\/uploads\/2025\/08\/Soccer-football-sport-7-18x10.jpg 18w\" sizes=\"auto, (max-width: 1456px) 100vw, 1456px\" alt=\"\u00c9tudes de march\u00e9 et strat\u00e9gie internationales SIS\"><\/figure>\n\n\n\n<p><\/p>\n\n\n\n<h2 class=\"wp-block-heading p1\">Sports Market Research fournit des donn\u00e9es, des analyses, des informations et des strat\u00e9gies sur les activit\u00e9s sportives et r\u00e9cr\u00e9atives.<\/h2>\n\n\n\n<p class=\"p1\">In the Sports industry, there are products manufactures, apparel companies, advertisers, teams, media and other companies.&nbsp; Sports are also growing in popularity in High Growth Emerging Markets.<\/p>\n\n\n\n<p class=\"p1\">Some sports are experiencing challenges with declining audiences in traditional TV broadcasting media.&nbsp; At the same time, there are new opportunities in online streaming, subscription revenue models and new sponsorship deals.<\/p>\n\n\n\n<p class=\"p1\">Les organisations sportives utilisent la puissance d\u2019\u00e9tudes de march\u00e9 efficaces pour mieux comprendre les canaux de publicit\u00e9 et de marchandisage lucratifs, pour avoir un aper\u00e7u de l\u2019esprit des fans et pour d\u00e9velopper des moyens passionnants d\u2019am\u00e9liorer leur exp\u00e9rience de divertissement globale. La recherche r\u00e9v\u00e8le \u00e9galement des moyens de cultiver votre base de fans.<\/p>\n\n\n\n<p class=\"p1\">SIS fournit des donn\u00e9es, des informations, des outils, des analyses et des strat\u00e9gies pour dynamiser votre activit\u00e9 sportive.<\/p>\n\n\n\n<p class=\"p1\"><strong>Gymnases, clubs de sport et centres de remise en forme<\/strong> often need <a href=\"https:\/\/www.sisinternational.com\/fr\/competence\/les-industries\/etude-de-marche-sur-les-paris-sportifs\/\" title=\"\u00c9tude de march\u00e9 sur les paris sportifs\"  data-wpil-monitor-id=\"3986\">\u00e9tude de march\u00e9 du sport<\/a> assistance on many levels.&nbsp; In-depth market analysis can reveal unmet customer needs, promotion strategies, pricing insights.&nbsp; Focus Groups can uncover information about what fitness fans expect.&nbsp; With the new information that becomes available, business leaders gain the confidence and new ideas to make tactical decisions needed to move forward successfully.<\/p>\n\n\n\n<p class=\"p1\"><strong>\u00c9quipements d&#039;athl\u00e9tisme et de fitness<\/strong> sales are big business. Massive markets exist on a global scale for not only retail sales, but organizational contracts, as well. Effective <a href=\"https:\/\/www.sisinternational.com\/fr\/competence\/les-industries\/etude-marketing-des-articles-de-sport\/\" title=\"Recherche marketing sur les articles de sport\"  data-wpil-monitor-id=\"6240\">\u00e9tude de march\u00e9 du sport<\/a> can improve your outreach and performance locally, regionally, nationally, and around the world. Competitive Intelligence provides key insights into the world\u2019s most prosperous firms, revealing effective marketing approaches and strategies. Innovative digital, social media and mobile-based promotions for peak market visibility are all part of assembling an overall game winning strategy.<\/p>\n\n\n\n<h2 class=\"wp-block-heading\">Solutions d&#039;\u00e9tudes de march\u00e9 du sport<\/h2>\n\n\n\n<p>SIS a plus de 40 ans d&#039;exp\u00e9rience dans la conduite de recherches et de strat\u00e9gies pour l&#039;industrie du sport. Nous fournissons:<\/p>\n\n\n\n<ul class=\"wp-block-list\">\n<li>Groupes de discussion<\/li>\n\n\n\n<li>Entretiens clients<\/li>\n\n\n\n<li>Communaut\u00e9s Insight en ligne<\/li>\n\n\n\n<li>Tests publicitaires<\/li>\n\n\n\n<li>Tests d&#039;utilisation<\/li>\n\n\n\n<li>Enqu\u00eates et entretiens sur les \u00e9v\u00e9nements<\/li>\n\n\n\n<li>Veille concurrentielle<\/li>\n\n\n\n<li><a href=\"https:\/\/www.sisinternational.com\/fr\/competence\/etude-de-marche-sur-les-conservateurs-desinfectants\/\" title=\"\u00c9tude de march\u00e9 sur les d\u00e9sinfectants et les conservateurs\"  data-wpil-monitor-id=\"4359\">Recherche d\u2019entr\u00e9e sur le march\u00e9 et d\u2019opportunit\u00e9s<\/a><\/li>\n<\/ul>\n\n\n\n<h2 class=\"wp-block-heading\"><a href=\"https:\/\/www.sisinternational.com\/fr\/about-sis\/contact-sis-international-market-research\/\">Contactez-nous pour votre prochain projet d\u2019\u00e9tude de march\u00e9 du sport.<\/a><\/h2>","protected":false},"excerpt":{"rendered":"<p>Nous fournissons des solutions d&#039;\u00e9tudes de march\u00e9 et de strat\u00e9gie sportives aux \u00c9tats-Unis et dans le monde.<\/p>","protected":false},"author":1,"featured_media":63341,"parent":14514,"menu_order":6,"comment_status":"open","ping_status":"closed","template":"","meta":{"footnotes":""},"class_list":["post-14207","page","type-page","status-publish","has-post-thumbnail"],"_links":{"self":[{"href":"https:\/\/www.sisinternational.com\/fr\/wp-json\/wp\/v2\/pages\/14207","targetHints":{"allow":["GET"]}}],"collection":[{"href":"https:\/\/www.sisinternational.com\/fr\/wp-json\/wp\/v2\/pages"}],"about":[{"href":"https:\/\/www.sisinternational.com\/fr\/wp-json\/wp\/v2\/types\/page"}],"author":[{"embeddable":true,"href":"https:\/\/www.sisinternational.com\/fr\/wp-json\/wp\/v2\/users\/1"}],"replies":[{"embeddable":true,"href":"https:\/\/www.sisinternational.com\/fr\/wp-json\/wp\/v2\/comments?post=14207"}],"version-history":[{"count":7,"href":"https:\/\/www.sisinternational.com\/fr\/wp-json\/wp\/v2\/pages\/14207\/revisions"}],"predecessor-version":[{"id":79823,"href":"https:\/\/www.sisinternational.com\/fr\/wp-json\/wp\/v2\/pages\/14207\/revisions\/79823"}],"up":[{"embeddable":true,"href":"https:\/\/www.sisinternational.com\/fr\/wp-json\/wp\/v2\/pages\/14514"}],"wp:featuredmedia":[{"embeddable":true,"href":"https:\/\/www.sisinternational.com\/fr\/wp-json\/wp\/v2\/media\/63341"}],"wp:attachment":[{"href":"https:\/\/www.sisinternational.com\/fr\/wp-json\/wp\/v2\/media?parent=14207"}],"curies":[{"name":"wp","href":"https:\/\/api.w.org\/{rel}","templated":true}]}}