{"id":12926,"date":"2015-01-18T14:38:14","date_gmt":"2015-01-18T14:38:14","guid":{"rendered":"https:\/\/www.sisinternational.com\/?page_id=12926"},"modified":"2026-03-12T21:35:57","modified_gmt":"2026-03-13T01:35:57","slug":"etude-de-marche-sur-les-tests-de-produits","status":"publish","type":"page","link":"https:\/\/www.sisinternational.com\/fr\/competence\/etude-de-marche-sur-les-tests-de-produits\/","title":{"rendered":"\u00c9tude de march\u00e9 sur les tests de produits"},"content":{"rendered":"<h1 class=\"wp-block-heading\">\u00c9tude de march\u00e9 sur les tests de produits<\/h1>\n\n\n\n<p><\/p>\n\n\n\n<figure class=\"gb-block-image gb-block-image-32cb63f2\"><img loading=\"lazy\" decoding=\"async\" width=\"1350\" height=\"736\" class=\"gb-image gb-image-32cb63f2\" src=\"https:\/\/www.sisinternational.com\/wp-content\/uploads\/2025\/09\/Sensory-testing-1.1.jpg\" alt=\"\u00c9tudes de march\u00e9 et strat\u00e9gie internationales SIS\" title=\"Sensory testing (1).1\" srcset=\"https:\/\/www.sisinternational.com\/wp-content\/uploads\/2025\/09\/Sensory-testing-1.1.jpg 1350w, https:\/\/www.sisinternational.com\/wp-content\/uploads\/2025\/09\/Sensory-testing-1.1-300x164.jpg 300w, https:\/\/www.sisinternational.com\/wp-content\/uploads\/2025\/09\/Sensory-testing-1.1-1024x558.jpg 1024w, https:\/\/www.sisinternational.com\/wp-content\/uploads\/2025\/09\/Sensory-testing-1.1-768x419.jpg 768w, https:\/\/www.sisinternational.com\/wp-content\/uploads\/2025\/09\/Sensory-testing-1.1-18x10.jpg 18w\" sizes=\"auto, (max-width: 1350px) 100vw, 1350px\"><\/figure>\n\n\n\n<h2 class=\"wp-block-heading p1\">Faire passer un produit \u00e0 travers la phase de conception peut \u00eatre un processus intimidant dans un march\u00e9 complexe et en constante \u00e9volution.<\/h2>\n\n\n\n<p>Conducting comprehensive and insight-rich testing with targeted stakeholders and consumers is crucial to mitigating the risks associated with launching a new product.&nbsp;We take a unique and innovative approach to conducting product tests and delivering critical pre-launch consumer analysis to clients.<\/p>\n\n\n\n<h2 class=\"wp-block-heading\">Qu\u2019est-ce qu\u2019une \u00e9tude de march\u00e9 sur les tests de produits ?<\/h2>\n\n\n\n<p>Les \u00e9tudes de march\u00e9 sur les tests de produits sont un \u00e9l\u00e9ment essentiel du d\u00e9veloppement de produits. En collectant des informations et des donn\u00e9es aupr\u00e8s de clients potentiels, les entreprises peuvent en savoir plus sur les performances, la convivialit\u00e9 et l&#039;opportunit\u00e9 d&#039;un produit.<\/p>\n\n\n\n<p>With these findings, companies have the information necessary to make wise decisions about their products, increasing <a href=\"https:\/\/www.sisinternational.com\/fr\/ameliorer-la-relation-client\/\" title=\"Comment am\u00e9liorer la satisfaction client et ravir les clients insatisfaits\"  data-wpil-monitor-id=\"10718\">customer satisfaction while simultaneously improving<\/a> sales.<\/p>\n\n\n\n<h2 class=\"wp-block-heading p5\">Pourquoi les \u00e9tudes de march\u00e9 sur les tests de produits sont-elles si importantes ?<\/h2>\n\n\n\n<p class=\"p3\">Product testing market research is critical for making sure the products truly matter to customers. This is because you can study market trends and current consumer preferences that may change from year to year depending on the <a href=\"https:\/\/www.sisinternational.com\/fr\/transporteurs-low-cost-dans-lindustrie-aeronautique\/\" title=\"\u00c9tude de march\u00e9 sur les compagnies a\u00e9riennes \u00e0 bas prix\"  data-wpil-monitor-id=\"10713\">mondial<\/a> market and its trends.<\/p>\n\n\n\n<p class=\"p3\">Ainsi, les entreprises devraient mener des \u00e9tudes de march\u00e9 sur les tests de produits pour comprendre comment les clients potentiels per\u00e7oivent leurs produits, d\u00e9couvrir les probl\u00e8mes ou pr\u00e9occupations que les consommateurs pourraient avoir et les modifier en cons\u00e9quence. Sans ces recherches, les entreprises risquent de lancer des produits qui ne r\u00e9pondent pas aux attentes des clients. <span class=\"s1\">\u2013<\/span> et cela peut entra\u00eener de faibles ventes et nuire \u00e0 la r\u00e9putation de la marque.<\/p>\n\n\n\n<p class=\"p3\">En outre, ces informations peuvent aider les entreprises \u00e0 d\u00e9velopper des strat\u00e9gies raffin\u00e9es pour leurs produits qui les distinguent de la concurrence, offrant ainsi aux entreprises un avantage concurrentiel.<\/p>\n\n\n\n<h2 class=\"wp-block-heading p5\">Opportunit\u00e9s et d\u00e9fis des \u00e9tudes de march\u00e9 sur les tests de produits<\/h2>\n\n\n\n<p class=\"p6\">Les \u00e9tudes de march\u00e9 sur les tests de produits ouvrent de grandes fen\u00eatres d\u2019opportunit\u00e9s pour les entreprises. Cependant, il faut \u00e9galement tenir compte du fait que cette \u00e9tude pr\u00e9sente certains d\u00e9fis \u00e0 surmonter pour obtenir une image pr\u00e9cise des go\u00fbts des consommateurs sur un march\u00e9 sp\u00e9cifique.<\/p>\n\n\n\n<h3 class=\"wp-block-heading p6\">Opportunit\u00e9s<\/h3>\n\n\n\n<ul class=\"wp-block-list ul1\">\n<li><b>Innovation<\/b>: Product testing <a href=\"https:\/\/www.sisinternational.com\/fr\/solutions\/solutions-de-recherche-qualitative-et-quantitative\/wine-taste-testing\/\" title=\"Wine Taste Testing\"  data-wpil-monitor-id=\"1245\">\u00e9tude de march\u00e9<\/a> delivers valuable insights into customer demands and tastes, helping companies identify potential areas for innovation and differentiate their products from those of their competitors.<\/li>\n\n\n\n<li><b>Personnalisation<\/b>: Les entreprises peuvent accro\u00eetre la fid\u00e9lit\u00e9 et la satisfaction de leurs clients en cr\u00e9ant des produits qui r\u00e9pondent directement aux besoins des clients. En exploitant ce qui d\u00e9termine leurs pr\u00e9f\u00e9rences, les entreprises renforceront la confiance tout en cr\u00e9ant des solutions sur mesure qui r\u00e9pondent \u00e0 chaque exigence unique.<\/li>\n\n\n\n<li><b>l&#039;image de marque<\/b>: Les \u00e9tudes de march\u00e9 sur les tests de produits fournissent un aper\u00e7u consid\u00e9rable de la fa\u00e7on dont les consommateurs per\u00e7oivent les produits de l&#039;entreprise. Il permet \u00e0 l\u2019\u00e9quipe d\u00e9cisionnelle d\u2019affiner l\u2019identit\u00e9 de la marque.<\/li>\n\n\n\n<li><b>R\u00e9duction des co\u00fbts<\/b>: Les entreprises peuvent r\u00e9duire le co\u00fbt des am\u00e9liorations de produits apr\u00e8s le lancement en r\u00e9solvant les probl\u00e8mes avant le lancement, ce qui se traduit par une efficacit\u00e9 am\u00e9lior\u00e9e et des b\u00e9n\u00e9fices plus \u00e9lev\u00e9s.<\/li>\n\n\n\n<li><b>L&#039;expansion du march\u00e9<\/b>: <a href=\"https:\/\/www.sisinternational.com\/fr\/publications\/etude-de-marche-sur-les-entreprises-evolutives-7-facons-de-creer-une-entreprise-evolutive\/\" title=\"\u00c9tude de march\u00e9 sur les entreprises \u00e9volutives\u00a0: 7 fa\u00e7ons de cr\u00e9er une entreprise \u00e9volutive\"  data-wpil-monitor-id=\"10720\">\u00c9tude de march\u00e9<\/a> can uncover untapped potential for businesses, unveiling fresh and unexplored market opportunities that could lead to expansive growth.<\/li>\n\n\n\n<li><b><a href=\"https:\/\/www.sisinternational.com\/fr\/campagne-de-marketing-multicanal\/\" title=\"Optimiser les strat\u00e9gies de marketing multicanal pour une meilleure p\u00e9n\u00e9tration du march\u00e9\"  data-wpil-monitor-id=\"10717\">Strat\u00e9gies marketing am\u00e9lior\u00e9es<\/a><\/b>: En tirant parti des commentaires des clients, les entreprises peuvent b\u00e9n\u00e9ficier d\u2019informations approfondies pour personnaliser leurs strat\u00e9gies marketing et atteindre un public plus large et davantage de clients potentiels.<\/li>\n<\/ul>\n\n\n\n<h3 class=\"wp-block-heading p8\">D\u00e9fis<\/h3>\n\n\n\n<p class=\"p3\">Les \u00e9tudes de march\u00e9 sur les tests de produits peuvent \u00eatre b\u00e9n\u00e9fiques pour les entreprises, mais la r\u00e9alisation de ce type d\u2019\u00e9tude pose quelques d\u00e9fis :<\/p>\n\n\n\n<ul class=\"wp-block-list ul1\">\n<li>R\u00e9aliser une \u00e9tude de march\u00e9 pour tester des produits peut \u00eatre long et co\u00fbteux si l&#039;entreprise souhaite tester plusieurs produits ou envisage de p\u00e9n\u00e9trer plusieurs march\u00e9s en m\u00eame temps. Les entreprises doivent investir le temps et les fonds n\u00e9cessaires pour s&#039;assurer que l&#039;\u00e9tude est r\u00e9alis\u00e9e avec pr\u00e9cision.<\/li>\n\n\n\n<li>Trouver des participants appropri\u00e9s pour la recherche peut s\u2019av\u00e9rer difficile en fonction des caract\u00e9ristiques particuli\u00e8res de l\u2019\u00e9chantillon du march\u00e9 cible.<\/li>\n\n\n\n<li>Les entreprises doivent garantir que la taille de l\u2019\u00e9chantillon de leur recherche est suffisante pour obtenir des r\u00e9sultats valables. Dans le cas contraire, elles ne pourront pas tirer de conclusions fiables \u00e0 partir des donn\u00e9es collect\u00e9es.<\/li>\n\n\n\n<li>Les cabinets de conseil doivent att\u00e9nuer les biais lors des tests de produits et des \u00e9tudes de march\u00e9. Si le mod\u00e9rateur ne demande pas aux participants de d\u00e9velopper leurs r\u00e9ponses, ceux-ci pourraient ressentir une pression sociale et fournir des r\u00e9ponses similaires.<\/li>\n\n\n\n<li>Interpreting the research results may be a complex task if there are multiple <a href=\"https:\/\/www.sisinternational.com\/fr\/couverture\/etude-de-marche-en-afrique\/etude-de-marche-au-cameroun\/\" title=\"Etude de march\u00e9 au Cameroun\"  data-wpil-monitor-id=\"5275\">des produits<\/a> for different market segments. Companies must carefully evaluate the data they receive and use it to make effective product development decisions.<\/li>\n<\/ul>\n\n\n\n<h2 class=\"wp-block-heading p1\">Notre approche<\/h2>\n\n\n\n<p><\/p>\n\n\n\n<figure class=\"gb-block-image gb-block-image-1622b002\"><img loading=\"lazy\" decoding=\"async\" width=\"1456\" height=\"816\" class=\"gb-image gb-image-1622b002\" src=\"https:\/\/www.sisinternational.com\/wp-content\/uploads\/2025\/09\/Sensory-testing-3.jpg\" alt=\"\u00c9tudes de march\u00e9 et strat\u00e9gie internationales SIS\" title=\"Sensory testing (3)\" srcset=\"https:\/\/www.sisinternational.com\/wp-content\/uploads\/2025\/09\/Sensory-testing-3.jpg 1456w, https:\/\/www.sisinternational.com\/wp-content\/uploads\/2025\/09\/Sensory-testing-3-300x168.jpg 300w, https:\/\/www.sisinternational.com\/wp-content\/uploads\/2025\/09\/Sensory-testing-3-1024x574.jpg 1024w, https:\/\/www.sisinternational.com\/wp-content\/uploads\/2025\/09\/Sensory-testing-3-768x430.jpg 768w, https:\/\/www.sisinternational.com\/wp-content\/uploads\/2025\/09\/Sensory-testing-3-18x10.jpg 18w\" sizes=\"auto, (max-width: 1456px) 100vw, 1456px\"><\/figure>\n\n\n\n<p class=\"p1\">Nos techniques de tests de concepts multicouches visent \u00e0 identifier les relations avec les consommateurs, les sources de connexions \u00e9motionnelles, les besoins non satisfaits et les pr\u00e9f\u00e9rences de produits. Les tests de concepts les plus efficaces utilisent souvent une m\u00e9thodologie hybride, employant \u00e0 la fois des discussions qualitatives et des enqu\u00eates quantitatives \u00e0 plus grande \u00e9chelle. En fin de compte, nos solutions fournissent \u00e0 nos clients de riches couches de donn\u00e9es exploitables qui d\u00e9terminent les r\u00e9sultats de leurs nouveaux produits sur le march\u00e9.<\/p>\n\n\n\n<h2 class=\"wp-block-heading\">\u00c9tude de cas\u00a0: tests de produits sur les objectifs d&#039;appareils photo reflex num\u00e9riques<\/h2>\n\n\n\n<h3 class=\"wp-block-heading\">Contexte et objectifs de recherche<\/h3>\n\n\n\n<p>Le client, un fabricant d&#039;objectifs pour appareils photo reflex num\u00e9riques, a cherch\u00e9 \u00e0 comprendre les raisons qui sous-tendent l&#039;opinion des consommateurs am\u00e9ricains sur les \u00e9l\u00e9ments esth\u00e9tiques des objectifs pour appareils photo reflex num\u00e9riques de milieu et haut de gamme. L&#039;int\u00e9r\u00eat portait plus particuli\u00e8rement sur les aspects visuels, tactiles et auditifs des objectifs que sur la qualit\u00e9 des photos qu&#039;ils produisaient. L&#039;attitude des consommateurs \u00e0 l&#039;\u00e9gard de l&#039;apparence, de la sensation et de la structure des objectifs a \u00e9t\u00e9 quelque peu n\u00e9glig\u00e9e dans les recherches pr\u00e9c\u00e9dentes dans ce domaine, qui se sont principalement concentr\u00e9es sur les aspects fonctionnels de la qualit\u00e9 des objectifs.<\/p>\n\n\n\n<p><strong>M\u00e9thodologie<\/strong><\/p>\n\n\n\n<p>23 r\u00e9pondants ont \u00e9t\u00e9 s\u00e9lectionn\u00e9s sur la base de trois crit\u00e8res principaux :<\/p>\n\n\n\n<ol class=\"wp-block-list\">\n<li>Poss\u00e9der des appareils photo num\u00e9riques Canon et Nikon haut de gamme et milieu de gamme<\/li>\n\n\n\n<li>Poss\u00e9der au moins 3 objectifs d&#039;appareil photo reflex num\u00e9rique<\/li>\n\n\n\n<li>Prendre des photos avec un appareil photo reflex num\u00e9rique au moins cinq fois par semaine.<\/li>\n<\/ol>\n\n\n\n<p>These respondents were invited to a Manhattan photo studio where they provided their in-depth opinions on 14 different DSLR camera lenses. The lenses, each from different manufacturers, were selected to represent different aesthetic styles and choices that designers make, e.g. the location of labels and controls on the lens, the ease or difficulty with which the focus and zoom rings can be turned, and the feeling of the material the lens is made of. Each respondent completed one hand-written survey per lens, which included both scale-ranking questions as well as open-ended, qualitative questions. The results of these surveys were then analyzed on both a quantitative and <a href=\"https:\/\/www.sisinternational.com\/fr\/tendances-futures-des-etudes-de-marche-qualitatives\/\" title=\"Tendances futures en mati\u00e8re d&#039;\u00e9tudes de march\u00e9 qualitatives\"  data-wpil-monitor-id=\"10719\">qualitative level to uncover market trends<\/a>.<\/p>\n\n\n\n<p><strong>Constatations et points \u00e0 retenir<\/strong><\/p>\n\n\n\n<p>L&#039;analyse de ces questionnaires a donn\u00e9 plusieurs r\u00e9sultats cl\u00e9s, notamment\u00a0:<\/p>\n\n\n\n<p>Le client a compris l\u2019opportunit\u00e9 de produire des bagues de zoom et de mise au point qui n\u00e9cessitent un minimum d\u2019effort pour les r\u00e9gler tout en conservant une impression de pr\u00e9cision et de robustesse. Cela est venu de la d\u00e9couverte surprenante que c\u2019\u00e9tait le facteur le plus d\u00e9terminant de la qualit\u00e9 globale de l\u2019objectif. Des entretiens approfondis avec des r\u00e9pondants s\u00e9lectionn\u00e9s ont mis en lumi\u00e8re la n\u00e9cessit\u00e9 d\u2019avoir des objectifs qui font le moins de bruit possible dans les environnements professionnels afin de ne pas distraire les sujets photographi\u00e9s, ce qui repr\u00e9sente une opportunit\u00e9 de commercialiser des objectifs silencieux aupr\u00e8s des photographes professionnels. L\u2019analyse de l\u2019enqu\u00eate a r\u00e9v\u00e9l\u00e9 que le poids de l\u2019objectif est un d\u00e9terminant important de sa sensation globale de durabilit\u00e9. \u00c9tant donn\u00e9 que ces objectifs repr\u00e9sentent un investissement important (de nombreux objectifs haut de gamme se vendent \u00e0 plus de 1 400 TP), les consommateurs veulent avoir le sentiment d\u2019acheter un produit qui va durer. Le client a alors pu reconna\u00eetre la valeur du message d\u2019un objectif solide et durable qui durera toute une vie.<\/p>\n\n\n\n<h2 class=\"wp-block-heading\">\u00c0 propos de l\u2019\u00e9tude de march\u00e9 sur les tests de produits SIS<\/h2>\n\n\n\n<p><a href=\"https:\/\/twitter.com\/SISIntlResearch\" target=\"_blank\" rel=\"noopener\"><span style=\"font-weight: 400;\">SIS<\/span><\/a> est une soci\u00e9t\u00e9 d&#039;\u00e9tudes de march\u00e9 de premier plan. Nous avons men\u00e9 des milliers de tests aux \u00c9tats-Unis et dans le monde entier. Les tests de produits sont ax\u00e9s sur les d\u00e9tails et n\u00e9cessitent de l&#039;exp\u00e9rience pour garantir qu&#039;ils sont men\u00e9s efficacement. Nous fournissons cette exp\u00e9rience.<\/p>\n\n\n\n<h3 class=\"wp-block-heading\">Nos solutions de recherche de produits comprennent\u00a0:<\/h3>\n\n\n\n<ul class=\"wp-block-list\">\n<li>Tests de produits monadiques s\u00e9quentiels<\/li>\n\n\n\n<li>Tests de produits monadiques<\/li>\n\n\n\n<li>Ethnographie<\/li>\n\n\n\n<li>Tests d&#039;utilisation \u00e0 domicile<\/li>\n\n\n\n<li><a href=\"https:\/\/www.sisinternational.com\/fr\/solutions\/solutions-de-recherche-qualitative-et-quantitative\/tests-en-localisation-centrale-vs-groupes-de-discussion\/\" title=\"Tests de localisation centrale vs groupes de discussion\" data-wpil-monitor-id=\"10715\">Essais en situation centrale<\/a><\/li>\n\n\n\n<li>Groupes de discussion<\/li>\n\n\n\n<li>Ethnographie mobile<\/li>\n<\/ul>\n\n\n\n<p><a href=\"https:\/\/www.linkedin.com\/company\/sisinternationalresearch\/\" target=\"_blank\" rel=\"noopener\"><span style=\"font-weight: 400;\">SIS International<\/span><\/a> offers Quantitative, Qualitative, and Strategy Research. We provide data, tools, strategies, reports, and insights for decision-making. We also conduct interviews, surveys, focus groups, and many other <a href=\"https:\/\/www.sisinternational.com\/fr\/quantitative-market-research-methods-and-techniques\/\" title=\"Quantitative Market Research Methods and Techniques\" data-wpil-monitor-id=\"10714\">Market Research methods<\/a> and approaches. Contact us for your <a href=\"https:\/\/www.sisinternational.com\/fr\/competence\/les-industries\/etude-de-marche-sur-les-technologies-de-nouvelle-generation\/\" title=\"\u00c9tude de march\u00e9 sur les technologies de nouvelle g\u00e9n\u00e9ration\" data-wpil-monitor-id=\"10716\">next Market Research<\/a> projet.<\/p>","protected":false},"excerpt":{"rendered":"<p>SIS est une soci\u00e9t\u00e9 leader en \u00e9tudes de march\u00e9. Les \u00e9tudes de march\u00e9 sur les tests de produits fournissent des informations et des donn\u00e9es aux entreprises qui lancent de nouveaux produits.<\/p>","protected":false},"author":1,"featured_media":66987,"parent":14514,"menu_order":1,"comment_status":"closed","ping_status":"closed","template":"","meta":{"footnotes":""},"class_list":["post-12926","page","type-page","status-publish","has-post-thumbnail"],"_links":{"self":[{"href":"https:\/\/www.sisinternational.com\/fr\/wp-json\/wp\/v2\/pages\/12926","targetHints":{"allow":["GET"]}}],"collection":[{"href":"https:\/\/www.sisinternational.com\/fr\/wp-json\/wp\/v2\/pages"}],"about":[{"href":"https:\/\/www.sisinternational.com\/fr\/wp-json\/wp\/v2\/types\/page"}],"author":[{"embeddable":true,"href":"https:\/\/www.sisinternational.com\/fr\/wp-json\/wp\/v2\/users\/1"}],"replies":[{"embeddable":true,"href":"https:\/\/www.sisinternational.com\/fr\/wp-json\/wp\/v2\/comments?post=12926"}],"version-history":[{"count":8,"href":"https:\/\/www.sisinternational.com\/fr\/wp-json\/wp\/v2\/pages\/12926\/revisions"}],"predecessor-version":[{"id":81756,"href":"https:\/\/www.sisinternational.com\/fr\/wp-json\/wp\/v2\/pages\/12926\/revisions\/81756"}],"up":[{"embeddable":true,"href":"https:\/\/www.sisinternational.com\/fr\/wp-json\/wp\/v2\/pages\/14514"}],"wp:featuredmedia":[{"embeddable":true,"href":"https:\/\/www.sisinternational.com\/fr\/wp-json\/wp\/v2\/media\/66987"}],"wp:attachment":[{"href":"https:\/\/www.sisinternational.com\/fr\/wp-json\/wp\/v2\/media?parent=12926"}],"curies":[{"name":"wp","href":"https:\/\/api.w.org\/{rel}","templated":true}]}}