{"id":11829,"date":"2014-11-28T18:19:52","date_gmt":"2014-11-28T18:19:52","guid":{"rendered":"https:\/\/www.sisinternational.com\/?page_id=11829"},"modified":"2026-03-12T23:50:03","modified_gmt":"2026-03-13T03:50:03","slug":"recherche-dopportunites-dentree-sur-le-marche","status":"publish","type":"page","link":"https:\/\/www.sisinternational.com\/fr\/market-entry-intelligence-page\/recherche-dopportunites-dentree-sur-le-marche\/","title":{"rendered":"Recherche d\u2019entr\u00e9e sur le march\u00e9 et d\u2019opportunit\u00e9s"},"content":{"rendered":"<h1 class=\"wp-block-heading entry-title\">Recherche d\u2019entr\u00e9e sur le march\u00e9 et d\u2019opportunit\u00e9s<\/h1>\n\n\n\n<p><\/p>\n\n\n\n<figure class=\"gb-block-image gb-block-image-c87852c5\"><img loading=\"lazy\" decoding=\"async\" width=\"1456\" height=\"816\" class=\"gb-image gb-image-c87852c5\" src=\"https:\/\/www.sisinternational.com\/wp-content\/uploads\/2025\/09\/Market-Entry-Consulting-in-China-1.jpg\" srcset=\"https:\/\/www.sisinternational.com\/wp-content\/uploads\/2025\/09\/Market-Entry-Consulting-in-China-1.jpg 1456w, https:\/\/www.sisinternational.com\/wp-content\/uploads\/2025\/09\/Market-Entry-Consulting-in-China-1-300x168.jpg 300w, https:\/\/www.sisinternational.com\/wp-content\/uploads\/2025\/09\/Market-Entry-Consulting-in-China-1-1024x574.jpg 1024w, https:\/\/www.sisinternational.com\/wp-content\/uploads\/2025\/09\/Market-Entry-Consulting-in-China-1-768x430.jpg 768w, https:\/\/www.sisinternational.com\/wp-content\/uploads\/2025\/09\/Market-Entry-Consulting-in-China-1-18x10.jpg 18w\" sizes=\"auto, (max-width: 1456px) 100vw, 1456px\" alt=\"\u00c9tudes de march\u00e9 et strat\u00e9gie internationales SIS\"><\/figure>\n\n\n\n<p><\/p>\n\n\n\n<h2 class=\"wp-block-heading p1\">SIS Strategy peut vous aider \u00e0 explorer des opportunit\u00e9s dans de nouvelles zones g\u00e9ographiques et de nouveaux secteurs industriels.<\/h2>\n\n\n\n<p class=\"p1\">With Market Entry and Opportunity Research, we start by understanding your objectives, then the context of your business within the local or global trends most impacting your decisions. Through our research arm, SIS can further tap into the \u201cVoice of the Customer,\u201d exploring the impact and appetite towards your product or service. Our Competitive Intelligence services will further help you glean insight into the competitive landscape, including possible market adjustments or even investment\/divestment opportunities.&nbsp;Working closely with our local offices\u2014Shanghai, Manila, Seoul, London, and Frankfurt, to name a few\u2014as well as our extensive database of local <a href=\"https:\/\/www.sisinternational.com\/fr\/recherche-sur-les-opportunites-dentree-sur-le-marche-en-chine\/\" title=\"Recherche sur l\u2019entr\u00e9e sur le march\u00e9 et les opportunit\u00e9s en Chine\"  data-wpil-monitor-id=\"3606\">market entry and Opportunity<\/a> knowledge, we connect you with incisive intelligence to rapidly capture new opportunities in the marketplace.<\/p>\n\n\n\n<p>De vos objectifs au contexte du march\u00e9, nous continuons \u00e0 d\u00e9velopper les renseignements sur le terrain qui comptent le plus. Ces informations sont ensuite utilis\u00e9es pour g\u00e9n\u00e9rer les informations et recommandations cl\u00e9s, ainsi que les d\u00e9cisions Make\/Partenaire\/Acheter et Go\/No-Go que vous devez explorer lorsque vous r\u00e9fl\u00e9chissez \u00e0 l&#039;entr\u00e9e dans de nouvelles gammes de produits ou \u00e0 l&#039;extension de gammes de produits existantes.<\/p>\n\n\n\n<h2 class=\"wp-block-heading\">Opportunit\u00e9s de march\u00e9 et sujets d\u2019entr\u00e9e<\/h2>\n\n\n\n<ul class=\"wp-block-list\">\n<li>Paysage du march\u00e9 \u2013 Le march\u00e9 offre-t-il suffisamment d\u2019unit\u00e9s et de volumes de ventes pour y entrer ?<\/li>\n\n\n\n<li>Market Size&nbsp;\u2013 units and revenue volume<\/li>\n\n\n\n<li>Paysage concurrentiel : qui sont les principaux concurrents ?<\/li>\n\n\n\n<li>Chaines de distributions<\/li>\n\n\n\n<li>OEM \u2013 Qui sont les principaux OEM et pouvez-vous d\u00e9velopper une relation avec eux\u00a0?<\/li>\n\n\n\n<li>Barri\u00e8res sociales, politiques et juridiques \u00e0 l\u2019entr\u00e9e<\/li>\n\n\n\n<li>Besoins nationaux satisfaits par des fournisseurs locaux et internationaux<\/li>\n\n\n\n<li>Des besoins non satisfaits du march\u00e9<\/li>\n\n\n\n<li>Strat\u00e9gie de prix<\/li>\n\n\n\n<li>Strat\u00e9gie promotionnelle<\/li>\n\n\n\n<li>Domaines d\u2019opportunit\u00e9s de march\u00e9<\/li>\n\n\n\n<li>Conclusions\/Recommandations<\/li>\n<\/ul>\n\n\n\n<h4 class=\"wp-block-heading\">Through our research arm, SIS can further tap into the \u201cVoice of the Customer\u201d, exploring the impact and appetite towards your product or service.&nbsp; Our Competitive Intelligence services will further help you glean insight into the competitive landscape, including possible market adjustments or even investment\/divestment opportunities.<\/h4>\n\n\n\n<h2 class=\"wp-block-heading\"><\/h2>\n\n\n\n<h2 class=\"wp-block-heading\">Qu\u2019est-ce que la recherche d\u2019opportunit\u00e9s de march\u00e9 ?<\/h2>\n\n\n\n<p>Une opportunit\u00e9 de march\u00e9 (MO) est un produit ou un service potentiel que les consommateurs peuvent souhaiter. En fait, si d\u2019autres entreprises ne le fournissent pas, c\u2019est l\u00e0 que r\u00e9side l\u2019opportunit\u00e9. Il est donc essentiel d&#039;obtenir le plus de d\u00e9tails possible \u00e0 ce sujet afin de pouvoir b\u00e9n\u00e9ficier d&#039;un nouveau march\u00e9. C&#039;est l\u00e0 qu&#039;interviennent les \u00e9tudes de march\u00e9. Les \u00e9tudes de march\u00e9 permettent \u00e0 une entreprise d&#039;obtenir davantage d&#039;informations sur la demande sur de nouveaux march\u00e9s. Lorsque vous effectuez votre recherche sur MO, il convient de noter certains domaines cl\u00e9s\u00a0:<\/p>\n\n\n\n<h3 class=\"wp-block-heading\">1. Recherchez vos clients et vos concurrents.<\/h3>\n\n\n\n<p>Utilisez les \u00e9tudes de march\u00e9 pour comprendre en profondeur vos clients et vos concurrents. Cela vous aidera \u00e0 voir si la demande pour le produit\/service est r\u00e9elle et si le risque que votre entreprise se d\u00e9veloppe sur un nouveau march\u00e9 en vaut la peine.<\/p>\n\n\n\n<h3 class=\"wp-block-heading\">2. Obtenez une vue d\u2019ensemble du march\u00e9.<\/h3>\n\n\n\n<p>Lorsque vous effectuez une recherche, il est essentiel d\u2019avoir une vision approfondie du march\u00e9. Par exemple, vous devez demander\u00a0:<\/p>\n\n\n\n<ul class=\"wp-block-list\">\n<li>Quelle est la taille du march\u00e9 ?<\/li>\n\n\n\n<li>\u00c0 quelle vitesse s\u2019\u00e9tend-il ou se contracte-t-il ?<\/li>\n\n\n\n<li>Combien y a-t-il d\u2019acheteurs ?<\/li>\n\n\n\n<li>Quelle est l\u2019intensit\u00e9 de la comp\u00e9tition ?<\/li>\n<\/ul>\n\n\n\n<h3 class=\"wp-block-heading\">3. Explorez d&#039;autres opportunit\u00e9s.<\/h3>\n\n\n\n<p>Il est \u00e9galement judicieux d\u2019envisager d\u2019autres options. De nombreuses entreprises ayant fait leurs preuves en mati\u00e8re de r\u00e9ussite gardent cela \u00e0 l\u2019esprit. Un autre point cl\u00e9 est qu\u2019en prenant le pouls du march\u00e9, cela vous permettra de trouver de nouvelles fa\u00e7ons de d\u00e9velopper votre marque. Cela vous permettra \u00e9galement de surpasser vos rivaux.<\/p>\n\n\n\n<h4 class=\"wp-block-heading\">4. Comprendre l\u2019environnement des affaires.<\/h4>\n\n\n\n<p>De nombreux facteurs peuvent affecter le fonctionnement des entreprises. Les exemples sont le d\u00e9veloppement technologique, les indicateurs \u00e9conomiques ainsi que les changements g\u00e9opolitiques. Par exemple, le Brexit au Royaume-Uni, o\u00f9 le pays a quitt\u00e9 l\u2019UE, a caus\u00e9 de nombreux probl\u00e8mes. La sortie du Royaume-Uni de l\u2019UE a accru la pression sur les cha\u00eenes d\u2019approvisionnement sortant du pays. De la m\u00eame mani\u00e8re, acheminer les marchandises vers le reste de l\u2019Europe est devenu un d\u00e9fi.<\/p>\n\n\n\n<h2 class=\"wp-block-heading\">Pourquoi la recherche sur les opportunit\u00e9s de march\u00e9 est-elle importante ?<\/h2>\n\n\n\n<p>Une opportunit\u00e9 de march\u00e9 est une opportunit\u00e9 pour toute entreprise en croissance de s\u2019implanter sur un nouveau march\u00e9, avec par exemple de nombreux types de smartphones diff\u00e9rents. Aux d\u00e9buts de l\u2019industrie t\u00e9l\u00e9phonique, les smartphones existaient. Mais aucun d\u2019entre eux ne disposait d\u2019un \u00e9cran tactile intuitif. C&#039;\u00e9tait jusqu&#039;\u00e0 ce qu&#039;Apple r\u00e9alise qu&#039;il y avait une demande. Ils ont donc cr\u00e9\u00e9 un t\u00e9l\u00e9phone portable intuitif dot\u00e9 de nombreuses fonctionnalit\u00e9s. Et en r\u00e9ponse, ils ont lanc\u00e9 l&#039;iPhone en juin 2007. Cette opportunit\u00e9, associ\u00e9e \u00e0 la r\u00e9action d&#039;Apple, a chang\u00e9 \u00e0 jamais le paysage du march\u00e9.<\/p>\n\n\n\n<h2 class=\"wp-block-heading\">Titres de poste cl\u00e9s<\/h2>\n\n\n\n<p>There are notable jobs in Market Opportunity <a href=\"https:\/\/www.sisinternational.com\/fr\/le-tresor-de-donnees-des-reseaux-sociaux-pour-les-chercheurs-en-marketing\/\" title=\"\u00c9tude de march\u00e9 sur les r\u00e9seaux sociaux\u00a0: opportunit\u00e9s et d\u00e9fis\"  data-wpil-monitor-id=\"2710\">\u00c9tude de march\u00e9<\/a>.<\/p>\n\n\n\n<ul class=\"wp-block-list\">\n<li>Analyste de march\u00e9<\/li>\n\n\n\n<li>Analyste de recherche de donn\u00e9es<\/li>\n\n\n\n<li>Responsable marketing<\/li>\n<\/ul>\n\n\n\n<h2 class=\"wp-block-heading\">Pourquoi les entreprises ont besoin d&#039;une recherche sur les opportunit\u00e9s de march\u00e9<\/h2>\n\n\n\n<p>Pour qu\u2019une entreprise puisse survivre et prosp\u00e9rer, elle doit tirer parti des opportunit\u00e9s du march\u00e9. Et pour ce faire, elle a besoin d\u2019informations pertinentes sur le march\u00e9, qu\u2019elle ne peut obtenir que gr\u00e2ce \u00e0 une bonne \u00e9tude de march\u00e9. Dans des cas comme celui-ci, il est bon de se rappeler la phrase \u00ab Si vous ne le faites pas, quelqu&#039;un le fera \u00bb. Il est pr\u00e9f\u00e9rable que vous vous installiez d&#039;abord sur un nouveau march\u00e9. Mieux vaut cela que de laisser quelqu&#039;un d&#039;autre emm\u00e9nager avant vous et lever les barri\u00e8res \u00e0 l&#039;entr\u00e9e.<\/p>\n\n\n\n<h2 class=\"wp-block-heading\">Facteurs cl\u00e9s de succ\u00e8s<\/h2>\n\n\n\n<p>For a business is to be successful, it needs to be timely. It needs to be able to work with the most current info. It must also be able to find out the best <a href=\"https:\/\/www.sisinternational.com\/fr\/le-marche-africain-en-mutation\/\" title=\"Recherche d\u2019opportunit\u00e9s de march\u00e9 en Afrique\"  data-wpil-monitor-id=\"7247\">opportunities in the market<\/a>. Also, it needs to be thorough. A business that wants to move into a new market or expand must inform itself well. If not, that mistake can allow the competition to take hold of that new market for themselves.<\/p>\n\n\n\n<h2 class=\"wp-block-heading\">\u00c0 propos de la recherche sur les opportunit\u00e9s de march\u00e9<\/h2>\n\n\n\n<p>Lorsque vous r\u00e9alisez votre \u00e9tude de march\u00e9, utilisez tous les outils \u00e0 votre disposition. De nombreuses bases de donn\u00e9es en ligne existent d\u00e9j\u00e0 pour fournir un aper\u00e7u g\u00e9n\u00e9ral de l&#039;\u00e9tat du march\u00e9. Ceux-ci auront un bon rapport de pr\u00e9sentation des r\u00e9sultats quantitatifs et qualitatifs. Gardez \u00e0 l\u2019esprit que les march\u00e9s de niche auront besoin de donn\u00e9es sp\u00e9cifiques. De plus, il est facile d&#039;obtenir des informations si vous commandez un projet d&#039;\u00e9tude de march\u00e9 personnalis\u00e9. Ceux-ci peuvent utiliser de nombreuses techniques, notamment des enqu\u00eates, des entretiens et des groupes de discussion. Ce sont d\u2019excellentes sources primaires que vous pouvez utiliser pour augmenter la collecte de donn\u00e9es pr\u00e9cieuses.<\/p>\n\n\n\n<p><\/p>\n\n\n\n<p><\/p>\n\n\n\n<p><\/p>","protected":false},"excerpt":{"rendered":"<p>SIS est l&#039;un des principaux cabinets mondiaux d&#039;\u00e9tudes de march\u00e9 et de conseil en strat\u00e9gie, proposant des strat\u00e9gies compl\u00e8tes d&#039;opportunit\u00e9s de march\u00e9 et d&#039;entr\u00e9e sur le march\u00e9.<\/p>","protected":false},"author":1,"featured_media":65573,"parent":84510,"menu_order":1,"comment_status":"closed","ping_status":"closed","template":"","meta":{"footnotes":""},"class_list":["post-11829","page","type-page","status-publish","has-post-thumbnail"],"_links":{"self":[{"href":"https:\/\/www.sisinternational.com\/fr\/wp-json\/wp\/v2\/pages\/11829","targetHints":{"allow":["GET"]}}],"collection":[{"href":"https:\/\/www.sisinternational.com\/fr\/wp-json\/wp\/v2\/pages"}],"about":[{"href":"https:\/\/www.sisinternational.com\/fr\/wp-json\/wp\/v2\/types\/page"}],"author":[{"embeddable":true,"href":"https:\/\/www.sisinternational.com\/fr\/wp-json\/wp\/v2\/users\/1"}],"replies":[{"embeddable":true,"href":"https:\/\/www.sisinternational.com\/fr\/wp-json\/wp\/v2\/comments?post=11829"}],"version-history":[{"count":9,"href":"https:\/\/www.sisinternational.com\/fr\/wp-json\/wp\/v2\/pages\/11829\/revisions"}],"predecessor-version":[{"id":80895,"href":"https:\/\/www.sisinternational.com\/fr\/wp-json\/wp\/v2\/pages\/11829\/revisions\/80895"}],"up":[{"embeddable":true,"href":"https:\/\/www.sisinternational.com\/fr\/wp-json\/wp\/v2\/pages\/84510"}],"wp:featuredmedia":[{"embeddable":true,"href":"https:\/\/www.sisinternational.com\/fr\/wp-json\/wp\/v2\/media\/65573"}],"wp:attachment":[{"href":"https:\/\/www.sisinternational.com\/fr\/wp-json\/wp\/v2\/media?parent=11829"}],"curies":[{"name":"wp","href":"https:\/\/api.w.org\/{rel}","templated":true}]}}