{"id":11786,"date":"2014-11-28T15:42:16","date_gmt":"2014-11-28T15:42:16","guid":{"rendered":"https:\/\/www.sisinternational.com\/?page_id=11786"},"modified":"2025-09-08T11:47:08","modified_gmt":"2025-09-08T15:47:08","slug":"carrieres-chez-sis-international","status":"publish","type":"page","link":"https:\/\/www.sisinternational.com\/fr\/a-propos-de-la-recherche-internationale-sis\/carrieres-chez-sis-international\/","title":{"rendered":"Carri\u00e8res chez SIS International"},"content":{"rendered":"<figure class=\"gb-block-image gb-block-image-ceeed9c5\"><img loading=\"lazy\" decoding=\"async\" width=\"1158\" height=\"775\" class=\"gb-image gb-image-ceeed9c5\" src=\"https:\/\/www.sisinternational.com\/wp-content\/uploads\/2018\/12\/SIS-Careers.jpg\" srcset=\"https:\/\/www.sisinternational.com\/wp-content\/uploads\/2018\/12\/SIS-Careers.jpg 1158w, https:\/\/www.sisinternational.com\/wp-content\/uploads\/2018\/12\/SIS-Careers-300x201.jpg 300w, https:\/\/www.sisinternational.com\/wp-content\/uploads\/2018\/12\/SIS-Careers-768x514.jpg 768w, https:\/\/www.sisinternational.com\/wp-content\/uploads\/2018\/12\/SIS-Careers-1024x685.jpg 1024w, https:\/\/www.sisinternational.com\/wp-content\/uploads\/2018\/12\/SIS-Careers-200x134.jpg 200w, https:\/\/www.sisinternational.com\/wp-content\/uploads\/2018\/12\/SIS-Careers-400x268.jpg 400w, https:\/\/www.sisinternational.com\/wp-content\/uploads\/2018\/12\/SIS-Careers-600x402.jpg 600w, https:\/\/www.sisinternational.com\/wp-content\/uploads\/2018\/12\/SIS-Careers-800x535.jpg 800w\" sizes=\"auto, (max-width: 1158px) 100vw, 1158px\" alt=\"\u00c9tudes de march\u00e9 et strat\u00e9gie internationales SIS\"><\/figure>\n\n\n\n<p><\/p>\n\n\n\n<h2 class=\"wp-block-heading\">SIS International Research is a leading global Market Research and Strategy Research&nbsp;company.<\/h2>\n\n\n\n<p>Depuis 40 ans, SIS est au service de nombreuses organisations parmi les plus influentes au monde en leur apportant des connaissances d&#039;entreprise et des solutions strat\u00e9giques les aidant \u00e0 r\u00e9pondre \u00e0 leurs priorit\u00e9s strat\u00e9giques.<\/p>\n\n\n\n<p>Our company is headquartered in New York City.&nbsp; We have offices in London and Shanghai.&nbsp; Other significant operations include Los Angeles, San Francisco, Boston, Miami, Chicago and Washington DC.<\/p>\n\n\n\n<p>Since our founding, we have cultivated a dynamic global team that encourages individual and team&nbsp;development. We work together across cultures and timezones in a fast-paced, internationally-focused&nbsp;workplace. We emphasize hands-on learning, teamwork and innovation.<\/p>\n\n\n\n<p>Our core business is providing conducting interviews and surveys, analyzing&nbsp;data and preparing reports. Our core solutions include Brand research, Market Intelligence, Strategy&nbsp;research, Fieldwork, Data Collection and Full-Service Market Research.<\/p>\n\n\n\n<h2 class=\"wp-block-heading p1\">Points forts des carri\u00e8res chez SIS\u00a0:<\/h2>\n\n\n\n<p>At SIS we are highly team-oriented. We work as a nimble, cohesive global team with&nbsp;professionals from diverse backgrounds and skills. This environment allows our&nbsp;vibrant team to communicate and collaborate effectively in a fast-paced global economy.<\/p>\n\n\n\n<p>Chez SIS, nous nous engageons \u00e0 favoriser un environnement commercial diversifi\u00e9 et multiculturel dans lequel nos professionnels interagissent avec diff\u00e9rentes cultures. Notre perspective internationale nous encourage \u00e0 travailler ensemble efficacement en \u00e9quipes \u00e0 travers diff\u00e9rentes cultures.<\/p>\n\n\n\n<p>De nombreuses langues sont parl\u00e9es ici au SIS, dans le monde entier et dans nos bureaux. Certaines de nos langues parl\u00e9es ici incluent le slovaque, l\u2019ouzbek et le lao\u00a0!<\/p>\n\n\n\n<p>SIS provides \u201cHands-on\u201d experience &nbsp;and training with senior executives, providing a unique team of expert&nbsp;and skilled professionals. Given our global scale, numerous leadership&nbsp;opportunities exist for those who are entrepreneurial and hard-working. Training, mentoring,&nbsp;thought leadership, travel and practical learning are only a few of the ways people grow at SIS.<\/p>\n\n\n\n<p>SIS a \u00e9t\u00e9 fond\u00e9e par un entrepreneur passionn\u00e9 dans les ann\u00e9es 1980 et s&#039;est depuis d\u00e9velopp\u00e9e rapidement gr\u00e2ce \u00e0 notre engagement envers l&#039;entrepreneuriat et l&#039;innovation. \u00c0 ce titre, nous encourageons les membres de notre \u00e9quipe \u00e0 d\u00e9couvrir ce qui les passionne le plus. Nous avons constat\u00e9 que cela encourage l\u2019innovation, la cr\u00e9ativit\u00e9 et l\u2019entrepreneuriat, \u00e0 mesure que nos professionnels \u00e9tablissent un cheminement de carri\u00e8re et atteignent leur plein potentiel.<\/p>\n\n\n\n<p><\/p>","protected":false},"excerpt":{"rendered":"<p>SIS International Research est l&#039;un des principaux cabinets mondiaux d&#039;\u00e9tudes de march\u00e9 et de conseil en strat\u00e9gie avec des bureaux dans le monde entier. Apprenez-en davantage sur les carri\u00e8res chez SIS.<\/p>","protected":false},"author":1,"featured_media":64031,"parent":14777,"menu_order":0,"comment_status":"closed","ping_status":"closed","template":"","meta":{"footnotes":""},"class_list":["post-11786","page","type-page","status-publish","has-post-thumbnail"],"_links":{"self":[{"href":"https:\/\/www.sisinternational.com\/fr\/wp-json\/wp\/v2\/pages\/11786","targetHints":{"allow":["GET"]}}],"collection":[{"href":"https:\/\/www.sisinternational.com\/fr\/wp-json\/wp\/v2\/pages"}],"about":[{"href":"https:\/\/www.sisinternational.com\/fr\/wp-json\/wp\/v2\/types\/page"}],"author":[{"embeddable":true,"href":"https:\/\/www.sisinternational.com\/fr\/wp-json\/wp\/v2\/users\/1"}],"replies":[{"embeddable":true,"href":"https:\/\/www.sisinternational.com\/fr\/wp-json\/wp\/v2\/comments?post=11786"}],"version-history":[{"count":8,"href":"https:\/\/www.sisinternational.com\/fr\/wp-json\/wp\/v2\/pages\/11786\/revisions"}],"predecessor-version":[{"id":67526,"href":"https:\/\/www.sisinternational.com\/fr\/wp-json\/wp\/v2\/pages\/11786\/revisions\/67526"}],"up":[{"embeddable":true,"href":"https:\/\/www.sisinternational.com\/fr\/wp-json\/wp\/v2\/pages\/14777"}],"wp:featuredmedia":[{"embeddable":true,"href":"https:\/\/www.sisinternational.com\/fr\/wp-json\/wp\/v2\/media\/64031"}],"wp:attachment":[{"href":"https:\/\/www.sisinternational.com\/fr\/wp-json\/wp\/v2\/media?parent=11786"}],"curies":[{"name":"wp","href":"https:\/\/api.w.org\/{rel}","templated":true}]}}