{"id":11783,"date":"2014-11-27T01:32:05","date_gmt":"2014-11-27T01:32:05","guid":{"rendered":"https:\/\/www.sisinternational.com\/?page_id=11783"},"modified":"2026-01-26T14:24:16","modified_gmt":"2026-01-26T19:24:16","slug":"recherche-de-clients-sur-limage-de-marque","status":"publish","type":"page","link":"https:\/\/www.sisinternational.com\/fr\/solutions\/solutions-de-branding-et-de-recherche-client\/recherche-de-clients-sur-limage-de-marque\/","title":{"rendered":"Image de marque et recherche client"},"content":{"rendered":"<h1 class=\"wp-block-heading p1\">Image de marque et recherche client<\/h1>\n\n\n\n<figure class=\"gb-block-image gb-block-image-aa4c6532\"><img loading=\"lazy\" decoding=\"async\" width=\"1456\" height=\"816\" class=\"gb-image gb-image-aa4c6532\" src=\"https:\/\/www.sisinternational.com\/wp-content\/uploads\/2025\/08\/Customer-shopping-2.jpg\" alt=\"\u00c9tudes de march\u00e9 et strat\u00e9gie internationales SIS\" title=\"Customer shopping (2)\" srcset=\"https:\/\/www.sisinternational.com\/wp-content\/uploads\/2025\/08\/Customer-shopping-2.jpg 1456w, https:\/\/www.sisinternational.com\/wp-content\/uploads\/2025\/08\/Customer-shopping-2-300x168.jpg 300w, https:\/\/www.sisinternational.com\/wp-content\/uploads\/2025\/08\/Customer-shopping-2-1024x574.jpg 1024w, https:\/\/www.sisinternational.com\/wp-content\/uploads\/2025\/08\/Customer-shopping-2-768x430.jpg 768w, https:\/\/www.sisinternational.com\/wp-content\/uploads\/2025\/08\/Customer-shopping-2-18x10.jpg 18w\" sizes=\"auto, (max-width: 1456px) 100vw, 1456px\"><\/figure>\n\n\n\n<p><\/p>\n\n\n\n<hr class=\"wp-block-separator has-alpha-channel-opacity is-style-dots\"\/>\n\n\n\n<p><span style=\"font-weight: 400;\">Why is brand and customer research a critical component of the modern business world? Every brand wishes to communicate its unique identity and values to its audience. Yet, without a deep understanding of your customer base, it becomes challenging to develop a brand identity that resonates with them. That&#8217;s why branding &amp; customer research seek to bridge this understanding gap, ensuring that businesses can craft messages, products, and experiences tailored to their desired audience.&nbsp;<\/span><\/p>\n\n\n\n<h2 class=\"wp-block-heading\"><span style=\"font-weight: 400;\">Importance de l\u2019image de marque et de la recherche client<\/span><\/h2>\n\n\n\n<p><span style=\"font-weight: 400;\"><a href=\"https:\/\/www.sisinternational.com\/fr\/recherche-de-marque-sis-et-fidelisation-de-la-clientele\/\" title=\"\u00c9tude de march\u00e9 de marque et fid\u00e9lisation des clients\"  data-wpil-monitor-id=\"2508\">Branding &amp; customer research<\/a> is a synergy of two crucial business components that can elevate a company&#8217;s position in the market.<\/span><\/p>\n\n\n\n<ul class=\"wp-block-list\">\n<li><b>L&#039;image de marque:<\/b><span style=\"font-weight: 400;\"> L&#039;image de marque communique la philosophie, les valeurs et la proposition de vente unique d&#039;une entreprise. Cependant, comment s\u2019assurer que l\u2019image de marque trouve un \u00e9cho aupr\u00e8s du public cible ? C&#039;est l\u00e0 que la recherche client entre en jeu.<\/span><\/li>\n\n\n\n<li><b>Recherche client\u00a0:<\/b><span style=\"font-weight: 400;\"> Il approfondit la compr\u00e9hension du comportement, des pr\u00e9f\u00e9rences, des besoins et des probl\u00e8mes des clients. En sachant qui est le client, ce qu&#039;il veut et comment il pense, les entreprises peuvent affiner leurs efforts de strat\u00e9gie de marque pour \u00eatre plus cibl\u00e9s et plus efficaces.<\/span><\/li>\n<\/ul>\n\n\n\n<p><span style=\"font-weight: 400;\">\u2026 Et la relation symbiotique entre branding et recherche client pr\u00e9sente plusieurs avantages :<\/span><\/p>\n\n\n\n<p><b>\u2022 Exp\u00e9rience client am\u00e9lior\u00e9e\u00a0:<\/b><span style=\"font-weight: 400;\"> En comprenant les pr\u00e9f\u00e9rences, les probl\u00e8mes et les attentes des clients, les entreprises peuvent optimiser le parcours client, garantissant ainsi la satisfaction \u00e0 chaque point de contact.<\/span><\/p>\n\n\n\n<p><b>\u2022\u00a0Marketing efficace\u00a0:<\/b><span style=\"font-weight: 400;\"> Branding &amp; customer research help companies tailor their marketing strategies. Knowing where the audience spends their time and what messaging they resonate with ensures that marketing dollars are spent effectively.<\/span><\/p>\n\n\n\n<p><b>\u2022 Risques commerciaux r\u00e9duits\u00a0:<\/b><span style=\"font-weight: 400;\"> Introducing a new product or entering a new market segment becomes less risky when backed by solid <a href=\"https:\/\/www.sisinternational.com\/fr\/couverture\/leurope-%ef%83%97\/etude-de-marche-en-moldavie\/\" title=\"Etude de march\u00e9 en Moldavie\"  data-wpil-monitor-id=\"5871\">recherche<\/a>. It provides a clearer picture of the potential opportunities and pitfalls.<\/span><\/p>\n\n\n\n<p><b>\u2022 Fid\u00e9lisation accrue des clients\u00a0: <\/b><span style=\"font-weight: 400;\">Lorsque les entreprises r\u00e9pondent ou d\u00e9passent constamment les attentes de leurs clients, cela favorise la confiance et la fid\u00e9lit\u00e9. Une marque qui \u00e9coute ses clients et agit en fonction de leurs commentaires a plus de chances de les fid\u00e9liser.<\/span><\/p>\n\n\n\n<p><b>\u2022 Avantage comp\u00e9titif: <\/b><span style=\"font-weight: 400;\">Dans les secteurs o\u00f9 les produits et services sont souvent similaires, le diff\u00e9renciateur est la marque et sa compr\u00e9hension du client. La recherche offre des informations qui peuvent \u00eatre exploit\u00e9es pour garder une longueur d\u2019avance sur les concurrents.<\/span><\/p>\n\n\n\n<p><b>\u2022 D\u00e9veloppement de produits\u00a0:<\/b><span style=\"font-weight: 400;\"> Les commentaires issus des recherches clients peuvent \u00eatre inestimables dans la phase de d\u00e9veloppement de produits, garantissant que les nouveaux produits ou fonctionnalit\u00e9s correspondent aux besoins et d\u00e9sirs r\u00e9els des clients.<\/span><\/p>\n\n\n\n<p><b>\u2022 Augmentation du retour sur investissement\u00a0:<\/b><span style=\"font-weight: 400;\"> Investments in branding and marketing efforts are more likely to yield a positive return when guided by insights from <a href=\"https:\/\/www.sisinternational.com\/fr\/couverture\/etude-de-marche-en-asie\/etude-de-marche-au-nepal\/\" title=\"\u00c9tude de march\u00e9 au N\u00e9pal\"  data-wpil-monitor-id=\"5407\">customer research<\/a>. Businesses can allocate resources more efficiently, targeting areas with the highest potential for growth and engagement.<\/span><\/p>\n\n\n\n<p><b>\u2022 Rep\u00e9rer les lacunes du march\u00e9\u00a0: <\/b>Branding &amp; customer <a href=\"https:\/\/www.sisinternational.com\/fr\/solutions\/traduction-et-transcription\/transcription-detudes-de-marche\/\" title=\"Transcription d&#039;\u00e9tudes de march\u00e9\"  data-wpil-monitor-id=\"5896\">research can unveil untapped market<\/a> segments or needs that a business can cater to. Identifying these gaps before competitors can give brands a first-mover advantage, allowing them to capture new customer bases.<\/span><\/p>\n\n\n\n<p><b>\u2022 Am\u00e9liorer l&#039;exp\u00e9rience client\u00a0: <\/b><span style=\"font-weight: 400;\">En comprenant les probl\u00e8mes, les pr\u00e9f\u00e9rences et les d\u00e9sirs des clients, les entreprises peuvent affiner leurs produits, leurs services et leur exp\u00e9rience globale. Une marque qui ravit constamment ses clients est plus susceptible de favoriser la fid\u00e9lit\u00e9 et la d\u00e9fense des int\u00e9r\u00eats.<\/span><\/p>\n\n\n\n<p><b>\u2022 Marketing et messages efficaces\u00a0:<\/b><span style=\"font-weight: 400;\"> Les marques peuvent adapter leurs messages marketing pour qu\u2019ils trouvent un \u00e9cho profond aupr\u00e8s de leur public cible. Lorsque la communication d&#039;une marque s&#039;aligne sur les sentiments et les d\u00e9sirs des clients, elle permet d&#039;obtenir de meilleurs taux d&#039;engagement et de conversion.<\/span><\/p>\n\n\n\n<h2 class=\"wp-block-heading\"><span style=\"font-weight: 400;\">M\u00e9thodes de recherche communes&nbsp;<\/span><\/h2>\n\n\n\n<p><span style=\"font-weight: 400;\">Dans le vaste monde de l&#039;image de marque et de la recherche client, diverses m\u00e9thodologies permettent aux entreprises d&#039;approfondir le psychisme, les pr\u00e9f\u00e9rences et le comportement de leurs clients. Chaque m\u00e9thode fournit des informations uniques et peut \u00eatre choisie en fonction des objectifs sp\u00e9cifiques de la recherche. Voici un aper\u00e7u approfondi de certaines m\u00e9thodes populaires utilis\u00e9es\u00a0:<\/span><\/p>\n\n\n\n<p><b>\u2022 Enqu\u00eates:<\/b><span style=\"font-weight: 400;\"> L&#039;une des m\u00e9thodes les plus courantes, les enqu\u00eates permettent aux entreprises de recueillir des donn\u00e9es quantifiables aupr\u00e8s d&#039;un grand groupe de personnes. En utilisant des questionnaires bien con\u00e7us, les enqu\u00eates peuvent fournir des informations sur la satisfaction des clients, les pr\u00e9f\u00e9rences en mati\u00e8re de produits et les perceptions de la marque.<\/span><\/p>\n\n\n\n<p><b>\u2022 Groupes de discussion: <\/b><span style=\"font-weight: 400;\">Les groupes de discussion impliquent de petits groupes de participants discutant d&#039;un sujet sp\u00e9cifique ou d&#039;un ensemble de sujets li\u00e9s \u00e0 l&#039;image de marque et \u00e0 la recherche client. Les mod\u00e9rateurs guident la discussion et les interactions fournissent de riches informations sur les sentiments, les perceptions et les id\u00e9es des clients.<\/span><\/p>\n\n\n\n<p><b>\u2022 Entretiens approfondis\u00a0: <\/b><span style=\"font-weight: 400;\">Il s\u2019agit d\u2019entretiens individuels qui approfondissent les perspectives individuelles. Particuli\u00e8rement utiles lorsque l&#039;on tente de comprendre des comportements ou des d\u00e9cisions complexes li\u00e9s \u00e0 l&#039;image de marque et \u00e0 la recherche client, ils offrent une vue d\u00e9taill\u00e9e des parcours et des motivations des clients.<\/span><\/p>\n\n\n\n<p><b>\u2022 Recherche observationnelle\u00a0:<\/b><span style=\"font-weight: 400;\"> Ici, les chercheurs observent les clients dans des environnements r\u00e9els ou contr\u00f4l\u00e9s. Cette m\u00e9thode est utile pour comprendre les comportements r\u00e9els plut\u00f4t que les comportements signal\u00e9s ou per\u00e7us, r\u00e9v\u00e9lant ainsi la mani\u00e8re dont les clients interagissent v\u00e9ritablement avec une marque ou un produit.<\/span><\/p>\n\n\n\n<p><b>\u2022 \u00c9tudes ethnographiques\u00a0: <\/b><span style=\"font-weight: 400;\">Forme plus immersive de recherche observationnelle, les \u00e9tudes ethnographiques impliquent des chercheurs s&#039;immergeant dans l&#039;environnement du client. Il s&#039;agit d&#039;une approche holistique de la recherche client, aidant les entreprises \u00e0 comprendre les facteurs culturels et sociaux qui influencent les d\u00e9cisions d&#039;achat.<\/span><\/p>\n\n\n\n<figure class=\"gb-block-image gb-block-image-2ae3436d\"><img loading=\"lazy\" decoding=\"async\" width=\"1456\" height=\"816\" class=\"gb-image gb-image-2ae3436d\" src=\"https:\/\/www.sisinternational.com\/wp-content\/uploads\/2025\/08\/Customer-shopping-4.jpg\" srcset=\"https:\/\/www.sisinternational.com\/wp-content\/uploads\/2025\/08\/Customer-shopping-4.jpg 1456w, https:\/\/www.sisinternational.com\/wp-content\/uploads\/2025\/08\/Customer-shopping-4-300x168.jpg 300w, https:\/\/www.sisinternational.com\/wp-content\/uploads\/2025\/08\/Customer-shopping-4-1024x574.jpg 1024w, https:\/\/www.sisinternational.com\/wp-content\/uploads\/2025\/08\/Customer-shopping-4-768x430.jpg 768w, https:\/\/www.sisinternational.com\/wp-content\/uploads\/2025\/08\/Customer-shopping-4-18x10.jpg 18w\" sizes=\"auto, (max-width: 1456px) 100vw, 1456px\" alt=\"\u00c9tudes de march\u00e9 et strat\u00e9gie internationales SIS\"><\/figure>\n\n\n\n<p><\/p>\n\n\n\n<h2 class=\"wp-block-heading p1\">\u00c9tablir une identit\u00e9 de marque unique et diff\u00e9renci\u00e9e est essentiel pour chaque produit sur chaque march\u00e9.<\/h2>\n\n\n\n<p class=\"p1\">Les marques sans v\u00e9ritable \u00ab voix \u00bb qui transmet clairement la valeur d&#039;un produit ou d&#039;un service aux clients risquent de se perdre parmi un oc\u00e9an de concurrents et de dispara\u00eetre rapidement de la conscience des consommateurs. Comprendre votre march\u00e9 est la cl\u00e9 pour d\u00e9velopper un message de marque fort et garantir le succ\u00e8s et la long\u00e9vit\u00e9 d&#039;un produit ou d&#039;un service.<\/p>\n\n\n\n<h2 class=\"wp-block-heading p1\"><span class=\"s1\">Obtenir la configuration du terrain<\/span><\/h2>\n\n\n\n<p class=\"p1\">SIS takes a unique approach to <a class=\"wpil_keyword_link\" href=\"https:\/\/www.sisinternational.com\/fr\/competence\/les-industries\/etude-de-marche-de-marque\/\"   title=\"\u00c9tude de march\u00e9 de marque\" data-wpil-keyword-link=\"linked\"  data-wpil-monitor-id=\"827\">\u00c9tude de march\u00e9 sur l\u2019image de marque<\/a>.&nbsp; We combine several forms of insight generation to provide clients with a clear and detailed understanding of their market. We start with the facts. Before a company can implement an effective strategy for its brand in the future, it must understand the current landscape of consumer perception.<\/p>\n\n\n\n<p class=\"p1\"><strong>Nous r\u00e9pondons \u00e0 des questions cl\u00e9s telles que :<\/strong><\/p>\n\n\n\n<h2 class=\"wp-block-heading p1\"><span class=\"s1\">Nos solutions de recherche compl\u00e8tes<\/span><\/h2>\n\n\n\n<p><strong>Groupes de discussion qualitatifs\u00a0:<\/strong> Nos mod\u00e9rateurs internes ont des ann\u00e9es d&#039;exp\u00e9rience dans la conduite de discussions de groupe efficaces sur la strat\u00e9gie de marque, et notre personnel de recrutement est hautement qualifi\u00e9 pour s\u00e9lectionner des r\u00e9pondants tr\u00e8s cibl\u00e9s afin de fournir un aper\u00e7u de la base de consommateurs de nos clients.<\/p>\n\n\n\n<p><strong>\u00c9tude de march\u00e9 quantitative<\/strong>: Une enqu\u00eate \u00e0 grande \u00e9chelle en ligne, par t\u00e9l\u00e9phone ou sur mobile \u00e9tablira ensuite des mesures de performance de la marque telles que la satisfaction client, le capital de marque \u00e0 grande \u00e9chelle, ainsi que les attributs et associations de marque.<\/p>\n\n\n\n<p><strong>Veille strat\u00e9gique du march\u00e9 et analyse des concurrents\u00a0:<\/strong> Avec une quantit\u00e9 sans pr\u00e9c\u00e9dent de donn\u00e9es et d&#039;informations disponibles sur Internet, notre division compl\u00e8te de strat\u00e9gie et d&#039;intelligence de march\u00e9 peut fournir un aper\u00e7u incisif des strat\u00e9gies de marque et de positionnement de vos concurrents. Comprendre les messages concurrents dans votre paysage de march\u00e9 est essentiel pour un positionnement efficace de votre marque.<\/p>\n\n\n\n<p><strong>Analyse des m\u00e9dias sociaux\u00a0:<\/strong> Our advanced methods for conducting research through social channels can augment your understanding of how consumers perceive a <a href=\"https:\/\/www.sisinternational.com\/fr\/competence\/les-industries\/etude-de-marche-sur-la-robotique\/\" title=\"\u00c9tude de march\u00e9 sur la robotique\"  data-wpil-monitor-id=\"5967\">brand<\/a> and identify the trends that are shaping the future of your market.<\/p>\n\n\n\n<p><\/p>","protected":false},"excerpt":{"rendered":"<p>Les recherches sur l&#039;image de marque et les clients r\u00e9v\u00e8lent de nouvelles informations qui peuvent stimuler l&#039;engagement et les profits.<\/p>","protected":false},"author":1,"featured_media":62655,"parent":14650,"menu_order":0,"comment_status":"closed","ping_status":"closed","template":"","meta":{"footnotes":""},"class_list":["post-11783","page","type-page","status-publish","has-post-thumbnail"],"_links":{"self":[{"href":"https:\/\/www.sisinternational.com\/fr\/wp-json\/wp\/v2\/pages\/11783","targetHints":{"allow":["GET"]}}],"collection":[{"href":"https:\/\/www.sisinternational.com\/fr\/wp-json\/wp\/v2\/pages"}],"about":[{"href":"https:\/\/www.sisinternational.com\/fr\/wp-json\/wp\/v2\/types\/page"}],"author":[{"embeddable":true,"href":"https:\/\/www.sisinternational.com\/fr\/wp-json\/wp\/v2\/users\/1"}],"replies":[{"embeddable":true,"href":"https:\/\/www.sisinternational.com\/fr\/wp-json\/wp\/v2\/comments?post=11783"}],"version-history":[{"count":9,"href":"https:\/\/www.sisinternational.com\/fr\/wp-json\/wp\/v2\/pages\/11783\/revisions"}],"predecessor-version":[{"id":79640,"href":"https:\/\/www.sisinternational.com\/fr\/wp-json\/wp\/v2\/pages\/11783\/revisions\/79640"}],"up":[{"embeddable":true,"href":"https:\/\/www.sisinternational.com\/fr\/wp-json\/wp\/v2\/pages\/14650"}],"wp:featuredmedia":[{"embeddable":true,"href":"https:\/\/www.sisinternational.com\/fr\/wp-json\/wp\/v2\/media\/62655"}],"wp:attachment":[{"href":"https:\/\/www.sisinternational.com\/fr\/wp-json\/wp\/v2\/media?parent=11783"}],"curies":[{"name":"wp","href":"https:\/\/api.w.org\/{rel}","templated":true}]}}