{"id":11312,"date":"2014-11-05T01:56:14","date_gmt":"2014-11-05T01:56:14","guid":{"rendered":"https:\/\/www.sisinternational.com\/upgrade\/?page_id=11312"},"modified":"2026-01-24T17:20:22","modified_gmt":"2026-01-24T22:20:22","slug":"etude-de-marche-en-europe-de-lest","status":"publish","type":"page","link":"https:\/\/www.sisinternational.com\/fr\/couverture\/leurope-%ef%83%97\/etude-de-marche-en-europe-de-lest\/","title":{"rendered":"\u00c9tude de march\u00e9 en Europe de l\u2019Est"},"content":{"rendered":"<h1 class=\"wp-block-heading\">\u00c9tude de march\u00e9 en Europe de l\u2019Est<\/h1>\n\n\n\n<figure class=\"gb-block-image gb-block-image-d67a954e\"><img loading=\"lazy\" decoding=\"async\" width=\"1456\" height=\"816\" class=\"gb-image gb-image-d67a954e\" src=\"https:\/\/www.sisinternational.com\/wp-content\/uploads\/2025\/09\/Eastern-Europe-market-research-3.jpg\" srcset=\"https:\/\/www.sisinternational.com\/wp-content\/uploads\/2025\/09\/Eastern-Europe-market-research-3.jpg 1456w, https:\/\/www.sisinternational.com\/wp-content\/uploads\/2025\/09\/Eastern-Europe-market-research-3-300x168.jpg 300w, https:\/\/www.sisinternational.com\/wp-content\/uploads\/2025\/09\/Eastern-Europe-market-research-3-1024x574.jpg 1024w, https:\/\/www.sisinternational.com\/wp-content\/uploads\/2025\/09\/Eastern-Europe-market-research-3-768x430.jpg 768w, https:\/\/www.sisinternational.com\/wp-content\/uploads\/2025\/09\/Eastern-Europe-market-research-3-18x10.jpg 18w\" sizes=\"auto, (max-width: 1456px) 100vw, 1456px\" alt=\"\u00c9tudes de march\u00e9 et strat\u00e9gie internationales SIS\"><\/figure>\n\n\n\n<p><\/p>\n\n\n\n<hr class=\"wp-block-separator has-alpha-channel-opacity is-style-dots\"\/>\n\n\n\n<p>Les pays d\u2019Europe centrale et orientale sont tr\u00e8s proches de l\u2019Europe occidentale, mais pr\u00e9sentent des diff\u00e9rences importantes par rapport aux autres pays.<\/p>\n\n\n\n<p class=\"p1\">La plupart d\u2019entre eux sont de petite taille, avec des \u00e9conomies relativement ouvertes et d\u00e9pendantes des exportations. Ils ont des langues diff\u00e9rentes et des normes culturelles diff\u00e9rentes.<\/p>\n\n\n\n<p class=\"p1\">The CEE region represents 11 countries.&nbsp; In the Baltic region, the countries include Estonia, Latvia and Lithuania.&nbsp; Central European countries consist of Poland, Czech Republic, Slovakia and Hungary.&nbsp; The Balkan region includes Croatia, Slovenia, Serbia, Montenegro, Bosnia, Herzegovina, Macedonia, Kosovo, Romania and Bulgaria.<\/p>\n\n\n\n<h2 class=\"wp-block-heading p1\">L\u2019Europe de l\u2019Est est un p\u00f4le de croissance \u00e9conomique brillant.<\/h2>\n\n\n\n<p class=\"p1\">CEE countries are categorized by\u00a0global investors as\u00a0a\u00a0region with high growth potential and high attractiveness to establish company operations. Major growing economies include Poland, the Czech Republic, and\u00a0Romania.<\/p>\n\n\n\n<p class=\"p1\">The Automotive Industry is strong,\u00a0especially in the Czech Republic (\u0160koda), Slovakia (Kia, Citroen), Hungary (Mercedes-Benz), and Romania (Ford). Simultaneously, high sales growth comes from car distribution, the food industry, and wholesale trade. Other major industries include Biotechnology, Education, and the Consumer Goods sectors.<\/p>\n\n\n\n<p class=\"p1\">Eastern European countries also benefit from their proximity to\u00a0Turkey and Russia, which are becoming new powerhouses in terms of economic growth, new business opportunities, and investments.<\/p>\n\n\n\n<p>Numerous Manufacturing opportunities abound as a result of lower production costs and lower costs of living.&nbsp; Eastern European economies are part of the European Union and can avoid import duties.&nbsp; With the free movement of goods and services in the EU, Eastern Europe has become a manufacturing hub for European countries.<\/p>\n\n\n\n<h2 class=\"wp-block-heading\">Opportunit\u00e9s en technologie<\/h2>\n\n\n\n<p class=\"p1\">Le <a href=\"https:\/\/www.sisinternational.com\/fr\/competence\/les-industries\/etude-de-marche-sur-la-technologie-des-boissons-alimentaires\/\" title=\"\u00c9tude de march\u00e9 sur la technologie des aliments et des boissons | Technologie alimentaire\"  data-wpil-monitor-id=\"10809\">markets have opportunities in high technology<\/a> sectors as a result of educated workforces, multilingual staff, competitive cost of living and access to Western Europe.&nbsp; This regional advantage provides the opportunity for businesses to lead <a href=\"https:\/\/www.sisinternational.com\/fr\/sis-lance-de-nouvelles-solutions-de-recherche-numerique\/\" title=\"SIS lance de nouvelles solutions de recherche num\u00e9rique\"  data-wpil-monitor-id=\"10803\">innovation and Digital<\/a> Disruption.<\/p>\n\n\n\n<p class=\"p1\">The increased presence of mobile devices and technology availability may lead to higher demand for certain products and services.&nbsp; <a href=\"https:\/\/www.sisinternational.com\/fr\/solutions\/recherche-de-conseil-en-strategie-fintech\/recherche-sur-les-technologies-de-regulation\/\" title=\"Regulation Technology Market Research\"  data-wpil-monitor-id=\"10811\">Technology adoption in these markets<\/a> can also them to play a creative role in re-inventing consumption patterns.<\/p>\n\n\n\n<p class=\"p1\">\u00c9tant donn\u00e9 que l&#039;Europe est compos\u00e9e de nombreux \u00c9tats dot\u00e9s de leur propre culture et de leurs propres traditions, il peut \u00eatre utile de se concentrer \u00e9galement sur <i>variables psychologiques<\/i>&nbsp;qui ont tendance \u00e0 \u00eatre plus fortes que les facteurs d\u00e9mographiques et sur <i>h\u00e9ritage culturel<\/i> that may induce unique consumers&nbsp;perceptions and reactions.<\/p>\n\n\n\n<h2 class=\"wp-block-heading\">Consid\u00e9rations sur la strat\u00e9gie d\u2019entr\u00e9e sur le march\u00e9<\/h2>\n\n\n\n<p class=\"p1\">Before entering a new <a href=\"https:\/\/www.sisinternational.com\/fr\/competence\/cv-dexperience\/etude-de-marche-sur-les-produits-de-soins-personnels\/\" title=\"\u00c9tude de march\u00e9 sur les produits de soins personnels\"  data-wpil-monitor-id=\"10814\">market with a new product<\/a>, technology, or services, it is important to get to know the critical business variables, customer perceptions and economic, political, or cultural differences of a particular country.\u00a0 <a href=\"https:\/\/www.sisinternational.com\/fr\/etude-de-cas-sis-sur-les-informations-en-magasin-dans-le-monde-entier\/\" title=\"Informations sur les acheteurs en magasin \u2014 \u00c9tude de cas d&#039;\u00e9tude de march\u00e9\"  data-wpil-monitor-id=\"10807\">Market Research uncovers these insights<\/a> and can help you develop a Go To Market strategy.<\/p>\n\n\n\n<h2 class=\"wp-block-heading\">Etude de march\u00e9 en Europe de l&#039;Est<\/h2>\n\n\n\n<p><a href=\"https:\/\/www.sisinternational.com\/fr\/competence\/les-industries\/etude-de-marche-sur-les-donnees-de-formation\/\" title=\"\u00c9tude de march\u00e9 sur les donn\u00e9es de formation\"  data-wpil-monitor-id=\"10805\">Market Research uncovers data<\/a> and insight on customers.&nbsp; Qualitative <a href=\"https:\/\/www.sisinternational.com\/fr\/solutions\/innovation\/economie-du-comportement-dans-les-etudes-de-marche\/\" title=\"\u00c9conomie comportementale dans les \u00e9tudes de march\u00e9\"  data-wpil-monitor-id=\"10816\">Research uncovers the reasons behind behavior<\/a> and preferences.&nbsp; <a href=\"https:\/\/www.sisinternational.com\/fr\/top-5-benefits-of-conducting-quantitative-market-research\/\" title=\"Top 5 Benefits of Conducting Quantitative Market Research\"  data-wpil-monitor-id=\"10802\">\u00c9tude de march\u00e9 quantitative<\/a> measures the extent of phenomena.&nbsp; Strategy <a href=\"https:\/\/www.sisinternational.com\/fr\/entrer-sur-le-marche-de-leurope-de-lest\/\" title=\"Recherche sur l\u2019entr\u00e9e sur le march\u00e9 de l\u2019Europe de l\u2019Est\"  data-wpil-monitor-id=\"2621\">Research analyzes the Market<\/a> Opportunities, Market Entry considerations and Competitive Dynamics in your industry.<\/p>\n\n\n\n<p>SIS has over 40+ years of experience in conducting <a href=\"https:\/\/www.sisinternational.com\/fr\/tendances-du-marche-du-bien-etre-et-de-la-sante-en-europe\/\" title=\"\u00c9tude de march\u00e9 sur la sant\u00e9 et le bien-\u00eatre en Europe\"  data-wpil-monitor-id=\"1712\">research in Eastern Europe<\/a>.\u00a0 We conduct:<\/p>\n\n\n\n<ul class=\"wp-block-list\">\n<li>Groupes de discussion<\/li>\n\n\n\n<li>Entretiens clients<\/li>\n\n\n\n<li>Enqu\u00eates<\/li>\n\n\n\n<li>Analyse comp\u00e9titive<\/li>\n\n\n\n<li>\u00c9valuations des opportunit\u00e9s de march\u00e9, de l&#039;entr\u00e9e et du dimensionnement<\/li>\n<\/ul>\n\n\n\n<h2 class=\"wp-block-heading\">Les \u00e9conomies en croissance en Europe de l\u2019Est offrent de nombreuses opportunit\u00e9s.<\/h2>\n\n\n\n<h2 class=\"wp-block-heading\">&nbsp;<\/h2>","protected":false},"excerpt":{"rendered":"<p>SIS est un leader dans les \u00e9tudes de march\u00e9 en Europe de l&#039;Est, fournissant des solutions de recherche qualitative et quantitative pour la prise de d\u00e9cision strat\u00e9gique.<\/p>","protected":false},"author":1,"featured_media":66165,"parent":14510,"menu_order":0,"comment_status":"closed","ping_status":"closed","template":"","meta":{"footnotes":""},"class_list":["post-11312","page","type-page","status-publish","has-post-thumbnail"],"_links":{"self":[{"href":"https:\/\/www.sisinternational.com\/fr\/wp-json\/wp\/v2\/pages\/11312","targetHints":{"allow":["GET"]}}],"collection":[{"href":"https:\/\/www.sisinternational.com\/fr\/wp-json\/wp\/v2\/pages"}],"about":[{"href":"https:\/\/www.sisinternational.com\/fr\/wp-json\/wp\/v2\/types\/page"}],"author":[{"embeddable":true,"href":"https:\/\/www.sisinternational.com\/fr\/wp-json\/wp\/v2\/users\/1"}],"replies":[{"embeddable":true,"href":"https:\/\/www.sisinternational.com\/fr\/wp-json\/wp\/v2\/comments?post=11312"}],"version-history":[{"count":6,"href":"https:\/\/www.sisinternational.com\/fr\/wp-json\/wp\/v2\/pages\/11312\/revisions"}],"predecessor-version":[{"id":81774,"href":"https:\/\/www.sisinternational.com\/fr\/wp-json\/wp\/v2\/pages\/11312\/revisions\/81774"}],"up":[{"embeddable":true,"href":"https:\/\/www.sisinternational.com\/fr\/wp-json\/wp\/v2\/pages\/14510"}],"wp:featuredmedia":[{"embeddable":true,"href":"https:\/\/www.sisinternational.com\/fr\/wp-json\/wp\/v2\/media\/66165"}],"wp:attachment":[{"href":"https:\/\/www.sisinternational.com\/fr\/wp-json\/wp\/v2\/media?parent=11312"}],"curies":[{"name":"wp","href":"https:\/\/api.w.org\/{rel}","templated":true}]}}