{"id":11298,"date":"2014-11-05T01:52:20","date_gmt":"2014-11-05T01:52:20","guid":{"rendered":"https:\/\/www.sisinternational.com\/upgrade\/?page_id=11298"},"modified":"2026-01-25T18:00:29","modified_gmt":"2026-01-25T23:00:29","slug":"forums-de-discussion-en-ligne","status":"publish","type":"page","link":"https:\/\/www.sisinternational.com\/fr\/solutions\/solutions-de-recherche-qualitative-et-quantitative\/forums-de-discussion-en-ligne\/","title":{"rendered":"\u00c9tude de march\u00e9 qualitative en ligne"},"content":{"rendered":"<h1 class=\"gb-headline gb-headline-bf3f1a97 gb-headline-text\">Solutions de recherche qualitative en ligne<\/h1>\n\n\n\n<figure class=\"gb-block-image gb-block-image-27ef2ac0\"><img loading=\"lazy\" decoding=\"async\" width=\"1456\" height=\"816\" class=\"gb-image gb-image-27ef2ac0\" src=\"https:\/\/www.sisinternational.com\/wp-content\/uploads\/2025\/08\/Online-focus-group-19-1.jpg\" srcset=\"https:\/\/www.sisinternational.com\/wp-content\/uploads\/2025\/08\/Online-focus-group-19-1.jpg 1456w, https:\/\/www.sisinternational.com\/wp-content\/uploads\/2025\/08\/Online-focus-group-19-1-300x168.jpg 300w, https:\/\/www.sisinternational.com\/wp-content\/uploads\/2025\/08\/Online-focus-group-19-1-1024x574.jpg 1024w, https:\/\/www.sisinternational.com\/wp-content\/uploads\/2025\/08\/Online-focus-group-19-1-768x430.jpg 768w, https:\/\/www.sisinternational.com\/wp-content\/uploads\/2025\/08\/Online-focus-group-19-1-18x10.jpg 18w\" sizes=\"auto, (max-width: 1456px) 100vw, 1456px\" alt=\"\u00c9tudes de march\u00e9 et strat\u00e9gie internationales SIS\"><\/figure>\n\n\n\n<p><\/p>\n\n\n\n<hr class=\"wp-block-separator has-alpha-channel-opacity is-style-dots\"\/>\n\n\n\n<h2 class=\"wp-block-heading p1\">Vos clients passent plus de temps en ligne. La recherche qualitative en ligne r\u00e9v\u00e8le des informations qui vous aident \u00e0 am\u00e9liorer les performances de votre entreprise.<\/h2>\n\n\n\n<p><span style=\"font-weight: 400;\">L&#039;av\u00e8nement des solutions de recherche qualitative en ligne marque une transition significative par rapport aux m\u00e9thodes traditionnelles, offrant une suite d&#039;outils qui approfondissent les aspects qualitatifs des \u00e9tudes de march\u00e9. Ces solutions exploitent une technologie de pointe pour fournir un niveau de d\u00e9tail et de nuances auparavant inaccessible, facilitant ainsi une compr\u00e9hension plus compl\u00e8te du paysage du march\u00e9.<\/span><\/p>\n\n\n\n<h2 class=\"wp-block-heading\"><strong>Importance de choisir les bonnes solutions de recherche qualitative en ligne<\/strong><\/h2>\n\n\n\n<p><span style=\"font-weight: 400;\">Les solutions de recherche qualitative en ligne offrent un point de vue unique pour comprendre les subtilit\u00e9s du comportement des clients et des tendances du march\u00e9. Contrairement aux m\u00e9thodes quantitatives qui fournissent des donn\u00e9es statistiques, la recherche qualitative explore le \u00ab pourquoi \u00bb des choix des consommateurs. Cette connaissance plus approfondie est cruciale pour permettre aux entreprises d\u2019adapter efficacement leurs produits et leurs strat\u00e9gies marketing.<\/span><\/p>\n\n\n\n<p><span style=\"font-weight: 400;\">En tirant parti d&#039;outils avanc\u00e9s tels que les groupes de discussion virtuels, les entretiens approfondis et l&#039;ethnographie en ligne, les entreprises peuvent collecter des donn\u00e9es riches et nuanc\u00e9es que les m\u00e9thodes traditionnelles pourraient manquer.<\/span><\/p>\n\n\n\n<h2 class=\"wp-block-heading\">Types de recherche qualitative en ligne<\/h2>\n\n\n\n<h3 class=\"wp-block-heading\"><strong>Tableaux d&#039;affichage en ligne<\/strong><\/h3>\n\n\n\n<p class=\"p1\">Les tableaux d&#039;affichage en ligne impliquent g\u00e9n\u00e9ralement entre 10 et 20 r\u00e9pondants. Les clients peuvent participer et aider \u00e0 l&#039;ex\u00e9cution de la recherche en supervisant le contenu g\u00e9n\u00e9r\u00e9 par les r\u00e9pondants. Il s&#039;agit d&#039;un avantage certain de cette m\u00e9thodologie de recherche du point de vue du client, car elle offre aux parties prenantes finales une opportunit\u00e9 plus directe d&#039;impliquer les participants sans biaiser leurs commentaires.<\/p>\n\n\n\n<h3 class=\"wp-block-heading p1\"><strong>Entretiens vid\u00e9o<\/strong><\/h3>\n\n\n\n<p class=\"p1\">Now, with the emergence of mobile video platforms, researchers are using respondent-generated video content to gain much deeper insights into consumer behavior. Qualitative Research platforms can now analyze voice, behavior, and words spoken.&nbsp; With the ability to capture video and audio generated by respondents, researchers can analyze \u201cdigital body language,\u201d or the nonverbal communication that was once only accessible by conducting in-person studies.<\/p>\n\n\n\n<h3 class=\"wp-block-heading\"><b>Groupes de discussion virtuels<\/b><\/h3>\n\n\n\n<p><span style=\"font-weight: 400;\">Celles-ci se d\u00e9roulent en ligne, permettant aux participants de diverses zones g\u00e9ographiques de participer \u00e0 des discussions. Les outils pour ces sessions incluent souvent des plates-formes de vid\u00e9oconf\u00e9rence dot\u00e9es de fonctionnalit\u00e9s d&#039;interaction et de collecte de donn\u00e9es en temps r\u00e9el.<\/span><\/p>\n\n\n\n<p><span style=\"font-weight: 400;\">Virtual Focus Groups are like traditional focus group discussions but conducted over the Internet using digital platforms. The primary goal is to gather qualitative data by encouraging participant interaction and discussion. These discussions can reveal insights into consumer attitudes, perceptions, and decision-making processes that might not be apparent in quantitative surveys.<\/span><\/p>\n\n\n\n<h3 class=\"wp-block-heading\"><b>Entretiens approfondis en ligne (IDI)<\/b><\/h3>\n\n\n\n<p><span style=\"font-weight: 400;\"><a href=\"https:\/\/www.sisinternational.com\/fr\/entretiens-en-face-a-face-et-en-ligne-les-avantages-et-les-inconvenients\/\" title=\"Entretiens en face \u00e0 face et en ligne : les avantages et les inconv\u00e9nients\"  data-wpil-monitor-id=\"970\">Online in-depth interviews<\/a> involve one-on-one sessions between a researcher and a participant, conducted using online communication tools such as video conferencing software. The aim is to deeply understand the participant\u2019s perspectives, experiences, or behaviors. These interviews allow for the exploration of complex topics, with the flexibility to probe and ask follow-up questions based on the participant&#8217;s responses.<\/span><\/p>\n\n\n\n<h3 class=\"wp-block-heading\"><b>Ethnographie mobile<\/b><\/h3>\n\n\n\n<p><span style=\"font-weight: 400;\">Mobile ethnography is an innovative and increasingly popular method within <a href=\"https:\/\/www.sisinternational.com\/fr\/solutions\/solutions-de-recherche-qualitative-et-quantitative\/ethnographie\/\" title=\"\u00c9tude de march\u00e9 sur l\u2019ethnographie\"  data-wpil-monitor-id=\"6459\">online qualitative research<\/a> solutions that leverages mobile technology to gather deep, contextual insights into consumer behavior and experiences.&nbsp;<\/span><\/p>\n\n\n\n<p><span style=\"font-weight: 400;\">L&#039;ethnographie mobile implique que les participants utilisent leurs propres appareils mobiles pour documenter et partager leurs exp\u00e9riences, interactions et environnements quotidiens en temps r\u00e9el. L\u2019objectif est d\u2019acqu\u00e9rir une v\u00e9ritable compr\u00e9hension des comportements, des modes de vie et des contextes des consommateurs en les observant dans leur cadre naturel. Cette m\u00e9thode offre une vision plus authentique et holistique de l\u2019exp\u00e9rience consommateur par rapport aux m\u00e9thodes de recherche traditionnelles.<\/span><\/p>\n\n\n\n<h3 class=\"wp-block-heading\"><b>Enqu\u00eates et sondages en ligne<\/b><\/h3>\n\n\n\n<p><span style=\"font-weight: 400;\">Les enqu\u00eates et sondages en ligne sont des questionnaires ou des sondages num\u00e9riques con\u00e7us pour collecter des informations aupr\u00e8s de nombreux r\u00e9pondants sur Internet. Bien qu&#039;ils soient g\u00e9n\u00e9ralement utilis\u00e9s pour des donn\u00e9es quantitatives, ils peuvent \u00e9galement \u00eatre con\u00e7us pour recueillir des informations qualitatives en incluant des questions ouvertes qui permettent aux personnes interrog\u00e9es d&#039;exprimer leurs pens\u00e9es et leurs opinions en d\u00e9tail.<\/span><\/p>\n\n\n\n<h2 class=\"wp-block-heading p1\">Avantages de la recherche qualitative en ligne<\/h2>\n\n\n\n<figure class=\"gb-block-image gb-block-image-0b88801b\"><img loading=\"lazy\" decoding=\"async\" width=\"1456\" height=\"816\" class=\"gb-image gb-image-0b88801b\" src=\"https:\/\/www.sisinternational.com\/wp-content\/uploads\/2025\/08\/Online-focus-group-6-1.jpg\" srcset=\"https:\/\/www.sisinternational.com\/wp-content\/uploads\/2025\/08\/Online-focus-group-6-1.jpg 1456w, https:\/\/www.sisinternational.com\/wp-content\/uploads\/2025\/08\/Online-focus-group-6-1-300x168.jpg 300w, https:\/\/www.sisinternational.com\/wp-content\/uploads\/2025\/08\/Online-focus-group-6-1-1024x574.jpg 1024w, https:\/\/www.sisinternational.com\/wp-content\/uploads\/2025\/08\/Online-focus-group-6-1-768x430.jpg 768w, https:\/\/www.sisinternational.com\/wp-content\/uploads\/2025\/08\/Online-focus-group-6-1-18x10.jpg 18w\" sizes=\"auto, (max-width: 1456px) 100vw, 1456px\" alt=\"\u00c9tudes de march\u00e9 et strat\u00e9gie internationales SIS\"><\/figure>\n\n\n\n<p><\/p>\n\n\n\n<p><span style=\"font-weight: 400;\">La recherche qualitative en ligne offre plusieurs avantages par rapport aux m\u00e9thodes traditionnelles :<\/span><\/p>\n\n\n\n<p><b>\u2022 Port\u00e9e g\u00e9ographique et diversit\u00e9 plus larges\u00a0:<\/b><span style=\"font-weight: 400;\"> La recherche en ligne brise les barri\u00e8res g\u00e9ographiques, permettant aux chercheurs de dialoguer avec des participants provenant de divers endroits. Cela augmente la vari\u00e9t\u00e9 et la richesse des donn\u00e9es collect\u00e9es.<\/span><\/p>\n\n\n\n<p><b>\u2022 Rentabilit\u00e9\u00a0:<\/b><span style=\"font-weight: 400;\"> Cela r\u00e9duit les co\u00fbts li\u00e9s aux d\u00e9placements, \u00e0 la location des salles et aux documents imprim\u00e9s. Les outils en ligne sont souvent moins co\u00fbteux, ce qui rend la recherche plus accessible.<\/span><\/p>\n\n\n\n<p><b>\u2022 L&#039;efficacit\u00e9 du temps: <\/b><span style=\"font-weight: 400;\">Planifier et mener des entretiens, des groupes de discussion ou des enqu\u00eates en ligne peut vous faire gagner du temps. Les participants et les chercheurs peuvent interagir depuis leur environnement, \u00e9conomisant ainsi du temps consacr\u00e9 aux d\u00e9placements et \u00e0 la pr\u00e9paration.<\/span><\/p>\n\n\n\n<p><b>\u2022 Flexibilit\u00e9 dans la collecte de donn\u00e9es\u00a0: <\/b><span style=\"font-weight: 400;\">Les plateformes en ligne proposent diverses m\u00e9thodes de collecte de donn\u00e9es, comme le chat, les appels vid\u00e9o ou les forums. Cette flexibilit\u00e9 peut conduire \u00e0 des donn\u00e9es plus approfondies et plus vari\u00e9es.<\/span><\/p>\n\n\n\n<p><b>\u2022 Outils d&#039;analyse de donn\u00e9es innovants\u00a0:<\/b><span style=\"font-weight: 400;\"> Online research tools often include advanced data analysis features, enabling more sophisticated and quicker qualitative data analysis.<\/span><\/p>\n\n\n\n<p><b>\u2022 Accessibilit\u00e9 pour les participants handicap\u00e9s\u00a0: <\/b><span style=\"font-weight: 400;\">Online methods can be more accessible for people with physical disabilities or those who cannot travel.<\/span><\/p>\n\n\n\n<p><b>\u2022 Collecte et analyse de donn\u00e9es en temps r\u00e9el\u00a0:<\/b><span style=\"font-weight: 400;\"> Les outils en ligne permettent une collecte et une analyse imm\u00e9diates des donn\u00e9es, facilitant ainsi un processus de recherche plus dynamique.<\/span><\/p>\n\n\n\n<p><b>\u2022 \u00c9tudes longitudinales facilit\u00e9es\u00a0: <\/b><span style=\"font-weight: 400;\">Les plateformes en ligne facilitent la r\u00e9alisation d\u2019\u00e9tudes longitudinales, car les participants peuvent \u00eatre contact\u00e9s pour des \u00e9tudes de suivi sans contraintes g\u00e9ographiques.<\/span><\/p>\n\n\n\n<h2 class=\"wp-block-heading\"><strong>Opportunit\u00e9s dans la recherche qualitative en ligne<\/strong><\/h2>\n\n\n\n<p><span style=\"font-weight: 400;\">La recherche qualitative en ligne offre de nombreuses opportunit\u00e9s aux entreprises, notamment\u00a0:<\/span><\/p>\n\n\n\n<p><b>\u2022 Segmentation du march\u00e9\u00a0:<\/b><span style=\"font-weight: 400;\"> Les outils en ligne permettent de r\u00e9aliser des \u00e9tudes de segmentation efficaces, aidant les entreprises \u00e0 identifier et \u00e0 comprendre diff\u00e9rents groupes de clients et \u00e0 adapter leurs offres en cons\u00e9quence.<\/span><\/p>\n\n\n\n<p><b>\u2022 D\u00e9veloppement de produits et innovation\u00a0: <\/b><span style=\"font-weight: 400;\">S&#039;engager avec les clients en ligne peut fournir des commentaires pr\u00e9cieux pour le d\u00e9veloppement de produits. Cela peut conduire \u00e0 des produits ou services plus innovants et centr\u00e9s sur l\u2019utilisateur.<\/span><\/p>\n\n\n\n<p><b>\u2022 Test des campagnes marketing\u00a0: <\/b><span style=\"font-weight: 400;\">Avant un lancement complet, les campagnes marketing peuvent \u00eatre test\u00e9es via des groupes de discussion ou des enqu\u00eates en ligne pour \u00e9valuer leur efficacit\u00e9 et apporter les ajustements n\u00e9cessaires.<\/span><\/p>\n\n\n\n<p><b>\u2022 Port\u00e9e mondiale:<\/b><span style=\"font-weight: 400;\"> Online <a href=\"https:\/\/www.sisinternational.com\/fr\/competence\/les-industries\/etude-de-marche-sur-les-vetements-de-pluie\/\" title=\"\u00c9tude de march\u00e9 sur les v\u00eatements de pluie\"  data-wpil-monitor-id=\"4519\">research allows businesses to reach international markets<\/a> and understand global trends, aiding in expansion and global marketing strategies.<\/span><\/p>\n\n\n\n<p><b>\u2022 Commentaires et engagement des employ\u00e9s\u00a0: <\/b><span style=\"font-weight: 400;\">Les entreprises peuvent \u00e9galement utiliser des m\u00e9thodes qualitatives en ligne pour recueillir les commentaires des employ\u00e9s, am\u00e9liorant ainsi les processus internes et l&#039;environnement de travail.<\/span><\/p>\n\n\n\n<p><b>\u2022 Informations sur la gestion de crise\u00a0: <\/b>In times of crisis, online <a href=\"https:\/\/www.sisinternational.com\/fr\/competence\/les-industries\/etude-de-marche-sur-les-maillots-de-bain\/\" title=\"\u00c9tude de march\u00e9 sur les maillots de bain\"  data-wpil-monitor-id=\"4542\">research can provide rapid insights into market<\/a> reactions and consumer sentiments, enabling quicker and more effective response strategies.<\/span><\/p>\n\n\n\n<p><b>\u2022 \u00c9tablissement de relations \u00e0 long terme\u00a0:<\/b><span style=\"font-weight: 400;\"> Engaging customers and stakeholders in ongoing research can help build long-term relationships and <a href=\"https:\/\/www.sisinternational.com\/fr\/recherche-qualitative-en-chine\/\" title=\"Recherche qualitative en Chine\"  data-wpil-monitor-id=\"2197\">brand<\/a> loyalty.<\/span><\/p>\n\n\n\n<h2 class=\"wp-block-heading\"><strong>D\u00e9fis de la recherche qualitative en ligne<\/strong><\/h2>\n\n\n\n<p><span style=\"font-weight: 400;\">La recherche qualitative en ligne, si elle offre de nombreux avantages, pr\u00e9sente \u00e9galement plusieurs d\u00e9fis pour les entreprises :<\/span><\/p>\n\n\n\n<p><b>\u2022 Fracture num\u00e9rique et probl\u00e8mes d&#039;accessibilit\u00e9\u00a0: <\/b><span style=\"font-weight: 400;\">Not all target audiences may have equal access to digital platforms or the Internet. If certain demographics are underrepresented, this can lead to skewed results.<\/span><\/p>\n\n\n\n<p><b>\u2022 Taux d&#039;engagement et de participation\u00a0:<\/b><span style=\"font-weight: 400;\"> Maintaining participant engagement online can be challenging. There&#8217;s also a risk of higher dropout rates in online studies compared to face-to-face interactions.<\/span><\/p>\n\n\n\n<p><b>\u2022 Indices non verbaux et profondeur des donn\u00e9es\u00a0: <\/b><span style=\"font-weight: 400;\">Online interactions may lack the richness of non-verbal cues in face-to-face interviews, potentially impacting the depth and quality of data collected.<\/span><\/p>\n\n\n\n<p><b>\u2022 D\u00e9fis techniques et fiabilit\u00e9\u00a0: <\/b><span style=\"font-weight: 400;\">Des probl\u00e8mes techniques tels qu\u2019une mauvaise connectivit\u00e9 Internet, des probl\u00e8mes logiciels ou une m\u00e9connaissance des outils num\u00e9riques peuvent affecter la qualit\u00e9 et la coh\u00e9rence des r\u00e9sultats de la recherche.<\/span><\/p>\n\n\n\n<p><b>\u2022 Authenticit\u00e9 et honn\u00eatet\u00e9 des participants\u00a0: <\/b><span style=\"font-weight: 400;\">Ensuring participants&#8217; authenticity and responses is more challenging online, as the lack of physical presence can encourage dishonesty or misrepresentation.<\/span><\/p>\n\n\n\n<p><b>\u2022 Barri\u00e8res culturelles et linguistiques\u00a0: <\/b><span style=\"font-weight: 400;\">When researching different countries and cultures, linguistic and cultural barriers can be more pronounced, affecting communication and understanding.<\/span><\/p>\n\n\n\n<p><b>\u2022 \u00c9tablir des relations\u00a0: <\/b><span style=\"font-weight: 400;\">\u00c9tablir des relations et un climat de confiance avec les participants peut \u00eatre plus difficile en ligne, ce qui peut avoir un impact sur la qualit\u00e9 des interactions et des donn\u00e9es collect\u00e9es.<\/span><\/p>\n\n\n\n<h2 class=\"wp-block-heading\">Notre emplacement \u00e0 New York<\/h2>\n\n\n\n<p>\n\n\n\n<iframe loading=\"lazy\" src=\"https:\/\/www.google.com\/maps\/embed?pb=!1m18!1m12!1m3!1d3022.976188376966!2d-73.99130312499956!3d40.740549471389315!2m3!1f0!2f0!3f0!3m2!1i1024!2i768!4f13.1!3m3!1m2!1s0x89c259a15798c731%3A0xd695d09bdd495f25!2s11%20E%2022nd%20St%20FL%202%2C%20New%20York%2C%20NY%2010010%2C%20USA!5e0!3m2!1sen!2spe!4v1726171763526!5m2!1sen!2spe\" width=\"600\" height=\"450\" allowfullscreen=\"allowfullscreen\" data-mce-fragment=\"1\"><\/iframe>\n\n\n\n<\/p>\n\n\n\n<h3 class=\"wp-block-heading\">11 E 22nd Street, \u00e9tage 2, New York, NY 10010 T\u00e9l. : +1(212) 505-6805<\/h3>\n\n\n\n<p><\/p>\n\n\n\n<h2 class=\"wp-block-heading\"><span style=\"font-weight: 400;\">\u00c0 propos de SIS International<\/span><\/h2>\n\n\n\n<p><a href=\"https:\/\/www.sisinternational.com\/fr\/\"><span style=\"font-weight: 400;\">SIS International<\/span><\/a><span style=\"font-weight: 400;\"> propose des recherches quantitatives, qualitatives et strat\u00e9giques. Nous fournissons des donn\u00e9es, des outils, des strat\u00e9gies, des rapports et des informations pour la prise de d\u00e9cision. Nous menons \u00e9galement des entretiens, des enqu\u00eates, des groupes de discussion et d\u2019autres m\u00e9thodes et approches d\u2019\u00e9tudes de march\u00e9.<\/span><a href=\"https:\/\/www.sisinternational.com\/fr\/a-propos-de-la-recherche-internationale-sis\/contact-sis-international-market-research\/\"><span style=\"font-weight: 400;\"> Contactez nous<\/span><\/a><span style=\"font-weight: 400;\"> pour votre prochain projet d&#039;\u00e9tude de march\u00e9.<\/span><\/p>\n\n\n\n<p><\/p>","protected":false},"excerpt":{"rendered":"<p>Vos clients passent plus de temps en ligne. D\u00e9couvrez de nouvelles informations sur les clients pour am\u00e9liorer les performances de votre entreprise.<\/p>","protected":false},"author":1,"featured_media":63025,"parent":14660,"menu_order":1,"comment_status":"closed","ping_status":"closed","template":"","meta":{"footnotes":""},"class_list":["post-11298","page","type-page","status-publish","has-post-thumbnail"],"_links":{"self":[{"href":"https:\/\/www.sisinternational.com\/fr\/wp-json\/wp\/v2\/pages\/11298","targetHints":{"allow":["GET"]}}],"collection":[{"href":"https:\/\/www.sisinternational.com\/fr\/wp-json\/wp\/v2\/pages"}],"about":[{"href":"https:\/\/www.sisinternational.com\/fr\/wp-json\/wp\/v2\/types\/page"}],"author":[{"embeddable":true,"href":"https:\/\/www.sisinternational.com\/fr\/wp-json\/wp\/v2\/users\/1"}],"replies":[{"embeddable":true,"href":"https:\/\/www.sisinternational.com\/fr\/wp-json\/wp\/v2\/comments?post=11298"}],"version-history":[{"count":11,"href":"https:\/\/www.sisinternational.com\/fr\/wp-json\/wp\/v2\/pages\/11298\/revisions"}],"predecessor-version":[{"id":80042,"href":"https:\/\/www.sisinternational.com\/fr\/wp-json\/wp\/v2\/pages\/11298\/revisions\/80042"}],"up":[{"embeddable":true,"href":"https:\/\/www.sisinternational.com\/fr\/wp-json\/wp\/v2\/pages\/14660"}],"wp:featuredmedia":[{"embeddable":true,"href":"https:\/\/www.sisinternational.com\/fr\/wp-json\/wp\/v2\/media\/63025"}],"wp:attachment":[{"href":"https:\/\/www.sisinternational.com\/fr\/wp-json\/wp\/v2\/media?parent=11298"}],"curies":[{"name":"wp","href":"https:\/\/api.w.org\/{rel}","templated":true}]}}