{"id":11284,"date":"2014-11-05T01:49:18","date_gmt":"2014-11-05T01:49:18","guid":{"rendered":"https:\/\/www.sisinternational.com\/upgrade\/?page_id=11284"},"modified":"2026-03-13T01:38:16","modified_gmt":"2026-03-13T05:38:16","slug":"voix-du-client","status":"publish","type":"page","link":"https:\/\/www.sisinternational.com\/fr\/voice-of-the-customer-research-page\/voix-du-client\/","title":{"rendered":"Recherche Voix du Client"},"content":{"rendered":"<h1 class=\"wp-block-heading\">Recherche Voix du Client<\/h1>\n\n\n\n<figure class=\"gb-block-image gb-block-image-90c97580\"><img loading=\"lazy\" decoding=\"async\" width=\"1456\" height=\"816\" class=\"gb-image gb-image-90c97580\" src=\"https:\/\/www.sisinternational.com\/wp-content\/uploads\/2025\/08\/Customer-goods-1.jpg\" alt=\"\u00c9tudes de march\u00e9 et strat\u00e9gie internationales SIS\" title=\"Customer goods (1)\" srcset=\"https:\/\/www.sisinternational.com\/wp-content\/uploads\/2025\/08\/Customer-goods-1.jpg 1456w, https:\/\/www.sisinternational.com\/wp-content\/uploads\/2025\/08\/Customer-goods-1-300x168.jpg 300w, https:\/\/www.sisinternational.com\/wp-content\/uploads\/2025\/08\/Customer-goods-1-1024x574.jpg 1024w, https:\/\/www.sisinternational.com\/wp-content\/uploads\/2025\/08\/Customer-goods-1-768x430.jpg 768w, https:\/\/www.sisinternational.com\/wp-content\/uploads\/2025\/08\/Customer-goods-1-18x10.jpg 18w\" sizes=\"auto, (max-width: 1456px) 100vw, 1456px\"><\/figure>\n\n\n\n<p><\/p>\n\n\n\n<hr class=\"wp-block-separator has-alpha-channel-opacity is-style-dots\"\/>\n\n\n\n<h2 class=\"wp-block-heading p1\"><span class=\"s1\">Voix de la recherche client<\/span>&nbsp;d\u00e9couvre les besoins des clients.<\/h2>\n\n\n\n<p class=\"p2\">La technique Voice of Customer Research identifie les d\u00e9sirs et les besoins des clients en les organisant et en les hi\u00e9rarchisant. La recherche est bas\u00e9e sur la mesure dans laquelle ils sont satisfaisants par rapport \u00e0 d&#039;autres choix de produits ou de services.<\/p>\n\n\n\n<p>Ideas generated by VOC research can either improve current products or help develop new ones.\u00a0 As an example, consider air travel and what has been disrupting this industry.\u00a0 Changes allowed for seat location and legroom, fully reclinable seats, and the allowable number. In addition, the fees for carry-on luggage, meals, and snacks, just to name a few. On the other hand, some carriers now provide wi-fi and limited in-flight entertainment for free. VOC played a role in making changes and determining how to price and promote them to maximize overall profits.<\/p>\n\n\n\n<h2 class=\"wp-block-heading p1\">Comment mener un programme Voice of Customer ?<\/h2>\n\n\n\n<p class=\"p1\">Pour capturer les besoins, les pr\u00e9f\u00e9rences, les attentes d&#039;un client et la mani\u00e8re dont ils sont satisfaits, <a href=\"https:\/\/learn.g2.com\/voice-of-the-customer-methodology\" target=\"_blank\" rel=\"noopener\">Etudes COV<\/a> impliquent g\u00e9n\u00e9ralement des \u00e9tapes de recherche qualitatives et quantitatives. Elles sont g\u00e9n\u00e9ralement men\u00e9es au d\u00e9but de toute initiative de conception de nouveaux produits, processus ou services. Les \u00e9tudes aident les entreprises \u00e0 mieux comprendre et \u00e0 r\u00e9fl\u00e9chir \u00e0 ce que les clients d\u00e9sirent le plus.<\/p>\n\n\n\n<p class=\"p1\">Si les ressources le permettent, incluez certains non-clients\/prospects dans ce programme, car leur voix peut sugg\u00e9rer des exigences suppl\u00e9mentaires.<\/p>\n\n\n\n<h2 class=\"wp-block-heading p1\">Utiliser des m\u00e9thodes qualitatives et quantitatives<\/h2>\n\n\n\n<p><a href=\"https:\/\/www.sisinternational.com\/fr\/sampling-techniques-in-qualitative-research-the-complete-guide-to-choosing-the-right-method\/\" title=\"Sampling Techniques in Qualitative Research: The Complete Guide to Choosing the Right Method\" data-wpil-monitor-id=\"9071\">Qualitative Research methods<\/a> help to fine-tune or generate lists of ideas or product features and their perceived benefits. They reach larger target audiences via <a href=\"https:\/\/www.sisinternational.com\/fr\/solutions\/solutions-de-recherche-qualitative-et-quantitative\/quantitative-online-surveys\/\" title=\"Quantitative Online Surveys\" data-wpil-monitor-id=\"9073\">quantitative surveys conducted online<\/a>, by email, or by telephone surveys. The greater number of individuals reached who participate in the surveys can provide more confidence in making key decisions.<\/p>\n\n\n\n<p class=\"p1\">Two commonly used Qualitative Research methods are <a href=\"https:\/\/www.sisinternational.com\/fr\/solutions\/groupes-de-discussion\/focus-group-on-personal-care-products\/\" title=\"Focus Group on Personal Care Products\" data-wpil-monitor-id=\"9075\">personal In-Depth Interviews and Focus Groups<\/a>. Individuals representing the target <a href=\"https:\/\/www.sisinternational.com\/fr\/competence\/les-industries\/etude-de-marche-sur-le-recrutement-b2b\/\" title=\"\u00c9tude de march\u00e9 sur le recrutement B2B\" data-wpil-monitor-id=\"9079\">market may be screened and recruited<\/a> either for a personal interview or a Focus Group.<\/p>\n\n\n\n<p class=\"p1\"><strong>Entretiens approfondis<\/strong><\/p>\n\n\n\n<p class=\"p1\">Les entretiens individuels men\u00e9s en personne ou par t\u00e9l\u00e9phone durent de 15 minutes \u00e0 une heure. Ils peuvent les utiliser pour approfondir les r\u00e9ponses. Les programmes VOC b\u00e9n\u00e9ficient des commentaires de la force de vente, du service client ou de toute autre personne en contact direct avec les clients.<\/p>\n\n\n\n<p><strong>Groupes de discussion<\/strong><\/p>\n\n\n\n<p class=\"p1\">A Focus Group, which typically runs 90 minutes up to 2 hours, allows for interaction and discussion of concepts and their trade-offs amongst participants.<\/p>\n\n\n\n<p class=\"p1\"><strong>Recherche sur les r\u00e9seaux sociaux<\/strong><\/p>\n\n\n\n<p class=\"p1\">Les commentaires sur les produits sur les r\u00e9seaux sociaux arrivent tout le temps. \u00catre capable d&#039;exploiter les discussions, les commentaires, les \u00e9valuations et les critiques peut \u00eatre un moyen extr\u00eamement utile d&#039;obtenir des r\u00e9actions imm\u00e9diates \u00e0 ce que pensent les clients.<\/p>\n\n\n\n<p class=\"p1\">Ideally, companies need a single, organized system that collects and analyzes all Voice of Customer input.<\/p>\n\n\n\n<h2 class=\"wp-block-heading p1\">Comment VOC peut aider votre entreprise<\/h2>\n\n\n\n<p class=\"p1\"><a href=\"https:\/\/www.sisinternational.com\/fr\/competence\/les-industries\/etude-de-marche-sur-les-boissons-alimentaires-et-la-voix-du-client\/\" title=\"\u00c9tude de march\u00e9 sur la voix du client dans le secteur des aliments et des boissons\" data-wpil-monitor-id=\"9077\">Voice of Customer research<\/a> can help a company to keep up with changing customer needs as well as monitor competitive initiatives that may be a threat.<\/p>\n\n\n\n<p class=\"p1\">En \u00e9coutant ce que disent vos clients et prospects, votre entreprise sera mieux pr\u00e9par\u00e9e \u00e0 <span class=\"s1\">agir plut\u00f4t que r\u00e9agir<\/span>.<\/p>\n\n\n\n<p class=\"p1\">Experienced in VOC, SIS International works with and guides designers, engineers, IT, and marketing resources to incorporate and translate the Voice of <a href=\"https:\/\/www.sisinternational.com\/fr\/ameliorer-la-relation-client\/\" title=\"Comment am\u00e9liorer la satisfaction client et ravir les clients insatisfaits\" data-wpil-monitor-id=\"9083\">Customer information into new or improved<\/a> products.<\/p>\n\n\n\n<p class=\"p1\">Suppose your <a href=\"https:\/\/www.sisinternational.com\/fr\/solutions\/test-de-gout\/services-de-test-de-produits-a-new-york\/\" title=\"Services de test de produits \u00e0 New York\" data-wpil-monitor-id=\"9084\">products or services<\/a> have the highest overall level of desired features and qualities. In that case, your company will have the opportunity to keep existing customers satisfied while growing <a href=\"https:\/\/www.sisinternational.com\/fr\/solutions\/solutions-de-branding-et-de-recherche-client\/etude-de-marche-sur-le-positionnement-de-la-marque\/\" title=\"\u00c9tude de march\u00e9 sur le positionnement de la marque\" data-wpil-monitor-id=\"9081\">market share via positive<\/a> word of mouth and recommendations.<\/p>\n\n\n\n<p class=\"p1\">Tant que vous \u00e9coutez la voix de vos clients, que vous vous adaptez et innovez en cons\u00e9quence, votre entreprise r\u00e9ussira.<\/p>\n\n\n\n<p><\/p>","protected":false},"excerpt":{"rendered":"<p>Voice of the Customer Research vous aide \u00e0 cr\u00e9er de meilleurs produits et \u00e0 am\u00e9liorer les performances de votre entreprise. <\/p>","protected":false},"author":1,"featured_media":64757,"parent":84547,"menu_order":0,"comment_status":"closed","ping_status":"closed","template":"","meta":{"footnotes":""},"class_list":["post-11284","page","type-page","status-publish","has-post-thumbnail"],"_links":{"self":[{"href":"https:\/\/www.sisinternational.com\/fr\/wp-json\/wp\/v2\/pages\/11284","targetHints":{"allow":["GET"]}}],"collection":[{"href":"https:\/\/www.sisinternational.com\/fr\/wp-json\/wp\/v2\/pages"}],"about":[{"href":"https:\/\/www.sisinternational.com\/fr\/wp-json\/wp\/v2\/types\/page"}],"author":[{"embeddable":true,"href":"https:\/\/www.sisinternational.com\/fr\/wp-json\/wp\/v2\/users\/1"}],"replies":[{"embeddable":true,"href":"https:\/\/www.sisinternational.com\/fr\/wp-json\/wp\/v2\/comments?post=11284"}],"version-history":[{"count":4,"href":"https:\/\/www.sisinternational.com\/fr\/wp-json\/wp\/v2\/pages\/11284\/revisions"}],"predecessor-version":[{"id":81520,"href":"https:\/\/www.sisinternational.com\/fr\/wp-json\/wp\/v2\/pages\/11284\/revisions\/81520"}],"up":[{"embeddable":true,"href":"https:\/\/www.sisinternational.com\/fr\/wp-json\/wp\/v2\/pages\/84547"}],"wp:featuredmedia":[{"embeddable":true,"href":"https:\/\/www.sisinternational.com\/fr\/wp-json\/wp\/v2\/media\/64757"}],"wp:attachment":[{"href":"https:\/\/www.sisinternational.com\/fr\/wp-json\/wp\/v2\/media?parent=11284"}],"curies":[{"name":"wp","href":"https:\/\/api.w.org\/{rel}","templated":true}]}}