{"id":11123,"date":"2014-11-01T16:15:59","date_gmt":"2014-11-01T16:15:59","guid":{"rendered":"https:\/\/www.sisinternational.com\/upgrade\/?page_id=11123"},"modified":"2026-01-26T18:12:33","modified_gmt":"2026-01-26T23:12:33","slug":"ethnographie","status":"publish","type":"page","link":"https:\/\/www.sisinternational.com\/fr\/solutions\/solutions-de-recherche-qualitative-et-quantitative\/ethnographie\/","title":{"rendered":"\u00c9tude de march\u00e9 sur l\u2019ethnographie"},"content":{"rendered":"<h1 class=\"wp-block-heading\"><span class=\"s1\">\u00c9tude de march\u00e9 sur l\u2019ethnographie<\/span><\/h1>\n\n\n\n<figure class=\"gb-block-image gb-block-image-63d83034\"><img loading=\"lazy\" decoding=\"async\" width=\"1456\" height=\"816\" class=\"gb-image gb-image-63d83034\" src=\"https:\/\/www.sisinternational.com\/wp-content\/uploads\/2025\/09\/Etnography-market-research-3-1.jpg\" alt=\"\u00c9tudes de march\u00e9 et strat\u00e9gie internationales SIS\" title=\"Etnography market research (3)\" srcset=\"https:\/\/www.sisinternational.com\/wp-content\/uploads\/2025\/09\/Etnography-market-research-3-1.jpg 1456w, https:\/\/www.sisinternational.com\/wp-content\/uploads\/2025\/09\/Etnography-market-research-3-1-300x168.jpg 300w, https:\/\/www.sisinternational.com\/wp-content\/uploads\/2025\/09\/Etnography-market-research-3-1-1024x574.jpg 1024w, https:\/\/www.sisinternational.com\/wp-content\/uploads\/2025\/09\/Etnography-market-research-3-1-768x430.jpg 768w, https:\/\/www.sisinternational.com\/wp-content\/uploads\/2025\/09\/Etnography-market-research-3-1-18x10.jpg 18w\" sizes=\"auto, (max-width: 1456px) 100vw, 1456px\"><\/figure>\n\n\n\n<blockquote class=\"wp-block-quote is-layout-flow wp-block-quote-is-layout-flow\">\n<p>L&#039;ethnographie est une m\u00e9thode d&#039;\u00e9tude de march\u00e9 qualitative dans laquelle un mod\u00e9rateur et une petite \u00e9quipe de recherche interrogeront un r\u00e9pondant \u00e0 son domicile ou \u00e0 son bureau pour obtenir un aper\u00e7u observationnel de son style de vie et de son comportement quotidien.<\/p>\n<\/blockquote>\n\n\n\n<p>L\u2019importance de comprendre les habitudes des consommateurs pour d\u00e9velopper des strat\u00e9gies marketing efficaces et des produits cr\u00e9atifs devient de plus en plus primordiale \u2013 et les \u00e9tudes de march\u00e9 ethnographiques deviennent une source incontournable.<\/p>\n\n\n\n<p>Cette approche implique que les chercheurs s&#039;immergent dans l&#039;environnement quotidien du client pour examiner et interpr\u00e9ter son comportement. En se rapprochant des clients, les entreprises peuvent obtenir un aper\u00e7u inestimable des influences culturelles et sociales de leurs clients et affiner leurs produits et services.<\/p>\n\n\n\n<h2 class=\"wp-block-heading\">Qu\u2019est-ce que l\u2019\u00e9tude de march\u00e9 ethnographique ?<\/h2>\n\n\n\n<p>L\u2019\u00e9tude de march\u00e9 ethnographique est une m\u00e9thode qualitative et enrichissante visant \u00e0 d\u00e9couvrir les nuances des consommateurs. En utilisant des \u00e9tudes de march\u00e9 ethnographiques, les entreprises peuvent d\u00e9couvrir des comportements, des attitudes, des croyances et des pratiques culturelles qui expliquent pourquoi les consommateurs ach\u00e8tent certains produits ou services. Cela permet aux entreprises d&#039;acqu\u00e9rir des informations inestimables sur la mani\u00e8re dont elles devraient<span class=\"Apple-converted-space\">&nbsp; <\/span>adapter les messages marketing \u00e0 des groupes sp\u00e9cifiques.<\/p>\n\n\n\n<p>Il plonge \u00e9galement dans l&#039;esprit des consommateurs, r\u00e9v\u00e9lant des aspects cach\u00e9s qui ne peuvent pas \u00eatre d\u00e9tect\u00e9s par des enqu\u00eates ou des s\u00e9ances de groupe de discussion typiques.<\/p>\n\n\n\n<p>Pour cette raison, les r\u00e9sultats sont inestimables et peuvent conduire \u00e0 des cr\u00e9ations de produits innovants, \u00e0 des campagnes marketing r\u00e9ussies et \u00e0 des messages de marque encore plus significatifs qui vont directement \u00e0 l&#039;esprit des clients.<\/p>\n\n\n\n<h3 class=\"wp-block-heading\">Importance des \u00e9tudes de march\u00e9 ethnographiques pour comprendre le comportement des consommateurs<\/h3>\n\n\n\n<p><a href=\"https:\/\/www.sisinternational.com\/fr\/competence\/cv-dexperience\/cv-dexperience-en-etudes-ethnographiques\/\" title=\"Exp\u00e9rience d\u2019\u00e9tude de march\u00e9 ethnographique\"  data-wpil-monitor-id=\"6353\">Ethnography market research<\/a> allows researchers to better understand the cultural and social elements that shape consumers&#8217; choices. It enables researchers to view customers&#8217; behaviors in their natural setting \u2013 offering deeper comprehension of consumer preferences.<\/p>\n\n\n\n<p>Par cons\u00e9quent, les entreprises b\u00e9n\u00e9ficient des \u00e9tudes de march\u00e9 ethnographiques et obtiennent un aper\u00e7u des besoins, des d\u00e9sirs, des attitudes, des croyances, des habitudes et des motivations de leur public cible.<\/p>\n\n\n\n<p>These insights are critical for creating new products and tailoring marketing campaigns that truly connect with consumers on an emotional level. Additionally, <a href=\"https:\/\/www.sisinternational.com\/fr\/solutions\/solutions-de-branding-et-de-recherche-client\/recherche-en-video-ethnographie\/\" title=\"Recherche en vid\u00e9o-ethnographie\"  data-wpil-monitor-id=\"6794\">ethnography market research<\/a> lets businesses spot unmet consumer needs, especially, in international markets where culture-driven factors affect sales.<\/p>\n\n\n\n<p>Gr\u00e2ce \u00e0 la recherche observationnelle, les chercheurs peuvent mieux comprendre le comportement naturel des participants en les observant dans leur propre environnement. Cette approche distincte permet de comprendre les r\u00e9ponses spontan\u00e9es et authentiques qui pourraient ne pas \u00eatre identifi\u00e9es dans un environnement de laboratoire structur\u00e9.<\/p>\n\n\n\n<figure class=\"gb-block-image gb-block-image-f178cd1a\"><img loading=\"lazy\" decoding=\"async\" width=\"1456\" height=\"816\" class=\"gb-image gb-image-f178cd1a\" src=\"https:\/\/www.sisinternational.com\/wp-content\/uploads\/2025\/09\/Etnography-market-research-2.jpg\" alt=\"\u00c9tudes de march\u00e9 et strat\u00e9gie internationales SIS\" title=\"Etnography market research (2)\" srcset=\"https:\/\/www.sisinternational.com\/wp-content\/uploads\/2025\/09\/Etnography-market-research-2.jpg 1456w, https:\/\/www.sisinternational.com\/wp-content\/uploads\/2025\/09\/Etnography-market-research-2-300x168.jpg 300w, https:\/\/www.sisinternational.com\/wp-content\/uploads\/2025\/09\/Etnography-market-research-2-1024x574.jpg 1024w, https:\/\/www.sisinternational.com\/wp-content\/uploads\/2025\/09\/Etnography-market-research-2-768x430.jpg 768w, https:\/\/www.sisinternational.com\/wp-content\/uploads\/2025\/09\/Etnography-market-research-2-18x10.jpg 18w\" sizes=\"auto, (max-width: 1456px) 100vw, 1456px\"><\/figure>\n\n\n\n<p><\/p>\n\n\n\n<h3 class=\"wp-block-heading\">Avantages de l\u2019\u00e9tude de march\u00e9 ethnographique<\/h3>\n\n\n\n<p>Cette m\u00e9thodologie offre des avantages cl\u00e9s par rapport aux approches plus traditionnelles de recherche qualitative telles que les groupes de discussion ou les entretiens approfondis qui ont lieu dans un centre de recherche. Lorsqu&#039;un r\u00e9pondant est \u00e9loign\u00e9 de l&#039;environnement dans lequel il interagit normalement avec le sujet de la recherche, il est oblig\u00e9 de fonder ses d\u00e9clarations sur des exp\u00e9riences ant\u00e9rieures, exposant ainsi ses id\u00e9es \u00e0 la faillibilit\u00e9 de la m\u00e9moire humaine et aux influences d&#039;autres opinions du groupe. ou \u00ab pens\u00e9e de groupe \u00bb.<\/p>\n\n\n\n<p><span class=\"s2\">Une approche d&#039;\u00e9tude de march\u00e9 ethnographique \u00e0 domicile offre une vision beaucoup plus claire et holistique de la fa\u00e7on dont un produit s&#039;int\u00e8gre dans le style de vie d&#039;un consommateur. Lorsqu&#039;il m\u00e8ne une ethnographie \u00e0 domicile, un chercheur peut observer de premi\u00e8re main comment un consommateur interagit avec un produit et l&#039;utilise dans le contexte de sa vie pratique et quotidienne, ce qui permet une compr\u00e9hension beaucoup plus nuanc\u00e9e des domaines potentiels d&#039;am\u00e9lioration du produit et une vision globale plus large. appr\u00e9ciation de qui sont r\u00e9ellement les consommateurs cibles. Nous pouvons collecter des \u00ab artefacts \u00bb ou des devoirs avec la permission du consommateur pour acqu\u00e9rir une compr\u00e9hension plus approfondie. Cette m\u00e9thode aide nos clients \u00e0 comprendre le comportement et les croyances du point de vue des clients.<\/span><\/p>\n\n\n\n<p>La v\u00e9ritable valeur de la recherche ethnographique r\u00e9side souvent dans la forme d&#039;une observation subtile du comportement du r\u00e9pondant lors de son interaction avec le sujet de la recherche. Qu\u2019est-ce qui les fait \u00ab s\u2019illuminer \u00bb lorsqu\u2019ils parlent du produit ? Qu\u2019est-ce qui les frustre ? Utilisent-ils le produit \u00e0 des fins qui n\u2019\u00e9taient pas initialement pr\u00e9vues ou con\u00e7ues\u00a0? La recherche ethnographique peut r\u00e9v\u00e9ler les r\u00e9ponses \u00e0 ces questions et, en fin de compte, fournir aux sp\u00e9cialistes du marketing et aux d\u00e9veloppeurs de produits des informations inestimables sur leur base de consommateurs.<\/p>\n\n\n\n<p>Par cons\u00e9quent, avec son large potentiel dans diverses industries, les \u00e9tudes de march\u00e9 ethnographiques offrent de nombreux avantages \u00e0 prendre en compte, notamment\u00a0:<\/p>\n\n\n\n<ul class=\"wp-block-list\">\n<li><b>Compr\u00e9hension approfondie du comportement des consommateurs<\/b>: Gr\u00e2ce aux \u00e9tudes de march\u00e9 ethnographiques, les entreprises peuvent acqu\u00e9rir une compr\u00e9hension plus approfondie des habitudes et des d\u00e9cisions des consommateurs. En examinant de pr\u00e8s les clients dans leur environnement, les chercheurs ont la possibilit\u00e9 d&#039;identifier les motivations derri\u00e8re la fid\u00e9lit\u00e9 \u00e0 la marque ou l&#039;utilisation du produit. Cette forme de collecte de donn\u00e9es aide les entreprises \u00e0 d\u00e9terminer ce qui d\u00e9termine le comportement des clients et comment elles peuvent exploiter ces informations pour am\u00e9liorer leurs efforts de marketing.<\/li>\n\n\n\n<li><b>Conception et d\u00e9veloppement de produits<\/b>: En tirant parti des \u00e9tudes de march\u00e9 ethnographiques, les concepteurs de produits peuvent obtenir des informations pr\u00e9cieuses sur les besoins et les d\u00e9sirs des consommateurs afin de cr\u00e9er des produits \u00e0 la fois conviviaux et esth\u00e9tiquement uniques. Gr\u00e2ce \u00e0 cette m\u00e9thodologie de recherche, les d\u00e9veloppeurs de produits ont une plus grande capacit\u00e9 \u00e0 cr\u00e9er des solutions qui r\u00e9pondent aux attentes des clients. Cette pratique permet un processus de conception plus rationalis\u00e9 qui aboutit \u00e0 des produits intuitifs qui compl\u00e8tent le style de vie des utilisateurs.<\/li>\n\n\n\n<li><b>D\u00e9veloppement de strat\u00e9gie marketing<\/b>: Les entreprises peuvent cr\u00e9er des strat\u00e9gies et des campagnes marketing plus cibl\u00e9es en utilisant des \u00e9tudes de march\u00e9 ethnographiques. Il aide les entreprises \u00e0 comprendre les facteurs culturels et sociaux sous-jacents qui influencent le comportement des consommateurs, et les chercheurs peuvent comprendre comment les clients utilisent les produits et services, am\u00e9liorant ainsi les campagnes marketing.<\/li>\n<\/ul>\n\n\n\n<h3 class=\"wp-block-heading\">Les d\u00e9fis des \u00e9tudes de march\u00e9 ethnographiques<\/h3>\n\n\n\n<p>Though ethnographic market <a href=\"https:\/\/www.sisinternational.com\/fr\/competence\/les-industries\/etude-de-marche-sur-lintention-de-lacheteur\/\" title=\"\u00c9tude de march\u00e9 sur l\u2019intention de l\u2019acheteur\"  data-wpil-monitor-id=\"7154\">recherche<\/a> offers a wealth of knowledge about buyer activities, there are many drawbacks involved with this approach.<\/p>\n\n\n\n<ul class=\"wp-block-list\">\n<li>Les \u00e9tudes de march\u00e9 ethnographiques n\u00e9cessitent d\u2019observer et d\u2019examiner attentivement un \u00e9chantillon repr\u00e9sentatif de participants, ce qui peut restreindre l\u2019extrapolation des r\u00e9sultats. Par cons\u00e9quent, les chercheurs doivent veiller \u00e0 ne pas faire d\u2019affirmations sur une population \u00e9tendue sur la base d\u2019un \u00e9chantillon insignifiant.<\/li>\n\n\n\n<li>Cela n\u00e9cessite un investissement intensif en temps et en ressources. Pour vraiment comprendre les exp\u00e9riences des participants, les chercheurs doivent les observer dans leur environnement naturel \u2013 un processus qui peut \u00eatre long et co\u00fbteux.<\/li>\n\n\n\n<li>Dans certaines circonstances, obtenir le consentement des participants peut s\u2019av\u00e9rer difficile. Ils ne souhaitent peut-\u00eatre pas qu\u2019un chercheur les observe dans leur environnement ou se sentent mal \u00e0 l\u2019aise de r\u00e9v\u00e9ler des d\u00e9tails priv\u00e9s.<\/li>\n\n\n\n<li>Les \u00e9tudes de march\u00e9 ethnographiques n\u00e9cessitent un examen prudent des perspectives personnelles du chercheur et de ses pr\u00e9jug\u00e9s potentiels. Cela d\u00e9pend fortement de la mani\u00e8re dont les informations sont interpr\u00e9t\u00e9es, et les observateurs doivent faire particuli\u00e8rement attention \u00e0 ne pas permettre \u00e0 leurs propres opinions de d\u00e9former les donn\u00e9es recueillies.<\/li>\n\n\n\n<li>Les \u00e9tudes de march\u00e9 ethnographiques peuvent produire de grandes quantit\u00e9s de donn\u00e9es. Cependant, il est essentiel d\u2019analyser les informations avec exactitude et pr\u00e9cision pour garantir l\u2019exactitude des r\u00e9sultats.<\/li>\n<\/ul>\n\n\n\n<h4 class=\"wp-block-heading\">\u00c0 propos des \u00e9tudes de march\u00e9 sur l\u2019ethnographie SIS<\/h4>\n\n\n\n<p>SIS est une soci\u00e9t\u00e9 leader en \u00e9tudes de march\u00e9. Nous fournissons des \u00e9tudes de march\u00e9 ethnographiques dans le monde entier. Nous effectuons :<\/p>\n\n\n\n<ul class=\"wp-block-list\">\n<li><strong>Ethnographie \u00e0 domicile<\/strong><\/li>\n\n\n\n<li><strong>Ethnographie en magasin<\/strong><\/li>\n\n\n\n<li><strong>Ethnographie en cabinet<\/strong><\/li>\n\n\n\n<li><strong>Ethnographie embarqu\u00e9e<\/strong><\/li>\n\n\n\n<li><strong>Ethnographie mobile et en ligne<\/strong><\/li>\n<\/ul>\n\n\n\n<p>Nous disposons de capacit\u00e9s aux \u00c9tats-Unis, en Europe, en Chine et en Asie. Notre diff\u00e9renciation r\u00e9side dans notre qualit\u00e9 d&#039;information, notre couverture du march\u00e9 mondial, nos entretiens multilingues, notre service client 24 heures sur 24 et nos vastes capacit\u00e9s d&#039;analyse qualitative.<\/p>\n\n\n\n<p>SIS International propose des recherches quantitatives, qualitatives et strat\u00e9giques. Nous fournissons des donn\u00e9es, des outils, des strat\u00e9gies, des rapports et des informations pour la prise de d\u00e9cision. Nous menons des entretiens, des enqu\u00eates, des groupes de discussion et de nombreuses autres m\u00e9thodes et approches d&#039;\u00e9tudes de march\u00e9. Contactez-nous pour votre prochain projet d&#039;\u00e9tude de march\u00e9.<\/p>\n\n\n\n<p><\/p>","protected":false},"excerpt":{"rendered":"<p>Les \u00e9tudes de march\u00e9 ethnographiques r\u00e9v\u00e8lent des informations sur les clients et leur comportement. Nous effectuons des ethnographies de maisons, de magasins et de bureaux dans le monde entier. Apprendre encore plus.<\/p>","protected":false},"author":1,"featured_media":67284,"parent":14660,"menu_order":0,"comment_status":"closed","ping_status":"closed","template":"","meta":{"footnotes":""},"class_list":["post-11123","page","type-page","status-publish","has-post-thumbnail"],"_links":{"self":[{"href":"https:\/\/www.sisinternational.com\/fr\/wp-json\/wp\/v2\/pages\/11123","targetHints":{"allow":["GET"]}}],"collection":[{"href":"https:\/\/www.sisinternational.com\/fr\/wp-json\/wp\/v2\/pages"}],"about":[{"href":"https:\/\/www.sisinternational.com\/fr\/wp-json\/wp\/v2\/types\/page"}],"author":[{"embeddable":true,"href":"https:\/\/www.sisinternational.com\/fr\/wp-json\/wp\/v2\/users\/1"}],"replies":[{"embeddable":true,"href":"https:\/\/www.sisinternational.com\/fr\/wp-json\/wp\/v2\/comments?post=11123"}],"version-history":[{"count":8,"href":"https:\/\/www.sisinternational.com\/fr\/wp-json\/wp\/v2\/pages\/11123\/revisions"}],"predecessor-version":[{"id":80716,"href":"https:\/\/www.sisinternational.com\/fr\/wp-json\/wp\/v2\/pages\/11123\/revisions\/80716"}],"up":[{"embeddable":true,"href":"https:\/\/www.sisinternational.com\/fr\/wp-json\/wp\/v2\/pages\/14660"}],"wp:featuredmedia":[{"embeddable":true,"href":"https:\/\/www.sisinternational.com\/fr\/wp-json\/wp\/v2\/media\/67284"}],"wp:attachment":[{"href":"https:\/\/www.sisinternational.com\/fr\/wp-json\/wp\/v2\/media?parent=11123"}],"curies":[{"name":"wp","href":"https:\/\/api.w.org\/{rel}","templated":true}]}}