{"id":59635,"date":"2025-06-16T06:40:36","date_gmt":"2025-06-16T10:40:36","guid":{"rendered":"https:\/\/www.sisinternational.com\/?page_id=59635"},"modified":"2025-06-16T06:50:51","modified_gmt":"2025-06-16T10:50:51","slug":"alerta-de-fraude","status":"publish","type":"page","link":"https:\/\/www.sisinternational.com\/es\/declaracion-de-privacidad\/alerta-de-fraude\/","title":{"rendered":"ALERTA DE FRAUDE"},"content":{"rendered":"<h2 class=\"wp-block-heading\">ALERTA DE FRAUDE \u2013 CUIDADO CON PLATAFORMA FALSA<\/h2>\n\n\n\n<p>SIS International Research <strong>NO tiene ninguna relaci\u00f3n con<\/strong> el sitio <strong>www.sispesquisas.com<\/strong>Esta plataforma es un fraude que utiliza indebidamente nuestro nombre para cometer estafas, cobrando tarifas falsas y enga\u00f1ando a las personas.<\/p>\n\n\n\n<p>Importante: <strong>Nosotros NO cobramos<\/strong> ning\u00fan tipo de cuota para que las personas participen en nuestras investigaciones de mercado. Cualquier solicitud de pago es completamente falsa y una se\u00f1al de intento de estafa.<\/p>\n\n\n\n<p><strong>NO compartas <\/strong>tu informaci\u00f3n personal, n\u00famero de WhatsApp, CURP, datos bancarios ni realices pagos a trav\u00e9s de esa p\u00e1gina fraudulenta.<\/p>\n\n\n\n<p>If you have received messages, emails, or links from www.sistrabajo.com, ignore them and report them immediately to the appropriate authorities.<\/p>\n\n\n\n<p>Para m\u00e1s informaci\u00f3n o para reportar intentos de fraude, comun\u00edcate con nosotros a trav\u00e9s de nuestro correo oficial:\nresearch@sisinternational.com<\/p>\n\n\n\n<p>Prot\u00e9gete. No caigas\u00a0en\u00a0enga\u00f1os.<\/p>\n\n\n\n<p><\/p>","protected":false},"excerpt":{"rendered":"<p>SCAM ALERT \u2013 BEWARE OF FAKE PLATFORMS SIS International Research has NO connection with the website www.sispesquisas.com. This platform is a fraud that uses our name to commit financial scams, charging illegitimate fees and deceiving people. Attention: We do NOT charge any fees for people to participate in our market research. Any charges are false &#8230; <a title=\"ALERTA DE FRAUDE\" class=\"read-more\" href=\"https:\/\/www.sisinternational.com\/es\/declaracion-de-privacidad\/alerta-de-fraude\/\" aria-label=\"Leer m\u00e1s sobre Scam Alerts\">Leer m\u00e1s<\/a><\/p>","protected":false},"author":1,"featured_media":0,"parent":11750,"menu_order":0,"comment_status":"closed","ping_status":"closed","template":"","meta":{"footnotes":""},"class_list":["post-59635","page","type-page","status-publish"],"_links":{"self":[{"href":"https:\/\/www.sisinternational.com\/es\/wp-json\/wp\/v2\/pages\/59635","targetHints":{"allow":["GET"]}}],"collection":[{"href":"https:\/\/www.sisinternational.com\/es\/wp-json\/wp\/v2\/pages"}],"about":[{"href":"https:\/\/www.sisinternational.com\/es\/wp-json\/wp\/v2\/types\/page"}],"author":[{"embeddable":true,"href":"https:\/\/www.sisinternational.com\/es\/wp-json\/wp\/v2\/users\/1"}],"replies":[{"embeddable":true,"href":"https:\/\/www.sisinternational.com\/es\/wp-json\/wp\/v2\/comments?post=59635"}],"version-history":[{"count":3,"href":"https:\/\/www.sisinternational.com\/es\/wp-json\/wp\/v2\/pages\/59635\/revisions"}],"predecessor-version":[{"id":59641,"href":"https:\/\/www.sisinternational.com\/es\/wp-json\/wp\/v2\/pages\/59635\/revisions\/59641"}],"up":[{"embeddable":true,"href":"https:\/\/www.sisinternational.com\/es\/wp-json\/wp\/v2\/pages\/11750"}],"wp:attachment":[{"href":"https:\/\/www.sisinternational.com\/es\/wp-json\/wp\/v2\/media?parent=59635"}],"curies":[{"name":"wp","href":"https:\/\/api.w.org\/{rel}","templated":true}]}}