{"id":54508,"date":"2024-12-04T05:24:02","date_gmt":"2024-12-04T10:24:02","guid":{"rendered":"https:\/\/www.sisinternational.com\/?page_id=54508"},"modified":"2026-01-24T20:52:37","modified_gmt":"2026-01-25T01:52:37","slug":"mock-jury-market-research-3","status":"publish","type":"page","link":"https:\/\/www.sisinternational.com\/es\/soluciones\/legal-market-research\/mock-jury-market-research-3\/","title":{"rendered":"La mejor empresa de investigaci\u00f3n de mercado de jurados simulados"},"content":{"rendered":"<h1 class=\"wp-block-heading\">La mejor empresa de investigaci\u00f3n de mercado de jurados simulados<\/h1>\n\n\n\n<figure class=\"gb-block-image gb-block-image-b36c2504\"><img loading=\"lazy\" decoding=\"async\" width=\"1456\" height=\"816\" class=\"gb-image gb-image-b36c2504\" src=\"https:\/\/www.sisinternational.com\/wp-content\/uploads\/2025\/08\/Mock-Jury-4.jpg\" alt=\"Investigaci\u00f3n y estrategia de mercado internacional de SIS\" title=\"Mock Jury (4)\" srcset=\"https:\/\/www.sisinternational.com\/wp-content\/uploads\/2025\/08\/Mock-Jury-4.jpg 1456w, https:\/\/www.sisinternational.com\/wp-content\/uploads\/2025\/08\/Mock-Jury-4-300x168.jpg 300w, https:\/\/www.sisinternational.com\/wp-content\/uploads\/2025\/08\/Mock-Jury-4-1024x574.jpg 1024w, https:\/\/www.sisinternational.com\/wp-content\/uploads\/2025\/08\/Mock-Jury-4-768x430.jpg 768w, https:\/\/www.sisinternational.com\/wp-content\/uploads\/2025\/08\/Mock-Jury-4-18x10.jpg 18w\" sizes=\"auto, (max-width: 1456px) 100vw, 1456px\"><\/figure>\n\n\n\n<hr class=\"wp-block-separator has-alpha-channel-opacity is-style-dots\"\/>\n\n\n\n<p><\/p>\n\n\n\n<h3 class=\"gb-headline gb-headline-bfa84fa8 gb-headline-text\">\u2026 Esta investigaci\u00f3n hace contribuciones significativas al permitir a los abogados simular sus posibles argumentos antes del tribunal bas\u00e1ndose en datos demogr\u00e1ficos de jurados anteriores.&nbsp;<\/h3>\n\n\n\n<p>\u00bfQu\u00e9 es lo que hace que un caso sea un \u00e9xito o un fracaso? A veces, es la forma en que los jurados ven las pruebas, los argumentos y la presentaci\u00f3n. SIS International es un proveedor l\u00edder de servicios de investigaci\u00f3n de jurados simulados que permiten a los equipos legales desarrollar y probar sus estrategias de manera integral y eficaz. Nos hemos asociado con bufetes de abogados y corporaciones durante a\u00f1os para revelar informaci\u00f3n pr\u00e1ctica que los prepare incluso para los juicios de mayor importancia.<\/p>\n\n\n\n<p>We are a <a href=\"https:\/\/www.sisinternational.com\/es\/empresa-lider-en-estrategias-de-marketing\/\" title=\"Empresa l\u00edder en estrategias de marketing\"  data-wpil-monitor-id=\"988\">top mock jury market research company<\/a> \u2013 and by simulating realistic jury deliberation processes, we offer insights into how you can win hearts and minds with a jury.<\/p>\n\n\n\n<h2 class=\"wp-block-heading\">\u00bfQu\u00e9 es la investigaci\u00f3n de mercado con jurado simulado?<\/h2>\n\n\n\n<figure class=\"gb-block-image gb-block-image-226f9f3f\"><img loading=\"lazy\" decoding=\"async\" width=\"1456\" height=\"816\" class=\"gb-image gb-image-226f9f3f\" src=\"https:\/\/www.sisinternational.com\/wp-content\/uploads\/2025\/08\/Mock-Jury-6.jpg\" alt=\"Investigaci\u00f3n y estrategia de mercado internacional de SIS\" title=\"Mock Jury (6)\" srcset=\"https:\/\/www.sisinternational.com\/wp-content\/uploads\/2025\/08\/Mock-Jury-6.jpg 1456w, https:\/\/www.sisinternational.com\/wp-content\/uploads\/2025\/08\/Mock-Jury-6-300x168.jpg 300w, https:\/\/www.sisinternational.com\/wp-content\/uploads\/2025\/08\/Mock-Jury-6-1024x574.jpg 1024w, https:\/\/www.sisinternational.com\/wp-content\/uploads\/2025\/08\/Mock-Jury-6-768x430.jpg 768w, https:\/\/www.sisinternational.com\/wp-content\/uploads\/2025\/08\/Mock-Jury-6-18x10.jpg 18w\" sizes=\"auto, (max-width: 1456px) 100vw, 1456px\"><\/figure>\n\n\n\n<p><\/p>\n\n\n\n<p>Mock jury <a href=\"https:\/\/www.sisinternational.com\/es\/soluciones\/legal-market-research\/\" title=\"Legal Market Research\"  data-wpil-monitor-id=\"2957\">market research provides legal<\/a> teams and businesses with a roadmap for success by allowing them to course-correct before they ever stand before a real jury.&nbsp;<\/p>\n\n\n\n<p>Reclutamos un grupo de personas, seleccionadas de manera representativa del jurado real, para realizar observaciones y deliberaciones sobre pruebas, argumentos y presentaciones.&nbsp;<\/p>\n\n\n\n<p>Implica la presentaci\u00f3n de declaraciones iniciales, algunas pruebas clave, testimonios de testigos y alegatos finales. A continuaci\u00f3n, se invita a los participantes a deliberar como lo har\u00edan en un juicio real y a proporcionar comentarios sobre lo que sirvi\u00f3 de base para sus decisiones.&nbsp;<\/p>\n\n\n\n<p>En SIS, contamos con una serie de herramientas de vanguardia (incluidos an\u00e1lisis en tiempo real y entrevistas posteriores a la deliberaci\u00f3n) que nos permiten captar cada matiz de las reacciones de los jurados. Con estos conocimientos, nuestros clientes pueden optimizar sus mensajes, afinar sus argumentos y abordar las vulnerabilidades.<\/p>\n\n\n\n<h2 class=\"wp-block-heading\">La importancia clave del reclutamiento en la investigaci\u00f3n de jurados simulados en la actualidad<\/h2>\n\n\n\n<figure class=\"gb-block-image gb-block-image-2d94f51d\"><img loading=\"lazy\" decoding=\"async\" width=\"1456\" height=\"816\" class=\"gb-image gb-image-2d94f51d\" src=\"https:\/\/www.sisinternational.com\/wp-content\/uploads\/2025\/08\/Mock-Jury-2.jpg\" alt=\"Investigaci\u00f3n y estrategia de mercado internacional de SIS\" title=\"Mock Jury (2)\" srcset=\"https:\/\/www.sisinternational.com\/wp-content\/uploads\/2025\/08\/Mock-Jury-2.jpg 1456w, https:\/\/www.sisinternational.com\/wp-content\/uploads\/2025\/08\/Mock-Jury-2-300x168.jpg 300w, https:\/\/www.sisinternational.com\/wp-content\/uploads\/2025\/08\/Mock-Jury-2-1024x574.jpg 1024w, https:\/\/www.sisinternational.com\/wp-content\/uploads\/2025\/08\/Mock-Jury-2-768x430.jpg 768w, https:\/\/www.sisinternational.com\/wp-content\/uploads\/2025\/08\/Mock-Jury-2-18x10.jpg 18w\" sizes=\"auto, (max-width: 1456px) 100vw, 1456px\"><\/figure>\n\n\n\n<p><\/p>\n\n\n\n<p>Tras haber pasado d\u00e9cadas realizando investigaciones en SIS International Research, puedo decir que la precisi\u00f3n y la fiabilidad de los conocimientos derivados de un jurado simulado dependen completamente de los participantes adecuados. Conseguir jurados que reflejen genuinamente los atributos demogr\u00e1ficos, psicogr\u00e1ficos y geogr\u00e1ficos de la audiencia prevista sigue siendo el principio y el fin de todo lo que determina el \u00e9xito o el fracaso del estudio.<\/p>\n\n\n\n<p>Un buen proceso de selecci\u00f3n debe permitir que el jurado simulado sea lo m\u00e1s parecido posible al jurado real. Si un caso se lleva a juicio en un condado en particular, por ejemplo, es fundamental encontrar panelistas de esa localidad que representen la diversidad cultural, social y econ\u00f3mica de la comunidad en general. Esa representaci\u00f3n es importante porque expone los sesgos, las perspectivas individuales y las tendencias en la toma de decisiones que podr\u00edan manifestarse durante el juicio.<\/p>\n\n\n\n<p>Otro ingrediente clave es la diversidad, no solo en cuanto a etnia y g\u00e9nero, sino tambi\u00e9n en cuanto a perspectivas, profesiones y experiencias de vida. Los jurados reales est\u00e1n compuestos por personas de diferentes \u00e1mbitos sociales, y aprender c\u00f3mo se manifiestan esas diferencias en la sala de deliberaciones aporta algo esencial.&nbsp;<\/p>\n\n\n\n<h2 class=\"wp-block-heading\">Comience a utilizar SIS International Research<\/h2>\n\n\n\n<p>Hacemos que la realizaci\u00f3n de un juicio simulado sea r\u00e1pida, sencilla y colaborativa entre usted y su equipo legal. As\u00ed es como nos aseguramos de que cada proyecto est\u00e9 dise\u00f1ado y ejecutado intencionalmente para cumplir con sus objetivos espec\u00edficos:<\/p>\n\n\n\n<p><strong>Consulta inicial<\/strong><\/p>\n\n\n\n<p>Durante el primer paso, nos comunicamos con su equipo legal para conocer en detalle su caso, como d\u00f3nde se realizar\u00e1 el juicio, los argumentos legales y qu\u00e9 resultado desea. Esta informaci\u00f3n nos ayuda a dise\u00f1ar un estudio de jurado simulado adaptado a sus necesidades espec\u00edficas.<\/p>\n\n\n\n<p><strong>Dise\u00f1o del estudio de investigaci\u00f3n<\/strong><\/p>\n\n\n\n<p>Creamos un plan de investigaci\u00f3n detallado, que incluye la selecci\u00f3n del jurado simulado, c\u00f3mo se presentar\u00e1 el caso, los m\u00e9todos de recopilaci\u00f3n de datos, etc. Nos aseguramos de que el estudio represente los matices de su propio caso y, al mismo tiempo, se asemeje lo m\u00e1s posible a un jurado del mundo real.<\/p>\n\n\n\n<p><strong>Reclutamiento de participantes<\/strong><\/p>\n\n\n\n<p>Utilizando nuestra amplia red de contrataci\u00f3n y nuestra experiencia, reclutamos y seleccionamos a las personas que mejor se ajustan a los perfiles demogr\u00e1ficos y geogr\u00e1ficos del jurado real. Esto garantiza la fiabilidad de la informaci\u00f3n recopilada y su representaci\u00f3n.<\/p>\n\n\n\n<p><strong>Ejecuci\u00f3n del estudio del jurado simulado<\/strong><\/p>\n\n\n\n<p>Realizamos sesiones de jurado simuladas en nuestras instalaciones de \u00faltima generaci\u00f3n con nuestros moderadores expertos para recrear lo m\u00e1s posible el entorno del juicio y evaluar c\u00f3mo responden los jurados a los distintos elementos de los argumentos, las pruebas y las presentaciones. Obtenemos datos a trav\u00e9s de herramientas de retroalimentaci\u00f3n en tiempo real y deliberaciones grabadas.<\/p>\n\n\n\n<h2 class=\"wp-block-heading\">\u00bfQu\u00e9 hace que SIS International sea una de las principales empresas de investigaci\u00f3n de mercado con jurado simulado?<\/h2>\n\n\n\n<figure class=\"gb-block-image gb-block-image-0e7c0ded\"><img decoding=\"async\" class=\"gb-image gb-image-0e7c0ded\" src=\"https:\/\/www.sisinternational.com\/wp-content\/uploads\/2019\/07\/Mock-Jury-Market-Research-Lawyer.jpg\" alt=\"Investigaci\u00f3n del jurado simulado\" title=\"Abogado de Investigaci\u00f3n de Mercado de Jurado Simulado\"\/><\/figure>\n\n\n\n<p><\/p>\n\n\n\n<p>With decades of experience and dedication to excellence, SIS is recognized as one of the industry&#8217;s <a href=\"https:\/\/www.sisinternational.com\/es\/empresa-lider-mundial-en-investigacion-cualitativa\/\" title=\"Empresa l\u00edder mundial en investigaci\u00f3n cualitativa\"  data-wpil-monitor-id=\"1033\">top mock jury market research<\/a> companies\u2026 But what sets us apart? It\u2019s our unique ability to integrate expertise, innovation, and personalized service to create results that exceed expectations.<\/p>\n\n\n<p>\n\n\n<\/p>\n<p style=\"padding-left: 40px;\"><strong>Experiencia inigualable<\/strong><\/p>\n<p style=\"padding-left: 40px;\">\n\n\n\n<\/p>\n<p style=\"padding-left: 40px;\">Despu\u00e9s de m\u00e1s de 40 a\u00f1os en el <a href=\"https:\/\/www.linkedin.com\/pulse\/how-market-research-enables-growth-ruth-stanat-phekf\/\" target=\"_blank\" rel=\"noopener\">investigaci\u00f3n de mercado<\/a> En los mercados donde se llevan a cabo innumerables simulacros de jurados para clientes de todos los tipos y tama\u00f1os, desde compa\u00f1\u00edas de Fortune 500 hasta bufetes de abogados especializados, vimos que el problema era sistem\u00e1tico. Tenemos una experiencia \u00fanica en psicolog\u00eda del jurado y nuestras habilidades son tanto legales como comerciales, por lo que presentamos a nuestros clientes informaci\u00f3n en la que pueden confiar.<\/p>\n<p style=\"padding-left: 40px;\">\n\n\n\n<\/p>\n<p style=\"padding-left: 40px;\"><strong>M\u00e1ster en Globalizaci\u00f3n y Localizaci\u00f3n<\/strong><\/p>\n<p style=\"padding-left: 40px;\">\n\n\n\n<\/p>\n<p style=\"padding-left: 40px;\">Con presencia en m\u00e1s de 135 pa\u00edses, podemos ayudar en casos internacionales que requieren conocimientos transfronterizos. Sin embargo, para los estudios de jurados simulados, reclutamos a un nivel de precisi\u00f3n local que ninguna otra empresa de paneles iguala; reclutamos participantes que reflejan la composici\u00f3n demogr\u00e1fica y geogr\u00e1fica precisa del grupo de jurados deseado.<\/p>\n<p style=\"padding-left: 40px;\">\n\n\n\n<\/p>\n<p style=\"padding-left: 40px;\"><strong>Herramientas y tecnolog\u00eda avanzadas<\/strong><\/p>\n<p style=\"padding-left: 40px;\">\n\n\n\n<\/p>\n<p style=\"padding-left: 40px;\">Nuestros asesores de juicios utilizan herramientas de \u00faltima generaci\u00f3n, como transmisi\u00f3n de video en vivo, an\u00e1lisis en tiempo real y software de mapas de calor, para capturar las respuestas de los jurados. Esto nos permite brindar un an\u00e1lisis objetivo y respaldado por datos de c\u00f3mo se reciben su l\u00f3gica y sus pruebas.<\/p>\n<p style=\"padding-left: 40px;\">\n\n\n\n<\/p>\n<p style=\"padding-left: 40px;\"><strong>Atenci\u00f3n al cliente excepcional<\/strong><\/p>\n<p style=\"padding-left: 40px;\">\n\n\n\n<\/p>\n<p style=\"padding-left: 40px;\"><a href=\"https:\/\/twitter.com\/SISIntlResearch\" target=\"_blank\" rel=\"noopener\">Nuestro equipo<\/a> Trabajamos con usted desde la primera consulta hasta la entrega de informaci\u00f3n y los informes, asegur\u00e1ndonos de que las propuestas se alineen con su estrategia. Muchos de nuestros clientes vuelven a nosotros para m\u00faltiples proyectos; la confiabilidad, la experiencia y el esp\u00edritu colaborativo de nuestro equipo han demostrado ser incomparables.<\/p>\n<p>\n\n\n<\/p>\n<p>\n\n\n<\/p>\n<h2 class=\"wp-block-heading\">Preguntas frecuentes<\/h2>\n<p>\n\n\n\n<\/p>\n<h3 class=\"wp-block-heading\" style=\"padding-left: 40px;\">P: \u00bfQu\u00e9 son las pruebas de usabilidad y cu\u00e1l es su importancia?<\/h3>\n<p style=\"padding-left: 40px;\">\n\n\n\n<\/p>\n<p style=\"padding-left: 40px;\">Su objetivo es detectar cualquier problema de usabilidad, comprender el comportamiento del usuario y obtener informaci\u00f3n sobre la facilidad o dificultad con la que el p\u00fablico objetivo puede interactuar con un producto.<\/p>\n<p style=\"padding-left: 40px;\">\n\n\n\n<\/p>\n<h3 class=\"wp-block-heading\" style=\"padding-left: 40px;\">P: \u00bfC\u00f3mo pueden las pruebas de usabilidad aumentar la satisfacci\u00f3n del cliente?<\/h3>\n<p style=\"padding-left: 40px;\">\n\n\n\n<\/p>\n<p style=\"padding-left: 40px;\">Las pruebas de usabilidad ofrecen comentarios directos de los usuarios finales sobre su experiencia con un producto, lo que ayuda a las empresas a localizar puntos d\u00e9biles, frustraciones y confusi\u00f3n.\u00a0<\/p>\n<p style=\"padding-left: 40px;\">\n\n\n\n<\/p>\n<h3 class=\"wp-block-heading\" style=\"padding-left: 40px;\">P: \u00bfPara qu\u00e9 productos se pueden utilizar las pruebas de usabilidad?<\/h3>\n<p style=\"padding-left: 40px;\">\n\n\n\n<\/p>\n<p style=\"padding-left: 40px;\">Las pruebas de usabilidad son un m\u00e9todo vers\u00e1til que se puede utilizar para distintos tipos de productos y servicios en diferentes industrias. Las pruebas de usabilidad son un paso esencial en casi todos los sectores, desde sitios web y aplicaciones m\u00f3viles hasta bienes f\u00edsicos e interfaces de software, para garantizar que un producto sea f\u00e1cil de usar y operativo.<\/p>\n<p style=\"padding-left: 40px;\">\n\n\n\n<\/p>\n<h3 class=\"wp-block-heading\" style=\"padding-left: 40px;\">P: \u00bfC\u00f3mo obtenemos los resultados correctos de las pruebas de usabilidad?<\/h3>\n<p style=\"padding-left: 40px;\">\n\n\n\n<\/p>\n<p style=\"padding-left: 40px;\">Realice la prueba en una plataforma en la que probablemente obtendr\u00e1 resultados precisos y confiables. SIS International utiliza un largo proceso de verificaci\u00f3n para garantizar la precisi\u00f3n en todas las etapas de la prueba, desde el reclutamiento de personas para que se sometan a la prueba hasta el an\u00e1lisis de los datos en s\u00ed.<\/p>\n<p style=\"padding-left: 40px;\">\n\n\n\n<\/p>\n<p style=\"padding-left: 40px;\">Los participantes se seleccionan de forma que reflejen lo m\u00e1s fielmente posible el grupo objetivo del producto. Despu\u00e9s, se presentan escenarios y tareas realistas que representan a usuarios reales que utilizan el producto en un entorno real. Tomamos los datos de la prueba y realizamos un an\u00e1lisis cualitativo y cuantitativo, en busca de patrones y perspectivas que puedan conducir a mejoras significativas del producto.<\/p>\n<p style=\"padding-left: 40px;\">\n\n\n\n<\/p>\n<p style=\"padding-left: 40px;\">Nuestro equipo de expertos se asegura de que cada sesi\u00f3n de pruebas de usabilidad se lleve a cabo con el menor sesgo posible para que sea precisa y procesable.<\/p>\n<p style=\"padding-left: 40px;\">\n\n\n\n<\/p>\n<h3 class=\"wp-block-heading\" style=\"padding-left: 40px;\">P: \u00bfCu\u00e1l es el impacto de las pruebas de usabilidad en el ROI de mi producto?<\/h3>\n<p style=\"padding-left: 40px;\">\n\n\n\n<\/p>\n<p style=\"padding-left: 40px;\">Las pruebas de usabilidad pueden afectar positivamente de inmediato el retorno de la inversi\u00f3n de su producto al permitir una interacci\u00f3n eficaz con el usuario. Los productos f\u00e1ciles de usar y relevantes generan una mayor participaci\u00f3n, menores tasas de abandono y la mayor lealtad del cliente.<\/p>\n<p style=\"padding-left: 40px;\">\n\n\n\n<\/p>\n<h3 class=\"wp-block-heading\" style=\"padding-left: 40px;\">P: \u00bfC\u00f3mo se procesan los datos de las pruebas de usabilidad?<\/h3>\n<p style=\"padding-left: 40px;\">\n\n\n\n<\/p>\n<p style=\"padding-left: 40px;\">La evaluaci\u00f3n de los datos de las pruebas de usabilidad es tan crucial como la prueba misma. SIS International adopta un enfoque cualitativo-cuantitativo para el an\u00e1lisis: reconoce patrones, realiza un seguimiento de c\u00f3mo interact\u00faan los usuarios con su producto y compara los datos con otras sesiones.<\/p>\n<p style=\"padding-left: 40px;\">\n\n\n\n<\/p>\n<p style=\"padding-left: 40px;\">Luego, creamos informes detallados que muestran hallazgos importantes, detectan problemas de usabilidad y brindan sugerencias pr\u00e1cticas. Nuestra experiencia radica en traducir datos sin procesar en informaci\u00f3n pr\u00e1ctica para mejorar la forma en que nuestros clientes pueden mejorar sus productos en funci\u00f3n del enfoque de dise\u00f1o empleado.<\/p>\n<h2>Nuestra ubicaci\u00f3n de instalaciones en Nueva York<\/h2>\n<p>\n\n\n\n<iframe loading=\"lazy\" src=\"https:\/\/www.google.com\/maps\/embed?pb=!1m18!1m12!1m3!1d3022.976188376966!2d-73.99130312499956!3d40.740549471389315!2m3!1f0!2f0!3f0!3m2!1i1024!2i768!4f13.1!3m3!1m2!1s0x89c259a15798c731%3A0xd695d09bdd495f25!2s11%20E%2022nd%20St%20FL%202%2C%20New%20York%2C%20NY%2010010%2C%20USA!5e0!3m2!1sen!2spe!4v1726171763526!5m2!1sen!2spe\" width=\"600\" height=\"450\" allowfullscreen=\"allowfullscreen\" data-mce-fragment=\"1\"><\/iframe>\n\n\n\n<\/p>\n<h3 class=\"wp-block-heading\">11 E 22nd Street, Piso 2, Nueva York, NY 10010 T: +1(212) 505-6805<\/h3>\n<hr \/>\n<h2><span style=\"font-weight: 400;\">Acerca de SIS Internacional<\/span><\/h2>\n<p><a href=\"https:\/\/www.sisinternational.com\/es\/\"><span style=\"font-weight: 400;\">SIS Internacional<\/span><\/a><span style=\"font-weight: 400;\"> ofrece investigaci\u00f3n cuantitativa, cualitativa y estrat\u00e9gica. Proporcionamos datos, herramientas, estrategias, informes y conocimientos para la toma de decisiones. Tambi\u00e9n realizamos entrevistas, encuestas, grupos focales y otros m\u00e9todos y enfoques de investigaci\u00f3n de mercado.<\/span><a href=\"https:\/\/www.sisinternational.com\/es\/sobre-la-investigacion-internacional-de-sis\/contact-sis-international-market-research\/\"><span style=\"font-weight: 400;\"> P\u00f3ngase en contacto con nosotros<\/span><\/a><span style=\"font-weight: 400;\"> para su pr\u00f3ximo proyecto de Investigaci\u00f3n de Mercado.<\/span><\/p>\n<p>\n\n\n\n<h2 class=\"wp-block-heading\"><\/h2>","protected":false},"excerpt":{"rendered":"<p>Top Mock Jury Market Research Company &#8230; This research makes significant contributions by allowing attorneys to simulate their prospective arguments in advance of court based on data from past juror demographics.&nbsp; What makes or breaks a case? Sometimes it\u2019s how jurors see the evidence, arguments and presentation. SIS International is a leading provider of mock &#8230; <a title=\"La mejor empresa de investigaci\u00f3n de mercado de jurados simulados\" class=\"read-more\" href=\"https:\/\/www.sisinternational.com\/es\/soluciones\/legal-market-research\/mock-jury-market-research-3\/\" aria-label=\"Leer m\u00e1s sobre Top Mock Jury Market Research Company\">Leer m\u00e1s<\/a><\/p>","protected":false},"author":1,"featured_media":64886,"parent":54987,"menu_order":2,"comment_status":"closed","ping_status":"closed","template":"","meta":{"footnotes":""},"class_list":["post-54508","page","type-page","status-publish","has-post-thumbnail"],"_links":{"self":[{"href":"https:\/\/www.sisinternational.com\/es\/wp-json\/wp\/v2\/pages\/54508","targetHints":{"allow":["GET"]}}],"collection":[{"href":"https:\/\/www.sisinternational.com\/es\/wp-json\/wp\/v2\/pages"}],"about":[{"href":"https:\/\/www.sisinternational.com\/es\/wp-json\/wp\/v2\/types\/page"}],"author":[{"embeddable":true,"href":"https:\/\/www.sisinternational.com\/es\/wp-json\/wp\/v2\/users\/1"}],"replies":[{"embeddable":true,"href":"https:\/\/www.sisinternational.com\/es\/wp-json\/wp\/v2\/comments?post=54508"}],"version-history":[{"count":11,"href":"https:\/\/www.sisinternational.com\/es\/wp-json\/wp\/v2\/pages\/54508\/revisions"}],"predecessor-version":[{"id":77283,"href":"https:\/\/www.sisinternational.com\/es\/wp-json\/wp\/v2\/pages\/54508\/revisions\/77283"}],"up":[{"embeddable":true,"href":"https:\/\/www.sisinternational.com\/es\/wp-json\/wp\/v2\/pages\/54987"}],"wp:featuredmedia":[{"embeddable":true,"href":"https:\/\/www.sisinternational.com\/es\/wp-json\/wp\/v2\/media\/64886"}],"wp:attachment":[{"href":"https:\/\/www.sisinternational.com\/es\/wp-json\/wp\/v2\/media?parent=54508"}],"curies":[{"name":"wp","href":"https:\/\/api.w.org\/{rel}","templated":true}]}}